{"id":11244,"date":"2011-01-08T00:00:00","date_gmt":"2011-01-08T00:00:00","guid":{"rendered":"https:\/\/stg.visualarq.com\/download\/update\/"},"modified":"2024-10-09T10:32:19","modified_gmt":"2024-10-09T10:32:19","slug":"update","status":"publish","type":"page","link":"https:\/\/stg.visualarq.com\/de\/download\/update\/","title":{"rendered":"Update"},"content":{"rendered":"\n[et_pb_section fb_built=&#8220;1&#8243; admin_label=&#8220;section&#8220; _builder_version=&#8220;4.16&#8243; da_disable_devices=&#8220;off|off|off&#8220; global_colors_info=&#8220;{}&#8220; da_is_popup=&#8220;off&#8220; da_exit_intent=&#8220;off&#8220; da_has_close=&#8220;on&#8220; da_alt_close=&#8220;off&#8220; da_dark_close=&#8220;off&#8220; da_not_modal=&#8220;on&#8220; da_is_singular=&#8220;off&#8220; da_with_loader=&#8220;off&#8220; da_has_shadow=&#8220;on&#8220;][et_pb_row column_structure=&#8220;1_2,1_2&#8243; padding_mobile=&#8220;off&#8220; column_padding_mobile=&#8220;on&#8220; admin_label=&#8220;Reihe&#8220; _builder_version=&#8220;4.16&#8243; background_size=&#8220;initial&#8220; background_position=&#8220;top_left&#8220; background_repeat=&#8220;repeat&#8220; custom_padding=&#8220;||0px|&#8220; make_fullwidth=&#8220;off&#8220; use_custom_width=&#8220;off&#8220; width_unit=&#8220;on&#8220; global_colors_info=&#8220;{}&#8220;][et_pb_column type=&#8220;1_2&#8243; _builder_version=&#8220;4.16&#8243; custom_padding=&#8220;|||&#8220; global_colors_info=&#8220;{}&#8220; custom_padding__hover=&#8220;|||&#8220;][et_pb_text admin_label=&#8220;T\u00edtulo (con variable)&#8220; _builder_version=&#8220;4.27.2&#8243; background_size=&#8220;initial&#8220; background_position=&#8220;top_left&#8220; background_repeat=&#8220;repeat&#8220; custom_margin=&#8220;||0px|&#8220; border_style=&#8220;solid&#8220; global_colors_info=&#8220;{}&#8220;]<h1>Aktualisierung auf VisualARQ 3.9 herunterladen<\/h1>[\/et_pb_text][et_pb_text _builder_version=&#8220;4.27.2&#8243; background_size=&#8220;initial&#8220; background_position=&#8220;top_left&#8220; background_repeat=&#8220;repeat&#8220; border_style=&#8220;solid&#8220; global_colors_info=&#8220;{}&#8220;]<p>F\u00fcllen Sie bitte das Formular aus, um VisualARQ 3.9 herunterzuladen.<\/p>\r\n<p>Dies ist eine kostenlose Service Release f\u00fcr alle VisualARQ 3-Anwender.<\/p>\r\n<p>Wenn Sie VisualARQ 2 haben, k\u00f6nnen Sie die neueste Version.<strong><a href=\"https:\/\/stg.visualarq.com\/de\/download\/update\/v2\/\">hier herunterladen<\/a><\/strong><\/p>[\/et_pb_text][et_pb_text admin_label=&#8220;Make a wish&#8220; _builder_version=&#8220;4.16&#8243; background_size=&#8220;initial&#8220; background_position=&#8220;top_left&#8220; background_repeat=&#8220;repeat&#8220; custom_margin=&#8220;||0px|&#8220; border_style=&#8220;solid&#8220; global_colors_info=&#8220;{}&#8220;]<h2>W\u00fcnschen Sie sich eine Funktion!<\/h2>[\/et_pb_text][et_pb_text _builder_version=&#8220;4.16&#8243; background_size=&#8220;initial&#8220; background_position=&#8220;top_left&#8220; background_repeat=&#8220;repeat&#8220; border_style=&#8220;solid&#8220; global_colors_info=&#8220;{}&#8220;]Teilen Sie uns mit, was Sie in VisualARQ gerne verbessert haben m\u00f6chten. Erkl\u00e4ren Sie uns Ihre Verwendung und wie wir die Funktionsweise f\u00fcr Sie verbessern k\u00f6nnen. Es dauert nur eine Minute![\/et_pb_text][et_pb_button button_url=&#8220;https:\/\/fz2.asuni.com\/form\/?fz=66&#8243; button_text=&#8220;Erstellen Sie eine Expertise&#8220; _builder_version=&#8220;4.16&#8243; _module_preset=&#8220;default&#8220; global_colors_info=&#8220;{}&#8220;][\/et_pb_button][\/et_pb_column][et_pb_column type=&#8220;1_2&#8243; _builder_version=&#8220;4.16&#8243; custom_padding=&#8220;|||&#8220; global_colors_info=&#8220;{}&#8220; custom_padding__hover=&#8220;|||&#8220;][et_pb_text _builder_version=&#8220;4.27.2&#8243; _module_preset=&#8220;default&#8220; custom_padding=&#8220;20px|36px|20px|40px|false|false&#8220; hover_enabled=&#8220;0&#8243; border_radii=&#8220;on|12px|12px|12px|12px&#8220; border_width_all=&#8220;1px&#8220; border_color_all=&#8220;#d6d6d6&#8243; box_shadow_style=&#8220;preset1&#8243; global_colors_info=&#8220;{}&#8220; sticky_enabled=&#8220;0&#8243;]<div class=\"frm_forms  with_frm_style frm_style_formidable-style\" id=\"frm_form_6_container\" data-token=\"262d86ca88944fe35412c5c622303588\">\n<form enctype=\"multipart\/form-data\" method=\"post\" class=\"frm-show-form  frm_pro_form \" id=\"form_fz78\" data-token=\"262d86ca88944fe35412c5c622303588\">\n<div class=\"frm_form_fields \">\n<fieldset>\n<legend class=\"frm_screen_reader\">Fz78 - VisualARQ3 - Download update<\/legend>\r\n\r\n<div class=\"frm_fields_container\">\n<input type=\"hidden\" name=\"frm_action\" value=\"create\" \/>\n<input type=\"hidden\" name=\"form_id\" value=\"6\" \/>\n<input type=\"hidden\" name=\"frm_hide_fields_6\" id=\"frm_hide_fields_6\" value=\"\" \/>\n<input type=\"hidden\" name=\"form_key\" value=\"fz78\" \/>\n<input type=\"hidden\" name=\"item_meta[0]\" value=\"\" \/>\n<input type=\"hidden\" id=\"frm_submit_entry_6\" name=\"frm_submit_entry_6\" value=\"0d9cf1039c\" \/><input type=\"hidden\" name=\"_wp_http_referer\" value=\"\/de\/wp-json\/wp\/v2\/pages\/11244\" \/>\t\t<input  type=\"hidden\" name=\"item_meta[41]\" id=\"field_idioma78\" value=\"de\"  data-frmval=\"de\"   \/>\n\t\t<div id=\"frm_field_42_container\" class=\"frm_form_field form-field  frm_required_field frm_top_container\">\r\n\t<label for=\"field_name78\" id=\"field_name78_label\" class=\"frm_primary_label\">Name\r\n\t\t<span class=\"frm_required\" aria-hidden=\"true\">*<\/span>\r\n\t<\/label>\r\n\t<input  type=\"text\" id=\"field_name78\" name=\"item_meta[42]\" value=\"\"  style=\"width:300px\" data-reqmsg=\"Name kann nicht leer sein\" aria-required=\"true\" data-invmsg=\"Name-Format ung\u00fcltig\" class=\"auto_width\" aria-invalid=\"false\"   \/>\r\n\t\r\n\t\r\n<\/div>\n<div id=\"frm_field_43_container\" class=\"frm_form_field form-field  frm_required_field frm_top_container\">\r\n\t<label for=\"field_email78\" id=\"field_email78_label\" class=\"frm_primary_label\">E-Mail\r\n\t\t<span class=\"frm_required\" aria-hidden=\"true\">*<\/span>\r\n\t<\/label>\r\n\t<input type=\"email\" id=\"field_email78\" name=\"item_meta[43]\" value=\"\"  autocomplete=\"email\"  style=\"width:300px\" data-reqmsg=\"E-Mail kann nicht leer sein\" aria-required=\"true\" data-invmsg=\"E-Mail-Format ung\u00fcltig\" class=\"auto_width\" aria-invalid=\"false\"  \/>\r\n\t\r\n\t\r\n<\/div>\n<div id=\"frm_field_44_container\" class=\"frm_form_field form-field  frm_required_field frm_top_container\">\r\n\t<label for=\"field_country78\" id=\"field_country78_label\" class=\"frm_primary_label\">Land\r\n\t\t<span class=\"frm_required\" aria-hidden=\"true\">*<\/span>\r\n\t<\/label>\r\n\t\t\t<select name=\"item_meta[44]\" id=\"field_country78\"  data-reqmsg=\"Land kann nicht leer sein\" aria-required=\"true\" data-invmsg=\"Land ist ung\u00fcltig\" class=\"auto_width\" aria-invalid=\"false\"  >\n\t\t<option  value=\"0\"> <\/option><option  value=\"AF\">Afganistan<\/option><option  value=\"EG\">\u00c4gypten<\/option><option  value=\"AL\">Albanien<\/option><option  value=\"DZ\">Algerien<\/option><option  value=\"AD\">Andorra<\/option><option  value=\"AO\">Angola<\/option><option  value=\"AI\">Anguilla<\/option><option  value=\"AQ\">Antarktik<\/option><option  value=\"GQ\">\u00c4quatorialguinea<\/option><option  value=\"AR\">Argentinien<\/option><option  value=\"AM\">Armenien<\/option><option  value=\"AZ\">Aserbaidschan<\/option><option  value=\"ET\">\u00c4thiopien<\/option><option  value=\"AU\">Australien<\/option><option  value=\"BS\">Bahamas<\/option><option  value=\"BH\">Bahrain<\/option><option  value=\"BD\">Bangladesch<\/option><option  value=\"BB\">Barbados<\/option><option  value=\"BE\">Belgien<\/option><option  value=\"BZ\">Belize<\/option><option  value=\"BJ\">Benin<\/option><option  value=\"BM\">Bermuda<\/option><option  value=\"BT\">Bhutan<\/option><option  value=\"BO\">Bolivien<\/option><option  value=\"BA\">Bosnien und Herzegowina<\/option><option  value=\"BW\">Botsuana<\/option><option  value=\"BR\">Brasilien<\/option><option  value=\"BN\">Brunei Darussalam<\/option><option  value=\"BG\">Bulgarien<\/option><option  value=\"BF\">Burkina Faso<\/option><option  value=\"BI\">Burundi<\/option><option  value=\"CL\">Chile<\/option><option  value=\"CN\">China<\/option><option  value=\"CR\">Costa Rica<\/option><option  value=\"DK\">D\u00e4nemark<\/option><option  value=\"DE\">Deutschland<\/option><option  value=\"DM\">Dominica<\/option><option  value=\"DO\">Dominikanische Republik<\/option><option  value=\"DJ\">Dschibuti<\/option><option  value=\"EC\">Ecuador<\/option><option  value=\"SV\">El Salvador<\/option><option  value=\"CI\">Elfenbeink\u00fcste<\/option><option  value=\"ER\">Eritrea<\/option><option  value=\"EE\">Estland<\/option><option  value=\"FO\">F\u00e4r\u00f6er-Inseln<\/option><option  value=\"FJ\">Fidschi<\/option><option  value=\"FI\">Finnland<\/option><option  value=\"FR\">Frankreich<\/option><option  value=\"GF\">Franz\u00f6sisch-Guayana<\/option><option  value=\"PF\">Franz\u00f6sisch-Polynesien<\/option><option  value=\"GA\">Gabun<\/option><option  value=\"GM\">Gambia<\/option><option  value=\"GE\">Georgien<\/option><option  value=\"GH\">Ghana<\/option><option  value=\"GD\">Grenada<\/option><option  value=\"GR\">Griechenland<\/option><option  value=\"GL\">Gr\u00f6nland<\/option><option  value=\"GP\">Guadeloupe<\/option><option  value=\"GT\">Guatemala<\/option><option  value=\"GY\">Guayana<\/option><option  value=\"GN\">Guinea<\/option><option  value=\"GW\">Guinea Bissau<\/option><option  value=\"HT\">Haiti<\/option><option  value=\"HN\">Honduras<\/option><option  value=\"HK\">Hong Kong<\/option><option  value=\"IN\">Indien<\/option><option  value=\"ID\">Indonesien<\/option><option  value=\"IQ\">Irak<\/option><option  value=\"IR\">Iran<\/option><option  value=\"IE\">Irland<\/option><option  value=\"IS\">Island<\/option><option  value=\"IL\">Israel<\/option><option  value=\"IT\">Italien<\/option><option  value=\"JM\">Jamaica<\/option><option  value=\"JP\">Japan<\/option><option  value=\"YE\">Jemen<\/option><option  value=\"JO\">Jordanien<\/option><option  value=\"KH\">Kambodscha<\/option><option  value=\"CM\">Kamerun<\/option><option  value=\"CA\">Kanada<\/option><option  value=\"CV\">Kap Verde<\/option><option  value=\"KZ\">Kasachstan<\/option><option  value=\"KE\">Kenia<\/option><option  value=\"KG\">Kirgisistan<\/option><option  value=\"KI\">Kiribati<\/option><option  value=\"CO\">Kolumbien<\/option><option  value=\"CG\">Kongo<\/option><option  value=\"HR\">Kroatien<\/option><option  value=\"CU\">Kuba<\/option><option  value=\"KW\">Kuwait<\/option><option  value=\"LA\">Laos<\/option><option  value=\"LS\">Lesotho<\/option><option  value=\"LV\">Lettland<\/option><option  value=\"LB\">Libanon<\/option><option  value=\"LR\">Liberia<\/option><option  value=\"LY\">Libyen<\/option><option  value=\"LI\">Liechtenstein<\/option><option  value=\"LT\">Litauen<\/option><option  value=\"LU\">Luxemburg<\/option><option  value=\"MO\">Macau<\/option><option  value=\"MG\">Madagaskar<\/option><option  value=\"MW\">Malawi<\/option><option  value=\"MY\">Malaysia<\/option><option  value=\"MV\">Malediven<\/option><option  value=\"ML\">Mali<\/option><option  value=\"MT\">Malta<\/option><option  value=\"MA\">Marokko<\/option><option  value=\"MQ\">Martinique<\/option><option  value=\"MR\">Mauretanien<\/option><option  value=\"MU\">Mauritius<\/option><option  value=\"MK\">Mazedonien<\/option><option  value=\"MX\">Mexiko<\/option><option  value=\"FM\">Mikronesien<\/option><option  value=\"MD\">Moldawien<\/option><option  value=\"MC\">Monaco<\/option><option  value=\"MN\">Mongolei<\/option><option  value=\"ME\">Montenegro<\/option><option  value=\"MZ\">Mosambik<\/option><option  value=\"NA\">Namibia<\/option><option  value=\"NR\">Nauru<\/option><option  value=\"NP\">Nepal<\/option><option  value=\"NC\">Neukaledonien<\/option><option  value=\"NZ\">Neuseeland<\/option><option  value=\"NI\">Nicaragua<\/option><option  value=\"NL\">Niederlande<\/option><option  value=\"AN\">Niederl\u00e4ndische Antillen<\/option><option  value=\"NE\">Niger<\/option><option  value=\"NG\">Nigeria<\/option><option  value=\"KP\">Nordkorea<\/option><option  value=\"NO\">Norwegen<\/option><option  value=\"OM\">Oman<\/option><option  value=\"TL\">Ost-Timor<\/option><option  value=\"AT\">\u00d6sterreich<\/option><option  value=\"PK\">Pakistan<\/option><option  value=\"PA\">Panama<\/option><option  value=\"PG\">Papua-Neuguinea<\/option><option  value=\"PY\">Paraguay<\/option><option  value=\"PE\">Peru<\/option><option  value=\"PH\">Philippinen<\/option><option  value=\"PL\">Polen<\/option><option  value=\"PT\">Portugal<\/option><option  value=\"PR\">Puerto Rico<\/option><option  value=\"QA\">Qatar<\/option><option  value=\"RE\">Reunion<\/option><option  value=\"RW\">Ruanda<\/option><option  value=\"RO\">Rum\u00e4nien<\/option><option  value=\"RU\">Russische F\u00f6deration<\/option><option  value=\"SH\">Saint Helena<\/option><option  value=\"ZM\">Sambia<\/option><option  value=\"WS\">Samoa<\/option><option  value=\"SM\">San Marino<\/option><option  value=\"ST\">S\u00e3o Tom\u00e9 und Pr\u00edncipe<\/option><option  value=\"SA\">Saudi-Arabien<\/option><option  value=\"SE\">Schweden<\/option><option  value=\"CH\">Schweiz<\/option><option  value=\"SN\">Senegal<\/option><option  value=\"RS\">Serbien<\/option><option  value=\"SC\">Seychellen<\/option><option  value=\"SL\">Sierra Leone<\/option><option  value=\"ZW\">Simbabwe<\/option><option  value=\"SG\">Singapur<\/option><option  value=\"SK\">Slowakei<\/option><option  value=\"SI\">Slowenien<\/option><option  value=\"SO\">Somalia<\/option><option  value=\"ES\">Spanien<\/option><option  value=\"LK\">Sri Lanka<\/option><option  value=\"ZA\">S\u00fcdafrika<\/option><option  value=\"SD\">Sudan<\/option><option  value=\"KR\">S\u00fcdkorea<\/option><option  value=\"SR\">Suriname<\/option><option  value=\"SZ\">Swasiland<\/option><option  value=\"SY\">Syrien<\/option><option  value=\"TJ\">Tadschikistan<\/option><option  value=\"TW\">Taiwan<\/option><option  value=\"TZ\">Tansania<\/option><option  value=\"TH\">Thailand<\/option><option  value=\"TG\">Togo<\/option><option  value=\"TO\">Tonga<\/option><option  value=\"TT\">Trinidad und Tobago<\/option><option  value=\"TD\">Tschad<\/option><option  value=\"CZ\">Tschechische Republik<\/option><option  value=\"TN\">Tunesien<\/option><option  value=\"TR\">T\u00fcrkei<\/option><option  value=\"TM\">Turkmenistan<\/option><option  value=\"TV\">Tuvalu<\/option><option  value=\"UG\">Uganda<\/option><option  value=\"UA\">Ukraine<\/option><option  value=\"HU\">Ungarn<\/option><option  value=\"UY\">Uruguay<\/option><option  value=\"UZ\">Usbekistan<\/option><option  value=\"VE\">Venezuela<\/option><option  value=\"AE\">Vereinigte Arabische Emirate<\/option><option  value=\"US\">Vereinigte Staaten<\/option><option  value=\"GB\">Vereinigtes K\u00f6nigreich<\/option><option  value=\"VN\">Vietnam<\/option><option  value=\"BY\">Weissrussland<\/option><option  value=\"EH\">Westsahara<\/option><option  value=\"CD\">Zaire<\/option><option  value=\"CF\">Zentralafrika<\/option><option  value=\"CY\">Zypern<\/option>\t<\/select>\n\t\r\n\t\r\n\t\r\n<\/div>\n<div id=\"frm_field_45_container\" class=\"frm_form_field form-field  frm_none_container\">\r\n\t<label for=\"g-recaptcha-response\" id=\"field_vjvzg_label\" class=\"frm_primary_label\">Captcha\r\n\t\t<span class=\"frm_required\" aria-hidden=\"true\"><\/span>\r\n\t<\/label>\r\n\t<div  id=\"field_vjvzg\" class=\"frm-g-recaptcha\" data-sitekey=\"6LcUZkIiAAAAAEnYWQIj19x-tFuRxHJko-AjO_gl\" data-size=\"normal\" data-theme=\"light\"><\/div>\r\n\t\r\n\t\r\n<\/div>\n<div id=\"frm_field_40_container\" class=\"frm_form_field form-field \">\r\n\t<div class=\"frm_submit frm_flex\">\r\n<button class=\"frm_button_submit frm_final_submit\" type=\"submit\"   formnovalidate=\"formnovalidate\">Senden<\/button>\r\n\r\n\r\n\r\n<\/div>\r\n<\/div>\n\t<input type=\"hidden\" name=\"item_key\" value=\"\" \/>\n\t\t\t<div id=\"frm_field_50_container\">\n\t\t\t<label for=\"field_ml3hn\" >\n\t\t\t\tFalls Du menschlich bist, lasse dieses Feld leer.\t\t\t<\/label>\n\t\t\t<input  id=\"field_ml3hn\" type=\"text\" class=\"frm_form_field form-field frm_verify\" name=\"item_meta[50]\" value=\"\"  \/>\n\t\t<\/div>\n\t\t<input name=\"frm_state\" type=\"hidden\" value=\"w9rrrXYSD8GHK5fwi07Iu2eKMrRdnJhQmn+EwCA4MeJmtXCar9JeWwqDdrkCKZFo\" \/><\/div>\n<\/fieldset>\n<\/div>\n\n<\/form>\n<\/div>\n[\/et_pb_text][\/et_pb_column][\/et_pb_row][et_pb_row _builder_version=&#8220;4.27.2&#8243; _module_preset=&#8220;default&#8220; global_colors_info=&#8220;{}&#8220;][et_pb_column type=&#8220;4_4&#8243; _builder_version=&#8220;4.27.2&#8243; _module_preset=&#8220;default&#8220; global_colors_info=&#8220;{}&#8220;][et_pb_accordion _builder_version=&#8220;4.27.2&#8243; _module_preset=&#8220;default&#8220; custom_margin=&#8220;||||false|false&#8220; custom_padding=&#8220;||||false|false&#8220; global_colors_info=&#8220;{}&#8220;][et_pb_accordion_item title=&#8220;Hidden&#8220; open=&#8220;on&#8220; _builder_version=&#8220;4.27.2&#8243; _module_preset=&#8220;default&#8220; custom_css_main_element=&#8220;display: none;&#8220; global_colors_info=&#8220;{}&#8220;]<p>Hidden<\/p>[\/et_pb_accordion_item][et_pb_accordion_item title=&#8220;GRUNDLEGENDE INFORMATIONEN ZUM THEMA DATENSCHUTZ&#8220; _builder_version=&#8220;4.27.2&#8243; _module_preset=&#8220;default&#8220; global_colors_info=&#8220;{}&#8220; open=&#8220;off&#8220;]\n<p style=\"font-size:12px\">GRUNDLEGENDE INFORMATIONEN ZUM DATENSCHUTZ: Gem\u00e4\u00df der in der Datenschutzverordnung festgelegten Informationspflicht geben wir Ihnen die folgenden Informationen \u00fcber die Verarbeitung Ihrer pers\u00f6nlichen Daten:<\/p>\n\n<figure class=\"wp-block-table is-style-stripes\" style=\"font-size:12px\"><table><tbody><tr><td>VERANTWORTLICHER<\/td><td>Asuni Soft, SL &#8211; Steuer-ID-Nummer: ESB62897731 &#8211; Anschrift: Roger de Flor 32-34, 08018 &#8211; BARCELONA (SPANIEN)<\/td><\/tr><tr><td>ZWECKE<\/td><td>Bearbeitung und Beantwortung Ihrer Anfrage.<\/td><\/tr><tr><td>RECHTM\u00c4\u00dfIGE GRUNDLAGE<\/td><td>Ihre Zustimmung<\/td><\/tr><tr><td>EMPF\u00c4NGER<\/td><td>Die personenbezogenen Daten werden nicht an Dritte weitergegeben, es sei denn, dies ist gesetzlich vorgeschrieben oder notwendig, um Ihre Anfrage zu beantworten.<\/td><\/tr><tr><td>RECHTE<\/td><td>Sie sind berechtigt, Ihr Recht auf Zugang, Berichtigung, L\u00f6schung, Einschr\u00e4nkung, Daten\u00fcbertragbarkeit und Widerspruch auszu\u00fcben. Au\u00dferdem haben Sie das Recht, eine Beschwerde bei einer Aufsichtsbeh\u00f6rde einzureichen.<\/td><\/tr><tr><td>ZUS\u00c4TZLICHE INFORMATIONEN<\/td><td>Weitere Informationen \u00fcber die Verarbeitung Ihrer personenbezogenen Daten k\u00f6nnen Sie hier einsehen.<\/td><\/tr><\/tbody><\/table><\/figure>\n[\/et_pb_accordion_item][et_pb_accordion_item title=&#8220;Schlie\u00dfen&#8220; open_toggle_background_color=&#8220;RGBA(255,255,255,0)&#8220; closed_toggle_background_color=&#8220;RGBA(255,255,255,0)&#8220; icon_color=&#8220;RGBA(255,255,255,0)&#8220; _builder_version=&#8220;4.27.2&#8243; _module_preset=&#8220;default&#8220; custom_margin=&#8220;0px||||false|false&#8220; custom_padding=&#8220;0px||||false|false&#8220; border_width_all=&#8220;0px&#8220; global_colors_info=&#8220;{}&#8220; toggle_text_color=&#8220;#2191ab&#8220; toggle_level=&#8220;h6&#8243; open=&#8220;off&#8220;][\/et_pb_accordion_item][\/et_pb_accordion][\/et_pb_column][\/et_pb_row][\/et_pb_section]\n","protected":false},"excerpt":{"rendered":"<p>Download eines Updates f\u00fcr VisualARQ<\/p>\n","protected":false},"author":1,"featured_media":0,"parent":11366,"menu_order":2,"comment_status":"closed","ping_status":"closed","template":"","meta":{"_et_pb_use_builder":"on","_et_pb_old_content":"","_et_gb_content_width":"","footnotes":""},"class_list":["post-11244","page","type-page","status-publish","hentry"],"yoast_head":"<!-- This site is optimized with the Yoast SEO plugin v27.3 - https:\/\/yoast.com\/product\/yoast-seo-wordpress\/ -->\n<title>Update - VisualARQ<\/title>\n<meta name=\"robots\" content=\"noindex, follow, max-snippet:-1, max-image-preview:large, max-video-preview:-1\" \/>\n<meta property=\"og:locale\" content=\"de_DE\" \/>\n<meta property=\"og:type\" content=\"article\" \/>\n<meta property=\"og:title\" content=\"Update - VisualARQ\" \/>\n<meta property=\"og:description\" content=\"Download eines Updates f\u00fcr VisualARQ\" \/>\n<meta property=\"og:url\" content=\"https:\/\/stg.visualarq.com\/de\/download\/update\/\" \/>\n<meta property=\"og:site_name\" content=\"VisualARQ\" \/>\n<meta property=\"article:publisher\" content=\"https:\/\/www.facebook.com\/visualarq\" \/>\n<meta property=\"article:modified_time\" content=\"2024-10-09T10:32:19+00:00\" \/>\n<meta name=\"twitter:card\" content=\"summary_large_image\" \/>\n<meta name=\"twitter:site\" content=\"@VisualARQ\" \/>\n<meta name=\"twitter:label1\" content=\"Gesch\u00e4tzte Lesezeit\" \/>\n\t<meta name=\"twitter:data1\" content=\"3\u00a0Minuten\" \/>\n<script type=\"application\/ld+json\" class=\"yoast-schema-graph\">{\"@context\":\"https:\\\/\\\/schema.org\",\"@graph\":[{\"@type\":\"WebPage\",\"@id\":\"https:\\\/\\\/stg.visualarq.com\\\/de\\\/download\\\/update\\\/\",\"url\":\"https:\\\/\\\/stg.visualarq.com\\\/de\\\/download\\\/update\\\/\",\"name\":\"Update - VisualARQ\",\"isPartOf\":{\"@id\":\"https:\\\/\\\/stg.visualarq.com\\\/de\\\/#website\"},\"datePublished\":\"2011-01-08T00:00:00+00:00\",\"dateModified\":\"2024-10-09T10:32:19+00:00\",\"breadcrumb\":{\"@id\":\"https:\\\/\\\/stg.visualarq.com\\\/de\\\/download\\\/update\\\/#breadcrumb\"},\"inLanguage\":\"de\",\"potentialAction\":[{\"@type\":\"ReadAction\",\"target\":[\"https:\\\/\\\/stg.visualarq.com\\\/de\\\/download\\\/update\\\/\"]}]},{\"@type\":\"BreadcrumbList\",\"@id\":\"https:\\\/\\\/stg.visualarq.com\\\/de\\\/download\\\/update\\\/#breadcrumb\",\"itemListElement\":[{\"@type\":\"ListItem\",\"position\":1,\"name\":\"Home\",\"item\":\"https:\\\/\\\/stg.visualarq.com\\\/de\\\/home\\\/\"},{\"@type\":\"ListItem\",\"position\":2,\"name\":\"Download\",\"item\":\"https:\\\/\\\/stg.visualarq.com\\\/de\\\/download\\\/\"},{\"@type\":\"ListItem\",\"position\":3,\"name\":\"Update\"}]},{\"@type\":\"WebSite\",\"@id\":\"https:\\\/\\\/stg.visualarq.com\\\/de\\\/#website\",\"url\":\"https:\\\/\\\/stg.visualarq.com\\\/de\\\/\",\"name\":\"VisualARQ\",\"description\":\"Flexible BIM for Rhino\",\"potentialAction\":[{\"@type\":\"SearchAction\",\"target\":{\"@type\":\"EntryPoint\",\"urlTemplate\":\"https:\\\/\\\/stg.visualarq.com\\\/de\\\/?s={search_term_string}\"},\"query-input\":{\"@type\":\"PropertyValueSpecification\",\"valueRequired\":true,\"valueName\":\"search_term_string\"}}],\"inLanguage\":\"de\"}]}<\/script>\n<!-- \/ Yoast SEO plugin. -->","yoast_head_json":{"title":"Update - VisualARQ","robots":{"index":"noindex","follow":"follow","max-snippet":"max-snippet:-1","max-image-preview":"max-image-preview:large","max-video-preview":"max-video-preview:-1"},"og_locale":"de_DE","og_type":"article","og_title":"Update - VisualARQ","og_description":"Download eines Updates f\u00fcr VisualARQ","og_url":"https:\/\/stg.visualarq.com\/de\/download\/update\/","og_site_name":"VisualARQ","article_publisher":"https:\/\/www.facebook.com\/visualarq","article_modified_time":"2024-10-09T10:32:19+00:00","twitter_card":"summary_large_image","twitter_site":"@VisualARQ","twitter_misc":{"Gesch\u00e4tzte Lesezeit":"3\u00a0Minuten"},"schema":{"@context":"https:\/\/schema.org","@graph":[{"@type":"WebPage","@id":"https:\/\/stg.visualarq.com\/de\/download\/update\/","url":"https:\/\/stg.visualarq.com\/de\/download\/update\/","name":"Update - VisualARQ","isPartOf":{"@id":"https:\/\/stg.visualarq.com\/de\/#website"},"datePublished":"2011-01-08T00:00:00+00:00","dateModified":"2024-10-09T10:32:19+00:00","breadcrumb":{"@id":"https:\/\/stg.visualarq.com\/de\/download\/update\/#breadcrumb"},"inLanguage":"de","potentialAction":[{"@type":"ReadAction","target":["https:\/\/stg.visualarq.com\/de\/download\/update\/"]}]},{"@type":"BreadcrumbList","@id":"https:\/\/stg.visualarq.com\/de\/download\/update\/#breadcrumb","itemListElement":[{"@type":"ListItem","position":1,"name":"Home","item":"https:\/\/stg.visualarq.com\/de\/home\/"},{"@type":"ListItem","position":2,"name":"Download","item":"https:\/\/stg.visualarq.com\/de\/download\/"},{"@type":"ListItem","position":3,"name":"Update"}]},{"@type":"WebSite","@id":"https:\/\/stg.visualarq.com\/de\/#website","url":"https:\/\/stg.visualarq.com\/de\/","name":"VisualARQ","description":"Flexible BIM for Rhino","potentialAction":[{"@type":"SearchAction","target":{"@type":"EntryPoint","urlTemplate":"https:\/\/stg.visualarq.com\/de\/?s={search_term_string}"},"query-input":{"@type":"PropertyValueSpecification","valueRequired":true,"valueName":"search_term_string"}}],"inLanguage":"de"}]}},"_links":{"self":[{"href":"https:\/\/stg.visualarq.com\/de\/wp-json\/wp\/v2\/pages\/11244","targetHints":{"allow":["GET"]}}],"collection":[{"href":"https:\/\/stg.visualarq.com\/de\/wp-json\/wp\/v2\/pages"}],"about":[{"href":"https:\/\/stg.visualarq.com\/de\/wp-json\/wp\/v2\/types\/page"}],"author":[{"embeddable":true,"href":"https:\/\/stg.visualarq.com\/de\/wp-json\/wp\/v2\/users\/1"}],"replies":[{"embeddable":true,"href":"https:\/\/stg.visualarq.com\/de\/wp-json\/wp\/v2\/comments?post=11244"}],"version-history":[{"count":10,"href":"https:\/\/stg.visualarq.com\/de\/wp-json\/wp\/v2\/pages\/11244\/revisions"}],"predecessor-version":[{"id":41433,"href":"https:\/\/stg.visualarq.com\/de\/wp-json\/wp\/v2\/pages\/11244\/revisions\/41433"}],"up":[{"embeddable":true,"href":"https:\/\/stg.visualarq.com\/de\/wp-json\/wp\/v2\/pages\/11366"}],"wp:attachment":[{"href":"https:\/\/stg.visualarq.com\/de\/wp-json\/wp\/v2\/media?parent=11244"}],"curies":[{"name":"wp","href":"https:\/\/api.w.org\/{rel}","templated":true}]}}