{"id":11248,"date":"2011-01-20T00:00:00","date_gmt":"2011-01-20T00:00:00","guid":{"rendered":"https:\/\/stg.visualarq.com\/reseller\/"},"modified":"2024-09-30T10:32:12","modified_gmt":"2024-09-30T10:32:12","slug":"resellerbak","status":"publish","type":"page","link":"https:\/\/stg.visualarq.com\/de\/resellerbak\/","title":{"rendered":"ResellerBak"},"content":{"rendered":"\n<h1 class=\"wp-block-heading\">H\u00e4ndler<\/h1>\n\n<ul class=\"wp-block-list\">\n<li><a href=\"#new\">Neue H\u00e4ndler<\/a><\/li>\n\n\n\n<li><a href=\"#products\">Unsere Produkte<\/a><\/li>\n\n\n\n<li><a href=\"#ordering\">Bestellung und Preisliste<\/a><\/li>\n\n\n\n<li><a href=\"#discounts\">Preisnachl\u00e4sse<\/a><\/li>\n\n\n\n<li><a href=\"#marketing\">Marketing<\/a><\/li>\n\n\n\n<li><a href=\"#questions\">Fragen<\/a><\/li>\n<\/ul>\n\n<hr class=\"wp-block-separator has-alpha-channel-opacity\"\/>\n\n<p><\/p>\n\n<h3 class=\"wp-block-heading\" id=\"new\">Neue H\u00e4ndler<\/h3>\n\n<p>Um offizieller\u00a0VisualARQ-H\u00e4ndler zu werden:<\/p>\n\n<p><strong>Was Sie tun m\u00fcssen:<\/strong><\/p>\n\n<ol class=\"wp-block-list\">\n<li>Lesen Sie die <strong>Voraussetzungen<\/strong> f\u00fcr H\u00e4ndler:\n<ul class=\"wp-block-list\">\n<li>H\u00e4ndler m\u00fcssen auf ihrer Website aktuelle Informationen zu VisualARQ anbieten.<\/li>\n\n\n\n<li>Wir bieten eine 100%ige Zufriedenheitsgarantie Von unseren H\u00e4ndlern erwarten wir, dass sie dies ebenfalls tun.<\/li>\n\n\n\n<li>Wir bieten unbegrenzte technische Unterst\u00fctzung f\u00fcr H\u00e4ndler und Endbenutzer.<\/li>\n\n\n\n<li>H\u00e4ndler sind autorisiert, an Endbenutzer oder andere H\u00e4ndler in ihrem jeweiligen  Land zu verkaufen. (Wenn Sie im Ausland verkaufen m\u00f6chten, setzen Sie sich bitte mit Asuni in Verbindung.)<\/li>\n<\/ul>\n<\/li>\n\n\n\n<li>F\u00fcllen Sie das <strong><a href=\"\/?page_id=10816\">Antragsformular f\u00fcr H\u00e4ndler<\/a><\/strong> aus.  <\/li>\n\n\n\n<li>Order a&nbsp;VisualARQ <strong>Reseller Starter Kit<\/strong> at the <a href=\"http:\/\/shop.asuni.com\/\">Asuni Shop<\/a> (Login details will be provided after filling out the reseller application). (Not required if you are already a reseller of Lands Design). The Reseller Starter kit (<em>\u20ac\/US$795<\/em>) includes:\n<ul class=\"wp-block-list\">\n<li>Eine <strong>VisualARQ NFR (nicht wiederverk\u00e4ufliche)<\/strong>\u00a0<strong>LAB<\/strong>-Lizenz f\u00fcr Sie.<\/li>\n\n\n\n<li>Eine <strong>Lands Design<\/strong> <strong>NFR <\/strong>(<strong>nicht wiederverk\u00e4ufliche)<\/strong>\u00a0<strong>LAB-<\/strong>Lizenz f\u00fcr Sie.<\/li>\n\n\n\n<li>Zwei <strong>kommerzielle VisualARQ<\/strong>-Lizenzen f\u00fcr den Wiederverkauf.<\/li>\n<\/ul>\n<\/li>\n\n\n\n<li>Update your website with information about VisualARQ. Use the&nbsp;<a href=\"#marketing\">marketing material<\/a>&nbsp;for this purpose\n<ul class=\"wp-block-list\">\n<li><\/li>\n<\/ul>\n<\/li>\n<\/ol>\n\n<p><strong>Wir bieten Ihnen:<\/strong><\/p>\n\n<ul class=\"wp-block-list\">\n<li>Aufnahme Ihrer Kontaktinformationen auf der\u00a0<a href=\"https:\/\/stg.visualarq.com\/de\/sales\/\">H\u00e4ndlerseite<\/a>\u00a0unserer Website, damit Kunden Sie finden k\u00f6nnen.<\/li>\n\n\n\n<li>Unterst\u00fctzung f\u00fcr Veranstaltungen, Newsletter und sonstige Marketingstrategien.<\/li>\n\n\n\n<li>Enge Zusammenarbeit bei jeder Art von Unterst\u00fctzung.<\/li>\n\n\n\n<li>Eine NFR-Lab-Lizenz f\u00fcr VisualARQ (im H\u00e4ndler-Kit enthalten)<\/li>\n\n\n\n<li>Eine NFR-Lab-Lizenz f\u00fcr\u00a0<a href=\"https:\/\/rhinolands.com\/\">Lands Design<\/a><\/li>\n<\/ul>\n\n<p>Nach Erwerb des H\u00e4ndler-Starter-Kits erhalten Sie von uns Zugang zum <a href=\"http:\/\/shop.asuni.com\/\"><strong><\/strong><\/a><strong><a href=\"https:\/\/shop.asuni.com\/\">Asuni Store<\/a><\/strong> in Ihrer Funktion als &#8222;H\u00e4ndler&#8220;, womit Sie Bestellungen unserer Produkte zu den jeweiligen Erm\u00e4\u00dfigungen t\u00e4tigen k\u00f6nnen.<\/p>\n\n<hr class=\"wp-block-separator has-alpha-channel-opacity\"\/>\n\n<h3 class=\"wp-block-heading\" id=\"products\">Unsere Produkte<\/h3>\n\n<ul class=\"wp-block-list\">\n<li><strong>VisualARQ<\/strong>: das Flexible-BIM-Plug-in f\u00fcr Rhino<\/li>\n\n\n\n<li><strong><a href=\"https:\/\/rhinolands.com\/\">Lands Design<\/a><\/strong>: Landschafts-Plug-in f\u00fcr Rhino und AutoCAD<\/li>\n\n\n\n<li><strong>Savanna 3D<\/strong>: 3D-Blockbibliothek f\u00fcr Rhino<\/li>\n\n\n\n<li><strong><a href=\"https:\/\/rhinolands.com\/\">RhinoLands<\/a><\/strong>: ein eigenst\u00e4ndiges Programm, das Rhino und Lands Design umfasst<\/li>\n\n\n\n<li><strong>Pakete<\/strong>: wir bieten mehrere Pakete, die VisualARQ mit Rhino (RhinoARQ), VisualARQ und Lands Design kombinieren, sowie VisualARQ mit Savanna 3D. Die Pakete sind unteilbar.<\/li>\n<\/ul>\n\n<hr class=\"wp-block-separator has-alpha-channel-opacity\"\/>\n\n<h3 class=\"wp-block-heading\" id=\"ordering\">Bestellung und Preisliste<\/h3>\n\n<p>VisualARQ-Bestellungen werden f\u00fcr H\u00e4ndler online \u00fcber den\u00a0<strong><a href=\"https:\/\/shop.asuni.com\/\">Asuni Store<\/a><\/strong> verwaltet. Der Asuni Store berechnet H\u00e4ndlerpreisnachl\u00e4sse nach der Bestellgr\u00f6\u00dfe und erm\u00f6glicht Zahlung mittels Kreditkarte und elektronischen Zahlungsverkehr. Als VisualARQ-H\u00e4ndler bekommen Sie einen Benutzernamen und ein Passwort f\u00fcr die Website. <\/p>\n\n<p><a href=\"https:\/\/stg.visualarq.com\/de\/sales\/\">Hier<\/a> finden Sie die \u00f6ffentliche Preisliste f\u00fcr VisualARQ.<\/p>\n\n<hr class=\"wp-block-separator has-alpha-channel-opacity\"\/>\n\n<h3 class=\"wp-block-heading\" id=\"discounts\">Preisnachl\u00e4sse<\/h3>\n\n<p>Der Preisnachlass f\u00fcr H\u00e4ndler h\u00e4ngt von der Bestellgr\u00f6\u00dfe ab:<\/p>\n\n<figure class=\"wp-block-table\"><table class=\"has-fixed-layout\"><thead><tr><th><strong>Kommerzielle und Studentenlizenzen<a href=\"https:\/\/stg.visualarq.com\/de\/sales\/what-is-an-educational-license\/\"><\/a><\/strong><\/th><th><\/th><\/tr><\/thead><tbody><tr><td>Menge<\/td><td>Preisnachlass<\/td><\/tr><tr><td>1<\/td><td>15%<\/td><\/tr><tr><td>2-9<\/td><td>25%<\/td><\/tr><tr><td>10+<\/td><td>35%<\/td><\/tr><\/tbody><\/table><\/figure>\n\n<figure class=\"wp-block-table\"><table class=\"has-fixed-layout\"><thead><tr><th><strong><a href=\"https:\/\/stg.visualarq.com\/de\/sales\/what-is-a-lab-license\/\">LAB-Lizenzen <\/a>und<a href=\"https:\/\/stg.visualarq.com\/de\/sales\/school-kit\/\"> School-Kits<\/a><\/strong><\/th><th><\/th><\/tr><\/thead><tbody><tr><td>Menge<\/td><td>Preisnachlass<\/td><\/tr><tr><td>1+<\/td><td>30%<\/td><\/tr><\/tbody><\/table><\/figure>\n\n<hr class=\"wp-block-separator has-alpha-channel-opacity\"\/>\n\n<h3 class=\"wp-block-heading\" id=\"marketing\">Marketing<\/h3>\n\n<p>Marketing-Material f\u00fcr Ihre Webseite, Demos und Pr\u00e4sentationen:<\/p>\n\n<h5 class=\"wp-block-heading\">Brosch\u00fcren<\/h5>\n<ul class='post-list'><li class='post'>\t<a href='\/wp-content\/uploads\/sites\/2\/marketing\/brochures\/VisualARQ 2-Flyer-2017_en.pdf' title='VisualARQ 2-Flyer-2017_en.pdf' download>VisualARQ 2-Flyer-2017_en.pdf\t<\/a><\/li><\/ul>\n\n<h5 class=\"wp-block-heading\">Logos<\/h5>\n<ul class='post-list'><li class='post'>\t<a href='\/wp-content\/uploads\/sites\/2\/marketing\/logos\/VA 2 Icon 1000.png' title='VA 2 Icon 1000.png' download>VA 2 Icon 1000.png\t<\/a><\/li><li class='post'>\t<a href='\/wp-content\/uploads\/sites\/2\/marketing\/logos\/VisualARQ 2 Components for GH.png' title='VisualARQ 2 Components for GH.png' download>VisualARQ 2 Components for GH.png\t<\/a><\/li><li class='post'>\t<a href='\/wp-content\/uploads\/sites\/2\/marketing\/logos\/VisualARQ 2 Logo 3 500.png' title='VisualARQ 2 Logo 3 500.png' download>VisualARQ 2 Logo 3 500.png\t<\/a><\/li><li class='post'>\t<a href='\/wp-content\/uploads\/sites\/2\/marketing\/logos\/VisualARQ 2 logo 1500.png' title='VisualARQ 2 logo 1500.png' download>VisualARQ 2 logo 1500.png\t<\/a><\/li><li class='post'>\t<a href='\/wp-content\/uploads\/sites\/2\/marketing\/logos\/DEF_VisualARQ.ai' title='DEF_VisualARQ.ai' download>DEF_VisualARQ.ai\t<\/a><\/li><\/ul>\n\n<h5 class=\"wp-block-heading\">Bilder<\/h5>\n<ul class='post-list'><li class='post'>\t<a href='\/wp-content\/uploads\/sites\/2\/marketing\/images\/MEDIATIC Section L7 VisualARQ2.jpg' title='MEDIATIC Section L7 VisualARQ2.jpg' download>MEDIATIC Section L7 VisualARQ2.jpg\t<\/a><\/li><li class='post'>\t<a href='\/wp-content\/uploads\/sites\/2\/marketing\/images\/MediaTIC Render VisualARQ2.jpg' title='MediaTIC Render VisualARQ2.jpg' download>MediaTIC Render VisualARQ2.jpg\t<\/a><\/li><li class='post'>\t<a href='\/wp-content\/uploads\/sites\/2\/marketing\/images\/Banner VisualARQ2.png' title='Banner VisualARQ2.png' download>Banner VisualARQ2.png\t<\/a><\/li><li class='post'>\t<a href='\/wp-content\/uploads\/sites\/2\/marketing\/images\/Banner4food4Rhino.png' title='Banner4food4Rhino.png' download>Banner4food4Rhino.png\t<\/a><\/li><\/ul>\n\n<h5 class=\"wp-block-heading\">Modelle<\/h5>\n<ul class='post-list'><li class='post'>\t<a href='\/wp-content\/uploads\/sites\/2\/marketing\/models\/The Ville Savoye demo.3dm' title='The Ville Savoye demo.3dm' download>The Ville Savoye demo.3dm\t<\/a><\/li><\/ul>\n\n<h5 class=\"wp-block-heading\">Sonstiges<\/h5>\n\n<ul class=\"wp-block-list\">\n<li><a href=\"https:\/\/www.flickr.com\/photos\/28656665@N02\/\" target=\"_blank\" rel=\"noopener\">Bilder (VisualARQ auf Flickr)<\/a><\/li>\n\n\n\n<li><a href=\"https:\/\/www.youtube.com\/user\/VisualARQ\" target=\"_blank\" rel=\"noopener\">Videos (VisualARQ auf YouTube)<\/a><\/li>\n<\/ul>\n\n<hr class=\"wp-block-separator has-alpha-channel-opacity\"\/>\n\n<h3 class=\"wp-block-heading\" id=\"questions\">Fragen?<\/h3>\n\n<p>F\u00fcr Fragen kontaktieren Sie bitte:<\/p>\n\n<p><a href=\"mailto:fsalla@asuni.com\">Francesc Salla<\/a><br\/>Asuni CAD<br\/>Roger de Flor, 32-34<br\/>08018 Barcelona (Spanien)<br\/>Tel: +34\u00a093\u00a0319\u00a06868<\/p>\n\n<p><map name=\"world\"> \n<area coords=\"59, 112, 90, 115, 102, 121, 120, 122, 146, 127, 196, 152, 166, 227, 100, 227, 104, 153, 62, 129\" shape=\"POLYGON\" href=\"\/?page_id=10817\" target=\"_parent\"\/>\n \n<area coords=\"0, 9, 0, 96, 41, 80, 59, 112, 91, 115, 101, 121, 121, 123, 142, 125, 165, 86, 129, 29, 187, 0, 16, 0\" shape=\"POLYGON\" href=\"\/?page_id=10817\"\/>\n \n<area coords=\"239, 104, 215, 118, 202, 129, 267, 201, 311, 175, 317, 135, 311, 132, 299, 132, 286, 109, 267, 108, 254, 103, 229, 109, 238, 105\" shape=\"POLYGON\" href=\"\/?page_id=10822\" target=\"_parent\"\/>\n \n<area coords=\"290, 1, 288, 39, 282, 39, 287, 60, 273, 66, 272, 69, 277, 83, 300, 96, 302, 97, 287, 103, 267, 104, 247, 102, 229, 105, 166, 87, 132, 31, 190, 0, 264, 0\" shape=\"POLYGON\" href=\"\/?page_id=10815\" target=\"_parent\"\/>\n \n<area coords=\"317, 136, 325, 118, 321, 109, 321, 103, 308, 103, 294, 99, 290, 102, 286, 109, 296, 132\" shape=\"POLYGON\" href=\"\/?page_id=10822\" target=\"_parent\"\/>\n \n<area coords=\"490, 57, 445, 23, 365, 0, 291, 5, 288, 40, 284, 43, 288, 64, 273, 71, 272, 76, 279, 88, 291, 93, 299, 95, 301, 103, 316, 103, 321, 109, 322, 113, 324, 119, 328, 111, 341, 105, 340, 100, 354, 87, 393, 87, 395, 80, 417, 93, 426, 93, 437, 97\" shape=\"POLYGON\" href=\"\/?page_id=10815\" target=\"_parent\"\/>\n \n<area coords=\"379, 159, 432, 157, 488, 185, 489, 227, 368, 226\" shape=\"POLYGON\" href=\"\/?page_id=10822\"\/>\n \n<area coords=\"381, 161, 316, 135, 332, 110, 346, 102, 355, 87, 396, 86, 396, 80, 420, 92, 430, 93, 439, 98, 490, 128, 490, 185, 434, 154, 378, 160\" shape=\"POLYGON\" href=\"\/?page_id=10822\"\/>\n <\/map><\/p>\n","protected":false},"excerpt":{"rendered":"<p>H\u00e4ndler Neue H\u00e4ndler Um offizieller\u00a0VisualARQ-H\u00e4ndler zu werden: Was Sie tun m\u00fcssen: Wir bieten Ihnen: Nach Erwerb des H\u00e4ndler-Starter-Kits erhalten Sie von uns Zugang zum Asuni Store in Ihrer Funktion als &#8222;H\u00e4ndler&#8220;, womit Sie Bestellungen unserer Produkte zu den jeweiligen Erm\u00e4\u00dfigungen t\u00e4tigen k\u00f6nnen. Unsere Produkte Bestellung und Preisliste VisualARQ-Bestellungen werden f\u00fcr H\u00e4ndler online \u00fcber den\u00a0Asuni Store [&hellip;]<\/p>\n","protected":false},"author":1,"featured_media":0,"parent":0,"menu_order":999,"comment_status":"closed","ping_status":"closed","template":"","meta":{"_et_pb_use_builder":"","_et_pb_old_content":"","_et_gb_content_width":"","footnotes":""},"class_list":["post-11248","page","type-page","status-publish","hentry"],"yoast_head":"<!-- This site is optimized with the Yoast SEO plugin v27.2 - https:\/\/yoast.com\/product\/yoast-seo-wordpress\/ -->\n<title>ResellerBak - VisualARQ<\/title>\n<meta name=\"robots\" content=\"noindex, follow, max-snippet:-1, max-image-preview:large, max-video-preview:-1\" \/>\n<meta property=\"og:locale\" content=\"de_DE\" \/>\n<meta property=\"og:type\" content=\"article\" \/>\n<meta property=\"og:title\" content=\"ResellerBak - VisualARQ\" \/>\n<meta property=\"og:description\" content=\"H\u00e4ndler Neue H\u00e4ndler Um offizieller\u00a0VisualARQ-H\u00e4ndler zu werden: Was Sie tun m\u00fcssen: Wir bieten Ihnen: Nach Erwerb des H\u00e4ndler-Starter-Kits erhalten Sie von uns Zugang zum Asuni Store in Ihrer Funktion als &#8222;H\u00e4ndler&#8220;, womit Sie Bestellungen unserer Produkte zu den jeweiligen Erm\u00e4\u00dfigungen t\u00e4tigen k\u00f6nnen. Unsere Produkte Bestellung und Preisliste VisualARQ-Bestellungen werden f\u00fcr H\u00e4ndler online \u00fcber den\u00a0Asuni Store [&hellip;]\" \/>\n<meta property=\"og:url\" content=\"https:\/\/stg.visualarq.com\/de\/resellerbak\/\" \/>\n<meta property=\"og:site_name\" content=\"VisualARQ\" \/>\n<meta property=\"article:publisher\" content=\"https:\/\/www.facebook.com\/visualarq\" \/>\n<meta property=\"article:modified_time\" content=\"2024-09-30T10:32:12+00:00\" \/>\n<meta name=\"twitter:card\" content=\"summary_large_image\" \/>\n<meta name=\"twitter:site\" content=\"@VisualARQ\" \/>\n<meta name=\"twitter:label1\" content=\"Gesch\u00e4tzte Lesezeit\" \/>\n\t<meta name=\"twitter:data1\" content=\"3\u00a0Minuten\" \/>\n<script type=\"application\/ld+json\" class=\"yoast-schema-graph\">{\"@context\":\"https:\/\/schema.org\",\"@graph\":[{\"@type\":\"WebPage\",\"@id\":\"https:\/\/stg.visualarq.com\/de\/resellerbak\/\",\"url\":\"https:\/\/stg.visualarq.com\/de\/resellerbak\/\",\"name\":\"ResellerBak - VisualARQ\",\"isPartOf\":{\"@id\":\"https:\/\/stg.visualarq.com\/de\/#website\"},\"datePublished\":\"2011-01-20T00:00:00+00:00\",\"dateModified\":\"2024-09-30T10:32:12+00:00\",\"breadcrumb\":{\"@id\":\"https:\/\/stg.visualarq.com\/de\/resellerbak\/#breadcrumb\"},\"inLanguage\":\"de\",\"potentialAction\":[{\"@type\":\"ReadAction\",\"target\":[\"https:\/\/stg.visualarq.com\/de\/resellerbak\/\"]}]},{\"@type\":\"BreadcrumbList\",\"@id\":\"https:\/\/stg.visualarq.com\/de\/resellerbak\/#breadcrumb\",\"itemListElement\":[{\"@type\":\"ListItem\",\"position\":1,\"name\":\"Home\",\"item\":\"https:\/\/stg.visualarq.com\/de\/home\/\"},{\"@type\":\"ListItem\",\"position\":2,\"name\":\"ResellerBak\"}]},{\"@type\":\"WebSite\",\"@id\":\"https:\/\/stg.visualarq.com\/de\/#website\",\"url\":\"https:\/\/stg.visualarq.com\/de\/\",\"name\":\"VisualARQ\",\"description\":\"Flexible BIM for Rhino\",\"potentialAction\":[{\"@type\":\"SearchAction\",\"target\":{\"@type\":\"EntryPoint\",\"urlTemplate\":\"https:\/\/stg.visualarq.com\/de\/?s={search_term_string}\"},\"query-input\":{\"@type\":\"PropertyValueSpecification\",\"valueRequired\":true,\"valueName\":\"search_term_string\"}}],\"inLanguage\":\"de\"}]}<\/script>\n<!-- \/ Yoast SEO plugin. -->","yoast_head_json":{"title":"ResellerBak - VisualARQ","robots":{"index":"noindex","follow":"follow","max-snippet":"max-snippet:-1","max-image-preview":"max-image-preview:large","max-video-preview":"max-video-preview:-1"},"og_locale":"de_DE","og_type":"article","og_title":"ResellerBak - VisualARQ","og_description":"H\u00e4ndler Neue H\u00e4ndler Um offizieller\u00a0VisualARQ-H\u00e4ndler zu werden: Was Sie tun m\u00fcssen: Wir bieten Ihnen: Nach Erwerb des H\u00e4ndler-Starter-Kits erhalten Sie von uns Zugang zum Asuni Store in Ihrer Funktion als &#8222;H\u00e4ndler&#8220;, womit Sie Bestellungen unserer Produkte zu den jeweiligen Erm\u00e4\u00dfigungen t\u00e4tigen k\u00f6nnen. Unsere Produkte Bestellung und Preisliste VisualARQ-Bestellungen werden f\u00fcr H\u00e4ndler online \u00fcber den\u00a0Asuni Store [&hellip;]","og_url":"https:\/\/stg.visualarq.com\/de\/resellerbak\/","og_site_name":"VisualARQ","article_publisher":"https:\/\/www.facebook.com\/visualarq","article_modified_time":"2024-09-30T10:32:12+00:00","twitter_card":"summary_large_image","twitter_site":"@VisualARQ","twitter_misc":{"Gesch\u00e4tzte Lesezeit":"3\u00a0Minuten"},"schema":{"@context":"https:\/\/schema.org","@graph":[{"@type":"WebPage","@id":"https:\/\/stg.visualarq.com\/de\/resellerbak\/","url":"https:\/\/stg.visualarq.com\/de\/resellerbak\/","name":"ResellerBak - VisualARQ","isPartOf":{"@id":"https:\/\/stg.visualarq.com\/de\/#website"},"datePublished":"2011-01-20T00:00:00+00:00","dateModified":"2024-09-30T10:32:12+00:00","breadcrumb":{"@id":"https:\/\/stg.visualarq.com\/de\/resellerbak\/#breadcrumb"},"inLanguage":"de","potentialAction":[{"@type":"ReadAction","target":["https:\/\/stg.visualarq.com\/de\/resellerbak\/"]}]},{"@type":"BreadcrumbList","@id":"https:\/\/stg.visualarq.com\/de\/resellerbak\/#breadcrumb","itemListElement":[{"@type":"ListItem","position":1,"name":"Home","item":"https:\/\/stg.visualarq.com\/de\/home\/"},{"@type":"ListItem","position":2,"name":"ResellerBak"}]},{"@type":"WebSite","@id":"https:\/\/stg.visualarq.com\/de\/#website","url":"https:\/\/stg.visualarq.com\/de\/","name":"VisualARQ","description":"Flexible BIM for Rhino","potentialAction":[{"@type":"SearchAction","target":{"@type":"EntryPoint","urlTemplate":"https:\/\/stg.visualarq.com\/de\/?s={search_term_string}"},"query-input":{"@type":"PropertyValueSpecification","valueRequired":true,"valueName":"search_term_string"}}],"inLanguage":"de"}]}},"_links":{"self":[{"href":"https:\/\/stg.visualarq.com\/de\/wp-json\/wp\/v2\/pages\/11248","targetHints":{"allow":["GET"]}}],"collection":[{"href":"https:\/\/stg.visualarq.com\/de\/wp-json\/wp\/v2\/pages"}],"about":[{"href":"https:\/\/stg.visualarq.com\/de\/wp-json\/wp\/v2\/types\/page"}],"author":[{"embeddable":true,"href":"https:\/\/stg.visualarq.com\/de\/wp-json\/wp\/v2\/users\/1"}],"replies":[{"embeddable":true,"href":"https:\/\/stg.visualarq.com\/de\/wp-json\/wp\/v2\/comments?post=11248"}],"version-history":[{"count":2,"href":"https:\/\/stg.visualarq.com\/de\/wp-json\/wp\/v2\/pages\/11248\/revisions"}],"predecessor-version":[{"id":40689,"href":"https:\/\/stg.visualarq.com\/de\/wp-json\/wp\/v2\/pages\/11248\/revisions\/40689"}],"wp:attachment":[{"href":"https:\/\/stg.visualarq.com\/de\/wp-json\/wp\/v2\/media?parent=11248"}],"curies":[{"name":"wp","href":"https:\/\/api.w.org\/{rel}","templated":true}]}}