{"id":11260,"date":"2011-01-12T00:00:00","date_gmt":"2011-01-12T00:00:00","guid":{"rendered":"https:\/\/stg.visualarq.com\/support\/tips\/"},"modified":"2019-01-02T15:57:14","modified_gmt":"2019-01-02T15:57:14","slug":"tips","status":"publish","type":"page","link":"https:\/\/stg.visualarq.com\/de\/support\/tips\/","title":{"rendered":"Tipps und Tricks"},"content":{"rendered":"[et_pb_section bb_built=&#8220;1&#8243; admin_label=&#8220;section&#8220;][et_pb_row admin_label=&#8220;row&#8220; background_position=&#8220;top_left&#8220; background_repeat=&#8220;repeat&#8220; background_size=&#8220;initial&#8220;][et_pb_column type=&#8220;4_4&#8243;][et_pb_post_title admin_label=&#8220;Titulo de la p\u00e1gina&#8220; saved_tabs=&#8220;all&#8220; title=&#8220;on&#8220; meta=&#8220;off&#8220; author=&#8220;on&#8220; date=&#8220;on&#8220; categories=&#8220;on&#8220; comments=&#8220;on&#8220; featured_image=&#8220;off&#8220; featured_placement=&#8220;below&#8220; parallax_effect=&#8220;on&#8220; parallax_method=&#8220;on&#8220; text_orientation=&#8220;left&#8220; text_color=&#8220;dark&#8220; text_background=&#8220;off&#8220; text_bg_color=&#8220;rgba(255,255,255,0.9)&#8220; module_bg_color=&#8220;rgba(255,255,255,0)&#8220; title_font=&#8220;|on|||&#8220; title_font_size=&#8220;30px&#8220; title_all_caps=&#8220;off&#8220; use_border_color=&#8220;off&#8220; border_color=&#8220;#ffffff&#8220; border_style=&#8220;solid&#8220; custom_margin=&#8220;||0px|&#8220; \/][et_pb_text background_position=&#8220;top_left&#8220; background_repeat=&#8220;repeat&#8220; background_size=&#8220;initial&#8220; _builder_version=&#8220;3.0.62&#8243; background_layout=&#8220;light&#8220; text_orientation=&#8220;left&#8220; border_style=&#8220;solid&#8220;]\n\n<strong>Objektbibliotheken \/ Werkzeugleisten \/ Vorlagen<\/strong><ul><li><a href=\"https:\/\/stg.visualarq.com\/de\/support\/tip\/upload-download-visualarq-styles-food4rhino\/\">Anleitung zum Hochladen und Herunterladen von VisualARQ-Stilen in food4Rhino<\/a><\/li><li><a href=\"https:\/\/stg.visualarq.com\/de\/support\/tip\/steps-create-visualarq-object-grasshopper-definition\/\">Wie gehe ich zur Erzeugung eines VisualArq-Objekts aus einer Grasshopper-Definition vor?<\/a><\/li><li><a href=\"https:\/\/stg.visualarq.com\/de\/support\/tip\/how-can-i-create-a-custom-visualarq-template\/\">Wie kann ich eine benutzerdefinierte VisualARQ-Vorlage erstellen?<\/a><\/li><li><a href=\"https:\/\/stg.visualarq.com\/de\/support\/tip\/i-cant-see-the-library-of-visualarq-object-styles-why-how-can-i-load-them\/\">Ich kann die VisualARQ-Objektstilbibliotheken nicht sehen. Wieso? Wie kann ich sie laden?<\/a><\/li><li><a href=\"https:\/\/stg.visualarq.com\/de\/support\/tip\/when-i-open-a-new-drawing-visualarq-toolbars-dont-appear-on-the-screen-how-can-i-load-them\/\">Wenn ich eine neue Zeichnung \u00f6ffne, erscheinen die VisualARQ-Werkzeugleisten nicht auf dem Bildschirm&#8230; Wie kann ich sie laden?<\/a><\/li><li><a href=\"https:\/\/stg.visualarq.com\/de\/support\/tip\/when-i-open-a-new-drawing-the-visualarq-templates-are-not-displayed-in-the-templates-dialog-box-how-can-i-make-them-appear\/\">Wenn ich eine neue Zeichnung \u00f6ffne, werden die VisualARQ-Vorlagen nicht im Dialogfenster der Vorlagen angezeigt&#8230; Wie kann ich sie sichtbar machen?<\/a><\/li><\/ul><strong>Benutzeroberfl\u00e4che<\/strong><ul><li><a href=\"https:\/\/stg.visualarq.com\/de\/support\/tip\/is-it-possible-to-turn-off-the-scale-icon\/\">Ist es m\u00f6glich, das Skalasymbol zu deaktivieren?<\/a><\/li><li><a href=\"https:\/\/stg.visualarq.com\/de\/support\/tip\/is-it-possible-to-turn-off-the-elevation-marks\/\">Ist es m\u00f6glich, die H\u00f6henmarkierungen zu deaktivieren?<\/a><\/li><\/ul><strong>Installation<\/strong><ul><li><a href=\"https:\/\/stg.visualarq.com\/de\/support\/tip\/installation-issue-unable-to-load-visualarq-rhp-plug-in\/\">Installationsproblem &#8222;VisualARQ.rhp-Plug-in kann nicht geladen werden&#8220;<\/a><\/li><li><a href=\"https:\/\/stg.visualarq.com\/de\/support\/tip\/visualarq-2-1-zoo\/\">VisualARQ 2.1 im Zoo<\/a><\/li><li><a href=\"https:\/\/stg.visualarq.com\/de\/support\/tip\/rhino-not-found-computer-although-can\/\">Ich erhalte die Fehlermeldung &#8222;Rhino wurde auf diesem Computer nicht gefunden&#8220;, obwohl ich es installiert habe. Was kann ich tun?<\/a><\/li><li><a href=\"https:\/\/stg.visualarq.com\/de\/support\/tip\/my-anti-virus-software-is-blocking-or-removing-the-installer-file-what-should-i-do\/\">Mein Antivirenprogramm blockiert oder entfernt das Installationsprogramm. Was kann ich tun?<\/a><\/li><li><a href=\"https:\/\/stg.visualarq.com\/de\/support\/tip\/after-upgrading-my-windows-version-visualarq-doesnt-work\/\">Nach einem Upgrade meiner Windows-Version funktioniert VisualARQ nicht mehr.<\/a><\/li><li><a href=\"https:\/\/stg.visualarq.com\/de\/support\/tip\/installation-problems-with-the-windows-installer-package-a-dll-required-for-this-install-could-not-be-run\/\">Installationsprobleme mit dem &#8222;Windows Installer Paket.  Eine f\u00fcr den Abschluss dieser Installation erforderliche DLL konnte nicht ausgef\u00fchrt werden.&#8220;<\/a><\/li><li><a href=\"https:\/\/stg.visualarq.com\/de\/support\/tip\/is-it-possible-to-install-visualarq-silently\/\">Ist eine Installation von VisualARQ im Hintergrund m\u00f6glich?<\/a><\/li><li><a href=\"https:\/\/stg.visualarq.com\/de\/support\/tip\/installation-problems\/\">Installationsprobleme<\/a><\/li><\/ul><strong>Dateien<\/strong><ul><li><a href=\"https:\/\/stg.visualarq.com\/de\/support\/tip\/tips-to-streamline-the-workflow-with-large-files-in-rhino\/\">Tipps zur Vereinfachung des Arbeitsablaufs mit gro\u00dfen Dateien in Rhino<\/a><\/li><li><a href=\"https:\/\/stg.visualarq.com\/de\/support\/tip\/how-can-i-reference-external-files\/\">Wie kann ich externe Dateien referenzieren?<\/a><\/li><li><a href=\"https:\/\/stg.visualarq.com\/de\/support\/tip\/how-can-i-export-rhino-and-visualarq-documents-into-autocad\/\">Export von Rhino und VisualARQ Dokumenten nach AutoCAD<\/a><\/li><\/ul><strong>Objekte<\/strong><ul><li><a href=\"https:\/\/stg.visualarq.com\/de\/support\/tip\/can-i-extract-the-faces-or-edges-of-visualarq-objects\/\">Kann ich Seiten oder Kanten von VisualARQ-Objekten extrahieren?<\/a><\/li><\/ul><strong>W\u00e4nde<\/strong><ul><li><a href=\"https:\/\/stg.visualarq.com\/de\/support\/tip\/how-can-i-split-a-wall-by-a-surface\/\">Wie kann ich eine Wand mit einer Fl\u00e4che teilen?<\/a><\/li><li><a href=\"https:\/\/stg.visualarq.com\/de\/support\/tip\/why-some-walls-dont-join\/\">Warum lassen sich einige W\u00e4nde nicht verbinden?<\/a><\/li><li><a href=\"https:\/\/stg.visualarq.com\/de\/support\/tip\/how-can-i-show-the-tangent-lines-between-walls\/\">Wie k\u00f6nnen die Tangentenlinien zwischen W\u00e4nden angezeigt oder verborgen werden?<\/a><\/li><li><a href=\"https:\/\/stg.visualarq.com\/de\/support\/tip\/is-it-possible-to-create-irregular-walls-or-walls-from-rhino-geometry\/\">Ist es m\u00f6glich, irregul\u00e4re W\u00e4nde oder W\u00e4nde ausgehend von der Rhino-Geometrie zu erzeugen?<\/a><\/li><li><a href=\"https:\/\/stg.visualarq.com\/de\/support\/tip\/is-it-possible-to-do-boolean-operations-between-visualarq-walls-and-rhino-solids\/\">K\u00f6nnen Boolesche Operationen zwischen VisualARQ-W\u00e4nden und Rhino-Volumenk\u00f6rpern ausgef\u00fchrt werden?<\/a><\/li><li><a href=\"https:\/\/stg.visualarq.com\/de\/support\/tip\/how-can-i-create-a-new-wall-style-and-edit-its-2d-representation\/\">Wie wird ein neuer Wandstil erzeugt und seine 2D-Darstellung bearbeitet?<\/a><\/li><li><a href=\"https:\/\/stg.visualarq.com\/de\/support\/tip\/how-can-i-create-a-non-straight-wall\/\">Wie kann ich eine Wand erzeugen, die nicht gerade ist?<\/a><\/li><li><a href=\"https:\/\/stg.visualarq.com\/de\/support\/tip\/is-it-possible-to-make-a-wall-from-a-closed-curve\/\">Ist es m\u00f6glich, eine Wand aus einer geschlossenen Kurve zu erzeugen?<\/a><\/li><li><a href=\"https:\/\/stg.visualarq.com\/de\/support\/tip\/when-i-create-a-wall-with-more-than-1-component-which-component-is-inside-and-which-is-outside\/\">Wenn ich eine Wand mit mehr als 1 Komponente erzeuge&#8230; welche Komponente befindet sich innen und welche au\u00dfen?<\/a><\/li><li><a href=\"https:\/\/stg.visualarq.com\/de\/support\/tip\/is-it-possible-to-stretch-a-room-move-the-end-wall-and-extend-the-side-walls-without-deforming-it-nor-moving-windows-and-doors-from-their-original-position\/\">Ist es m\u00f6glich, einen Raum zu dehnen, ohne ihn zu verformen?<\/a><\/li><\/ul><strong>Fassaden<\/strong><ul><li><a href=\"https:\/\/stg.visualarq.com\/de\/support\/tip\/how-can-i-create-sloped-curtain-walls\/\">Anlegen einer geneigten Fassade<\/a><\/li><li><a href=\"https:\/\/stg.visualarq.com\/de\/support\/tip\/is-it-possible-to-create-curved-curtain-walls-with-curved-panels\/\">K\u00f6nnen gekr\u00fcmmte Fassaden mit gekr\u00fcmmten Paneelen angelegt werden?<\/a><\/li><\/ul><strong>Balken<\/strong><ul><li><a href=\"https:\/\/stg.visualarq.com\/de\/support\/tip\/trick-to-split-a-beam-in-different-parts\/\">Teilung eines Balkens in mehrere Teile<\/a><\/li><li><a href=\"https:\/\/stg.visualarq.com\/de\/support\/tip\/is-it-possible-to-create-beams-with-custom-profiles\/\">K\u00f6nnen Balken mit benutzerdefiniertem Profil erzeugt werden?<\/a><\/li><\/ul><strong>T\u00fcren \/ Fenster \/ \u00d6ffnungen<\/strong><ul><li><a href=\"https:\/\/stg.visualarq.com\/de\/support\/tip\/how-can-i-modify-the-aperture-of-an-opening\/\">Wie kann ich die Weite einer \u00d6ffnung ver\u00e4ndern?<\/a><\/li><li><a href=\"https:\/\/stg.visualarq.com\/de\/support\/tip\/how-can-i-change-the-opening-side-of-a-door-or-a-window\/\">Wie kann ich die \u00d6ffnungsseite einer T\u00fcr oder eines Fensters \u00e4ndern?<\/a><\/li><li><a href=\"https:\/\/stg.visualarq.com\/de\/support\/tip\/how-can-i-create-and-select-openings\/\">Wie kann ich \u00d6ffnungen erzeugen und ausw\u00e4hlen?<\/a><\/li><li><a href=\"https:\/\/stg.visualarq.com\/de\/support\/tip\/how-can-i-create-customized-doors-or-windows\/\">Wie kann ich personalisierte T\u00fcren und Fenster erstellen?<\/a><\/li><\/ul><strong>Treppen<\/strong><ul><li><a href=\"https:\/\/stg.visualarq.com\/de\/support\/tip\/how-can-i-create-spiral-stairs-can-i-add-landings\/\">Wie kann ich Wendeltreppen erstellen? Kann ich Podeste hinzuf\u00fcgen?<\/a><\/li><li><a href=\"https:\/\/stg.visualarq.com\/de\/support\/tip\/how-can-i-create-stairs-with-landings\/\">Wie kann ich Treppen mit Podesten erstellen?<\/a><\/li><li><a href=\"https:\/\/stg.visualarq.com\/de\/support\/tip\/stair-slab-how-to-create-a-stair-slab-and-change-its-thickness\/\">Treppendecke: Erzeugung einer Treppendecke und ihrer St\u00e4rke.<\/a><\/li><\/ul><strong>D\u00e4cher<\/strong><ul><li><a href=\"https:\/\/stg.visualarq.com\/de\/support\/tip\/what-are-the-steps-to-create-a-roof\/\">Welche Schritte sind n\u00f6tig, um ein Dach zu erzeugen?<\/a><\/li><\/ul><strong>Profile<\/strong><ul><li><a href=\"https:\/\/stg.visualarq.com\/de\/support\/tip\/how-can-i-create-a-custom-profile\/\">Wie kann ich ein personalisiertes Profil erzeugen?<\/a><\/li><\/ul><strong>Ebenen<\/strong><ul><li><a href=\"https:\/\/stg.visualarq.com\/de\/support\/tip\/is-it-possible-to-create-multiple-levels-simultaneaously-instead-of-creating-them-one-by-one\/\">K\u00f6nnen mehrere Etagen auf einmal erzeugt werden, anstatt sie einzeln zu erstellen?<\/a><\/li><li><a href=\"https:\/\/stg.visualarq.com\/de\/support\/tip\/once-i-have-created-floors-using-the-floor-manager-how-can-i-switch-from-one-floor-to-antother\/\">Wenn ich anhand des Etagenmanagers Gescho\u00dfdecken erzeugt habe, wie kann ich von einer Etage zur n\u00e4chsten wechseln?<\/a><\/li><\/ul><strong>Plan- und Schnittansichten<\/strong><ul><li><a href=\"https:\/\/stg.visualarq.com\/de\/support\/tip\/there-are-some-missing-lines-in-the-plan-and-section-views-why\/\">Es fehlen einige Linien in den Plan- und Schnittansichten. Wieso?<\/a><\/li><\/ul><strong>Tabellen<\/strong><ul><li><a href=\"https:\/\/stg.visualarq.com\/de\/support\/tip\/how-can-i-create-tables-of-object-quantity-take-off-and-export-them-to-excel\/\">Wie kann ich Mengenauflistungen von Objekten erstellen und nach Excel exportieren?<\/a><\/li><\/ul><strong>Kategorien<\/strong><ul><li><a href=\"https:\/\/stg.visualarq.com\/de\/support\/tip\/wie-man-die-information-eines-etiketts-in-verschiedenen-zeilen-verwaltet\/\">Wie man die Information eines Etiketts in verschiedenen Zeilen verwaltet<\/a><\/li><li><a href=\"https:\/\/stg.visualarq.com\/de\/support\/tip\/can-i-put-the-object-dimensions-or-other-information-inside-tags\/\">K\u00f6nnen die Abmessungen des Objekts oder andere Informationen in den Beschriftungen angezeigt werden?<\/a><\/li><\/ul><strong>Drucken<\/strong><ul><li><a href=\"https:\/\/stg.visualarq.com\/de\/support\/tip\/trick-to-create-2d-vector-drawings-with-lighting\/\">Trick zur Erzeugung von 2D-Vektorzeichnungen mit Beleuchtung<\/a><\/li><li><a href=\"https:\/\/stg.visualarq.com\/de\/support\/tip\/tips-create-3d-printable-model\/\">Tipps zur Erzeugung eines druckfertigen 3D-Modells<\/a><\/li><li><a href=\"https:\/\/stg.visualarq.com\/de\/support\/tip\/how-can-i-print-out-the-height-level-dashed-lines-which-visualarq-shows\/\">Wie kann ich die gestrichelten Linien der H\u00f6he drucken, die in VisualARQ angezeigt werden?<\/a><\/li><\/ul><strong>Rendern und Material<\/strong><ul><li><a href=\"https:\/\/stg.visualarq.com\/de\/support\/tip\/how-can-i-apply-texture-mapping-to-visualarq-objects\/\">Wie kann Textur-Mapping auf VisualARQ-Objekte angewandt werden?<\/a><\/li><li><a href=\"https:\/\/stg.visualarq.com\/de\/support\/tip\/how-can-i-assign-different-materials-to-the-different-components-of-a-door-or-a-window\/\">Den verschiedenen Komponenten einer T\u00fcr oder eines Fensters unterschiedliche Materialien zuordnen<\/a><\/li><\/ul><strong>Tipps f\u00fcr den Workflow<\/strong><ul><li><a href=\"https:\/\/stg.visualarq.com\/de\/support\/tip\/tips-to-streamline-the-workflow-with-large-files-in-rhino\/\">Tipps zur Vereinfachung des Arbeitsablaufs mit gro\u00dfen Dateien in Rhino<\/a><\/li><li><a href=\"https:\/\/stg.visualarq.com\/de\/support\/tip\/how-can-i-make-the-section-line-appear-in-all-drawings\/\">Wie kann ich die Schnittlinie in allen Zeichnungen anzeigen?<\/a><\/li><li><a href=\"https:\/\/stg.visualarq.com\/de\/support\/tip\/how-can-i-select-objects-of-the-same-style-in-grasshopper\/\">Wie kann ich Objekte des gleichen Stils in Grasshopper ausw\u00e4hlen?<\/a><\/li><li><a href=\"https:\/\/stg.visualarq.com\/de\/support\/tip\/how-can-i-select-all-objects-of-the-same-type-or-style-at-once\/\">Wie kann ich alle Objekte desselben Typs oder desselben Stils auf einmal ausw\u00e4hlen?<\/a><\/li><li><a href=\"https:\/\/stg.visualarq.com\/de\/support\/tip\/shortcut-to-object-properties-and-object-styles-dialog\/\">Schnelleres \u00d6ffnen des Dialogfensters der Objekteigenschaften und -stile<\/a><\/li><\/ul><strong>Parameter<\/strong><ul><li><a href=\"https:\/\/stg.visualarq.com\/de\/support\/tip\/how-can-i-create-custom-parameters\/\">Wie kann ich benutzerdefinierte Parameter erzeugen?<\/a><\/li><li><a href=\"https:\/\/stg.visualarq.com\/de\/support\/tip\/how-can-i-create-calculated-parameters-with-grasshopper\/\">Wie kann ich berechnete Parameter mit Grasshopper erstellen?<\/a><\/li><\/ul><strong>IFC<\/strong><ul><li><a href=\"https:\/\/stg.visualarq.com\/de\/support\/tip\/wie-werden-benutzerdefinierte-daten-nach-ifc-exportiert\/\">Wie werden benutzerdefinierte Daten nach IFC exportiert?<\/a><\/li><\/ul>\n\n[\/et_pb_text][\/et_pb_column][\/et_pb_row][\/et_pb_section]","protected":false},"excerpt":{"rendered":"<p>Tipps und Tricks, um mit VisualARQ produktiver zu sein.<\/p>\n","protected":false},"author":1,"featured_media":0,"parent":11228,"menu_order":10,"comment_status":"closed","ping_status":"closed","template":"","meta":{"_et_pb_use_builder":"on","_et_pb_old_content":"<p><strong>Object Libraries, Toolbars, Templates<\/strong><\/p><ul><li><a href=\"\/?page_id=1890\">I can't see VisualARQ object styles libraries. Why? How can I load them?<\/a><\/li><li><a href=\"\/?page_id=525\">When I open a new drawing, VisualARQ toolbars don't appear on the screen... How can I load them?<\/a><\/li><li><a href=\"\/?page_id=522\">When I open a new drawing, the VisualARQ templates are not displayed in the templates dialog box... How can I make them appear?<\/a><\/li><li><a href=\"\/?page_id=8684\">How can I create a custom VisualARQ Template?<\/a><\/li><\/ul><p><strong>Interface<\/strong><\/p><ul><li><a href=\"\/?page_id=449\">Is it possible to turn off the scale icon?<\/a><\/li><li><a href=\"\/?page_id=452\">Is it possible to turn off the elevation marks?<\/a><\/li><\/ul><p><strong>Installation<\/strong><\/p><ul><li><a href=\"\/?page_id=3991\">Installation problems<\/a><\/li><li><a href=\"\/?page_id=8314\">Installation problems with the \"Windows Installer package. A DLL required for this install could not be run\"<\/a><\/li><li><a href=\"\/?page_id=8312\">After upgrading my Windows version, VisualARQ doesn't work<\/a><\/li><li><a href=\"\/?page_id=12192\">\"Rhino not found on this computer\" although I have it. What can I do?<\/a><\/li><li><a href=\"\/?page_id=5456\">Is it possible to install VisualARQ silently?<\/a><\/li><li><a href=\"\/?page_id=11833\">My anti-virus software is blocking or removing the installer file, what should I do?<\/a><\/li><\/ul><p><strong>Files<\/strong><\/p><ul><li><a href=\"\/?page_id=6318\">How to export Rhino and VisualARQ documents into AutoCAD<\/a><\/li><\/ul><p><strong>Objects<\/strong><\/p><ul><li><a href=\"\/?page_id=10236\">Can I extract the faces or edges of VisualARQ objects?<\/a><\/li><\/ul><p><strong>Walls<\/strong><\/p><ul><li><a href=\"\/?page_id=466\">How can I create a non-straight wall?<\/a><\/li><li><a href=\"\/?page_id=1065\">Is it possible to make a wall from a closed curve?<\/a><\/li><li><a href=\"\/?page_id=5278\">How can I create a new Wall Style and edit its 2D representation?<\/a><\/li><li><a href=\"\/?page_id=6596\">Is it possible to create irregular walls or walls from Rhino geometry?<\/a><\/li><li><a href=\"\/?page_id=6603\">Is it possible to do Boolean operations between VisualARQ walls and Rhino solids?<\/a><\/li><li><a href=\"\/?page_id=375\">When I create a wall with more than 1 component\u2026 which component is inside and which is outside?<\/a><\/li><li><a href=\"\/?page_id=355\">Is it possible to stretch a room without deforming it?<\/a><\/li><li><a href=\"\/?page_id=9979\">How can I show or hide the tangent lines between walls?<\/a><\/li><\/ul><p><strong>Curtain walls<\/strong><\/p><ul><li><a href=\"\/?page_id=11781\">How can I create sloped curtain walls?<\/a><\/li><li><a href=\"\/?page_id=11769\">Is it possible to create curved curtain walls with curved panels?<\/a><\/li><\/ul><p><strong>Beams<\/strong><\/p><ul><li><a href=\"\/?page_id=9915\">Is it possible to create beams with custom profiles?<\/a><\/li><li><a href=\"\/?p=10223\">Trick to split a beam in different parts<\/a><\/li><\/ul><p><strong>Doors, Windows and Openings<\/strong><\/p><ul><li><a href=\"\/?page_id=4671\">How can I create and select openings?<\/a><\/li><li><a href=\"\/?page_id=341\">How can I create customized doors or windows?<\/a><\/li><li><a href=\"\/?page_id=8779\">How can I change the door or window opening side?<\/a><\/li><\/ul><p><strong>Stairs<\/strong><\/p><ul><li><a href=\"\/?page_id=3986\">Stair slab: How to create a stair slab and change its thickness<\/a><\/li><li><a href=\"\/?page_id=5465\">How can I create stairs with landings?<\/a><\/li><li><a href=\"\/?page_id=9897\">How can I create spiral stairs? Can I add landings?<\/a><\/li><\/ul><p><strong>Roofs<\/strong><\/p><ul><li><a href=\"\/?page_id=370\">What are the steps to create a roof?<\/a><\/li><\/ul><p><strong>Profiles<\/strong><\/p><ul><li><a href=\"\/?page_id=454\">How can I create a custom profile?<\/a><\/li><\/ul><p><strong>Levels<\/strong><\/p><ul><li><a href=\"\/?page_id=461\">Once I have created floors using the Level Manager, how can I switch from one floor to another?<\/a><\/li><li><a href=\"\/?page_id=7382\">Is it possible to create multiple levels at the same time instead of creating them individually?<\/a><\/li><\/ul><p><strong>Plan and Section views<\/strong><\/p><ul><li><a href=\"\/?page_id=9969\">There are some missing lines in the Plan and Section views. Why?<\/a><\/li><\/ul><p><strong>Tables<\/strong><\/p><ul><li><a href=\"\/?page_id=8533\">How can I create tables of object quantity takeoffs and export them to Excel?<\/a><\/li><\/ul><p><strong>Tags<\/strong><\/p><ul><li><a href=\"\/?page_id=10071\">Is it possible to display the object dimensions or other information inside tags?<\/a><\/li><\/ul><p><strong>Printing<\/strong><\/p><ul><li><a href=\"\/?page_id=479\">How can I print out the height level dashed lines which VisualARQ shows?<\/a><\/li><li><a href=\"\/?page_id=11944\">Tips to create a 3D printable model<\/a><\/li><\/ul><p><strong>Render and Materials<\/strong><\/p><ul><li><a href=\"\/?page_id=3998\">How can I assign different materials to the different components of a door or a window?<\/a><\/li><\/ul><p><strong>Workflow Tips<\/strong><\/p><ul><li><a href=\"\/?page_id=6284\">Shortcut to object properties and object styles dialog<\/a><\/li><li><a href=\"\/?page_id=7852\">How can I select all objects of the same type or style at once?<\/a><\/li><\/ul>","_et_gb_content_width":"","footnotes":""},"class_list":["post-11260","page","type-page","status-publish","hentry"],"yoast_head":"<!-- This site is optimized with the Yoast SEO plugin v27.2 - https:\/\/yoast.com\/product\/yoast-seo-wordpress\/ -->\n<title>Tipps und Tricks - VisualARQ<\/title>\n<meta name=\"robots\" content=\"noindex, follow, max-snippet:-1, max-image-preview:large, max-video-preview:-1\" \/>\n<meta property=\"og:locale\" content=\"de_DE\" \/>\n<meta property=\"og:type\" content=\"article\" \/>\n<meta property=\"og:title\" content=\"Tipps und Tricks - VisualARQ\" \/>\n<meta property=\"og:description\" content=\"Tipps und Tricks, um mit VisualARQ produktiver zu sein.\" \/>\n<meta property=\"og:url\" content=\"https:\/\/stg.visualarq.com\/de\/support\/tips\/\" \/>\n<meta property=\"og:site_name\" content=\"VisualARQ\" \/>\n<meta property=\"article:publisher\" content=\"https:\/\/www.facebook.com\/visualarq\" \/>\n<meta property=\"article:modified_time\" content=\"2019-01-02T15:57:14+00:00\" \/>\n<meta name=\"twitter:card\" content=\"summary_large_image\" \/>\n<meta name=\"twitter:site\" content=\"@VisualARQ\" \/>\n<meta name=\"twitter:label1\" content=\"Gesch\u00e4tzte Lesezeit\" \/>\n\t<meta name=\"twitter:data1\" content=\"1\u00a0Minute\" \/>\n<script type=\"application\/ld+json\" class=\"yoast-schema-graph\">{\"@context\":\"https:\/\/schema.org\",\"@graph\":[{\"@type\":\"WebPage\",\"@id\":\"https:\/\/stg.visualarq.com\/de\/support\/tips\/\",\"url\":\"https:\/\/stg.visualarq.com\/de\/support\/tips\/\",\"name\":\"Tipps und Tricks - VisualARQ\",\"isPartOf\":{\"@id\":\"https:\/\/stg.visualarq.com\/de\/#website\"},\"datePublished\":\"2011-01-12T00:00:00+00:00\",\"dateModified\":\"2019-01-02T15:57:14+00:00\",\"breadcrumb\":{\"@id\":\"https:\/\/stg.visualarq.com\/de\/support\/tips\/#breadcrumb\"},\"inLanguage\":\"de\",\"potentialAction\":[{\"@type\":\"ReadAction\",\"target\":[\"https:\/\/stg.visualarq.com\/de\/support\/tips\/\"]}]},{\"@type\":\"BreadcrumbList\",\"@id\":\"https:\/\/stg.visualarq.com\/de\/support\/tips\/#breadcrumb\",\"itemListElement\":[{\"@type\":\"ListItem\",\"position\":1,\"name\":\"Home\",\"item\":\"https:\/\/stg.visualarq.com\/de\/home\/\"},{\"@type\":\"ListItem\",\"position\":2,\"name\":\"Support\",\"item\":\"https:\/\/stg.visualarq.com\/de\/support\/\"},{\"@type\":\"ListItem\",\"position\":3,\"name\":\"Tipps und Tricks\"}]},{\"@type\":\"WebSite\",\"@id\":\"https:\/\/stg.visualarq.com\/de\/#website\",\"url\":\"https:\/\/stg.visualarq.com\/de\/\",\"name\":\"VisualARQ\",\"description\":\"Flexible BIM for Rhino\",\"potentialAction\":[{\"@type\":\"SearchAction\",\"target\":{\"@type\":\"EntryPoint\",\"urlTemplate\":\"https:\/\/stg.visualarq.com\/de\/?s={search_term_string}\"},\"query-input\":{\"@type\":\"PropertyValueSpecification\",\"valueRequired\":true,\"valueName\":\"search_term_string\"}}],\"inLanguage\":\"de\"}]}<\/script>\n<!-- \/ Yoast SEO plugin. -->","yoast_head_json":{"title":"Tipps und Tricks - VisualARQ","robots":{"index":"noindex","follow":"follow","max-snippet":"max-snippet:-1","max-image-preview":"max-image-preview:large","max-video-preview":"max-video-preview:-1"},"og_locale":"de_DE","og_type":"article","og_title":"Tipps und Tricks - VisualARQ","og_description":"Tipps und Tricks, um mit VisualARQ produktiver zu sein.","og_url":"https:\/\/stg.visualarq.com\/de\/support\/tips\/","og_site_name":"VisualARQ","article_publisher":"https:\/\/www.facebook.com\/visualarq","article_modified_time":"2019-01-02T15:57:14+00:00","twitter_card":"summary_large_image","twitter_site":"@VisualARQ","twitter_misc":{"Gesch\u00e4tzte Lesezeit":"1\u00a0Minute"},"schema":{"@context":"https:\/\/schema.org","@graph":[{"@type":"WebPage","@id":"https:\/\/stg.visualarq.com\/de\/support\/tips\/","url":"https:\/\/stg.visualarq.com\/de\/support\/tips\/","name":"Tipps und Tricks - VisualARQ","isPartOf":{"@id":"https:\/\/stg.visualarq.com\/de\/#website"},"datePublished":"2011-01-12T00:00:00+00:00","dateModified":"2019-01-02T15:57:14+00:00","breadcrumb":{"@id":"https:\/\/stg.visualarq.com\/de\/support\/tips\/#breadcrumb"},"inLanguage":"de","potentialAction":[{"@type":"ReadAction","target":["https:\/\/stg.visualarq.com\/de\/support\/tips\/"]}]},{"@type":"BreadcrumbList","@id":"https:\/\/stg.visualarq.com\/de\/support\/tips\/#breadcrumb","itemListElement":[{"@type":"ListItem","position":1,"name":"Home","item":"https:\/\/stg.visualarq.com\/de\/home\/"},{"@type":"ListItem","position":2,"name":"Support","item":"https:\/\/stg.visualarq.com\/de\/support\/"},{"@type":"ListItem","position":3,"name":"Tipps und Tricks"}]},{"@type":"WebSite","@id":"https:\/\/stg.visualarq.com\/de\/#website","url":"https:\/\/stg.visualarq.com\/de\/","name":"VisualARQ","description":"Flexible BIM for Rhino","potentialAction":[{"@type":"SearchAction","target":{"@type":"EntryPoint","urlTemplate":"https:\/\/stg.visualarq.com\/de\/?s={search_term_string}"},"query-input":{"@type":"PropertyValueSpecification","valueRequired":true,"valueName":"search_term_string"}}],"inLanguage":"de"}]}},"_links":{"self":[{"href":"https:\/\/stg.visualarq.com\/de\/wp-json\/wp\/v2\/pages\/11260","targetHints":{"allow":["GET"]}}],"collection":[{"href":"https:\/\/stg.visualarq.com\/de\/wp-json\/wp\/v2\/pages"}],"about":[{"href":"https:\/\/stg.visualarq.com\/de\/wp-json\/wp\/v2\/types\/page"}],"author":[{"embeddable":true,"href":"https:\/\/stg.visualarq.com\/de\/wp-json\/wp\/v2\/users\/1"}],"replies":[{"embeddable":true,"href":"https:\/\/stg.visualarq.com\/de\/wp-json\/wp\/v2\/comments?post=11260"}],"version-history":[{"count":0,"href":"https:\/\/stg.visualarq.com\/de\/wp-json\/wp\/v2\/pages\/11260\/revisions"}],"up":[{"embeddable":true,"href":"https:\/\/stg.visualarq.com\/de\/wp-json\/wp\/v2\/pages\/11228"}],"wp:attachment":[{"href":"https:\/\/stg.visualarq.com\/de\/wp-json\/wp\/v2\/media?parent=11260"}],"curies":[{"name":"wp","href":"https:\/\/api.w.org\/{rel}","templated":true}]}}