{"id":11267,"date":"2009-10-08T00:00:00","date_gmt":"2009-10-08T00:00:00","guid":{"rendered":"https:\/\/stg.visualarq.com\/support\/contact-support\/"},"modified":"2019-01-02T15:57:28","modified_gmt":"2019-01-02T15:57:28","slug":"contact-support","status":"publish","type":"page","link":"https:\/\/stg.visualarq.com\/de\/support\/contact-support\/","title":{"rendered":"Support kontaktieren"},"content":{"rendered":"<h1>Support kontaktieren<\/h1>\n<p><strong>F\u00fcr technischen\/kommerziellen Support und Dienstleistungen in Ihrer Sprache setzen Sie sich mit Ihrem H\u00e4ndler in Verbindung.<\/strong><\/p>\n<p>Sie k\u00f6nnen uns auch jederzeit per E-Mail oder Telefon kontaktieren, wenn Sie Fragen zu VisualARQ haben, oder wenn Sie uns einfach Ihre Ideen mitteilen und uns R\u00fcckmeldung geben m\u00f6chten, um das Programm zu verbessern. <br>\nWir w\u00fcrden gern von Ihnen h\u00f6ren!<\/p>\n<ul>\n<li>E-Mail: <a href=\"mailto:visualarq@asuni.com\">visualarq@asuni.com<\/a>\n<\/li>\n<li>Tel: +34 93 319 6868<\/li>\n<\/ul>","protected":false},"excerpt":{"rendered":"<p>Support kontaktieren F\u00fcr technischen\/kommerziellen Support und Dienstleistungen in Ihrer Sprache setzen Sie sich mit Ihrem H\u00e4ndler in Verbindung. Sie k\u00f6nnen uns auch jederzeit per E-Mail oder Telefon kontaktieren, wenn Sie Fragen zu VisualARQ haben, oder wenn Sie uns einfach Ihre Ideen mitteilen und uns R\u00fcckmeldung geben m\u00f6chten, um das Programm zu verbessern. Wir w\u00fcrden gern [&hellip;]<\/p>\n","protected":false},"author":1,"featured_media":0,"parent":11228,"menu_order":30,"comment_status":"closed","ping_status":"closed","template":"","meta":{"_et_pb_use_builder":"","_et_pb_old_content":"","_et_gb_content_width":"","footnotes":""},"class_list":["post-11267","page","type-page","status-publish","hentry"],"yoast_head":"<!-- This site is optimized with the Yoast SEO plugin v27.2 - https:\/\/yoast.com\/product\/yoast-seo-wordpress\/ -->\n<title>Support kontaktieren - VisualARQ<\/title>\n<meta name=\"robots\" content=\"noindex, follow, max-snippet:-1, max-image-preview:large, max-video-preview:-1\" \/>\n<meta property=\"og:locale\" content=\"de_DE\" \/>\n<meta property=\"og:type\" content=\"article\" \/>\n<meta property=\"og:title\" content=\"Support kontaktieren - VisualARQ\" \/>\n<meta property=\"og:description\" content=\"Support kontaktieren F\u00fcr technischen\/kommerziellen Support und Dienstleistungen in Ihrer Sprache setzen Sie sich mit Ihrem H\u00e4ndler in Verbindung. Sie k\u00f6nnen uns auch jederzeit per E-Mail oder Telefon kontaktieren, wenn Sie Fragen zu VisualARQ haben, oder wenn Sie uns einfach Ihre Ideen mitteilen und uns R\u00fcckmeldung geben m\u00f6chten, um das Programm zu verbessern. Wir w\u00fcrden gern [&hellip;]\" \/>\n<meta property=\"og:url\" content=\"https:\/\/stg.visualarq.com\/de\/support\/contact-support\/\" \/>\n<meta property=\"og:site_name\" content=\"VisualARQ\" \/>\n<meta property=\"article:publisher\" content=\"https:\/\/www.facebook.com\/visualarq\" \/>\n<meta property=\"article:modified_time\" content=\"2019-01-02T15:57:28+00:00\" \/>\n<meta name=\"twitter:card\" content=\"summary_large_image\" \/>\n<meta name=\"twitter:site\" content=\"@VisualARQ\" \/>\n<script type=\"application\/ld+json\" class=\"yoast-schema-graph\">{\"@context\":\"https:\/\/schema.org\",\"@graph\":[{\"@type\":\"WebPage\",\"@id\":\"https:\/\/stg.visualarq.com\/de\/support\/contact-support\/\",\"url\":\"https:\/\/stg.visualarq.com\/de\/support\/contact-support\/\",\"name\":\"Support kontaktieren - VisualARQ\",\"isPartOf\":{\"@id\":\"https:\/\/stg.visualarq.com\/de\/#website\"},\"datePublished\":\"2009-10-08T00:00:00+00:00\",\"dateModified\":\"2019-01-02T15:57:28+00:00\",\"breadcrumb\":{\"@id\":\"https:\/\/stg.visualarq.com\/de\/support\/contact-support\/#breadcrumb\"},\"inLanguage\":\"de\",\"potentialAction\":[{\"@type\":\"ReadAction\",\"target\":[\"https:\/\/stg.visualarq.com\/de\/support\/contact-support\/\"]}]},{\"@type\":\"BreadcrumbList\",\"@id\":\"https:\/\/stg.visualarq.com\/de\/support\/contact-support\/#breadcrumb\",\"itemListElement\":[{\"@type\":\"ListItem\",\"position\":1,\"name\":\"Home\",\"item\":\"https:\/\/stg.visualarq.com\/de\/home\/\"},{\"@type\":\"ListItem\",\"position\":2,\"name\":\"Support\",\"item\":\"https:\/\/stg.visualarq.com\/de\/support\/\"},{\"@type\":\"ListItem\",\"position\":3,\"name\":\"Support kontaktieren\"}]},{\"@type\":\"WebSite\",\"@id\":\"https:\/\/stg.visualarq.com\/de\/#website\",\"url\":\"https:\/\/stg.visualarq.com\/de\/\",\"name\":\"VisualARQ\",\"description\":\"Flexible BIM for Rhino\",\"potentialAction\":[{\"@type\":\"SearchAction\",\"target\":{\"@type\":\"EntryPoint\",\"urlTemplate\":\"https:\/\/stg.visualarq.com\/de\/?s={search_term_string}\"},\"query-input\":{\"@type\":\"PropertyValueSpecification\",\"valueRequired\":true,\"valueName\":\"search_term_string\"}}],\"inLanguage\":\"de\"}]}<\/script>\n<!-- \/ Yoast SEO plugin. -->","yoast_head_json":{"title":"Support kontaktieren - VisualARQ","robots":{"index":"noindex","follow":"follow","max-snippet":"max-snippet:-1","max-image-preview":"max-image-preview:large","max-video-preview":"max-video-preview:-1"},"og_locale":"de_DE","og_type":"article","og_title":"Support kontaktieren - VisualARQ","og_description":"Support kontaktieren F\u00fcr technischen\/kommerziellen Support und Dienstleistungen in Ihrer Sprache setzen Sie sich mit Ihrem H\u00e4ndler in Verbindung. Sie k\u00f6nnen uns auch jederzeit per E-Mail oder Telefon kontaktieren, wenn Sie Fragen zu VisualARQ haben, oder wenn Sie uns einfach Ihre Ideen mitteilen und uns R\u00fcckmeldung geben m\u00f6chten, um das Programm zu verbessern. Wir w\u00fcrden gern [&hellip;]","og_url":"https:\/\/stg.visualarq.com\/de\/support\/contact-support\/","og_site_name":"VisualARQ","article_publisher":"https:\/\/www.facebook.com\/visualarq","article_modified_time":"2019-01-02T15:57:28+00:00","twitter_card":"summary_large_image","twitter_site":"@VisualARQ","schema":{"@context":"https:\/\/schema.org","@graph":[{"@type":"WebPage","@id":"https:\/\/stg.visualarq.com\/de\/support\/contact-support\/","url":"https:\/\/stg.visualarq.com\/de\/support\/contact-support\/","name":"Support kontaktieren - VisualARQ","isPartOf":{"@id":"https:\/\/stg.visualarq.com\/de\/#website"},"datePublished":"2009-10-08T00:00:00+00:00","dateModified":"2019-01-02T15:57:28+00:00","breadcrumb":{"@id":"https:\/\/stg.visualarq.com\/de\/support\/contact-support\/#breadcrumb"},"inLanguage":"de","potentialAction":[{"@type":"ReadAction","target":["https:\/\/stg.visualarq.com\/de\/support\/contact-support\/"]}]},{"@type":"BreadcrumbList","@id":"https:\/\/stg.visualarq.com\/de\/support\/contact-support\/#breadcrumb","itemListElement":[{"@type":"ListItem","position":1,"name":"Home","item":"https:\/\/stg.visualarq.com\/de\/home\/"},{"@type":"ListItem","position":2,"name":"Support","item":"https:\/\/stg.visualarq.com\/de\/support\/"},{"@type":"ListItem","position":3,"name":"Support kontaktieren"}]},{"@type":"WebSite","@id":"https:\/\/stg.visualarq.com\/de\/#website","url":"https:\/\/stg.visualarq.com\/de\/","name":"VisualARQ","description":"Flexible BIM for Rhino","potentialAction":[{"@type":"SearchAction","target":{"@type":"EntryPoint","urlTemplate":"https:\/\/stg.visualarq.com\/de\/?s={search_term_string}"},"query-input":{"@type":"PropertyValueSpecification","valueRequired":true,"valueName":"search_term_string"}}],"inLanguage":"de"}]}},"_links":{"self":[{"href":"https:\/\/stg.visualarq.com\/de\/wp-json\/wp\/v2\/pages\/11267","targetHints":{"allow":["GET"]}}],"collection":[{"href":"https:\/\/stg.visualarq.com\/de\/wp-json\/wp\/v2\/pages"}],"about":[{"href":"https:\/\/stg.visualarq.com\/de\/wp-json\/wp\/v2\/types\/page"}],"author":[{"embeddable":true,"href":"https:\/\/stg.visualarq.com\/de\/wp-json\/wp\/v2\/users\/1"}],"replies":[{"embeddable":true,"href":"https:\/\/stg.visualarq.com\/de\/wp-json\/wp\/v2\/comments?post=11267"}],"version-history":[{"count":0,"href":"https:\/\/stg.visualarq.com\/de\/wp-json\/wp\/v2\/pages\/11267\/revisions"}],"up":[{"embeddable":true,"href":"https:\/\/stg.visualarq.com\/de\/wp-json\/wp\/v2\/pages\/11228"}],"wp:attachment":[{"href":"https:\/\/stg.visualarq.com\/de\/wp-json\/wp\/v2\/media?parent=11267"}],"curies":[{"name":"wp","href":"https:\/\/api.w.org\/{rel}","templated":true}]}}