{"id":11271,"date":"2011-01-12T00:00:00","date_gmt":"2011-01-12T00:00:00","guid":{"rendered":"https:\/\/stg.visualarq.com\/learn\/online-demo\/"},"modified":"2022-06-03T07:59:41","modified_gmt":"2022-06-03T07:59:41","slug":"online-demo","status":"publish","type":"page","link":"https:\/\/stg.visualarq.com\/de\/learn\/online-demo\/","title":{"rendered":"Online-Demo"},"content":{"rendered":"<h1>Kostenlose Online-Demo vereinbaren<\/h1>\n<ul>\n<li><a href=\"mailto:visualarq@asuni.com\"><strong>Setzen Sie sich mit uns in Verbindung<\/strong><\/a>, um ein Online-Treffen f\u00fcr eine VisualARQ-Pr\u00e4sentation zu vereinbaren. Wir werden uns mit Ihnen in Verbindung setzen, um Datum und Uhrzeit festzulegen.<\/li>\n<li>So lernen Sie die Haupteigenschaften von VisualARQ am schnellsten und einfachsten kennen.\u00a0<\/li>\n<li>L\u00f6sen Sie Zweifel, teilen Sie Ihre Ideen und stellen Sie pers\u00f6nlich Fragen \u00fcber VisualARQ.<\/li>\n<li>Die Pr\u00e4sentationen werden mit Zoom abgehalten. Nach Vereinbarung von Datum und Uhrzeit erhalten Sie einen Link, Sie m\u00fcssen aber nichts installieren. Sie ben\u00f6tigen nur eine ADSL-Internetverbindung und ein Festnetztelefon.<\/li>\n<\/ul>\n<p style=\"text-align: center;\"><img decoding=\"async\" class=\"size-full wp-image-2098 aligncenter\" alt=\"\" src=\"https:\/\/stg.visualarq.com\/wp-content\/uploads\/sites\/2\/2011\/09\/live-demo-2.jpg\" \/><\/p>\n<hr class=\"separator\">\n<h1>VisualARQ-Webinars<\/h1>\n<p>Wenn Sie kein Online-Meeting abhalten m\u00f6chten, sich aber gerne einen \u00dcberblick \u00fcber die neuesten Funktionen von VisualARQ verschaffen m\u00f6chten, <a href=\"https:\/\/stg.visualarq.com\/de\/learn\/webinars\/\">sehen Sie sich hier unsere aufgezeichneten VisualARQ-Webinare an.<\/a><\/p>","protected":false},"excerpt":{"rendered":"<p>Kostenlose Online-Demo vereinbaren<\/p>\n","protected":false},"author":6,"featured_media":0,"parent":11368,"menu_order":0,"comment_status":"closed","ping_status":"closed","template":"","meta":{"_et_pb_use_builder":"","_et_pb_old_content":"","_et_gb_content_width":"","footnotes":""},"class_list":["post-11271","page","type-page","status-publish","hentry"],"yoast_head":"<!-- This site is optimized with the Yoast SEO plugin v27.3 - https:\/\/yoast.com\/product\/yoast-seo-wordpress\/ -->\n<title>Online-Demo - VisualARQ<\/title>\n<meta name=\"robots\" content=\"noindex, follow, max-snippet:-1, max-image-preview:large, max-video-preview:-1\" \/>\n<meta property=\"og:locale\" content=\"de_DE\" \/>\n<meta property=\"og:type\" content=\"article\" \/>\n<meta property=\"og:title\" content=\"Online-Demo - VisualARQ\" \/>\n<meta property=\"og:description\" content=\"Kostenlose Online-Demo vereinbaren\" \/>\n<meta property=\"og:url\" content=\"https:\/\/stg.visualarq.com\/de\/learn\/online-demo\/\" \/>\n<meta property=\"og:site_name\" content=\"VisualARQ\" \/>\n<meta property=\"article:publisher\" content=\"https:\/\/www.facebook.com\/visualarq\" \/>\n<meta property=\"article:modified_time\" content=\"2022-06-03T07:59:41+00:00\" \/>\n<meta property=\"og:image\" content=\"https:\/\/stg.visualarq.com\/wp-content\/uploads\/sites\/2\/2011\/09\/live-demo-2.jpg\" \/>\n<meta name=\"twitter:card\" content=\"summary_large_image\" \/>\n<meta name=\"twitter:site\" content=\"@VisualARQ\" \/>\n<meta name=\"twitter:label1\" content=\"Gesch\u00e4tzte Lesezeit\" \/>\n\t<meta name=\"twitter:data1\" content=\"1\u00a0Minute\" \/>\n<script type=\"application\/ld+json\" class=\"yoast-schema-graph\">{\"@context\":\"https:\\\/\\\/schema.org\",\"@graph\":[{\"@type\":\"WebPage\",\"@id\":\"https:\\\/\\\/stg.visualarq.com\\\/de\\\/learn\\\/online-demo\\\/\",\"url\":\"https:\\\/\\\/stg.visualarq.com\\\/de\\\/learn\\\/online-demo\\\/\",\"name\":\"Online-Demo - VisualARQ\",\"isPartOf\":{\"@id\":\"https:\\\/\\\/stg.visualarq.com\\\/de\\\/#website\"},\"primaryImageOfPage\":{\"@id\":\"https:\\\/\\\/stg.visualarq.com\\\/de\\\/learn\\\/online-demo\\\/#primaryimage\"},\"image\":{\"@id\":\"https:\\\/\\\/stg.visualarq.com\\\/de\\\/learn\\\/online-demo\\\/#primaryimage\"},\"thumbnailUrl\":\"https:\\\/\\\/stg.visualarq.com\\\/wp-content\\\/uploads\\\/sites\\\/2\\\/2011\\\/09\\\/live-demo-2.jpg\",\"datePublished\":\"2011-01-12T00:00:00+00:00\",\"dateModified\":\"2022-06-03T07:59:41+00:00\",\"breadcrumb\":{\"@id\":\"https:\\\/\\\/stg.visualarq.com\\\/de\\\/learn\\\/online-demo\\\/#breadcrumb\"},\"inLanguage\":\"de\",\"potentialAction\":[{\"@type\":\"ReadAction\",\"target\":[\"https:\\\/\\\/stg.visualarq.com\\\/de\\\/learn\\\/online-demo\\\/\"]}]},{\"@type\":\"ImageObject\",\"inLanguage\":\"de\",\"@id\":\"https:\\\/\\\/stg.visualarq.com\\\/de\\\/learn\\\/online-demo\\\/#primaryimage\",\"url\":\"https:\\\/\\\/stg.visualarq.com\\\/wp-content\\\/uploads\\\/sites\\\/2\\\/2011\\\/09\\\/live-demo-2.jpg\",\"contentUrl\":\"https:\\\/\\\/stg.visualarq.com\\\/wp-content\\\/uploads\\\/sites\\\/2\\\/2011\\\/09\\\/live-demo-2.jpg\"},{\"@type\":\"BreadcrumbList\",\"@id\":\"https:\\\/\\\/stg.visualarq.com\\\/de\\\/learn\\\/online-demo\\\/#breadcrumb\",\"itemListElement\":[{\"@type\":\"ListItem\",\"position\":1,\"name\":\"Home\",\"item\":\"https:\\\/\\\/stg.visualarq.com\\\/de\\\/home\\\/\"},{\"@type\":\"ListItem\",\"position\":2,\"name\":\"Schulung\",\"item\":\"https:\\\/\\\/stg.visualarq.com\\\/de\\\/learn\\\/\"},{\"@type\":\"ListItem\",\"position\":3,\"name\":\"Online-Demo\"}]},{\"@type\":\"WebSite\",\"@id\":\"https:\\\/\\\/stg.visualarq.com\\\/de\\\/#website\",\"url\":\"https:\\\/\\\/stg.visualarq.com\\\/de\\\/\",\"name\":\"VisualARQ\",\"description\":\"Flexible BIM for Rhino\",\"potentialAction\":[{\"@type\":\"SearchAction\",\"target\":{\"@type\":\"EntryPoint\",\"urlTemplate\":\"https:\\\/\\\/stg.visualarq.com\\\/de\\\/?s={search_term_string}\"},\"query-input\":{\"@type\":\"PropertyValueSpecification\",\"valueRequired\":true,\"valueName\":\"search_term_string\"}}],\"inLanguage\":\"de\"}]}<\/script>\n<!-- \/ Yoast SEO plugin. -->","yoast_head_json":{"title":"Online-Demo - VisualARQ","robots":{"index":"noindex","follow":"follow","max-snippet":"max-snippet:-1","max-image-preview":"max-image-preview:large","max-video-preview":"max-video-preview:-1"},"og_locale":"de_DE","og_type":"article","og_title":"Online-Demo - VisualARQ","og_description":"Kostenlose Online-Demo vereinbaren","og_url":"https:\/\/stg.visualarq.com\/de\/learn\/online-demo\/","og_site_name":"VisualARQ","article_publisher":"https:\/\/www.facebook.com\/visualarq","article_modified_time":"2022-06-03T07:59:41+00:00","og_image":[{"url":"https:\/\/stg.visualarq.com\/wp-content\/uploads\/sites\/2\/2011\/09\/live-demo-2.jpg","type":"","width":"","height":""}],"twitter_card":"summary_large_image","twitter_site":"@VisualARQ","twitter_misc":{"Gesch\u00e4tzte Lesezeit":"1\u00a0Minute"},"schema":{"@context":"https:\/\/schema.org","@graph":[{"@type":"WebPage","@id":"https:\/\/stg.visualarq.com\/de\/learn\/online-demo\/","url":"https:\/\/stg.visualarq.com\/de\/learn\/online-demo\/","name":"Online-Demo - VisualARQ","isPartOf":{"@id":"https:\/\/stg.visualarq.com\/de\/#website"},"primaryImageOfPage":{"@id":"https:\/\/stg.visualarq.com\/de\/learn\/online-demo\/#primaryimage"},"image":{"@id":"https:\/\/stg.visualarq.com\/de\/learn\/online-demo\/#primaryimage"},"thumbnailUrl":"https:\/\/stg.visualarq.com\/wp-content\/uploads\/sites\/2\/2011\/09\/live-demo-2.jpg","datePublished":"2011-01-12T00:00:00+00:00","dateModified":"2022-06-03T07:59:41+00:00","breadcrumb":{"@id":"https:\/\/stg.visualarq.com\/de\/learn\/online-demo\/#breadcrumb"},"inLanguage":"de","potentialAction":[{"@type":"ReadAction","target":["https:\/\/stg.visualarq.com\/de\/learn\/online-demo\/"]}]},{"@type":"ImageObject","inLanguage":"de","@id":"https:\/\/stg.visualarq.com\/de\/learn\/online-demo\/#primaryimage","url":"https:\/\/stg.visualarq.com\/wp-content\/uploads\/sites\/2\/2011\/09\/live-demo-2.jpg","contentUrl":"https:\/\/stg.visualarq.com\/wp-content\/uploads\/sites\/2\/2011\/09\/live-demo-2.jpg"},{"@type":"BreadcrumbList","@id":"https:\/\/stg.visualarq.com\/de\/learn\/online-demo\/#breadcrumb","itemListElement":[{"@type":"ListItem","position":1,"name":"Home","item":"https:\/\/stg.visualarq.com\/de\/home\/"},{"@type":"ListItem","position":2,"name":"Schulung","item":"https:\/\/stg.visualarq.com\/de\/learn\/"},{"@type":"ListItem","position":3,"name":"Online-Demo"}]},{"@type":"WebSite","@id":"https:\/\/stg.visualarq.com\/de\/#website","url":"https:\/\/stg.visualarq.com\/de\/","name":"VisualARQ","description":"Flexible BIM for Rhino","potentialAction":[{"@type":"SearchAction","target":{"@type":"EntryPoint","urlTemplate":"https:\/\/stg.visualarq.com\/de\/?s={search_term_string}"},"query-input":{"@type":"PropertyValueSpecification","valueRequired":true,"valueName":"search_term_string"}}],"inLanguage":"de"}]}},"_links":{"self":[{"href":"https:\/\/stg.visualarq.com\/de\/wp-json\/wp\/v2\/pages\/11271","targetHints":{"allow":["GET"]}}],"collection":[{"href":"https:\/\/stg.visualarq.com\/de\/wp-json\/wp\/v2\/pages"}],"about":[{"href":"https:\/\/stg.visualarq.com\/de\/wp-json\/wp\/v2\/types\/page"}],"author":[{"embeddable":true,"href":"https:\/\/stg.visualarq.com\/de\/wp-json\/wp\/v2\/users\/6"}],"replies":[{"embeddable":true,"href":"https:\/\/stg.visualarq.com\/de\/wp-json\/wp\/v2\/comments?post=11271"}],"version-history":[{"count":0,"href":"https:\/\/stg.visualarq.com\/de\/wp-json\/wp\/v2\/pages\/11271\/revisions"}],"up":[{"embeddable":true,"href":"https:\/\/stg.visualarq.com\/de\/wp-json\/wp\/v2\/pages\/11368"}],"wp:attachment":[{"href":"https:\/\/stg.visualarq.com\/de\/wp-json\/wp\/v2\/media?parent=11271"}],"curies":[{"name":"wp","href":"https:\/\/api.w.org\/{rel}","templated":true}]}}