{"id":11273,"date":"2011-01-13T00:00:00","date_gmt":"2011-01-13T00:00:00","guid":{"rendered":"https:\/\/stg.visualarq.com\/info\/what-is-rhino\/"},"modified":"2022-06-02T11:50:25","modified_gmt":"2022-06-02T11:50:25","slug":"what-is-rhino","status":"publish","type":"page","link":"https:\/\/stg.visualarq.com\/de\/info\/what-is-rhino\/","title":{"rendered":"Was ist Rhino?"},"content":{"rendered":"\n<h1 class=\"wp-block-heading\"><strong>Was ist Rhino?<\/strong><\/h1>\n\n<div style=\"height:50px\" aria-hidden=\"true\" class=\"wp-block-spacer\"><\/div>\n\n<h3 class=\"wp-block-heading\">Rhinoceros \u2013 Modellierwerkzeuge f\u00fcr Designer und Architekten<\/h3>\n\n<p>Seit der ersten Ver\u00f6ffentlichung im Jahr 1998 ist Rhinoceros\u00ae, oder Rhino\u00ae, zu einem der Standard 3D-Modellierwerkzeuge f\u00fcr <strong>Designer<\/strong> und <strong>Architekten<\/strong> geworden.<\/p>\n\n<p>Rhino kann in Windows <strong>NURBS<\/strong>-Kurven, -Fl\u00e4chen und -Volumenk\u00f6rper erzeugen, bearbeiten, analysieren, dokumentieren, rendern, \u00fcbersetzen und Animationen erstellen. Es gibt keine Grenzen, was Komplexit\u00e4t, Grad oder Gr\u00f6\u00dfe betrifft. Polygonnetze und Punktewolken werden ebenfalls von Rhino unterst\u00fctzt. Seine Genauigkeit und Flexibilit\u00e4t erlauben den Studenten, ihre eigenen Ideen zu erforschen und in die Realit\u00e4t umzusetzen, ohne dass sie viel Zeit investieren m\u00fcssen, um &#8222;CAD&#8220; zu lernen.<\/p>\n\n<p>Beginnen Sie mit einer Skizze, einer Zeichnung, einem realen Modell, Scanningdaten oder einfach mit einer Idee\u2014Rhino liefert die Werkzeuge zur <strong>exakten Modellierung<\/strong> <strong><\/strong>Ihrer <strong>Projekte<\/strong> und bereitet diese f\u00fcr das <strong>Rendering, die Animation, den Entwurf, die Anfertigung eines Vormodells, die Analyse und die Herstellung<\/strong> vor.<\/p>\n\n<p>In Rhino erzeugte Geometrie kann in Laserschneidger\u00e4te, Fr\u00e4smaschinen oder 3D-Drucker exportiert werden und genau dies unterscheidet Rhino von anderen allgemeinen 3D-Modellierwerkzeugen, die sich auf Polygone st\u00fctzen, mit denen Sie gro\u00dfartige Bilder erzeugen k\u00f6nnen, jedoch \u00fcber keine Fertigungspr\u00e4zision verf\u00fcgen.<\/p>\n\n<p>Rhinos offene Architektur erlaubt die Verwendung von Rhino als Entwicklungsplattform: a C++ SDK und eine Reihe von Skriptingmethoden (RhinoScript) erm\u00f6glichen es Programmierern jeglichen Niveaus, Rhino zu personalisieren und automatisieren und so seine M\u00f6glichkeiten zu erweitern. Heute gibt es Dutzende von kommerziellen Plug-ins f\u00fcr Rhino f\u00fcr Nesting, Gel\u00e4ndeerzeugung, parametrische Architektur, Rendering, Animation, CAM, Freiformfl\u00e4chen, Schmuck, Formendesign, etc.<\/p>\n\n<p>Mit \u00fcber 300&#8217;000 kommerziellen Benutzern und \u00fcber 10&#8217;000 Schulen gibt Ihnen Rhinoceros die M\u00f6glichkeit, Entw\u00fcrfe schnell zu erstellen und sie dann exakt an die zust\u00e4ndige Stelle in der Produktforschung, Entwicklung, im Marketing und Herstellungs- oder Konstruktionsprozess weiterzuleiten.<\/p>\n\n<p>Sie k\u00f6nnen eine kostenlose <strong>Testversion<\/strong> unter <a href=\"https:\/\/www.rhino3d.com\/eval.htm\">www.de.rhino3d.com\/eval.htm<\/a> runterladen<\/p>\n\n<div style=\"height:50px\" aria-hidden=\"true\" class=\"wp-block-spacer\"><\/div>\n\n<h2 class=\"wp-block-heading\">VisualARQ in Rhino:<\/h2>\n\n<p>VisualARQ ist vollst\u00e4ndig in <strong>Rhino 5<\/strong> (32 und 64 Bit), <strong>Rhino 6<\/strong> und <strong>Rhino 7<\/strong> integriert.<\/p>\n\n<p>Das Plug-in verwendet den gleichen Workflow und alle Rhino-Werkzeuge und Befehle, die mit 2D- und 3D-Objekten funktionieren, k\u00f6nnen mit VisualARQ-Objekten kombiniert werden.<\/p>\n\n<p><\/p>\n\n<p><\/p>\n\n<div class=\"wp-block-group is-layout-flow wp-block-group-is-layout-flow\">\n<h3 class=\"wp-block-heading\">Kurvenerzeugung und 2D-Zeichnungswerkzeuge:<\/h3>\n\n\n\n<div style=\"height:20px\" aria-hidden=\"true\" class=\"wp-block-spacer\"><\/div>\n\n\n\n<div class=\"wp-block-columns is-layout-flex wp-container-core-columns-is-layout-9d6595d7 wp-block-columns-is-layout-flex\">\n<div class=\"wp-block-column is-layout-flow wp-block-column-is-layout-flow\" style=\"flex-basis:30%\">\n<div class=\"wp-block-image\"><figure class=\"aligncenter\"><img decoding=\"async\" src=\"https:\/\/stg.visualarq.com\/wp-content\/uploads\/sites\/2\/2011\/08\/toolbar-curve-creation.png\" alt=\"\"\/><\/figure><\/div>\n<\/div>\n\n\n\n<div class=\"wp-block-column is-layout-flow wp-block-column-is-layout-flow\" style=\"flex-basis:70%\">\n<p>Punkt, Linie, Kurve, Polylinie, Kreis, Ellipse, Bogen, Rechteck, Polygon, etc. <\/p>\n<\/div>\n<\/div>\n\n\n\n<div class=\"wp-block-columns is-layout-flex wp-container-core-columns-is-layout-9d6595d7 wp-block-columns-is-layout-flex\">\n<div class=\"wp-block-column is-layout-flow wp-block-column-is-layout-flow\" style=\"flex-basis:30%\">\n<div class=\"wp-block-image\"><figure class=\"aligncenter is-resized\"><img loading=\"lazy\" decoding=\"async\" src=\"https:\/\/stg.visualarq.com\/wp-content\/uploads\/sites\/2\/2011\/08\/toolbar-drawing-tools.png\" alt=\"\" width=\"247\" height=\"111\"\/><\/figure><\/div>\n<\/div>\n\n\n\n<div class=\"wp-block-column is-layout-flow wp-block-column-is-layout-flow\" style=\"flex-basis:70%\">\n<p>Verrunden, Symmetrie, Versatz, Kurve, Verl\u00e4ngern, Neuaufbauen, Schraffierung, Bema\u00dfung, Linientypen, Text, etc.<\/p>\n<\/div>\n<\/div>\n<\/div>\n\n<div class=\"wp-block-group is-layout-flow wp-block-group-is-layout-flow\">\n<h3 class=\"wp-block-heading\">Fl\u00e4chen- und Volumenk\u00f6rpererzeugung: <\/h3>\n\n\n\n<div style=\"height:20px\" aria-hidden=\"true\" class=\"wp-block-spacer\"><\/div>\n\n\n\n<p><\/p>\n\n\n\n<div class=\"wp-block-columns is-layout-flex wp-container-core-columns-is-layout-9d6595d7 wp-block-columns-is-layout-flex\">\n<div class=\"wp-block-column is-layout-flow wp-block-column-is-layout-flow\" style=\"flex-basis:30%\">\n<div class=\"wp-block-image\"><figure class=\"aligncenter size-full\"><img loading=\"lazy\" decoding=\"async\" width=\"246\" height=\"114\" src=\"https:\/\/stg.visualarq.com\/wp-content\/uploads\/2019\/01\/toolbar-surface-creation.png\" alt=\"\" class=\"wp-image-8506\"\/><\/figure><\/div>\n<\/div>\n\n\n\n<div class=\"wp-block-column is-layout-flow wp-block-column-is-layout-flow\" style=\"flex-basis:70%\">\n<p>Fl\u00e4che aus Punkten, Fl\u00e4che aus Kurven, Loft, F\u00fcllfl\u00e4che, Rechteckige Ebene, Aufziehen 1 und 2 Leitkurven, Extrudieren, etc.<\/p>\n<\/div>\n<\/div>\n\n\n\n<div class=\"wp-block-columns is-layout-flex wp-container-core-columns-is-layout-9d6595d7 wp-block-columns-is-layout-flex\">\n<div class=\"wp-block-column is-layout-flow wp-block-column-is-layout-flow\" style=\"flex-basis:30%\">\n<div class=\"wp-block-image\"><figure class=\"aligncenter\"><img decoding=\"async\" src=\"https:\/\/stg.visualarq.com\/wp-content\/uploads\/sites\/2\/2011\/08\/toolbar-solid-creation.png\" alt=\"\"\/><\/figure><\/div>\n<\/div>\n\n\n\n<div class=\"wp-block-column is-layout-flow wp-block-column-is-layout-flow\" style=\"flex-basis:70%\">\n<p>Quader, Zylinder, Kugel, Ellipsoid, Kegel, Pyramide, Rohr, Ring, etc.<\/p>\n<\/div>\n<\/div>\n<\/div>\n\n<div class=\"wp-block-group is-layout-flow wp-block-group-is-layout-flow\">\n<h3 class=\"wp-block-heading\">2D- und 3D-Werkzeuge und Objektumwandlung:<\/h3>\n\n\n\n<div style=\"height:20px\" aria-hidden=\"true\" class=\"wp-block-spacer\"><\/div>\n\n\n\n<p><\/p>\n\n\n\n<div class=\"wp-block-columns is-layout-flex wp-container-core-columns-is-layout-9d6595d7 wp-block-columns-is-layout-flex\">\n<div class=\"wp-block-column is-layout-flow wp-block-column-is-layout-flow\" style=\"flex-basis:30%\">\n<div class=\"wp-block-image\"><figure class=\"aligncenter\"><img decoding=\"async\" src=\"https:\/\/stg.visualarq.com\/wp-content\/uploads\/sites\/2\/2011\/08\/toolbar-tools.png\" alt=\"\"\/><\/figure><\/div>\n<\/div>\n\n\n\n<div class=\"wp-block-column is-layout-flow wp-block-column-is-layout-flow\" style=\"flex-basis:70%\">\n<p>Kurven, Fl\u00e4chen, Volumenk\u00f6rper, Polygonnetze, Verbinden, Zerlegen, Trimmen, Teilen, Gruppieren, Kontrollpunkte, Text, Block erzeugen, etc.<\/p>\n<\/div>\n<\/div>\n\n\n\n<div class=\"wp-block-columns is-layout-flex wp-container-core-columns-is-layout-9d6595d7 wp-block-columns-is-layout-flex\">\n<div class=\"wp-block-column is-layout-flow wp-block-column-is-layout-flow\" style=\"flex-basis:30%\">\n<div class=\"wp-block-image\"><figure class=\"aligncenter\"><img decoding=\"async\" src=\"https:\/\/stg.visualarq.com\/wp-content\/uploads\/sites\/2\/2011\/08\/toolbar-transform.png\" alt=\"\"\/><\/figure><\/div>\n<\/div>\n\n\n\n<div class=\"wp-block-column is-layout-flow wp-block-column-is-layout-flow\" style=\"flex-basis:70%\">\n<p>Verschieben, Kopieren, Drehen, Skalieren, Spiegeln, Ausrichten, Anordnen, etc.<\/p>\n<\/div>\n<\/div>\n<\/div>\n\n<p><\/p>\n\n<h3 class=\"wp-block-heading\">Visualisierungsmodi<\/h3>\n\n<figure class=\"wp-block-image\"><img decoding=\"async\" src=\"https:\/\/stg.visualarq.com\/wp-content\/uploads\/sites\/2\/2012\/05\/Rhino-Display-modes.png\" alt=\"\" class=\"wp-image-4681\" title=\"Anzeigemodi in Rhino\"\/><figcaption>Gitternetz, Schattiert, Halbtransparent, Gerendert, K\u00fcnstlerisch, Benutzerdefiniert etc.<\/figcaption><\/figure>\n","protected":false},"excerpt":{"rendered":"<p>\u00dcbersicht \u00fcber die Rhino-Plattformeigenschaften.<\/p>\n","protected":false},"author":5,"featured_media":0,"parent":11371,"menu_order":0,"comment_status":"closed","ping_status":"closed","template":"","meta":{"_et_pb_use_builder":"off","_et_pb_old_content":"","_et_gb_content_width":"","footnotes":""},"class_list":["post-11273","page","type-page","status-publish","hentry"],"yoast_head":"<!-- This site is optimized with the Yoast SEO plugin v27.3 - https:\/\/yoast.com\/product\/yoast-seo-wordpress\/ -->\n<title>Was ist Rhino? - VisualARQ<\/title>\n<meta name=\"robots\" content=\"noindex, follow, max-snippet:-1, max-image-preview:large, max-video-preview:-1\" \/>\n<meta property=\"og:locale\" content=\"de_DE\" \/>\n<meta property=\"og:type\" content=\"article\" \/>\n<meta property=\"og:title\" content=\"Was ist Rhino? - VisualARQ\" \/>\n<meta property=\"og:description\" content=\"\u00dcbersicht \u00fcber die Rhino-Plattformeigenschaften.\" \/>\n<meta property=\"og:url\" content=\"https:\/\/stg.visualarq.com\/de\/info\/what-is-rhino\/\" \/>\n<meta property=\"og:site_name\" content=\"VisualARQ\" \/>\n<meta property=\"article:publisher\" content=\"https:\/\/www.facebook.com\/visualarq\" \/>\n<meta property=\"article:modified_time\" content=\"2022-06-02T11:50:25+00:00\" \/>\n<meta property=\"og:image\" content=\"https:\/\/stg.visualarq.com\/wp-content\/uploads\/sites\/2\/2011\/08\/toolbar-curve-creation.png\" \/>\n<meta name=\"twitter:card\" content=\"summary_large_image\" \/>\n<meta name=\"twitter:site\" content=\"@VisualARQ\" \/>\n<meta name=\"twitter:label1\" content=\"Gesch\u00e4tzte Lesezeit\" \/>\n\t<meta name=\"twitter:data1\" content=\"2\u00a0Minuten\" \/>\n<script type=\"application\/ld+json\" class=\"yoast-schema-graph\">{\"@context\":\"https:\\\/\\\/schema.org\",\"@graph\":[{\"@type\":\"WebPage\",\"@id\":\"https:\\\/\\\/stg.visualarq.com\\\/de\\\/info\\\/what-is-rhino\\\/\",\"url\":\"https:\\\/\\\/stg.visualarq.com\\\/de\\\/info\\\/what-is-rhino\\\/\",\"name\":\"Was ist Rhino? - VisualARQ\",\"isPartOf\":{\"@id\":\"https:\\\/\\\/stg.visualarq.com\\\/de\\\/#website\"},\"primaryImageOfPage\":{\"@id\":\"https:\\\/\\\/stg.visualarq.com\\\/de\\\/info\\\/what-is-rhino\\\/#primaryimage\"},\"image\":{\"@id\":\"https:\\\/\\\/stg.visualarq.com\\\/de\\\/info\\\/what-is-rhino\\\/#primaryimage\"},\"thumbnailUrl\":\"https:\\\/\\\/stg.visualarq.com\\\/wp-content\\\/uploads\\\/sites\\\/2\\\/2011\\\/08\\\/toolbar-curve-creation.png\",\"datePublished\":\"2011-01-13T00:00:00+00:00\",\"dateModified\":\"2022-06-02T11:50:25+00:00\",\"breadcrumb\":{\"@id\":\"https:\\\/\\\/stg.visualarq.com\\\/de\\\/info\\\/what-is-rhino\\\/#breadcrumb\"},\"inLanguage\":\"de\",\"potentialAction\":[{\"@type\":\"ReadAction\",\"target\":[\"https:\\\/\\\/stg.visualarq.com\\\/de\\\/info\\\/what-is-rhino\\\/\"]}]},{\"@type\":\"ImageObject\",\"inLanguage\":\"de\",\"@id\":\"https:\\\/\\\/stg.visualarq.com\\\/de\\\/info\\\/what-is-rhino\\\/#primaryimage\",\"url\":\"https:\\\/\\\/stg.visualarq.com\\\/wp-content\\\/uploads\\\/sites\\\/2\\\/2011\\\/08\\\/toolbar-curve-creation.png\",\"contentUrl\":\"https:\\\/\\\/stg.visualarq.com\\\/wp-content\\\/uploads\\\/sites\\\/2\\\/2011\\\/08\\\/toolbar-curve-creation.png\"},{\"@type\":\"BreadcrumbList\",\"@id\":\"https:\\\/\\\/stg.visualarq.com\\\/de\\\/info\\\/what-is-rhino\\\/#breadcrumb\",\"itemListElement\":[{\"@type\":\"ListItem\",\"position\":1,\"name\":\"Home\",\"item\":\"https:\\\/\\\/stg.visualarq.com\\\/de\\\/home\\\/\"},{\"@type\":\"ListItem\",\"position\":2,\"name\":\"Info\",\"item\":\"https:\\\/\\\/stg.visualarq.com\\\/de\\\/info\\\/\"},{\"@type\":\"ListItem\",\"position\":3,\"name\":\"Was ist Rhino?\"}]},{\"@type\":\"WebSite\",\"@id\":\"https:\\\/\\\/stg.visualarq.com\\\/de\\\/#website\",\"url\":\"https:\\\/\\\/stg.visualarq.com\\\/de\\\/\",\"name\":\"VisualARQ\",\"description\":\"Flexible BIM for Rhino\",\"potentialAction\":[{\"@type\":\"SearchAction\",\"target\":{\"@type\":\"EntryPoint\",\"urlTemplate\":\"https:\\\/\\\/stg.visualarq.com\\\/de\\\/?s={search_term_string}\"},\"query-input\":{\"@type\":\"PropertyValueSpecification\",\"valueRequired\":true,\"valueName\":\"search_term_string\"}}],\"inLanguage\":\"de\"}]}<\/script>\n<!-- \/ Yoast SEO plugin. -->","yoast_head_json":{"title":"Was ist Rhino? - VisualARQ","robots":{"index":"noindex","follow":"follow","max-snippet":"max-snippet:-1","max-image-preview":"max-image-preview:large","max-video-preview":"max-video-preview:-1"},"og_locale":"de_DE","og_type":"article","og_title":"Was ist Rhino? - VisualARQ","og_description":"\u00dcbersicht \u00fcber die Rhino-Plattformeigenschaften.","og_url":"https:\/\/stg.visualarq.com\/de\/info\/what-is-rhino\/","og_site_name":"VisualARQ","article_publisher":"https:\/\/www.facebook.com\/visualarq","article_modified_time":"2022-06-02T11:50:25+00:00","og_image":[{"url":"https:\/\/stg.visualarq.com\/wp-content\/uploads\/sites\/2\/2011\/08\/toolbar-curve-creation.png","type":"","width":"","height":""}],"twitter_card":"summary_large_image","twitter_site":"@VisualARQ","twitter_misc":{"Gesch\u00e4tzte Lesezeit":"2\u00a0Minuten"},"schema":{"@context":"https:\/\/schema.org","@graph":[{"@type":"WebPage","@id":"https:\/\/stg.visualarq.com\/de\/info\/what-is-rhino\/","url":"https:\/\/stg.visualarq.com\/de\/info\/what-is-rhino\/","name":"Was ist Rhino? - VisualARQ","isPartOf":{"@id":"https:\/\/stg.visualarq.com\/de\/#website"},"primaryImageOfPage":{"@id":"https:\/\/stg.visualarq.com\/de\/info\/what-is-rhino\/#primaryimage"},"image":{"@id":"https:\/\/stg.visualarq.com\/de\/info\/what-is-rhino\/#primaryimage"},"thumbnailUrl":"https:\/\/stg.visualarq.com\/wp-content\/uploads\/sites\/2\/2011\/08\/toolbar-curve-creation.png","datePublished":"2011-01-13T00:00:00+00:00","dateModified":"2022-06-02T11:50:25+00:00","breadcrumb":{"@id":"https:\/\/stg.visualarq.com\/de\/info\/what-is-rhino\/#breadcrumb"},"inLanguage":"de","potentialAction":[{"@type":"ReadAction","target":["https:\/\/stg.visualarq.com\/de\/info\/what-is-rhino\/"]}]},{"@type":"ImageObject","inLanguage":"de","@id":"https:\/\/stg.visualarq.com\/de\/info\/what-is-rhino\/#primaryimage","url":"https:\/\/stg.visualarq.com\/wp-content\/uploads\/sites\/2\/2011\/08\/toolbar-curve-creation.png","contentUrl":"https:\/\/stg.visualarq.com\/wp-content\/uploads\/sites\/2\/2011\/08\/toolbar-curve-creation.png"},{"@type":"BreadcrumbList","@id":"https:\/\/stg.visualarq.com\/de\/info\/what-is-rhino\/#breadcrumb","itemListElement":[{"@type":"ListItem","position":1,"name":"Home","item":"https:\/\/stg.visualarq.com\/de\/home\/"},{"@type":"ListItem","position":2,"name":"Info","item":"https:\/\/stg.visualarq.com\/de\/info\/"},{"@type":"ListItem","position":3,"name":"Was ist Rhino?"}]},{"@type":"WebSite","@id":"https:\/\/stg.visualarq.com\/de\/#website","url":"https:\/\/stg.visualarq.com\/de\/","name":"VisualARQ","description":"Flexible BIM for Rhino","potentialAction":[{"@type":"SearchAction","target":{"@type":"EntryPoint","urlTemplate":"https:\/\/stg.visualarq.com\/de\/?s={search_term_string}"},"query-input":{"@type":"PropertyValueSpecification","valueRequired":true,"valueName":"search_term_string"}}],"inLanguage":"de"}]}},"_links":{"self":[{"href":"https:\/\/stg.visualarq.com\/de\/wp-json\/wp\/v2\/pages\/11273","targetHints":{"allow":["GET"]}}],"collection":[{"href":"https:\/\/stg.visualarq.com\/de\/wp-json\/wp\/v2\/pages"}],"about":[{"href":"https:\/\/stg.visualarq.com\/de\/wp-json\/wp\/v2\/types\/page"}],"author":[{"embeddable":true,"href":"https:\/\/stg.visualarq.com\/de\/wp-json\/wp\/v2\/users\/5"}],"replies":[{"embeddable":true,"href":"https:\/\/stg.visualarq.com\/de\/wp-json\/wp\/v2\/comments?post=11273"}],"version-history":[{"count":0,"href":"https:\/\/stg.visualarq.com\/de\/wp-json\/wp\/v2\/pages\/11273\/revisions"}],"up":[{"embeddable":true,"href":"https:\/\/stg.visualarq.com\/de\/wp-json\/wp\/v2\/pages\/11371"}],"wp:attachment":[{"href":"https:\/\/stg.visualarq.com\/de\/wp-json\/wp\/v2\/media?parent=11273"}],"curies":[{"name":"wp","href":"https:\/\/api.w.org\/{rel}","templated":true}]}}