{"id":11275,"date":"2011-09-14T00:00:00","date_gmt":"2011-09-14T00:00:00","guid":{"rendered":"https:\/\/stg.visualarq.com\/legal\/licenses\/"},"modified":"2019-01-02T15:57:50","modified_gmt":"2019-01-02T15:57:50","slug":"licenses","status":"publish","type":"page","link":"https:\/\/stg.visualarq.com\/de\/legal\/licenses\/","title":{"rendered":"Drittlizenzen"},"content":{"rendered":"[et_pb_section bb_built=&#8220;1&#8243;][et_pb_row][et_pb_column type=&#8220;4_4&#8243;][et_pb_post_title _builder_version=&#8220;3.0.62&#8243; title=&#8220;on&#8220; meta=&#8220;off&#8220; author=&#8220;on&#8220; date=&#8220;on&#8220; categories=&#8220;on&#8220; comments=&#8220;on&#8220; featured_image=&#8220;off&#8220; featured_placement=&#8220;below&#8220; parallax_method=&#8220;on&#8220; text_orientation=&#8220;left&#8220; text_color=&#8220;dark&#8220; text_background=&#8220;off&#8220; border_style=&#8220;solid&#8220; \/][et_pb_text]\n\n<h2>CSTB IFC-SDK<\/h2>\n<p><a href=\"https:\/\/joinup.ec.europa.eu\/software\/ifc-sdk\/home\">https:\/\/joinup.ec.europa.eu\/software\/ifc-sdk\/home<\/a><\/p>\n<h3>Lizenz:<\/h3>\n<p><a href=\"https:\/\/joinup.ec.europa.eu\/svn\/ifc-sdk\/trunk\/Licence.txt\">GNU Lesser General Public License (LGPL)<\/a><\/p>\n<h3>Beschreibung:<\/h3>\n<p>Das IFC-SDK-Projekt bietet ein Software-Development-Kit (SDK) zum Lesen und Schreiben eines Building-Information-Modells (BIM, dt. Geb\u00e4udedaten-Modellierung), das im IFC-Format (Industry Foundation Classes) definiert wird. Die erste Version des IFC-SDK wird in der Programmiersprache C++ geliefert und ist mit dem IFC 2X3 TC1 Standard konform, der von der IAI (International Alliance for Interoperability \u2013 BuildingSmart) entwickelt wird: <a href=\"https:\/\/www.buildingsmart.com\/\">https:\/\/www.buildingsmart.com\/<\/a>.<\/p>\n<h3>Eigenschaften:<\/h3>\n<p>Die Haupteigenschaften des IFC-SDK-Projekts:<\/p>\n<ol>\n<li>Lesen und Schreiben eines BIM-Modells, das im ISO-10303-21 Step Physical File (SPF) ASCII-Format definiert wird und mit dem Datenmodell IFC 2X3 TC1 ISO-103030-11 EXPRESS konform ist;<\/li>\n<li>Analyse und Verwaltung von ganzen Einheiten von IFC 2X3 TC1 Standard-S\u00e4tzen;<\/li>\n<li>Analyse und Verwaltung von EXPRESS INVERSE und DERIVED Attributen<\/li>\n<li>BIM-Verwaltung im Speicher<\/li>\n<li>Mehrere Modelle<\/li>\n<\/ol>\n<h3>Quellcode<\/h3>\n<p><a href=\"https:\/\/visualarq.s3.amazonaws.com\/download\/licenses\/ifc-sdk-1.0.3.11.zip\">ifc-sdk-1.0.3.11.zip<\/a><\/p>\n<hr class=\"separator\">\n<h2>VLD<\/h2>\n<p><a href=\"https:\/\/vld.codeplex.com\">https:\/\/vld.codeplex.com<\/a><\/p>\n<h3>Lizenz:<\/h3>\n<p><a href=\"https:\/\/vld.codeplex.com\/license\">GNU Lesser General Public License (LGPL)<\/a><\/p>\n<h3>Projektbeschreibung:<\/h3>\n<p>Visual Leak Detector ist ein kostenloses, robustes, Open-Source-System zur Verlusterkennung f\u00fcr Visual C++.<\/p>\n<p>Es ist einfach zu verwenden. Nach der Installation m\u00fcssen Sie in Visual C++ definieren, wo die Header- und Bibliotheksdatei ist.<\/p>\n<p>Dann kann es mit einem beliebigen C\/C++ Projekt verwendet werden, indem Sie einfach die folgende Zeile Ihrem Code hinzuf\u00fcgen:<\/p>\n<p><code>#include &lt;vld.h&gt;<\/code><\/p>\n<p>Wenn Sie Ihr Programm mit dem Visual-Studio-Debugger ausf\u00fchren, wird Visual Leak Detector einen Bericht \u00fcber den Speicherverlust am Ende der Debugging-Sitzung ausgeben. Dieser Bericht enth\u00e4lt den vollst\u00e4ndigen Aufrufstack und zeigt, wie die Speicherverlustbl\u00f6cke zugeordnet wurden, auf. Doppelklicken Sie auf eine Linie im Aufrufstack, um zu dieser Datei und dieser Linie im Editorfenster zu gelangen.<\/p>\n<p>Es ist eine sehr effektive Methode, um auf schnelle Weise Speicherverlust in C\/C++ Anwendungen zu diagnostizieren und beheben.<\/p>\n\n[\/et_pb_text][\/et_pb_column][\/et_pb_row][\/et_pb_section]","protected":false},"excerpt":{"rendered":"<p><div class=\"et_pb_row et_pb_row_0 et_pb_row_empty\">\n\t\t\t\t\n\t\t\t\t\n\t\t\t\t\n\t\t\t\t\n\t\t\t\t\n\t\t\t<\/div><div class=\"et_pb_module et_pb_text et_pb_text_0  et_pb_text_align_left et_pb_bg_layout_light\">\n\t\t\t\t\n\t\t\t\t\n\t\t\t\t\n\t\t\t\t\n\t\t\t\t\n\t\t\t<\/div> CSTB IFC-SDK https:\/\/joinup.ec.europa.eu\/software\/ifc-sdk\/home Lizenz: GNU Lesser General Public License (LGPL) Beschreibung: Das IFC-SDK-Projekt bietet ein Software-Development-Kit (SDK) zum Lesen und Schreiben eines Building-Information-Modells (BIM, dt. Geb\u00e4udedaten-Modellierung), das im IFC-Format (Industry Foundation Classes) definiert wird. Die erste Version des IFC-SDK wird in der Programmiersprache C++ geliefert und ist mit dem IFC 2X3 TC1 Standard konform, [&hellip;]<\/p>\n","protected":false},"author":8,"featured_media":0,"parent":11233,"menu_order":0,"comment_status":"closed","ping_status":"closed","template":"","meta":{"_et_pb_use_builder":"on","_et_pb_old_content":"<h2>VisualARQ EULA<\/h2>\n<a href=\"https:\/\/files.asuni.com\/visualarq\/legal\/licenses\/eula.zip\">Download the VisualARQ EULA<\/a> (End User License Agreement).\n\n[separator]\n<h2>CSTB IFC-SDK<\/h2>\n<a href=\"https:\/\/joinup.ec.europa.eu\/software\/ifc-sdk\/home\">https:\/\/joinup.ec.europa.eu\/software\/ifc-sdk\/home<\/a>\n<h3>License:<\/h3>\n<a href=\"https:\/\/joinup.ec.europa.eu\/svn\/ifc-sdk\/trunk\/Licence.txt\">GNU Lesser General Public License (LGPL)<\/a>\n<h3>Description:<\/h3>\nThe IFC SDK project provides a Software Development Kit (SDK) for reading and writing a Building Information Model (BIM) defined in Industry Foundation Classes (IFC) format. First version of the IFC SDK is provided in C++ programming language and is compliant with IFC 2X3 TC1 standard developed by the International Alliance for Interoperability (IAI \u2013 BuildingSmart, see: <a href=\"https:\/\/www.buildingsmart.com\/\">https:\/\/www.buildingsmart.com\/<\/a>).\n<h3>Features:<\/h3>\nThe main features of the IFC SDK project are the following:\n<ol>\n\t<li>reading and writing a BIM model defined in ISO-10303-21 Step Physical File (SPF) ASCII format and compliant with IFC 2X3 TC1 ISO-103030-11 EXPRESS data model;<\/li>\n\t<li>capabilities of parsing and managing the full entities set of IFC 2X3 TC1 standard;<\/li>\n\t<li>parsing and managing of EXPRESS INVERSE and DERIVED attributes<\/li>\n\t<li>managing of BIM in memory<\/li>\n\t<li>multi-models<\/li>\n<\/ol>\n<h3>Source code<\/h3>\n<a href=\"https:\/\/files.asuni.com\/visualarq\/legal\/licenses\/ifc-sdk-1.0.3.11.zip\">ifc-sdk-1.0.3.11.zip<\/a>\n\n[separator]\n<h2>VLD<\/h2>\n<a href=\"https:\/\/vld.codeplex.com\">https:\/\/vld.codeplex.com<\/a>\n<h3>License:<\/h3>\n<a href=\"https:\/\/vld.codeplex.com\/license\">GNU Lesser General Public License (LGPL)<\/a>\n<h3>Project Description:<\/h3>\nVisual Leak Detector is a free, robust, open-source memory leak detection system for Visual C++.\n\nIt's pretty easy to use. After installing it, you just need to tell Visual C++ where to find the included header and library file.\n\nThen it can be used with any C\/C++ project simply by adding the following line to your code:\n\n<code>#include <vld.h><\/code>\n\nWhen you run your program under the Visual Studio debugger, Visual Leak Detector will output a memory leak report at the end of your debugging session. The leak report includes the full call stack showing how any leaked memory blocks were allocated. Double-click on a line in the call stack to jump to that file and line in the editor window.\n\nIt's a very effective way to quickly diagnose, and fix, memory leaks in C\/C++ applications.","_et_gb_content_width":"","footnotes":""},"class_list":["post-11275","page","type-page","status-publish","hentry"],"yoast_head":"<!-- This site is optimized with the Yoast SEO plugin v27.3 - https:\/\/yoast.com\/product\/yoast-seo-wordpress\/ -->\n<title>Drittlizenzen - VisualARQ<\/title>\n<meta name=\"robots\" content=\"noindex, follow, max-snippet:-1, max-image-preview:large, max-video-preview:-1\" \/>\n<meta property=\"og:locale\" content=\"de_DE\" \/>\n<meta property=\"og:type\" content=\"article\" \/>\n<meta property=\"og:title\" content=\"Drittlizenzen - VisualARQ\" \/>\n<meta property=\"og:description\" content=\"CSTB IFC-SDK https:\/\/joinup.ec.europa.eu\/software\/ifc-sdk\/home Lizenz: GNU Lesser General Public License (LGPL) Beschreibung: Das IFC-SDK-Projekt bietet ein Software-Development-Kit (SDK) zum Lesen und Schreiben eines Building-Information-Modells (BIM, dt. Geb\u00e4udedaten-Modellierung), das im IFC-Format (Industry Foundation Classes) definiert wird. Die erste Version des IFC-SDK wird in der Programmiersprache C++ geliefert und ist mit dem IFC 2X3 TC1 Standard konform, [&hellip;]\" \/>\n<meta property=\"og:url\" content=\"https:\/\/stg.visualarq.com\/de\/legal\/licenses\/\" \/>\n<meta property=\"og:site_name\" content=\"VisualARQ\" \/>\n<meta property=\"article:publisher\" content=\"https:\/\/www.facebook.com\/visualarq\" \/>\n<meta property=\"article:modified_time\" content=\"2019-01-02T15:57:50+00:00\" \/>\n<meta name=\"twitter:card\" content=\"summary_large_image\" \/>\n<meta name=\"twitter:site\" content=\"@VisualARQ\" \/>\n<meta name=\"twitter:label1\" content=\"Gesch\u00e4tzte Lesezeit\" \/>\n\t<meta name=\"twitter:data1\" content=\"2\u00a0Minuten\" \/>\n<script type=\"application\/ld+json\" class=\"yoast-schema-graph\">{\"@context\":\"https:\\\/\\\/schema.org\",\"@graph\":[{\"@type\":\"WebPage\",\"@id\":\"https:\\\/\\\/stg.visualarq.com\\\/de\\\/legal\\\/licenses\\\/\",\"url\":\"https:\\\/\\\/stg.visualarq.com\\\/de\\\/legal\\\/licenses\\\/\",\"name\":\"Drittlizenzen - VisualARQ\",\"isPartOf\":{\"@id\":\"https:\\\/\\\/stg.visualarq.com\\\/de\\\/#website\"},\"datePublished\":\"2011-09-14T00:00:00+00:00\",\"dateModified\":\"2019-01-02T15:57:50+00:00\",\"breadcrumb\":{\"@id\":\"https:\\\/\\\/stg.visualarq.com\\\/de\\\/legal\\\/licenses\\\/#breadcrumb\"},\"inLanguage\":\"de\",\"potentialAction\":[{\"@type\":\"ReadAction\",\"target\":[\"https:\\\/\\\/stg.visualarq.com\\\/de\\\/legal\\\/licenses\\\/\"]}]},{\"@type\":\"BreadcrumbList\",\"@id\":\"https:\\\/\\\/stg.visualarq.com\\\/de\\\/legal\\\/licenses\\\/#breadcrumb\",\"itemListElement\":[{\"@type\":\"ListItem\",\"position\":1,\"name\":\"Home\",\"item\":\"https:\\\/\\\/stg.visualarq.com\\\/de\\\/home\\\/\"},{\"@type\":\"ListItem\",\"position\":2,\"name\":\"Rechtliche Bestimmungen\",\"item\":\"https:\\\/\\\/stg.visualarq.com\\\/de\\\/legal\\\/\"},{\"@type\":\"ListItem\",\"position\":3,\"name\":\"Drittlizenzen\"}]},{\"@type\":\"WebSite\",\"@id\":\"https:\\\/\\\/stg.visualarq.com\\\/de\\\/#website\",\"url\":\"https:\\\/\\\/stg.visualarq.com\\\/de\\\/\",\"name\":\"VisualARQ\",\"description\":\"Flexible BIM for Rhino\",\"potentialAction\":[{\"@type\":\"SearchAction\",\"target\":{\"@type\":\"EntryPoint\",\"urlTemplate\":\"https:\\\/\\\/stg.visualarq.com\\\/de\\\/?s={search_term_string}\"},\"query-input\":{\"@type\":\"PropertyValueSpecification\",\"valueRequired\":true,\"valueName\":\"search_term_string\"}}],\"inLanguage\":\"de\"}]}<\/script>\n<!-- \/ Yoast SEO plugin. -->","yoast_head_json":{"title":"Drittlizenzen - VisualARQ","robots":{"index":"noindex","follow":"follow","max-snippet":"max-snippet:-1","max-image-preview":"max-image-preview:large","max-video-preview":"max-video-preview:-1"},"og_locale":"de_DE","og_type":"article","og_title":"Drittlizenzen - VisualARQ","og_description":"CSTB IFC-SDK https:\/\/joinup.ec.europa.eu\/software\/ifc-sdk\/home Lizenz: GNU Lesser General Public License (LGPL) Beschreibung: Das IFC-SDK-Projekt bietet ein Software-Development-Kit (SDK) zum Lesen und Schreiben eines Building-Information-Modells (BIM, dt. Geb\u00e4udedaten-Modellierung), das im IFC-Format (Industry Foundation Classes) definiert wird. Die erste Version des IFC-SDK wird in der Programmiersprache C++ geliefert und ist mit dem IFC 2X3 TC1 Standard konform, [&hellip;]","og_url":"https:\/\/stg.visualarq.com\/de\/legal\/licenses\/","og_site_name":"VisualARQ","article_publisher":"https:\/\/www.facebook.com\/visualarq","article_modified_time":"2019-01-02T15:57:50+00:00","twitter_card":"summary_large_image","twitter_site":"@VisualARQ","twitter_misc":{"Gesch\u00e4tzte Lesezeit":"2\u00a0Minuten"},"schema":{"@context":"https:\/\/schema.org","@graph":[{"@type":"WebPage","@id":"https:\/\/stg.visualarq.com\/de\/legal\/licenses\/","url":"https:\/\/stg.visualarq.com\/de\/legal\/licenses\/","name":"Drittlizenzen - VisualARQ","isPartOf":{"@id":"https:\/\/stg.visualarq.com\/de\/#website"},"datePublished":"2011-09-14T00:00:00+00:00","dateModified":"2019-01-02T15:57:50+00:00","breadcrumb":{"@id":"https:\/\/stg.visualarq.com\/de\/legal\/licenses\/#breadcrumb"},"inLanguage":"de","potentialAction":[{"@type":"ReadAction","target":["https:\/\/stg.visualarq.com\/de\/legal\/licenses\/"]}]},{"@type":"BreadcrumbList","@id":"https:\/\/stg.visualarq.com\/de\/legal\/licenses\/#breadcrumb","itemListElement":[{"@type":"ListItem","position":1,"name":"Home","item":"https:\/\/stg.visualarq.com\/de\/home\/"},{"@type":"ListItem","position":2,"name":"Rechtliche Bestimmungen","item":"https:\/\/stg.visualarq.com\/de\/legal\/"},{"@type":"ListItem","position":3,"name":"Drittlizenzen"}]},{"@type":"WebSite","@id":"https:\/\/stg.visualarq.com\/de\/#website","url":"https:\/\/stg.visualarq.com\/de\/","name":"VisualARQ","description":"Flexible BIM for Rhino","potentialAction":[{"@type":"SearchAction","target":{"@type":"EntryPoint","urlTemplate":"https:\/\/stg.visualarq.com\/de\/?s={search_term_string}"},"query-input":{"@type":"PropertyValueSpecification","valueRequired":true,"valueName":"search_term_string"}}],"inLanguage":"de"}]}},"_links":{"self":[{"href":"https:\/\/stg.visualarq.com\/de\/wp-json\/wp\/v2\/pages\/11275","targetHints":{"allow":["GET"]}}],"collection":[{"href":"https:\/\/stg.visualarq.com\/de\/wp-json\/wp\/v2\/pages"}],"about":[{"href":"https:\/\/stg.visualarq.com\/de\/wp-json\/wp\/v2\/types\/page"}],"author":[{"embeddable":true,"href":"https:\/\/stg.visualarq.com\/de\/wp-json\/wp\/v2\/users\/8"}],"replies":[{"embeddable":true,"href":"https:\/\/stg.visualarq.com\/de\/wp-json\/wp\/v2\/comments?post=11275"}],"version-history":[{"count":0,"href":"https:\/\/stg.visualarq.com\/de\/wp-json\/wp\/v2\/pages\/11275\/revisions"}],"up":[{"embeddable":true,"href":"https:\/\/stg.visualarq.com\/de\/wp-json\/wp\/v2\/pages\/11233"}],"wp:attachment":[{"href":"https:\/\/stg.visualarq.com\/de\/wp-json\/wp\/v2\/media?parent=11275"}],"curies":[{"name":"wp","href":"https:\/\/api.w.org\/{rel}","templated":true}]}}