{"id":11293,"date":"2012-09-03T00:00:00","date_gmt":"2012-09-03T00:00:00","guid":{"rendered":"https:\/\/stg.visualarq.com\/sales\/what-is-an-educational-license\/"},"modified":"2019-01-02T15:58:17","modified_gmt":"2019-01-02T15:58:17","slug":"what-is-an-educational-license","status":"publish","type":"page","link":"https:\/\/stg.visualarq.com\/de\/sales\/what-is-an-educational-license\/","title":{"rendered":"Was ist eine Studentenlizenz?"},"content":{"rendered":"<h1>\n<strong>Eine Studentenlizenz<\/strong>:<\/h1>\n<ul>\n<li>ist eine komplette <strong>kommerzielle Lizenz<\/strong> zu einem Vorzugspreis als <strong>Einzellizenz<\/strong>.<\/li>\n<li>ist nur f\u00fcr <strong>Studenten, Lehrpersonal <\/strong>(Lehrer, Ausbilder und Professoren) <strong><\/strong>und<strong> Schulen <\/strong><em>(<a href=\"\/de\/sales\/proof-of-academic-status\/\">Statusnachweis erforderlich<\/a>).<\/em>\n<\/li>\n<li>kann sowohl f\u00fcr schulische als auch f\u00fcr kommerzielle Zwecke verwendet werden.<\/li>\n<li>ist nicht \u00fcbertragbar (kann an niemand verkauft oder \u00fcbertragen werden).<\/li>\n<\/ul>","protected":false},"excerpt":{"rendered":"<p>Eine Studentenlizenz: ist eine komplette kommerzielle Lizenz zu einem Vorzugspreis als Einzellizenz. ist nur f\u00fcr Studenten, Lehrpersonal (Lehrer, Ausbilder und Professoren) und Schulen (Statusnachweis erforderlich). kann sowohl f\u00fcr schulische als auch f\u00fcr kommerzielle Zwecke verwendet werden. ist nicht \u00fcbertragbar (kann an niemand verkauft oder \u00fcbertragen werden).<\/p>\n","protected":false},"author":6,"featured_media":0,"parent":11226,"menu_order":0,"comment_status":"closed","ping_status":"closed","template":"","meta":{"_et_pb_use_builder":"","_et_pb_old_content":"","_et_gb_content_width":"","footnotes":""},"class_list":["post-11293","page","type-page","status-publish","hentry"],"yoast_head":"<!-- This site is optimized with the Yoast SEO plugin v27.3 - https:\/\/yoast.com\/product\/yoast-seo-wordpress\/ -->\n<title>Was ist eine Studentenlizenz? - VisualARQ<\/title>\n<meta name=\"robots\" content=\"noindex, follow, max-snippet:-1, max-image-preview:large, max-video-preview:-1\" \/>\n<meta property=\"og:locale\" content=\"de_DE\" \/>\n<meta property=\"og:type\" content=\"article\" \/>\n<meta property=\"og:title\" content=\"Was ist eine Studentenlizenz? - VisualARQ\" \/>\n<meta property=\"og:description\" content=\"Eine Studentenlizenz: ist eine komplette kommerzielle Lizenz zu einem Vorzugspreis als Einzellizenz. ist nur f\u00fcr Studenten, Lehrpersonal (Lehrer, Ausbilder und Professoren) und Schulen (Statusnachweis erforderlich). kann sowohl f\u00fcr schulische als auch f\u00fcr kommerzielle Zwecke verwendet werden. ist nicht \u00fcbertragbar (kann an niemand verkauft oder \u00fcbertragen werden).\" \/>\n<meta property=\"og:url\" content=\"https:\/\/stg.visualarq.com\/de\/sales\/what-is-an-educational-license\/\" \/>\n<meta property=\"og:site_name\" content=\"VisualARQ\" \/>\n<meta property=\"article:publisher\" content=\"https:\/\/www.facebook.com\/visualarq\" \/>\n<meta property=\"article:modified_time\" content=\"2019-01-02T15:58:17+00:00\" \/>\n<meta name=\"twitter:card\" content=\"summary_large_image\" \/>\n<meta name=\"twitter:site\" content=\"@VisualARQ\" \/>\n<script type=\"application\/ld+json\" class=\"yoast-schema-graph\">{\"@context\":\"https:\\\/\\\/schema.org\",\"@graph\":[{\"@type\":\"WebPage\",\"@id\":\"https:\\\/\\\/stg.visualarq.com\\\/de\\\/sales\\\/what-is-an-educational-license\\\/\",\"url\":\"https:\\\/\\\/stg.visualarq.com\\\/de\\\/sales\\\/what-is-an-educational-license\\\/\",\"name\":\"Was ist eine Studentenlizenz? - VisualARQ\",\"isPartOf\":{\"@id\":\"https:\\\/\\\/stg.visualarq.com\\\/de\\\/#website\"},\"datePublished\":\"2012-09-03T00:00:00+00:00\",\"dateModified\":\"2019-01-02T15:58:17+00:00\",\"breadcrumb\":{\"@id\":\"https:\\\/\\\/stg.visualarq.com\\\/de\\\/sales\\\/what-is-an-educational-license\\\/#breadcrumb\"},\"inLanguage\":\"de\",\"potentialAction\":[{\"@type\":\"ReadAction\",\"target\":[\"https:\\\/\\\/stg.visualarq.com\\\/de\\\/sales\\\/what-is-an-educational-license\\\/\"]}]},{\"@type\":\"BreadcrumbList\",\"@id\":\"https:\\\/\\\/stg.visualarq.com\\\/de\\\/sales\\\/what-is-an-educational-license\\\/#breadcrumb\",\"itemListElement\":[{\"@type\":\"ListItem\",\"position\":1,\"name\":\"Home\",\"item\":\"https:\\\/\\\/stg.visualarq.com\\\/de\\\/home\\\/\"},{\"@type\":\"ListItem\",\"position\":2,\"name\":\"Vertrieb\",\"item\":\"https:\\\/\\\/stg.visualarq.com\\\/de\\\/sales\\\/\"},{\"@type\":\"ListItem\",\"position\":3,\"name\":\"Was ist eine Studentenlizenz?\"}]},{\"@type\":\"WebSite\",\"@id\":\"https:\\\/\\\/stg.visualarq.com\\\/de\\\/#website\",\"url\":\"https:\\\/\\\/stg.visualarq.com\\\/de\\\/\",\"name\":\"VisualARQ\",\"description\":\"Flexible BIM for Rhino\",\"potentialAction\":[{\"@type\":\"SearchAction\",\"target\":{\"@type\":\"EntryPoint\",\"urlTemplate\":\"https:\\\/\\\/stg.visualarq.com\\\/de\\\/?s={search_term_string}\"},\"query-input\":{\"@type\":\"PropertyValueSpecification\",\"valueRequired\":true,\"valueName\":\"search_term_string\"}}],\"inLanguage\":\"de\"}]}<\/script>\n<!-- \/ Yoast SEO plugin. -->","yoast_head_json":{"title":"Was ist eine Studentenlizenz? - VisualARQ","robots":{"index":"noindex","follow":"follow","max-snippet":"max-snippet:-1","max-image-preview":"max-image-preview:large","max-video-preview":"max-video-preview:-1"},"og_locale":"de_DE","og_type":"article","og_title":"Was ist eine Studentenlizenz? - VisualARQ","og_description":"Eine Studentenlizenz: ist eine komplette kommerzielle Lizenz zu einem Vorzugspreis als Einzellizenz. ist nur f\u00fcr Studenten, Lehrpersonal (Lehrer, Ausbilder und Professoren) und Schulen (Statusnachweis erforderlich). kann sowohl f\u00fcr schulische als auch f\u00fcr kommerzielle Zwecke verwendet werden. ist nicht \u00fcbertragbar (kann an niemand verkauft oder \u00fcbertragen werden).","og_url":"https:\/\/stg.visualarq.com\/de\/sales\/what-is-an-educational-license\/","og_site_name":"VisualARQ","article_publisher":"https:\/\/www.facebook.com\/visualarq","article_modified_time":"2019-01-02T15:58:17+00:00","twitter_card":"summary_large_image","twitter_site":"@VisualARQ","schema":{"@context":"https:\/\/schema.org","@graph":[{"@type":"WebPage","@id":"https:\/\/stg.visualarq.com\/de\/sales\/what-is-an-educational-license\/","url":"https:\/\/stg.visualarq.com\/de\/sales\/what-is-an-educational-license\/","name":"Was ist eine Studentenlizenz? - VisualARQ","isPartOf":{"@id":"https:\/\/stg.visualarq.com\/de\/#website"},"datePublished":"2012-09-03T00:00:00+00:00","dateModified":"2019-01-02T15:58:17+00:00","breadcrumb":{"@id":"https:\/\/stg.visualarq.com\/de\/sales\/what-is-an-educational-license\/#breadcrumb"},"inLanguage":"de","potentialAction":[{"@type":"ReadAction","target":["https:\/\/stg.visualarq.com\/de\/sales\/what-is-an-educational-license\/"]}]},{"@type":"BreadcrumbList","@id":"https:\/\/stg.visualarq.com\/de\/sales\/what-is-an-educational-license\/#breadcrumb","itemListElement":[{"@type":"ListItem","position":1,"name":"Home","item":"https:\/\/stg.visualarq.com\/de\/home\/"},{"@type":"ListItem","position":2,"name":"Vertrieb","item":"https:\/\/stg.visualarq.com\/de\/sales\/"},{"@type":"ListItem","position":3,"name":"Was ist eine Studentenlizenz?"}]},{"@type":"WebSite","@id":"https:\/\/stg.visualarq.com\/de\/#website","url":"https:\/\/stg.visualarq.com\/de\/","name":"VisualARQ","description":"Flexible BIM for Rhino","potentialAction":[{"@type":"SearchAction","target":{"@type":"EntryPoint","urlTemplate":"https:\/\/stg.visualarq.com\/de\/?s={search_term_string}"},"query-input":{"@type":"PropertyValueSpecification","valueRequired":true,"valueName":"search_term_string"}}],"inLanguage":"de"}]}},"_links":{"self":[{"href":"https:\/\/stg.visualarq.com\/de\/wp-json\/wp\/v2\/pages\/11293","targetHints":{"allow":["GET"]}}],"collection":[{"href":"https:\/\/stg.visualarq.com\/de\/wp-json\/wp\/v2\/pages"}],"about":[{"href":"https:\/\/stg.visualarq.com\/de\/wp-json\/wp\/v2\/types\/page"}],"author":[{"embeddable":true,"href":"https:\/\/stg.visualarq.com\/de\/wp-json\/wp\/v2\/users\/6"}],"replies":[{"embeddable":true,"href":"https:\/\/stg.visualarq.com\/de\/wp-json\/wp\/v2\/comments?post=11293"}],"version-history":[{"count":0,"href":"https:\/\/stg.visualarq.com\/de\/wp-json\/wp\/v2\/pages\/11293\/revisions"}],"up":[{"embeddable":true,"href":"https:\/\/stg.visualarq.com\/de\/wp-json\/wp\/v2\/pages\/11226"}],"wp:attachment":[{"href":"https:\/\/stg.visualarq.com\/de\/wp-json\/wp\/v2\/media?parent=11293"}],"curies":[{"name":"wp","href":"https:\/\/api.w.org\/{rel}","templated":true}]}}