{"id":11303,"date":"2014-03-25T00:00:00","date_gmt":"2014-03-25T00:00:00","guid":{"rendered":"https:\/\/stg.visualarq.com\/download\/purchase\/"},"modified":"2022-02-09T11:21:00","modified_gmt":"2022-02-09T11:21:00","slug":"purchase","status":"publish","type":"page","link":"https:\/\/stg.visualarq.com\/de\/download\/purchase\/","title":{"rendered":"Kauf"},"content":{"rendered":"[et_pb_section fb_built=&#8220;1&#8243; _builder_version=&#8220;3.22&#8243; global_colors_info=&#8220;{}&#8220;][et_pb_row column_structure=&#8220;1_2,1_2&#8243; _builder_version=&#8220;3.25&#8243; background_size=&#8220;initial&#8220; background_position=&#8220;top_left&#8220; background_repeat=&#8220;repeat&#8220; global_colors_info=&#8220;{}&#8220;][et_pb_column type=&#8220;1_2&#8243; _builder_version=&#8220;3.25&#8243; custom_padding=&#8220;|||&#8220; global_colors_info=&#8220;{}&#8220; custom_padding__hover=&#8220;|||&#8220;][et_pb_text _builder_version=&#8220;3.27.4&#8243; border_style=&#8220;solid&#8220; global_colors_info=&#8220;{}&#8220;]<h1>Vielen Dank, dass Sie sich f\u00fcr VisualARQ entschieden haben!<\/h1>\n<p>Bitte f\u00fcllen Sie f\u00fcr den Download der neuesten Version von VisualARQ (<a href=\"https:\/\/stg.visualarq.com\/de\/info\/whats-new\/\">Versionsverlauf<\/a>) das nebenstehende Formular aus. Verwenden Sie den Lizenzschl\u00fcssel (CDKEY), den Sie f\u00fcr Ihre Bestellung erhalten haben.<\/p>\n<p>\u00dcberpr\u00fcfen Sie Ihr E-Mail-Postfach (gegebenenfalls auch Ihren Spam-Ordner). Nehmen Sie die Adresse &#8222;<a href=\"mailto:visualarq@asuni.com\">visualarq@asuni.com<\/a>&#8220; in die Liste erlaubter Absender auf, um Nachrichten von VisualARQ zu erhalten.<\/p>\n<p>&nbsp;<\/p>\n<h2>Denken Sie daran:<\/h2>\n<ul>\n<li>Sie k\u00f6nnen Ihren Lizenzschl\u00fcssel zum <a href=\"https:\/\/stg.visualarq.com\/de\/download\/update\/\"><strong>Download von VisualARQ-Updates<\/strong><\/a> verwenden, wenn es ein neues Release gibt.<\/li>\n<li>Im <a href=\"https:\/\/discourse.mcneel.com\/c\/visualarq\/\"><strong>VisualARQ-Forum<\/strong><\/a> k\u00f6nnen Sie Ihre Projekte teilen, Fragen stellen oder Ihre Ideen mit anderen Anwendern diskutieren.<\/li>\n<li><a href=\"mailto:visualarq@asuni.com\"><strong>Setzen Sie sich mit uns in Verbindung<\/strong><\/a>, wenn Sie eine Frage, ein Anliegen oder ein Problem haben. Wir stehen Ihnen jederzeit gerne zur Verf\u00fcgung!<\/li>\n<\/ul>\n<h2>Lernmaterial:<\/h2>\n<ul>\n<li><strong>Hilfe<\/strong>: Die VisualARQ-Hilfe ist nach der Installation \u00fcber das Men\u00fc zu erreichen.<\/li>\n<li><strong><a href=\"https:\/\/stg.visualarq.com\/de\/learn\/video-tutorial\/\">Video-Tutorial<\/a><\/strong>: Dieses Schritt-f\u00fcr-Schritt-Video f\u00fchrt Sie durch die Funktionen von VisualARQ anhand eines Modells der Ville Savoye.<\/li>\n<li><a href=\"https:\/\/stg.visualarq.com\/de\/learn\/videos\/\"><strong>Video-Galerie<\/strong><\/a><\/li>\n<li><a href=\"https:\/\/stg.visualarq.com\/de\/support\/tips\/\"><strong>Tipps &amp; Tricks<\/strong><\/a><\/li>\n<\/ul>[\/et_pb_text][\/et_pb_column][et_pb_column type=&#8220;1_2&#8243; _builder_version=&#8220;3.25&#8243; custom_padding=&#8220;|||&#8220; global_colors_info=&#8220;{}&#8220; custom_padding__hover=&#8220;|||&#8220;][et_pb_text _builder_version=&#8220;3.27.4&#8243; border_style=&#8220;solid&#8220; global_colors_info=&#8220;{}&#8220;]<div class=\"div-sobre-iframe\"><iframe loading=\"lazy\" onload=\"iFrameResize()\" src=\"https:\/\/fz2.asuni.com\/form\/?fz=53&lang=de\" width=\"100%\" height=\"40px\" frameborder=\"0\">Form<\/iframe><\/div>[\/et_pb_text][\/et_pb_column][\/et_pb_row][\/et_pb_section]","protected":false},"excerpt":{"rendered":"<p>Vielen Dank, dass Sie sich f\u00fcr VisualARQ entschieden haben! Bitte f\u00fcllen Sie f\u00fcr den Download der neuesten Version von VisualARQ (Versionsverlauf) das nebenstehende Formular aus. Verwenden Sie den Lizenzschl\u00fcssel (CDKEY), den Sie f\u00fcr Ihre Bestellung erhalten haben. \u00dcberpr\u00fcfen Sie Ihr E-Mail-Postfach (gegebenenfalls auch Ihren Spam-Ordner). Nehmen Sie die Adresse &#8222;visualarq@asuni.com&#8220; in die Liste erlaubter Absender [&hellip;]<\/p>\n","protected":false},"author":6,"featured_media":0,"parent":11366,"menu_order":0,"comment_status":"closed","ping_status":"closed","template":"","meta":{"_et_pb_use_builder":"on","_et_pb_old_content":"","_et_gb_content_width":"","footnotes":""},"class_list":["post-11303","page","type-page","status-publish","hentry"],"yoast_head":"<!-- This site is optimized with the Yoast SEO plugin v27.3 - https:\/\/yoast.com\/product\/yoast-seo-wordpress\/ -->\n<title>Kauf - VisualARQ<\/title>\n<meta name=\"robots\" content=\"noindex, follow, max-snippet:-1, max-image-preview:large, max-video-preview:-1\" \/>\n<meta property=\"og:locale\" content=\"de_DE\" \/>\n<meta property=\"og:type\" content=\"article\" \/>\n<meta property=\"og:title\" content=\"Kauf - VisualARQ\" \/>\n<meta property=\"og:description\" content=\"Vielen Dank, dass Sie sich f\u00fcr VisualARQ entschieden haben! Bitte f\u00fcllen Sie f\u00fcr den Download der neuesten Version von VisualARQ (Versionsverlauf) das nebenstehende Formular aus. Verwenden Sie den Lizenzschl\u00fcssel (CDKEY), den Sie f\u00fcr Ihre Bestellung erhalten haben. \u00dcberpr\u00fcfen Sie Ihr E-Mail-Postfach (gegebenenfalls auch Ihren Spam-Ordner). Nehmen Sie die Adresse &quot;visualarq@asuni.com&quot; in die Liste erlaubter Absender [&hellip;]\" \/>\n<meta property=\"og:url\" content=\"https:\/\/stg.visualarq.com\/de\/download\/purchase\/\" \/>\n<meta property=\"og:site_name\" content=\"VisualARQ\" \/>\n<meta property=\"article:publisher\" content=\"https:\/\/www.facebook.com\/visualarq\" \/>\n<meta property=\"article:modified_time\" content=\"2022-02-09T11:21:00+00:00\" \/>\n<meta name=\"twitter:card\" content=\"summary_large_image\" \/>\n<meta name=\"twitter:site\" content=\"@VisualARQ\" \/>\n<meta name=\"twitter:label1\" content=\"Gesch\u00e4tzte Lesezeit\" \/>\n\t<meta name=\"twitter:data1\" content=\"1\u00a0Minute\" \/>\n<script type=\"application\/ld+json\" class=\"yoast-schema-graph\">{\"@context\":\"https:\\\/\\\/schema.org\",\"@graph\":[{\"@type\":\"WebPage\",\"@id\":\"https:\\\/\\\/stg.visualarq.com\\\/de\\\/download\\\/purchase\\\/\",\"url\":\"https:\\\/\\\/stg.visualarq.com\\\/de\\\/download\\\/purchase\\\/\",\"name\":\"Kauf - VisualARQ\",\"isPartOf\":{\"@id\":\"https:\\\/\\\/stg.visualarq.com\\\/de\\\/#website\"},\"datePublished\":\"2014-03-25T00:00:00+00:00\",\"dateModified\":\"2022-02-09T11:21:00+00:00\",\"breadcrumb\":{\"@id\":\"https:\\\/\\\/stg.visualarq.com\\\/de\\\/download\\\/purchase\\\/#breadcrumb\"},\"inLanguage\":\"de\",\"potentialAction\":[{\"@type\":\"ReadAction\",\"target\":[\"https:\\\/\\\/stg.visualarq.com\\\/de\\\/download\\\/purchase\\\/\"]}]},{\"@type\":\"BreadcrumbList\",\"@id\":\"https:\\\/\\\/stg.visualarq.com\\\/de\\\/download\\\/purchase\\\/#breadcrumb\",\"itemListElement\":[{\"@type\":\"ListItem\",\"position\":1,\"name\":\"Home\",\"item\":\"https:\\\/\\\/stg.visualarq.com\\\/de\\\/home\\\/\"},{\"@type\":\"ListItem\",\"position\":2,\"name\":\"Download\",\"item\":\"https:\\\/\\\/stg.visualarq.com\\\/de\\\/download\\\/\"},{\"@type\":\"ListItem\",\"position\":3,\"name\":\"Kauf\"}]},{\"@type\":\"WebSite\",\"@id\":\"https:\\\/\\\/stg.visualarq.com\\\/de\\\/#website\",\"url\":\"https:\\\/\\\/stg.visualarq.com\\\/de\\\/\",\"name\":\"VisualARQ\",\"description\":\"Flexible BIM for Rhino\",\"potentialAction\":[{\"@type\":\"SearchAction\",\"target\":{\"@type\":\"EntryPoint\",\"urlTemplate\":\"https:\\\/\\\/stg.visualarq.com\\\/de\\\/?s={search_term_string}\"},\"query-input\":{\"@type\":\"PropertyValueSpecification\",\"valueRequired\":true,\"valueName\":\"search_term_string\"}}],\"inLanguage\":\"de\"}]}<\/script>\n<!-- \/ Yoast SEO plugin. -->","yoast_head_json":{"title":"Kauf - VisualARQ","robots":{"index":"noindex","follow":"follow","max-snippet":"max-snippet:-1","max-image-preview":"max-image-preview:large","max-video-preview":"max-video-preview:-1"},"og_locale":"de_DE","og_type":"article","og_title":"Kauf - VisualARQ","og_description":"Vielen Dank, dass Sie sich f\u00fcr VisualARQ entschieden haben! Bitte f\u00fcllen Sie f\u00fcr den Download der neuesten Version von VisualARQ (Versionsverlauf) das nebenstehende Formular aus. Verwenden Sie den Lizenzschl\u00fcssel (CDKEY), den Sie f\u00fcr Ihre Bestellung erhalten haben. \u00dcberpr\u00fcfen Sie Ihr E-Mail-Postfach (gegebenenfalls auch Ihren Spam-Ordner). Nehmen Sie die Adresse \"visualarq@asuni.com\" in die Liste erlaubter Absender [&hellip;]","og_url":"https:\/\/stg.visualarq.com\/de\/download\/purchase\/","og_site_name":"VisualARQ","article_publisher":"https:\/\/www.facebook.com\/visualarq","article_modified_time":"2022-02-09T11:21:00+00:00","twitter_card":"summary_large_image","twitter_site":"@VisualARQ","twitter_misc":{"Gesch\u00e4tzte Lesezeit":"1\u00a0Minute"},"schema":{"@context":"https:\/\/schema.org","@graph":[{"@type":"WebPage","@id":"https:\/\/stg.visualarq.com\/de\/download\/purchase\/","url":"https:\/\/stg.visualarq.com\/de\/download\/purchase\/","name":"Kauf - VisualARQ","isPartOf":{"@id":"https:\/\/stg.visualarq.com\/de\/#website"},"datePublished":"2014-03-25T00:00:00+00:00","dateModified":"2022-02-09T11:21:00+00:00","breadcrumb":{"@id":"https:\/\/stg.visualarq.com\/de\/download\/purchase\/#breadcrumb"},"inLanguage":"de","potentialAction":[{"@type":"ReadAction","target":["https:\/\/stg.visualarq.com\/de\/download\/purchase\/"]}]},{"@type":"BreadcrumbList","@id":"https:\/\/stg.visualarq.com\/de\/download\/purchase\/#breadcrumb","itemListElement":[{"@type":"ListItem","position":1,"name":"Home","item":"https:\/\/stg.visualarq.com\/de\/home\/"},{"@type":"ListItem","position":2,"name":"Download","item":"https:\/\/stg.visualarq.com\/de\/download\/"},{"@type":"ListItem","position":3,"name":"Kauf"}]},{"@type":"WebSite","@id":"https:\/\/stg.visualarq.com\/de\/#website","url":"https:\/\/stg.visualarq.com\/de\/","name":"VisualARQ","description":"Flexible BIM for Rhino","potentialAction":[{"@type":"SearchAction","target":{"@type":"EntryPoint","urlTemplate":"https:\/\/stg.visualarq.com\/de\/?s={search_term_string}"},"query-input":{"@type":"PropertyValueSpecification","valueRequired":true,"valueName":"search_term_string"}}],"inLanguage":"de"}]}},"_links":{"self":[{"href":"https:\/\/stg.visualarq.com\/de\/wp-json\/wp\/v2\/pages\/11303","targetHints":{"allow":["GET"]}}],"collection":[{"href":"https:\/\/stg.visualarq.com\/de\/wp-json\/wp\/v2\/pages"}],"about":[{"href":"https:\/\/stg.visualarq.com\/de\/wp-json\/wp\/v2\/types\/page"}],"author":[{"embeddable":true,"href":"https:\/\/stg.visualarq.com\/de\/wp-json\/wp\/v2\/users\/6"}],"replies":[{"embeddable":true,"href":"https:\/\/stg.visualarq.com\/de\/wp-json\/wp\/v2\/comments?post=11303"}],"version-history":[{"count":0,"href":"https:\/\/stg.visualarq.com\/de\/wp-json\/wp\/v2\/pages\/11303\/revisions"}],"up":[{"embeddable":true,"href":"https:\/\/stg.visualarq.com\/de\/wp-json\/wp\/v2\/pages\/11366"}],"wp:attachment":[{"href":"https:\/\/stg.visualarq.com\/de\/wp-json\/wp\/v2\/media?parent=11303"}],"curies":[{"name":"wp","href":"https:\/\/api.w.org\/{rel}","templated":true}]}}