{"id":11307,"date":"2014-05-12T00:00:00","date_gmt":"2014-05-12T00:00:00","guid":{"rendered":"https:\/\/stg.visualarq.com\/download\/resources\/"},"modified":"2024-10-07T10:55:19","modified_gmt":"2024-10-07T10:55:19","slug":"resources","status":"publish","type":"page","link":"https:\/\/stg.visualarq.com\/de\/download\/resources\/","title":{"rendered":"Ressourcen"},"content":{"rendered":"[et_pb_section fb_built=&#8220;1&#8243; admin_label=&#8220;section&#8220; _builder_version=&#8220;4.16&#8243; da_disable_devices=&#8220;off|off|off&#8220; global_colors_info=&#8220;{}&#8220; da_is_popup=&#8220;off&#8220; da_exit_intent=&#8220;off&#8220; da_has_close=&#8220;on&#8220; da_alt_close=&#8220;off&#8220; da_dark_close=&#8220;off&#8220; da_not_modal=&#8220;on&#8220; da_is_singular=&#8220;off&#8220; da_with_loader=&#8220;off&#8220; da_has_shadow=&#8220;on&#8220;][et_pb_row admin_label=&#8220;Reihe&#8220; _builder_version=&#8220;4.16&#8243; background_size=&#8220;initial&#8220; background_position=&#8220;top_left&#8220; background_repeat=&#8220;repeat&#8220; global_colors_info=&#8220;{}&#8220;][et_pb_column type=&#8220;4_4&#8243; _builder_version=&#8220;4.16&#8243; custom_padding=&#8220;|||&#8220; global_colors_info=&#8220;{}&#8220; custom_padding__hover=&#8220;|||&#8220;][et_pb_text _builder_version=&#8220;4.27.0&#8243; background_size=&#8220;initial&#8220; background_position=&#8220;top_left&#8220; background_repeat=&#8220;repeat&#8220; use_border_color=&#8220;off&#8220; border_color=&#8220;#ffffff&#8220; border_style=&#8220;solid&#8220; global_colors_info=&#8220;{}&#8220;]<p><a name=\"zoo\"><\/a><\/p>\n<h1>VisualARQ Zoo Plug-in<\/h1>\n<p><a href=\"https:\/\/www.rhino3d.com\/download\/zoo\/6\/latest\"><img loading=\"lazy\" decoding=\"async\" class=\"alignright size-full wp-image-12359\" src=\"https:\/\/stg.visualarq.com\/wp-content\/uploads\/sites\/2\/2016\/04\/zooLogoshort.png\" alt=\"zooLogoshort\" width=\"300\" height=\"128\" \/><\/a>Mit dem VisualARQ Zoo Plug-in k\u00f6nnen Sie Ihre VisualARQ-Lizenzen (Produktschl\u00fcssel) mit mehreren Anwendern desselben Netzwerks teilen.<\/p>\n<p>Das VisualARQ-Zoo-Plug-in ist verf\u00fcgbar f\u00fcr <strong>LAN Zoo 8:<\/strong> <\/p>\n<p>Voraussetzungen:<\/p>\n<ul>\n<li><strong>Lan Zoo 8 &#8211; Lizenzmanager<\/strong>. (<a href=\"https:\/\/www.rhino3d.com\/download\/zoo\/latest\/\">Download<\/a>)<\/li>\n<li><strong>VisualARQ 2 oder VisualARQ 3<\/strong><\/li>\n<\/ul>[\/et_pb_text][et_pb_button button_url=&#8220;https:\/\/visualarq.s3.amazonaws.com\/download\/VisualARQ3-Zoo8.msi&#8220; button_text=&#8220;Download des VisualARQ-Zoo-Plug-ins f\u00fcr Zoo 8&#8243; button_alignment=&#8220;left&#8220; admin_label=&#8220;Bot\u00f3n download para Zoo 8&#8243; _builder_version=&#8220;4.27.0&#8243; custom_button=&#8220;on&#8220; button_text_color=&#8220;#2191ab&#8220; button_border_color=&#8220;#2191ab&#8220; button_letter_spacing_hover=&#8220;0&#8243; saved_tabs=&#8220;all&#8220; global_colors_info=&#8220;{}&#8220; button_text_size__hover_enabled=&#8220;off&#8220; button_one_text_size__hover_enabled=&#8220;off&#8220; button_two_text_size__hover_enabled=&#8220;off&#8220; button_text_color__hover_enabled=&#8220;off&#8220; button_one_text_color__hover_enabled=&#8220;off&#8220; button_two_text_color__hover_enabled=&#8220;off&#8220; button_border_width__hover_enabled=&#8220;off&#8220; button_one_border_width__hover_enabled=&#8220;off&#8220; button_two_border_width__hover_enabled=&#8220;off&#8220; button_border_color__hover_enabled=&#8220;off&#8220; button_one_border_color__hover_enabled=&#8220;off&#8220; button_two_border_color__hover_enabled=&#8220;off&#8220; button_border_radius__hover_enabled=&#8220;off&#8220; button_one_border_radius__hover_enabled=&#8220;off&#8220; button_two_border_radius__hover_enabled=&#8220;off&#8220; button_letter_spacing__hover_enabled=&#8220;on&#8220; button_letter_spacing__hover=&#8220;0&#8243; button_one_letter_spacing__hover_enabled=&#8220;off&#8220; button_two_letter_spacing__hover_enabled=&#8220;off&#8220; button_bg_color__hover_enabled=&#8220;off&#8220; button_one_bg_color__hover_enabled=&#8220;off&#8220; button_two_bg_color__hover_enabled=&#8220;off&#8220;][\/et_pb_button][et_pb_text _builder_version=&#8220;4.16&#8243; background_size=&#8220;initial&#8220; background_position=&#8220;top_left&#8220; background_repeat=&#8220;repeat&#8220; use_border_color=&#8220;off&#8220; border_color=&#8220;#ffffff&#8220; border_style=&#8220;solid&#8220; global_colors_info=&#8220;{}&#8220;]<h2>Wie funktioniert es?<\/h2>\nWenn VisualARQ als Mehrplatzsystem statt als Einzelplatzsystem installiert wird, funktioniert es folgenderma\u00dfen:\n<ul>\n \t<li>Wenn ein Mehrplatzsystem startet, wird eine Lizenz vom Zoo angefordert.<\/li>\n \t<li>Eine nicht verwendete Lizenz wird diesem System zugewiesen.<\/li>\n \t<li>Wenn eine Sitzung beendet wird, wird die Lizenz erneut in den Pool verf\u00fcgbarer Lizenzen des Zoos zur\u00fcckgeschickt.<\/li>\n<\/ul>\nUm den Lizenzmodus auf Netzwerk zu \u00e4ndern, f\u00fchren Sie den Befehl <kbd>vaLizenz<\/kbd> aus. (<a href=\"https:\/\/stg.visualarq.com\/de\/info\/license-modes\/\">Weitere Informationen \u00fcber die Lizenzmodi<\/a>).\n\n<strong>Hinweis<\/strong>: VisualARQ-Netzwerklizenzen k\u00f6nnen ebenfalls mit dem <a href=\"https:\/\/stg.visualarq.com\/features\/collaboration\/#Zoo\">Cloud Zoo<\/a> verwaltet werden.\n\n<h2 class=\"mt-3\"><a href=\"https:\/\/wiki.mcneel.com\/zoo\/home\">Was ist der Zoo?<\/a><\/h2>\n<iframe loading=\"lazy\" src=\"\/\/player.vimeo.com\/video\/89968285?title=0&amp;byline=0&amp;portrait=0\" width=\"900\" height=\"506\" frameborder=\"0\" allowfullscreen=\"allowfullscreen\"><\/iframe>[\/et_pb_text][et_pb_text admin_label=&#8220;Problems&#8220; _builder_version=&#8220;4.16&#8243; background_size=&#8220;initial&#8220; background_position=&#8220;top_left&#8220; background_repeat=&#8220;repeat&#8220; use_border_color=&#8220;off&#8220; border_color=&#8220;#ffffff&#8220; border_style=&#8220;solid&#8220; global_colors_info=&#8220;{}&#8220;]<h2>Probleme<\/h2>[\/et_pb_text][et_pb_toggle title=&#8220;Ich kann die VisualARQ-Lizenz nicht dem Zoo hinzuf\u00fcgen&#8220; admin_label=&#8220;I can&#8217;t add the license&#8220; _builder_version=&#8220;4.16&#8243; global_colors_info=&#8220;{}&#8220;]Dieses Problem tritt auf, wenn ein Microsoft-DLL auf dem Computer fehlt, auf dem der Zoo installiert ist.\nGehen Sie folgenderma\u00dfen vor:\n<ol>\n<li>Entfernen Sie die VisualARQ-Lizenzen vom Zoo, falls dort welche vorhanden sein sollten. (Hierf\u00fcr muss die Option zum Abmelden der Lizenzen vom Zoo, im Zoo-Men\u00fc > Werkzeuge > Optionen, aktiviert sein.)<\/li>\n<li>Deinstallieren Sie das Zoo-Plug-in f\u00fcr VisualARQ.<\/li>\n<li>Laden Sie dieses neue Microsoft-Paket herunter und installieren Sie es: <a href=\"https:\/\/download.microsoft.com\/download\/C\/6\/D\/C6D0FD4E-9E53-4897-9B91-836EBA2AACD3\/vcredist_x86.exe\">https:\/\/download.microsoft.com\/download\/C\/6\/D\/C6D0FD4E-9E53-4897-9B91-836EBA2AACD3\/vcredist_x86.exe<\/a><\/li>\n<li>Vergewissern Sie sich, dass keine Zoo-Plug-ins f\u00fcr VisualARQ (Version 1 oder 2) auf Ihrem Ger\u00e4t installiert sind.<\/li>\n<li>Installieren Sie das VisualARQ-Zoo-Plug-in f\u00fcr den jeweiligen Zoo. (Der Download ist von dieser Seite aus m\u00f6glich.)<\/li>\n<li>Starten sie den Server neu (empfohlen).<\/li>\n<li>F\u00fchren Sie den Zoo aus und f\u00fcgen Sie eine VisualARQ-Lizenz hinzu.<\/li>\n<\/ol>[\/et_pb_toggle][et_pb_toggle title=&#8220;Eine VisualARQ-Lizenz kann nicht vom Zoo entfernt werden&#8220; admin_label=&#8220;unable to remove a VisualARQ license from the Zoo&#8220; _builder_version=&#8220;4.16&#8243; global_colors_info=&#8220;{}&#8220;]Dies ist ein Zoo-Fehler. Er verhindert das Entfernen der Lizenz eines Drittanbieter-Plug-ins, wenn dieses Zoo-Plug-in eines Drittanbieters nicht auf Ihrem Ger\u00e4t installiert ist.\nZur Behebung installieren Sie das VisualARQ-Zoo-Plug-in erneut (bitte wenden Sie sich an visualarq@asuni.com wenn Sie eine fr\u00fchere Version des VisualARQ-Zoo-Plug-ins ben\u00f6tigen) und entfernen Sie die VisualARQ-Lizenz vom Zoo.[\/et_pb_toggle][et_pb_toggle title=&#8220;Nach einer Aktualisierung kann ich VisualARQ nicht im Netzwerkmodus ausf\u00fchren&#8220; admin_label=&#8220;I cannot run VisualARQ in network mode after an update&#8220; _builder_version=&#8220;4.19.0&#8243; global_colors_info=&#8220;{}&#8220;]Wenn Sie diese Fehlermeldung erhalten: <em>&#8222;Diese Version von VisualARQ akzeptiert nur Netzwerklizenzen von einem Zoo-Server, auf dem das VisualARQ-Plug-in 2.1 oder h\u00f6her installiert ist.&#8220;<\/em> Dies bedeutet dass noch eine alte, nicht mit VisualARQ 2 kompatible Version des VisualARQ-Zoo-Plug-ins installiert ist.\n\nAufgrund einer \u00c4nderung in VisualARQ 2.1 m\u00fcssen Lizenzen f\u00fcr VisualARQ 2, die einem Zoo-Server hinzugef\u00fcgt wurden, entfernt und mit der aktuellen Version des VisualARQ-Zoo-Plug-ins neu hinzugef\u00fcgt werden.\nUm dieses Problem zu beheben, befolgen Sie folgende Schritte.\n<ol>\n<li>Ehe Sie das VisualARQ-Zoo-Plug-in auf die aktuelle Version aktualisieren, entfernen Sie alle Lizenzen f\u00fcr VisualARQ 2 aus dem Zoo.<\/li>\n<li>Deinstallieren Sie s\u00e4mtliche Versionen des VisualARQ-Zoo-Plug-ins von Ihrem Ger\u00e4t.<\/li>\n<li>Installieren Sie die neueste Version des VisualARQ-Zoo-plug-ins. Sie k\u00f6nnen es auf dieser Seite herunterladen.<\/li>\n<li>F\u00fcgen Sie die Lizenzen f\u00fcr VisualARQ dem Zoo erneut hinzu.<\/li>\n<li>F\u00fchren Sie den Befehl <code>_vaLizenz<\/code> aus und w\u00e4hlen Sie den Netzwerkmodus.<\/li>\n<\/ol>[\/et_pb_toggle][et_pb_toggle title=&#8220;Unterst\u00fctzt VisualARQ den Cloud Zoo?&#8220; admin_label=&#8220;Does VA support Cloud Zoo?&#8220; _builder_version=&#8220;4.16&#8243; global_colors_info=&#8220;{}&#8220;]Seit der VisualARQ-Version 2.8 unterst\u00fctzt VisualARQ den Cloud Zoo.\nDiese Funktion ist ab der Version Rhino 6 verf\u00fcgbar. Weitere Infos <a href=\"https:\/\/stg.visualarq.com\/de\/info\/license-modes\/\">hier<\/a>.[\/et_pb_toggle][et_pb_toggle title=&#8220;Ist das Abmelden von VisualARQ-Lizenzen m\u00f6glich?&#8220; admin_label=&#8220;checkout licenses&#8220; _builder_version=&#8220;4.16&#8243; global_colors_info=&#8220;{}&#8220;]Ja, das ist m\u00f6glich. Die Funktionsweise ist die gleiche wie beim Abmelden einer Rhino-Lizenz vom Zoo. Diese Option ist zu finden in Rhino-Optionen > Lizenzen > und Klick auf <em>Lizenzabmeldung f\u00fcr VisualARQ<\/em>. \nDiese Option erscheint nur bei Verwendung von VisualARQ im \u201cNetzwerk\u201d-Lizenzmodus. Bei Erhalt einer Meldung wie \u201cLizenz kann nicht vom Lizenzmanager abgemeldet werden. Setzen Sie sich bitte mit Ihrem Systemadministrator in Verbindung\u201d m\u00fcssen Sie die Option der Lizenzabmeldung in den Zoo-Optionen aktivieren.\n\nPS: dies funktioniert ab VA 2.2.3 und dem letzten Zoo.[\/et_pb_toggle][\/et_pb_column][\/et_pb_row][\/et_pb_section]","protected":false},"excerpt":{"rendered":"<p>VisualARQ Zoo Plug-in Mit dem VisualARQ Zoo Plug-in k\u00f6nnen Sie Ihre VisualARQ-Lizenzen (Produktschl\u00fcssel) mit mehreren Anwendern desselben Netzwerks teilen. Das VisualARQ-Zoo-Plug-in ist verf\u00fcgbar f\u00fcr LAN Zoo 8: Voraussetzungen: Lan Zoo 8 &#8211; Lizenzmanager. (Download) VisualARQ 2 oder VisualARQ 3 Wie funktioniert es? Wenn VisualARQ als Mehrplatzsystem statt als Einzelplatzsystem installiert wird, funktioniert es folgenderma\u00dfen: Wenn [&hellip;]<\/p>\n","protected":false},"author":6,"featured_media":0,"parent":11366,"menu_order":50,"comment_status":"closed","ping_status":"closed","template":"","meta":{"_et_pb_use_builder":"on","_et_pb_old_content":"","_et_gb_content_width":"","footnotes":""},"class_list":["post-11307","page","type-page","status-publish","hentry"],"yoast_head":"<!-- This site is optimized with the Yoast SEO plugin v27.3 - https:\/\/yoast.com\/product\/yoast-seo-wordpress\/ -->\n<title>Ressourcen - VisualARQ<\/title>\n<meta name=\"robots\" content=\"noindex, follow, max-snippet:-1, max-image-preview:large, max-video-preview:-1\" \/>\n<meta property=\"og:locale\" content=\"de_DE\" \/>\n<meta property=\"og:type\" content=\"article\" \/>\n<meta property=\"og:title\" content=\"Ressourcen - VisualARQ\" \/>\n<meta property=\"og:description\" content=\"VisualARQ Zoo Plug-in Mit dem VisualARQ Zoo Plug-in k\u00f6nnen Sie Ihre VisualARQ-Lizenzen (Produktschl\u00fcssel) mit mehreren Anwendern desselben Netzwerks teilen. Das VisualARQ-Zoo-Plug-in ist verf\u00fcgbar f\u00fcr LAN Zoo 8: Voraussetzungen: Lan Zoo 8 - Lizenzmanager. (Download) VisualARQ 2 oder VisualARQ 3 Wie funktioniert es? Wenn VisualARQ als Mehrplatzsystem statt als Einzelplatzsystem installiert wird, funktioniert es folgenderma\u00dfen: Wenn [&hellip;]\" \/>\n<meta property=\"og:url\" content=\"https:\/\/stg.visualarq.com\/de\/download\/resources\/\" \/>\n<meta property=\"og:site_name\" content=\"VisualARQ\" \/>\n<meta property=\"article:publisher\" content=\"https:\/\/www.facebook.com\/visualarq\" \/>\n<meta property=\"article:modified_time\" content=\"2024-10-07T10:55:19+00:00\" \/>\n<meta property=\"og:image\" content=\"https:\/\/stg.visualarq.com\/wp-content\/uploads\/sites\/2\/2016\/04\/zooLogoshort.png\" \/>\n<meta name=\"twitter:card\" content=\"summary_large_image\" \/>\n<meta name=\"twitter:site\" content=\"@VisualARQ\" \/>\n<meta name=\"twitter:label1\" content=\"Gesch\u00e4tzte Lesezeit\" \/>\n\t<meta name=\"twitter:data1\" content=\"6\u00a0Minuten\" \/>\n<script type=\"application\/ld+json\" class=\"yoast-schema-graph\">{\"@context\":\"https:\\\/\\\/schema.org\",\"@graph\":[{\"@type\":\"WebPage\",\"@id\":\"https:\\\/\\\/stg.visualarq.com\\\/de\\\/download\\\/resources\\\/\",\"url\":\"https:\\\/\\\/stg.visualarq.com\\\/de\\\/download\\\/resources\\\/\",\"name\":\"Ressourcen - VisualARQ\",\"isPartOf\":{\"@id\":\"https:\\\/\\\/stg.visualarq.com\\\/de\\\/#website\"},\"primaryImageOfPage\":{\"@id\":\"https:\\\/\\\/stg.visualarq.com\\\/de\\\/download\\\/resources\\\/#primaryimage\"},\"image\":{\"@id\":\"https:\\\/\\\/stg.visualarq.com\\\/de\\\/download\\\/resources\\\/#primaryimage\"},\"thumbnailUrl\":\"https:\\\/\\\/stg.visualarq.com\\\/wp-content\\\/uploads\\\/sites\\\/2\\\/2016\\\/04\\\/zooLogoshort.png\",\"datePublished\":\"2014-05-12T00:00:00+00:00\",\"dateModified\":\"2024-10-07T10:55:19+00:00\",\"breadcrumb\":{\"@id\":\"https:\\\/\\\/stg.visualarq.com\\\/de\\\/download\\\/resources\\\/#breadcrumb\"},\"inLanguage\":\"de\",\"potentialAction\":[{\"@type\":\"ReadAction\",\"target\":[\"https:\\\/\\\/stg.visualarq.com\\\/de\\\/download\\\/resources\\\/\"]}]},{\"@type\":\"ImageObject\",\"inLanguage\":\"de\",\"@id\":\"https:\\\/\\\/stg.visualarq.com\\\/de\\\/download\\\/resources\\\/#primaryimage\",\"url\":\"https:\\\/\\\/stg.visualarq.com\\\/wp-content\\\/uploads\\\/sites\\\/2\\\/2016\\\/04\\\/zooLogoshort.png\",\"contentUrl\":\"https:\\\/\\\/stg.visualarq.com\\\/wp-content\\\/uploads\\\/sites\\\/2\\\/2016\\\/04\\\/zooLogoshort.png\"},{\"@type\":\"BreadcrumbList\",\"@id\":\"https:\\\/\\\/stg.visualarq.com\\\/de\\\/download\\\/resources\\\/#breadcrumb\",\"itemListElement\":[{\"@type\":\"ListItem\",\"position\":1,\"name\":\"Home\",\"item\":\"https:\\\/\\\/stg.visualarq.com\\\/de\\\/home\\\/\"},{\"@type\":\"ListItem\",\"position\":2,\"name\":\"Download\",\"item\":\"https:\\\/\\\/stg.visualarq.com\\\/de\\\/download\\\/\"},{\"@type\":\"ListItem\",\"position\":3,\"name\":\"Ressourcen\"}]},{\"@type\":\"WebSite\",\"@id\":\"https:\\\/\\\/stg.visualarq.com\\\/de\\\/#website\",\"url\":\"https:\\\/\\\/stg.visualarq.com\\\/de\\\/\",\"name\":\"VisualARQ\",\"description\":\"Flexible BIM for Rhino\",\"potentialAction\":[{\"@type\":\"SearchAction\",\"target\":{\"@type\":\"EntryPoint\",\"urlTemplate\":\"https:\\\/\\\/stg.visualarq.com\\\/de\\\/?s={search_term_string}\"},\"query-input\":{\"@type\":\"PropertyValueSpecification\",\"valueRequired\":true,\"valueName\":\"search_term_string\"}}],\"inLanguage\":\"de\"}]}<\/script>\n<!-- \/ Yoast SEO plugin. -->","yoast_head_json":{"title":"Ressourcen - VisualARQ","robots":{"index":"noindex","follow":"follow","max-snippet":"max-snippet:-1","max-image-preview":"max-image-preview:large","max-video-preview":"max-video-preview:-1"},"og_locale":"de_DE","og_type":"article","og_title":"Ressourcen - VisualARQ","og_description":"VisualARQ Zoo Plug-in Mit dem VisualARQ Zoo Plug-in k\u00f6nnen Sie Ihre VisualARQ-Lizenzen (Produktschl\u00fcssel) mit mehreren Anwendern desselben Netzwerks teilen. Das VisualARQ-Zoo-Plug-in ist verf\u00fcgbar f\u00fcr LAN Zoo 8: Voraussetzungen: Lan Zoo 8 - Lizenzmanager. (Download) VisualARQ 2 oder VisualARQ 3 Wie funktioniert es? Wenn VisualARQ als Mehrplatzsystem statt als Einzelplatzsystem installiert wird, funktioniert es folgenderma\u00dfen: Wenn [&hellip;]","og_url":"https:\/\/stg.visualarq.com\/de\/download\/resources\/","og_site_name":"VisualARQ","article_publisher":"https:\/\/www.facebook.com\/visualarq","article_modified_time":"2024-10-07T10:55:19+00:00","og_image":[{"url":"https:\/\/stg.visualarq.com\/wp-content\/uploads\/sites\/2\/2016\/04\/zooLogoshort.png","type":"","width":"","height":""}],"twitter_card":"summary_large_image","twitter_site":"@VisualARQ","twitter_misc":{"Gesch\u00e4tzte Lesezeit":"6\u00a0Minuten"},"schema":{"@context":"https:\/\/schema.org","@graph":[{"@type":"WebPage","@id":"https:\/\/stg.visualarq.com\/de\/download\/resources\/","url":"https:\/\/stg.visualarq.com\/de\/download\/resources\/","name":"Ressourcen - VisualARQ","isPartOf":{"@id":"https:\/\/stg.visualarq.com\/de\/#website"},"primaryImageOfPage":{"@id":"https:\/\/stg.visualarq.com\/de\/download\/resources\/#primaryimage"},"image":{"@id":"https:\/\/stg.visualarq.com\/de\/download\/resources\/#primaryimage"},"thumbnailUrl":"https:\/\/stg.visualarq.com\/wp-content\/uploads\/sites\/2\/2016\/04\/zooLogoshort.png","datePublished":"2014-05-12T00:00:00+00:00","dateModified":"2024-10-07T10:55:19+00:00","breadcrumb":{"@id":"https:\/\/stg.visualarq.com\/de\/download\/resources\/#breadcrumb"},"inLanguage":"de","potentialAction":[{"@type":"ReadAction","target":["https:\/\/stg.visualarq.com\/de\/download\/resources\/"]}]},{"@type":"ImageObject","inLanguage":"de","@id":"https:\/\/stg.visualarq.com\/de\/download\/resources\/#primaryimage","url":"https:\/\/stg.visualarq.com\/wp-content\/uploads\/sites\/2\/2016\/04\/zooLogoshort.png","contentUrl":"https:\/\/stg.visualarq.com\/wp-content\/uploads\/sites\/2\/2016\/04\/zooLogoshort.png"},{"@type":"BreadcrumbList","@id":"https:\/\/stg.visualarq.com\/de\/download\/resources\/#breadcrumb","itemListElement":[{"@type":"ListItem","position":1,"name":"Home","item":"https:\/\/stg.visualarq.com\/de\/home\/"},{"@type":"ListItem","position":2,"name":"Download","item":"https:\/\/stg.visualarq.com\/de\/download\/"},{"@type":"ListItem","position":3,"name":"Ressourcen"}]},{"@type":"WebSite","@id":"https:\/\/stg.visualarq.com\/de\/#website","url":"https:\/\/stg.visualarq.com\/de\/","name":"VisualARQ","description":"Flexible BIM for Rhino","potentialAction":[{"@type":"SearchAction","target":{"@type":"EntryPoint","urlTemplate":"https:\/\/stg.visualarq.com\/de\/?s={search_term_string}"},"query-input":{"@type":"PropertyValueSpecification","valueRequired":true,"valueName":"search_term_string"}}],"inLanguage":"de"}]}},"_links":{"self":[{"href":"https:\/\/stg.visualarq.com\/de\/wp-json\/wp\/v2\/pages\/11307","targetHints":{"allow":["GET"]}}],"collection":[{"href":"https:\/\/stg.visualarq.com\/de\/wp-json\/wp\/v2\/pages"}],"about":[{"href":"https:\/\/stg.visualarq.com\/de\/wp-json\/wp\/v2\/types\/page"}],"author":[{"embeddable":true,"href":"https:\/\/stg.visualarq.com\/de\/wp-json\/wp\/v2\/users\/6"}],"replies":[{"embeddable":true,"href":"https:\/\/stg.visualarq.com\/de\/wp-json\/wp\/v2\/comments?post=11307"}],"version-history":[{"count":5,"href":"https:\/\/stg.visualarq.com\/de\/wp-json\/wp\/v2\/pages\/11307\/revisions"}],"predecessor-version":[{"id":41307,"href":"https:\/\/stg.visualarq.com\/de\/wp-json\/wp\/v2\/pages\/11307\/revisions\/41307"}],"up":[{"embeddable":true,"href":"https:\/\/stg.visualarq.com\/de\/wp-json\/wp\/v2\/pages\/11366"}],"wp:attachment":[{"href":"https:\/\/stg.visualarq.com\/de\/wp-json\/wp\/v2\/media?parent=11307"}],"curies":[{"name":"wp","href":"https:\/\/api.w.org\/{rel}","templated":true}]}}