{"id":11310,"date":"2015-05-20T00:00:00","date_gmt":"2015-05-20T00:00:00","guid":{"rendered":"https:\/\/stg.visualarq.com\/download\/shop\/"},"modified":"2024-10-02T10:00:51","modified_gmt":"2024-10-02T10:00:51","slug":"shop","status":"publish","type":"page","link":"https:\/\/stg.visualarq.com\/de\/download\/shop\/","title":{"rendered":"Download Ihres Produkts"},"content":{"rendered":"<h1>Vielen Dank, dass Sie sich f\u00fcr VisualARQ entschieden haben!<\/h1>\nLaden Sie VisualARQ \u00fcber einen der folgenden Links herunter:\n<ul>\n \t<li><a href=\"https:\/\/visualarq.s3.amazonaws.com\/download\/VisualARQ3-Rhino8.msi\"><strong>VisualARQ f\u00fcr Rhinoceros 8<\/strong><\/a><\/li>\n \t<li><a href=\"https:\/\/visualarq.s3.amazonaws.com\/download\/VisualARQ3-Rhino7.msi\"><strong>VisualARQ f\u00fcr Rhinoceros 7<\/strong><\/a><\/li>\n<\/ul>\n<h3 class=\"mt-3\">Aktivierung Ihrer Lizenz:<\/h3>\n\u00d6ffnen Sie nach der Installation von VisualARQ den Lizenzmodus-Dialog (VisualARQ-Dropdownmen\u00fc > Lizenz&#8230;), w\u00e4hlen Sie <em><strong>Einzelplatz<\/strong><\/em> und befolgen Sie die Schritte zur Best\u00e4tigung Ihres <strong>Lizenzschl\u00fcssels<\/strong>. (Sie k\u00f6nnen auch <em><strong>Cloud<\/strong> <\/em> oder <em><strong>Netzwerk<\/strong> <\/em> w\u00e4hlen, um VisualARQ als zentral verwaltete Lizenz auszuf\u00fchren). Starten Sie Rhino neu, um die \u00c4nderungen anzuwenden.\n<h3 class=\"mt-3\">Kostenlosen Kurs vereinbaren:<\/h3>\nWir bieten einen 90min\u00fctigen, kostenlosen Online-Kurs, um Ihnen den Einstieg in VisualARQ zu erleichtern oder bei Fragen behilflich zu sein. <a href=\"mailto:visualarq@asuni.com\"><strong>Schreiben Sie uns<\/strong><\/a> falls Sie interessiert sind, damit wir einen geeigneten Zeitpunkt vereinbaren k\u00f6nnen.\n<h3 class=\"mt-3\">Denken Sie daran:<\/h3>\n<ul>\n \t<li>Sie k\u00f6nnen Ihren Lizenzschl\u00fcssel zum <a href=\"https:\/\/stg.visualarq.com\/de\/download\/update\/\"><strong>Download von VisualARQ-Updates<\/strong><\/a> verwenden, wenn es ein neues Release gibt.<\/li>\n \t<li>Im <a href=\"https:\/\/discourse.mcneel.com\/c\/visualarq\/\"><strong>VisualARQ-Forum<\/strong><\/a> k\u00f6nnen Sie Ihre Projekte teilen, Fragen stellen oder Ihre Ideen mit anderen Anwendern diskutieren.<\/li>\n \t<li><a href=\"mailto:visualarq@asuni.com\"><strong>Setzen Sie sich mit uns in Verbindung<\/strong><\/a>, wenn Sie eine Frage, ein Anliegen oder ein Problem haben. Wir stehen Ihnen jederzeit gerne zur Verf\u00fcgung!<\/li>\n<\/ul>\n<h3 class=\"mt-3\">Lernmaterial:<\/h3>\n<ul>\n \t<li><strong>Hilfe<\/strong>: Die VisualARQ-Hilfe ist nach der Installation \u00fcber das Men\u00fc zu erreichen.<\/li>\n \t<li><strong><a href=\"https:\/\/help.visualarq.com\/\">Online-Hilfe<\/a><\/strong><\/li>\n \t<li><strong><a href=\"\/support\/video-tutorial\/\">Video-Tutorial<\/a><\/strong>: Dieses Schritt-f\u00fcr-Schritt-Video f\u00fchrt Sie durch die Funktionen von VisualARQ anhand eines Modells der Ville Savoye.<\/li>\n \t<li><a href=\"https:\/\/stg.visualarq.com\/de\/learn\/\"><strong>Lernseite<\/strong><\/a>: ausgew\u00e4hlte Videos, Webinare, \u00dcbungen f\u00fcr die Grasshopperstile oder Grasshopper-Komponenten&#8230; Sie finden hier ein umfangreiches Sortiment an Lernressourcen.<\/li>\n \t<li><a href=\"https:\/\/stg.visualarq.com\/de\/support\/tips\/\"><strong>Tipps und Tricks<\/strong><\/a><\/li>\n<\/ul>","protected":false},"excerpt":{"rendered":"<p>Vielen Dank, dass Sie sich f\u00fcr VisualARQ entschieden haben! Laden Sie VisualARQ \u00fcber einen der folgenden Links herunter: VisualARQ f\u00fcr Rhinoceros 8 VisualARQ f\u00fcr Rhinoceros 7 Aktivierung Ihrer Lizenz: \u00d6ffnen Sie nach der Installation von VisualARQ den Lizenzmodus-Dialog (VisualARQ-Dropdownmen\u00fc > Lizenz&#8230;), w\u00e4hlen Sie Einzelplatz und befolgen Sie die Schritte zur Best\u00e4tigung Ihres Lizenzschl\u00fcssels. (Sie k\u00f6nnen [&hellip;]<\/p>\n","protected":false},"author":6,"featured_media":0,"parent":11366,"menu_order":0,"comment_status":"closed","ping_status":"closed","template":"","meta":{"_et_pb_use_builder":"","_et_pb_old_content":"","_et_gb_content_width":"","footnotes":""},"class_list":["post-11310","page","type-page","status-publish","hentry"],"yoast_head":"<!-- This site is optimized with the Yoast SEO plugin v27.3 - https:\/\/yoast.com\/product\/yoast-seo-wordpress\/ -->\n<title>Download Ihres Produkts - VisualARQ<\/title>\n<meta name=\"robots\" content=\"noindex, follow, max-snippet:-1, max-image-preview:large, max-video-preview:-1\" \/>\n<meta property=\"og:locale\" content=\"de_DE\" \/>\n<meta property=\"og:type\" content=\"article\" \/>\n<meta property=\"og:title\" content=\"Download Ihres Produkts - VisualARQ\" \/>\n<meta property=\"og:description\" content=\"Vielen Dank, dass Sie sich f\u00fcr VisualARQ entschieden haben! Laden Sie VisualARQ \u00fcber einen der folgenden Links herunter: VisualARQ f\u00fcr Rhinoceros 8 VisualARQ f\u00fcr Rhinoceros 7 Aktivierung Ihrer Lizenz: \u00d6ffnen Sie nach der Installation von VisualARQ den Lizenzmodus-Dialog (VisualARQ-Dropdownmen\u00fc &gt; Lizenz&#8230;), w\u00e4hlen Sie Einzelplatz und befolgen Sie die Schritte zur Best\u00e4tigung Ihres Lizenzschl\u00fcssels. (Sie k\u00f6nnen [&hellip;]\" \/>\n<meta property=\"og:url\" content=\"https:\/\/stg.visualarq.com\/de\/download\/shop\/\" \/>\n<meta property=\"og:site_name\" content=\"VisualARQ\" \/>\n<meta property=\"article:publisher\" content=\"https:\/\/www.facebook.com\/visualarq\" \/>\n<meta property=\"article:modified_time\" content=\"2024-10-02T10:00:51+00:00\" \/>\n<meta name=\"twitter:card\" content=\"summary_large_image\" \/>\n<meta name=\"twitter:site\" content=\"@VisualARQ\" \/>\n<meta name=\"twitter:label1\" content=\"Gesch\u00e4tzte Lesezeit\" \/>\n\t<meta name=\"twitter:data1\" content=\"1\u00a0Minute\" \/>\n<script type=\"application\/ld+json\" class=\"yoast-schema-graph\">{\"@context\":\"https:\\\/\\\/schema.org\",\"@graph\":[{\"@type\":\"WebPage\",\"@id\":\"https:\\\/\\\/stg.visualarq.com\\\/de\\\/download\\\/shop\\\/\",\"url\":\"https:\\\/\\\/stg.visualarq.com\\\/de\\\/download\\\/shop\\\/\",\"name\":\"Download Ihres Produkts - VisualARQ\",\"isPartOf\":{\"@id\":\"https:\\\/\\\/stg.visualarq.com\\\/de\\\/#website\"},\"datePublished\":\"2015-05-20T00:00:00+00:00\",\"dateModified\":\"2024-10-02T10:00:51+00:00\",\"breadcrumb\":{\"@id\":\"https:\\\/\\\/stg.visualarq.com\\\/de\\\/download\\\/shop\\\/#breadcrumb\"},\"inLanguage\":\"de\",\"potentialAction\":[{\"@type\":\"ReadAction\",\"target\":[\"https:\\\/\\\/stg.visualarq.com\\\/de\\\/download\\\/shop\\\/\"]}]},{\"@type\":\"BreadcrumbList\",\"@id\":\"https:\\\/\\\/stg.visualarq.com\\\/de\\\/download\\\/shop\\\/#breadcrumb\",\"itemListElement\":[{\"@type\":\"ListItem\",\"position\":1,\"name\":\"Home\",\"item\":\"https:\\\/\\\/stg.visualarq.com\\\/de\\\/home\\\/\"},{\"@type\":\"ListItem\",\"position\":2,\"name\":\"Download\",\"item\":\"https:\\\/\\\/stg.visualarq.com\\\/de\\\/download\\\/\"},{\"@type\":\"ListItem\",\"position\":3,\"name\":\"Download Ihres Produkts\"}]},{\"@type\":\"WebSite\",\"@id\":\"https:\\\/\\\/stg.visualarq.com\\\/de\\\/#website\",\"url\":\"https:\\\/\\\/stg.visualarq.com\\\/de\\\/\",\"name\":\"VisualARQ\",\"description\":\"Flexible BIM for Rhino\",\"potentialAction\":[{\"@type\":\"SearchAction\",\"target\":{\"@type\":\"EntryPoint\",\"urlTemplate\":\"https:\\\/\\\/stg.visualarq.com\\\/de\\\/?s={search_term_string}\"},\"query-input\":{\"@type\":\"PropertyValueSpecification\",\"valueRequired\":true,\"valueName\":\"search_term_string\"}}],\"inLanguage\":\"de\"}]}<\/script>\n<!-- \/ Yoast SEO plugin. -->","yoast_head_json":{"title":"Download Ihres Produkts - VisualARQ","robots":{"index":"noindex","follow":"follow","max-snippet":"max-snippet:-1","max-image-preview":"max-image-preview:large","max-video-preview":"max-video-preview:-1"},"og_locale":"de_DE","og_type":"article","og_title":"Download Ihres Produkts - VisualARQ","og_description":"Vielen Dank, dass Sie sich f\u00fcr VisualARQ entschieden haben! Laden Sie VisualARQ \u00fcber einen der folgenden Links herunter: VisualARQ f\u00fcr Rhinoceros 8 VisualARQ f\u00fcr Rhinoceros 7 Aktivierung Ihrer Lizenz: \u00d6ffnen Sie nach der Installation von VisualARQ den Lizenzmodus-Dialog (VisualARQ-Dropdownmen\u00fc > Lizenz&#8230;), w\u00e4hlen Sie Einzelplatz und befolgen Sie die Schritte zur Best\u00e4tigung Ihres Lizenzschl\u00fcssels. (Sie k\u00f6nnen [&hellip;]","og_url":"https:\/\/stg.visualarq.com\/de\/download\/shop\/","og_site_name":"VisualARQ","article_publisher":"https:\/\/www.facebook.com\/visualarq","article_modified_time":"2024-10-02T10:00:51+00:00","twitter_card":"summary_large_image","twitter_site":"@VisualARQ","twitter_misc":{"Gesch\u00e4tzte Lesezeit":"1\u00a0Minute"},"schema":{"@context":"https:\/\/schema.org","@graph":[{"@type":"WebPage","@id":"https:\/\/stg.visualarq.com\/de\/download\/shop\/","url":"https:\/\/stg.visualarq.com\/de\/download\/shop\/","name":"Download Ihres Produkts - VisualARQ","isPartOf":{"@id":"https:\/\/stg.visualarq.com\/de\/#website"},"datePublished":"2015-05-20T00:00:00+00:00","dateModified":"2024-10-02T10:00:51+00:00","breadcrumb":{"@id":"https:\/\/stg.visualarq.com\/de\/download\/shop\/#breadcrumb"},"inLanguage":"de","potentialAction":[{"@type":"ReadAction","target":["https:\/\/stg.visualarq.com\/de\/download\/shop\/"]}]},{"@type":"BreadcrumbList","@id":"https:\/\/stg.visualarq.com\/de\/download\/shop\/#breadcrumb","itemListElement":[{"@type":"ListItem","position":1,"name":"Home","item":"https:\/\/stg.visualarq.com\/de\/home\/"},{"@type":"ListItem","position":2,"name":"Download","item":"https:\/\/stg.visualarq.com\/de\/download\/"},{"@type":"ListItem","position":3,"name":"Download Ihres Produkts"}]},{"@type":"WebSite","@id":"https:\/\/stg.visualarq.com\/de\/#website","url":"https:\/\/stg.visualarq.com\/de\/","name":"VisualARQ","description":"Flexible BIM for Rhino","potentialAction":[{"@type":"SearchAction","target":{"@type":"EntryPoint","urlTemplate":"https:\/\/stg.visualarq.com\/de\/?s={search_term_string}"},"query-input":{"@type":"PropertyValueSpecification","valueRequired":true,"valueName":"search_term_string"}}],"inLanguage":"de"}]}},"_links":{"self":[{"href":"https:\/\/stg.visualarq.com\/de\/wp-json\/wp\/v2\/pages\/11310","targetHints":{"allow":["GET"]}}],"collection":[{"href":"https:\/\/stg.visualarq.com\/de\/wp-json\/wp\/v2\/pages"}],"about":[{"href":"https:\/\/stg.visualarq.com\/de\/wp-json\/wp\/v2\/types\/page"}],"author":[{"embeddable":true,"href":"https:\/\/stg.visualarq.com\/de\/wp-json\/wp\/v2\/users\/6"}],"replies":[{"embeddable":true,"href":"https:\/\/stg.visualarq.com\/de\/wp-json\/wp\/v2\/comments?post=11310"}],"version-history":[{"count":1,"href":"https:\/\/stg.visualarq.com\/de\/wp-json\/wp\/v2\/pages\/11310\/revisions"}],"predecessor-version":[{"id":41005,"href":"https:\/\/stg.visualarq.com\/de\/wp-json\/wp\/v2\/pages\/11310\/revisions\/41005"}],"up":[{"embeddable":true,"href":"https:\/\/stg.visualarq.com\/de\/wp-json\/wp\/v2\/pages\/11366"}],"wp:attachment":[{"href":"https:\/\/stg.visualarq.com\/de\/wp-json\/wp\/v2\/media?parent=11310"}],"curies":[{"name":"wp","href":"https:\/\/api.w.org\/{rel}","templated":true}]}}