{"id":11312,"date":"2015-09-09T00:00:00","date_gmt":"2015-09-09T00:00:00","guid":{"rendered":"https:\/\/stg.visualarq.com\/learn\/webinars\/"},"modified":"2023-04-23T11:22:41","modified_gmt":"2023-04-23T11:22:41","slug":"webinars","status":"publish","type":"page","link":"https:\/\/stg.visualarq.com\/de\/learn\/webinars\/","title":{"rendered":"Webinare"},"content":{"rendered":"\n<figure class=\"wp-block-image alignright\"><img decoding=\"async\" src=\"https:\/\/stg.visualarq.com\/wp-content\/uploads\/sites\/2\/2015\/12\/Webinar-image.png\" alt=\"Webinar\" class=\"wp-image-11858\"\/><\/figure>\n\n\n\n<h1 class=\"wp-block-heading\">Nehmen Sie am n\u00e4chsten VisualARQ-Webinar teil!<\/h1>\n\n\n\n<p>Klicken Sie auf die Schaltfl\u00e4che unten um zu sehen, ob es bald ein neues VisualARQ-Webinar gibt.<\/p>\n\n\n\n<ul class=\"wp-block-list\">\n<li>Kein bevorstehendes Webinar<\/li>\n<\/ul>\n\n\n\n\n<hr class=\"wp-block-separator has-alpha-channel-opacity\"\/>\n\n\n\n<h1 class=\"wp-block-heading\">Aufgezeichnete Webinare<\/h1>\n\n\n\n<ul class=\"wp-block-list\">\n<li><p><a href=\"https:\/\/stg.visualarq.com\/de\/learn\/webinars\/#VisualARQOverview\">\u00dcbersicht zu VisualARQ 2<\/a><\/p><\/li>\n\n\n\n<li><p><a href=\"https:\/\/stg.visualarq.com\/de\/learn\/webinars\/#GHStyles\">VisualARQ-Grasshopper-Stile<\/a><\/p><\/li>\n\n\n\n<li><p><a href=\"https:\/\/stg.visualarq.com\/de\/learn\/webinars\/#GHComponents\">VisualARQ-Grasshopper-Komponenten<\/a><\/p><\/li>\n\n\n\n<li><p><a href=\"https:\/\/www.youtube.com\/playlist?list=PLLfTyZ7LBWcxwYtNjHckeCJNFZuRsbNow\">Vorausgegangene Webinars auf Youtube<\/a><\/p><\/li>\n<\/ul>\n\n\n\n<h2 class=\"wp-block-heading\" id=\"VisualARQOverview\">VisualARQ 2. Arbeitsablauf mit Flexiblen BIM mit Rhino, VisualARQ und Grasshopper<\/h2>\n\n\n\n<p>In diesem Webinar werden die flexiblen BIM-Eigenschaften vorgestellt, die VisualARQ mit der Version 2.4 Rhino und seiner Verbindung mit Grasshopper hinzuf\u00fcgt:<\/p>\n\n\n\n<div class=\"aligncenter my-3\"><div class='youtube-gallery' style='width: 100%;'>\n\t\t\t\t\t\t<a \n\t\t\t\t\t\t\ttitle='Webinare' \n\t\t\t\t\t\t\ttarget='_blank' \n\t\t\t\t\t\t\thref='https:\/\/www.youtube.com\/watch?v=u0CajYp3VAk'\n\t\t\t\t\t\t>\n\t\t\t\t\t\t<span><\/span>\n\t\t\t\t\t\t<img \n\t\t\t\t\t\t\tsrc='https:\/\/img.youtube.com\/vi\/u0CajYp3VAk\/hqdefault.jpg' \n\t\t\t\t\t\t\twidth='853' \n\t\t\t\t\t\t\theight='480'>\n\t\t\t\t\t\t<\/a>\n\t\t\t\t\t<\/div><br><\/div>\n\n\n\n<ul class=\"wp-block-list\">\n<li>\u00dcbersicht \u00fcber die Eigenschaften Flexibler BIM in VisualARQ sowie anderer F\u00e4lle.<\/li>\n\n\n\n<li><p>Werkzeugleisten-\u00dcberblick <a href=\"https:\/\/youtu.be\/u0CajYp3VAk?t=966\">(16&#8217;06&#8220; Min.)<\/a>.<\/p><\/li>\n\n\n\n<li><p>Schnitt- und Ebenenmanager <a href=\"https:\/\/youtu.be\/u0CajYp3VAk?t=1060\">(17&#8217;40&#8220; Min.)<\/a>.<\/p><\/li>\n\n\n\n<li><p>Schnittattribute f\u00fcr Rhino-Objekte <a href=\"https:\/\/youtu.be\/u0CajYp3VAk?t=1320\">(22&#8217;00&#8220; Min.)<\/a><\/p><\/li>\n\n\n\n<li><p>2D-Vektorzeichnungen in Echtzeit und Layout-Seitenvorbereitung <a href=\"https:\/\/youtu.be\/u0CajYp3VAk?t=1416\">(min. 23&#8217;36&#8220;)<\/a>.<\/p><\/li>\n\n\n\n<li><p>Grundlegender Arbeitsablauf mit VisualARQ-Objekten (W\u00e4nde und T\u00fcren) <a href=\"https:\/\/youtu.be\/u0CajYp3VAk?t=1733\">(28&#8217;53&#8220; Min.)<\/a><\/p><\/li>\n\n\n\n<li><p>Neue VisualARQ-Objektstile erzeugen (W\u00e4nde und T\u00fcren) <a href=\"https:\/\/youtu.be\/u0CajYp3VAk?t=1997\">(33&#8217;17&#8220; Min.)<\/a><\/p><\/li>\n\n\n\n<li><p>Neue VisualARQ-Objektstile aus Grasshopper-Definitionen <a href=\"https:\/\/youtu.be\/u0CajYp3VAk?t=2179\">(36&#8217;19&#8220; Min.)<\/a>.<\/p><\/li>\n\n\n\n<li><p>M\u00f6bel-, Element- und Anmerkungsobjekte, die ebenfalls aus Grasshopper-Definitionen erstellbar sind <a href=\"https:\/\/youtu.be\/u0CajYp3VAk?t=2598\">(43&#8217;18&#8220; Min.)<\/a>.<\/p><\/li>\n\n\n\n<li><p>2D-Schnittansichten <a href=\"https:\/\/youtu.be\/u0CajYp3VAk?t=2683\">(44&#8217;43&#8220; Min.)<\/a><\/p><\/li>\n\n\n\n<li><p>Benutzerdefinierte Parameter werden nach Objekt, Stil, Dokument und aus Grasshopper erzeugt <a href=\"https:\/\/youtu.be\/u0CajYp3VAk?t=2793\">(min. 46&#8217;33)<\/a>.<\/p><\/li>\n\n\n\n<li><p>IFC-Beschriftung <a href=\"https:\/\/youtu.be\/u0CajYp3VAk?t=2897\">(48&#8217;17 Min.)<\/a><\/p><\/li>\n\n\n\n<li><p>\u00dcberblick: VisualARQ-Grasshopper-Komponenten<a href=\"https:\/\/youtu.be\/u0CajYp3VAk?t=2926\"> (48&#8217;46&#8220; Min.)<\/a><\/p><\/li>\n\n\n\n<li><p>Beispielhafte Erzeugung einer Fl\u00e4che, ihrer Referenzierung in Grasshopper und der automatischen Erzeugung der 4 Aufrisse eines Raums: <a href=\"https:\/\/youtu.be\/u0CajYp3VAk?t=3039\"> (48&#8217;46&#8220; Min.)<\/a><\/p><\/li>\n\n\n\n<li><p>Beispielhafte Erzeugung einer Tabelle zur Quantifizierung des Lagervolumens von M\u00f6belobjekten in einer K\u00fcche: <a href=\"https:\/\/youtu.be\/u0CajYp3VAk?t=3185\"> (53&#8217;05&#8220; Min.)<\/a><\/p>\n<ol class=\"wp-block-list\">\n<li>Anleitung zur Erzeugung eines neuen benutzerdefinierten Parameters &#8222;Lagervolumen&#8220;<\/li>\n\n\n\n<li>Kalkulierung von Werten und ihre Zuweisung an Objekte f\u00fcr diese Parameter aus Grasshopper<\/li>\n\n\n\n<li>Erzeugung eines neuen Tabellenstils zur Auflistung dieser Information und ihre Einf\u00fcgung in das Modell.<\/li>\n<\/ol>\n<\/li>\n\n\n\n<li><p>IFC-Export- und Importeigenschaften <a href=\"https:\/\/youtu.be\/u0CajYp3VAk?t=3635\">(1 Std. 35 Min.)<\/a>.<\/p><\/li>\n<\/ul>\n\n\n\n<h2 class=\"wp-block-heading\" id=\"GHStyles\">VisualARQ-Grasshopper-Stile<\/h2>\n\n\n\n<p>In diesem Webinar wird anhand einiger Beispiele erkl\u00e4rt, was die VisualARQ-Grasshopper-Stile sind.<\/p>\n\n\n\n<div class=\"aligncenter my-3\"><div class='youtube-gallery' style='width: 100%;'>\n\t\t\t\t\t\t<a \n\t\t\t\t\t\t\ttitle='Webinare' \n\t\t\t\t\t\t\ttarget='_blank' \n\t\t\t\t\t\t\thref='https:\/\/www.youtube.com\/watch?v=6jgzsxPxRyA'\n\t\t\t\t\t\t>\n\t\t\t\t\t\t<span><\/span>\n\t\t\t\t\t\t<img \n\t\t\t\t\t\t\tsrc='https:\/\/img.youtube.com\/vi\/6jgzsxPxRyA\/hqdefault.jpg' \n\t\t\t\t\t\t\twidth='853' \n\t\t\t\t\t\t\theight='480'>\n\t\t\t\t\t\t<\/a>\n\t\t\t\t\t<\/div><br><\/div>\n\n\n\n<h2 class=\"wp-block-heading\" id=\"GHComponents\">VisualARQ-Grasshopper-Komponenten<\/h2>\n\n\n\n<p>Das Webinar dient als Einf\u00fchrung zum Arbeiten mit VisualARQ-Objekten in Grasshopper mit den Grasshopper-Komponenten.<\/p>\n\n\n\n<div class=\"aligncenter my-3\"><div class='youtube-gallery' style='width: 100%;'>\n\t\t\t\t\t\t<a \n\t\t\t\t\t\t\ttitle='Webinare' \n\t\t\t\t\t\t\ttarget='_blank' \n\t\t\t\t\t\t\thref='https:\/\/www.youtube.com\/watch?v=kv5MbMToVDE'\n\t\t\t\t\t\t>\n\t\t\t\t\t\t<span><\/span>\n\t\t\t\t\t\t<img \n\t\t\t\t\t\t\tsrc='https:\/\/img.youtube.com\/vi\/kv5MbMToVDE\/hqdefault.jpg' \n\t\t\t\t\t\t\twidth='853' \n\t\t\t\t\t\t\theight='480'>\n\t\t\t\t\t\t<\/a>\n\t\t\t\t\t<\/div><br><\/div>\n","protected":false},"excerpt":{"rendered":"<p>Nehmen Sie am n\u00e4chsten VisualARQ-Webinar teil! Klicken Sie auf die Schaltfl\u00e4che unten um zu sehen, ob es bald ein neues VisualARQ-Webinar gibt. \n<ul class=\"wp-block-list\">\n<li>Kein bevorstehendes Webinar<\/li>\n<\/ul>\n Aufgezeichnete Webinare \u00dcbersicht zu VisualARQ 2 VisualARQ-Grasshopper-Stile VisualARQ-Grasshopper-Komponenten Vorausgegangene Webinars auf Youtube VisualARQ 2. Arbeitsablauf mit Flexiblen BIM mit Rhino, VisualARQ und Grasshopper In diesem Webinar werden die flexiblen [&hellip;]<\/p>\n","protected":false},"author":6,"featured_media":0,"parent":11368,"menu_order":0,"comment_status":"closed","ping_status":"closed","template":"","meta":{"_et_pb_use_builder":"on","_et_pb_old_content":"","_et_gb_content_width":"","footnotes":""},"class_list":["post-11312","page","type-page","status-publish","hentry"],"yoast_head":"<!-- This site is optimized with the Yoast SEO plugin v27.3 - https:\/\/yoast.com\/product\/yoast-seo-wordpress\/ -->\n<title>Webinare - VisualARQ<\/title>\n<meta name=\"robots\" content=\"noindex, follow, max-snippet:-1, max-image-preview:large, max-video-preview:-1\" \/>\n<meta property=\"og:locale\" content=\"de_DE\" \/>\n<meta property=\"og:type\" content=\"article\" \/>\n<meta property=\"og:title\" content=\"Webinare - VisualARQ\" \/>\n<meta property=\"og:description\" content=\"Nehmen Sie am n\u00e4chsten VisualARQ-Webinar teil! Klicken Sie auf die Schaltfl\u00e4che unten um zu sehen, ob es bald ein neues VisualARQ-Webinar gibt. Aufgezeichnete Webinare \u00dcbersicht zu VisualARQ 2 VisualARQ-Grasshopper-Stile VisualARQ-Grasshopper-Komponenten Vorausgegangene Webinars auf Youtube VisualARQ 2. Arbeitsablauf mit Flexiblen BIM mit Rhino, VisualARQ und Grasshopper In diesem Webinar werden die flexiblen [&hellip;]\" \/>\n<meta property=\"og:url\" content=\"https:\/\/stg.visualarq.com\/de\/learn\/webinars\/\" \/>\n<meta property=\"og:site_name\" content=\"VisualARQ\" \/>\n<meta property=\"article:publisher\" content=\"https:\/\/www.facebook.com\/visualarq\" \/>\n<meta property=\"article:modified_time\" content=\"2023-04-23T11:22:41+00:00\" \/>\n<meta property=\"og:image\" content=\"https:\/\/stg.visualarq.com\/wp-content\/uploads\/sites\/2\/2015\/12\/Webinar-image.png\" \/>\n<meta name=\"twitter:card\" content=\"summary_large_image\" \/>\n<meta name=\"twitter:site\" content=\"@VisualARQ\" \/>\n<meta name=\"twitter:label1\" content=\"Gesch\u00e4tzte Lesezeit\" \/>\n\t<meta name=\"twitter:data1\" content=\"2\u00a0Minuten\" \/>\n<script type=\"application\/ld+json\" class=\"yoast-schema-graph\">{\"@context\":\"https:\\\/\\\/schema.org\",\"@graph\":[{\"@type\":\"WebPage\",\"@id\":\"https:\\\/\\\/stg.visualarq.com\\\/de\\\/learn\\\/webinars\\\/\",\"url\":\"https:\\\/\\\/stg.visualarq.com\\\/de\\\/learn\\\/webinars\\\/\",\"name\":\"Webinare - VisualARQ\",\"isPartOf\":{\"@id\":\"https:\\\/\\\/stg.visualarq.com\\\/de\\\/#website\"},\"primaryImageOfPage\":{\"@id\":\"https:\\\/\\\/stg.visualarq.com\\\/de\\\/learn\\\/webinars\\\/#primaryimage\"},\"image\":{\"@id\":\"https:\\\/\\\/stg.visualarq.com\\\/de\\\/learn\\\/webinars\\\/#primaryimage\"},\"thumbnailUrl\":\"https:\\\/\\\/stg.visualarq.com\\\/wp-content\\\/uploads\\\/sites\\\/2\\\/2015\\\/12\\\/Webinar-image.png\",\"datePublished\":\"2015-09-09T00:00:00+00:00\",\"dateModified\":\"2023-04-23T11:22:41+00:00\",\"breadcrumb\":{\"@id\":\"https:\\\/\\\/stg.visualarq.com\\\/de\\\/learn\\\/webinars\\\/#breadcrumb\"},\"inLanguage\":\"de\",\"potentialAction\":[{\"@type\":\"ReadAction\",\"target\":[\"https:\\\/\\\/stg.visualarq.com\\\/de\\\/learn\\\/webinars\\\/\"]}]},{\"@type\":\"ImageObject\",\"inLanguage\":\"de\",\"@id\":\"https:\\\/\\\/stg.visualarq.com\\\/de\\\/learn\\\/webinars\\\/#primaryimage\",\"url\":\"https:\\\/\\\/stg.visualarq.com\\\/wp-content\\\/uploads\\\/sites\\\/2\\\/2015\\\/12\\\/Webinar-image.png\",\"contentUrl\":\"https:\\\/\\\/stg.visualarq.com\\\/wp-content\\\/uploads\\\/sites\\\/2\\\/2015\\\/12\\\/Webinar-image.png\"},{\"@type\":\"BreadcrumbList\",\"@id\":\"https:\\\/\\\/stg.visualarq.com\\\/de\\\/learn\\\/webinars\\\/#breadcrumb\",\"itemListElement\":[{\"@type\":\"ListItem\",\"position\":1,\"name\":\"Home\",\"item\":\"https:\\\/\\\/stg.visualarq.com\\\/de\\\/home\\\/\"},{\"@type\":\"ListItem\",\"position\":2,\"name\":\"Schulung\",\"item\":\"https:\\\/\\\/stg.visualarq.com\\\/de\\\/learn\\\/\"},{\"@type\":\"ListItem\",\"position\":3,\"name\":\"Webinare\"}]},{\"@type\":\"WebSite\",\"@id\":\"https:\\\/\\\/stg.visualarq.com\\\/de\\\/#website\",\"url\":\"https:\\\/\\\/stg.visualarq.com\\\/de\\\/\",\"name\":\"VisualARQ\",\"description\":\"Flexible BIM for Rhino\",\"potentialAction\":[{\"@type\":\"SearchAction\",\"target\":{\"@type\":\"EntryPoint\",\"urlTemplate\":\"https:\\\/\\\/stg.visualarq.com\\\/de\\\/?s={search_term_string}\"},\"query-input\":{\"@type\":\"PropertyValueSpecification\",\"valueRequired\":true,\"valueName\":\"search_term_string\"}}],\"inLanguage\":\"de\"}]}<\/script>\n<!-- \/ Yoast SEO plugin. -->","yoast_head_json":{"title":"Webinare - VisualARQ","robots":{"index":"noindex","follow":"follow","max-snippet":"max-snippet:-1","max-image-preview":"max-image-preview:large","max-video-preview":"max-video-preview:-1"},"og_locale":"de_DE","og_type":"article","og_title":"Webinare - VisualARQ","og_description":"Nehmen Sie am n\u00e4chsten VisualARQ-Webinar teil! Klicken Sie auf die Schaltfl\u00e4che unten um zu sehen, ob es bald ein neues VisualARQ-Webinar gibt. Aufgezeichnete Webinare \u00dcbersicht zu VisualARQ 2 VisualARQ-Grasshopper-Stile VisualARQ-Grasshopper-Komponenten Vorausgegangene Webinars auf Youtube VisualARQ 2. Arbeitsablauf mit Flexiblen BIM mit Rhino, VisualARQ und Grasshopper In diesem Webinar werden die flexiblen [&hellip;]","og_url":"https:\/\/stg.visualarq.com\/de\/learn\/webinars\/","og_site_name":"VisualARQ","article_publisher":"https:\/\/www.facebook.com\/visualarq","article_modified_time":"2023-04-23T11:22:41+00:00","og_image":[{"url":"https:\/\/stg.visualarq.com\/wp-content\/uploads\/sites\/2\/2015\/12\/Webinar-image.png","type":"","width":"","height":""}],"twitter_card":"summary_large_image","twitter_site":"@VisualARQ","twitter_misc":{"Gesch\u00e4tzte Lesezeit":"2\u00a0Minuten"},"schema":{"@context":"https:\/\/schema.org","@graph":[{"@type":"WebPage","@id":"https:\/\/stg.visualarq.com\/de\/learn\/webinars\/","url":"https:\/\/stg.visualarq.com\/de\/learn\/webinars\/","name":"Webinare - VisualARQ","isPartOf":{"@id":"https:\/\/stg.visualarq.com\/de\/#website"},"primaryImageOfPage":{"@id":"https:\/\/stg.visualarq.com\/de\/learn\/webinars\/#primaryimage"},"image":{"@id":"https:\/\/stg.visualarq.com\/de\/learn\/webinars\/#primaryimage"},"thumbnailUrl":"https:\/\/stg.visualarq.com\/wp-content\/uploads\/sites\/2\/2015\/12\/Webinar-image.png","datePublished":"2015-09-09T00:00:00+00:00","dateModified":"2023-04-23T11:22:41+00:00","breadcrumb":{"@id":"https:\/\/stg.visualarq.com\/de\/learn\/webinars\/#breadcrumb"},"inLanguage":"de","potentialAction":[{"@type":"ReadAction","target":["https:\/\/stg.visualarq.com\/de\/learn\/webinars\/"]}]},{"@type":"ImageObject","inLanguage":"de","@id":"https:\/\/stg.visualarq.com\/de\/learn\/webinars\/#primaryimage","url":"https:\/\/stg.visualarq.com\/wp-content\/uploads\/sites\/2\/2015\/12\/Webinar-image.png","contentUrl":"https:\/\/stg.visualarq.com\/wp-content\/uploads\/sites\/2\/2015\/12\/Webinar-image.png"},{"@type":"BreadcrumbList","@id":"https:\/\/stg.visualarq.com\/de\/learn\/webinars\/#breadcrumb","itemListElement":[{"@type":"ListItem","position":1,"name":"Home","item":"https:\/\/stg.visualarq.com\/de\/home\/"},{"@type":"ListItem","position":2,"name":"Schulung","item":"https:\/\/stg.visualarq.com\/de\/learn\/"},{"@type":"ListItem","position":3,"name":"Webinare"}]},{"@type":"WebSite","@id":"https:\/\/stg.visualarq.com\/de\/#website","url":"https:\/\/stg.visualarq.com\/de\/","name":"VisualARQ","description":"Flexible BIM for Rhino","potentialAction":[{"@type":"SearchAction","target":{"@type":"EntryPoint","urlTemplate":"https:\/\/stg.visualarq.com\/de\/?s={search_term_string}"},"query-input":{"@type":"PropertyValueSpecification","valueRequired":true,"valueName":"search_term_string"}}],"inLanguage":"de"}]}},"_links":{"self":[{"href":"https:\/\/stg.visualarq.com\/de\/wp-json\/wp\/v2\/pages\/11312","targetHints":{"allow":["GET"]}}],"collection":[{"href":"https:\/\/stg.visualarq.com\/de\/wp-json\/wp\/v2\/pages"}],"about":[{"href":"https:\/\/stg.visualarq.com\/de\/wp-json\/wp\/v2\/types\/page"}],"author":[{"embeddable":true,"href":"https:\/\/stg.visualarq.com\/de\/wp-json\/wp\/v2\/users\/6"}],"replies":[{"embeddable":true,"href":"https:\/\/stg.visualarq.com\/de\/wp-json\/wp\/v2\/comments?post=11312"}],"version-history":[{"count":0,"href":"https:\/\/stg.visualarq.com\/de\/wp-json\/wp\/v2\/pages\/11312\/revisions"}],"up":[{"embeddable":true,"href":"https:\/\/stg.visualarq.com\/de\/wp-json\/wp\/v2\/pages\/11368"}],"wp:attachment":[{"href":"https:\/\/stg.visualarq.com\/de\/wp-json\/wp\/v2\/media?parent=11312"}],"curies":[{"name":"wp","href":"https:\/\/api.w.org\/{rel}","templated":true}]}}