{"id":11329,"date":"2013-06-06T00:00:00","date_gmt":"2013-06-06T00:00:00","guid":{"rendered":"https:\/\/stg.visualarq.com\/features\/grasshopper\/exercises\/create-a-door\/"},"modified":"2019-01-02T16:00:08","modified_gmt":"2019-01-02T16:00:08","slug":"create-a-door","status":"publish","type":"page","link":"https:\/\/stg.visualarq.com\/de\/learn\/grasshopper-components\/create-a-door\/","title":{"rendered":"\u00dcbung 2. Erzeugung einer T\u00fcr"},"content":{"rendered":"<h1>\u00dcbung 2. Erzeugung einer T\u00fcr<\/h1>\n\n<p><img loading=\"lazy\" decoding=\"async\" alt=\"\u00dcbung 2\" src=\"https:\/\/stg.visualarq.com\/wp-content\/uploads\/sites\/2\/2013\/06\/Door-Exercise-2.jpg\" width=\"900\" height=\"340\" \/><\/p>\n\n<h3>1. Erzeugung einer T\u00fcr:<\/h3>\n\n<ul>\n\n<li>1. Ziehen Sie eine VisualARQ-&#8222;<em><strong>T\u00fcr<\/strong><\/em>&#8222;-Komponente <img loading=\"lazy\" decoding=\"async\" class=\"alignnone size-full wp-image-5108\" alt=\"VA_Door\" src=\"https:\/\/stg.visualarq.com\/wp-content\/uploads\/sites\/2\/2012\/06\/VA_Door.jpg\" width=\"26\" height=\"26\" \/>\u00a0auf die Grasshopper-Arbeitsfl\u00e4che. Diese T\u00fcrkomponente hat drei Inputs:\n\n<ol>\n\n<li><strong>W:<\/strong>\u00a0Die Wand, in die die T\u00fcr eingef\u00fcgt wird.<\/li>\n\n<li><strong>P: <\/strong>Den Einf\u00fcgungspunkt der T\u00fcr. Dieser bestimmt die Position<strong>\u00a0<\/strong>einer T\u00fcr im Modell. Wenn der Punkt sich nicht entlang der Wandpfadkurve befindet, wird die T\u00fcr am der Wandpfadkurve n\u00e4chsten Punkt eingef\u00fcgt.<\/li>\n\n<li><strong>O:<\/strong>\u00a0Optionen zur Einstellung der T\u00fcrparameter.<\/li>\n\n<\/ol>\n\n<\/li>\n\n<li>2. Weisen Sie der T\u00fcr eine Wand zu: Verbinden Sie den Output <em>W<\/em> der vorher erzeugten <em>Wall<\/em>&#8211; Komponente mit dem Input <em>W<\/em> der <em>Door<\/em>-Komponente.<\/li>\n\n<li>3. W\u00e4hlen Sie den T\u00fcreinf\u00fcgungspunkt. Dies k\u00f6nnen Sie auf verschiedene Arten bewerkstelligen:\n\n<ul>\n\n<li>W\u00e4hlen Sie einen bereits im Modell existierenden Punkt: Klicken Sie mit der rechten Maustaste auf den Input <em>P<\/em> der Komponente <em>Door<\/em> und w\u00e4hlen Sie im Kontextmen\u00fc &#8222;<em>Set one Point<\/em>&#8220; oder &#8222;<em>Set multiple Points<\/em>&#8222;. Grasshopper bleibt so lange verborgen, bis Sie einen vorhandenen Punkt des Modells ausw\u00e4hlen (Sie k\u00f6nnen auch einen <em>Point Param\u00a0<img loading=\"lazy\" decoding=\"async\" class=\"alignnone size-full wp-image-7366\" alt=\"Point Param\" src=\"https:\/\/stg.visualarq.com\/wp-content\/uploads\/sites\/2\/2013\/06\/Point-Param.png\" width=\"60\" height=\"25\" \/><\/em>\u00a0auf die Arbeitsfl\u00e4che ziehen, ihm einen <em>Point<\/em> zuordnen und ihn mit dem Input <em>P<\/em> der <em>Door<\/em>-Komponente verbinden.) F\u00fcr jeden der gew\u00e4hlten Punkte wird eine T\u00fcr erstellt.<\/li>\n\n<li>Punkt auf Kurve: Ziehen Sie eine Komponente <em>Point on Curve<\/em> <img loading=\"lazy\" decoding=\"async\" class=\"alignnone size-full wp-image-7367\" alt=\"Point On Curve\" src=\"https:\/\/stg.visualarq.com\/wp-content\/uploads\/sites\/2\/2013\/06\/Point-On-Curve.png\" width=\"25\" height=\"25\" \/>\u00a0(unter dem Reiter <em>Curve<\/em>) auf die Arbeitsfl\u00e4che und verbinden Sie sie mit dem Input <em>P<\/em> der <em>Door<\/em>-Komponente. Verbinden Sie die zur Erzeugung der Wand verwendete Kurve mit der Komponente <em>Point on Curve<\/em> an der Stelle, an der die T\u00fcr eingef\u00fcgt wurde. Mit dieser Komponente k\u00f6nnen Sie einen Punkt entlang der Kurve einstellen. W\u00e4hlen Sie dazu einen Wert zwischen <em>0.00<\/em> (Startpunkt) und <em>1.00<\/em> (Endpunkt).<\/li>\n\n<\/ul>\n\n<\/li>\n\n<\/ul>\n\n<h3>2. Einstellung der Wandparameter:<\/h3>\n\n<ul>\n\n<li>1. Ziehen Sie eine &#8222;<em><strong>Door Options<\/strong><\/em>&#8222;-Komponente <img loading=\"lazy\" decoding=\"async\" class=\"alignnone size-full wp-image-7318\" alt=\"Door Options-24\" src=\"https:\/\/stg.visualarq.com\/wp-content\/uploads\/sites\/2\/2013\/06\/Door-Options-24.png\" width=\"24\" height=\"24\" \/>\u00a0auf die Grasshopper-Arbeitsfl\u00e4che. Diese Komponente hat verschiedene Inputs, die die T\u00fcrparameter definieren.<\/li>\n\n<li>2. Verbinden Sie den Output O der <em>Door Options<\/em> mit dem Input <em>O<\/em> der <em>Door<\/em>.<\/li>\n\n<li>3. Einstellung der verschiedenen <em>Door Options<\/em>:\n\n<ul>\n\n<li><strong>(<em>S<\/em>) <em>Door Style<\/em>:\u00a0<img loading=\"lazy\" decoding=\"async\" class=\"alignnone size-full wp-image-7316\" alt=\"Door Styles-24\" src=\"https:\/\/stg.visualarq.com\/wp-content\/uploads\/sites\/2\/2013\/06\/Door-Styles-24.png\" width=\"24\" height=\"24\" \/><\/strong> Sie k\u00f6nnen eine Door<em> Style<\/em>-Komponente auf die Arbeitsfl\u00e4che ziehen und mit dem Input <em>S<\/em> der <em>Door Options<\/em> verbinden. Bei der &#8222;<em>Door\u00a0Style<\/em>&#8222;-Komponente ist ein Standard-T\u00fcrstil voreingestellt. Um einen anderen Stil zuzuweisen, klicken Sie mit der rechten Maustaste auf die Komponente und w\u00e4hlen Sie im Kontextmen\u00fc &#8222;<em>Set one Door Style<\/em>&#8222;. Grasshopper bleibt so lange verborgen, bis Sie aus der Liste im Kontextmen\u00fc einen T\u00fcrstil ausgew\u00e4hlt haben. Die Liste zeigt Ihnen die T\u00fcrstile an, die in dem Rhino-Dokument verf\u00fcgbar sind, an dem Sie arbeiten. (Um T\u00fcrstile zu erstellen oder zu bearbeiten, minimieren Sie das <em>Grasshopper<\/em>-Fenster und \u00f6ffnen Sie das Dialogfenster <em>Door Styles<\/em> &#8211; der dazugeh\u00f6rige Befehl lautet &#8222;<em>_vaDoorStyles<\/em>&#8222;.)<\/li>\n\n<li><strong>(<em>P<\/em>) <em>Door Profile<\/em><\/strong>: Das T\u00fcrprofil bestimmt die Form der T\u00fcr\u00f6ffnung in der Wand. Standardm\u00e4\u00dfig \u00fcbernehmen T\u00fcren das entsprechende Profil des T\u00fcrstils.<\/li>\n\n<li><strong>(<em>A<\/em>) <em>Door Alignment<\/em><\/strong>: <img loading=\"lazy\" decoding=\"async\" class=\"alignnone size-full wp-image-7315\" alt=\"9 point alignment-24\" src=\"https:\/\/stg.visualarq.com\/wp-content\/uploads\/sites\/2\/2013\/06\/9-point-alignment-24.png\" width=\"24\" height=\"24\" \/> Die T\u00fcr kann auf drei Arten innerhalb der Wandbreite ausgerichtet werden: <em>Interior, Center<\/em> und <em>Exterior<\/em>. Dazu kommen zwei M\u00f6glichkeiten f\u00fcr die T\u00fcrh\u00f6he: <em>Top<\/em> und <em>Bottom<\/em>. Ziehen Sie eine <em>Door Alignment<\/em>-Komponente auf die Arbeitsfl\u00e4che und verbinden Sie sie mit dem Input <em>A<\/em> der <em>Door Options<\/em>. Klicken Sie auf die <em>Door<\/em>\u00a0<em>Alignment<\/em>-Komponente und w\u00e4hlen Sie eine der sechs Optionen: (<em>0=Bottom Interior, 1=Bottom Center, 2=Bottom Exterior, 3=Top Interior, 4=Top Center<\/em> und <em>5=Top Exterior<\/em>).<\/li>\n\n<li><strong>(<em>O<\/em>) <em>Door\u00a0Alignment Offset<\/em><\/strong>: Dieser Wert bestimmt den Abstand der T\u00fcr von der Wand.<\/li>\n\n<li><strong><em>(Ap) Aperture<\/em><\/strong>: Die T\u00fcr\u00f6ffnung wird in Prozent angegeben und bestimmt, wie weit ge\u00f6ffnet die T\u00fcrbl\u00e4tter dargestellt werden. Bei einem Wert von 0.00 sind die T\u00fcrbl\u00e4tter vollst\u00e4ndig geschlossen. Bei einem Wert von 1.00 sind die T\u00fcrbl\u00e4tter 100 % ge\u00f6ffnet (180\u00ba im Fall von Fl\u00fcgelt\u00fcren (<em>Swing<\/em>)). Wenn Sie einen negativen Wert zwischen und -1 eingeben <em><\/em> wird die T\u00fcr in Richtung der anderen Seite der Wand ge\u00f6ffnet.<\/li>\n\n<li><strong><em>(E) Elevation<\/em><\/strong>: Die T\u00fcrh\u00f6he wird immer in Bezug auf die Grundlinie der Wand, in der sie eingef\u00fcgt wird, gemessen.<\/li>\n\n<\/ul>\n\n<\/li>\n\n<\/ul>\n\n<h3>3. Bearbeiten des T\u00fcrprofils<\/h3>\n\n<ul>\n\n<li><strong>\u00c4ndern der existierenden T\u00fcrprofilabmessungen<\/strong>: Wenn Sie die aktuellen T\u00fcrprofilabmessungen \u00e4ndern m\u00f6chten, suchen Sie das entsprechende T\u00fcrprofil (<em>z.B. Rectangular<\/em>) <img loading=\"lazy\" decoding=\"async\" class=\"alignnone size-full wp-image-7313\" alt=\"Rectangular-24\" src=\"https:\/\/stg.visualarq.com\/wp-content\/uploads\/sites\/2\/2013\/06\/Rectangular-24.png\" width=\"24\" height=\"24\" \/> im Reiter <em>Profiles<\/em>, ziehen Sie es auf die Arbeitsfl\u00e4che und verbinden Sie es mit dem Input <em>P<\/em> der Komponente <em>Door Options<\/em>. Sie k\u00f6nnen eine numerische Komponente (z.B. einen <em>Slider<\/em>) einf\u00fcgen und sie mit den Inputs <em>W<\/em> (&#8222;Width&#8220;=Breite) und <em>H<\/em> (&#8222;Height&#8220;=H\u00f6he) des <em>Rectangular<\/em>-Profils verbinden.<\/li>\n\n<li><strong>Hinzuf\u00fcgen eines benutzerdefinierten Profils<\/strong>: um einer T\u00fcr ein anderes Profil hinzuzuf\u00fcgen, verbinden Sie eine <em>Custom Profile<\/em>-Komponente <img loading=\"lazy\" decoding=\"async\" class=\"alignnone size-full wp-image-7314\" alt=\"Custom-24\" src=\"https:\/\/stg.visualarq.com\/wp-content\/uploads\/sites\/2\/2013\/06\/Custom-24.png\" width=\"24\" height=\"24\" \/> in <em><em style=\"line-height: 24px\">Door Options\u00a0mit dem Input <\/em>P <\/em>. Mit diesem <em>Custom Profile<\/em> k\u00f6nnen Sie alle Arten von Formen in ein g\u00fcltiges T\u00fcrprofil umwandeln. Die Form muss von einer <em>Geschlossenen<\/em> und <em>Planaren<\/em>\u00a0<em>Kurve<\/em> sein, wof\u00fcr entweder eine existierende Kurve im Modell genutzt (die Ausrichtung in der Wand wird von der XY-Koordinate der Ebene bestimmt, die die Kurve enth\u00e4lt) oder eine neue in Grasshopper erstellt werden kann. Wenn die Kurve nicht planar oder geschlossen ist, ignoriert die T\u00fcr das benutzerdefinierte Profil und wird mit dem aktuellen T\u00fcrstilprofil erstellt.<\/li>\n\n<\/ul>\n\n<p><img loading=\"lazy\" decoding=\"async\" class=\"size-full wp-image-7368 aligncenter\" alt=\"T\u00fcr aus einem benutzerdefinierten Profil\" src=\"https:\/\/stg.visualarq.com\/wp-content\/uploads\/sites\/2\/2013\/06\/Door-from-custom-profile.png\" width=\"738\" height=\"257\" \/><\/p>\n\n<h3>3. &#8222;Backen&#8220; der T\u00fcr: <img loading=\"lazy\" decoding=\"async\" class=\"alignnone size-full wp-image-7375\" alt=\"Backen\" src=\"https:\/\/stg.visualarq.com\/wp-content\/uploads\/sites\/2\/2013\/06\/Bake.png\" width=\"22\" height=\"22\" \/><\/h3>\n\n<ul>\n\n<li>Wenn Ihr T\u00fcrobjekt soweit fertig ist, ein bearbeitbares T\u00fcrobjekt f\u00fcr Rhino zu sein, k\u00f6nnen Sie es &#8222;backen&#8220;. Beachten Sie dabei bitte, dass Sie die ganze Wand backen m\u00fcssen, in der die T\u00fcr eingelassen ist, da diese ansonsten im Modell schwebt, bis eine Wand verf\u00fcgbar ist, in die sie eingelassen werden kann.<\/li>\n\n<\/ul>","protected":false},"excerpt":{"rendered":"<p>\u00dcbung 2. Erzeugung einer T\u00fcr 1. Erzeugung einer T\u00fcr: 1. Ziehen Sie eine VisualARQ-&#8222;T\u00fcr&#8222;-Komponente \u00a0auf die Grasshopper-Arbeitsfl\u00e4che. Diese T\u00fcrkomponente hat drei Inputs: W:\u00a0Die Wand, in die die T\u00fcr eingef\u00fcgt wird. P: Den Einf\u00fcgungspunkt der T\u00fcr. Dieser bestimmt die Position\u00a0einer T\u00fcr im Modell. Wenn der Punkt sich nicht entlang der Wandpfadkurve befindet, wird die T\u00fcr am [&hellip;]<\/p>\n","protected":false},"author":6,"featured_media":0,"parent":11325,"menu_order":1,"comment_status":"closed","ping_status":"closed","template":"","meta":{"_et_pb_use_builder":"","_et_pb_old_content":"","_et_gb_content_width":"","footnotes":""},"class_list":["post-11329","page","type-page","status-publish","hentry"],"yoast_head":"<!-- This site is optimized with the Yoast SEO plugin v27.3 - https:\/\/yoast.com\/product\/yoast-seo-wordpress\/ -->\n<title>\u00dcbung 2. Erzeugung einer T\u00fcr - VisualARQ<\/title>\n<meta name=\"robots\" content=\"noindex, follow, max-snippet:-1, max-image-preview:large, max-video-preview:-1\" \/>\n<meta property=\"og:locale\" content=\"de_DE\" \/>\n<meta property=\"og:type\" content=\"article\" \/>\n<meta property=\"og:title\" content=\"\u00dcbung 2. Erzeugung einer T\u00fcr - VisualARQ\" \/>\n<meta property=\"og:description\" content=\"\u00dcbung 2. Erzeugung einer T\u00fcr 1. Erzeugung einer T\u00fcr: 1. Ziehen Sie eine VisualARQ-&#8222;T\u00fcr&#8222;-Komponente \u00a0auf die Grasshopper-Arbeitsfl\u00e4che. Diese T\u00fcrkomponente hat drei Inputs: W:\u00a0Die Wand, in die die T\u00fcr eingef\u00fcgt wird. P: Den Einf\u00fcgungspunkt der T\u00fcr. Dieser bestimmt die Position\u00a0einer T\u00fcr im Modell. Wenn der Punkt sich nicht entlang der Wandpfadkurve befindet, wird die T\u00fcr am [&hellip;]\" \/>\n<meta property=\"og:url\" content=\"https:\/\/stg.visualarq.com\/de\/learn\/grasshopper-components\/create-a-door\/\" \/>\n<meta property=\"og:site_name\" content=\"VisualARQ\" \/>\n<meta property=\"article:publisher\" content=\"https:\/\/www.facebook.com\/visualarq\" \/>\n<meta property=\"article:modified_time\" content=\"2019-01-02T16:00:08+00:00\" \/>\n<meta property=\"og:image\" content=\"https:\/\/stg.visualarq.com\/wp-content\/uploads\/sites\/2\/2013\/06\/Door-Exercise-2.jpg\" \/>\n<meta name=\"twitter:card\" content=\"summary_large_image\" \/>\n<meta name=\"twitter:site\" content=\"@VisualARQ\" \/>\n<meta name=\"twitter:label1\" content=\"Gesch\u00e4tzte Lesezeit\" \/>\n\t<meta name=\"twitter:data1\" content=\"5\u00a0Minuten\" \/>\n<script type=\"application\/ld+json\" class=\"yoast-schema-graph\">{\"@context\":\"https:\\\/\\\/schema.org\",\"@graph\":[{\"@type\":\"WebPage\",\"@id\":\"https:\\\/\\\/stg.visualarq.com\\\/de\\\/learn\\\/grasshopper-components\\\/create-a-door\\\/\",\"url\":\"https:\\\/\\\/stg.visualarq.com\\\/de\\\/learn\\\/grasshopper-components\\\/create-a-door\\\/\",\"name\":\"\u00dcbung 2. Erzeugung einer T\u00fcr - VisualARQ\",\"isPartOf\":{\"@id\":\"https:\\\/\\\/stg.visualarq.com\\\/de\\\/#website\"},\"primaryImageOfPage\":{\"@id\":\"https:\\\/\\\/stg.visualarq.com\\\/de\\\/learn\\\/grasshopper-components\\\/create-a-door\\\/#primaryimage\"},\"image\":{\"@id\":\"https:\\\/\\\/stg.visualarq.com\\\/de\\\/learn\\\/grasshopper-components\\\/create-a-door\\\/#primaryimage\"},\"thumbnailUrl\":\"https:\\\/\\\/stg.visualarq.com\\\/wp-content\\\/uploads\\\/sites\\\/2\\\/2013\\\/06\\\/Door-Exercise-2.jpg\",\"datePublished\":\"2013-06-06T00:00:00+00:00\",\"dateModified\":\"2019-01-02T16:00:08+00:00\",\"breadcrumb\":{\"@id\":\"https:\\\/\\\/stg.visualarq.com\\\/de\\\/learn\\\/grasshopper-components\\\/create-a-door\\\/#breadcrumb\"},\"inLanguage\":\"de\",\"potentialAction\":[{\"@type\":\"ReadAction\",\"target\":[\"https:\\\/\\\/stg.visualarq.com\\\/de\\\/learn\\\/grasshopper-components\\\/create-a-door\\\/\"]}]},{\"@type\":\"ImageObject\",\"inLanguage\":\"de\",\"@id\":\"https:\\\/\\\/stg.visualarq.com\\\/de\\\/learn\\\/grasshopper-components\\\/create-a-door\\\/#primaryimage\",\"url\":\"https:\\\/\\\/stg.visualarq.com\\\/wp-content\\\/uploads\\\/sites\\\/2\\\/2013\\\/06\\\/Door-Exercise-2.jpg\",\"contentUrl\":\"https:\\\/\\\/stg.visualarq.com\\\/wp-content\\\/uploads\\\/sites\\\/2\\\/2013\\\/06\\\/Door-Exercise-2.jpg\"},{\"@type\":\"BreadcrumbList\",\"@id\":\"https:\\\/\\\/stg.visualarq.com\\\/de\\\/learn\\\/grasshopper-components\\\/create-a-door\\\/#breadcrumb\",\"itemListElement\":[{\"@type\":\"ListItem\",\"position\":1,\"name\":\"Home\",\"item\":\"https:\\\/\\\/stg.visualarq.com\\\/de\\\/home\\\/\"},{\"@type\":\"ListItem\",\"position\":2,\"name\":\"Schulung\",\"item\":\"https:\\\/\\\/stg.visualarq.com\\\/de\\\/learn\\\/\"},{\"@type\":\"ListItem\",\"position\":3,\"name\":\"Grasshopper-Komponenten\",\"item\":\"https:\\\/\\\/stg.visualarq.com\\\/de\\\/learn\\\/grasshopper-components\\\/\"},{\"@type\":\"ListItem\",\"position\":4,\"name\":\"\u00dcbung 2. Erzeugung einer T\u00fcr\"}]},{\"@type\":\"WebSite\",\"@id\":\"https:\\\/\\\/stg.visualarq.com\\\/de\\\/#website\",\"url\":\"https:\\\/\\\/stg.visualarq.com\\\/de\\\/\",\"name\":\"VisualARQ\",\"description\":\"Flexible BIM for Rhino\",\"potentialAction\":[{\"@type\":\"SearchAction\",\"target\":{\"@type\":\"EntryPoint\",\"urlTemplate\":\"https:\\\/\\\/stg.visualarq.com\\\/de\\\/?s={search_term_string}\"},\"query-input\":{\"@type\":\"PropertyValueSpecification\",\"valueRequired\":true,\"valueName\":\"search_term_string\"}}],\"inLanguage\":\"de\"}]}<\/script>\n<!-- \/ Yoast SEO plugin. -->","yoast_head_json":{"title":"\u00dcbung 2. Erzeugung einer T\u00fcr - VisualARQ","robots":{"index":"noindex","follow":"follow","max-snippet":"max-snippet:-1","max-image-preview":"max-image-preview:large","max-video-preview":"max-video-preview:-1"},"og_locale":"de_DE","og_type":"article","og_title":"\u00dcbung 2. Erzeugung einer T\u00fcr - VisualARQ","og_description":"\u00dcbung 2. Erzeugung einer T\u00fcr 1. Erzeugung einer T\u00fcr: 1. Ziehen Sie eine VisualARQ-&#8222;T\u00fcr&#8222;-Komponente \u00a0auf die Grasshopper-Arbeitsfl\u00e4che. Diese T\u00fcrkomponente hat drei Inputs: W:\u00a0Die Wand, in die die T\u00fcr eingef\u00fcgt wird. P: Den Einf\u00fcgungspunkt der T\u00fcr. Dieser bestimmt die Position\u00a0einer T\u00fcr im Modell. Wenn der Punkt sich nicht entlang der Wandpfadkurve befindet, wird die T\u00fcr am [&hellip;]","og_url":"https:\/\/stg.visualarq.com\/de\/learn\/grasshopper-components\/create-a-door\/","og_site_name":"VisualARQ","article_publisher":"https:\/\/www.facebook.com\/visualarq","article_modified_time":"2019-01-02T16:00:08+00:00","og_image":[{"url":"https:\/\/stg.visualarq.com\/wp-content\/uploads\/sites\/2\/2013\/06\/Door-Exercise-2.jpg","type":"","width":"","height":""}],"twitter_card":"summary_large_image","twitter_site":"@VisualARQ","twitter_misc":{"Gesch\u00e4tzte Lesezeit":"5\u00a0Minuten"},"schema":{"@context":"https:\/\/schema.org","@graph":[{"@type":"WebPage","@id":"https:\/\/stg.visualarq.com\/de\/learn\/grasshopper-components\/create-a-door\/","url":"https:\/\/stg.visualarq.com\/de\/learn\/grasshopper-components\/create-a-door\/","name":"\u00dcbung 2. Erzeugung einer T\u00fcr - VisualARQ","isPartOf":{"@id":"https:\/\/stg.visualarq.com\/de\/#website"},"primaryImageOfPage":{"@id":"https:\/\/stg.visualarq.com\/de\/learn\/grasshopper-components\/create-a-door\/#primaryimage"},"image":{"@id":"https:\/\/stg.visualarq.com\/de\/learn\/grasshopper-components\/create-a-door\/#primaryimage"},"thumbnailUrl":"https:\/\/stg.visualarq.com\/wp-content\/uploads\/sites\/2\/2013\/06\/Door-Exercise-2.jpg","datePublished":"2013-06-06T00:00:00+00:00","dateModified":"2019-01-02T16:00:08+00:00","breadcrumb":{"@id":"https:\/\/stg.visualarq.com\/de\/learn\/grasshopper-components\/create-a-door\/#breadcrumb"},"inLanguage":"de","potentialAction":[{"@type":"ReadAction","target":["https:\/\/stg.visualarq.com\/de\/learn\/grasshopper-components\/create-a-door\/"]}]},{"@type":"ImageObject","inLanguage":"de","@id":"https:\/\/stg.visualarq.com\/de\/learn\/grasshopper-components\/create-a-door\/#primaryimage","url":"https:\/\/stg.visualarq.com\/wp-content\/uploads\/sites\/2\/2013\/06\/Door-Exercise-2.jpg","contentUrl":"https:\/\/stg.visualarq.com\/wp-content\/uploads\/sites\/2\/2013\/06\/Door-Exercise-2.jpg"},{"@type":"BreadcrumbList","@id":"https:\/\/stg.visualarq.com\/de\/learn\/grasshopper-components\/create-a-door\/#breadcrumb","itemListElement":[{"@type":"ListItem","position":1,"name":"Home","item":"https:\/\/stg.visualarq.com\/de\/home\/"},{"@type":"ListItem","position":2,"name":"Schulung","item":"https:\/\/stg.visualarq.com\/de\/learn\/"},{"@type":"ListItem","position":3,"name":"Grasshopper-Komponenten","item":"https:\/\/stg.visualarq.com\/de\/learn\/grasshopper-components\/"},{"@type":"ListItem","position":4,"name":"\u00dcbung 2. Erzeugung einer T\u00fcr"}]},{"@type":"WebSite","@id":"https:\/\/stg.visualarq.com\/de\/#website","url":"https:\/\/stg.visualarq.com\/de\/","name":"VisualARQ","description":"Flexible BIM for Rhino","potentialAction":[{"@type":"SearchAction","target":{"@type":"EntryPoint","urlTemplate":"https:\/\/stg.visualarq.com\/de\/?s={search_term_string}"},"query-input":{"@type":"PropertyValueSpecification","valueRequired":true,"valueName":"search_term_string"}}],"inLanguage":"de"}]}},"_links":{"self":[{"href":"https:\/\/stg.visualarq.com\/de\/wp-json\/wp\/v2\/pages\/11329","targetHints":{"allow":["GET"]}}],"collection":[{"href":"https:\/\/stg.visualarq.com\/de\/wp-json\/wp\/v2\/pages"}],"about":[{"href":"https:\/\/stg.visualarq.com\/de\/wp-json\/wp\/v2\/types\/page"}],"author":[{"embeddable":true,"href":"https:\/\/stg.visualarq.com\/de\/wp-json\/wp\/v2\/users\/6"}],"replies":[{"embeddable":true,"href":"https:\/\/stg.visualarq.com\/de\/wp-json\/wp\/v2\/comments?post=11329"}],"version-history":[{"count":0,"href":"https:\/\/stg.visualarq.com\/de\/wp-json\/wp\/v2\/pages\/11329\/revisions"}],"up":[{"embeddable":true,"href":"https:\/\/stg.visualarq.com\/de\/wp-json\/wp\/v2\/pages\/11325"}],"wp:attachment":[{"href":"https:\/\/stg.visualarq.com\/de\/wp-json\/wp\/v2\/media?parent=11329"}],"curies":[{"name":"wp","href":"https:\/\/api.w.org\/{rel}","templated":true}]}}