{"id":11331,"date":"2013-07-18T00:00:00","date_gmt":"2013-07-18T00:00:00","guid":{"rendered":"https:\/\/stg.visualarq.com\/features\/grasshopper\/exercises\/exercise-3-create-a-grid-of-columns\/"},"modified":"2019-01-02T16:00:19","modified_gmt":"2019-01-02T16:00:19","slug":"exercise-3-create-a-grid-of-columns","status":"publish","type":"page","link":"https:\/\/stg.visualarq.com\/de\/learn\/grasshopper-components\/exercise-3-create-a-grid-of-columns\/","title":{"rendered":"\u00dcbung 3. Erzeugung eines St\u00fctzenrasters"},"content":{"rendered":"<h1>\u00dcbung 3. Erzeugung eines St\u00fctzenrasters<\/h1>\n\n<p>In dieser \u00dcbung lernen Sie, wie Sie VisualARQ-St\u00fctzen mit Grasshopper in einem Rastermuster anlegen k\u00f6nnen.<\/p>\n\n<p>In der \u00dcbung wird eine rechteckige Rasterkomponente verwendet. Sie k\u00f6nnen aber auch eine beliebige andere Rasterkomponente verwenden (<em>Hexagonal<\/em>,\u00a0<em>Radial<\/em>,\u00a0<em>Quadratisch<\/em>\u00a0oder\u00a0<em>Dreieckig)<\/em>.<\/p>\n\n<p><img loading=\"lazy\" decoding=\"async\" class=\"aligncenter size-full wp-image-7886\" alt=\"St\u00fctzenraster\" src=\"https:\/\/stg.visualarq.com\/wp-content\/uploads\/sites\/2\/2013\/07\/Column-Grid-2.png\" width=\"868\" height=\"288\" \/><\/p>\n\n<h3>1. Erzeugung des Rasters:<\/h3>\n\n<ul>\n\n<li>1. Ziehen Sie eine <strong>Rectangular Grid<\/strong>-Komponente (Vector Tab &gt; Grid)\u00a0<img loading=\"lazy\" decoding=\"async\" class=\"alignnone size-full wp-image-7866\" alt=\"Rectangular grid\" src=\"https:\/\/stg.visualarq.com\/wp-content\/uploads\/sites\/2\/2013\/07\/Rectangular-grid.png\" width=\"23\" height=\"23\" \/>\u00a0auf die Grasshopper-Arbeitsfl\u00e4che. Diese Komponente hat verschiedene Inputs zur Festlegung der Anzahl der Rasterzellen (<strong><em>Ex, Ey<\/em><\/strong>), und deren Abmessungen (<strong><em>Sx, Sy<\/em><\/strong>).<\/li>\n\n<li>2. Durch die Verwendung von Zahlschieberkomponenten (<strong>Number Sliders<\/strong>) k\u00f6nnen Sie diese Werte angeben. Der Output <em><strong>C<\/strong><\/em> bestimmt die Au\u00dfengrenzen, w\u00e4hrend Sie mit dem Output <em><strong>P<\/strong><\/em> die Punkte an den Rasterknotenpunkten angeben.<\/li>\n\n<\/ul>\n\n<h3>2. Einf\u00fcgen der St\u00fctzen<\/h3>\n\n<ol>\n\n<li>Ziehen Sie eine St\u00fctzenkomponente (<strong>Column<\/strong>) <img loading=\"lazy\" decoding=\"async\" class=\"alignnone size-full wp-image-5107\" alt=\"VA-St\u00fctze\" src=\"https:\/\/stg.visualarq.com\/wp-content\/uploads\/sites\/2\/2012\/06\/VA_Column.jpg\" width=\"26\" height=\"26\" \/>\u00a0auf die Grasshopper-Arbeitsfl\u00e4che. Diese Komponente hat zwei Inputs:\n\n<ul>\n\n<li><strong>P: <\/strong>Den Einf\u00fcgungspunkt der St\u00fctze. Dieser bestimmt die Position<strong>\u00a0<\/strong>einer St\u00fctze im Modell.\u00a0<\/li>\n\n<li><strong>O:<\/strong>\u00a0Optionen zur Einstellung der St\u00fctzenparameter.<\/li>\n\n<\/ul>\n\n<\/li>\n\n<\/ol>\n\n<ul>\n\n<li>2. Festlegung der Einf\u00fcgungspunkte der St\u00fctzen. Verbinden Sie den Output P der Komponente &#8222;Rectangular Grid&#8220; mit dem Input P der St\u00fctzenkomponente. Dadurch wird an jedem Rasterknotenpunkt eine St\u00fctze erzeugt.<\/li>\n\n<\/ul>\n\n<h3>3. Einstellung der St\u00fctzenparameter<\/h3>\n\n<ul>\n\n<li>1. Ziehen Sie eine St\u00fctzenoptionen-Komponente (<strong>Column Options<\/strong>) <img loading=\"lazy\" decoding=\"async\" class=\"alignnone size-full wp-image-7868\" alt=\"Column Options\" src=\"https:\/\/stg.visualarq.com\/wp-content\/uploads\/sites\/2\/2013\/07\/Column-Options-24.png\" width=\"24\" height=\"24\" \/>\u00a0auf die Grasshopper-Arbeitsfl\u00e4che. Diese Komponente hat verschiedene Inputs, die die St\u00fctzenparameter definieren.<\/li>\n\n<li>2. Verbinden Sie den Output O der &#8222;<em>Column\u00a0Options<\/em>&#8222;-Komponente\u00a0mit dem Input O der <em>Column<\/em>-Komponente.<\/li>\n\n<li>3. Legen Sie die verschiedenen <em>Column\u00a0Options<\/em> fest:\n\n<ul>\n\n<li><strong>(<em>S<\/em>) Column<em>\u00a0<\/em><span style=\"color: #000000\">Style<\/span>:\u00a0<img loading=\"lazy\" decoding=\"async\" class=\"alignnone size-full wp-image-7867\" alt=\"St\u00fctzenstil\" src=\"https:\/\/stg.visualarq.com\/wp-content\/uploads\/sites\/2\/2013\/07\/Column-Style-Param-24.png\" width=\"24\" height=\"24\" \/><\/strong>\u00a0Sie k\u00f6nnen eine St\u00fctzenstilkomponente (Column<em>\u00a0Style<\/em>) auf die Arbeitsfl\u00e4che ziehen und mit dem Input <em>S<\/em>\u00a0der <em>Column Options<\/em> verbinden. Dieser &#8222;<em>Column Style<\/em>&#8222;-Komponente ist ein Standardstil zugeordnet. Um einen anderen Stil zuzuweisen, klicken Sie mit der rechten Maustaste auf die Komponente und w\u00e4hlen Sie im Kontextmen\u00fc die Option &#8222;<em>Set one Column Style<\/em>&#8222;. Grasshopper bleibt so lange verborgen, bis Sie aus dem Dialogfenster einen St\u00fctzenstil ausgew\u00e4hlt haben. Die Liste zeigt Ihnen die St\u00fctzenstile an, die in dem Rhino-Dokument verf\u00fcgbar sind, an dem Sie arbeiten. (Um St\u00fctzenstile zu erstellen oder zu bearbeiten, minimieren Sie das <em>Grasshopper<\/em>-Fenster und \u00f6ffnen Sie das Dialogfenster <em>Column Styles<\/em> &#8211; der dazugeh\u00f6rige Befehl lautet &#8222;<em>vaSt\u00fctzenStile<\/em>&#8222;.)<\/li>\n\n<li><em id=\"__mceDel\"><em id=\"__mceDel\"><strong>(<em>P<\/em>) Column<em>\u00a0<span style=\"color: #000000\">Profile<\/span><\/em><\/strong>: <\/em><\/em>Das St\u00fctzenprofil bestimmt die Form der ausgew\u00e4hlten St\u00fctze. Dieses Formprofil muss zum aktuellen St\u00fctzenstilprofil passen. Ist dies nicht der Fall, meldet Grasshopper einen Fehler und die St\u00fctze wird nicht erzeugt.<\/li>\n\n<li><em id=\"__mceDel\"><strong>(<em>A<\/em>) Column<em>\u00a0<span style=\"color: #000000\">Align<\/span><\/em><\/strong>:\u00a0<img loading=\"lazy\" decoding=\"async\" alt=\"9 point alignment-24\" src=\"https:\/\/stg.visualarq.com\/wp-content\/uploads\/sites\/2\/2013\/06\/9-point-alignment-24.png\" width=\"24\" height=\"24\" \/>\u00a0<\/em> Die Ausrichtung der St\u00fctze bestimmt die Position des Einf\u00fcgungspunktes der St\u00fctze gem\u00e4\u00df der Form ihres Profils. Ziehen Sie eine &#8222;<em>Column\u00a0Alignment<\/em>&#8222;-Komponente auf die Arbeitsfl\u00e4che und verbinden Sie sie mit dem Input A der St\u00fctzenoptionen. Klicken Sie auf die &#8222;<em>Column\u00a0Alignment<\/em>&#8222;-Komponente und w\u00e4hlen Sie eine der folgenden neun Optionen: (<em>0=Oben Links, 1=Oben Mitte, 2=Oben Rechts, 3=Mitte Links, 4=Zentrum,\u00a05=Mitte Rechts, 6=Unten Links, 7=Unten Mitte und 8=Unten Rechts<\/em>).<\/li>\n\n<li><em id=\"__mceDel\"><strong>(<em>O<\/em>)\u00a0<em>Column Alignment Offset<\/em><\/strong>: <\/em>Dieser Wert bestimmt den Abstand der St\u00fctze von ihrem Einf\u00fcgungspunkt.<\/li>\n\n<li><em id=\"__mceDel\"><strong><em>(R) Rotation<\/em><\/strong>: <\/em>Dieser Wert bestimmt die Rotation des St\u00fctzenprofils in der XY-Ansicht.<\/li>\n\n<li><em id=\"__mceDel\"><strong><em>(H) Height<\/em><\/strong>: <\/em>Die H\u00f6he der St\u00fctze.<\/li>\n\n<\/ul>\n\n<\/li>\n\n<\/ul>\n\n<p><img loading=\"lazy\" decoding=\"async\" class=\"aligncenter size-full wp-image-7891\" alt=\"Beispielraster\" src=\"https:\/\/stg.visualarq.com\/wp-content\/uploads\/sites\/2\/2013\/07\/Grid-samples.jpg\" width=\"800\" height=\"200\" \/><\/p>","protected":false},"excerpt":{"rendered":"<p>\u00dcbung 3. Erzeugung eines St\u00fctzenrasters In dieser \u00dcbung lernen Sie, wie Sie VisualARQ-St\u00fctzen mit Grasshopper in einem Rastermuster anlegen k\u00f6nnen. In der \u00dcbung wird eine rechteckige Rasterkomponente verwendet. Sie k\u00f6nnen aber auch eine beliebige andere Rasterkomponente verwenden (Hexagonal,\u00a0Radial,\u00a0Quadratisch\u00a0oder\u00a0Dreieckig). 1. Erzeugung des Rasters: 1. Ziehen Sie eine Rectangular Grid-Komponente (Vector Tab &gt; Grid)\u00a0\u00a0auf die Grasshopper-Arbeitsfl\u00e4che. Diese [&hellip;]<\/p>\n","protected":false},"author":6,"featured_media":0,"parent":11325,"menu_order":3,"comment_status":"closed","ping_status":"closed","template":"","meta":{"_et_pb_use_builder":"","_et_pb_old_content":"","_et_gb_content_width":"","footnotes":""},"class_list":["post-11331","page","type-page","status-publish","hentry"],"yoast_head":"<!-- This site is optimized with the Yoast SEO plugin v27.3 - https:\/\/yoast.com\/product\/yoast-seo-wordpress\/ -->\n<title>\u00dcbung 3. Erzeugung eines St\u00fctzenrasters - VisualARQ<\/title>\n<meta name=\"robots\" content=\"noindex, follow, max-snippet:-1, max-image-preview:large, max-video-preview:-1\" \/>\n<meta property=\"og:locale\" content=\"de_DE\" \/>\n<meta property=\"og:type\" content=\"article\" \/>\n<meta property=\"og:title\" content=\"\u00dcbung 3. Erzeugung eines St\u00fctzenrasters - VisualARQ\" \/>\n<meta property=\"og:description\" content=\"\u00dcbung 3. Erzeugung eines St\u00fctzenrasters In dieser \u00dcbung lernen Sie, wie Sie VisualARQ-St\u00fctzen mit Grasshopper in einem Rastermuster anlegen k\u00f6nnen. In der \u00dcbung wird eine rechteckige Rasterkomponente verwendet. Sie k\u00f6nnen aber auch eine beliebige andere Rasterkomponente verwenden (Hexagonal,\u00a0Radial,\u00a0Quadratisch\u00a0oder\u00a0Dreieckig). 1. Erzeugung des Rasters: 1. Ziehen Sie eine Rectangular Grid-Komponente (Vector Tab &gt; Grid)\u00a0\u00a0auf die Grasshopper-Arbeitsfl\u00e4che. Diese [&hellip;]\" \/>\n<meta property=\"og:url\" content=\"https:\/\/stg.visualarq.com\/de\/learn\/grasshopper-components\/exercise-3-create-a-grid-of-columns\/\" \/>\n<meta property=\"og:site_name\" content=\"VisualARQ\" \/>\n<meta property=\"article:publisher\" content=\"https:\/\/www.facebook.com\/visualarq\" \/>\n<meta property=\"article:modified_time\" content=\"2019-01-02T16:00:19+00:00\" \/>\n<meta property=\"og:image\" content=\"https:\/\/stg.visualarq.com\/wp-content\/uploads\/sites\/2\/2013\/07\/Column-Grid-2.png\" \/>\n<meta name=\"twitter:card\" content=\"summary_large_image\" \/>\n<meta name=\"twitter:site\" content=\"@VisualARQ\" \/>\n<meta name=\"twitter:label1\" content=\"Gesch\u00e4tzte Lesezeit\" \/>\n\t<meta name=\"twitter:data1\" content=\"3\u00a0Minuten\" \/>\n<script type=\"application\/ld+json\" class=\"yoast-schema-graph\">{\"@context\":\"https:\\\/\\\/schema.org\",\"@graph\":[{\"@type\":\"WebPage\",\"@id\":\"https:\\\/\\\/stg.visualarq.com\\\/de\\\/learn\\\/grasshopper-components\\\/exercise-3-create-a-grid-of-columns\\\/\",\"url\":\"https:\\\/\\\/stg.visualarq.com\\\/de\\\/learn\\\/grasshopper-components\\\/exercise-3-create-a-grid-of-columns\\\/\",\"name\":\"\u00dcbung 3. Erzeugung eines St\u00fctzenrasters - VisualARQ\",\"isPartOf\":{\"@id\":\"https:\\\/\\\/stg.visualarq.com\\\/de\\\/#website\"},\"primaryImageOfPage\":{\"@id\":\"https:\\\/\\\/stg.visualarq.com\\\/de\\\/learn\\\/grasshopper-components\\\/exercise-3-create-a-grid-of-columns\\\/#primaryimage\"},\"image\":{\"@id\":\"https:\\\/\\\/stg.visualarq.com\\\/de\\\/learn\\\/grasshopper-components\\\/exercise-3-create-a-grid-of-columns\\\/#primaryimage\"},\"thumbnailUrl\":\"https:\\\/\\\/stg.visualarq.com\\\/wp-content\\\/uploads\\\/sites\\\/2\\\/2013\\\/07\\\/Column-Grid-2.png\",\"datePublished\":\"2013-07-18T00:00:00+00:00\",\"dateModified\":\"2019-01-02T16:00:19+00:00\",\"breadcrumb\":{\"@id\":\"https:\\\/\\\/stg.visualarq.com\\\/de\\\/learn\\\/grasshopper-components\\\/exercise-3-create-a-grid-of-columns\\\/#breadcrumb\"},\"inLanguage\":\"de\",\"potentialAction\":[{\"@type\":\"ReadAction\",\"target\":[\"https:\\\/\\\/stg.visualarq.com\\\/de\\\/learn\\\/grasshopper-components\\\/exercise-3-create-a-grid-of-columns\\\/\"]}]},{\"@type\":\"ImageObject\",\"inLanguage\":\"de\",\"@id\":\"https:\\\/\\\/stg.visualarq.com\\\/de\\\/learn\\\/grasshopper-components\\\/exercise-3-create-a-grid-of-columns\\\/#primaryimage\",\"url\":\"https:\\\/\\\/stg.visualarq.com\\\/wp-content\\\/uploads\\\/sites\\\/2\\\/2013\\\/07\\\/Column-Grid-2.png\",\"contentUrl\":\"https:\\\/\\\/stg.visualarq.com\\\/wp-content\\\/uploads\\\/sites\\\/2\\\/2013\\\/07\\\/Column-Grid-2.png\"},{\"@type\":\"BreadcrumbList\",\"@id\":\"https:\\\/\\\/stg.visualarq.com\\\/de\\\/learn\\\/grasshopper-components\\\/exercise-3-create-a-grid-of-columns\\\/#breadcrumb\",\"itemListElement\":[{\"@type\":\"ListItem\",\"position\":1,\"name\":\"Home\",\"item\":\"https:\\\/\\\/stg.visualarq.com\\\/de\\\/home\\\/\"},{\"@type\":\"ListItem\",\"position\":2,\"name\":\"Schulung\",\"item\":\"https:\\\/\\\/stg.visualarq.com\\\/de\\\/learn\\\/\"},{\"@type\":\"ListItem\",\"position\":3,\"name\":\"Grasshopper-Komponenten\",\"item\":\"https:\\\/\\\/stg.visualarq.com\\\/de\\\/learn\\\/grasshopper-components\\\/\"},{\"@type\":\"ListItem\",\"position\":4,\"name\":\"\u00dcbung 3. Erzeugung eines St\u00fctzenrasters\"}]},{\"@type\":\"WebSite\",\"@id\":\"https:\\\/\\\/stg.visualarq.com\\\/de\\\/#website\",\"url\":\"https:\\\/\\\/stg.visualarq.com\\\/de\\\/\",\"name\":\"VisualARQ\",\"description\":\"Flexible BIM for Rhino\",\"potentialAction\":[{\"@type\":\"SearchAction\",\"target\":{\"@type\":\"EntryPoint\",\"urlTemplate\":\"https:\\\/\\\/stg.visualarq.com\\\/de\\\/?s={search_term_string}\"},\"query-input\":{\"@type\":\"PropertyValueSpecification\",\"valueRequired\":true,\"valueName\":\"search_term_string\"}}],\"inLanguage\":\"de\"}]}<\/script>\n<!-- \/ Yoast SEO plugin. -->","yoast_head_json":{"title":"\u00dcbung 3. Erzeugung eines St\u00fctzenrasters - VisualARQ","robots":{"index":"noindex","follow":"follow","max-snippet":"max-snippet:-1","max-image-preview":"max-image-preview:large","max-video-preview":"max-video-preview:-1"},"og_locale":"de_DE","og_type":"article","og_title":"\u00dcbung 3. Erzeugung eines St\u00fctzenrasters - VisualARQ","og_description":"\u00dcbung 3. Erzeugung eines St\u00fctzenrasters In dieser \u00dcbung lernen Sie, wie Sie VisualARQ-St\u00fctzen mit Grasshopper in einem Rastermuster anlegen k\u00f6nnen. In der \u00dcbung wird eine rechteckige Rasterkomponente verwendet. Sie k\u00f6nnen aber auch eine beliebige andere Rasterkomponente verwenden (Hexagonal,\u00a0Radial,\u00a0Quadratisch\u00a0oder\u00a0Dreieckig). 1. Erzeugung des Rasters: 1. Ziehen Sie eine Rectangular Grid-Komponente (Vector Tab &gt; Grid)\u00a0\u00a0auf die Grasshopper-Arbeitsfl\u00e4che. Diese [&hellip;]","og_url":"https:\/\/stg.visualarq.com\/de\/learn\/grasshopper-components\/exercise-3-create-a-grid-of-columns\/","og_site_name":"VisualARQ","article_publisher":"https:\/\/www.facebook.com\/visualarq","article_modified_time":"2019-01-02T16:00:19+00:00","og_image":[{"url":"https:\/\/stg.visualarq.com\/wp-content\/uploads\/sites\/2\/2013\/07\/Column-Grid-2.png","type":"","width":"","height":""}],"twitter_card":"summary_large_image","twitter_site":"@VisualARQ","twitter_misc":{"Gesch\u00e4tzte Lesezeit":"3\u00a0Minuten"},"schema":{"@context":"https:\/\/schema.org","@graph":[{"@type":"WebPage","@id":"https:\/\/stg.visualarq.com\/de\/learn\/grasshopper-components\/exercise-3-create-a-grid-of-columns\/","url":"https:\/\/stg.visualarq.com\/de\/learn\/grasshopper-components\/exercise-3-create-a-grid-of-columns\/","name":"\u00dcbung 3. Erzeugung eines St\u00fctzenrasters - VisualARQ","isPartOf":{"@id":"https:\/\/stg.visualarq.com\/de\/#website"},"primaryImageOfPage":{"@id":"https:\/\/stg.visualarq.com\/de\/learn\/grasshopper-components\/exercise-3-create-a-grid-of-columns\/#primaryimage"},"image":{"@id":"https:\/\/stg.visualarq.com\/de\/learn\/grasshopper-components\/exercise-3-create-a-grid-of-columns\/#primaryimage"},"thumbnailUrl":"https:\/\/stg.visualarq.com\/wp-content\/uploads\/sites\/2\/2013\/07\/Column-Grid-2.png","datePublished":"2013-07-18T00:00:00+00:00","dateModified":"2019-01-02T16:00:19+00:00","breadcrumb":{"@id":"https:\/\/stg.visualarq.com\/de\/learn\/grasshopper-components\/exercise-3-create-a-grid-of-columns\/#breadcrumb"},"inLanguage":"de","potentialAction":[{"@type":"ReadAction","target":["https:\/\/stg.visualarq.com\/de\/learn\/grasshopper-components\/exercise-3-create-a-grid-of-columns\/"]}]},{"@type":"ImageObject","inLanguage":"de","@id":"https:\/\/stg.visualarq.com\/de\/learn\/grasshopper-components\/exercise-3-create-a-grid-of-columns\/#primaryimage","url":"https:\/\/stg.visualarq.com\/wp-content\/uploads\/sites\/2\/2013\/07\/Column-Grid-2.png","contentUrl":"https:\/\/stg.visualarq.com\/wp-content\/uploads\/sites\/2\/2013\/07\/Column-Grid-2.png"},{"@type":"BreadcrumbList","@id":"https:\/\/stg.visualarq.com\/de\/learn\/grasshopper-components\/exercise-3-create-a-grid-of-columns\/#breadcrumb","itemListElement":[{"@type":"ListItem","position":1,"name":"Home","item":"https:\/\/stg.visualarq.com\/de\/home\/"},{"@type":"ListItem","position":2,"name":"Schulung","item":"https:\/\/stg.visualarq.com\/de\/learn\/"},{"@type":"ListItem","position":3,"name":"Grasshopper-Komponenten","item":"https:\/\/stg.visualarq.com\/de\/learn\/grasshopper-components\/"},{"@type":"ListItem","position":4,"name":"\u00dcbung 3. Erzeugung eines St\u00fctzenrasters"}]},{"@type":"WebSite","@id":"https:\/\/stg.visualarq.com\/de\/#website","url":"https:\/\/stg.visualarq.com\/de\/","name":"VisualARQ","description":"Flexible BIM for Rhino","potentialAction":[{"@type":"SearchAction","target":{"@type":"EntryPoint","urlTemplate":"https:\/\/stg.visualarq.com\/de\/?s={search_term_string}"},"query-input":{"@type":"PropertyValueSpecification","valueRequired":true,"valueName":"search_term_string"}}],"inLanguage":"de"}]}},"_links":{"self":[{"href":"https:\/\/stg.visualarq.com\/de\/wp-json\/wp\/v2\/pages\/11331","targetHints":{"allow":["GET"]}}],"collection":[{"href":"https:\/\/stg.visualarq.com\/de\/wp-json\/wp\/v2\/pages"}],"about":[{"href":"https:\/\/stg.visualarq.com\/de\/wp-json\/wp\/v2\/types\/page"}],"author":[{"embeddable":true,"href":"https:\/\/stg.visualarq.com\/de\/wp-json\/wp\/v2\/users\/6"}],"replies":[{"embeddable":true,"href":"https:\/\/stg.visualarq.com\/de\/wp-json\/wp\/v2\/comments?post=11331"}],"version-history":[{"count":0,"href":"https:\/\/stg.visualarq.com\/de\/wp-json\/wp\/v2\/pages\/11331\/revisions"}],"up":[{"embeddable":true,"href":"https:\/\/stg.visualarq.com\/de\/wp-json\/wp\/v2\/pages\/11325"}],"wp:attachment":[{"href":"https:\/\/stg.visualarq.com\/de\/wp-json\/wp\/v2\/media?parent=11331"}],"curies":[{"name":"wp","href":"https:\/\/api.w.org\/{rel}","templated":true}]}}