{"id":11366,"date":"2011-01-20T00:00:00","date_gmt":"2011-01-20T00:00:00","guid":{"rendered":"https:\/\/stg.visualarq.com\/download\/"},"modified":"2025-02-20T10:20:22","modified_gmt":"2025-02-20T10:20:22","slug":"download","status":"publish","type":"page","link":"https:\/\/stg.visualarq.com\/de\/download\/","title":{"rendered":"Download"},"content":{"rendered":"[et_pb_section fb_built=&#8220;1&#8243; custom_padding_last_edited=&#8220;on|desktop&#8220; admin_label=&#8220;section&#8220; _builder_version=&#8220;4.16&#8243; custom_padding_tablet=&#8220;50px|0|50px|0&#8243; custom_padding_phone=&#8220;&#8220; da_disable_devices=&#8220;off|off|off&#8220; transparent_background=&#8220;off&#8220; padding_mobile=&#8220;off&#8220; make_fullwidth=&#8220;off&#8220; use_custom_width=&#8220;off&#8220; width_unit=&#8220;on&#8220; global_colors_info=&#8220;{}&#8220; da_is_popup=&#8220;off&#8220; da_exit_intent=&#8220;off&#8220; da_has_close=&#8220;on&#8220; da_alt_close=&#8220;off&#8220; da_dark_close=&#8220;off&#8220; da_not_modal=&#8220;on&#8220; da_is_singular=&#8220;off&#8220; da_with_loader=&#8220;off&#8220; da_has_shadow=&#8220;on&#8220;][et_pb_row padding_mobile=&#8220;off&#8220; column_padding_mobile=&#8220;on&#8220; admin_label=&#8220;Reihe&#8220; _builder_version=&#8220;4.16&#8243; background_size=&#8220;initial&#8220; background_position=&#8220;top_left&#8220; background_repeat=&#8220;repeat&#8220; custom_padding=&#8220;||0px|&#8220; make_fullwidth=&#8220;off&#8220; use_custom_width=&#8220;off&#8220; width_unit=&#8220;on&#8220; global_colors_info=&#8220;{}&#8220;][et_pb_column type=&#8220;4_4&#8243; _builder_version=&#8220;4.16&#8243; custom_padding=&#8220;|||&#8220; global_colors_info=&#8220;{}&#8220; custom_padding__hover=&#8220;|||&#8220;][et_pb_post_title meta=&quot;off&quot; featured_image=&quot;off&quot; admin_label=&quot;Titulo de la p\u00e1gina&quot; _builder_version=&quot;4.16&quot; title_font=&quot;|on|||&quot; title_font_size=&quot;30px&quot; title_all_caps=&quot;off&quot; background_color=&quot;rgba(255,255,255,0)&quot; parallax=&quot;on&quot; parallax_method=&quot;off&quot; custom_margin=&quot;||0px|&quot; parallax_effect=&quot;on&quot; module_bg_color=&quot;rgba(255,255,255,0)&quot; use_border_color=&quot;off&quot; border_color=&quot;#ffffff&quot; border_style=&quot;solid&quot; saved_tabs=&quot;all&quot; global_colors_info=&quot;{}&quot;][\/et_pb_post_title][\/et_pb_column][\/et_pb_row][et_pb_row column_structure=&#8220;1_2,1_2&#8243; _builder_version=&#8220;4.16&#8243; background_size=&#8220;initial&#8220; background_position=&#8220;top_left&#8220; background_repeat=&#8220;repeat&#8220; global_colors_info=&#8220;{}&#8220;][et_pb_column type=&#8220;1_2&#8243; _builder_version=&#8220;4.16&#8243; custom_padding=&#8220;|||&#8220; global_colors_info=&#8220;{}&#8220; custom_padding__hover=&#8220;|||&#8220;][et_pb_cta title=&#8220;VisualARQ 3 kostenlos ausprobieren!&#8220; button_url=&#8220;https:\/\/stg.visualarq.com\/de\/download\/eval\/&#8220; button_text=&#8220;Download Testversion&#8220; admin_label=&#8220;Call To Action: Download eval&#8220; _builder_version=&#8220;4.27.2&#8243; header_font=&#8220;|700|||||||&#8220; background_color=&#8220;rgba(214,214,214,0.2)&#8220; background_size=&#8220;initial&#8220; background_position=&#8220;top_left&#8220; background_repeat=&#8220;repeat&#8220; text_orientation=&#8220;left&#8220; background_layout=&#8220;light&#8220; border_radii=&#8220;on|12px|12px|12px|12px&#8220; border_width_all=&#8220;1px&#8220; border_color_all=&#8220;#d6d6d6&#8243; box_shadow_style=&#8220;preset1&#8243; box_shadow_blur=&#8220;6px&#8220; use_border_color=&#8220;off&#8220; border_color=&#8220;#ffffff&#8220; border_style=&#8220;solid&#8220; button_letter_spacing_hover=&#8220;0&#8243; global_colors_info=&#8220;{}&#8220; button_text_size__hover_enabled=&#8220;off&#8220; button_one_text_size__hover_enabled=&#8220;off&#8220; button_two_text_size__hover_enabled=&#8220;off&#8220; button_text_color__hover_enabled=&#8220;off&#8220; button_one_text_color__hover_enabled=&#8220;off&#8220; button_two_text_color__hover_enabled=&#8220;off&#8220; button_border_width__hover_enabled=&#8220;off&#8220; button_one_border_width__hover_enabled=&#8220;off&#8220; button_two_border_width__hover_enabled=&#8220;off&#8220; button_border_color__hover_enabled=&#8220;off&#8220; button_one_border_color__hover_enabled=&#8220;off&#8220; button_two_border_color__hover_enabled=&#8220;off&#8220; button_border_radius__hover_enabled=&#8220;off&#8220; button_one_border_radius__hover_enabled=&#8220;off&#8220; button_two_border_radius__hover_enabled=&#8220;off&#8220; button_letter_spacing__hover_enabled=&#8220;on&#8220; button_letter_spacing__hover=&#8220;0&#8243; button_one_letter_spacing__hover_enabled=&#8220;off&#8220; button_two_letter_spacing__hover_enabled=&#8220;off&#8220; button_bg_color__hover_enabled=&#8220;off&#8220; button_one_bg_color__hover_enabled=&#8220;off&#8220; button_two_bg_color__hover_enabled=&#8220;off&#8220; box_shadow_blur__hover_enabled=&#8220;on|hover&#8220; box_shadow_blur__hover=&#8220;18px&#8220;]<p>Die Testversion von VisualARQ ist eine ab der Erstinstallation <strong>90 Tage voll funktionsf\u00e4hige<\/strong> Version. Nach 90 Tagen kann sie mit eingeschr\u00e4nkter Funktionsf\u00e4higkeit weiterverwendet werden.<\/p>[\/et_pb_cta][et_pb_cta title=&#8220;VisualARQ 3 aktualisieren&#8220; button_url=&#8220;https:\/\/stg.visualarq.com\/de\/download\/update\/&#8220; button_text=&#8220;Update herunterladen&#8220; admin_label=&#8220;Call To Action: Update herunterladen&#8220; _builder_version=&#8220;4.27.2&#8243; header_font=&#8220;|700|||||||&#8220; background_color=&#8220;rgba(214,214,214,0.2)&#8220; background_size=&#8220;initial&#8220; background_position=&#8220;top_left&#8220; background_repeat=&#8220;repeat&#8220; text_orientation=&#8220;left&#8220; background_layout=&#8220;light&#8220; border_radii=&#8220;on|12px|12px|12px|12px&#8220; border_width_all=&#8220;1px&#8220; border_color_all=&#8220;#d6d6d6&#8243; box_shadow_style=&#8220;preset1&#8243; box_shadow_blur=&#8220;6px&#8220; use_border_color=&#8220;off&#8220; border_color=&#8220;#ffffff&#8220; border_style=&#8220;solid&#8220; button_letter_spacing_hover=&#8220;0&#8243; global_colors_info=&#8220;{}&#8220; button_text_size__hover_enabled=&#8220;off&#8220; button_one_text_size__hover_enabled=&#8220;off&#8220; button_two_text_size__hover_enabled=&#8220;off&#8220; button_text_color__hover_enabled=&#8220;off&#8220; button_one_text_color__hover_enabled=&#8220;off&#8220; button_two_text_color__hover_enabled=&#8220;off&#8220; button_border_width__hover_enabled=&#8220;off&#8220; button_one_border_width__hover_enabled=&#8220;off&#8220; button_two_border_width__hover_enabled=&#8220;off&#8220; button_border_color__hover_enabled=&#8220;off&#8220; button_one_border_color__hover_enabled=&#8220;off&#8220; button_two_border_color__hover_enabled=&#8220;off&#8220; button_border_radius__hover_enabled=&#8220;off&#8220; button_one_border_radius__hover_enabled=&#8220;off&#8220; button_two_border_radius__hover_enabled=&#8220;off&#8220; button_letter_spacing__hover_enabled=&#8220;on&#8220; button_letter_spacing__hover=&#8220;0&#8243; button_one_letter_spacing__hover_enabled=&#8220;off&#8220; button_two_letter_spacing__hover_enabled=&#8220;off&#8220; button_bg_color__hover_enabled=&#8220;off&#8220; button_one_bg_color__hover_enabled=&#8220;off&#8220; button_two_bg_color__hover_enabled=&#8220;off&#8220; box_shadow_blur__hover=&#8220;18px&#8220; box_shadow_blur__hover_enabled=&#8220;on|hover&#8220;]<p>Wenn Sie bereits eine VisualARQ-3-Lizenz besitzen, erhalten Sie hier die neueste Version.<\/p>[\/et_pb_cta][et_pb_text _builder_version=&#8220;4.27.2&#8243; _module_preset=&#8220;default&#8220; global_colors_info=&#8220;{}&#8220;]<p><span>Wenn Sie\u00a0<\/span><strong>VisualARQ 2<\/strong><span> haben, k\u00f6nnen Sie die neueste Version\u00a0<\/span><strong><a href=\"https:\/\/stg.visualarq.com\/de\/download\/update\/v2\/\">hier<\/a><\/strong> herunterladen.<\/p>[\/et_pb_text][\/et_pb_column][et_pb_column type=&#8220;1_2&#8243; _builder_version=&#8220;4.16&#8243; custom_padding=&#8220;|||&#8220; global_colors_info=&#8220;{}&#8220; custom_padding__hover=&#8220;|||&#8220;][et_pb_text admin_label=&#8220;Title&#8220; _builder_version=&#8220;4.16&#8243; background_size=&#8220;initial&#8220; background_position=&#8220;top_left&#8220; background_repeat=&#8220;repeat&#8220; use_border_color=&#8220;off&#8220; border_color=&#8220;#ffffff&#8220; border_style=&#8220;solid&#8220; global_colors_info=&#8220;{}&#8220;]<h2>Weitere Downloads<\/h2>[\/et_pb_text][et_pb_blurb title=&#8220;Zoo herunterladen&#8220; url=&#8220;https:\/\/stg.visualarq.com\/de\/download\/resources\/&#8220; use_icon=&#8220;on&#8220; font_icon=&#8220;&#xe109;||divi||400&#8243; icon_placement=&#8220;left&#8220; admin_label=&#8220;Download Zoo&#8220; _builder_version=&#8220;4.16&#8243; background_size=&#8220;initial&#8220; background_position=&#8220;top_left&#8220; background_repeat=&#8220;repeat&#8220; animation=&#8220;off&#8220; border_style=&#8220;solid&#8220; global_colors_info=&#8220;{}&#8220;]Kostenloser Network License Manager\r[\/et_pb_blurb][et_pb_blurb title=&#8220;Rhino herunterladen&#8220; url=&#8220;https:\/\/www.rhino3d.com\/download&#8220; image=&#8220;https:\/\/stg.visualarq.com\/wp-content\/uploads\/sites\/2\/2011\/01\/AppIcon-RoundedCorners99x98.png&#8220; icon_placement=&#8220;left&#8220; image_icon_width=&#8220;none&#8220; admin_label=&#8220;Download Rhino&#8220; _builder_version=&#8220;4.16&#8243; background_size=&#8220;initial&#8220; background_position=&#8220;top_left&#8220; background_repeat=&#8220;repeat&#8220; animation=&#8220;off&#8220; border_style=&#8220;solid&#8220; image_max_width=&#8220;none&#8220; global_colors_info=&#8220;{}&#8220;]Freiformmodellierer f\u00fcr Windows\r[\/et_pb_blurb][et_pb_blurb title=&#8220;VisualARQ-Stile herunterladen&#8220; url=&#8220;https:\/\/stg.visualarq.com\/de\/download\/styles-library\/&#8220; url_new_window=&#8220;on&#8220; image=&#8220;https:\/\/stg.visualarq.com\/wp-content\/uploads\/sites\/2\/2018\/11\/val-file-VA2.png&#8220; icon_placement=&#8220;left&#8220; image_icon_width=&#8220;none&#8220; admin_label=&#8220;Download VisualARQ Styles&#8220; _builder_version=&#8220;4.27.4&#8243; background_size=&#8220;initial&#8220; background_position=&#8220;top_left&#8220; background_repeat=&#8220;repeat&#8220; animation=&#8220;off&#8220; hover_enabled=&#8220;0&#8243; border_style=&#8220;solid&#8220; image_max_width=&#8220;none&#8220; global_colors_info=&#8220;{}&#8220; sticky_enabled=&#8220;0&#8243;]<p>Kostenlose Bibliothek f\u00fcr neue Objektstile<\/p>[\/et_pb_blurb][et_pb_blurb title=&#8220;Dienstprogramme&#8220; url=&#8220;https:\/\/stg.visualarq.com\/de\/download\/utilities\/&#8220; use_icon=&#8220;on&#8220; font_icon=&#8220;&#xe035;||divi||400&#8243; icon_placement=&#8220;left&#8220; image_icon_width=&#8220;none&#8220; admin_label=&#8220;Utilities&#8220; _builder_version=&#8220;4.17.4&#8243; background_size=&#8220;initial&#8220; background_position=&#8220;top_left&#8220; background_repeat=&#8220;repeat&#8220; animation=&#8220;off&#8220; border_style=&#8220;solid&#8220; image_max_width=&#8220;none&#8220; global_colors_info=&#8220;{}&#8220;]N\u00fctzliche Werkzeuge zur Beschleunigung Ihres VisualARQ-Workflows[\/et_pb_blurb][et_pb_blurb title=&#8220;VisualARQ Labs&#8220; url=&#8220;https:\/\/stg.visualarq.com\/de\/labs\/&#8220; use_icon=&#8220;on&#8220; font_icon=&#8220;&#xf0c3;||fa||900&#8243; icon_placement=&#8220;left&#8220; image_icon_width=&#8220;none&#8220; admin_label=&#8220;VisualARQ Labs&#8220; _builder_version=&#8220;4.20.2&#8243; background_size=&#8220;initial&#8220; background_position=&#8220;top_left&#8220; background_repeat=&#8220;repeat&#8220; animation=&#8220;off&#8220; border_style=&#8220;solid&#8220; image_max_width=&#8220;none&#8220; global_colors_info=&#8220;{}&#8220;]Neue experimentelle Befehle zur Erweiterung der VisualARQ-Funktionen.[\/et_pb_blurb][et_pb_blurb title=&#8220;Beispielmodell&#8220; url=&#8220;https:\/\/stg.visualarq.com\/wp-content\/uploads\/2019\/07\/Villa-Savoye-Model.zip&#8220; use_icon=&#8220;on&#8220; font_icon=&#8220;&#xf6d1;||fa||900&#8243; icon_placement=&#8220;left&#8220; image_icon_width=&#8220;none&#8220; admin_label=&#8220;Sample model&#8220; _builder_version=&#8220;4.20.4&#8243; background_size=&#8220;initial&#8220; background_position=&#8220;top_left&#8220; background_repeat=&#8220;repeat&#8220; animation=&#8220;off&#8220; border_style=&#8220;solid&#8220; image_max_width=&#8220;none&#8220; global_colors_info=&#8220;{}&#8220;]<p>Laden Sie das mit VisualARQ erstellte Modell &quot;Villa Savoye&quot; herunter.<\/p>[\/et_pb_blurb][\/et_pb_column][\/et_pb_row][et_pb_row _builder_version=&#8220;4.16&#8243; background_size=&#8220;initial&#8220; background_position=&#8220;top_left&#8220; background_repeat=&#8220;repeat&#8220; global_colors_info=&#8220;{}&#8220;][et_pb_column type=&#8220;4_4&#8243; _builder_version=&#8220;4.16&#8243; custom_padding=&#8220;|||&#8220; global_colors_info=&#8220;{}&#8220; custom_padding__hover=&#8220;|||&#8220;][et_pb_text _builder_version=&#8220;4.16&#8243; background_size=&#8220;initial&#8220; background_position=&#8220;top_left&#8220; background_repeat=&#8220;repeat&#8220; use_border_color=&#8220;off&#8220; border_color=&#8220;#ffffff&#8220; border_style=&#8220;solid&#8220; global_colors_info=&#8220;{}&#8220;]<h2>Nach dem Download&#8230;<\/h2>\r[\/et_pb_text][\/et_pb_column][\/et_pb_row][et_pb_row column_structure=&#8220;1_3,1_3,1_3&#8243; _builder_version=&#8220;4.25.2&#8243; background_color=&#8220;rgba(214,214,214,0.2)&#8220; background_size=&#8220;initial&#8220; background_position=&#8220;top_left&#8220; background_repeat=&#8220;repeat&#8220; custom_padding=&#8220;|||20px|false|false&#8220; border_radii=&#8220;on|12px|12px|12px|12px&#8220; border_width_all=&#8220;1px&#8220; border_color_all=&#8220;#d6d6d6&#8243; global_colors_info=&#8220;{}&#8220;][et_pb_column type=&#8220;1_3&#8243; _builder_version=&#8220;4.16&#8243; custom_padding=&#8220;|||&#8220; global_colors_info=&#8220;{}&#8220; custom_padding__hover=&#8220;|||&#8220;][et_pb_blurb title=&#8220;Lernen Sie VisualARQ&#8220; url=&#8220;https:\/\/stg.visualarq.com\/de\/learn\/&#8220; use_icon=&#8220;on&#8220; font_icon=&#8220;&#xe04e;||divi||400&#8243; icon_placement=&#8220;left&#8220; _builder_version=&#8220;4.16&#8243; background_size=&#8220;initial&#8220; background_position=&#8220;top_left&#8220; background_repeat=&#8220;repeat&#8220; animation=&#8220;off&#8220; use_border_color=&#8220;off&#8220; border_color=&#8220;#ffffff&#8220; border_style=&#8220;solid&#8220; global_colors_info=&#8220;{}&#8220;]Lernen Sie die Grundlagen der Software in unserem Video-Tutorial.\r[\/et_pb_blurb][\/et_pb_column][et_pb_column type=&#8220;1_3&#8243; _builder_version=&#8220;4.16&#8243; custom_padding=&#8220;|||&#8220; global_colors_info=&#8220;{}&#8220; custom_padding__hover=&#8220;|||&#8220;][et_pb_blurb title=&#8220;Antowrten finden&#8220; url=&#8220;https:\/\/stg.visualarq.com\/de\/support\/&#8220; use_icon=&#8220;on&#8220; font_icon=&#8220;&#xe007;||divi||400&#8243; icon_placement=&#8220;left&#8220; _builder_version=&#8220;4.16&#8243; background_size=&#8220;initial&#8220; background_position=&#8220;top_left&#8220; background_repeat=&#8220;repeat&#8220; animation=&#8220;off&#8220; use_border_color=&#8220;off&#8220; border_color=&#8220;#ffffff&#8220; border_style=&#8220;solid&#8220; global_colors_info=&#8220;{}&#8220;]Finden Sie Antworten auf Ihre Fragen in unserem Forum bzw. auf den Seiten f\u00fcr Tipps und Tricks oder fragen Sie uns direkt.\r[\/et_pb_blurb][\/et_pb_column][et_pb_column type=&#8220;1_3&#8243; _builder_version=&#8220;4.16&#8243; custom_padding=&#8220;|||&#8220; global_colors_info=&#8220;{}&#8220; custom_padding__hover=&#8220;|||&#8220;][et_pb_blurb title=&#8220;VisualARQ kaufen&#8220; url=&#8220;https:\/\/stg.visualarq.com\/de\/sales\/&#8220; use_icon=&#8220;on&#8220; font_icon=&#8220;&#xe015;||divi||400&#8243; icon_placement=&#8220;left&#8220; _builder_version=&#8220;4.16&#8243; background_size=&#8220;initial&#8220; background_position=&#8220;top_left&#8220; background_repeat=&#8220;repeat&#8220; animation=&#8220;off&#8220; use_border_color=&#8220;off&#8220; border_color=&#8220;#ffffff&#8220; border_style=&#8220;solid&#8220; global_colors_info=&#8220;{}&#8220;]Erkundigen Sie sich nach Preisen und wie Sie VisualARQ erwerben k\u00f6nnen.\r[\/et_pb_blurb][\/et_pb_column][\/et_pb_row][\/et_pb_section]","protected":false},"excerpt":{"rendered":"<p>Die Testversion von VisualARQ ist eine ab der Erstinstallation 90 Tage voll funktionsf\u00e4hige Version. Nach 90 Tagen kann sie mit eingeschr\u00e4nkter Funktionsf\u00e4higkeit weiterverwendet werden.Wenn Sie bereits eine VisualARQ-3-Lizenz besitzen, erhalten Sie hier die neueste Version.Wenn Sie\u00a0VisualARQ 2 haben, k\u00f6nnen Sie die neueste Version\u00a0hier herunterladen.Weitere DownloadsKostenloser Network License Manager Freiformmodellierer f\u00fcr Windows Kostenlose Bibliothek f\u00fcr neue [&hellip;]<\/p>\n","protected":false},"author":5,"featured_media":0,"parent":0,"menu_order":4,"comment_status":"closed","ping_status":"closed","template":"","meta":{"_et_pb_use_builder":"on","_et_pb_old_content":"","_et_gb_content_width":"","footnotes":""},"class_list":["post-11366","page","type-page","status-publish","hentry"],"yoast_head":"<!-- This site is optimized with the Yoast SEO plugin v27.3 - https:\/\/yoast.com\/product\/yoast-seo-wordpress\/ -->\n<title>Download - VisualARQ<\/title>\n<meta name=\"description\" content=\"Laden Sie die neueste Version von VisualARQ herunter, wenn Sie keine Lizenz besitzen, k\u00f6nnen Sie alle Funktionen 90 Tage lang gratis ausprobieren!\" \/>\n<meta name=\"robots\" content=\"noindex, follow, max-snippet:-1, max-image-preview:large, max-video-preview:-1\" \/>\n<meta property=\"og:locale\" content=\"de_DE\" \/>\n<meta property=\"og:type\" content=\"article\" \/>\n<meta property=\"og:title\" content=\"Download - VisualARQ\" \/>\n<meta property=\"og:description\" content=\"Laden Sie die neueste Version von VisualARQ herunter, wenn Sie keine Lizenz besitzen, k\u00f6nnen Sie alle Funktionen 90 Tage lang gratis ausprobieren!\" \/>\n<meta property=\"og:url\" content=\"https:\/\/stg.visualarq.com\/de\/download\/\" \/>\n<meta property=\"og:site_name\" content=\"VisualARQ\" \/>\n<meta property=\"article:publisher\" content=\"https:\/\/www.facebook.com\/visualarq\" \/>\n<meta property=\"article:modified_time\" content=\"2025-02-20T10:20:22+00:00\" \/>\n<meta property=\"og:image\" content=\"https:\/\/stg.visualarq.com\/wp-content\/uploads\/2018\/12\/Render-PORTADA-900.jpg\" \/>\n<meta name=\"twitter:card\" content=\"summary_large_image\" \/>\n<meta name=\"twitter:image\" content=\"https:\/\/stg.visualarq.com\/wp-content\/uploads\/2018\/12\/Render-PORTADA-900.jpg\" \/>\n<meta name=\"twitter:site\" content=\"@VisualARQ\" \/>\n<meta name=\"twitter:label1\" content=\"Gesch\u00e4tzte Lesezeit\" \/>\n\t<meta name=\"twitter:data1\" content=\"8\u00a0Minuten\" \/>\n<script type=\"application\/ld+json\" class=\"yoast-schema-graph\">{\"@context\":\"https:\\\/\\\/schema.org\",\"@graph\":[{\"@type\":\"WebPage\",\"@id\":\"https:\\\/\\\/stg.visualarq.com\\\/de\\\/download\\\/\",\"url\":\"https:\\\/\\\/stg.visualarq.com\\\/de\\\/download\\\/\",\"name\":\"Download - VisualARQ\",\"isPartOf\":{\"@id\":\"https:\\\/\\\/stg.visualarq.com\\\/de\\\/#website\"},\"datePublished\":\"2011-01-20T00:00:00+00:00\",\"dateModified\":\"2025-02-20T10:20:22+00:00\",\"description\":\"Laden Sie die neueste Version von VisualARQ herunter, wenn Sie keine Lizenz besitzen, k\u00f6nnen Sie alle Funktionen 90 Tage lang gratis ausprobieren!\",\"breadcrumb\":{\"@id\":\"https:\\\/\\\/stg.visualarq.com\\\/de\\\/download\\\/#breadcrumb\"},\"inLanguage\":\"de\",\"potentialAction\":[{\"@type\":\"ReadAction\",\"target\":[\"https:\\\/\\\/stg.visualarq.com\\\/de\\\/download\\\/\"]}]},{\"@type\":\"BreadcrumbList\",\"@id\":\"https:\\\/\\\/stg.visualarq.com\\\/de\\\/download\\\/#breadcrumb\",\"itemListElement\":[{\"@type\":\"ListItem\",\"position\":1,\"name\":\"Home\",\"item\":\"https:\\\/\\\/stg.visualarq.com\\\/de\\\/home\\\/\"},{\"@type\":\"ListItem\",\"position\":2,\"name\":\"Download\"}]},{\"@type\":\"WebSite\",\"@id\":\"https:\\\/\\\/stg.visualarq.com\\\/de\\\/#website\",\"url\":\"https:\\\/\\\/stg.visualarq.com\\\/de\\\/\",\"name\":\"VisualARQ\",\"description\":\"Flexible BIM for Rhino\",\"potentialAction\":[{\"@type\":\"SearchAction\",\"target\":{\"@type\":\"EntryPoint\",\"urlTemplate\":\"https:\\\/\\\/stg.visualarq.com\\\/de\\\/?s={search_term_string}\"},\"query-input\":{\"@type\":\"PropertyValueSpecification\",\"valueRequired\":true,\"valueName\":\"search_term_string\"}}],\"inLanguage\":\"de\"}]}<\/script>\n<!-- \/ Yoast SEO plugin. -->","yoast_head_json":{"title":"Download - VisualARQ","description":"Laden Sie die neueste Version von VisualARQ herunter, wenn Sie keine Lizenz besitzen, k\u00f6nnen Sie alle Funktionen 90 Tage lang gratis ausprobieren!","robots":{"index":"noindex","follow":"follow","max-snippet":"max-snippet:-1","max-image-preview":"max-image-preview:large","max-video-preview":"max-video-preview:-1"},"og_locale":"de_DE","og_type":"article","og_title":"Download - VisualARQ","og_description":"Laden Sie die neueste Version von VisualARQ herunter, wenn Sie keine Lizenz besitzen, k\u00f6nnen Sie alle Funktionen 90 Tage lang gratis ausprobieren!","og_url":"https:\/\/stg.visualarq.com\/de\/download\/","og_site_name":"VisualARQ","article_publisher":"https:\/\/www.facebook.com\/visualarq","article_modified_time":"2025-02-20T10:20:22+00:00","og_image":[{"url":"https:\/\/stg.visualarq.com\/wp-content\/uploads\/2018\/12\/Render-PORTADA-900.jpg","type":"","width":"","height":""}],"twitter_card":"summary_large_image","twitter_image":"https:\/\/stg.visualarq.com\/wp-content\/uploads\/2018\/12\/Render-PORTADA-900.jpg","twitter_site":"@VisualARQ","twitter_misc":{"Gesch\u00e4tzte Lesezeit":"8\u00a0Minuten"},"schema":{"@context":"https:\/\/schema.org","@graph":[{"@type":"WebPage","@id":"https:\/\/stg.visualarq.com\/de\/download\/","url":"https:\/\/stg.visualarq.com\/de\/download\/","name":"Download - VisualARQ","isPartOf":{"@id":"https:\/\/stg.visualarq.com\/de\/#website"},"datePublished":"2011-01-20T00:00:00+00:00","dateModified":"2025-02-20T10:20:22+00:00","description":"Laden Sie die neueste Version von VisualARQ herunter, wenn Sie keine Lizenz besitzen, k\u00f6nnen Sie alle Funktionen 90 Tage lang gratis ausprobieren!","breadcrumb":{"@id":"https:\/\/stg.visualarq.com\/de\/download\/#breadcrumb"},"inLanguage":"de","potentialAction":[{"@type":"ReadAction","target":["https:\/\/stg.visualarq.com\/de\/download\/"]}]},{"@type":"BreadcrumbList","@id":"https:\/\/stg.visualarq.com\/de\/download\/#breadcrumb","itemListElement":[{"@type":"ListItem","position":1,"name":"Home","item":"https:\/\/stg.visualarq.com\/de\/home\/"},{"@type":"ListItem","position":2,"name":"Download"}]},{"@type":"WebSite","@id":"https:\/\/stg.visualarq.com\/de\/#website","url":"https:\/\/stg.visualarq.com\/de\/","name":"VisualARQ","description":"Flexible BIM for Rhino","potentialAction":[{"@type":"SearchAction","target":{"@type":"EntryPoint","urlTemplate":"https:\/\/stg.visualarq.com\/de\/?s={search_term_string}"},"query-input":{"@type":"PropertyValueSpecification","valueRequired":true,"valueName":"search_term_string"}}],"inLanguage":"de"}]}},"_links":{"self":[{"href":"https:\/\/stg.visualarq.com\/de\/wp-json\/wp\/v2\/pages\/11366","targetHints":{"allow":["GET"]}}],"collection":[{"href":"https:\/\/stg.visualarq.com\/de\/wp-json\/wp\/v2\/pages"}],"about":[{"href":"https:\/\/stg.visualarq.com\/de\/wp-json\/wp\/v2\/types\/page"}],"author":[{"embeddable":true,"href":"https:\/\/stg.visualarq.com\/de\/wp-json\/wp\/v2\/users\/5"}],"replies":[{"embeddable":true,"href":"https:\/\/stg.visualarq.com\/de\/wp-json\/wp\/v2\/comments?post=11366"}],"version-history":[{"count":7,"href":"https:\/\/stg.visualarq.com\/de\/wp-json\/wp\/v2\/pages\/11366\/revisions"}],"predecessor-version":[{"id":41975,"href":"https:\/\/stg.visualarq.com\/de\/wp-json\/wp\/v2\/pages\/11366\/revisions\/41975"}],"wp:attachment":[{"href":"https:\/\/stg.visualarq.com\/de\/wp-json\/wp\/v2\/media?parent=11366"}],"curies":[{"name":"wp","href":"https:\/\/api.w.org\/{rel}","templated":true}]}}