{"id":11373,"date":"2017-09-27T00:00:00","date_gmt":"2017-09-27T00:00:00","guid":{"rendered":"https:\/\/stg.visualarq.com\/download\/update\/v2\/"},"modified":"2024-10-07T13:58:50","modified_gmt":"2024-10-07T13:58:50","slug":"v2","status":"publish","type":"page","link":"https:\/\/stg.visualarq.com\/de\/download\/update\/v2\/","title":{"rendered":"Version 2"},"content":{"rendered":"<h1>Aktualisierung auf 2.13.2 herunterladen<\/h1>\r\n<p>W\u00e4hlen Sie bitte die VisualARQ-Version aus, die Sie runterladen m\u00f6chten: <\/p>\r\n<ul>\r\n \t<li><a href=\"https:\/\/visualarq.s3.amazonaws.com\/download\/VisualARQ2-Rhino7.msi\">VisualARQ 2.13.2 f\u00fcr Rhinoceros 7<\/a><\/li>\r\n \t<li><a href=\"https:\/\/visualarq.s3.amazonaws.com\/download\/VisualARQ2-Rhino6.msi\">VisualARQ 2.13.2 f\u00fcr Rhinoceros 6<\/a><\/li>\r\n \t<li><a href=\"https:\/\/visualarq.s3.amazonaws.com\/download\/VisualARQ2-Rhino5-x86.msi\">VisualARQ 2.13.2 f\u00fcr Rhinoceros 5.0 (32-bit)<\/a><\/li>\r\n \t<li><a href=\"https:\/\/visualarq.s3.amazonaws.com\/download\/VisualARQ2-Rhino5-x64.msi\">VisualARQ 2.13.2 f\u00fcr Rhinoceros 5.0 (64-bit)<\/a><\/li>\r\n<\/ul>","protected":false},"excerpt":{"rendered":"<p>Aktualisierung auf herunterladen W\u00e4hlen Sie bitte die VisualARQ-Version aus, die Sie runterladen m\u00f6chten: VisualARQ f\u00fcr Rhinoceros 7 VisualARQ f\u00fcr Rhinoceros 6 VisualARQ f\u00fcr Rhinoceros 5.0 (32-bit) VisualARQ f\u00fcr Rhinoceros 5.0 (64-bit)<\/p>\n","protected":false},"author":5,"featured_media":0,"parent":11244,"menu_order":0,"comment_status":"closed","ping_status":"closed","template":"","meta":{"_et_pb_use_builder":"","_et_pb_old_content":"","_et_gb_content_width":"","footnotes":""},"class_list":["post-11373","page","type-page","status-publish","hentry"],"yoast_head":"<!-- This site is optimized with the Yoast SEO plugin v27.3 - https:\/\/yoast.com\/product\/yoast-seo-wordpress\/ -->\n<title>Version 2 - VisualARQ<\/title>\n<meta name=\"robots\" content=\"noindex, follow, max-snippet:-1, max-image-preview:large, max-video-preview:-1\" \/>\n<meta property=\"og:locale\" content=\"de_DE\" \/>\n<meta property=\"og:type\" content=\"article\" \/>\n<meta property=\"og:title\" content=\"Version 2 - VisualARQ\" \/>\n<meta property=\"og:description\" content=\"Aktualisierung auf herunterladen W\u00e4hlen Sie bitte die VisualARQ-Version aus, die Sie runterladen m\u00f6chten: VisualARQ f\u00fcr Rhinoceros 7 VisualARQ f\u00fcr Rhinoceros 6 VisualARQ f\u00fcr Rhinoceros 5.0 (32-bit) VisualARQ f\u00fcr Rhinoceros 5.0 (64-bit)\" \/>\n<meta property=\"og:url\" content=\"https:\/\/stg.visualarq.com\/de\/download\/update\/v2\/\" \/>\n<meta property=\"og:site_name\" content=\"VisualARQ\" \/>\n<meta property=\"article:publisher\" content=\"https:\/\/www.facebook.com\/visualarq\" \/>\n<meta property=\"article:modified_time\" content=\"2024-10-07T13:58:50+00:00\" \/>\n<meta name=\"twitter:card\" content=\"summary_large_image\" \/>\n<meta name=\"twitter:site\" content=\"@VisualARQ\" \/>\n<script type=\"application\/ld+json\" class=\"yoast-schema-graph\">{\"@context\":\"https:\\\/\\\/schema.org\",\"@graph\":[{\"@type\":\"WebPage\",\"@id\":\"https:\\\/\\\/stg.visualarq.com\\\/de\\\/download\\\/update\\\/v2\\\/\",\"url\":\"https:\\\/\\\/stg.visualarq.com\\\/de\\\/download\\\/update\\\/v2\\\/\",\"name\":\"Version 2 - VisualARQ\",\"isPartOf\":{\"@id\":\"https:\\\/\\\/stg.visualarq.com\\\/de\\\/#website\"},\"datePublished\":\"2017-09-27T00:00:00+00:00\",\"dateModified\":\"2024-10-07T13:58:50+00:00\",\"breadcrumb\":{\"@id\":\"https:\\\/\\\/stg.visualarq.com\\\/de\\\/download\\\/update\\\/v2\\\/#breadcrumb\"},\"inLanguage\":\"de\",\"potentialAction\":[{\"@type\":\"ReadAction\",\"target\":[\"https:\\\/\\\/stg.visualarq.com\\\/de\\\/download\\\/update\\\/v2\\\/\"]}]},{\"@type\":\"BreadcrumbList\",\"@id\":\"https:\\\/\\\/stg.visualarq.com\\\/de\\\/download\\\/update\\\/v2\\\/#breadcrumb\",\"itemListElement\":[{\"@type\":\"ListItem\",\"position\":1,\"name\":\"Home\",\"item\":\"https:\\\/\\\/stg.visualarq.com\\\/de\\\/home\\\/\"},{\"@type\":\"ListItem\",\"position\":2,\"name\":\"Download\",\"item\":\"https:\\\/\\\/stg.visualarq.com\\\/de\\\/download\\\/\"},{\"@type\":\"ListItem\",\"position\":3,\"name\":\"Update\",\"item\":\"https:\\\/\\\/stg.visualarq.com\\\/de\\\/download\\\/update\\\/\"},{\"@type\":\"ListItem\",\"position\":4,\"name\":\"Version 2\"}]},{\"@type\":\"WebSite\",\"@id\":\"https:\\\/\\\/stg.visualarq.com\\\/de\\\/#website\",\"url\":\"https:\\\/\\\/stg.visualarq.com\\\/de\\\/\",\"name\":\"VisualARQ\",\"description\":\"Flexible BIM for Rhino\",\"potentialAction\":[{\"@type\":\"SearchAction\",\"target\":{\"@type\":\"EntryPoint\",\"urlTemplate\":\"https:\\\/\\\/stg.visualarq.com\\\/de\\\/?s={search_term_string}\"},\"query-input\":{\"@type\":\"PropertyValueSpecification\",\"valueRequired\":true,\"valueName\":\"search_term_string\"}}],\"inLanguage\":\"de\"}]}<\/script>\n<!-- \/ Yoast SEO plugin. -->","yoast_head_json":{"title":"Version 2 - VisualARQ","robots":{"index":"noindex","follow":"follow","max-snippet":"max-snippet:-1","max-image-preview":"max-image-preview:large","max-video-preview":"max-video-preview:-1"},"og_locale":"de_DE","og_type":"article","og_title":"Version 2 - VisualARQ","og_description":"Aktualisierung auf herunterladen W\u00e4hlen Sie bitte die VisualARQ-Version aus, die Sie runterladen m\u00f6chten: VisualARQ f\u00fcr Rhinoceros 7 VisualARQ f\u00fcr Rhinoceros 6 VisualARQ f\u00fcr Rhinoceros 5.0 (32-bit) VisualARQ f\u00fcr Rhinoceros 5.0 (64-bit)","og_url":"https:\/\/stg.visualarq.com\/de\/download\/update\/v2\/","og_site_name":"VisualARQ","article_publisher":"https:\/\/www.facebook.com\/visualarq","article_modified_time":"2024-10-07T13:58:50+00:00","twitter_card":"summary_large_image","twitter_site":"@VisualARQ","schema":{"@context":"https:\/\/schema.org","@graph":[{"@type":"WebPage","@id":"https:\/\/stg.visualarq.com\/de\/download\/update\/v2\/","url":"https:\/\/stg.visualarq.com\/de\/download\/update\/v2\/","name":"Version 2 - VisualARQ","isPartOf":{"@id":"https:\/\/stg.visualarq.com\/de\/#website"},"datePublished":"2017-09-27T00:00:00+00:00","dateModified":"2024-10-07T13:58:50+00:00","breadcrumb":{"@id":"https:\/\/stg.visualarq.com\/de\/download\/update\/v2\/#breadcrumb"},"inLanguage":"de","potentialAction":[{"@type":"ReadAction","target":["https:\/\/stg.visualarq.com\/de\/download\/update\/v2\/"]}]},{"@type":"BreadcrumbList","@id":"https:\/\/stg.visualarq.com\/de\/download\/update\/v2\/#breadcrumb","itemListElement":[{"@type":"ListItem","position":1,"name":"Home","item":"https:\/\/stg.visualarq.com\/de\/home\/"},{"@type":"ListItem","position":2,"name":"Download","item":"https:\/\/stg.visualarq.com\/de\/download\/"},{"@type":"ListItem","position":3,"name":"Update","item":"https:\/\/stg.visualarq.com\/de\/download\/update\/"},{"@type":"ListItem","position":4,"name":"Version 2"}]},{"@type":"WebSite","@id":"https:\/\/stg.visualarq.com\/de\/#website","url":"https:\/\/stg.visualarq.com\/de\/","name":"VisualARQ","description":"Flexible BIM for Rhino","potentialAction":[{"@type":"SearchAction","target":{"@type":"EntryPoint","urlTemplate":"https:\/\/stg.visualarq.com\/de\/?s={search_term_string}"},"query-input":{"@type":"PropertyValueSpecification","valueRequired":true,"valueName":"search_term_string"}}],"inLanguage":"de"}]}},"_links":{"self":[{"href":"https:\/\/stg.visualarq.com\/de\/wp-json\/wp\/v2\/pages\/11373","targetHints":{"allow":["GET"]}}],"collection":[{"href":"https:\/\/stg.visualarq.com\/de\/wp-json\/wp\/v2\/pages"}],"about":[{"href":"https:\/\/stg.visualarq.com\/de\/wp-json\/wp\/v2\/types\/page"}],"author":[{"embeddable":true,"href":"https:\/\/stg.visualarq.com\/de\/wp-json\/wp\/v2\/users\/5"}],"replies":[{"embeddable":true,"href":"https:\/\/stg.visualarq.com\/de\/wp-json\/wp\/v2\/comments?post=11373"}],"version-history":[{"count":1,"href":"https:\/\/stg.visualarq.com\/de\/wp-json\/wp\/v2\/pages\/11373\/revisions"}],"predecessor-version":[{"id":41353,"href":"https:\/\/stg.visualarq.com\/de\/wp-json\/wp\/v2\/pages\/11373\/revisions\/41353"}],"up":[{"embeddable":true,"href":"https:\/\/stg.visualarq.com\/de\/wp-json\/wp\/v2\/pages\/11244"}],"wp:attachment":[{"href":"https:\/\/stg.visualarq.com\/de\/wp-json\/wp\/v2\/media?parent=11373"}],"curies":[{"name":"wp","href":"https:\/\/api.w.org\/{rel}","templated":true}]}}