{"id":11389,"date":"2018-04-18T00:00:00","date_gmt":"2018-04-18T00:00:00","guid":{"rendered":"https:\/\/stg.visualarq.com\/download\/update\/v2\/rhino6-2\/"},"modified":"2023-04-23T11:39:52","modified_gmt":"2023-04-23T11:39:52","slug":"rhino6","status":"publish","type":"page","link":"https:\/\/stg.visualarq.com\/de\/download\/update\/v2\/rhino6\/","title":{"rendered":"Rhinoceros 6"},"content":{"rendered":"\n<h1 class=\"wp-block-heading\">Vielen Dank f\u00fcr den Download von VisualARQ<\/h1>\n\n\n\n<p>Ihr Download f\u00fcr den Installer von <strong>VisualARQ f\u00fcr Rhinoceros 6<\/strong> beginnt in wenigen Sekunden. Sollte Ihr Download nicht automatisch beginnen, <a href=\"[download-link]\">klicken Sie hier<\/a>.<\/p>\n\n\n\n<h2 class=\"wp-block-heading\">Voraussetzungen<\/h2>\n\n\n\n<ul class=\"wp-block-list\">\n<li>Windows 8 \/ 10 \/ 11 (64-Bit)<\/li>\n\n\n\n<li>Rhino 6 SR35 (<a href=\"https:\/\/www.rhino3d.com\/download\/rhino-for-windows\/7\/latest\">oder neuere Version<\/a>)<\/li>\n<\/ul>\n\n\n\n\n<h2 class=\"wp-block-heading\">Installationsanleitungen<\/h2>\n\n\n\n<ul class=\"wp-block-list\">\n<li>Folgen Sie den Anweisungen auf dem Bildschirm, um die Datei auf Ihrer Festplatte zu speichern.<\/li>\n\n\n\n<li>Schlie\u00dfen Sie alle laufenden Rhinoceros-Instanzen.<\/li>\n\n\n\n<li>Wenn Sie eine vorherige VisualARQ-Version installiert hatten, deinstallieren Sie diese anhand der Option &#8222;Programme hinzuf\u00fcgen oder l\u00f6schen&#8220;, die Sie in der Windows\u00ae Systemsteuerung finden.<\/li>\n\n\n\n<li>F\u00fchren Sie den heruntergeladenen Installer aus und folgen Sie den Anleitungen, bis die Installation abgeschlossen ist.<\/li>\n\n\n\n<li>Wenn ein Neustart erforderlich ist, starten Sie Ihren Computer neu, bevor Sie Rhinoceros ausf\u00fchren.<\/li>\n<\/ul>\n\n\n\n<h2 class=\"wp-block-heading\">Neue Eigenschaften<\/h2>\n\n\n\n<p>Sie finden eine vollst\u00e4ndige Liste der Verbesserungen in den <a title=\"Neuheiten\" href=\"https:\/\/stg.visualarq.com\/de\/info\/whats-new\/\">Neuheiten.<\/a><\/p>\n","protected":false},"excerpt":{"rendered":"<p>Vielen Dank f\u00fcr den Download von VisualARQ Ihr Download f\u00fcr den Installer von VisualARQ f\u00fcr Rhinoceros 6 beginnt in wenigen Sekunden. Sollte Ihr Download nicht automatisch beginnen, klicken Sie hier. Voraussetzungen Installationsanleitungen Neue Eigenschaften Sie finden eine vollst\u00e4ndige Liste der Verbesserungen in den Neuheiten.<\/p>\n","protected":false},"author":6,"featured_media":0,"parent":11373,"menu_order":0,"comment_status":"closed","ping_status":"closed","template":"page-download.php","meta":{"_et_pb_use_builder":"","_et_pb_old_content":"","_et_gb_content_width":"","footnotes":""},"class_list":["post-11389","page","type-page","status-publish","hentry"],"yoast_head":"<!-- This site is optimized with the Yoast SEO plugin v27.3 - https:\/\/yoast.com\/product\/yoast-seo-wordpress\/ -->\n<title>Rhinoceros 6 - VisualARQ<\/title>\n<meta name=\"robots\" content=\"noindex, follow, max-snippet:-1, max-image-preview:large, max-video-preview:-1\" \/>\n<meta property=\"og:locale\" content=\"de_DE\" \/>\n<meta property=\"og:type\" content=\"article\" \/>\n<meta property=\"og:title\" content=\"Rhinoceros 6 - VisualARQ\" \/>\n<meta property=\"og:description\" content=\"Vielen Dank f\u00fcr den Download von VisualARQ Ihr Download f\u00fcr den Installer von VisualARQ f\u00fcr Rhinoceros 6 beginnt in wenigen Sekunden. Sollte Ihr Download nicht automatisch beginnen, klicken Sie hier. Voraussetzungen Installationsanleitungen Neue Eigenschaften Sie finden eine vollst\u00e4ndige Liste der Verbesserungen in den Neuheiten.\" \/>\n<meta property=\"og:url\" content=\"https:\/\/stg.visualarq.com\/de\/download\/update\/v2\/rhino6\/\" \/>\n<meta property=\"og:site_name\" content=\"VisualARQ\" \/>\n<meta property=\"article:publisher\" content=\"https:\/\/www.facebook.com\/visualarq\" \/>\n<meta property=\"article:modified_time\" content=\"2023-04-23T11:39:52+00:00\" \/>\n<meta name=\"twitter:card\" content=\"summary_large_image\" \/>\n<meta name=\"twitter:site\" content=\"@VisualARQ\" \/>\n<meta name=\"twitter:label1\" content=\"Gesch\u00e4tzte Lesezeit\" \/>\n\t<meta name=\"twitter:data1\" content=\"1\u00a0Minute\" \/>\n<script type=\"application\/ld+json\" class=\"yoast-schema-graph\">{\"@context\":\"https:\\\/\\\/schema.org\",\"@graph\":[{\"@type\":\"WebPage\",\"@id\":\"https:\\\/\\\/stg.visualarq.com\\\/de\\\/download\\\/update\\\/v2\\\/rhino6\\\/\",\"url\":\"https:\\\/\\\/stg.visualarq.com\\\/de\\\/download\\\/update\\\/v2\\\/rhino6\\\/\",\"name\":\"Rhinoceros 6 - VisualARQ\",\"isPartOf\":{\"@id\":\"https:\\\/\\\/stg.visualarq.com\\\/de\\\/#website\"},\"datePublished\":\"2018-04-18T00:00:00+00:00\",\"dateModified\":\"2023-04-23T11:39:52+00:00\",\"breadcrumb\":{\"@id\":\"https:\\\/\\\/stg.visualarq.com\\\/de\\\/download\\\/update\\\/v2\\\/rhino6\\\/#breadcrumb\"},\"inLanguage\":\"de\",\"potentialAction\":[{\"@type\":\"ReadAction\",\"target\":[\"https:\\\/\\\/stg.visualarq.com\\\/de\\\/download\\\/update\\\/v2\\\/rhino6\\\/\"]}]},{\"@type\":\"BreadcrumbList\",\"@id\":\"https:\\\/\\\/stg.visualarq.com\\\/de\\\/download\\\/update\\\/v2\\\/rhino6\\\/#breadcrumb\",\"itemListElement\":[{\"@type\":\"ListItem\",\"position\":1,\"name\":\"Home\",\"item\":\"https:\\\/\\\/stg.visualarq.com\\\/de\\\/home\\\/\"},{\"@type\":\"ListItem\",\"position\":2,\"name\":\"Download\",\"item\":\"https:\\\/\\\/stg.visualarq.com\\\/de\\\/download\\\/\"},{\"@type\":\"ListItem\",\"position\":3,\"name\":\"Update\",\"item\":\"https:\\\/\\\/stg.visualarq.com\\\/de\\\/download\\\/update\\\/\"},{\"@type\":\"ListItem\",\"position\":4,\"name\":\"Version 2\",\"item\":\"https:\\\/\\\/stg.visualarq.com\\\/de\\\/download\\\/update\\\/v2\\\/\"},{\"@type\":\"ListItem\",\"position\":5,\"name\":\"Rhinoceros 6\"}]},{\"@type\":\"WebSite\",\"@id\":\"https:\\\/\\\/stg.visualarq.com\\\/de\\\/#website\",\"url\":\"https:\\\/\\\/stg.visualarq.com\\\/de\\\/\",\"name\":\"VisualARQ\",\"description\":\"Flexible BIM for Rhino\",\"potentialAction\":[{\"@type\":\"SearchAction\",\"target\":{\"@type\":\"EntryPoint\",\"urlTemplate\":\"https:\\\/\\\/stg.visualarq.com\\\/de\\\/?s={search_term_string}\"},\"query-input\":{\"@type\":\"PropertyValueSpecification\",\"valueRequired\":true,\"valueName\":\"search_term_string\"}}],\"inLanguage\":\"de\"}]}<\/script>\n<!-- \/ Yoast SEO plugin. -->","yoast_head_json":{"title":"Rhinoceros 6 - VisualARQ","robots":{"index":"noindex","follow":"follow","max-snippet":"max-snippet:-1","max-image-preview":"max-image-preview:large","max-video-preview":"max-video-preview:-1"},"og_locale":"de_DE","og_type":"article","og_title":"Rhinoceros 6 - VisualARQ","og_description":"Vielen Dank f\u00fcr den Download von VisualARQ Ihr Download f\u00fcr den Installer von VisualARQ f\u00fcr Rhinoceros 6 beginnt in wenigen Sekunden. Sollte Ihr Download nicht automatisch beginnen, klicken Sie hier. Voraussetzungen Installationsanleitungen Neue Eigenschaften Sie finden eine vollst\u00e4ndige Liste der Verbesserungen in den Neuheiten.","og_url":"https:\/\/stg.visualarq.com\/de\/download\/update\/v2\/rhino6\/","og_site_name":"VisualARQ","article_publisher":"https:\/\/www.facebook.com\/visualarq","article_modified_time":"2023-04-23T11:39:52+00:00","twitter_card":"summary_large_image","twitter_site":"@VisualARQ","twitter_misc":{"Gesch\u00e4tzte Lesezeit":"1\u00a0Minute"},"schema":{"@context":"https:\/\/schema.org","@graph":[{"@type":"WebPage","@id":"https:\/\/stg.visualarq.com\/de\/download\/update\/v2\/rhino6\/","url":"https:\/\/stg.visualarq.com\/de\/download\/update\/v2\/rhino6\/","name":"Rhinoceros 6 - VisualARQ","isPartOf":{"@id":"https:\/\/stg.visualarq.com\/de\/#website"},"datePublished":"2018-04-18T00:00:00+00:00","dateModified":"2023-04-23T11:39:52+00:00","breadcrumb":{"@id":"https:\/\/stg.visualarq.com\/de\/download\/update\/v2\/rhino6\/#breadcrumb"},"inLanguage":"de","potentialAction":[{"@type":"ReadAction","target":["https:\/\/stg.visualarq.com\/de\/download\/update\/v2\/rhino6\/"]}]},{"@type":"BreadcrumbList","@id":"https:\/\/stg.visualarq.com\/de\/download\/update\/v2\/rhino6\/#breadcrumb","itemListElement":[{"@type":"ListItem","position":1,"name":"Home","item":"https:\/\/stg.visualarq.com\/de\/home\/"},{"@type":"ListItem","position":2,"name":"Download","item":"https:\/\/stg.visualarq.com\/de\/download\/"},{"@type":"ListItem","position":3,"name":"Update","item":"https:\/\/stg.visualarq.com\/de\/download\/update\/"},{"@type":"ListItem","position":4,"name":"Version 2","item":"https:\/\/stg.visualarq.com\/de\/download\/update\/v2\/"},{"@type":"ListItem","position":5,"name":"Rhinoceros 6"}]},{"@type":"WebSite","@id":"https:\/\/stg.visualarq.com\/de\/#website","url":"https:\/\/stg.visualarq.com\/de\/","name":"VisualARQ","description":"Flexible BIM for Rhino","potentialAction":[{"@type":"SearchAction","target":{"@type":"EntryPoint","urlTemplate":"https:\/\/stg.visualarq.com\/de\/?s={search_term_string}"},"query-input":{"@type":"PropertyValueSpecification","valueRequired":true,"valueName":"search_term_string"}}],"inLanguage":"de"}]}},"_links":{"self":[{"href":"https:\/\/stg.visualarq.com\/de\/wp-json\/wp\/v2\/pages\/11389","targetHints":{"allow":["GET"]}}],"collection":[{"href":"https:\/\/stg.visualarq.com\/de\/wp-json\/wp\/v2\/pages"}],"about":[{"href":"https:\/\/stg.visualarq.com\/de\/wp-json\/wp\/v2\/types\/page"}],"author":[{"embeddable":true,"href":"https:\/\/stg.visualarq.com\/de\/wp-json\/wp\/v2\/users\/6"}],"replies":[{"embeddable":true,"href":"https:\/\/stg.visualarq.com\/de\/wp-json\/wp\/v2\/comments?post=11389"}],"version-history":[{"count":0,"href":"https:\/\/stg.visualarq.com\/de\/wp-json\/wp\/v2\/pages\/11389\/revisions"}],"up":[{"embeddable":true,"href":"https:\/\/stg.visualarq.com\/de\/wp-json\/wp\/v2\/pages\/11373"}],"wp:attachment":[{"href":"https:\/\/stg.visualarq.com\/de\/wp-json\/wp\/v2\/media?parent=11389"}],"curies":[{"name":"wp","href":"https:\/\/api.w.org\/{rel}","templated":true}]}}