{"id":20272,"date":"2020-10-15T09:51:43","date_gmt":"2020-10-15T09:51:43","guid":{"rendered":"https:\/\/stg.visualarq.com\/legal\/cookie-policy\/"},"modified":"2025-10-27T20:53:38","modified_gmt":"2025-10-27T20:53:38","slug":"cookie-policy","status":"publish","type":"page","link":"https:\/\/stg.visualarq.com\/de\/legal\/cookie-policy\/","title":{"rendered":"Cookie-Richtlinie"},"content":{"rendered":"[et_pb_section fb_built=&#8220;1&#8243; admin_label=&#8220;section&#8220; _builder_version=&#8220;4.16&#8243; da_disable_devices=&#8220;off|off|off&#8220; global_colors_info=&#8220;{}&#8220; da_is_popup=&#8220;off&#8220; da_exit_intent=&#8220;off&#8220; da_has_close=&#8220;on&#8220; da_alt_close=&#8220;off&#8220; da_dark_close=&#8220;off&#8220; da_not_modal=&#8220;on&#8220; da_is_singular=&#8220;off&#8220; da_with_loader=&#8220;off&#8220; da_has_shadow=&#8220;on&#8220;][et_pb_row admin_label=&#8220;row&#8220; _builder_version=&#8220;4.24.3&#8243; background_size=&#8220;initial&#8220; background_position=&#8220;top_left&#8220; background_repeat=&#8220;repeat&#8220; global_colors_info=&#8220;{}&#8220;][et_pb_column type=&#8220;4_4&#8243; _builder_version=&#8220;4.16&#8243; custom_padding=&#8220;|||&#8220; global_colors_info=&#8220;{}&#8220; custom_padding__hover=&#8220;|||&#8220;][et_pb_text admin_label=&#8220;Text&#8220; _builder_version=&#8220;4.24.3&#8243; background_size=&#8220;initial&#8220; background_position=&#8220;top_left&#8220; background_repeat=&#8220;repeat&#8220; global_colors_info=&#8220;{}&#8220;]<h1>Cookie-Richtlinie<\/h1>[\/et_pb_text][et_pb_text admin_label=&#8220;Text&#8220; _builder_version=&#8220;4.27.0&#8243; background_size=&#8220;initial&#8220; background_position=&#8220;top_left&#8220; background_repeat=&#8220;repeat&#8220; global_colors_info=&#8220;{}&#8220;]<p>In dieser Cookie-Richtlinie wird erkl\u00e4rt, was Cookies sind und wie wir sie verwenden. Sie sollten sich diese Richtlinie durchlesen, um zu verstehen was Cookies sind, wie wir sie einsetzen und welche Arten von Cookies wir verwenden, bzw. welche Art von Information wir unter dem Einsatz von Cookies erheben, wie diese Information verwendet wird und wie die Cookie-Pr\u00e4ferenzen steuerbar sind. F\u00fcr weitere Informationen und wie wir Ihre personenbezogenen Daten nutzen, speichern und ihre Sicherheit gew\u00e4hrleisten, siehe unsere Datenschutzrichtlinie.<\/p><br><p>\u00dcber die Cookie-Erkl\u00e4rung auf unserer Website k\u00f6nnen Sie Ihre Zustimmung jederzeit \u00e4ndern oder widerrufen.<br \/>In unseren Datenschutzrichtlinien erfahren Sie mehr dar\u00fcber wer wir sind, wie Sie mit uns in Kontakt treten k\u00f6nnen und wie wir personenbezogene Daten verarbeiten.<br \/>Ihre Zustimmung gilt f\u00fcr die folgenden Domains: <strong>visualarq.com<\/strong><\/p>[\/et_pb_text][et_pb_text admin_label=&#8220;Text&#8220; _builder_version=&#8220;4.24.3&#8243; background_color=&#8220;#f2f2f2&#8243; background_size=&#8220;initial&#8220; background_position=&#8220;top_left&#8220; background_repeat=&#8220;repeat&#8220; custom_padding=&#8220;18px|25px|18px|25px|false|false&#8220; global_colors_info=&#8220;{}&#8220;]<div class=\"user_consent_state\">[wcc_preference_button]<\/div>[\/et_pb_text][et_pb_text admin_label=&#8220;Text&#8220; _builder_version=&#8220;4.24.3&#8243; background_size=&#8220;initial&#8220; background_position=&#8220;top_left&#8220; background_repeat=&#8220;repeat&#8220; global_colors_info=&#8220;{}&#8220;]<h3>Was sind Cookies ?<\/h3><br><p>Cookies sind kleine Textdateien, die dazu dienen, Informationen in kleinen Portionen zu speichern. Die Cookies werden auf Ihrem Ger\u00e4t gespeichert, wenn die Website \u00fcber Ihren Browser geladen wird. Diese Cookies tragen dazu bei, dass die Website ordnungsgem\u00e4\u00df funktioniert, dass die Website sicherer wird, dass die Benutzerfreundlichkeit verbessert wird, dass wir verstehen, wie die Website funktioniert, und dass wir analysieren k\u00f6nnen, was funktioniert und wo Verbesserungen erforderlich sind.<\/p>[\/et_pb_text][et_pb_text admin_label=&#8220;Text&#8220; _builder_version=&#8220;4.24.3&#8243; background_size=&#8220;initial&#8220; background_position=&#8220;top_left&#8220; background_repeat=&#8220;repeat&#8220; global_colors_info=&#8220;{}&#8220;]<h3>Wie verwenden wir Cookies ?<\/h3><br><p>Wie die meisten Online-Dienste verwendet auch unsere Website Cookies von Erstanbietern und Drittanbietern f\u00fcr eine Reihe von Zwecken. Die Erstanbieter-Cookies sind in den meisten F\u00e4llen notwendig, damit die Website ordnungsgem\u00e4\u00df funktioniert, und sie erfassen keine Ihrer personenbezogenen Daten.<\/p><br><p>Die Cookies von Drittanbietern, die auf unseren Websites verwendet werden, dienen haupts\u00e4chlich zum Verst\u00e4ndnis wie die Website funktioniert und wie Sie mit unserer Website interagieren, sowie um unsere Dienste sicher zu halten, Ihnen f\u00fcr Sie relevante Werbung zu liefern und Ihnen insgesamt eine bessere und verbesserte Benutzererfahrung zu bieten und Ihre zuk\u00fcnftigen Interaktionen mit unserer Website zu beschleunigen.<\/p>[\/et_pb_text][et_pb_text admin_label=&#8220;Text&#8220; _builder_version=&#8220;4.24.3&#8243; background_size=&#8220;initial&#8220; background_position=&#8220;top_left&#8220; background_repeat=&#8220;repeat&#8220; global_colors_info=&#8220;{}&#8220;]<h3>Welche Arten von Cookies verwenden wir ?<\/h3><br><p>Die auf unserer Website verwendeten Cookies werden in die folgenden Kategorien eingeteilt.<\/p>[\/et_pb_text][et_pb_text admin_label=&#8220;Text&#8220; _builder_version=&#8220;4.27.4&#8243; background_color=&#8220;#f2f2f2&#8243; background_size=&#8220;initial&#8220; background_position=&#8220;top_left&#8220; background_repeat=&#8220;repeat&#8220; custom_padding=&#8220;18px|25px|18px|25px|false|false&#8220; hover_enabled=&#8220;0&#8243; global_colors_info=&#8220;{}&#8220; sticky_enabled=&#8220;0&#8243;]<p>[wcc_category_list]<\/p>[\/et_pb_text][et_pb_text admin_label=&#8220;Text&#8220; _builder_version=&#8220;4.24.3&#8243; background_size=&#8220;initial&#8220; background_position=&#8220;top_left&#8220; background_repeat=&#8220;repeat&#8220; global_colors_info=&#8220;{}&#8220;]<h3>Wie kann ich die Cookie-Einstellungen kontrollieren ?<\/h3><br><p>Sie k\u00f6nnen Ihre Cookie-Pr\u00e4ferenzen verwalten, indem Sie auf die Schaltfl\u00e4che &#8222;Einstellungen&#8220; klicken und die Cookie-Kategorien im Popup-Fenster nach Ihren W\u00fcnschen aktivieren oder deaktivieren.<\/p><br><p>Sollten Sie sich entscheiden, Ihre Einstellungen im Laufe der Sitzung zu \u00e4ndern, k\u00f6nnen Sie auf die Registerkarte &#8222;Datenschutz- und Cookie-Richtlinien&#8220; auf Ihrem Bildschirm klicken. Dadurch wird der Hinweis auf die Einwilligung erneut angezeigt, so dass Sie Ihre Pr\u00e4ferenzen \u00e4ndern oder Ihre Einwilligung vollst\u00e4ndig widerrufen k\u00f6nnen.<\/p><br><p>Dar\u00fcber hinaus bieten die verschiedenen Browser unterschiedliche Methoden zum Blockieren und L\u00f6schen von Cookies, die von Websites verwendet werden. Sie k\u00f6nnen die Einstellungen Ihres Browsers \u00e4ndern, um die Cookies zu blockieren\/l\u00f6schen. Weitere Informationen \u00fcber die Verwaltung und L\u00f6schung von Cookies finden Sie unter wikipedia.org, www.allaboutcookies.org.<\/p>[\/et_pb_text][\/et_pb_column][\/et_pb_row][\/et_pb_section]","protected":false},"excerpt":{"rendered":"<p>Cookie-RichtlinieIn dieser Cookie-Richtlinie wird erkl\u00e4rt, was Cookies sind und wie wir sie verwenden. Sie sollten sich diese Richtlinie durchlesen, um zu verstehen was Cookies sind, wie wir sie einsetzen und welche Arten von Cookies wir verwenden, bzw. welche Art von Information wir unter dem Einsatz von Cookies erheben, wie diese Information verwendet wird und wie [&hellip;]<\/p>\n","protected":false},"author":1,"featured_media":0,"parent":11233,"menu_order":0,"comment_status":"closed","ping_status":"closed","template":"","meta":{"_et_pb_use_builder":"on","_et_pb_old_content":"","_et_gb_content_width":"","footnotes":""},"class_list":["post-20272","page","type-page","status-publish","hentry"],"yoast_head":"<!-- This site is optimized with the Yoast SEO plugin v27.2 - https:\/\/yoast.com\/product\/yoast-seo-wordpress\/ -->\n<title>Cookie-Richtlinie - VisualARQ<\/title>\n<meta name=\"robots\" content=\"noindex, follow, max-snippet:-1, max-image-preview:large, max-video-preview:-1\" \/>\n<meta property=\"og:locale\" content=\"de_DE\" \/>\n<meta property=\"og:type\" content=\"article\" \/>\n<meta property=\"og:title\" content=\"Cookie-Richtlinie - VisualARQ\" \/>\n<meta property=\"og:description\" content=\"Cookie-RichtlinieIn dieser Cookie-Richtlinie wird erkl\u00e4rt, was Cookies sind und wie wir sie verwenden. Sie sollten sich diese Richtlinie durchlesen, um zu verstehen was Cookies sind, wie wir sie einsetzen und welche Arten von Cookies wir verwenden, bzw. welche Art von Information wir unter dem Einsatz von Cookies erheben, wie diese Information verwendet wird und wie [&hellip;]\" \/>\n<meta property=\"og:url\" content=\"https:\/\/stg.visualarq.com\/de\/legal\/cookie-policy\/\" \/>\n<meta property=\"og:site_name\" content=\"VisualARQ\" \/>\n<meta property=\"article:publisher\" content=\"https:\/\/www.facebook.com\/visualarq\" \/>\n<meta property=\"article:modified_time\" content=\"2025-10-27T20:53:38+00:00\" \/>\n<meta name=\"twitter:card\" content=\"summary_large_image\" \/>\n<meta name=\"twitter:site\" content=\"@VisualARQ\" \/>\n<meta name=\"twitter:label1\" content=\"Gesch\u00e4tzte Lesezeit\" \/>\n\t<meta name=\"twitter:data1\" content=\"4\u00a0Minuten\" \/>\n<script type=\"application\/ld+json\" class=\"yoast-schema-graph\">{\"@context\":\"https:\/\/schema.org\",\"@graph\":[{\"@type\":\"WebPage\",\"@id\":\"https:\/\/stg.visualarq.com\/de\/legal\/cookie-policy\/\",\"url\":\"https:\/\/stg.visualarq.com\/de\/legal\/cookie-policy\/\",\"name\":\"Cookie-Richtlinie - VisualARQ\",\"isPartOf\":{\"@id\":\"https:\/\/stg.visualarq.com\/de\/#website\"},\"datePublished\":\"2020-10-15T09:51:43+00:00\",\"dateModified\":\"2025-10-27T20:53:38+00:00\",\"breadcrumb\":{\"@id\":\"https:\/\/stg.visualarq.com\/de\/legal\/cookie-policy\/#breadcrumb\"},\"inLanguage\":\"de\",\"potentialAction\":[{\"@type\":\"ReadAction\",\"target\":[\"https:\/\/stg.visualarq.com\/de\/legal\/cookie-policy\/\"]}]},{\"@type\":\"BreadcrumbList\",\"@id\":\"https:\/\/stg.visualarq.com\/de\/legal\/cookie-policy\/#breadcrumb\",\"itemListElement\":[{\"@type\":\"ListItem\",\"position\":1,\"name\":\"Home\",\"item\":\"https:\/\/stg.visualarq.com\/de\/home\/\"},{\"@type\":\"ListItem\",\"position\":2,\"name\":\"Rechtliche Bestimmungen\",\"item\":\"https:\/\/stg.visualarq.com\/de\/legal\/\"},{\"@type\":\"ListItem\",\"position\":3,\"name\":\"Cookie-Richtlinie\"}]},{\"@type\":\"WebSite\",\"@id\":\"https:\/\/stg.visualarq.com\/de\/#website\",\"url\":\"https:\/\/stg.visualarq.com\/de\/\",\"name\":\"VisualARQ\",\"description\":\"Flexible BIM for Rhino\",\"potentialAction\":[{\"@type\":\"SearchAction\",\"target\":{\"@type\":\"EntryPoint\",\"urlTemplate\":\"https:\/\/stg.visualarq.com\/de\/?s={search_term_string}\"},\"query-input\":{\"@type\":\"PropertyValueSpecification\",\"valueRequired\":true,\"valueName\":\"search_term_string\"}}],\"inLanguage\":\"de\"}]}<\/script>\n<!-- \/ Yoast SEO plugin. -->","yoast_head_json":{"title":"Cookie-Richtlinie - VisualARQ","robots":{"index":"noindex","follow":"follow","max-snippet":"max-snippet:-1","max-image-preview":"max-image-preview:large","max-video-preview":"max-video-preview:-1"},"og_locale":"de_DE","og_type":"article","og_title":"Cookie-Richtlinie - VisualARQ","og_description":"Cookie-RichtlinieIn dieser Cookie-Richtlinie wird erkl\u00e4rt, was Cookies sind und wie wir sie verwenden. Sie sollten sich diese Richtlinie durchlesen, um zu verstehen was Cookies sind, wie wir sie einsetzen und welche Arten von Cookies wir verwenden, bzw. welche Art von Information wir unter dem Einsatz von Cookies erheben, wie diese Information verwendet wird und wie [&hellip;]","og_url":"https:\/\/stg.visualarq.com\/de\/legal\/cookie-policy\/","og_site_name":"VisualARQ","article_publisher":"https:\/\/www.facebook.com\/visualarq","article_modified_time":"2025-10-27T20:53:38+00:00","twitter_card":"summary_large_image","twitter_site":"@VisualARQ","twitter_misc":{"Gesch\u00e4tzte Lesezeit":"4\u00a0Minuten"},"schema":{"@context":"https:\/\/schema.org","@graph":[{"@type":"WebPage","@id":"https:\/\/stg.visualarq.com\/de\/legal\/cookie-policy\/","url":"https:\/\/stg.visualarq.com\/de\/legal\/cookie-policy\/","name":"Cookie-Richtlinie - VisualARQ","isPartOf":{"@id":"https:\/\/stg.visualarq.com\/de\/#website"},"datePublished":"2020-10-15T09:51:43+00:00","dateModified":"2025-10-27T20:53:38+00:00","breadcrumb":{"@id":"https:\/\/stg.visualarq.com\/de\/legal\/cookie-policy\/#breadcrumb"},"inLanguage":"de","potentialAction":[{"@type":"ReadAction","target":["https:\/\/stg.visualarq.com\/de\/legal\/cookie-policy\/"]}]},{"@type":"BreadcrumbList","@id":"https:\/\/stg.visualarq.com\/de\/legal\/cookie-policy\/#breadcrumb","itemListElement":[{"@type":"ListItem","position":1,"name":"Home","item":"https:\/\/stg.visualarq.com\/de\/home\/"},{"@type":"ListItem","position":2,"name":"Rechtliche Bestimmungen","item":"https:\/\/stg.visualarq.com\/de\/legal\/"},{"@type":"ListItem","position":3,"name":"Cookie-Richtlinie"}]},{"@type":"WebSite","@id":"https:\/\/stg.visualarq.com\/de\/#website","url":"https:\/\/stg.visualarq.com\/de\/","name":"VisualARQ","description":"Flexible BIM for Rhino","potentialAction":[{"@type":"SearchAction","target":{"@type":"EntryPoint","urlTemplate":"https:\/\/stg.visualarq.com\/de\/?s={search_term_string}"},"query-input":{"@type":"PropertyValueSpecification","valueRequired":true,"valueName":"search_term_string"}}],"inLanguage":"de"}]}},"_links":{"self":[{"href":"https:\/\/stg.visualarq.com\/de\/wp-json\/wp\/v2\/pages\/20272","targetHints":{"allow":["GET"]}}],"collection":[{"href":"https:\/\/stg.visualarq.com\/de\/wp-json\/wp\/v2\/pages"}],"about":[{"href":"https:\/\/stg.visualarq.com\/de\/wp-json\/wp\/v2\/types\/page"}],"author":[{"embeddable":true,"href":"https:\/\/stg.visualarq.com\/de\/wp-json\/wp\/v2\/users\/1"}],"replies":[{"embeddable":true,"href":"https:\/\/stg.visualarq.com\/de\/wp-json\/wp\/v2\/comments?post=20272"}],"version-history":[{"count":3,"href":"https:\/\/stg.visualarq.com\/de\/wp-json\/wp\/v2\/pages\/20272\/revisions"}],"predecessor-version":[{"id":42607,"href":"https:\/\/stg.visualarq.com\/de\/wp-json\/wp\/v2\/pages\/20272\/revisions\/42607"}],"up":[{"embeddable":true,"href":"https:\/\/stg.visualarq.com\/de\/wp-json\/wp\/v2\/pages\/11233"}],"wp:attachment":[{"href":"https:\/\/stg.visualarq.com\/de\/wp-json\/wp\/v2\/media?parent=20272"}],"curies":[{"name":"wp","href":"https:\/\/api.w.org\/{rel}","templated":true}]}}