{"id":20604,"date":"2020-10-21T14:29:06","date_gmt":"2020-10-21T14:29:06","guid":{"rendered":"https:\/\/stg.visualarq.com\/?page_id=20604"},"modified":"2024-10-01T07:45:16","modified_gmt":"2024-10-01T07:45:16","slug":"rhino7","status":"publish","type":"page","link":"https:\/\/stg.visualarq.com\/de\/download\/eval\/rhino7\/","title":{"rendered":"Rhinoceros 7 Testversion"},"content":{"rendered":"\n<h1 class=\"wp-block-heading\">Vielen Dank f\u00fcr den Download von VisualARQ<\/h1>\n\n<p>Ihr Download f\u00fcr den Installer der <strong>90-t\u00e4gigen VisualARQ-Testversion f\u00fcr Rhinoceros 7<\/strong> beginnt in wenigen Sekunden. Sollte Ihr Download nicht automatisch beginnen, <a href=\"[download-link]\">klicken Sie hier<\/a>.<\/p>\n\n<h3 class=\"wp-block-heading\">Voraussetzungen<\/h3>\n\n<ul class=\"wp-block-list\">\n<li>Windows 8 \/ 10 \/ 11 (64-Bit)<\/li>\n\n\n\n<li>Rhino 7 SR23 (<a href=\"https:\/\/www.rhino3d.com\/download\/rhino-for-windows\/7\/latest\">oder neuere Version<\/a>)<\/li>\n<\/ul>\n\n\n<h3 class=\"wp-block-heading\">Installationsanleitungen<\/h3>\n\n<ul class=\"wp-block-list\">\n<li>Folgen Sie den Anweisungen auf dem Bildschirm, um die Datei auf Ihrer Festplatte zu speichern.<\/li>\n\n\n\n<li>Schlie\u00dfen Sie alle laufenden Rhinoceros-Instanzen.<\/li>\n\n\n\n<li>Wenn Sie eine vorherige VisualARQ-Version installiert hatten, deinstallieren Sie diese anhand der Option \u201eProgramme hinzuf\u00fcgen oder l\u00f6schen\u201c, die Sie in der Windows\u00ae Systemsteuerung finden.<\/li>\n\n\n\n<li>F\u00fchren Sie den heruntergeladenen Installer aus und folgen Sie den Anleitungen, bis die Installation abgeschlossen ist.<\/li>\n\n\n\n<li>Wenn ein Neustart erforderlich ist, starten Sie Ihren Computer neu, bevor Sie Rhinoceros ausf\u00fchren.<\/li>\n<\/ul>\n\n<h3 class=\"wp-block-heading\">Anmerkungen f\u00fcr die Testversion<\/h3>\n\n<ul class=\"wp-block-list\">\n<li>Wenn Sie VisualARQ nicht auf diesem Computer getestet haben, ist die Testversion 90 Tage nach ihrer Installation g\u00fcltig.<\/li>\n\n\n\n<li>Wenn Sie bereits eine vorherige VisualARQ-Version auf diesem Computer getestet haben, ist die Testversion 15 Tage nach ihrer Installation g\u00fcltig.<\/li>\n<\/ul>\n","protected":false},"excerpt":{"rendered":"<p>Vielen Dank f\u00fcr den Download von VisualARQ Ihr Download f\u00fcr den Installer der 90-t\u00e4gigen VisualARQ-Testversion f\u00fcr Rhinoceros 7 beginnt in wenigen Sekunden. Sollte Ihr Download nicht automatisch beginnen, klicken Sie hier. Voraussetzungen Installationsanleitungen Anmerkungen f\u00fcr die Testversion<\/p>\n","protected":false},"author":6,"featured_media":0,"parent":11242,"menu_order":0,"comment_status":"closed","ping_status":"closed","template":"page-download.php","meta":{"_et_pb_use_builder":"","_et_pb_old_content":"","_et_gb_content_width":"","footnotes":""},"class_list":["post-20604","page","type-page","status-publish","hentry"],"yoast_head":"<!-- This site is optimized with the Yoast SEO plugin v27.3 - https:\/\/yoast.com\/product\/yoast-seo-wordpress\/ -->\n<title>Rhinoceros 7 Testversion - VisualARQ<\/title>\n<meta name=\"robots\" content=\"noindex, follow, max-snippet:-1, max-image-preview:large, max-video-preview:-1\" \/>\n<meta property=\"og:locale\" content=\"de_DE\" \/>\n<meta property=\"og:type\" content=\"article\" \/>\n<meta property=\"og:title\" content=\"Rhinoceros 7 Testversion - VisualARQ\" \/>\n<meta property=\"og:description\" content=\"Vielen Dank f\u00fcr den Download von VisualARQ Ihr Download f\u00fcr den Installer der 90-t\u00e4gigen VisualARQ-Testversion f\u00fcr Rhinoceros 7 beginnt in wenigen Sekunden. Sollte Ihr Download nicht automatisch beginnen, klicken Sie hier. Voraussetzungen Installationsanleitungen Anmerkungen f\u00fcr die Testversion\" \/>\n<meta property=\"og:url\" content=\"https:\/\/stg.visualarq.com\/de\/download\/eval\/rhino7\/\" \/>\n<meta property=\"og:site_name\" content=\"VisualARQ\" \/>\n<meta property=\"article:publisher\" content=\"https:\/\/www.facebook.com\/visualarq\" \/>\n<meta property=\"article:modified_time\" content=\"2024-10-01T07:45:16+00:00\" \/>\n<meta name=\"twitter:card\" content=\"summary_large_image\" \/>\n<meta name=\"twitter:site\" content=\"@VisualARQ\" \/>\n<meta name=\"twitter:label1\" content=\"Gesch\u00e4tzte Lesezeit\" \/>\n\t<meta name=\"twitter:data1\" content=\"1\u00a0Minute\" \/>\n<script type=\"application\/ld+json\" class=\"yoast-schema-graph\">{\"@context\":\"https:\\\/\\\/schema.org\",\"@graph\":[{\"@type\":\"WebPage\",\"@id\":\"https:\\\/\\\/stg.visualarq.com\\\/de\\\/download\\\/eval\\\/rhino7\\\/\",\"url\":\"https:\\\/\\\/stg.visualarq.com\\\/de\\\/download\\\/eval\\\/rhino7\\\/\",\"name\":\"Rhinoceros 7 Testversion - VisualARQ\",\"isPartOf\":{\"@id\":\"https:\\\/\\\/stg.visualarq.com\\\/de\\\/#website\"},\"datePublished\":\"2020-10-21T14:29:06+00:00\",\"dateModified\":\"2024-10-01T07:45:16+00:00\",\"breadcrumb\":{\"@id\":\"https:\\\/\\\/stg.visualarq.com\\\/de\\\/download\\\/eval\\\/rhino7\\\/#breadcrumb\"},\"inLanguage\":\"de\",\"potentialAction\":[{\"@type\":\"ReadAction\",\"target\":[\"https:\\\/\\\/stg.visualarq.com\\\/de\\\/download\\\/eval\\\/rhino7\\\/\"]}]},{\"@type\":\"BreadcrumbList\",\"@id\":\"https:\\\/\\\/stg.visualarq.com\\\/de\\\/download\\\/eval\\\/rhino7\\\/#breadcrumb\",\"itemListElement\":[{\"@type\":\"ListItem\",\"position\":1,\"name\":\"Home\",\"item\":\"https:\\\/\\\/stg.visualarq.com\\\/de\\\/home\\\/\"},{\"@type\":\"ListItem\",\"position\":2,\"name\":\"Download\",\"item\":\"https:\\\/\\\/stg.visualarq.com\\\/de\\\/download\\\/\"},{\"@type\":\"ListItem\",\"position\":3,\"name\":\"Download Testversion\",\"item\":\"https:\\\/\\\/stg.visualarq.com\\\/de\\\/download\\\/eval\\\/\"},{\"@type\":\"ListItem\",\"position\":4,\"name\":\"Rhinoceros 7 Testversion\"}]},{\"@type\":\"WebSite\",\"@id\":\"https:\\\/\\\/stg.visualarq.com\\\/de\\\/#website\",\"url\":\"https:\\\/\\\/stg.visualarq.com\\\/de\\\/\",\"name\":\"VisualARQ\",\"description\":\"Flexible BIM for Rhino\",\"potentialAction\":[{\"@type\":\"SearchAction\",\"target\":{\"@type\":\"EntryPoint\",\"urlTemplate\":\"https:\\\/\\\/stg.visualarq.com\\\/de\\\/?s={search_term_string}\"},\"query-input\":{\"@type\":\"PropertyValueSpecification\",\"valueRequired\":true,\"valueName\":\"search_term_string\"}}],\"inLanguage\":\"de\"}]}<\/script>\n<!-- \/ Yoast SEO plugin. -->","yoast_head_json":{"title":"Rhinoceros 7 Testversion - VisualARQ","robots":{"index":"noindex","follow":"follow","max-snippet":"max-snippet:-1","max-image-preview":"max-image-preview:large","max-video-preview":"max-video-preview:-1"},"og_locale":"de_DE","og_type":"article","og_title":"Rhinoceros 7 Testversion - VisualARQ","og_description":"Vielen Dank f\u00fcr den Download von VisualARQ Ihr Download f\u00fcr den Installer der 90-t\u00e4gigen VisualARQ-Testversion f\u00fcr Rhinoceros 7 beginnt in wenigen Sekunden. Sollte Ihr Download nicht automatisch beginnen, klicken Sie hier. Voraussetzungen Installationsanleitungen Anmerkungen f\u00fcr die Testversion","og_url":"https:\/\/stg.visualarq.com\/de\/download\/eval\/rhino7\/","og_site_name":"VisualARQ","article_publisher":"https:\/\/www.facebook.com\/visualarq","article_modified_time":"2024-10-01T07:45:16+00:00","twitter_card":"summary_large_image","twitter_site":"@VisualARQ","twitter_misc":{"Gesch\u00e4tzte Lesezeit":"1\u00a0Minute"},"schema":{"@context":"https:\/\/schema.org","@graph":[{"@type":"WebPage","@id":"https:\/\/stg.visualarq.com\/de\/download\/eval\/rhino7\/","url":"https:\/\/stg.visualarq.com\/de\/download\/eval\/rhino7\/","name":"Rhinoceros 7 Testversion - VisualARQ","isPartOf":{"@id":"https:\/\/stg.visualarq.com\/de\/#website"},"datePublished":"2020-10-21T14:29:06+00:00","dateModified":"2024-10-01T07:45:16+00:00","breadcrumb":{"@id":"https:\/\/stg.visualarq.com\/de\/download\/eval\/rhino7\/#breadcrumb"},"inLanguage":"de","potentialAction":[{"@type":"ReadAction","target":["https:\/\/stg.visualarq.com\/de\/download\/eval\/rhino7\/"]}]},{"@type":"BreadcrumbList","@id":"https:\/\/stg.visualarq.com\/de\/download\/eval\/rhino7\/#breadcrumb","itemListElement":[{"@type":"ListItem","position":1,"name":"Home","item":"https:\/\/stg.visualarq.com\/de\/home\/"},{"@type":"ListItem","position":2,"name":"Download","item":"https:\/\/stg.visualarq.com\/de\/download\/"},{"@type":"ListItem","position":3,"name":"Download Testversion","item":"https:\/\/stg.visualarq.com\/de\/download\/eval\/"},{"@type":"ListItem","position":4,"name":"Rhinoceros 7 Testversion"}]},{"@type":"WebSite","@id":"https:\/\/stg.visualarq.com\/de\/#website","url":"https:\/\/stg.visualarq.com\/de\/","name":"VisualARQ","description":"Flexible BIM for Rhino","potentialAction":[{"@type":"SearchAction","target":{"@type":"EntryPoint","urlTemplate":"https:\/\/stg.visualarq.com\/de\/?s={search_term_string}"},"query-input":{"@type":"PropertyValueSpecification","valueRequired":true,"valueName":"search_term_string"}}],"inLanguage":"de"}]}},"_links":{"self":[{"href":"https:\/\/stg.visualarq.com\/de\/wp-json\/wp\/v2\/pages\/20604","targetHints":{"allow":["GET"]}}],"collection":[{"href":"https:\/\/stg.visualarq.com\/de\/wp-json\/wp\/v2\/pages"}],"about":[{"href":"https:\/\/stg.visualarq.com\/de\/wp-json\/wp\/v2\/types\/page"}],"author":[{"embeddable":true,"href":"https:\/\/stg.visualarq.com\/de\/wp-json\/wp\/v2\/users\/6"}],"replies":[{"embeddable":true,"href":"https:\/\/stg.visualarq.com\/de\/wp-json\/wp\/v2\/comments?post=20604"}],"version-history":[{"count":1,"href":"https:\/\/stg.visualarq.com\/de\/wp-json\/wp\/v2\/pages\/20604\/revisions"}],"predecessor-version":[{"id":40779,"href":"https:\/\/stg.visualarq.com\/de\/wp-json\/wp\/v2\/pages\/20604\/revisions\/40779"}],"up":[{"embeddable":true,"href":"https:\/\/stg.visualarq.com\/de\/wp-json\/wp\/v2\/pages\/11242"}],"wp:attachment":[{"href":"https:\/\/stg.visualarq.com\/de\/wp-json\/wp\/v2\/media?parent=20604"}],"curies":[{"name":"wp","href":"https:\/\/api.w.org\/{rel}","templated":true}]}}