{"id":23789,"date":"2021-09-22T10:06:57","date_gmt":"2021-09-22T10:06:57","guid":{"rendered":"https:\/\/stg.visualarq.com\/learn\/kurse\/"},"modified":"2026-02-09T10:12:51","modified_gmt":"2026-02-09T10:12:51","slug":"courses","status":"publish","type":"page","link":"https:\/\/stg.visualarq.com\/de\/learn\/courses\/","title":{"rendered":"Kurse"},"content":{"rendered":"\n<h2 class=\"wp-block-heading\">Live-Kurse<\/h2>\n\n<p>Wir bieten benutzerdefinierte Kurse an, um Ihnen das Erlernen von Rhino und VisualARQ zu erleichtern.<\/p>\n\n<p><a href=\"mailto:visualarq@asuni.com?subject=Custom%20training\">Kontaktieren Sie uns<\/a> f\u00fcr weitere Details, um eine individuelle Schulung zu vereinbaren.<\/p>\n\n<p><\/p>\n\n<hr class=\"wp-block-separator has-alpha-channel-opacity\"\/>\n\n<h2 class=\"wp-block-heading\" id=\"online-demo\">Online-Demo<\/h2>\n\n<p><strong>Fordern Sie eine kostenlose Online-Demo an<\/strong><\/p>\n\n<ul class=\"wp-block-list\">\n<li><a href=\"mailto:landsdesign@asuni.com?subject=Online%20demo\">Setzen Sie sich mit uns in Verbindung<\/a>, um ein Online-Treffen f\u00fcr eine VisualARQ-Pr\u00e4sentation zu vereinbaren. Wir werden uns daraufhin mit Ihnen in Verbindung setzen, um Datum und Uhrzeit festzulegen.<\/li>\n\n\n\n<li>So lernen Sie VisualARQ am schnellsten und einfachsten kennen.<\/li>\n\n\n\n<li>Informieren Sie sich, teilen Sie Ihre Ideen und bringen Sie Ihre Fragen \u00fcber VisualARQ pers\u00f6nlich vor.<\/li>\n\n\n\n<li>Unsere Hauptgesch\u00e4ftsstelle ist in Barcelona, Spanien. Die Pr\u00e4sentationen werden per Zoom abgehalten. Sobald wir einen f\u00fcr beide Seiten geeigneten Zeitpunkt gefunden haben, senden wir Ihnen den Link um am Meeting teilnehmen zu k\u00f6nnen. Sie ben\u00f6tigen nur eine Internetverbindung und ein Festnetztelefon.<\/li>\n<\/ul>\n\n<hr class=\"wp-block-separator has-alpha-channel-opacity\"\/>\n\n<h2 class=\"wp-block-heading\">Kurse auf Anfrage<\/h2>\n\n<p>Es gibt ein weltweites Netzwerk von VisualARQ-Trainern. Hier finden Sie die <strong>VisualARQ-Ausbildungszentren<\/strong>:<\/p>\n\n<ul id=\"block-f9a379cb-3bdb-4861-9ea7-e4b5f4e07eb7\" class=\"wp-block-list\">\n<li><a href=\"#europe\">Europa<\/a><\/li>\n\n\n\n<li><a href=\"#asia\">Asien<\/a><\/li>\n\n\n\n<li><a href=\"#america\">Amerika<\/a><\/li>\n<\/ul>\n\n<p><\/p>\n\n<h3 class=\"wp-block-heading\" id=\"europe\"><strong>Europe<\/strong><\/h3>\n\n<p><\/p>\n\n<div class=\"wp-block-columns is-layout-flex wp-container-core-columns-is-layout-9d6595d7 wp-block-columns-is-layout-flex\">\n<div class=\"wp-block-column is-layout-flow wp-block-column-is-layout-flow\">\n<div class=\"wp-block-group is-layout-constrained wp-block-group-is-layout-constrained\">\n<p id=\"block-ea1dec90-76f7-4f7b-8f8d-444f9ce5b021\"><strong><a href=\"https:\/\/rhinoforyou.com\/\">Rhinoforyou<\/a><\/strong><\/p>\n\n\n\n<ul id=\"block-6c7ba4d6-b736-4f79-86ba-9f8af77f305d\" class=\"wp-block-list\">\n<li>Kurssprache: <strong>Franz\u00f6sisch<\/strong>, <strong>Englisch<\/strong><\/li>\n\n\n\n<li><a href=\"mailto:j.hababou@rhinoforyou.com\">E-Mail <\/a>&#8211; Tel.: <a href=\"tel:01 83 81 22 60\"><em>01 83 81 22 60<\/em><\/a><\/li>\n\n\n\n<li>Paris (Frankreich)<\/li>\n<\/ul>\n<\/div>\n<\/div>\n\n\n\n<div class=\"wp-block-column is-layout-flow wp-block-column-is-layout-flow\">\n<div class=\"wp-block-group is-layout-constrained wp-block-group-is-layout-constrained\">\n<p id=\"block-28d4804d-bfa6-496a-adb4-0ea8ffc80193\"><strong><a href=\"https:\/\/www.cadlantique.com\/\">Cadlantique<\/a><\/strong><\/p>\n\n\n\n<ul id=\"block-9149f7f6-737a-4e48-b98b-fd51d662e27c\" class=\"wp-block-list\">\n<li>Kurssprache: <strong>Franz\u00f6sisch<\/strong>, <strong>Englisch<\/strong><\/li>\n\n\n\n<li><a href=\"mailto:cadlantique@aol.com\">E-Mail <\/a>&#8211; Tel.: <a href=\"tel:0033 297 57 37 38\"><\/a><em><a href=\"tel:0033 297 57 37 38\"><em>0033 297 57 37 38<\/em><\/a><\/em><\/li>\n\n\n\n<li>Paris (Frankreich)<\/li>\n<\/ul>\n<\/div>\n<\/div>\n\n\n\n<div class=\"wp-block-column is-layout-flow wp-block-column-is-layout-flow\">\n<div class=\"wp-block-group is-layout-constrained wp-block-group-is-layout-constrained\">\n<p id=\"block-b74fd38c-1bb3-4a3d-8ebf-e26aeec3938e\"><strong><a href=\"https:\/\/oplan.fr\/\">Oplan<\/a><\/strong><\/p>\n\n\n\n<ul id=\"block-cdbf2916-9cbf-4400-9a5d-06d0c4c7feb7\" class=\"wp-block-list\">\n<li>Kurssprache: <strong>Franz\u00f6sisch<\/strong>, <strong>Italienisch<\/strong>, <strong>Englisch<\/strong><\/li>\n\n\n\n<li><a href=\"mailto:info@oplan.fr\">E-Mail <\/a>&#8211; Tel.: <a href=\"tel:0033 297 57 37 38\"><\/a><em><a href=\"tel:0033 297 57 37 38\"><em>0033 297 57 37 38<\/em><\/a><\/em><\/li>\n\n\n\n<li>Marseille (Frankreich)<\/li>\n<\/ul>\n<\/div>\n<\/div>\n<\/div>\n\n<div class=\"wp-block-columns is-layout-flex wp-container-core-columns-is-layout-9d6595d7 wp-block-columns-is-layout-flex\">\n<div class=\"wp-block-column is-layout-flow wp-block-column-is-layout-flow\">\n<div class=\"wp-block-group is-layout-constrained wp-block-group-is-layout-constrained\">\n<p id=\"block-be04eca6-3ef8-4d98-bbbb-3dc9e1e7ba53\"><a href=\"https:\/\/simplyrhino.co.uk\/\"><strong>SOFITA<\/strong><\/a><\/p>\n\n\n\n<ul id=\"block-36e957f6-20b2-4f5f-a6ec-ed15d0050b6f\" class=\"wp-block-list\">\n<li>Kurssprache: <strong>Griechisch<\/strong><\/li>\n\n\n\n<li><a href=\"mailto:sales@sofita.store\">email <\/a>&#8211; Tel: <a href=\"tel:01 83 81 22 60\"><\/a><a href=\"http:\/\/(+30) 2651608245\"><\/a><a href=\"tel:(+30) 2651608245\">(+30) 2651608245<\/a>\u00a0<\/li>\n\n\n\n<li>Ioannina (Greece)<\/li>\n<\/ul>\n<\/div>\n<\/div>\n\n\n\n<div class=\"wp-block-column is-layout-flow wp-block-column-is-layout-flow\">\n<div class=\"wp-block-group is-layout-constrained wp-block-group-is-layout-constrained\">\n<p id=\"block-a5a9e30d-0a93-4276-aa86-162aff2b9a99\"><a href=\"https:\/\/surface3d.com.tw\/\"><strong>CAD <\/strong><\/a><strong><a href=\"https:\/\/cadacademy.gr\/\">Academy<\/a><\/strong><\/p>\n\n\n\n<ul id=\"block-00f1ce88-ca15-40bb-bcb9-08d23c1ce555\" class=\"wp-block-list\">\n<li>Kurssprache: <strong>Griechisch<\/strong><\/li>\n\n\n\n<li><a href=\"mailto:info@cadacademy.gr\">email <\/a>&#8211; Tel: <a href=\"tel: +30 2121010625\"><\/a><a href=\"tel:(+30) 2121010625\">(+30) 2121010625<\/a><\/li>\n\n\n\n<li>Athen (Griechenland)<\/li>\n<\/ul>\n<\/div>\n<\/div>\n\n\n\n<div class=\"wp-block-column is-layout-flow wp-block-column-is-layout-flow\">\n<div class=\"wp-block-group is-layout-constrained wp-block-group-is-layout-constrained\">\n<p id=\"block-dc135da8-8c18-4039-9414-39738734daa1\"><strong><a href=\"https:\/\/www.ergocad.eu\/\">ErgoCAD<\/a><\/strong><\/p>\n\n\n\n<ul id=\"block-6fc22a0d-fce9-40a7-b9bc-3f78accc3986\" class=\"wp-block-list\">\n<li>Kurssprache: <strong>Griechisch<\/strong><\/li>\n\n\n\n<li><a href=\"mailto:sales@ergocad.eu\">email <\/a>&#8211; Tel: <a href=\"tel: +302114112620\"><\/a><em><a href=\"tel:(+30) 2121010625\"><\/a><\/em><a href=\"tel:+302114112620\">(+30) 2114112620<\/a><em>\u00a0<\/em><\/li>\n\n\n\n<li>Athen (Griechenland)<\/li>\n<\/ul>\n<\/div>\n<\/div>\n<\/div>\n\n<div class=\"wp-block-columns is-layout-flex wp-container-core-columns-is-layout-9d6595d7 wp-block-columns-is-layout-flex\">\n<div class=\"wp-block-column is-layout-flow wp-block-column-is-layout-flow\">\n<div class=\"wp-block-group is-layout-constrained wp-block-group-is-layout-constrained\">\n<p id=\"block-bdabde3a-7305-46d9-b81c-540dcaba2fb7\"><strong><a href=\"https:\/\/www.materforma.it\/\">Materforma<\/a><\/strong><\/p>\n\n\n\n<ul id=\"block-35d03021-425b-4584-8644-b940a754d24c\" class=\"wp-block-list\">\n<li>Kurssprache: <strong>Italienisch<\/strong><\/li>\n\n\n\n<li><a href=\"mailto:mater@materforma.it\">E-Mail <\/a>&#8211; Tel.: <a href=\"tel:0039.0744.243163\"><em>0039.0744.243163<\/em><\/a><\/li>\n\n\n\n<li>Terni (Italien)<\/li>\n<\/ul>\n<\/div>\n<\/div>\n\n\n\n<div class=\"wp-block-column is-layout-flow wp-block-column-is-layout-flow\">\n<div class=\"wp-block-group is-layout-constrained wp-block-group-is-layout-constrained\">\n<p id=\"block-9a71a05c-d97d-4ccc-9275-54e0163a9735\"><strong><a href=\"https:\/\/www.aureaservice.it\/index.html\">Aurea Service<\/a><\/strong><\/p>\n\n\n\n<ul id=\"block-4a175ed3-637c-4788-aef0-f7330a4b4ebd\" class=\"wp-block-list\">\n<li>Kurssprache: <strong>Italienisch<\/strong><\/li>\n\n\n\n<li><a href=\"mailto:info@aureaservice.it\">E-Mail<\/a><\/li>\n\n\n\n<li><a>Albizzate<\/a> (Italien)<\/li>\n<\/ul>\n<\/div>\n<\/div>\n\n\n\n<div class=\"wp-block-column is-layout-flow wp-block-column-is-layout-flow\">\n<div class=\"wp-block-group is-layout-constrained wp-block-group-is-layout-constrained\">\n<p id=\"block-f238601e-29fd-4051-9f75-ec6be3f26166\"><strong><a href=\"http:\/\/www.marcoamadio.it\/\">Amadio &amp; Partners<\/a><\/strong><\/p>\n\n\n\n<ul id=\"block-246c8a1d-7c08-493c-8a97-8a2b609a9c2a\" class=\"wp-block-list\">\n<li>Kurssprache: <strong>Italienisch, Englisch<\/strong><\/li>\n\n\n\n<li><a href=\"mailto:m.amadio@hotmail.it\">E-Mail<\/a><\/li>\n\n\n\n<li>Rom (Italien)<\/li>\n<\/ul>\n<\/div>\n<\/div>\n<\/div>\n\n<div class=\"wp-block-columns is-layout-flex wp-container-core-columns-is-layout-9d6595d7 wp-block-columns-is-layout-flex\">\n<div class=\"wp-block-column is-layout-flow wp-block-column-is-layout-flow\">\n<div class=\"wp-block-group is-layout-constrained wp-block-group-is-layout-constrained\">\n<p id=\"block-be04eca6-3ef8-4d98-bbbb-3dc9e1e7ba53\"><a href=\"https:\/\/simplyrhino.co.uk\/\"><strong>Simply Rhino<\/strong><\/a><\/p>\n\n\n\n<ul id=\"block-36e957f6-20b2-4f5f-a6ec-ed15d0050b6f\" class=\"wp-block-list\">\n<li>Kurssprache: <strong>Englisch<\/strong><\/li>\n\n\n\n<li><a href=\"mailto:paul@simplyrhino.co.uk\">E-Mail <\/a>&#8211; Tel.: <a href=\"tel:01 83 81 22 60\"><\/a><em><a href=\"tel:0208 498 9900\"><em>0208 498 9900<\/em><\/a>\u00a0<\/em><\/li>\n\n\n\n<li>London (UK)<\/li>\n<\/ul>\n<\/div>\n<\/div>\n\n\n\n<div class=\"wp-block-column is-layout-flow wp-block-column-is-layout-flow\">\n<div class=\"wp-block-group is-layout-constrained wp-block-group-is-layout-constrained\">\n<p id=\"block-8a8c491d-2fb1-4818-a939-61c71cd7eb6c\"><strong><a href=\"https:\/\/pazacademy.ch\/\">PAZ Academy<\/a><\/strong><\/p>\n\n\n\n<ul id=\"block-eb2bb30b-ed56-4e1b-b63c-06b19e832e83\" class=\"wp-block-list\">\n<li>Kurssprache: <strong>Deutschn, Spanisch, Englisch<\/strong><\/li>\n\n\n\n<li><a href=\"mailto:andres@pazacademy.ch\">E-Mail <\/a>&#8211; Tel.: <a href=\"tel: +41442436216\"><\/a><em><a href=\"tel:(+30) 2121010625\"><\/a><a href=\"tel:+41442436216\"><em>41442436216<\/em><\/a><\/em><\/li>\n\n\n\n<li>Z\u00fcrich (Schweiz)<\/li>\n<\/ul>\n<\/div>\n<\/div>\n\n\n\n<div class=\"wp-block-column is-layout-flow wp-block-column-is-layout-flow\">\n<div class=\"wp-block-group is-layout-constrained wp-block-group-is-layout-constrained\">\n<p id=\"block-e34bcd93-9ad5-4523-9ab7-e9abf497ea57\"><strong><a href=\"https:\/\/rhinocenter.net\/\">Rhino Center<\/a><\/strong><\/p>\n\n\n\n<ul id=\"block-d7ccc40e-37e3-461c-8fce-1ab68b17d9fa\" class=\"wp-block-list\">\n<li>Kurssprache: <strong>T\u00fcrkisch, Englisch<\/strong><\/li>\n\n\n\n<li><a href=\"mailto:andres@pazacademy.ch\">E-Mail <\/a>&#8211; Tel.: <a href=\"tel: +902166063106\"><\/a><em><a href=\"tel:(+30) 2121010625\"><\/a><a href=\"tel:+41442436216\"><\/a><a href=\"tel:+902166063106\"><em>+902166063106<\/em><\/a><\/em><\/li>\n\n\n\n<li>Istanbul (T\u00fcrkei)<\/li>\n<\/ul>\n<\/div>\n<\/div>\n<\/div>\n\n<div class=\"wp-block-columns is-layout-flex wp-container-core-columns-is-layout-9d6595d7 wp-block-columns-is-layout-flex\">\n<div class=\"wp-block-column is-layout-flow wp-block-column-is-layout-flow\">\n<div class=\"wp-block-group is-layout-constrained wp-block-group-is-layout-constrained\">\n<p id=\"block-be04eca6-3ef8-4d98-bbbb-3dc9e1e7ba53\"><a href=\"https:\/\/simplyrhino.co.uk\/\"><strong>BIM Solutions<\/strong><\/a><\/p>\n\n\n\n<ul id=\"block-36e957f6-20b2-4f5f-a6ec-ed15d0050b6f\" class=\"wp-block-list\">\n<li>Language: <strong>Latvian<\/strong>, <strong>English<\/strong><\/li>\n\n\n\n<li><a href=\"mailto:paul@simplyrhino.co.uk\">email <\/a>&#8211; Tel: <a href=\"tel:01 83 81 22 60\"><\/a><a href=\"tel:26069181\">26069181 <\/a><em>\u00a0<\/em><\/li>\n\n\n\n<li>Riga (Latvia)<\/li>\n<\/ul>\n<\/div>\n<\/div>\n\n\n\n<div class=\"wp-block-column is-layout-flow wp-block-column-is-layout-flow\"><\/div>\n\n\n\n<div class=\"wp-block-column is-layout-flow wp-block-column-is-layout-flow\"><\/div>\n<\/div>\n\n<p><\/p>\n\n<h3 class=\"wp-block-heading\" id=\"asia\"><strong>Asia<\/strong><\/h3>\n\n<p><\/p>\n\n<div class=\"wp-block-columns is-layout-flex wp-container-core-columns-is-layout-9d6595d7 wp-block-columns-is-layout-flex\">\n<div class=\"wp-block-column is-layout-flow wp-block-column-is-layout-flow\">\n<div class=\"wp-block-group is-layout-constrained wp-block-group-is-layout-constrained\">\n<p id=\"block-fcde4e33-6446-45d2-9eaa-42fb5f0d06ad\"><a href=\"https:\/\/www.rhino3d.com.cn\/\"><strong>Applicraft<\/strong><\/a><\/p>\n\n\n\n<ul id=\"block-1eee869f-5a2f-4246-b9df-707d2d3ab747\" class=\"wp-block-list\">\n<li>Kurssprache: <strong>Japanisch<\/strong><\/li>\n\n\n\n<li><a href=\"mailto:info@applicraft.com\">E-Mail <\/a>&#8211; Tel.: <a href=\"tel:81-3-6825-8431\"><em>81-3-6825-8431<\/em><\/a><\/li>\n\n\n\n<li>Shibuya, Tokio (Japan)<\/li>\n<\/ul>\n<\/div>\n<\/div>\n\n\n\n<div class=\"wp-block-column is-layout-flow wp-block-column-is-layout-flow\">\n<div class=\"wp-block-group is-layout-constrained wp-block-group-is-layout-constrained\">\n<p id=\"block-54ad5ce2-d41e-4644-94d6-bfdee4f4ae23\"><a href=\"https:\/\/www.rhino3d.com.cn\/\"><strong>Shaper 3D<\/strong><\/a><\/p>\n\n\n\n<ul id=\"block-1603a461-ed43-4d9b-ac2e-80630b175f8e\" class=\"wp-block-list\">\n<li>Kurssprache: <strong>Chinesisch<\/strong><\/li>\n\n\n\n<li><a href=\"mailto:sale@shaper3d.com\">E-Mail <\/a>&#8211; Tel.: <a href=\"tel:01 83 81 22 60\"><\/a><em><a href=\"tel:+86-755-29642189\"><em>+86-755-29642189<\/em><\/a><\/em><\/li>\n\n\n\n<li>Shenzhen (China)<\/li>\n<\/ul>\n<\/div>\n<\/div>\n\n\n\n<div class=\"wp-block-column is-layout-flow wp-block-column-is-layout-flow\">\n<div class=\"wp-block-group is-layout-constrained wp-block-group-is-layout-constrained\">\n<p id=\"block-91fb8802-67fb-4622-96c7-a40f28b4bde2\"><a href=\"https:\/\/surface3d.com.tw\/\"><strong>Surface 3D<\/strong><\/a><\/p>\n\n\n\n<ul id=\"block-c395c771-4d6b-48c2-9683-f35cfe75c284\" class=\"wp-block-list\">\n<li>Kurssprache: <strong>Chinesisch<\/strong><\/li>\n\n\n\n<li><a href=\"mailto:yoko@surface3d.com.tw\">E-Mail <\/a>&#8211; Tel.: <a href=\"tel:+886-6-2381003\"><em>+886-6-2381003<\/em><\/a><\/li>\n\n\n\n<li>Tainan (Taiwan)<\/li>\n<\/ul>\n<\/div>\n<\/div>\n<\/div>\n\n<div class=\"wp-block-columns is-layout-flex wp-container-core-columns-is-layout-9d6595d7 wp-block-columns-is-layout-flex\">\n<div class=\"wp-block-column is-layout-flow wp-block-column-is-layout-flow\">\n<div class=\"wp-block-group is-layout-constrained wp-block-group-is-layout-constrained\">\n<p id=\"block-fcde4e33-6446-45d2-9eaa-42fb5f0d06ad\"><a href=\"https:\/\/www.rhino3d.com.cn\/\"><strong>Forida Limited<\/strong><\/a><\/p>\n\n\n\n<ul id=\"block-1eee869f-5a2f-4246-b9df-707d2d3ab747\" class=\"wp-block-list\">\n<li>Kurssprache: <strong>Chinesisch<\/strong><\/li>\n\n\n\n<li><a href=\"mailto:sales.support@forida.com.hk\">email <\/a>&#8211; Tel: <a href=\"tel:852-31031409\"><em><a href=\"tel:852-31031409\"><em><a href=\"tel:852-31031409\"><em>852-31031409<\/em><\/a><\/em><\/a><\/em><\/a><\/li>\n\n\n\n<li>Hong Kong<\/li>\n<\/ul>\n<\/div>\n<\/div>\n\n\n\n<div class=\"wp-block-column is-layout-flow wp-block-column-is-layout-flow\"><\/div>\n\n\n\n<div class=\"wp-block-column is-layout-flow wp-block-column-is-layout-flow\"><\/div>\n<\/div>\n\n<p><\/p>\n\n<h3 class=\"wp-block-heading\" id=\"america\"><strong>America<\/strong><\/h3>\n\n<p><\/p>\n\n<div class=\"wp-block-columns is-layout-flex wp-container-core-columns-is-layout-9d6595d7 wp-block-columns-is-layout-flex\">\n<div class=\"wp-block-column is-layout-flow wp-block-column-is-layout-flow\">\n<div class=\"wp-block-group is-layout-constrained wp-block-group-is-layout-constrained\">\n<p id=\"block-403e64fb-d3eb-4ff0-b838-dc5cb57da133\"><strong><a href=\"https:\/\/pazacademy.ch\/\">McNeel <\/a><a href=\"https:\/\/www.mcneelmiami.com\/\">Miami<\/a><\/strong><\/p>\n\n\n\n<ul id=\"block-fffa75c4-ed2b-46e2-ae4b-de4df8ceef23\" class=\"wp-block-list\">\n<li>Kurssprache: <strong>Englisch, Spanisch<\/strong><\/li>\n\n\n\n<li><a href=\"mailto:andres@pazacademy.ch\">E-Mail <\/a>&#8211; Tel.: <a href=\"tel: (305) 513-4445\"><\/a><em><a href=\"tel:(+30) 2121010625\"><\/a><a href=\"tel:+41442436216\"><\/a><a href=\"tel:(305) 513-4445\"><em>(305) 513-4445<\/em><\/a><\/em><\/li>\n\n\n\n<li>Miami (USA)<\/li>\n<\/ul>\n<\/div>\n<\/div>\n\n\n\n<div class=\"wp-block-column is-layout-flow wp-block-column-is-layout-flow\"><\/div>\n\n\n\n<div class=\"wp-block-column is-layout-flow wp-block-column-is-layout-flow\"><\/div>\n<\/div>\n","protected":false},"excerpt":{"rendered":"<p>Live-Kurse Wir bieten benutzerdefinierte Kurse an, um Ihnen das Erlernen von Rhino und VisualARQ zu erleichtern. Kontaktieren Sie uns f\u00fcr weitere Details, um eine individuelle Schulung zu vereinbaren. Online-Demo Fordern Sie eine kostenlose Online-Demo an Kurse auf Anfrage Es gibt ein weltweites Netzwerk von VisualARQ-Trainern. Hier finden Sie die VisualARQ-Ausbildungszentren: Europe Rhinoforyou Cadlantique Oplan SOFITA [&hellip;]<\/p>\n","protected":false},"author":6,"featured_media":0,"parent":11368,"menu_order":0,"comment_status":"closed","ping_status":"closed","template":"","meta":{"_et_pb_use_builder":"off","_et_pb_old_content":"","_et_gb_content_width":"","footnotes":""},"class_list":["post-23789","page","type-page","status-publish","hentry"],"yoast_head":"<!-- This site is optimized with the Yoast SEO plugin v27.3 - https:\/\/yoast.com\/product\/yoast-seo-wordpress\/ -->\n<title>Kurse - VisualARQ<\/title>\n<meta name=\"robots\" content=\"noindex, follow, max-snippet:-1, max-image-preview:large, max-video-preview:-1\" \/>\n<meta property=\"og:locale\" content=\"de_DE\" \/>\n<meta property=\"og:type\" content=\"article\" \/>\n<meta property=\"og:title\" content=\"Kurse - VisualARQ\" \/>\n<meta property=\"og:description\" content=\"Live-Kurse Wir bieten benutzerdefinierte Kurse an, um Ihnen das Erlernen von Rhino und VisualARQ zu erleichtern. Kontaktieren Sie uns f\u00fcr weitere Details, um eine individuelle Schulung zu vereinbaren. Online-Demo Fordern Sie eine kostenlose Online-Demo an Kurse auf Anfrage Es gibt ein weltweites Netzwerk von VisualARQ-Trainern. Hier finden Sie die VisualARQ-Ausbildungszentren: Europe Rhinoforyou Cadlantique Oplan SOFITA [&hellip;]\" \/>\n<meta property=\"og:url\" content=\"https:\/\/stg.visualarq.com\/de\/learn\/courses\/\" \/>\n<meta property=\"og:site_name\" content=\"VisualARQ\" \/>\n<meta property=\"article:publisher\" content=\"https:\/\/www.facebook.com\/visualarq\" \/>\n<meta property=\"article:modified_time\" content=\"2026-02-09T10:12:51+00:00\" \/>\n<meta name=\"twitter:card\" content=\"summary_large_image\" \/>\n<meta name=\"twitter:site\" content=\"@VisualARQ\" \/>\n<meta name=\"twitter:label1\" content=\"Gesch\u00e4tzte Lesezeit\" \/>\n\t<meta name=\"twitter:data1\" content=\"2\u00a0Minuten\" \/>\n<script type=\"application\/ld+json\" class=\"yoast-schema-graph\">{\"@context\":\"https:\\\/\\\/schema.org\",\"@graph\":[{\"@type\":\"WebPage\",\"@id\":\"https:\\\/\\\/stg.visualarq.com\\\/de\\\/learn\\\/courses\\\/\",\"url\":\"https:\\\/\\\/stg.visualarq.com\\\/de\\\/learn\\\/courses\\\/\",\"name\":\"Kurse - VisualARQ\",\"isPartOf\":{\"@id\":\"https:\\\/\\\/stg.visualarq.com\\\/de\\\/#website\"},\"datePublished\":\"2021-09-22T10:06:57+00:00\",\"dateModified\":\"2026-02-09T10:12:51+00:00\",\"breadcrumb\":{\"@id\":\"https:\\\/\\\/stg.visualarq.com\\\/de\\\/learn\\\/courses\\\/#breadcrumb\"},\"inLanguage\":\"de\",\"potentialAction\":[{\"@type\":\"ReadAction\",\"target\":[\"https:\\\/\\\/stg.visualarq.com\\\/de\\\/learn\\\/courses\\\/\"]}]},{\"@type\":\"BreadcrumbList\",\"@id\":\"https:\\\/\\\/stg.visualarq.com\\\/de\\\/learn\\\/courses\\\/#breadcrumb\",\"itemListElement\":[{\"@type\":\"ListItem\",\"position\":1,\"name\":\"Home\",\"item\":\"https:\\\/\\\/stg.visualarq.com\\\/de\\\/home\\\/\"},{\"@type\":\"ListItem\",\"position\":2,\"name\":\"Schulung\",\"item\":\"https:\\\/\\\/stg.visualarq.com\\\/de\\\/learn\\\/\"},{\"@type\":\"ListItem\",\"position\":3,\"name\":\"Kurse\"}]},{\"@type\":\"WebSite\",\"@id\":\"https:\\\/\\\/stg.visualarq.com\\\/de\\\/#website\",\"url\":\"https:\\\/\\\/stg.visualarq.com\\\/de\\\/\",\"name\":\"VisualARQ\",\"description\":\"Flexible BIM for Rhino\",\"potentialAction\":[{\"@type\":\"SearchAction\",\"target\":{\"@type\":\"EntryPoint\",\"urlTemplate\":\"https:\\\/\\\/stg.visualarq.com\\\/de\\\/?s={search_term_string}\"},\"query-input\":{\"@type\":\"PropertyValueSpecification\",\"valueRequired\":true,\"valueName\":\"search_term_string\"}}],\"inLanguage\":\"de\"}]}<\/script>\n<!-- \/ Yoast SEO plugin. -->","yoast_head_json":{"title":"Kurse - VisualARQ","robots":{"index":"noindex","follow":"follow","max-snippet":"max-snippet:-1","max-image-preview":"max-image-preview:large","max-video-preview":"max-video-preview:-1"},"og_locale":"de_DE","og_type":"article","og_title":"Kurse - VisualARQ","og_description":"Live-Kurse Wir bieten benutzerdefinierte Kurse an, um Ihnen das Erlernen von Rhino und VisualARQ zu erleichtern. Kontaktieren Sie uns f\u00fcr weitere Details, um eine individuelle Schulung zu vereinbaren. Online-Demo Fordern Sie eine kostenlose Online-Demo an Kurse auf Anfrage Es gibt ein weltweites Netzwerk von VisualARQ-Trainern. Hier finden Sie die VisualARQ-Ausbildungszentren: Europe Rhinoforyou Cadlantique Oplan SOFITA [&hellip;]","og_url":"https:\/\/stg.visualarq.com\/de\/learn\/courses\/","og_site_name":"VisualARQ","article_publisher":"https:\/\/www.facebook.com\/visualarq","article_modified_time":"2026-02-09T10:12:51+00:00","twitter_card":"summary_large_image","twitter_site":"@VisualARQ","twitter_misc":{"Gesch\u00e4tzte Lesezeit":"2\u00a0Minuten"},"schema":{"@context":"https:\/\/schema.org","@graph":[{"@type":"WebPage","@id":"https:\/\/stg.visualarq.com\/de\/learn\/courses\/","url":"https:\/\/stg.visualarq.com\/de\/learn\/courses\/","name":"Kurse - VisualARQ","isPartOf":{"@id":"https:\/\/stg.visualarq.com\/de\/#website"},"datePublished":"2021-09-22T10:06:57+00:00","dateModified":"2026-02-09T10:12:51+00:00","breadcrumb":{"@id":"https:\/\/stg.visualarq.com\/de\/learn\/courses\/#breadcrumb"},"inLanguage":"de","potentialAction":[{"@type":"ReadAction","target":["https:\/\/stg.visualarq.com\/de\/learn\/courses\/"]}]},{"@type":"BreadcrumbList","@id":"https:\/\/stg.visualarq.com\/de\/learn\/courses\/#breadcrumb","itemListElement":[{"@type":"ListItem","position":1,"name":"Home","item":"https:\/\/stg.visualarq.com\/de\/home\/"},{"@type":"ListItem","position":2,"name":"Schulung","item":"https:\/\/stg.visualarq.com\/de\/learn\/"},{"@type":"ListItem","position":3,"name":"Kurse"}]},{"@type":"WebSite","@id":"https:\/\/stg.visualarq.com\/de\/#website","url":"https:\/\/stg.visualarq.com\/de\/","name":"VisualARQ","description":"Flexible BIM for Rhino","potentialAction":[{"@type":"SearchAction","target":{"@type":"EntryPoint","urlTemplate":"https:\/\/stg.visualarq.com\/de\/?s={search_term_string}"},"query-input":{"@type":"PropertyValueSpecification","valueRequired":true,"valueName":"search_term_string"}}],"inLanguage":"de"}]}},"_links":{"self":[{"href":"https:\/\/stg.visualarq.com\/de\/wp-json\/wp\/v2\/pages\/23789","targetHints":{"allow":["GET"]}}],"collection":[{"href":"https:\/\/stg.visualarq.com\/de\/wp-json\/wp\/v2\/pages"}],"about":[{"href":"https:\/\/stg.visualarq.com\/de\/wp-json\/wp\/v2\/types\/page"}],"author":[{"embeddable":true,"href":"https:\/\/stg.visualarq.com\/de\/wp-json\/wp\/v2\/users\/6"}],"replies":[{"embeddable":true,"href":"https:\/\/stg.visualarq.com\/de\/wp-json\/wp\/v2\/comments?post=23789"}],"version-history":[{"count":2,"href":"https:\/\/stg.visualarq.com\/de\/wp-json\/wp\/v2\/pages\/23789\/revisions"}],"predecessor-version":[{"id":43174,"href":"https:\/\/stg.visualarq.com\/de\/wp-json\/wp\/v2\/pages\/23789\/revisions\/43174"}],"up":[{"embeddable":true,"href":"https:\/\/stg.visualarq.com\/de\/wp-json\/wp\/v2\/pages\/11368"}],"wp:attachment":[{"href":"https:\/\/stg.visualarq.com\/de\/wp-json\/wp\/v2\/media?parent=23789"}],"curies":[{"name":"wp","href":"https:\/\/api.w.org\/{rel}","templated":true}]}}