{"id":26020,"date":"2022-03-23T13:02:29","date_gmt":"2022-03-23T13:02:29","guid":{"rendered":"https:\/\/stg.visualarq.com\/?page_id=26020"},"modified":"2025-01-15T12:22:26","modified_gmt":"2025-01-15T12:22:26","slug":"savanna-3d-r7","status":"publish","type":"page","link":"https:\/\/stg.visualarq.com\/de\/download\/savanna-3d-r7\/","title":{"rendered":"Savanna 3D R7"},"content":{"rendered":"\n<h1 class=\"wp-block-heading\">Vielen Dank f\u00fcr den Kauf von Savanna 3D R7<\/h1>\n\n<p>Mit Ihrem <strong>Coupon-Code<\/strong> k\u00f6nnen Sie den Inhalt der Savanna-Bibliothek von der Plattform McNeel Miami herunterladen, einschlie\u00dflich der innerhalb eines Jahres hinzugegekommenen Tipps &amp; Tricks, neuen Aktualisierungen und Verbesserungen.<\/p>\n\n<p>Ebenso erhalten Sie Zugang zum Download der Savanna-3D-R6-Bibliothek (f\u00fcr Rhino 6).<\/p>\n\n<p>\u00dcber diesen Zeitraum hinaus k\u00f6nnen Sie die Inhalte der heruntergeladenen Bibliothek auch weiter benutzen, haben jedoch keinen Zugang zur Plattform mehr.<\/p>\n\n<p><\/p>\n\n<ul class=\"wp-block-list\">\n<li>Um zur Plattform McNeel Miami Zugang zu erhalten, klicken Sie auf <a href=\"https:\/\/www.rhino3d.education\/p\/savanna3d-r7\" target=\"_blank\" rel=\"noopener\"><strong>diesen Link<\/strong><\/a>.<\/li>\n\n\n\n<li>Klicken Sie auf die Schaltfl\u00e4chenverkn\u00fcpfung &#8222;Subscribe to the SAVANNA3D Library&#8220;<\/li>\n\n\n\n<li>Auf der n\u00e4chsten Seite klicken Sie auf den \u201cAdd Coupon Code\u201d, geben Sie den Coupon-Code ein und klicken Sie auf die Schaltfl\u00e4che Apply.<\/li>\n\n\n\n<li>F\u00fcgen Sie Ihre Kontaktinformationen hinzu und loggen Sie sich ein.<\/li>\n<\/ul>\n\n<p><\/p>\n\n<h2 class=\"wp-block-heading\">Voraussetzungen<\/h2>\n\n<ul class=\"wp-block-list\">\n<li>Windows 8.1 oder neuer<\/li>\n\n\n\n<li>Rhinoceros 7<\/li>\n<\/ul>\n","protected":false},"excerpt":{"rendered":"<p>Vielen Dank f\u00fcr den Kauf von Savanna 3D R7 Mit Ihrem Coupon-Code k\u00f6nnen Sie den Inhalt der Savanna-Bibliothek von der Plattform McNeel Miami herunterladen, einschlie\u00dflich der innerhalb eines Jahres hinzugegekommenen Tipps &amp; Tricks, neuen Aktualisierungen und Verbesserungen. Ebenso erhalten Sie Zugang zum Download der Savanna-3D-R6-Bibliothek (f\u00fcr Rhino 6). \u00dcber diesen Zeitraum hinaus k\u00f6nnen Sie die [&hellip;]<\/p>\n","protected":false},"author":6,"featured_media":0,"parent":11366,"menu_order":0,"comment_status":"closed","ping_status":"closed","template":"page-download.php","meta":{"_et_pb_use_builder":"","_et_pb_old_content":"","_et_gb_content_width":"","footnotes":""},"class_list":["post-26020","page","type-page","status-publish","hentry"],"yoast_head":"<!-- This site is optimized with the Yoast SEO plugin v27.3 - https:\/\/yoast.com\/product\/yoast-seo-wordpress\/ -->\n<title>Savanna 3D R7 - VisualARQ<\/title>\n<meta name=\"robots\" content=\"noindex, follow, max-snippet:-1, max-image-preview:large, max-video-preview:-1\" \/>\n<meta property=\"og:locale\" content=\"de_DE\" \/>\n<meta property=\"og:type\" content=\"article\" \/>\n<meta property=\"og:title\" content=\"Savanna 3D R7 - VisualARQ\" \/>\n<meta property=\"og:description\" content=\"Vielen Dank f\u00fcr den Kauf von Savanna 3D R7 Mit Ihrem Coupon-Code k\u00f6nnen Sie den Inhalt der Savanna-Bibliothek von der Plattform McNeel Miami herunterladen, einschlie\u00dflich der innerhalb eines Jahres hinzugegekommenen Tipps &amp; Tricks, neuen Aktualisierungen und Verbesserungen. Ebenso erhalten Sie Zugang zum Download der Savanna-3D-R6-Bibliothek (f\u00fcr Rhino 6). \u00dcber diesen Zeitraum hinaus k\u00f6nnen Sie die [&hellip;]\" \/>\n<meta property=\"og:url\" content=\"https:\/\/stg.visualarq.com\/de\/download\/savanna-3d-r7\/\" \/>\n<meta property=\"og:site_name\" content=\"VisualARQ\" \/>\n<meta property=\"article:publisher\" content=\"https:\/\/www.facebook.com\/visualarq\" \/>\n<meta property=\"article:modified_time\" content=\"2025-01-15T12:22:26+00:00\" \/>\n<meta name=\"twitter:card\" content=\"summary_large_image\" \/>\n<meta name=\"twitter:site\" content=\"@VisualARQ\" \/>\n<meta name=\"twitter:label1\" content=\"Gesch\u00e4tzte Lesezeit\" \/>\n\t<meta name=\"twitter:data1\" content=\"1\u00a0Minute\" \/>\n<script type=\"application\/ld+json\" class=\"yoast-schema-graph\">{\"@context\":\"https:\\\/\\\/schema.org\",\"@graph\":[{\"@type\":\"WebPage\",\"@id\":\"https:\\\/\\\/stg.visualarq.com\\\/de\\\/download\\\/savanna-3d-r7\\\/\",\"url\":\"https:\\\/\\\/stg.visualarq.com\\\/de\\\/download\\\/savanna-3d-r7\\\/\",\"name\":\"Savanna 3D R7 - VisualARQ\",\"isPartOf\":{\"@id\":\"https:\\\/\\\/stg.visualarq.com\\\/de\\\/#website\"},\"datePublished\":\"2022-03-23T13:02:29+00:00\",\"dateModified\":\"2025-01-15T12:22:26+00:00\",\"breadcrumb\":{\"@id\":\"https:\\\/\\\/stg.visualarq.com\\\/de\\\/download\\\/savanna-3d-r7\\\/#breadcrumb\"},\"inLanguage\":\"de\",\"potentialAction\":[{\"@type\":\"ReadAction\",\"target\":[\"https:\\\/\\\/stg.visualarq.com\\\/de\\\/download\\\/savanna-3d-r7\\\/\"]}]},{\"@type\":\"BreadcrumbList\",\"@id\":\"https:\\\/\\\/stg.visualarq.com\\\/de\\\/download\\\/savanna-3d-r7\\\/#breadcrumb\",\"itemListElement\":[{\"@type\":\"ListItem\",\"position\":1,\"name\":\"Home\",\"item\":\"https:\\\/\\\/stg.visualarq.com\\\/de\\\/home\\\/\"},{\"@type\":\"ListItem\",\"position\":2,\"name\":\"Download\",\"item\":\"https:\\\/\\\/stg.visualarq.com\\\/de\\\/download\\\/\"},{\"@type\":\"ListItem\",\"position\":3,\"name\":\"Savanna 3D R7\"}]},{\"@type\":\"WebSite\",\"@id\":\"https:\\\/\\\/stg.visualarq.com\\\/de\\\/#website\",\"url\":\"https:\\\/\\\/stg.visualarq.com\\\/de\\\/\",\"name\":\"VisualARQ\",\"description\":\"Flexible BIM for Rhino\",\"potentialAction\":[{\"@type\":\"SearchAction\",\"target\":{\"@type\":\"EntryPoint\",\"urlTemplate\":\"https:\\\/\\\/stg.visualarq.com\\\/de\\\/?s={search_term_string}\"},\"query-input\":{\"@type\":\"PropertyValueSpecification\",\"valueRequired\":true,\"valueName\":\"search_term_string\"}}],\"inLanguage\":\"de\"}]}<\/script>\n<!-- \/ Yoast SEO plugin. -->","yoast_head_json":{"title":"Savanna 3D R7 - VisualARQ","robots":{"index":"noindex","follow":"follow","max-snippet":"max-snippet:-1","max-image-preview":"max-image-preview:large","max-video-preview":"max-video-preview:-1"},"og_locale":"de_DE","og_type":"article","og_title":"Savanna 3D R7 - VisualARQ","og_description":"Vielen Dank f\u00fcr den Kauf von Savanna 3D R7 Mit Ihrem Coupon-Code k\u00f6nnen Sie den Inhalt der Savanna-Bibliothek von der Plattform McNeel Miami herunterladen, einschlie\u00dflich der innerhalb eines Jahres hinzugegekommenen Tipps &amp; Tricks, neuen Aktualisierungen und Verbesserungen. Ebenso erhalten Sie Zugang zum Download der Savanna-3D-R6-Bibliothek (f\u00fcr Rhino 6). \u00dcber diesen Zeitraum hinaus k\u00f6nnen Sie die [&hellip;]","og_url":"https:\/\/stg.visualarq.com\/de\/download\/savanna-3d-r7\/","og_site_name":"VisualARQ","article_publisher":"https:\/\/www.facebook.com\/visualarq","article_modified_time":"2025-01-15T12:22:26+00:00","twitter_card":"summary_large_image","twitter_site":"@VisualARQ","twitter_misc":{"Gesch\u00e4tzte Lesezeit":"1\u00a0Minute"},"schema":{"@context":"https:\/\/schema.org","@graph":[{"@type":"WebPage","@id":"https:\/\/stg.visualarq.com\/de\/download\/savanna-3d-r7\/","url":"https:\/\/stg.visualarq.com\/de\/download\/savanna-3d-r7\/","name":"Savanna 3D R7 - VisualARQ","isPartOf":{"@id":"https:\/\/stg.visualarq.com\/de\/#website"},"datePublished":"2022-03-23T13:02:29+00:00","dateModified":"2025-01-15T12:22:26+00:00","breadcrumb":{"@id":"https:\/\/stg.visualarq.com\/de\/download\/savanna-3d-r7\/#breadcrumb"},"inLanguage":"de","potentialAction":[{"@type":"ReadAction","target":["https:\/\/stg.visualarq.com\/de\/download\/savanna-3d-r7\/"]}]},{"@type":"BreadcrumbList","@id":"https:\/\/stg.visualarq.com\/de\/download\/savanna-3d-r7\/#breadcrumb","itemListElement":[{"@type":"ListItem","position":1,"name":"Home","item":"https:\/\/stg.visualarq.com\/de\/home\/"},{"@type":"ListItem","position":2,"name":"Download","item":"https:\/\/stg.visualarq.com\/de\/download\/"},{"@type":"ListItem","position":3,"name":"Savanna 3D R7"}]},{"@type":"WebSite","@id":"https:\/\/stg.visualarq.com\/de\/#website","url":"https:\/\/stg.visualarq.com\/de\/","name":"VisualARQ","description":"Flexible BIM for Rhino","potentialAction":[{"@type":"SearchAction","target":{"@type":"EntryPoint","urlTemplate":"https:\/\/stg.visualarq.com\/de\/?s={search_term_string}"},"query-input":{"@type":"PropertyValueSpecification","valueRequired":true,"valueName":"search_term_string"}}],"inLanguage":"de"}]}},"_links":{"self":[{"href":"https:\/\/stg.visualarq.com\/de\/wp-json\/wp\/v2\/pages\/26020","targetHints":{"allow":["GET"]}}],"collection":[{"href":"https:\/\/stg.visualarq.com\/de\/wp-json\/wp\/v2\/pages"}],"about":[{"href":"https:\/\/stg.visualarq.com\/de\/wp-json\/wp\/v2\/types\/page"}],"author":[{"embeddable":true,"href":"https:\/\/stg.visualarq.com\/de\/wp-json\/wp\/v2\/users\/6"}],"replies":[{"embeddable":true,"href":"https:\/\/stg.visualarq.com\/de\/wp-json\/wp\/v2\/comments?post=26020"}],"version-history":[{"count":2,"href":"https:\/\/stg.visualarq.com\/de\/wp-json\/wp\/v2\/pages\/26020\/revisions"}],"predecessor-version":[{"id":41857,"href":"https:\/\/stg.visualarq.com\/de\/wp-json\/wp\/v2\/pages\/26020\/revisions\/41857"}],"up":[{"embeddable":true,"href":"https:\/\/stg.visualarq.com\/de\/wp-json\/wp\/v2\/pages\/11366"}],"wp:attachment":[{"href":"https:\/\/stg.visualarq.com\/de\/wp-json\/wp\/v2\/media?parent=26020"}],"curies":[{"name":"wp","href":"https:\/\/api.w.org\/{rel}","templated":true}]}}