{"id":27992,"date":"2022-06-09T09:37:00","date_gmt":"2022-06-09T09:37:00","guid":{"rendered":"https:\/\/stg.visualarq.com\/download\/dienstprogramme\/"},"modified":"2023-12-01T13:12:31","modified_gmt":"2023-12-01T13:12:31","slug":"utilities","status":"publish","type":"page","link":"https:\/\/stg.visualarq.com\/de\/download\/utilities\/","title":{"rendered":"Dienstprogramme"},"content":{"rendered":"\n<h1 class=\"wp-block-heading\">Dienstprogramme<\/h1>\n\n<p>Diese Seite stellt zus\u00e4tzliche, f\u00fcr VisualARQ relevante Werkzeuge zur Verf\u00fcgung, mit deren Hilfe Sie verschiedene Modellierungsprozesse beschleunigen und automatisieren k\u00f6nnen. <\/p>\n\n<p>Die meisten dieser Dienstprogramme sind <strong>kostenlose Grasshopper-Definitionen<\/strong> (erh\u00e4ltlich auf der <a href=\"https:\/\/www.food4rhino.com\/\">food4Rhino<\/a>-Website) und k\u00f6nnen bereits mit Grundkenntnissen in Grasshopper verwendet werden.<\/p>\n\n<p><\/p>\n\n<div class=\"wp-block-columns is-layout-flex wp-container-core-columns-is-layout-9d6595d7 wp-block-columns-is-layout-flex\">\n<div class=\"wp-block-column is-layout-flow wp-block-column-is-layout-flow\">\n<p><a href=\"https:\/\/www.food4rhino.com\/en\/resource\/create-multiple-levels\"><img loading=\"lazy\" decoding=\"async\" width=\"150\" height=\"100\" class=\"wp-image-27788\" style=\"width: 150px;\" src=\"https:\/\/stg.visualarq.com\/wp-content\/uploads\/2022\/06\/LevelManagerMultipleLevels_300.png\" alt=\"Erzeugung mehrerer Ebenen\"\/><\/a><\/p>\n\n\n\n<p><a href=\"https:\/\/www.food4rhino.com\/en\/resource\/create-multiple-levels\"><strong>Create multiple levels (Mehrere Ebenen erzeugen)<\/strong><\/a><\/p>\n\n\n\n<p>Erstellen Sie gleichzeitig ein Geb\u00e4ude und mehrere Ebenen, indem Sie deren Namen, H\u00f6he sowie die Gesamtzahl an Ebenen angeben.<\/p>\n<\/div>\n\n\n\n<div class=\"wp-block-column is-layout-flow wp-block-column-is-layout-flow\">\n<p><a href=\"https:\/\/www.food4rhino.com\/en\/resource\/beam-split\"><img loading=\"lazy\" decoding=\"async\" width=\"150\" height=\"100\" class=\"wp-image-27800\" style=\"width: 150px;\" src=\"https:\/\/stg.visualarq.com\/wp-content\/uploads\/2022\/06\/beam_split_300.png\" alt=\"Balkenteilung\"\/><\/a><\/p>\n\n\n\n<p><strong><a href=\"https:\/\/www.food4rhino.com\/en\/resource\/beam-split\">Split a beam into multiple beams (Teilen Sie einen Balken in mehrere)<\/a><\/strong><\/p>\n\n\n\n<p>W\u00e4hlen Sie einen Balken und machen Sie daraus eine bestimmte Anzahl von Balken.<\/p>\n<\/div>\n\n\n\n<div class=\"wp-block-column is-layout-flow wp-block-column-is-layout-flow\">\n<p><a href=\"https:\/\/www.food4rhino.com\/en\/resource\/stair-flip\"><img loading=\"lazy\" decoding=\"async\" width=\"150\" height=\"100\" class=\"wp-image-27870\" style=\"width: 150px;\" src=\"https:\/\/stg.visualarq.com\/wp-content\/uploads\/2022\/06\/Stair_Flip_300-1.png\" alt=\"Treppenumkehrung\"\/><\/a><\/p>\n\n\n\n<p><strong><a href=\"https:\/\/www.food4rhino.com\/en\/resource\/stair-flip\">Stair flip (Treppenumkehrung)<\/a><\/strong><\/p>\n\n\n\n<p>Erzeugt eine neue Treppe aufgrund einer bereits vorhandenen, wobei das Ende der urspr\u00fcnglichen Treppe zum Anfang der neuen gemacht wird.<\/p>\n<\/div>\n\n\n\n<div class=\"wp-block-column is-layout-flow wp-block-column-is-layout-flow\">\n<p><a href=\"https:\/\/www.food4rhino.com\/en\/resource\/automatic-naming\"><img loading=\"lazy\" decoding=\"async\" width=\"150\" height=\"100\" class=\"wp-image-27830\" style=\"width: 150px;\" src=\"https:\/\/stg.visualarq.com\/wp-content\/uploads\/2022\/06\/Update_Property_Name.png\" alt=\"Eigenschaftennamen aktualisieren\"\/><\/a><\/p>\n\n\n\n<p><strong><a href=\"https:\/\/www.food4rhino.com\/en\/resource\/automatic-naming\">Automatic naming (Automatische Umbenennung)<\/a><\/strong><\/p>\n\n\n\n<p>Benennen Sie mehrere referenzierte Objekte basierend auf einer automatischen Namensliste.<\/p>\n<\/div>\n<\/div>\n\n<div class=\"wp-block-columns is-layout-flex wp-container-core-columns-is-layout-9d6595d7 wp-block-columns-is-layout-flex\">\n<div class=\"wp-block-column is-layout-flow wp-block-column-is-layout-flow\">\n<p><a href=\"https:\/\/www.food4rhino.com\/en\/resource\/2d-elevations-space\"><img loading=\"lazy\" decoding=\"async\" width=\"150\" height=\"100\" class=\"wp-image-27839\" style=\"width: 150px;\" src=\"https:\/\/stg.visualarq.com\/wp-content\/uploads\/2022\/06\/elevations_from_space_300.jpg\" alt=\"H&#xF6;hen von Fl&#xE4;che\"\/><\/a><\/p>\n\n\n\n<p><a href=\"https:\/\/www.food4rhino.com\/en\/resource\/2d-elevations-space\"><strong>2D Elevations from a space (2D-H\u00f6hen von einer Fl\u00e4che)<\/strong><\/a><\/p>\n\n\n\n<p>F\u00fcgen Sie ein Fl\u00e4chenobjekt ein, referenzieren Sie es in Grasshopper, definieren Sie den Einf\u00fcgungspunkt und erzeugen Sie automatisch die 4 H\u00f6hen der Fl\u00e4che.<\/p>\n<\/div>\n\n\n\n<div class=\"wp-block-column is-layout-flow wp-block-column-is-layout-flow\">\n<p><a href=\"https:\/\/www.food4rhino.com\/en\/resource\/4-elevations-and-2-sections-2d\"><img loading=\"lazy\" decoding=\"async\" width=\"150\" height=\"100\" class=\"wp-image-27846\" style=\"width: 150px;\" src=\"https:\/\/stg.visualarq.com\/wp-content\/uploads\/2022\/06\/4-Elevation-and-2-Section-Views_300.png\" alt=\"4 H&#xF6;hen- und 2 Schnittansichten\"\/><\/a><\/p>\n\n\n\n<p><strong><a href=\"https:\/\/www.food4rhino.com\/en\/resource\/4-elevations-and-2-sections-2d\">2D Elevations and Cross Sections from a 3D model (2D-H\u00f6hen und Querschnitte von einem 3D-Modell)<\/a><\/strong><\/p>\n\n\n\n<p>Erzeugen Sie 4 2D-H\u00f6henansichten und 2\u00a0Querschnittansichten aus jeglichem 3D-Modell.<\/p>\n<\/div>\n\n\n\n<div class=\"wp-block-column is-layout-flow wp-block-column-is-layout-flow\">\n<p><a href=\"https:\/\/www.food4rhino.com\/en\/resource\/space-dimensions\"><img loading=\"lazy\" decoding=\"async\" width=\"150\" height=\"100\" class=\"wp-image-27854\" style=\"width: 150px;\" src=\"https:\/\/stg.visualarq.com\/wp-content\/uploads\/2022\/06\/Space_Dimensions_300.png\" alt=\"Fl&#xE4;chenbema&#xDF;ungen\"\/><\/a><\/p>\n\n\n\n<p><strong><a href=\"https:\/\/www.food4rhino.com\/en\/resource\/space-dimensions\">Space dimensions (Fl\u00e4chenbema\u00dfungen)<\/a><\/strong><\/p>\n\n\n\n<p>Erzeugen Sie die inneren Bema\u00dfungen einer referenzierten Fl\u00e4che.<\/p>\n<\/div>\n\n\n\n<div class=\"wp-block-column is-layout-flow wp-block-column-is-layout-flow\">\n<p><a href=\"https:\/\/www.food4rhino.com\/en\/resource\/visualarq-opening-selector\"><img loading=\"lazy\" decoding=\"async\" width=\"150\" height=\"100\" class=\"wp-image-27956\" style=\"width: 150px;\" src=\"https:\/\/stg.visualarq.com\/wp-content\/uploads\/2022\/06\/Door-Window-Selector-300.png\" alt=\"\"\/><\/a><\/p>\n\n\n\n<p><strong><a href=\"https:\/\/www.food4rhino.com\/en\/resource\/visualarq-opening-selector\">Opening Selector (\u00d6ffnungsauswahl)<\/a><\/strong><\/p>\n\n\n\n<p>W\u00e4hlen Sie alle T\u00fcren und Fenster mit dem gleichen Stil und\/oder den Profilbema\u00dfungen wie eines referenzierten Objekts aus.<\/p>\n<\/div>\n<\/div>\n\n<div class=\"wp-block-columns is-layout-flex wp-container-core-columns-is-layout-9d6595d7 wp-block-columns-is-layout-flex\">\n<div class=\"wp-block-column is-layout-flow wp-block-column-is-layout-flow\">\n<p><a href=\"https:\/\/www.food4rhino.com\/en\/resource\/list-wall-and-slab-layers-information\"><img loading=\"lazy\" decoding=\"async\" width=\"150\" height=\"100\" class=\"wp-image-29083\" style=\"width: 150px;\" src=\"https:\/\/stg.visualarq.com\/wp-content\/uploads\/2022\/09\/listinfototxt_200.png\" alt=\"Information zu Wand- und Decke-Ebenen auflisten\"\/><\/a><a href=\"https:\/\/www.food4rhino.com\/en\/resource\/list-wall-and-slab-layers-information\"><\/a><\/p>\n\n\n\n<p><strong><a href=\"https:\/\/www.food4rhino.com\/en\/resource\/list-wall-and-slab-layers-information\">Liste der Wand- und Decke-Ebenen<\/a><\/strong><\/p>\n\n\n\n<p>Erstellen Sie eine txt-Datei mit der Information zu den in einem Modell vorhandenen Decke- und Wand-Ebenen.<\/p>\n<\/div>\n\n\n\n<div class=\"wp-block-column is-layout-flow wp-block-column-is-layout-flow\">\n<p><a href=\"https:\/\/www.food4rhino.com\/en\/resource\/wall-hatches-projection\"><img loading=\"lazy\" decoding=\"async\" width=\"150\" height=\"100\" class=\"wp-image-30373\" style=\"width: 150px;\" src=\"https:\/\/stg.visualarq.com\/wp-content\/uploads\/2023\/03\/Wall-Hatches-Projection.png\" alt=\"Wandschraffierungen in der Projektion\"\/><\/a><a href=\"https:\/\/www.food4rhino.com\/en\/resource\/list-wall-and-slab-layers-information\"><\/a><\/p>\n\n\n\n<p><strong><a href=\"https:\/\/www.food4rhino.com\/en\/resource\/wall-hatches-projection\">Wandschraffierungen in der Projektion<\/a><\/strong><\/p>\n\n\n\n<p>Erzeugen Sie Schraffierungen auf den Innen- und Au\u00dfenseiten von VisualARQ-W\u00e4nden.<\/p>\n<\/div>\n\n\n\n<div class=\"wp-block-column is-layout-flow wp-block-column-is-layout-flow\">\n<p><a href=\"https:\/\/www.food4rhino.com\/en\/resource\/slab-hatches-projection\"><img loading=\"lazy\" decoding=\"async\" width=\"150\" height=\"100\" class=\"wp-image-30380\" style=\"width: 150px;\" src=\"https:\/\/stg.visualarq.com\/wp-content\/uploads\/2023\/03\/Slab-Hatch-in-Projection.png\" alt=\"Decken-Schraffierungen in der Projektion\"\/><\/a><a href=\"https:\/\/www.food4rhino.com\/en\/resource\/list-wall-and-slab-layers-information\"><\/a><\/p>\n\n\n\n<p><a href=\"https:\/\/www.food4rhino.com\/en\/resource\/slab-hatches-projection\"><strong>Decken-Schraffierungen in der Projektion<\/strong><\/a><\/p>\n\n\n\n<p>Zur Erzeugung von Schraffierungen auf der Oberfl\u00e4chen von VisualARQ-Decken.<\/p>\n<\/div>\n\n\n\n<div class=\"wp-block-column is-layout-flow wp-block-column-is-layout-flow\">\n<p><a href=\"https:\/\/www.food4rhino.com\/en\/resource\/select-objects-level?lang=en\"><img loading=\"lazy\" decoding=\"async\" width=\"150\" height=\"100\" class=\"wp-image-31080\" style=\"width: 150px;\" src=\"https:\/\/stg.visualarq.com\/wp-content\/uploads\/2023\/05\/Logo-for-Utilities.png\" alt=\"\"\/><\/a><a href=\"https:\/\/www.food4rhino.com\/en\/resource\/list-wall-and-slab-layers-information\"><\/a><\/p>\n\n\n\n<p><strong><a href=\"https:\/\/www.food4rhino.com\/en\/resource\/select-objects-level?lang=en\">Objekte nach Ebene ausw\u00e4hlen<\/a><\/strong><\/p>\n\n\n\n<p>Objekte auf einer bestimmten VisualARQ-Ebene ausw\u00e4hlen.<\/p>\n<\/div>\n<\/div>\n\n<div class=\"wp-block-columns is-layout-flex wp-container-core-columns-is-layout-9d6595d7 wp-block-columns-is-layout-flex\">\n<div class=\"wp-block-column is-layout-flow wp-block-column-is-layout-flow\">\n<p><a href=\"https:\/\/www.food4rhino.com\/en\/resource\/center-gravity\"><img loading=\"lazy\" decoding=\"async\" width=\"150\" height=\"100\" class=\"wp-image-31087\" style=\"width: 150px;\" src=\"https:\/\/stg.visualarq.com\/wp-content\/uploads\/2023\/05\/Logo-for-utilities-1.png\" alt=\"\"\/><\/a><a href=\"https:\/\/www.food4rhino.com\/en\/resource\/list-wall-and-slab-layers-information\"><\/a><\/p>\n\n\n\n<p><strong><a href=\"https:\/\/www.food4rhino.com\/en\/resource\/center-gravity\">Gravizentrum<\/a><\/strong><\/p>\n\n\n\n<p>Berechnen Sie das Gravizentrum von Rhino- und VisualARQ-Objekten durch seine Definition in einem benutzerdefiniertem Parameter f\u00fcr jedes Objekt.<\/p>\n<\/div>\n\n\n\n<div class=\"wp-block-column is-layout-flow wp-block-column-is-layout-flow\">\n<p><a href=\"https:\/\/www.food4rhino.com\/en\/resource\/wall-layer-area-and-volume\"><img loading=\"lazy\" decoding=\"async\" width=\"150\" height=\"100\" class=\"wp-image-31518\" style=\"width: 150px;\" src=\"https:\/\/stg.visualarq.com\/wp-content\/uploads\/2023\/06\/Wall-Layer-Area-and-Volume_300.png\" alt=\"Wandfl&#xE4;che und -Volumen nach Ebene\"\/><\/a><a href=\"https:\/\/www.food4rhino.com\/en\/resource\/list-wall-and-slab-layers-information\"><\/a><\/p>\n\n\n\n<p><strong><a href=\"https:\/\/www.food4rhino.com\/en\/resource\/wall-layer-area-and-volume\">Fl\u00e4che und Volumen der Wandschicht<\/a><\/strong><\/p>\n\n\n\n<p>Berechnen Sie die Fl\u00e4chen und Volumina von VisualARQs Wandschichten basierend auf einem bestimmten Ebenennamen.<\/p>\n<\/div>\n\n\n\n<div class=\"wp-block-column is-layout-flow wp-block-column-is-layout-flow\"><\/div>\n\n\n\n<div class=\"wp-block-column is-layout-flow wp-block-column-is-layout-flow\"><\/div>\n<\/div>\n\n<p><\/p>\n","protected":false},"excerpt":{"rendered":"<p>Dienstprogramme Diese Seite stellt zus\u00e4tzliche, f\u00fcr VisualARQ relevante Werkzeuge zur Verf\u00fcgung, mit deren Hilfe Sie verschiedene Modellierungsprozesse beschleunigen und automatisieren k\u00f6nnen. Die meisten dieser Dienstprogramme sind kostenlose Grasshopper-Definitionen (erh\u00e4ltlich auf der food4Rhino-Website) und k\u00f6nnen bereits mit Grundkenntnissen in Grasshopper verwendet werden. Create multiple levels (Mehrere Ebenen erzeugen) Erstellen Sie gleichzeitig ein Geb\u00e4ude und mehrere Ebenen, [&hellip;]<\/p>\n","protected":false},"author":6,"featured_media":0,"parent":11366,"menu_order":6,"comment_status":"closed","ping_status":"closed","template":"","meta":{"_et_pb_use_builder":"","_et_pb_old_content":"","_et_gb_content_width":"","footnotes":""},"class_list":["post-27992","page","type-page","status-publish","hentry"],"yoast_head":"<!-- This site is optimized with the Yoast SEO plugin v27.3 - https:\/\/yoast.com\/product\/yoast-seo-wordpress\/ -->\n<title>Dienstprogramme - VisualARQ<\/title>\n<meta name=\"robots\" content=\"noindex, follow, max-snippet:-1, max-image-preview:large, max-video-preview:-1\" \/>\n<meta property=\"og:locale\" content=\"de_DE\" \/>\n<meta property=\"og:type\" content=\"article\" \/>\n<meta property=\"og:title\" content=\"Dienstprogramme - VisualARQ\" \/>\n<meta property=\"og:description\" content=\"Dienstprogramme Diese Seite stellt zus\u00e4tzliche, f\u00fcr VisualARQ relevante Werkzeuge zur Verf\u00fcgung, mit deren Hilfe Sie verschiedene Modellierungsprozesse beschleunigen und automatisieren k\u00f6nnen. Die meisten dieser Dienstprogramme sind kostenlose Grasshopper-Definitionen (erh\u00e4ltlich auf der food4Rhino-Website) und k\u00f6nnen bereits mit Grundkenntnissen in Grasshopper verwendet werden. Create multiple levels (Mehrere Ebenen erzeugen) Erstellen Sie gleichzeitig ein Geb\u00e4ude und mehrere Ebenen, [&hellip;]\" \/>\n<meta property=\"og:url\" content=\"https:\/\/stg.visualarq.com\/de\/download\/utilities\/\" \/>\n<meta property=\"og:site_name\" content=\"VisualARQ\" \/>\n<meta property=\"article:publisher\" content=\"https:\/\/www.facebook.com\/visualarq\" \/>\n<meta property=\"article:modified_time\" content=\"2023-12-01T13:12:31+00:00\" \/>\n<meta property=\"og:image\" content=\"https:\/\/stg.visualarq.com\/wp-content\/uploads\/2022\/06\/LevelManagerMultipleLevels_300.png\" \/>\n<meta name=\"twitter:card\" content=\"summary_large_image\" \/>\n<meta name=\"twitter:site\" content=\"@VisualARQ\" \/>\n<meta name=\"twitter:label1\" content=\"Gesch\u00e4tzte Lesezeit\" \/>\n\t<meta name=\"twitter:data1\" content=\"2\u00a0Minuten\" \/>\n<script type=\"application\/ld+json\" class=\"yoast-schema-graph\">{\"@context\":\"https:\\\/\\\/schema.org\",\"@graph\":[{\"@type\":\"WebPage\",\"@id\":\"https:\\\/\\\/stg.visualarq.com\\\/de\\\/download\\\/utilities\\\/\",\"url\":\"https:\\\/\\\/stg.visualarq.com\\\/de\\\/download\\\/utilities\\\/\",\"name\":\"Dienstprogramme - VisualARQ\",\"isPartOf\":{\"@id\":\"https:\\\/\\\/stg.visualarq.com\\\/de\\\/#website\"},\"primaryImageOfPage\":{\"@id\":\"https:\\\/\\\/stg.visualarq.com\\\/de\\\/download\\\/utilities\\\/#primaryimage\"},\"image\":{\"@id\":\"https:\\\/\\\/stg.visualarq.com\\\/de\\\/download\\\/utilities\\\/#primaryimage\"},\"thumbnailUrl\":\"https:\\\/\\\/stg.visualarq.com\\\/wp-content\\\/uploads\\\/2022\\\/06\\\/LevelManagerMultipleLevels_300.png\",\"datePublished\":\"2022-06-09T09:37:00+00:00\",\"dateModified\":\"2023-12-01T13:12:31+00:00\",\"breadcrumb\":{\"@id\":\"https:\\\/\\\/stg.visualarq.com\\\/de\\\/download\\\/utilities\\\/#breadcrumb\"},\"inLanguage\":\"de\",\"potentialAction\":[{\"@type\":\"ReadAction\",\"target\":[\"https:\\\/\\\/stg.visualarq.com\\\/de\\\/download\\\/utilities\\\/\"]}]},{\"@type\":\"ImageObject\",\"inLanguage\":\"de\",\"@id\":\"https:\\\/\\\/stg.visualarq.com\\\/de\\\/download\\\/utilities\\\/#primaryimage\",\"url\":\"https:\\\/\\\/stg.visualarq.com\\\/wp-content\\\/uploads\\\/2022\\\/06\\\/LevelManagerMultipleLevels_300.png\",\"contentUrl\":\"https:\\\/\\\/stg.visualarq.com\\\/wp-content\\\/uploads\\\/2022\\\/06\\\/LevelManagerMultipleLevels_300.png\"},{\"@type\":\"BreadcrumbList\",\"@id\":\"https:\\\/\\\/stg.visualarq.com\\\/de\\\/download\\\/utilities\\\/#breadcrumb\",\"itemListElement\":[{\"@type\":\"ListItem\",\"position\":1,\"name\":\"Home\",\"item\":\"https:\\\/\\\/stg.visualarq.com\\\/de\\\/home\\\/\"},{\"@type\":\"ListItem\",\"position\":2,\"name\":\"Download\",\"item\":\"https:\\\/\\\/stg.visualarq.com\\\/de\\\/download\\\/\"},{\"@type\":\"ListItem\",\"position\":3,\"name\":\"Dienstprogramme\"}]},{\"@type\":\"WebSite\",\"@id\":\"https:\\\/\\\/stg.visualarq.com\\\/de\\\/#website\",\"url\":\"https:\\\/\\\/stg.visualarq.com\\\/de\\\/\",\"name\":\"VisualARQ\",\"description\":\"Flexible BIM for Rhino\",\"potentialAction\":[{\"@type\":\"SearchAction\",\"target\":{\"@type\":\"EntryPoint\",\"urlTemplate\":\"https:\\\/\\\/stg.visualarq.com\\\/de\\\/?s={search_term_string}\"},\"query-input\":{\"@type\":\"PropertyValueSpecification\",\"valueRequired\":true,\"valueName\":\"search_term_string\"}}],\"inLanguage\":\"de\"}]}<\/script>\n<!-- \/ Yoast SEO plugin. -->","yoast_head_json":{"title":"Dienstprogramme - VisualARQ","robots":{"index":"noindex","follow":"follow","max-snippet":"max-snippet:-1","max-image-preview":"max-image-preview:large","max-video-preview":"max-video-preview:-1"},"og_locale":"de_DE","og_type":"article","og_title":"Dienstprogramme - VisualARQ","og_description":"Dienstprogramme Diese Seite stellt zus\u00e4tzliche, f\u00fcr VisualARQ relevante Werkzeuge zur Verf\u00fcgung, mit deren Hilfe Sie verschiedene Modellierungsprozesse beschleunigen und automatisieren k\u00f6nnen. Die meisten dieser Dienstprogramme sind kostenlose Grasshopper-Definitionen (erh\u00e4ltlich auf der food4Rhino-Website) und k\u00f6nnen bereits mit Grundkenntnissen in Grasshopper verwendet werden. Create multiple levels (Mehrere Ebenen erzeugen) Erstellen Sie gleichzeitig ein Geb\u00e4ude und mehrere Ebenen, [&hellip;]","og_url":"https:\/\/stg.visualarq.com\/de\/download\/utilities\/","og_site_name":"VisualARQ","article_publisher":"https:\/\/www.facebook.com\/visualarq","article_modified_time":"2023-12-01T13:12:31+00:00","og_image":[{"url":"https:\/\/stg.visualarq.com\/wp-content\/uploads\/2022\/06\/LevelManagerMultipleLevels_300.png","type":"","width":"","height":""}],"twitter_card":"summary_large_image","twitter_site":"@VisualARQ","twitter_misc":{"Gesch\u00e4tzte Lesezeit":"2\u00a0Minuten"},"schema":{"@context":"https:\/\/schema.org","@graph":[{"@type":"WebPage","@id":"https:\/\/stg.visualarq.com\/de\/download\/utilities\/","url":"https:\/\/stg.visualarq.com\/de\/download\/utilities\/","name":"Dienstprogramme - VisualARQ","isPartOf":{"@id":"https:\/\/stg.visualarq.com\/de\/#website"},"primaryImageOfPage":{"@id":"https:\/\/stg.visualarq.com\/de\/download\/utilities\/#primaryimage"},"image":{"@id":"https:\/\/stg.visualarq.com\/de\/download\/utilities\/#primaryimage"},"thumbnailUrl":"https:\/\/stg.visualarq.com\/wp-content\/uploads\/2022\/06\/LevelManagerMultipleLevels_300.png","datePublished":"2022-06-09T09:37:00+00:00","dateModified":"2023-12-01T13:12:31+00:00","breadcrumb":{"@id":"https:\/\/stg.visualarq.com\/de\/download\/utilities\/#breadcrumb"},"inLanguage":"de","potentialAction":[{"@type":"ReadAction","target":["https:\/\/stg.visualarq.com\/de\/download\/utilities\/"]}]},{"@type":"ImageObject","inLanguage":"de","@id":"https:\/\/stg.visualarq.com\/de\/download\/utilities\/#primaryimage","url":"https:\/\/stg.visualarq.com\/wp-content\/uploads\/2022\/06\/LevelManagerMultipleLevels_300.png","contentUrl":"https:\/\/stg.visualarq.com\/wp-content\/uploads\/2022\/06\/LevelManagerMultipleLevels_300.png"},{"@type":"BreadcrumbList","@id":"https:\/\/stg.visualarq.com\/de\/download\/utilities\/#breadcrumb","itemListElement":[{"@type":"ListItem","position":1,"name":"Home","item":"https:\/\/stg.visualarq.com\/de\/home\/"},{"@type":"ListItem","position":2,"name":"Download","item":"https:\/\/stg.visualarq.com\/de\/download\/"},{"@type":"ListItem","position":3,"name":"Dienstprogramme"}]},{"@type":"WebSite","@id":"https:\/\/stg.visualarq.com\/de\/#website","url":"https:\/\/stg.visualarq.com\/de\/","name":"VisualARQ","description":"Flexible BIM for Rhino","potentialAction":[{"@type":"SearchAction","target":{"@type":"EntryPoint","urlTemplate":"https:\/\/stg.visualarq.com\/de\/?s={search_term_string}"},"query-input":{"@type":"PropertyValueSpecification","valueRequired":true,"valueName":"search_term_string"}}],"inLanguage":"de"}]}},"_links":{"self":[{"href":"https:\/\/stg.visualarq.com\/de\/wp-json\/wp\/v2\/pages\/27992","targetHints":{"allow":["GET"]}}],"collection":[{"href":"https:\/\/stg.visualarq.com\/de\/wp-json\/wp\/v2\/pages"}],"about":[{"href":"https:\/\/stg.visualarq.com\/de\/wp-json\/wp\/v2\/types\/page"}],"author":[{"embeddable":true,"href":"https:\/\/stg.visualarq.com\/de\/wp-json\/wp\/v2\/users\/6"}],"replies":[{"embeddable":true,"href":"https:\/\/stg.visualarq.com\/de\/wp-json\/wp\/v2\/comments?post=27992"}],"version-history":[{"count":0,"href":"https:\/\/stg.visualarq.com\/de\/wp-json\/wp\/v2\/pages\/27992\/revisions"}],"up":[{"embeddable":true,"href":"https:\/\/stg.visualarq.com\/de\/wp-json\/wp\/v2\/pages\/11366"}],"wp:attachment":[{"href":"https:\/\/stg.visualarq.com\/de\/wp-json\/wp\/v2\/media?parent=27992"}],"curies":[{"name":"wp","href":"https:\/\/api.w.org\/{rel}","templated":true}]}}