{"id":30558,"date":"2023-04-04T11:21:31","date_gmt":"2023-04-04T11:21:31","guid":{"rendered":"https:\/\/stg.visualarq.com\/nutzungsstatistiken\/"},"modified":"2024-09-26T11:43:46","modified_gmt":"2024-09-26T11:43:46","slug":"usage-statistics","status":"publish","type":"page","link":"https:\/\/stg.visualarq.com\/de\/usage-statistics\/","title":{"rendered":"Nutzungsstatistiken"},"content":{"rendered":"\n<h2 class=\"wp-block-heading\">Nutzungsstatistiken<\/h2>\n\n<p>Nutzungsstatistiken helfen uns dabei, die Priorit\u00e4ten f\u00fcr Eigenschaften und Verbesserungen zu setzen, auf die wir uns konzentrieren m\u00fcssen.<\/p>\n\n<p>Nutzungsstatistiken enthalten Informationen wie Einstellungspr\u00e4ferenzen, Eigenschaftenverwendung, verwendete Dateitypen, Betriebssystemversion und Speicherverwendung. Eine willk\u00fcrliche Zahl wird auf Ihrem Computer gespeichert und mit jedem Bericht versendet. So k\u00f6nnen wir unterscheiden, ob ein Problem 100 Mal f\u00fcr einen Benutzer auftritt oder ob ein Problem ein Mal f\u00fcr 100 Benutzer auftritt. Diese Zahl wird nicht f\u00fcr Identifikationszwecke verwendet.<\/p>\n\n<p>VisualARQ sammelt keine Geometrie oder andere Daten in Dateien, die Sie erzeugen oder \u00f6ffnen. Nutzungsstatistiken enthalten keine Informationen, mit der wir die von Ihnen erzeugte Geometrie wiedergeben k\u00f6nnen.<\/p>\n\n<p><\/p>\n\n<p><\/p>\n\n<h3 class=\"wp-block-heading\">Nutzungsstatistiken aktivieren oder deaktivieren:<\/h3>\n\n<ol class=\"wp-block-list\">\n<li>Klicken Sie im Men\u00fc <strong>Werkzeuge<\/strong> auf <strong>Optionen<\/strong>.<\/li>\n\n\n\n<li>In den\u00a0<strong>Rhino Optionen &gt; VisualARQ &gt; Statistik<\/strong>, aktivieren oder deaktivieren Sie das Kontrollk\u00e4stchen\u00a0<strong>Nutzungsstatistiken senden<\/strong>.<\/li>\n<\/ol>\n","protected":false},"excerpt":{"rendered":"<p>Nutzungsstatistiken Nutzungsstatistiken helfen uns dabei, die Priorit\u00e4ten f\u00fcr Eigenschaften und Verbesserungen zu setzen, auf die wir uns konzentrieren m\u00fcssen. Nutzungsstatistiken enthalten Informationen wie Einstellungspr\u00e4ferenzen, Eigenschaftenverwendung, verwendete Dateitypen, Betriebssystemversion und Speicherverwendung. Eine willk\u00fcrliche Zahl wird auf Ihrem Computer gespeichert und mit jedem Bericht versendet. So k\u00f6nnen wir unterscheiden, ob ein Problem 100 Mal f\u00fcr einen Benutzer [&hellip;]<\/p>\n","protected":false},"author":6,"featured_media":0,"parent":0,"menu_order":902,"comment_status":"closed","ping_status":"closed","template":"","meta":{"_et_pb_use_builder":"","_et_pb_old_content":"","_et_gb_content_width":"","footnotes":""},"class_list":["post-30558","page","type-page","status-publish","hentry"],"yoast_head":"<!-- This site is optimized with the Yoast SEO plugin v27.3 - https:\/\/yoast.com\/product\/yoast-seo-wordpress\/ -->\n<title>Nutzungsstatistiken - VisualARQ<\/title>\n<meta name=\"robots\" content=\"noindex, follow, max-snippet:-1, max-image-preview:large, max-video-preview:-1\" \/>\n<meta property=\"og:locale\" content=\"de_DE\" \/>\n<meta property=\"og:type\" content=\"article\" \/>\n<meta property=\"og:title\" content=\"Nutzungsstatistiken - VisualARQ\" \/>\n<meta property=\"og:description\" content=\"Nutzungsstatistiken Nutzungsstatistiken helfen uns dabei, die Priorit\u00e4ten f\u00fcr Eigenschaften und Verbesserungen zu setzen, auf die wir uns konzentrieren m\u00fcssen. Nutzungsstatistiken enthalten Informationen wie Einstellungspr\u00e4ferenzen, Eigenschaftenverwendung, verwendete Dateitypen, Betriebssystemversion und Speicherverwendung. Eine willk\u00fcrliche Zahl wird auf Ihrem Computer gespeichert und mit jedem Bericht versendet. So k\u00f6nnen wir unterscheiden, ob ein Problem 100 Mal f\u00fcr einen Benutzer [&hellip;]\" \/>\n<meta property=\"og:url\" content=\"https:\/\/stg.visualarq.com\/de\/usage-statistics\/\" \/>\n<meta property=\"og:site_name\" content=\"VisualARQ\" \/>\n<meta property=\"article:publisher\" content=\"https:\/\/www.facebook.com\/visualarq\" \/>\n<meta property=\"article:modified_time\" content=\"2024-09-26T11:43:46+00:00\" \/>\n<meta name=\"twitter:card\" content=\"summary_large_image\" \/>\n<meta name=\"twitter:site\" content=\"@VisualARQ\" \/>\n<meta name=\"twitter:label1\" content=\"Gesch\u00e4tzte Lesezeit\" \/>\n\t<meta name=\"twitter:data1\" content=\"1\u00a0Minute\" \/>\n<script type=\"application\/ld+json\" class=\"yoast-schema-graph\">{\"@context\":\"https:\\\/\\\/schema.org\",\"@graph\":[{\"@type\":\"WebPage\",\"@id\":\"https:\\\/\\\/stg.visualarq.com\\\/de\\\/usage-statistics\\\/\",\"url\":\"https:\\\/\\\/stg.visualarq.com\\\/de\\\/usage-statistics\\\/\",\"name\":\"Nutzungsstatistiken - VisualARQ\",\"isPartOf\":{\"@id\":\"https:\\\/\\\/stg.visualarq.com\\\/de\\\/#website\"},\"datePublished\":\"2023-04-04T11:21:31+00:00\",\"dateModified\":\"2024-09-26T11:43:46+00:00\",\"breadcrumb\":{\"@id\":\"https:\\\/\\\/stg.visualarq.com\\\/de\\\/usage-statistics\\\/#breadcrumb\"},\"inLanguage\":\"de\",\"potentialAction\":[{\"@type\":\"ReadAction\",\"target\":[\"https:\\\/\\\/stg.visualarq.com\\\/de\\\/usage-statistics\\\/\"]}]},{\"@type\":\"BreadcrumbList\",\"@id\":\"https:\\\/\\\/stg.visualarq.com\\\/de\\\/usage-statistics\\\/#breadcrumb\",\"itemListElement\":[{\"@type\":\"ListItem\",\"position\":1,\"name\":\"Home\",\"item\":\"https:\\\/\\\/stg.visualarq.com\\\/de\\\/home\\\/\"},{\"@type\":\"ListItem\",\"position\":2,\"name\":\"Nutzungsstatistiken\"}]},{\"@type\":\"WebSite\",\"@id\":\"https:\\\/\\\/stg.visualarq.com\\\/de\\\/#website\",\"url\":\"https:\\\/\\\/stg.visualarq.com\\\/de\\\/\",\"name\":\"VisualARQ\",\"description\":\"Flexible BIM for Rhino\",\"potentialAction\":[{\"@type\":\"SearchAction\",\"target\":{\"@type\":\"EntryPoint\",\"urlTemplate\":\"https:\\\/\\\/stg.visualarq.com\\\/de\\\/?s={search_term_string}\"},\"query-input\":{\"@type\":\"PropertyValueSpecification\",\"valueRequired\":true,\"valueName\":\"search_term_string\"}}],\"inLanguage\":\"de\"}]}<\/script>\n<!-- \/ Yoast SEO plugin. -->","yoast_head_json":{"title":"Nutzungsstatistiken - VisualARQ","robots":{"index":"noindex","follow":"follow","max-snippet":"max-snippet:-1","max-image-preview":"max-image-preview:large","max-video-preview":"max-video-preview:-1"},"og_locale":"de_DE","og_type":"article","og_title":"Nutzungsstatistiken - VisualARQ","og_description":"Nutzungsstatistiken Nutzungsstatistiken helfen uns dabei, die Priorit\u00e4ten f\u00fcr Eigenschaften und Verbesserungen zu setzen, auf die wir uns konzentrieren m\u00fcssen. Nutzungsstatistiken enthalten Informationen wie Einstellungspr\u00e4ferenzen, Eigenschaftenverwendung, verwendete Dateitypen, Betriebssystemversion und Speicherverwendung. Eine willk\u00fcrliche Zahl wird auf Ihrem Computer gespeichert und mit jedem Bericht versendet. So k\u00f6nnen wir unterscheiden, ob ein Problem 100 Mal f\u00fcr einen Benutzer [&hellip;]","og_url":"https:\/\/stg.visualarq.com\/de\/usage-statistics\/","og_site_name":"VisualARQ","article_publisher":"https:\/\/www.facebook.com\/visualarq","article_modified_time":"2024-09-26T11:43:46+00:00","twitter_card":"summary_large_image","twitter_site":"@VisualARQ","twitter_misc":{"Gesch\u00e4tzte Lesezeit":"1\u00a0Minute"},"schema":{"@context":"https:\/\/schema.org","@graph":[{"@type":"WebPage","@id":"https:\/\/stg.visualarq.com\/de\/usage-statistics\/","url":"https:\/\/stg.visualarq.com\/de\/usage-statistics\/","name":"Nutzungsstatistiken - VisualARQ","isPartOf":{"@id":"https:\/\/stg.visualarq.com\/de\/#website"},"datePublished":"2023-04-04T11:21:31+00:00","dateModified":"2024-09-26T11:43:46+00:00","breadcrumb":{"@id":"https:\/\/stg.visualarq.com\/de\/usage-statistics\/#breadcrumb"},"inLanguage":"de","potentialAction":[{"@type":"ReadAction","target":["https:\/\/stg.visualarq.com\/de\/usage-statistics\/"]}]},{"@type":"BreadcrumbList","@id":"https:\/\/stg.visualarq.com\/de\/usage-statistics\/#breadcrumb","itemListElement":[{"@type":"ListItem","position":1,"name":"Home","item":"https:\/\/stg.visualarq.com\/de\/home\/"},{"@type":"ListItem","position":2,"name":"Nutzungsstatistiken"}]},{"@type":"WebSite","@id":"https:\/\/stg.visualarq.com\/de\/#website","url":"https:\/\/stg.visualarq.com\/de\/","name":"VisualARQ","description":"Flexible BIM for Rhino","potentialAction":[{"@type":"SearchAction","target":{"@type":"EntryPoint","urlTemplate":"https:\/\/stg.visualarq.com\/de\/?s={search_term_string}"},"query-input":{"@type":"PropertyValueSpecification","valueRequired":true,"valueName":"search_term_string"}}],"inLanguage":"de"}]}},"_links":{"self":[{"href":"https:\/\/stg.visualarq.com\/de\/wp-json\/wp\/v2\/pages\/30558","targetHints":{"allow":["GET"]}}],"collection":[{"href":"https:\/\/stg.visualarq.com\/de\/wp-json\/wp\/v2\/pages"}],"about":[{"href":"https:\/\/stg.visualarq.com\/de\/wp-json\/wp\/v2\/types\/page"}],"author":[{"embeddable":true,"href":"https:\/\/stg.visualarq.com\/de\/wp-json\/wp\/v2\/users\/6"}],"replies":[{"embeddable":true,"href":"https:\/\/stg.visualarq.com\/de\/wp-json\/wp\/v2\/comments?post=30558"}],"version-history":[{"count":0,"href":"https:\/\/stg.visualarq.com\/de\/wp-json\/wp\/v2\/pages\/30558\/revisions"}],"wp:attachment":[{"href":"https:\/\/stg.visualarq.com\/de\/wp-json\/wp\/v2\/media?parent=30558"}],"curies":[{"name":"wp","href":"https:\/\/api.w.org\/{rel}","templated":true}]}}