{"id":31888,"date":"2023-06-13T15:02:46","date_gmt":"2023-06-13T15:02:46","guid":{"rendered":"https:\/\/stg.visualarq.com\/sales\/school-kit\/"},"modified":"2023-08-03T12:10:03","modified_gmt":"2023-08-03T12:10:03","slug":"school-kit","status":"publish","type":"page","link":"https:\/\/stg.visualarq.com\/de\/sales\/school-kit\/","title":{"rendered":"School-Kit"},"content":{"rendered":"\n<h1 class=\"wp-block-heading\"><strong>School-Kit<\/strong>:<\/h1>\n\n<p>Ein VisualARQ-School-Kit ist ein Gro\u00dfeinkauf f\u00fcr eine Schule, bestehend aus einem Satz von <strong>(30+<\/strong>) <strong><a href=\"https:\/\/stg.visualarq.com\/de\/sales\/proof-of-academic-status\/\">Einzelnutzer-Schullizenzen<\/a><\/strong> zum Sonderpreis:<\/p>\n\n<p><\/p>\n\n<ul class=\"wp-block-list\">\n<li>Das VisualARQ-School-Kit enth\u00e4lt mindestens 30 Einzelnutzer-Schullizenzen, deren Anzahl im selben Kauf noch erweitert werden kann.<\/li>\n\n\n\n<li>Auf diese im School-Kit enthaltenen Lizenzen finden die <a href=\"https:\/\/stg.visualarq.com\/de\/sales\/proof-of-academic-status\/\">\u00dcblichen Bedingungen einer Einzelnutzerlizenz<\/a> Anwendung.<\/li>\n\n\n\n<li>Dieses Angebot gilt nur f\u00fcr Schulen, Hochschulen und Universit\u00e4ten, (<a href=\"https:\/\/stg.visualarq.com\/de\/sales\/proof-of-academic-status\/\">Nachweis des Status als Bildungseinrichtung<\/a> ist erforderlich).<\/li>\n\n\n\n<li>Einzelpersonen (Ausbilder und Studenten) k\u00f6nnen die standardm\u00e4\u00dfigen <a href=\"\/sales\/#tab|1\">Schulprodukte<\/a> jederzeit bestellen.<\/li>\n\n\n\n<li>Falls die Schule nicht die erforderliche Mindestzahl von Einzelnutzer-Schullizenzen erreicht, k\u00f6nnen Sie eine <a href=\"\/sales\/#tab|1\">VisualARQ-Schullizenz<\/a> zum Standardpreis erwerben.<\/li>\n<\/ul>\n","protected":false},"excerpt":{"rendered":"<p>School-Kit: Ein VisualARQ-School-Kit ist ein Gro\u00dfeinkauf f\u00fcr eine Schule, bestehend aus einem Satz von (30+) Einzelnutzer-Schullizenzen zum Sonderpreis:<\/p>\n","protected":false},"author":6,"featured_media":0,"parent":11226,"menu_order":0,"comment_status":"closed","ping_status":"closed","template":"","meta":{"_et_pb_use_builder":"","_et_pb_old_content":"","_et_gb_content_width":"","footnotes":""},"class_list":["post-31888","page","type-page","status-publish","hentry"],"yoast_head":"<!-- This site is optimized with the Yoast SEO plugin v27.2 - https:\/\/yoast.com\/product\/yoast-seo-wordpress\/ -->\n<title>School-Kit - VisualARQ<\/title>\n<meta name=\"robots\" content=\"noindex, follow, max-snippet:-1, max-image-preview:large, max-video-preview:-1\" \/>\n<meta property=\"og:locale\" content=\"de_DE\" \/>\n<meta property=\"og:type\" content=\"article\" \/>\n<meta property=\"og:title\" content=\"School-Kit - VisualARQ\" \/>\n<meta property=\"og:description\" content=\"School-Kit: Ein VisualARQ-School-Kit ist ein Gro\u00dfeinkauf f\u00fcr eine Schule, bestehend aus einem Satz von (30+) Einzelnutzer-Schullizenzen zum Sonderpreis:\" \/>\n<meta property=\"og:url\" content=\"https:\/\/stg.visualarq.com\/de\/sales\/school-kit\/\" \/>\n<meta property=\"og:site_name\" content=\"VisualARQ\" \/>\n<meta property=\"article:publisher\" content=\"https:\/\/www.facebook.com\/visualarq\" \/>\n<meta property=\"article:modified_time\" content=\"2023-08-03T12:10:03+00:00\" \/>\n<meta name=\"twitter:card\" content=\"summary_large_image\" \/>\n<meta name=\"twitter:site\" content=\"@VisualARQ\" \/>\n<script type=\"application\/ld+json\" class=\"yoast-schema-graph\">{\"@context\":\"https:\/\/schema.org\",\"@graph\":[{\"@type\":\"WebPage\",\"@id\":\"https:\/\/stg.visualarq.com\/de\/sales\/school-kit\/\",\"url\":\"https:\/\/stg.visualarq.com\/de\/sales\/school-kit\/\",\"name\":\"School-Kit - VisualARQ\",\"isPartOf\":{\"@id\":\"https:\/\/stg.visualarq.com\/de\/#website\"},\"datePublished\":\"2023-06-13T15:02:46+00:00\",\"dateModified\":\"2023-08-03T12:10:03+00:00\",\"breadcrumb\":{\"@id\":\"https:\/\/stg.visualarq.com\/de\/sales\/school-kit\/#breadcrumb\"},\"inLanguage\":\"de\",\"potentialAction\":[{\"@type\":\"ReadAction\",\"target\":[\"https:\/\/stg.visualarq.com\/de\/sales\/school-kit\/\"]}]},{\"@type\":\"BreadcrumbList\",\"@id\":\"https:\/\/stg.visualarq.com\/de\/sales\/school-kit\/#breadcrumb\",\"itemListElement\":[{\"@type\":\"ListItem\",\"position\":1,\"name\":\"Home\",\"item\":\"https:\/\/stg.visualarq.com\/de\/home\/\"},{\"@type\":\"ListItem\",\"position\":2,\"name\":\"Vertrieb\",\"item\":\"https:\/\/stg.visualarq.com\/de\/sales\/\"},{\"@type\":\"ListItem\",\"position\":3,\"name\":\"School-Kit\"}]},{\"@type\":\"WebSite\",\"@id\":\"https:\/\/stg.visualarq.com\/de\/#website\",\"url\":\"https:\/\/stg.visualarq.com\/de\/\",\"name\":\"VisualARQ\",\"description\":\"Flexible BIM for Rhino\",\"potentialAction\":[{\"@type\":\"SearchAction\",\"target\":{\"@type\":\"EntryPoint\",\"urlTemplate\":\"https:\/\/stg.visualarq.com\/de\/?s={search_term_string}\"},\"query-input\":{\"@type\":\"PropertyValueSpecification\",\"valueRequired\":true,\"valueName\":\"search_term_string\"}}],\"inLanguage\":\"de\"}]}<\/script>\n<!-- \/ Yoast SEO plugin. -->","yoast_head_json":{"title":"School-Kit - VisualARQ","robots":{"index":"noindex","follow":"follow","max-snippet":"max-snippet:-1","max-image-preview":"max-image-preview:large","max-video-preview":"max-video-preview:-1"},"og_locale":"de_DE","og_type":"article","og_title":"School-Kit - VisualARQ","og_description":"School-Kit: Ein VisualARQ-School-Kit ist ein Gro\u00dfeinkauf f\u00fcr eine Schule, bestehend aus einem Satz von (30+) Einzelnutzer-Schullizenzen zum Sonderpreis:","og_url":"https:\/\/stg.visualarq.com\/de\/sales\/school-kit\/","og_site_name":"VisualARQ","article_publisher":"https:\/\/www.facebook.com\/visualarq","article_modified_time":"2023-08-03T12:10:03+00:00","twitter_card":"summary_large_image","twitter_site":"@VisualARQ","schema":{"@context":"https:\/\/schema.org","@graph":[{"@type":"WebPage","@id":"https:\/\/stg.visualarq.com\/de\/sales\/school-kit\/","url":"https:\/\/stg.visualarq.com\/de\/sales\/school-kit\/","name":"School-Kit - VisualARQ","isPartOf":{"@id":"https:\/\/stg.visualarq.com\/de\/#website"},"datePublished":"2023-06-13T15:02:46+00:00","dateModified":"2023-08-03T12:10:03+00:00","breadcrumb":{"@id":"https:\/\/stg.visualarq.com\/de\/sales\/school-kit\/#breadcrumb"},"inLanguage":"de","potentialAction":[{"@type":"ReadAction","target":["https:\/\/stg.visualarq.com\/de\/sales\/school-kit\/"]}]},{"@type":"BreadcrumbList","@id":"https:\/\/stg.visualarq.com\/de\/sales\/school-kit\/#breadcrumb","itemListElement":[{"@type":"ListItem","position":1,"name":"Home","item":"https:\/\/stg.visualarq.com\/de\/home\/"},{"@type":"ListItem","position":2,"name":"Vertrieb","item":"https:\/\/stg.visualarq.com\/de\/sales\/"},{"@type":"ListItem","position":3,"name":"School-Kit"}]},{"@type":"WebSite","@id":"https:\/\/stg.visualarq.com\/de\/#website","url":"https:\/\/stg.visualarq.com\/de\/","name":"VisualARQ","description":"Flexible BIM for Rhino","potentialAction":[{"@type":"SearchAction","target":{"@type":"EntryPoint","urlTemplate":"https:\/\/stg.visualarq.com\/de\/?s={search_term_string}"},"query-input":{"@type":"PropertyValueSpecification","valueRequired":true,"valueName":"search_term_string"}}],"inLanguage":"de"}]}},"_links":{"self":[{"href":"https:\/\/stg.visualarq.com\/de\/wp-json\/wp\/v2\/pages\/31888","targetHints":{"allow":["GET"]}}],"collection":[{"href":"https:\/\/stg.visualarq.com\/de\/wp-json\/wp\/v2\/pages"}],"about":[{"href":"https:\/\/stg.visualarq.com\/de\/wp-json\/wp\/v2\/types\/page"}],"author":[{"embeddable":true,"href":"https:\/\/stg.visualarq.com\/de\/wp-json\/wp\/v2\/users\/6"}],"replies":[{"embeddable":true,"href":"https:\/\/stg.visualarq.com\/de\/wp-json\/wp\/v2\/comments?post=31888"}],"version-history":[{"count":0,"href":"https:\/\/stg.visualarq.com\/de\/wp-json\/wp\/v2\/pages\/31888\/revisions"}],"up":[{"embeddable":true,"href":"https:\/\/stg.visualarq.com\/de\/wp-json\/wp\/v2\/pages\/11226"}],"wp:attachment":[{"href":"https:\/\/stg.visualarq.com\/de\/wp-json\/wp\/v2\/media?parent=31888"}],"curies":[{"name":"wp","href":"https:\/\/api.w.org\/{rel}","templated":true}]}}