{"id":32413,"date":"2024-01-10T11:31:24","date_gmt":"2024-01-10T11:31:24","guid":{"rendered":"https:\/\/stg.visualarq.com\/?page_id=32413"},"modified":"2024-08-28T14:31:54","modified_gmt":"2024-08-28T14:31:54","slug":"rhino8","status":"publish","type":"page","link":"https:\/\/stg.visualarq.com\/de\/download\/beta\/rhino8\/","title":{"rendered":"Rhinoceros 8"},"content":{"rendered":"\n<h1 class=\"wp-block-heading\">Vielen Dank f\u00fcr den Download von VisualARQ 3 Beta<\/h1>\n\n<p>Ihr Download f\u00fcr den Installer von <strong>VisualARQ 3 Beta f\u00fcr Rhinoceros 8<\/strong> beginnt in wenigen Sekunden. Sollte Ihr Download nicht automatisch beginnen, <a href=\"[download-link]\">klicken Sie hier<\/a>.<\/p>\n\n<h2 class=\"wp-block-heading\">Voraussetzungen<\/h2>\n\n<ul class=\"wp-block-list\">\n<li>Windows 10 \/ 11 (64-Bit)<\/li>\n\n\n\n<li>Rhino 8  (<a href=\"https:\/\/www.rhino3d.com\/download\/rhino-for-windows\/8\/latest\">oder neuere Version<\/a>)<\/li>\n<\/ul>\n\n\n<p><\/p>\n\n<h2 class=\"wp-block-heading\">Installationsanleitungen<\/h2>\n\n<ul class=\"wp-block-list\">\n<li>Folgen Sie den Anweisungen auf dem Bildschirm, um die Datei auf Ihrer Festplatte zu speichern.<\/li>\n\n\n\n<li>Schlie\u00dfen Sie alle laufenden Rhinoceros-Instanzen.<\/li>\n\n\n\n<li>Wenn Sie eine vorherige VisualARQ-Version installiert hatten, deinstallieren Sie diese anhand der Option &#8222;Programme hinzuf\u00fcgen oder l\u00f6schen&#8220;, die Sie in der Windows\u00ae Systemsteuerung finden.<\/li>\n\n\n\n<li>F\u00fchren Sie den heruntergeladenen Installer aus und folgen Sie den Anleitungen, bis die Installation abgeschlossen ist.<\/li>\n\n\n\n<li>Wenn ein Neustart erforderlich ist, starten Sie Ihren Computer neu, bevor Sie Rhinoceros ausf\u00fchren.<\/li>\n<\/ul>\n\n<p><\/p>\n\n<h2 class=\"wp-block-heading\">Best\u00e4tigung<\/h2>\n\n<p>Zum Betrieb von VisualARQ 3 ist eine Lizenz f\u00fcr VisualARQ 2 erforderlich. Wenn VisualARQ 2 bereits auf dem selben Ger\u00e4t best\u00e4tigt ist, auf dem Sie VisualARQ 3 installiert haben, wird Rhino die Lizenz automatisch erkennen. Ist dies jedoch nicht der Fall, m\u00fcssen Sie VisualARQ durch Eingabe des Befehls <strong><em>vaLizenz<\/em><\/strong> und Befolgung der entsprechenden Anleitungen best\u00e4tigen.<\/p>\n\n<p><\/p>\n\n<h2 class=\"wp-block-heading\">Dateien<\/h2>\n\n<ul class=\"wp-block-list\">\n<li>VisualARQ 3 \u00f6ffnet mit VisualARQ 2 oder VisualARQ 1 gespeicherte Dateien.<\/li>\n\n\n\n<li>Mit VisualARQ 3 gespeicherte Dateien werden in Rhino mit VisualARQ 2 nicht einwandfrei ausgef\u00fchrt.<\/li>\n<\/ul>\n\n<p><\/p>\n\n<h2 class=\"wp-block-heading\">Neue Eigenschaften<\/h2>\n\n<p>Die vollst\u00e4ndige Liste der Neufunktionen und Verbesserungen finden Sie in <a href=\"http:\/\/stg.visualarq.com\/features\/v3\/\">Neuheiten<\/a>.<\/p>\n","protected":false},"excerpt":{"rendered":"<p>Vielen Dank f\u00fcr den Download von VisualARQ 3 Beta Ihr Download f\u00fcr den Installer von VisualARQ 3 Beta f\u00fcr Rhinoceros 8 beginnt in wenigen Sekunden. Sollte Ihr Download nicht automatisch beginnen, klicken Sie hier. Voraussetzungen Installationsanleitungen Best\u00e4tigung Zum Betrieb von VisualARQ 3 ist eine Lizenz f\u00fcr VisualARQ 2 erforderlich. Wenn VisualARQ 2 bereits auf dem [&hellip;]<\/p>\n","protected":false},"author":6,"featured_media":0,"parent":33234,"menu_order":0,"comment_status":"closed","ping_status":"closed","template":"page-download.php","meta":{"_et_pb_use_builder":"","_et_pb_old_content":"","_et_gb_content_width":"","footnotes":""},"class_list":["post-32413","page","type-page","status-publish","hentry"],"yoast_head":"<!-- This site is optimized with the Yoast SEO plugin v27.3 - https:\/\/yoast.com\/product\/yoast-seo-wordpress\/ -->\n<title>Rhinoceros 8 - VisualARQ<\/title>\n<meta name=\"robots\" content=\"noindex, follow, max-snippet:-1, max-image-preview:large, max-video-preview:-1\" \/>\n<meta property=\"og:locale\" content=\"de_DE\" \/>\n<meta property=\"og:type\" content=\"article\" \/>\n<meta property=\"og:title\" content=\"Rhinoceros 8 - VisualARQ\" \/>\n<meta property=\"og:description\" content=\"Vielen Dank f\u00fcr den Download von VisualARQ 3 Beta Ihr Download f\u00fcr den Installer von VisualARQ 3 Beta f\u00fcr Rhinoceros 8 beginnt in wenigen Sekunden. Sollte Ihr Download nicht automatisch beginnen, klicken Sie hier. Voraussetzungen Installationsanleitungen Best\u00e4tigung Zum Betrieb von VisualARQ 3 ist eine Lizenz f\u00fcr VisualARQ 2 erforderlich. Wenn VisualARQ 2 bereits auf dem [&hellip;]\" \/>\n<meta property=\"og:url\" content=\"https:\/\/stg.visualarq.com\/de\/download\/beta\/rhino8\/\" \/>\n<meta property=\"og:site_name\" content=\"VisualARQ\" \/>\n<meta property=\"article:publisher\" content=\"https:\/\/www.facebook.com\/visualarq\" \/>\n<meta property=\"article:modified_time\" content=\"2024-08-28T14:31:54+00:00\" \/>\n<meta name=\"twitter:card\" content=\"summary_large_image\" \/>\n<meta name=\"twitter:site\" content=\"@VisualARQ\" \/>\n<meta name=\"twitter:label1\" content=\"Gesch\u00e4tzte Lesezeit\" \/>\n\t<meta name=\"twitter:data1\" content=\"1\u00a0Minute\" \/>\n<script type=\"application\/ld+json\" class=\"yoast-schema-graph\">{\"@context\":\"https:\\\/\\\/schema.org\",\"@graph\":[{\"@type\":\"WebPage\",\"@id\":\"https:\\\/\\\/stg.visualarq.com\\\/de\\\/download\\\/beta\\\/rhino8\\\/\",\"url\":\"https:\\\/\\\/stg.visualarq.com\\\/de\\\/download\\\/beta\\\/rhino8\\\/\",\"name\":\"Rhinoceros 8 - VisualARQ\",\"isPartOf\":{\"@id\":\"https:\\\/\\\/stg.visualarq.com\\\/de\\\/#website\"},\"datePublished\":\"2024-01-10T11:31:24+00:00\",\"dateModified\":\"2024-08-28T14:31:54+00:00\",\"breadcrumb\":{\"@id\":\"https:\\\/\\\/stg.visualarq.com\\\/de\\\/download\\\/beta\\\/rhino8\\\/#breadcrumb\"},\"inLanguage\":\"de\",\"potentialAction\":[{\"@type\":\"ReadAction\",\"target\":[\"https:\\\/\\\/stg.visualarq.com\\\/de\\\/download\\\/beta\\\/rhino8\\\/\"]}]},{\"@type\":\"BreadcrumbList\",\"@id\":\"https:\\\/\\\/stg.visualarq.com\\\/de\\\/download\\\/beta\\\/rhino8\\\/#breadcrumb\",\"itemListElement\":[{\"@type\":\"ListItem\",\"position\":1,\"name\":\"Home\",\"item\":\"https:\\\/\\\/stg.visualarq.com\\\/de\\\/home\\\/\"},{\"@type\":\"ListItem\",\"position\":2,\"name\":\"Download\",\"item\":\"https:\\\/\\\/stg.visualarq.com\\\/de\\\/download\\\/\"},{\"@type\":\"ListItem\",\"position\":3,\"name\":\"Beta\",\"item\":\"https:\\\/\\\/stg.visualarq.com\\\/de\\\/download\\\/beta\\\/\"},{\"@type\":\"ListItem\",\"position\":4,\"name\":\"Rhinoceros 8\"}]},{\"@type\":\"WebSite\",\"@id\":\"https:\\\/\\\/stg.visualarq.com\\\/de\\\/#website\",\"url\":\"https:\\\/\\\/stg.visualarq.com\\\/de\\\/\",\"name\":\"VisualARQ\",\"description\":\"Flexible BIM for Rhino\",\"potentialAction\":[{\"@type\":\"SearchAction\",\"target\":{\"@type\":\"EntryPoint\",\"urlTemplate\":\"https:\\\/\\\/stg.visualarq.com\\\/de\\\/?s={search_term_string}\"},\"query-input\":{\"@type\":\"PropertyValueSpecification\",\"valueRequired\":true,\"valueName\":\"search_term_string\"}}],\"inLanguage\":\"de\"}]}<\/script>\n<!-- \/ Yoast SEO plugin. -->","yoast_head_json":{"title":"Rhinoceros 8 - VisualARQ","robots":{"index":"noindex","follow":"follow","max-snippet":"max-snippet:-1","max-image-preview":"max-image-preview:large","max-video-preview":"max-video-preview:-1"},"og_locale":"de_DE","og_type":"article","og_title":"Rhinoceros 8 - VisualARQ","og_description":"Vielen Dank f\u00fcr den Download von VisualARQ 3 Beta Ihr Download f\u00fcr den Installer von VisualARQ 3 Beta f\u00fcr Rhinoceros 8 beginnt in wenigen Sekunden. Sollte Ihr Download nicht automatisch beginnen, klicken Sie hier. Voraussetzungen Installationsanleitungen Best\u00e4tigung Zum Betrieb von VisualARQ 3 ist eine Lizenz f\u00fcr VisualARQ 2 erforderlich. Wenn VisualARQ 2 bereits auf dem [&hellip;]","og_url":"https:\/\/stg.visualarq.com\/de\/download\/beta\/rhino8\/","og_site_name":"VisualARQ","article_publisher":"https:\/\/www.facebook.com\/visualarq","article_modified_time":"2024-08-28T14:31:54+00:00","twitter_card":"summary_large_image","twitter_site":"@VisualARQ","twitter_misc":{"Gesch\u00e4tzte Lesezeit":"1\u00a0Minute"},"schema":{"@context":"https:\/\/schema.org","@graph":[{"@type":"WebPage","@id":"https:\/\/stg.visualarq.com\/de\/download\/beta\/rhino8\/","url":"https:\/\/stg.visualarq.com\/de\/download\/beta\/rhino8\/","name":"Rhinoceros 8 - VisualARQ","isPartOf":{"@id":"https:\/\/stg.visualarq.com\/de\/#website"},"datePublished":"2024-01-10T11:31:24+00:00","dateModified":"2024-08-28T14:31:54+00:00","breadcrumb":{"@id":"https:\/\/stg.visualarq.com\/de\/download\/beta\/rhino8\/#breadcrumb"},"inLanguage":"de","potentialAction":[{"@type":"ReadAction","target":["https:\/\/stg.visualarq.com\/de\/download\/beta\/rhino8\/"]}]},{"@type":"BreadcrumbList","@id":"https:\/\/stg.visualarq.com\/de\/download\/beta\/rhino8\/#breadcrumb","itemListElement":[{"@type":"ListItem","position":1,"name":"Home","item":"https:\/\/stg.visualarq.com\/de\/home\/"},{"@type":"ListItem","position":2,"name":"Download","item":"https:\/\/stg.visualarq.com\/de\/download\/"},{"@type":"ListItem","position":3,"name":"Beta","item":"https:\/\/stg.visualarq.com\/de\/download\/beta\/"},{"@type":"ListItem","position":4,"name":"Rhinoceros 8"}]},{"@type":"WebSite","@id":"https:\/\/stg.visualarq.com\/de\/#website","url":"https:\/\/stg.visualarq.com\/de\/","name":"VisualARQ","description":"Flexible BIM for Rhino","potentialAction":[{"@type":"SearchAction","target":{"@type":"EntryPoint","urlTemplate":"https:\/\/stg.visualarq.com\/de\/?s={search_term_string}"},"query-input":{"@type":"PropertyValueSpecification","valueRequired":true,"valueName":"search_term_string"}}],"inLanguage":"de"}]}},"_links":{"self":[{"href":"https:\/\/stg.visualarq.com\/de\/wp-json\/wp\/v2\/pages\/32413","targetHints":{"allow":["GET"]}}],"collection":[{"href":"https:\/\/stg.visualarq.com\/de\/wp-json\/wp\/v2\/pages"}],"about":[{"href":"https:\/\/stg.visualarq.com\/de\/wp-json\/wp\/v2\/types\/page"}],"author":[{"embeddable":true,"href":"https:\/\/stg.visualarq.com\/de\/wp-json\/wp\/v2\/users\/6"}],"replies":[{"embeddable":true,"href":"https:\/\/stg.visualarq.com\/de\/wp-json\/wp\/v2\/comments?post=32413"}],"version-history":[{"count":0,"href":"https:\/\/stg.visualarq.com\/de\/wp-json\/wp\/v2\/pages\/32413\/revisions"}],"up":[{"embeddable":true,"href":"https:\/\/stg.visualarq.com\/de\/wp-json\/wp\/v2\/pages\/33234"}],"wp:attachment":[{"href":"https:\/\/stg.visualarq.com\/de\/wp-json\/wp\/v2\/media?parent=32413"}],"curies":[{"name":"wp","href":"https:\/\/api.w.org\/{rel}","templated":true}]}}