{"id":33234,"date":"2024-01-10T11:32:59","date_gmt":"2024-01-10T11:32:59","guid":{"rendered":"https:\/\/stg.visualarq.com\/download\/beta\/"},"modified":"2024-01-24T08:26:33","modified_gmt":"2024-01-24T08:26:33","slug":"beta","status":"publish","type":"page","link":"https:\/\/stg.visualarq.com\/de\/download\/beta\/","title":{"rendered":"Beta"},"content":{"rendered":"\n<h1 class=\"wp-block-heading\">Laden Sie VisualARQ 3 Beta herunter<\/h1>\n\n<div class=\"wp-block-columns is-layout-flex wp-container-core-columns-is-layout-9d6595d7 wp-block-columns-is-layout-flex\">\n<div class=\"wp-block-column is-layout-flow wp-block-column-is-layout-flow\">\n<h3 class=\"wp-block-heading\">Testen Sie VisualARQ 3 Beta<\/h3>\n\n\n\n<p>Wenn Sie eine Lizenz f\u00fcr VisualARQ 2 besitzen, k\u00f6nnen Sie bereits die aktuelle Beta-Version von VisualARQ 3 ausprobieren.<\/p>\n\n\n\n<p>F\u00fcllen Sie das Formular aus, um einen Download-Link zu erhalten (<strong>nur f\u00fcr Rhino 8<\/strong>).<\/p>\n\n\n\n<p><\/p>\n\n\n\n<h3 class=\"wp-block-heading\">Neuheiten in VisualARQ 3<\/h3>\n\n\n\n<p>Lernen Sie die Neufunktionen, die Sie mit der aktuellen Beta-Version von VisualARQ 3 testen k\u00f6nnen, auf der <a href=\"https:\/\/stg.visualarq.com\/de\/features\/v3\/\">Seite f\u00fcr Neuheiten<\/a> kennen.<\/p>\n\n\n\n<p><\/p>\n\n\n\n<h3 class=\"wp-block-heading\">Nach Updates suchen<\/h3>\n\n\n\n<p>Die VisualARQ-3-Beta-Versionen verfallen in 60 Tagen. Suchen Sie nach neuen Updates. <\/p>\n<\/div>\n\n\n\n<div class=\"wp-block-column is-layout-flow wp-block-column-is-layout-flow\"><div class=\"div-sobre-iframe\"><iframe loading=\"lazy\" onload=\"iFrameResize()\" src=\"https:\/\/fz2.asuni.com\/form\/?fz=74&lang=de\" width=\"100%\" height=\"40px\" frameborder=\"0\">Form<\/iframe><\/div>\n<\/div>\n<\/div>\n","protected":false},"excerpt":{"rendered":"<p>Laden Sie VisualARQ 3 Beta herunter Testen Sie VisualARQ 3 Beta Wenn Sie eine Lizenz f\u00fcr VisualARQ 2 besitzen, k\u00f6nnen Sie bereits die aktuelle Beta-Version von VisualARQ 3 ausprobieren. F\u00fcllen Sie das Formular aus, um einen Download-Link zu erhalten (nur f\u00fcr Rhino 8). Neuheiten in VisualARQ 3 Lernen Sie die Neufunktionen, die Sie mit der [&hellip;]<\/p>\n","protected":false},"author":6,"featured_media":0,"parent":11366,"menu_order":0,"comment_status":"closed","ping_status":"closed","template":"page-download.php","meta":{"_et_pb_use_builder":"","_et_pb_old_content":"","_et_gb_content_width":"","footnotes":""},"class_list":["post-33234","page","type-page","status-publish","hentry"],"yoast_head":"<!-- This site is optimized with the Yoast SEO plugin v27.3 - https:\/\/yoast.com\/product\/yoast-seo-wordpress\/ -->\n<title>Beta - VisualARQ<\/title>\n<meta name=\"robots\" content=\"noindex, follow, max-snippet:-1, max-image-preview:large, max-video-preview:-1\" \/>\n<meta property=\"og:locale\" content=\"de_DE\" \/>\n<meta property=\"og:type\" content=\"article\" \/>\n<meta property=\"og:title\" content=\"Beta - VisualARQ\" \/>\n<meta property=\"og:description\" content=\"Laden Sie VisualARQ 3 Beta herunter Testen Sie VisualARQ 3 Beta Wenn Sie eine Lizenz f\u00fcr VisualARQ 2 besitzen, k\u00f6nnen Sie bereits die aktuelle Beta-Version von VisualARQ 3 ausprobieren. F\u00fcllen Sie das Formular aus, um einen Download-Link zu erhalten (nur f\u00fcr Rhino 8). Neuheiten in VisualARQ 3 Lernen Sie die Neufunktionen, die Sie mit der [&hellip;]\" \/>\n<meta property=\"og:url\" content=\"https:\/\/stg.visualarq.com\/de\/download\/beta\/\" \/>\n<meta property=\"og:site_name\" content=\"VisualARQ\" \/>\n<meta property=\"article:publisher\" content=\"https:\/\/www.facebook.com\/visualarq\" \/>\n<meta property=\"article:modified_time\" content=\"2024-01-24T08:26:33+00:00\" \/>\n<meta name=\"twitter:card\" content=\"summary_large_image\" \/>\n<meta name=\"twitter:site\" content=\"@VisualARQ\" \/>\n<script type=\"application\/ld+json\" class=\"yoast-schema-graph\">{\"@context\":\"https:\\\/\\\/schema.org\",\"@graph\":[{\"@type\":\"WebPage\",\"@id\":\"https:\\\/\\\/stg.visualarq.com\\\/de\\\/download\\\/beta\\\/\",\"url\":\"https:\\\/\\\/stg.visualarq.com\\\/de\\\/download\\\/beta\\\/\",\"name\":\"Beta - VisualARQ\",\"isPartOf\":{\"@id\":\"https:\\\/\\\/stg.visualarq.com\\\/de\\\/#website\"},\"datePublished\":\"2024-01-10T11:32:59+00:00\",\"dateModified\":\"2024-01-24T08:26:33+00:00\",\"breadcrumb\":{\"@id\":\"https:\\\/\\\/stg.visualarq.com\\\/de\\\/download\\\/beta\\\/#breadcrumb\"},\"inLanguage\":\"de\",\"potentialAction\":[{\"@type\":\"ReadAction\",\"target\":[\"https:\\\/\\\/stg.visualarq.com\\\/de\\\/download\\\/beta\\\/\"]}]},{\"@type\":\"BreadcrumbList\",\"@id\":\"https:\\\/\\\/stg.visualarq.com\\\/de\\\/download\\\/beta\\\/#breadcrumb\",\"itemListElement\":[{\"@type\":\"ListItem\",\"position\":1,\"name\":\"Home\",\"item\":\"https:\\\/\\\/stg.visualarq.com\\\/de\\\/home\\\/\"},{\"@type\":\"ListItem\",\"position\":2,\"name\":\"Download\",\"item\":\"https:\\\/\\\/stg.visualarq.com\\\/de\\\/download\\\/\"},{\"@type\":\"ListItem\",\"position\":3,\"name\":\"Beta\"}]},{\"@type\":\"WebSite\",\"@id\":\"https:\\\/\\\/stg.visualarq.com\\\/de\\\/#website\",\"url\":\"https:\\\/\\\/stg.visualarq.com\\\/de\\\/\",\"name\":\"VisualARQ\",\"description\":\"Flexible BIM for Rhino\",\"potentialAction\":[{\"@type\":\"SearchAction\",\"target\":{\"@type\":\"EntryPoint\",\"urlTemplate\":\"https:\\\/\\\/stg.visualarq.com\\\/de\\\/?s={search_term_string}\"},\"query-input\":{\"@type\":\"PropertyValueSpecification\",\"valueRequired\":true,\"valueName\":\"search_term_string\"}}],\"inLanguage\":\"de\"}]}<\/script>\n<!-- \/ Yoast SEO plugin. -->","yoast_head_json":{"title":"Beta - VisualARQ","robots":{"index":"noindex","follow":"follow","max-snippet":"max-snippet:-1","max-image-preview":"max-image-preview:large","max-video-preview":"max-video-preview:-1"},"og_locale":"de_DE","og_type":"article","og_title":"Beta - VisualARQ","og_description":"Laden Sie VisualARQ 3 Beta herunter Testen Sie VisualARQ 3 Beta Wenn Sie eine Lizenz f\u00fcr VisualARQ 2 besitzen, k\u00f6nnen Sie bereits die aktuelle Beta-Version von VisualARQ 3 ausprobieren. F\u00fcllen Sie das Formular aus, um einen Download-Link zu erhalten (nur f\u00fcr Rhino 8). Neuheiten in VisualARQ 3 Lernen Sie die Neufunktionen, die Sie mit der [&hellip;]","og_url":"https:\/\/stg.visualarq.com\/de\/download\/beta\/","og_site_name":"VisualARQ","article_publisher":"https:\/\/www.facebook.com\/visualarq","article_modified_time":"2024-01-24T08:26:33+00:00","twitter_card":"summary_large_image","twitter_site":"@VisualARQ","schema":{"@context":"https:\/\/schema.org","@graph":[{"@type":"WebPage","@id":"https:\/\/stg.visualarq.com\/de\/download\/beta\/","url":"https:\/\/stg.visualarq.com\/de\/download\/beta\/","name":"Beta - VisualARQ","isPartOf":{"@id":"https:\/\/stg.visualarq.com\/de\/#website"},"datePublished":"2024-01-10T11:32:59+00:00","dateModified":"2024-01-24T08:26:33+00:00","breadcrumb":{"@id":"https:\/\/stg.visualarq.com\/de\/download\/beta\/#breadcrumb"},"inLanguage":"de","potentialAction":[{"@type":"ReadAction","target":["https:\/\/stg.visualarq.com\/de\/download\/beta\/"]}]},{"@type":"BreadcrumbList","@id":"https:\/\/stg.visualarq.com\/de\/download\/beta\/#breadcrumb","itemListElement":[{"@type":"ListItem","position":1,"name":"Home","item":"https:\/\/stg.visualarq.com\/de\/home\/"},{"@type":"ListItem","position":2,"name":"Download","item":"https:\/\/stg.visualarq.com\/de\/download\/"},{"@type":"ListItem","position":3,"name":"Beta"}]},{"@type":"WebSite","@id":"https:\/\/stg.visualarq.com\/de\/#website","url":"https:\/\/stg.visualarq.com\/de\/","name":"VisualARQ","description":"Flexible BIM for Rhino","potentialAction":[{"@type":"SearchAction","target":{"@type":"EntryPoint","urlTemplate":"https:\/\/stg.visualarq.com\/de\/?s={search_term_string}"},"query-input":{"@type":"PropertyValueSpecification","valueRequired":true,"valueName":"search_term_string"}}],"inLanguage":"de"}]}},"_links":{"self":[{"href":"https:\/\/stg.visualarq.com\/de\/wp-json\/wp\/v2\/pages\/33234","targetHints":{"allow":["GET"]}}],"collection":[{"href":"https:\/\/stg.visualarq.com\/de\/wp-json\/wp\/v2\/pages"}],"about":[{"href":"https:\/\/stg.visualarq.com\/de\/wp-json\/wp\/v2\/types\/page"}],"author":[{"embeddable":true,"href":"https:\/\/stg.visualarq.com\/de\/wp-json\/wp\/v2\/users\/6"}],"replies":[{"embeddable":true,"href":"https:\/\/stg.visualarq.com\/de\/wp-json\/wp\/v2\/comments?post=33234"}],"version-history":[{"count":0,"href":"https:\/\/stg.visualarq.com\/de\/wp-json\/wp\/v2\/pages\/33234\/revisions"}],"up":[{"embeddable":true,"href":"https:\/\/stg.visualarq.com\/de\/wp-json\/wp\/v2\/pages\/11366"}],"wp:attachment":[{"href":"https:\/\/stg.visualarq.com\/de\/wp-json\/wp\/v2\/media?parent=33234"}],"curies":[{"name":"wp","href":"https:\/\/api.w.org\/{rel}","templated":true}]}}