{"id":39237,"date":"2024-09-04T13:52:37","date_gmt":"2024-09-04T13:52:37","guid":{"rendered":"https:\/\/stg.visualarq.com\/haendler\/"},"modified":"2026-01-07T12:34:56","modified_gmt":"2026-01-07T12:34:56","slug":"reseller","status":"publish","type":"page","link":"https:\/\/stg.visualarq.com\/de\/reseller\/","title":{"rendered":"Reseller"},"content":{"rendered":"[et_pb_section fb_built=&#8220;1&#8243; _builder_version=&#8220;4.16&#8243; da_disable_devices=&#8220;off|off|off&#8220; global_colors_info=&#8220;{}&#8220; da_is_popup=&#8220;off&#8220; da_exit_intent=&#8220;off&#8220; da_has_close=&#8220;on&#8220; da_alt_close=&#8220;off&#8220; da_dark_close=&#8220;off&#8220; da_not_modal=&#8220;on&#8220; da_is_singular=&#8220;off&#8220; da_with_loader=&#8220;off&#8220; da_has_shadow=&#8220;on&#8220;][et_pb_row _builder_version=&#8220;4.16&#8243; global_colors_info=&#8220;{}&#8220;][et_pb_column type=&#8220;4_4&#8243; _builder_version=&#8220;4.16&#8243; global_colors_info=&#8220;{}&#8220;][et_pb_post_title meta=&#8220;off&#8220; featured_image=&#8220;off&#8220; _builder_version=&#8220;4.16&#8243; global_colors_info=&#8220;{}&#8220;][\/et_pb_post_title][et_pb_text ul_item_indent=&#8220;8px&#8220; admin_label=&#8220;Menu&#8220; _builder_version=&#8220;4.27.0&#8243; global_colors_info=&#8220;{}&#8220;]<ul>\n<li><strong><a href=\"#newreseller\">Neue H\u00e4ndler<\/a><\/strong><\/li>\n<li><strong><a href=\"#rsk\">H\u00e4ndler-Starter-Kit<\/a><\/strong><\/li>\n<li><strong><a href=\"#ordering\">Bestellung und Preisliste<\/a><\/strong><\/li>\n<li><strong><a href=\"#discounts\">H\u00e4ndlerpreisnachl\u00e4sse<\/a><\/strong><\/li>\n<li><strong><a href=\"#marketing\">Marketing<\/a><\/strong><\/li>\n<\/ul>[\/et_pb_text][et_pb_divider _builder_version=&#8220;4.16&#8243; global_colors_info=&#8220;{}&#8220;][\/et_pb_divider][et_pb_text admin_label=&#8220;New Resellers&#8220; module_id=&#8220;newreseller&#8220; _builder_version=&#8220;4.27.0&#8243; global_colors_info=&#8220;{}&#8220;]<h2><strong>Neue H\u00e4ndler<\/strong><\/h2>\n<p>Um offizieller VisualARQ-H\u00e4ndler zu werden,<\/p>\n<p><strong>m\u00fcssen Sie folgendes tun:<\/strong><\/p>\n<ol>\n<li>Lesen Sie die <strong>Voraussetzungen<\/strong> f\u00fcr H\u00e4ndler:\n<ul>\n<li>H\u00e4ndler m\u00fcssen auf ihrer Website aktuelle Informationen zu VisualARQ anbieten.<\/li>\n<li>Wir bieten eine 100%ige Zufriedenheitsgarantie Von unseren H\u00e4ndlern erwarten wir, dass sie dies ebenfalls tun.<\/li>\n<li>Wir bieten unbegrenzte technische Unterst\u00fctzung f\u00fcr H\u00e4ndler und Endbenutzer.<\/li>\n<li>H\u00e4ndler sind autorisiert, an Endbenutzer oder andere H\u00e4ndler in ihrem jeweiligen  Land zu verkaufen. (Um au\u00dferhalb Ihres Landes zu verkaufen, setzen Sie sich mit Asuni CAD in Verbindung.)<\/li>\n<\/ul>\n<\/li>\n<li>F\u00fcllen Sie das <strong><a href=\"https:\/\/stg.visualarq.com\/de\/reseller\/application-form\/\">Antragsformular f\u00fcr H\u00e4ndler<\/a> aus.<\/strong><\/li>\n<li>Vereinbaren Sie ein Online-Treffen mit einem Mitglied des Asuni-Teams, um eine vollst\u00e4ndige Demo von VisualARQ zu sehen. Schreiben Sie an <a href=\"mailto:landsdesign@asuni.com\">visualarq@asuni.com<\/a>, um das Treffen zu vereinbaren.<\/li>\n<li>Bestellen Sie ein <strong>H\u00e4ndler-Starter-Kit<\/strong> f\u00fcr VisualARQ beim Asuni-Store (Anmeldedaten erhalten Sie nach Ausf\u00fcllen des Antragsformulars f\u00fcr H\u00e4ndler). (Nicht erforderlich, wenn Sie bereits H\u00e4ndler von Lands Design sind).<\/li>\n<li>Aktualisieren Sie Ihre Website mit Informationen \u00fcber VisualARQ. Verwenden Sie zu diesem Zweck das\u00a0<a href=\"#marketing\">Marketing-Material<\/a>..<\/li>\n<\/ol>\n<p><strong>Daf\u00fcr bieten wir Ihnen:<\/strong><\/p>\n<ul>\n<li>Aufnahme Ihrer Kontaktinformationen auf der\u00a0<a href=\"https:\/\/stg.visualarq.com\/de\/sales\/\">H\u00e4ndlerseite<\/a>\u00a0unserer Website, damit Kunden Sie finden k\u00f6nnen.<\/li>\n<li>Unterst\u00fctzung f\u00fcr Veranstaltungen, Newsletter und sonstige Marketingstrategien.<\/li>\n<li>Enge Zusammenarbeit bei jeder Art von Unterst\u00fctzung.<\/li>\n<li>Eine NFR-Lab-Lizenz f\u00fcr VisualARQ (im H\u00e4ndler-Kit enthalten).<\/li>\n<li>Eine NFR-Lab-Lizenz f\u00fcr\u00a0Lands Design<\/li>\n<\/ul>[\/et_pb_text][et_pb_divider _builder_version=&#8220;4.16&#8243; global_colors_info=&#8220;{}&#8220;][\/et_pb_divider][et_pb_text admin_label=&#8220;Reseller Starter Kit&#8220; module_id=&#8220;rsk&#8220; _builder_version=&#8220;4.27.0&#8243; global_colors_info=&#8220;{}&#8220;]<h2><strong>H\u00e4ndler-Starter-Kit<\/strong><\/h2>\n<p>Das H\u00e4ndler-Starter-Kit f\u00fcr VisualARQ kostet US$795 und enth\u00e4lt:<\/p>\n<ul>\n<li>Eine <strong>nicht wiederverk\u00e4ufliche<\/strong> VisualARQ-LAB-Version f\u00fcr Sie.<\/li>\n<li>Eine <strong>nicht wiederverk\u00e4ufliche<\/strong> LAB-Version von Lands Design f\u00fcr Sie.<\/li>\n<li>Zwei kommerzielle VisualARQ-Versionen <strong>f\u00fcr den Wiederverkauf<\/strong>.<\/li>\n<\/ul>[\/et_pb_text][et_pb_divider _builder_version=&#8220;4.16&#8243; global_colors_info=&#8220;{}&#8220;][\/et_pb_divider][et_pb_text admin_label=&#8220;Ordering&#8220; module_id=&#8220;ordering&#8220; _builder_version=&#8220;4.27.0&#8243; global_colors_info=&#8220;{}&#8220;]<h2><strong>Bestellung und Preisliste<\/strong><\/h2>\n<p>Nur f\u00fcr H\u00e4ndler. VisualARQ-Bestellungen werden online \u00fcber den\u00a0<strong><a href=\"https:\/\/shop.asuni.com\/\">Asuni Store<\/a><\/strong> verwaltet. Der Asuni Store berechnet H\u00e4ndlerpreisnachl\u00e4sse nach der Bestellgr\u00f6\u00dfe und erm\u00f6glicht Zahlung mittels Kreditkarte und elektronischen Zahlungsverkehr. Als VisualARQ-H\u00e4ndler bekommen Sie einen Benutzernamen und ein Passwort f\u00fcr die Website.<\/p>\n<p>Die Website finden Sie hier: <strong><a href=\"https:\/\/shop.asuni.com\/\">Asuni Store<\/a><\/strong><\/p>\n<p>Die VisualARQ-Preisliste finden Sie <a href=\"https:\/\/stg.visualarq.com\/de\/sales\/\">hier<\/a>.<\/p>[\/et_pb_text][et_pb_divider _builder_version=&#8220;4.16&#8243; global_colors_info=&#8220;{}&#8220;][\/et_pb_divider][et_pb_text admin_label=&#8220;Discounts&#8220; module_id=&#8220;discounts&#8220; _builder_version=&#8220;4.27.0&#8243; global_colors_info=&#8220;{}&#8220;]<h2><strong>Preisnachl\u00e4sse<\/strong><\/h2>\n<p>Der Preisnachlass f\u00fcr H\u00e4ndler h\u00e4ngt von der Bestellgr\u00f6\u00dfe ab:<\/p>\n<table id=\"table1\" border=\"0\" cellspacing=\"0\" cellpadding=\"0\">\n<tbody>\n<tr>\n<td colspan=\"2\" valign=\"top\"><strong>Kommerzielle und Studentenlizenzen<\/strong><\/td>\n<\/tr>\n<tr>\n<td valign=\"top\">Menge<\/td>\n<td valign=\"top\">Preisnachlass<\/td>\n<\/tr>\n<tr>\n<td valign=\"top\">1<\/td>\n<td valign=\"top\">15%<\/td>\n<\/tr>\n<tr>\n<td valign=\"top\">2-9<\/td>\n<td valign=\"top\">25%<\/td>\n<\/tr>\n<tr>\n<td valign=\"top\">10+<\/td>\n<td valign=\"top\">35%<\/td>\n<\/tr>\n<\/tbody>\n<\/table>\n<p>\u00a0<\/p>\n<table id=\"table1\" border=\"0\" cellspacing=\"0\" cellpadding=\"0\">\n<tbody>\n<tr>\n<td colspan=\"2\" valign=\"top\"><strong>LAB-Lizenzen und Schul-Kits\u00a0<\/strong><\/td>\n<\/tr>\n<tr>\n<td valign=\"top\">Menge<\/td>\n<td valign=\"top\">Preisnachlass<\/td>\n<\/tr>\n<tr>\n<td valign=\"top\">1+<\/td>\n<td valign=\"top\">30%<\/td>\n<\/tr>\n<\/tbody>\n<\/table>\n<p>\u00a0<\/p>[\/et_pb_text][et_pb_divider _builder_version=&#8220;4.16&#8243; global_colors_info=&#8220;{}&#8220;][\/et_pb_divider][et_pb_text admin_label=&#8220;Marketing&#8220; module_id=&#8220;marketing&#8220; _builder_version=&#8220;4.27.4&#8243; hover_enabled=&#8220;0&#8243; global_colors_info=&#8220;{}&#8220; sticky_enabled=&#8220;0&#8243;]<h2><strong>Marketing<\/strong><\/h2>\n<p>Marketing-Material f\u00fcr Ihre Webseite, Demos und Pr\u00e4sentationen:<\/p>\n<h4>Brosch\u00fcren<\/h4>\n<ul class='post-list'><li class='post'>\t<a href='\/wp-content\/uploads\/sites\/2\/marketing\/brochures\/VisualARQ 2-Flyer-2017_en.pdf' title='VisualARQ 2-Flyer-2017_en.pdf' download>VisualARQ 2-Flyer-2017_en.pdf\t<\/a><\/li><\/ul>\n<h4>Logos<\/h4>\n<ul class='post-list'><li class='post'>\t<a href='\/wp-content\/uploads\/sites\/2\/marketing\/logos\/VA 2 Icon 1000.png' title='VA 2 Icon 1000.png' download>VA 2 Icon 1000.png\t<\/a><\/li><li class='post'>\t<a href='\/wp-content\/uploads\/sites\/2\/marketing\/logos\/VisualARQ 2 Components for GH.png' title='VisualARQ 2 Components for GH.png' download>VisualARQ 2 Components for GH.png\t<\/a><\/li><li class='post'>\t<a href='\/wp-content\/uploads\/sites\/2\/marketing\/logos\/VisualARQ 2 Logo 3 500.png' title='VisualARQ 2 Logo 3 500.png' download>VisualARQ 2 Logo 3 500.png\t<\/a><\/li><li class='post'>\t<a href='\/wp-content\/uploads\/sites\/2\/marketing\/logos\/VisualARQ 2 logo 1500.png' title='VisualARQ 2 logo 1500.png' download>VisualARQ 2 logo 1500.png\t<\/a><\/li><li class='post'>\t<a href='\/wp-content\/uploads\/sites\/2\/marketing\/logos\/DEF_VisualARQ.ai' title='DEF_VisualARQ.ai' download>DEF_VisualARQ.ai\t<\/a><\/li><\/ul>\n<h4>Bilder<\/h4>\n<ul class='post-list'><li class='post'>\t<a href='\/wp-content\/uploads\/sites\/2\/marketing\/images\/MEDIATIC Section L7 VisualARQ2.jpg' title='MEDIATIC Section L7 VisualARQ2.jpg' download>MEDIATIC Section L7 VisualARQ2.jpg\t<\/a><\/li><li class='post'>\t<a href='\/wp-content\/uploads\/sites\/2\/marketing\/images\/MediaTIC Render VisualARQ2.jpg' title='MediaTIC Render VisualARQ2.jpg' download>MediaTIC Render VisualARQ2.jpg\t<\/a><\/li><li class='post'>\t<a href='\/wp-content\/uploads\/sites\/2\/marketing\/images\/Banner VisualARQ2.png' title='Banner VisualARQ2.png' download>Banner VisualARQ2.png\t<\/a><\/li><li class='post'>\t<a href='\/wp-content\/uploads\/sites\/2\/marketing\/images\/Banner4food4Rhino.png' title='Banner4food4Rhino.png' download>Banner4food4Rhino.png\t<\/a><\/li><\/ul>\n<h4>Modelle<\/h4>\n<ul class='post-list'><li class='post'>\t<a href='\/wp-content\/uploads\/sites\/2\/marketing\/models\/The Ville Savoye demo.3dm' title='The Ville Savoye demo.3dm' download>The Ville Savoye demo.3dm\t<\/a><\/li><\/ul>\n<h4>Videos<\/h4>\n<ul>\n<li><a href=\"https:\/\/stg.visualarq.com\/wp-content\/uploads\/2025\/12\/Whats-new-VA3-Compressed.mp4\">Neuheiten in VisualARQ 3<\/a><\/li>\n<li><a href=\"https:\/\/stg.visualarq.com\/wp-content\/uploads\/2024\/09\/Freeform-modeling-VA3.mp4\">Video: Freiformmodellierung<\/a><\/li>\n<li><a href=\"https:\/\/stg.visualarq.com\/wp-content\/uploads\/2024\/09\/IFC-VA3-WEB-Sample-Model.mp4\">Video: IFC<\/a><\/li>\n<li><a href=\"https:\/\/stg.visualarq.com\/wp-content\/uploads\/2024\/09\/Documentation-Home-Video-VA3-compressed.mp4\">Video: Dokumentationswerkzeuge<\/a><\/li>\n<li><a href=\"https:\/\/stg.visualarq.com\/wp-content\/uploads\/2024\/09\/VA-GH-Components-Video-1024x720-Q40.mp4\">Video: Grasshopper-Integrierung<\/a><\/li>\n<\/ul>\n<h4>Sonstige<\/h4>\n<ul>\n<li><a href=\"https:\/\/www.flickr.com\/photos\/28656665@N02\/\" target=\"_blank\" rel=\"noopener noreferrer\">Bilder (VisualARQ auf Flickr)<\/a><\/li>\n<li><a href=\"https:\/\/www.youtube.com\/user\/VisualARQ\" target=\"_blank\" rel=\"noopener noreferrer\">Videos (VisualARQ auf YouTube)<\/a><\/li>\n<\/ul>\n<p>\u00a0<\/p>[\/et_pb_text][\/et_pb_column][\/et_pb_row][\/et_pb_section]","protected":false},"excerpt":{"rendered":"<p>Neue H\u00e4ndler H\u00e4ndler-Starter-Kit Bestellung und Preisliste H\u00e4ndlerpreisnachl\u00e4sse Marketing Neue H\u00e4ndler Um offizieller VisualARQ-H\u00e4ndler zu werden, m\u00fcssen Sie folgendes tun: Lesen Sie die Voraussetzungen f\u00fcr H\u00e4ndler: H\u00e4ndler m\u00fcssen auf ihrer Website aktuelle Informationen zu VisualARQ anbieten. Wir bieten eine 100%ige Zufriedenheitsgarantie Von unseren H\u00e4ndlern erwarten wir, dass sie dies ebenfalls tun. Wir bieten unbegrenzte technische Unterst\u00fctzung [&hellip;]<\/p>\n","protected":false},"author":6,"featured_media":0,"parent":0,"menu_order":998,"comment_status":"closed","ping_status":"closed","template":"","meta":{"_et_pb_use_builder":"on","_et_pb_old_content":"","_et_gb_content_width":"","footnotes":""},"class_list":["post-39237","page","type-page","status-publish","hentry"],"yoast_head":"<!-- This site is optimized with the Yoast SEO plugin v27.3 - https:\/\/yoast.com\/product\/yoast-seo-wordpress\/ -->\n<title>Reseller - VisualARQ<\/title>\n<meta name=\"robots\" content=\"noindex, follow, max-snippet:-1, max-image-preview:large, max-video-preview:-1\" \/>\n<meta property=\"og:locale\" content=\"de_DE\" \/>\n<meta property=\"og:type\" content=\"article\" \/>\n<meta property=\"og:title\" content=\"Reseller - VisualARQ\" \/>\n<meta property=\"og:description\" content=\"Neue H\u00e4ndler H\u00e4ndler-Starter-Kit Bestellung und Preisliste H\u00e4ndlerpreisnachl\u00e4sse Marketing Neue H\u00e4ndler Um offizieller VisualARQ-H\u00e4ndler zu werden, m\u00fcssen Sie folgendes tun: Lesen Sie die Voraussetzungen f\u00fcr H\u00e4ndler: H\u00e4ndler m\u00fcssen auf ihrer Website aktuelle Informationen zu VisualARQ anbieten. Wir bieten eine 100%ige Zufriedenheitsgarantie Von unseren H\u00e4ndlern erwarten wir, dass sie dies ebenfalls tun. Wir bieten unbegrenzte technische Unterst\u00fctzung [&hellip;]\" \/>\n<meta property=\"og:url\" content=\"https:\/\/stg.visualarq.com\/de\/reseller\/\" \/>\n<meta property=\"og:site_name\" content=\"VisualARQ\" \/>\n<meta property=\"article:publisher\" content=\"https:\/\/www.facebook.com\/visualarq\" \/>\n<meta property=\"article:modified_time\" content=\"2026-01-07T12:34:56+00:00\" \/>\n<meta name=\"twitter:card\" content=\"summary_large_image\" \/>\n<meta name=\"twitter:site\" content=\"@VisualARQ\" \/>\n<meta name=\"twitter:label1\" content=\"Gesch\u00e4tzte Lesezeit\" \/>\n\t<meta name=\"twitter:data1\" content=\"4\u00a0Minuten\" \/>\n<script type=\"application\/ld+json\" class=\"yoast-schema-graph\">{\"@context\":\"https:\\\/\\\/schema.org\",\"@graph\":[{\"@type\":\"WebPage\",\"@id\":\"https:\\\/\\\/stg.visualarq.com\\\/de\\\/reseller\\\/\",\"url\":\"https:\\\/\\\/stg.visualarq.com\\\/de\\\/reseller\\\/\",\"name\":\"Reseller - VisualARQ\",\"isPartOf\":{\"@id\":\"https:\\\/\\\/stg.visualarq.com\\\/de\\\/#website\"},\"datePublished\":\"2024-09-04T13:52:37+00:00\",\"dateModified\":\"2026-01-07T12:34:56+00:00\",\"breadcrumb\":{\"@id\":\"https:\\\/\\\/stg.visualarq.com\\\/de\\\/reseller\\\/#breadcrumb\"},\"inLanguage\":\"de\",\"potentialAction\":[{\"@type\":\"ReadAction\",\"target\":[\"https:\\\/\\\/stg.visualarq.com\\\/de\\\/reseller\\\/\"]}]},{\"@type\":\"BreadcrumbList\",\"@id\":\"https:\\\/\\\/stg.visualarq.com\\\/de\\\/reseller\\\/#breadcrumb\",\"itemListElement\":[{\"@type\":\"ListItem\",\"position\":1,\"name\":\"Home\",\"item\":\"https:\\\/\\\/stg.visualarq.com\\\/de\\\/home\\\/\"},{\"@type\":\"ListItem\",\"position\":2,\"name\":\"Reseller\"}]},{\"@type\":\"WebSite\",\"@id\":\"https:\\\/\\\/stg.visualarq.com\\\/de\\\/#website\",\"url\":\"https:\\\/\\\/stg.visualarq.com\\\/de\\\/\",\"name\":\"VisualARQ\",\"description\":\"Flexible BIM for Rhino\",\"potentialAction\":[{\"@type\":\"SearchAction\",\"target\":{\"@type\":\"EntryPoint\",\"urlTemplate\":\"https:\\\/\\\/stg.visualarq.com\\\/de\\\/?s={search_term_string}\"},\"query-input\":{\"@type\":\"PropertyValueSpecification\",\"valueRequired\":true,\"valueName\":\"search_term_string\"}}],\"inLanguage\":\"de\"}]}<\/script>\n<!-- \/ Yoast SEO plugin. -->","yoast_head_json":{"title":"Reseller - VisualARQ","robots":{"index":"noindex","follow":"follow","max-snippet":"max-snippet:-1","max-image-preview":"max-image-preview:large","max-video-preview":"max-video-preview:-1"},"og_locale":"de_DE","og_type":"article","og_title":"Reseller - VisualARQ","og_description":"Neue H\u00e4ndler H\u00e4ndler-Starter-Kit Bestellung und Preisliste H\u00e4ndlerpreisnachl\u00e4sse Marketing Neue H\u00e4ndler Um offizieller VisualARQ-H\u00e4ndler zu werden, m\u00fcssen Sie folgendes tun: Lesen Sie die Voraussetzungen f\u00fcr H\u00e4ndler: H\u00e4ndler m\u00fcssen auf ihrer Website aktuelle Informationen zu VisualARQ anbieten. Wir bieten eine 100%ige Zufriedenheitsgarantie Von unseren H\u00e4ndlern erwarten wir, dass sie dies ebenfalls tun. Wir bieten unbegrenzte technische Unterst\u00fctzung [&hellip;]","og_url":"https:\/\/stg.visualarq.com\/de\/reseller\/","og_site_name":"VisualARQ","article_publisher":"https:\/\/www.facebook.com\/visualarq","article_modified_time":"2026-01-07T12:34:56+00:00","twitter_card":"summary_large_image","twitter_site":"@VisualARQ","twitter_misc":{"Gesch\u00e4tzte Lesezeit":"4\u00a0Minuten"},"schema":{"@context":"https:\/\/schema.org","@graph":[{"@type":"WebPage","@id":"https:\/\/stg.visualarq.com\/de\/reseller\/","url":"https:\/\/stg.visualarq.com\/de\/reseller\/","name":"Reseller - VisualARQ","isPartOf":{"@id":"https:\/\/stg.visualarq.com\/de\/#website"},"datePublished":"2024-09-04T13:52:37+00:00","dateModified":"2026-01-07T12:34:56+00:00","breadcrumb":{"@id":"https:\/\/stg.visualarq.com\/de\/reseller\/#breadcrumb"},"inLanguage":"de","potentialAction":[{"@type":"ReadAction","target":["https:\/\/stg.visualarq.com\/de\/reseller\/"]}]},{"@type":"BreadcrumbList","@id":"https:\/\/stg.visualarq.com\/de\/reseller\/#breadcrumb","itemListElement":[{"@type":"ListItem","position":1,"name":"Home","item":"https:\/\/stg.visualarq.com\/de\/home\/"},{"@type":"ListItem","position":2,"name":"Reseller"}]},{"@type":"WebSite","@id":"https:\/\/stg.visualarq.com\/de\/#website","url":"https:\/\/stg.visualarq.com\/de\/","name":"VisualARQ","description":"Flexible BIM for Rhino","potentialAction":[{"@type":"SearchAction","target":{"@type":"EntryPoint","urlTemplate":"https:\/\/stg.visualarq.com\/de\/?s={search_term_string}"},"query-input":{"@type":"PropertyValueSpecification","valueRequired":true,"valueName":"search_term_string"}}],"inLanguage":"de"}]}},"_links":{"self":[{"href":"https:\/\/stg.visualarq.com\/de\/wp-json\/wp\/v2\/pages\/39237","targetHints":{"allow":["GET"]}}],"collection":[{"href":"https:\/\/stg.visualarq.com\/de\/wp-json\/wp\/v2\/pages"}],"about":[{"href":"https:\/\/stg.visualarq.com\/de\/wp-json\/wp\/v2\/types\/page"}],"author":[{"embeddable":true,"href":"https:\/\/stg.visualarq.com\/de\/wp-json\/wp\/v2\/users\/6"}],"replies":[{"embeddable":true,"href":"https:\/\/stg.visualarq.com\/de\/wp-json\/wp\/v2\/comments?post=39237"}],"version-history":[{"count":17,"href":"https:\/\/stg.visualarq.com\/de\/wp-json\/wp\/v2\/pages\/39237\/revisions"}],"predecessor-version":[{"id":42937,"href":"https:\/\/stg.visualarq.com\/de\/wp-json\/wp\/v2\/pages\/39237\/revisions\/42937"}],"wp:attachment":[{"href":"https:\/\/stg.visualarq.com\/de\/wp-json\/wp\/v2\/media?parent=39237"}],"curies":[{"name":"wp","href":"https:\/\/api.w.org\/{rel}","templated":true}]}}