{"id":41863,"date":"2024-12-12T15:23:08","date_gmt":"2024-12-12T15:23:08","guid":{"rendered":"https:\/\/stg.visualarq.com\/download\/visualarq-stilebibliothek\/"},"modified":"2025-01-20T09:19:57","modified_gmt":"2025-01-20T09:19:57","slug":"styles-library","status":"publish","type":"page","link":"https:\/\/stg.visualarq.com\/de\/download\/styles-library\/","title":{"rendered":"VisualARQ-Stilebibliothek"},"content":{"rendered":"\n<h1 class=\"wp-block-heading\">VisualARQ-Stilebibliothek<\/h1>\n\n<p>VisualARQ-Stile werden in <strong><em>.val<\/em> <\/strong>-Archiven (&#8222;VisualARQ library&#8220;-Archiven) gespeichert. Importieren Sie sie mit dem Befehl <code>vaStileImport <\/code>in das Dokument.<\/p>\n\n<p><\/p>\n\n<h3 class=\"wp-block-heading\">Standard-Bibliotheken in VisualARQ-Vorlagen<\/h3>\n\n<p>VisualARQ (Test- und kommerzielle Versionen) wird mit einer Standard-Bibliothek f\u00fcr Objektstile ausgeliefert. Sie sind in VisualARQ-Vorlagen verf\u00fcgbar, Sie k\u00f6nnen jedoch die .val-Archive dazu bringen, diese Stile in Dokumenten zu importieren, die \u00fcber folgende Verzeichnisse aus Rhino-Vorlagen ge\u00f6ffnet wurden: <\/p>\n\n<ul class=\"wp-block-list\">\n<li><strong>Rhino 7<\/strong>:\u00a0<code>C:\\Program Files\\AsuniCAD\\VisualARQ 3\\RHINO7\\de-DE\\Bibliotheken<\/code><\/li>\n\n\n\n<li><strong>Rhino 8<\/strong>:\u00a0<code>C:\\Program Files\\AsuniCAD\\VisualARQ 3\\RHINO8\\de-DE\\Bibliotheken<\/code><\/li>\n<\/ul>\n\n<p><\/p>\n\n<h3 class=\"wp-block-heading\">Benutzerdefinierte Objekte<\/h3>\n\n<ul class=\"wp-block-list\">\n<li><a href=\"https:\/\/www.food4rhino.com\/browse?lang=en&amp;sort_by=ds_changed&amp;f%5B0%5D=im_field_unified_type%3A783&amp;f%5B1%5D=im_field_term_reference_type%3A804\">Neue VisualARQ-Objektstile, die von Anwendern auf food4Rhino geteilt werden<\/a><\/li>\n<\/ul>\n\n<p><\/p>\n\n<h3 class=\"wp-block-heading\">Strukturprofile-Bibliotheken:<\/h3>\n\n<ul class=\"wp-block-list\">\n<li><a href=\"https:\/\/www.food4rhino.com\/en\/resource\/australian-structural-profiles\"><img loading=\"lazy\" decoding=\"async\" width=\"24\" height=\"24\" class=\"wp-image-33069\" style=\"width: 24px;\" src=\"https:\/\/stg.visualarq.com\/wp-content\/uploads\/2023\/12\/val-file-VA2.png\" alt=\"\" srcset=\"https:\/\/stg.visualarq.com\/wp-content\/uploads\/2023\/12\/val-file-VA2.png 256w, https:\/\/stg.visualarq.com\/wp-content\/uploads\/2023\/12\/val-file-VA2-150x150.png 150w\" sizes=\"(max-width: 24px) 100vw, 24px\" \/> Australische Strukturprofile-Bibliothek<\/a><\/li>\n\n\n\n<li><a href=\"https:\/\/www.food4rhino.com\/en\/resource\/chinese-structural-profiles\"><img loading=\"lazy\" decoding=\"async\" width=\"24\" height=\"24\" class=\"wp-image-33069\" style=\"width: 24px;\" src=\"https:\/\/stg.visualarq.com\/wp-content\/uploads\/2023\/12\/val-file-VA2.png\" alt=\"\" srcset=\"https:\/\/stg.visualarq.com\/wp-content\/uploads\/2023\/12\/val-file-VA2.png 256w, https:\/\/stg.visualarq.com\/wp-content\/uploads\/2023\/12\/val-file-VA2-150x150.png 150w\" sizes=\"(max-width: 24px) 100vw, 24px\" \/> Chinesische Strukturprofile-Bibliothek<\/a><\/li>\n\n\n\n<li><a href=\"https:\/\/www.food4rhino.com\/en\/resource\/din-structural-profiles\"><img loading=\"lazy\" decoding=\"async\" width=\"24\" height=\"24\" class=\"wp-image-33069\" style=\"width: 24px;\" src=\"https:\/\/stg.visualarq.com\/wp-content\/uploads\/2023\/12\/val-file-VA2.png\" alt=\"\" srcset=\"https:\/\/stg.visualarq.com\/wp-content\/uploads\/2023\/12\/val-file-VA2.png 256w, https:\/\/stg.visualarq.com\/wp-content\/uploads\/2023\/12\/val-file-VA2-150x150.png 150w\" sizes=\"(max-width: 24px) 100vw, 24px\" \/> DIN Strukturprofile-Bibliothek<\/a><\/li>\n\n\n\n<li><a href=\"https:\/\/www.food4rhino.com\/en\/resource\/indian-structural-profiles\"><img loading=\"lazy\" decoding=\"async\" width=\"24\" height=\"24\" class=\"wp-image-33069\" style=\"width: 24px;\" src=\"https:\/\/stg.visualarq.com\/wp-content\/uploads\/2023\/12\/val-file-VA2.png\" alt=\"\" srcset=\"https:\/\/stg.visualarq.com\/wp-content\/uploads\/2023\/12\/val-file-VA2.png 256w, https:\/\/stg.visualarq.com\/wp-content\/uploads\/2023\/12\/val-file-VA2-150x150.png 150w\" sizes=\"(max-width: 24px) 100vw, 24px\" \/> Indische Strukturprofile-Bibliothek<\/a><\/li>\n\n\n\n<li><a href=\"https:\/\/www.food4rhino.com\/en\/resource\/japan-structural-profiles\"><img loading=\"lazy\" decoding=\"async\" width=\"24\" height=\"24\" class=\"wp-image-33069\" style=\"width: 24px;\" src=\"https:\/\/stg.visualarq.com\/wp-content\/uploads\/2023\/12\/val-file-VA2.png\" alt=\"\" srcset=\"https:\/\/stg.visualarq.com\/wp-content\/uploads\/2023\/12\/val-file-VA2.png 256w, https:\/\/stg.visualarq.com\/wp-content\/uploads\/2023\/12\/val-file-VA2-150x150.png 150w\" sizes=\"(max-width: 24px) 100vw, 24px\" \/> Japanische Industrie-Standards (JIS)<\/a><\/li>\n\n\n\n<li><a href=\"https:\/\/www.food4rhino.com\/en\/resource\/korean-structural-profiles\"><img loading=\"lazy\" decoding=\"async\" width=\"24\" height=\"24\" class=\"wp-image-33069\" style=\"width: 24px;\" src=\"https:\/\/stg.visualarq.com\/wp-content\/uploads\/2023\/12\/val-file-VA2.png\" alt=\"\" srcset=\"https:\/\/stg.visualarq.com\/wp-content\/uploads\/2023\/12\/val-file-VA2.png 256w, https:\/\/stg.visualarq.com\/wp-content\/uploads\/2023\/12\/val-file-VA2-150x150.png 150w\" sizes=\"(max-width: 24px) 100vw, 24px\" \/> Koreanische Strukturprofile-Bibliothek<\/a><\/li>\n\n\n\n<li><a href=\"https:\/\/www.food4rhino.com\/en\/resource\/uk-structural-profiles\"><img loading=\"lazy\" decoding=\"async\" width=\"24\" height=\"24\" class=\"wp-image-33069\" style=\"width: 24px;\" src=\"https:\/\/stg.visualarq.com\/wp-content\/uploads\/2023\/12\/val-file-VA2.png\" alt=\"\" srcset=\"https:\/\/stg.visualarq.com\/wp-content\/uploads\/2023\/12\/val-file-VA2.png 256w, https:\/\/stg.visualarq.com\/wp-content\/uploads\/2023\/12\/val-file-VA2-150x150.png 150w\" sizes=\"(max-width: 24px) 100vw, 24px\" \/> UK Standardprofile<\/a><\/li>\n\n\n\n<li><a href=\"https:\/\/www.food4rhino.com\/en\/resource\/wood-structural-profiles\"><img loading=\"lazy\" decoding=\"async\" width=\"24\" height=\"24\" class=\"wp-image-33069\" style=\"width: 24px;\" src=\"https:\/\/stg.visualarq.com\/wp-content\/uploads\/2023\/12\/val-file-VA2.png\" alt=\"\" srcset=\"https:\/\/stg.visualarq.com\/wp-content\/uploads\/2023\/12\/val-file-VA2.png 256w, https:\/\/stg.visualarq.com\/wp-content\/uploads\/2023\/12\/val-file-VA2-150x150.png 150w\" sizes=\"(max-width: 24px) 100vw, 24px\" \/> Holz Strukturprofile-Bibliothek<\/a><\/li>\n<\/ul>\n\n<p><\/p>\n\n<h3 class=\"wp-block-heading\">In VisualARQ-Vorlagen inbegriffene Strukturprofile:<\/h3>\n\n<ul class=\"wp-block-list\">\n<li><a href=\"https:\/\/stg.visualarq.com\/wp-content\/uploads\/2024\/12\/EURO.zip\"><img loading=\"lazy\" decoding=\"async\" width=\"24\" height=\"24\" class=\"wp-image-33069\" style=\"width: 24px;\" src=\"https:\/\/stg.visualarq.com\/wp-content\/uploads\/2023\/12\/val-file-VA2.png\" alt=\"\" srcset=\"https:\/\/stg.visualarq.com\/wp-content\/uploads\/2023\/12\/val-file-VA2.png 256w, https:\/\/stg.visualarq.com\/wp-content\/uploads\/2023\/12\/val-file-VA2-150x150.png 150w\" sizes=\"(max-width: 24px) 100vw, 24px\" \/>Europ\u00e4ische Standardprofile-Bibliothek (metric)<\/a><\/li>\n\n\n\n<li><a href=\"https:\/\/stg.visualarq.com\/wp-content\/uploads\/2024\/12\/AISC.zip\"><img loading=\"lazy\" decoding=\"async\" width=\"24\" height=\"24\" class=\"wp-image-33069\" style=\"width: 24px;\" src=\"https:\/\/stg.visualarq.com\/wp-content\/uploads\/2023\/12\/val-file-VA2.png\" alt=\"\" srcset=\"https:\/\/stg.visualarq.com\/wp-content\/uploads\/2023\/12\/val-file-VA2.png 256w, https:\/\/stg.visualarq.com\/wp-content\/uploads\/2023\/12\/val-file-VA2-150x150.png 150w\" sizes=\"(max-width: 24px) 100vw, 24px\" \/>Amerikanische Standardprofile-Bibliothek (AISC) (Angels\u00e4chsisch)<\/a><\/li>\n<\/ul>\n","protected":false},"excerpt":{"rendered":"<p>VisualARQ-Stilebibliothek VisualARQ-Stile werden in .val -Archiven (&#8222;VisualARQ library&#8220;-Archiven) gespeichert. Importieren Sie sie mit dem Befehl vaStileImport in das Dokument. Standard-Bibliotheken in VisualARQ-Vorlagen VisualARQ (Test- und kommerzielle Versionen) wird mit einer Standard-Bibliothek f\u00fcr Objektstile ausgeliefert. Sie sind in VisualARQ-Vorlagen verf\u00fcgbar, Sie k\u00f6nnen jedoch die .val-Archive dazu bringen, diese Stile in Dokumenten zu importieren, die \u00fcber folgende [&hellip;]<\/p>\n","protected":false},"author":6,"featured_media":0,"parent":11366,"menu_order":0,"comment_status":"closed","ping_status":"closed","template":"","meta":{"_et_pb_use_builder":"off","_et_pb_old_content":"","_et_gb_content_width":"","footnotes":""},"class_list":["post-41863","page","type-page","status-publish","hentry"],"yoast_head":"<!-- This site is optimized with the Yoast SEO plugin v27.3 - https:\/\/yoast.com\/product\/yoast-seo-wordpress\/ -->\n<title>VisualARQ-Stilebibliothek - VisualARQ<\/title>\n<meta name=\"robots\" content=\"noindex, follow, max-snippet:-1, max-image-preview:large, max-video-preview:-1\" \/>\n<meta property=\"og:locale\" content=\"de_DE\" \/>\n<meta property=\"og:type\" content=\"article\" \/>\n<meta property=\"og:title\" content=\"VisualARQ-Stilebibliothek - VisualARQ\" \/>\n<meta property=\"og:description\" content=\"VisualARQ-Stilebibliothek VisualARQ-Stile werden in .val -Archiven (&#8222;VisualARQ library&#8220;-Archiven) gespeichert. Importieren Sie sie mit dem Befehl vaStileImport in das Dokument. Standard-Bibliotheken in VisualARQ-Vorlagen VisualARQ (Test- und kommerzielle Versionen) wird mit einer Standard-Bibliothek f\u00fcr Objektstile ausgeliefert. Sie sind in VisualARQ-Vorlagen verf\u00fcgbar, Sie k\u00f6nnen jedoch die .val-Archive dazu bringen, diese Stile in Dokumenten zu importieren, die \u00fcber folgende [&hellip;]\" \/>\n<meta property=\"og:url\" content=\"https:\/\/stg.visualarq.com\/de\/download\/styles-library\/\" \/>\n<meta property=\"og:site_name\" content=\"VisualARQ\" \/>\n<meta property=\"article:publisher\" content=\"https:\/\/www.facebook.com\/visualarq\" \/>\n<meta property=\"article:modified_time\" content=\"2025-01-20T09:19:57+00:00\" \/>\n<meta property=\"og:image\" content=\"https:\/\/stg.visualarq.com\/wp-content\/uploads\/2023\/12\/val-file-VA2.png\" \/>\n<meta name=\"twitter:card\" content=\"summary_large_image\" \/>\n<meta name=\"twitter:site\" content=\"@VisualARQ\" \/>\n<meta name=\"twitter:label1\" content=\"Gesch\u00e4tzte Lesezeit\" \/>\n\t<meta name=\"twitter:data1\" content=\"1\u00a0Minute\" \/>\n<script type=\"application\/ld+json\" class=\"yoast-schema-graph\">{\"@context\":\"https:\\\/\\\/schema.org\",\"@graph\":[{\"@type\":\"WebPage\",\"@id\":\"https:\\\/\\\/stg.visualarq.com\\\/de\\\/download\\\/styles-library\\\/\",\"url\":\"https:\\\/\\\/stg.visualarq.com\\\/de\\\/download\\\/styles-library\\\/\",\"name\":\"VisualARQ-Stilebibliothek - VisualARQ\",\"isPartOf\":{\"@id\":\"https:\\\/\\\/stg.visualarq.com\\\/de\\\/#website\"},\"primaryImageOfPage\":{\"@id\":\"https:\\\/\\\/stg.visualarq.com\\\/de\\\/download\\\/styles-library\\\/#primaryimage\"},\"image\":{\"@id\":\"https:\\\/\\\/stg.visualarq.com\\\/de\\\/download\\\/styles-library\\\/#primaryimage\"},\"thumbnailUrl\":\"https:\\\/\\\/stg.visualarq.com\\\/wp-content\\\/uploads\\\/2023\\\/12\\\/val-file-VA2.png\",\"datePublished\":\"2024-12-12T15:23:08+00:00\",\"dateModified\":\"2025-01-20T09:19:57+00:00\",\"breadcrumb\":{\"@id\":\"https:\\\/\\\/stg.visualarq.com\\\/de\\\/download\\\/styles-library\\\/#breadcrumb\"},\"inLanguage\":\"de\",\"potentialAction\":[{\"@type\":\"ReadAction\",\"target\":[\"https:\\\/\\\/stg.visualarq.com\\\/de\\\/download\\\/styles-library\\\/\"]}]},{\"@type\":\"ImageObject\",\"inLanguage\":\"de\",\"@id\":\"https:\\\/\\\/stg.visualarq.com\\\/de\\\/download\\\/styles-library\\\/#primaryimage\",\"url\":\"https:\\\/\\\/stg.visualarq.com\\\/wp-content\\\/uploads\\\/2023\\\/12\\\/val-file-VA2.png\",\"contentUrl\":\"https:\\\/\\\/stg.visualarq.com\\\/wp-content\\\/uploads\\\/2023\\\/12\\\/val-file-VA2.png\"},{\"@type\":\"BreadcrumbList\",\"@id\":\"https:\\\/\\\/stg.visualarq.com\\\/de\\\/download\\\/styles-library\\\/#breadcrumb\",\"itemListElement\":[{\"@type\":\"ListItem\",\"position\":1,\"name\":\"Home\",\"item\":\"https:\\\/\\\/stg.visualarq.com\\\/de\\\/home\\\/\"},{\"@type\":\"ListItem\",\"position\":2,\"name\":\"VisualARQ-Stilebibliothek\"}]},{\"@type\":\"WebSite\",\"@id\":\"https:\\\/\\\/stg.visualarq.com\\\/de\\\/#website\",\"url\":\"https:\\\/\\\/stg.visualarq.com\\\/de\\\/\",\"name\":\"VisualARQ\",\"description\":\"Flexible BIM for Rhino\",\"potentialAction\":[{\"@type\":\"SearchAction\",\"target\":{\"@type\":\"EntryPoint\",\"urlTemplate\":\"https:\\\/\\\/stg.visualarq.com\\\/de\\\/?s={search_term_string}\"},\"query-input\":{\"@type\":\"PropertyValueSpecification\",\"valueRequired\":true,\"valueName\":\"search_term_string\"}}],\"inLanguage\":\"de\"}]}<\/script>\n<!-- \/ Yoast SEO plugin. -->","yoast_head_json":{"title":"VisualARQ-Stilebibliothek - VisualARQ","robots":{"index":"noindex","follow":"follow","max-snippet":"max-snippet:-1","max-image-preview":"max-image-preview:large","max-video-preview":"max-video-preview:-1"},"og_locale":"de_DE","og_type":"article","og_title":"VisualARQ-Stilebibliothek - VisualARQ","og_description":"VisualARQ-Stilebibliothek VisualARQ-Stile werden in .val -Archiven (&#8222;VisualARQ library&#8220;-Archiven) gespeichert. Importieren Sie sie mit dem Befehl vaStileImport in das Dokument. Standard-Bibliotheken in VisualARQ-Vorlagen VisualARQ (Test- und kommerzielle Versionen) wird mit einer Standard-Bibliothek f\u00fcr Objektstile ausgeliefert. Sie sind in VisualARQ-Vorlagen verf\u00fcgbar, Sie k\u00f6nnen jedoch die .val-Archive dazu bringen, diese Stile in Dokumenten zu importieren, die \u00fcber folgende [&hellip;]","og_url":"https:\/\/stg.visualarq.com\/de\/download\/styles-library\/","og_site_name":"VisualARQ","article_publisher":"https:\/\/www.facebook.com\/visualarq","article_modified_time":"2025-01-20T09:19:57+00:00","og_image":[{"url":"https:\/\/stg.visualarq.com\/wp-content\/uploads\/2023\/12\/val-file-VA2.png","type":"","width":"","height":""}],"twitter_card":"summary_large_image","twitter_site":"@VisualARQ","twitter_misc":{"Gesch\u00e4tzte Lesezeit":"1\u00a0Minute"},"schema":{"@context":"https:\/\/schema.org","@graph":[{"@type":"WebPage","@id":"https:\/\/stg.visualarq.com\/de\/download\/styles-library\/","url":"https:\/\/stg.visualarq.com\/de\/download\/styles-library\/","name":"VisualARQ-Stilebibliothek - VisualARQ","isPartOf":{"@id":"https:\/\/stg.visualarq.com\/de\/#website"},"primaryImageOfPage":{"@id":"https:\/\/stg.visualarq.com\/de\/download\/styles-library\/#primaryimage"},"image":{"@id":"https:\/\/stg.visualarq.com\/de\/download\/styles-library\/#primaryimage"},"thumbnailUrl":"https:\/\/stg.visualarq.com\/wp-content\/uploads\/2023\/12\/val-file-VA2.png","datePublished":"2024-12-12T15:23:08+00:00","dateModified":"2025-01-20T09:19:57+00:00","breadcrumb":{"@id":"https:\/\/stg.visualarq.com\/de\/download\/styles-library\/#breadcrumb"},"inLanguage":"de","potentialAction":[{"@type":"ReadAction","target":["https:\/\/stg.visualarq.com\/de\/download\/styles-library\/"]}]},{"@type":"ImageObject","inLanguage":"de","@id":"https:\/\/stg.visualarq.com\/de\/download\/styles-library\/#primaryimage","url":"https:\/\/stg.visualarq.com\/wp-content\/uploads\/2023\/12\/val-file-VA2.png","contentUrl":"https:\/\/stg.visualarq.com\/wp-content\/uploads\/2023\/12\/val-file-VA2.png"},{"@type":"BreadcrumbList","@id":"https:\/\/stg.visualarq.com\/de\/download\/styles-library\/#breadcrumb","itemListElement":[{"@type":"ListItem","position":1,"name":"Home","item":"https:\/\/stg.visualarq.com\/de\/home\/"},{"@type":"ListItem","position":2,"name":"VisualARQ-Stilebibliothek"}]},{"@type":"WebSite","@id":"https:\/\/stg.visualarq.com\/de\/#website","url":"https:\/\/stg.visualarq.com\/de\/","name":"VisualARQ","description":"Flexible BIM for Rhino","potentialAction":[{"@type":"SearchAction","target":{"@type":"EntryPoint","urlTemplate":"https:\/\/stg.visualarq.com\/de\/?s={search_term_string}"},"query-input":{"@type":"PropertyValueSpecification","valueRequired":true,"valueName":"search_term_string"}}],"inLanguage":"de"}]}},"_links":{"self":[{"href":"https:\/\/stg.visualarq.com\/de\/wp-json\/wp\/v2\/pages\/41863","targetHints":{"allow":["GET"]}}],"collection":[{"href":"https:\/\/stg.visualarq.com\/de\/wp-json\/wp\/v2\/pages"}],"about":[{"href":"https:\/\/stg.visualarq.com\/de\/wp-json\/wp\/v2\/types\/page"}],"author":[{"embeddable":true,"href":"https:\/\/stg.visualarq.com\/de\/wp-json\/wp\/v2\/users\/6"}],"replies":[{"embeddable":true,"href":"https:\/\/stg.visualarq.com\/de\/wp-json\/wp\/v2\/comments?post=41863"}],"version-history":[{"count":1,"href":"https:\/\/stg.visualarq.com\/de\/wp-json\/wp\/v2\/pages\/41863\/revisions"}],"predecessor-version":[{"id":41864,"href":"https:\/\/stg.visualarq.com\/de\/wp-json\/wp\/v2\/pages\/41863\/revisions\/41864"}],"up":[{"embeddable":true,"href":"https:\/\/stg.visualarq.com\/de\/wp-json\/wp\/v2\/pages\/11366"}],"wp:attachment":[{"href":"https:\/\/stg.visualarq.com\/de\/wp-json\/wp\/v2\/media?parent=41863"}],"curies":[{"name":"wp","href":"https:\/\/api.w.org\/{rel}","templated":true}]}}