{"id":42979,"date":"2026-01-14T11:17:38","date_gmt":"2026-01-14T11:17:38","guid":{"rendered":"https:\/\/stg.visualarq.com\/?page_id=42979"},"modified":"2026-01-14T11:24:43","modified_gmt":"2026-01-14T11:24:43","slug":"legal-notice","status":"publish","type":"page","link":"https:\/\/stg.visualarq.com\/de\/legal\/legal-notice\/","title":{"rendered":"Rechtlicher Hinweis"},"content":{"rendered":"[et_pb_section fb_built=&#8220;1&#8243; admin_label=&#8220;section&#8220; _builder_version=&#8220;3.22&#8243;][et_pb_row admin_label=&#8220;row&#8220; _builder_version=&#8220;3.25&#8243; background_size=&#8220;initial&#8220; background_position=&#8220;top_left&#8220; background_repeat=&#8220;repeat&#8220;][et_pb_column type=&#8220;4_4&#8243; _builder_version=&#8220;3.25&#8243; custom_padding=&#8220;|||&#8220; custom_padding__hover=&#8220;|||&#8220;][et_pb_post_title meta=&#8220;off&#8220; featured_image=&#8220;off&#8220; admin_label=&#8220;Titulo de la p\u00e1gina&#8220; _builder_version=&#8220;3.0.87&#8243; title_font=&#8220;|on|||&#8220; title_font_size=&#8220;30px&#8220; title_all_caps=&#8220;off&#8220; background_color=&#8220;rgba(255,255,255,0)&#8220; parallax=&#8220;on&#8220; parallax_method=&#8220;off&#8220; parallax_effect=&#8220;on&#8220; module_bg_color=&#8220;rgba(255,255,255,0)&#8220; use_border_color=&#8220;off&#8220; border_color=&#8220;#ffffff&#8220; border_style=&#8220;solid&#8220; saved_tabs=&#8220;all&#8220;][\/et_pb_post_title][et_pb_accordion _builder_version=&#8220;4.6.5&#8243; hover_enabled=&#8220;0&#8243; border_style=&#8220;solid&#8220; sticky_enabled=&#8220;0&#8243;][et_pb_accordion_item title=&#8220;Rechtlicher Hinweis&#8220; _builder_version=&#8220;4.6.5&#8243; hover_enabled=&#8220;0&#8243; open=&#8220;on&#8220; sticky_enabled=&#8220;0&#8243;]<p><strong>RECHTLICHER HINWEIS<\/strong><\/p>\n<p>Der Zugang zu dieser Webseite geschieht aus freiem Willen und weist demjenigen, der ihn wahrnimmt, die Eigenschaft des Nutzers zu, der ab diesem Moment in vollem Umfang und ohne Vorbehalte die in diesem Rechtlichen Hinweis enthaltenen allgemeinen Gesch\u00e4ftsbedingungen annimmt.<\/p>\n<p>Der Nutzer erkennt an, wei\u00df und akzeptiert beim Besuch der Seite, dass die Daten und Informationen \u00fcber Produkte und Dienstleistungen sowie alle weiteren auf der selben enthaltenen Daten ausschlie\u00dflich zu informativen Zwecken erscheinen und Fehler oder Ungenauigkeiten enthalten bzw. nicht auf neuestem Stand sein k\u00f6nnen.<br \/>Asuni CAD, S.A. (nachstehend bezeichnet als Asuni) beh\u00e4lt sich vor, den Zugang zu ihrer Webseite f\u00fcr Instandhaltungsma\u00dfnahmen, Reparaturen, Aktualisierungen oder Verbesserungen ohne vorherige Ank\u00fcndigung zeitweise zu unterbrechen oder definitiv aufzuheben. Asuni beh\u00e4lt sich das Recht vor, die Zugangsbedingungen zu ihrer Webseite und die Inhalte derselben einseitig zu \u00e4ndern.<\/p>\n<p><strong>HAFTUNGSBESCHR\u00c4NKUNG<\/strong><\/p>\n<p>In dem Ma\u00dfe, in dem es die rechtlichen Vorschriften zulassen, gew\u00e4hrleistet Asuni nicht das korrekte Funktionieren der Seite, der auf ihr enthaltenen Information, der Software, der Materialien oder Produkte.<br \/>Sowohl der Zugang als auch die Nutzung der Seite und der auf ihr enthaltenen Information, Software, Materialien oder Produkte ist ausschlie\u00dflich im Verantwortungsbereich desjenigen, der sie nutzt. Asuni haftet nicht f\u00fcr unmittelbar oder mittelbar entstandene Sch\u00e4den, die sich aus der Unterbrechung oder fehlenden Kontinuit\u00e4t der Webseite ergeben k\u00f6nnten, f\u00fcr den Zugang und die Nutzung der auf ihr enthaltenen Information, oder f\u00fcr m\u00f6gliche Sch\u00e4den, die im System des Nutzers bzw. an den Dateien oder gespeicherten Dokumenten desselben als Folge eines Computervirus in dem f\u00fcr den Anschluss genutzten PC des Nutzers, des fehlerhaften Funktionieren des Navigators oder die Nutzung von nicht aktualisierten Versionen desselben verursacht werden k\u00f6nnen.<\/p>\n<p><strong>URHEBERRECHTE UND GEWERBLICHE SCHUTZRECHTE<\/strong><\/p>\n<p>Der Nutzer verpflichtet sich, die Webseite und deren Inhalte zu nutzen, ohne gegen das spanische Recht und den guten Glauben zu versto\u00dfen. Des Weiteren ist es untersagt, diese mit unrechtm\u00e4\u00dfigen oder sch\u00e4digenden Zwecken gegen Asuni oder Dritte oder in einer Form zu nutzen, die einen Schaden verursachen oder das normale Funktionieren der Webseite verhindern kann.<br \/>Der Inhalt der Webseite (Dateien, Texte, Grafiken, Tondateien, Bilder, Fotos usw.) sind durch die spanischen Gesetze und internationale Abkommen \u00fcber Urheberrechte und gewerblichen Schutzrechte gesch\u00fctzt. Auf keinen Fall bedeutet die Bereitstellung von Inhalten oder der Zugang zu der Seite den Verzicht, die \u00dcbertragung oder vollst\u00e4ndige bzw. teilweise \u00dcberlassung von diesen Rechten und erteilt auch keinen Anspruch auf Nutzung, \u00c4nderung, Ausnutzung, Wiedergabe, Vervielf\u00e4ltigung, Umwandlung oder \u00f6ffentliche Bekanntmachung dieser Inhalte ohne die vorherige ausdr\u00fcckliche Genehmigung von Asuni.<\/p>\n<p>Es ist erlaubt, eine private Sicherheitskopie dieser Inhalte einzusehen und zu erhalten wenn: (i) dieses Recht gem\u00e4\u00df dem Grundsatz des guten Glaubens wahrgenommen wird, (ii) der Inhalt auf jeden Fall unver\u00e4ndert bleibt, (iii) auf der eventuellen privaten Sicherheitskopie das Copyright und die weiteren Daten zur Identifizierung der Rechte von Asuni erscheinen und (iv) dies ohne gesch\u00e4ftliche Absichten und ausschlie\u00dflich f\u00fcr die private Information des Nutzers erfolgt. \u00a9 Asuni CAD, S.A., 2015. Alle Rechte vorbehalten<\/p>\n<p><strong>COOKIE-RICHTLINIE<\/strong><\/p>\n<p><a href=\"\/de\/legal\/cookie-policy\/\">Cookie-Richtlinie<\/a><\/p>\n<p><strong>DATENSCHUTZ-BESTIMMUNGEN<\/strong><\/p>\n<p><a href=\"\/de\/legal\/privacy-policy\/\">Datenschutz-Bestimmungen<\/a><\/p>\n[\/et_pb_accordion_item][et_pb_accordion_item title=&#8220;Drittlizenzen&#8220; _builder_version=&#8220;3.0.47&#8243; open=&#8220;off&#8220;]<h2>CSTB IFC-SDK<\/h2>\n<p><a href=\"https:\/\/joinup.ec.europa.eu\/software\/ifc-sdk\/home\">https:\/\/joinup.ec.europa.eu\/software\/ifc-sdk\/home<\/a><\/p>\n<h3>Lizenz:<\/h3>\n<p><a href=\"https:\/\/joinup.ec.europa.eu\/svn\/ifc-sdk\/trunk\/Licence.txt\">GNU Lesser General Public License (LGPL)<\/a><\/p>\n<h3>Beschreibung:<\/h3>\n<p>Das IFC-SDK-Projekt bietet ein Software-Development-Kit (SDK) zum Lesen und Schreiben eines Building-Information-Modells (BIM, dt. Geb\u00e4udedaten-Modellierung), das im IFC-Format (Industry Foundation Classes) definiert wird. Die erste Version des IFC-SDK wird in der Programmiersprache C++ geliefert und ist mit dem IFC 2X3 TC1 Standard konform, der von der IAI (International Alliance for Interoperability \u2013 BuildingSmart) entwickelt wird: <a href=\"https:\/\/www.buildingsmart.com\/\">https:\/\/www.buildingsmart.com\/<\/a>.<\/p>\n<h3>Eigenschaften:<\/h3>\n<p>Die Haupteigenschaften des IFC-SDK-Projekts:<\/p>\n<ol>\n<li>Lesen und Schreiben eines BIM-Modells, das im ISO-10303-21 Step Physical File (SPF) ASCII-Format definiert wird und mit dem Datenmodell IFC 2X3 TC1 ISO-103030-11 EXPRESS konform ist;<\/li>\n<li>Analyse und Verwaltung von ganzen Einheiten von IFC 2X3 TC1 Standard-S\u00e4tzen;<\/li>\n<li>Analyse und Verwaltung von EXPRESS INVERSE und DERIVED Attributen<\/li>\n<li>BIM-Verwaltung im Speicher<\/li>\n<li>Mehrere Modelle<\/li>\n<\/ol>\n<h3>Quellcode<\/h3>\n<p><a href=\"https:\/\/visualarq.s3.amazonaws.com\/download\/licenses\/ifc-sdk-1.0.3.11.zip\">ifc-sdk-1.0.3.11.zip<\/a><\/p>\n<hr class=\"separator\">\n<h2>VLD<\/h2>\n<p><a href=\"https:\/\/vld.codeplex.com\">https:\/\/vld.codeplex.com<\/a><\/p>\n<h3>Lizenz:<\/h3>\n<p><a href=\"https:\/\/vld.codeplex.com\/license\">GNU Lesser General Public License (LGPL)<\/a><\/p>\n<h3>Projektbeschreibung:<\/h3>\n<p>Visual Leak Detector ist ein kostenloses, robustes, Open-Source-System zur Verlusterkennung f\u00fcr Visual C++.<\/p>\n<p>Es ist einfach zu verwenden. Nach der Installation m\u00fcssen Sie in Visual C++ definieren, wo die Header- und Bibliotheksdatei ist.<\/p>\n<p>Dann kann es mit einem beliebigen C\/C++ Projekt verwendet werden, indem Sie einfach die folgende Zeile Ihrem Code hinzuf\u00fcgen:<\/p>\n<p><code>#include &lt;vld.h&gt;<\/code><\/p>\n<p>Wenn Sie Ihr Programm mit dem Visual-Studio-Debugger ausf\u00fchren, wird Visual Leak Detector einen Bericht \u00fcber den Speicherverlust am Ende der Debugging-Sitzung ausgeben. Dieser Bericht enth\u00e4lt den vollst\u00e4ndigen Aufrufstack und zeigt, wie die Speicherverlustbl\u00f6cke zugeordnet wurden, auf. Doppelklicken Sie auf eine Linie im Aufrufstack, um zu dieser Datei und dieser Linie im Editorfenster zu gelangen.<\/p>\n<p>Es ist eine sehr effektive Methode, um auf schnelle Weise Speicherverlust in C\/C++ Anwendungen zu diagnostizieren und beheben.<\/p>[\/et_pb_accordion_item][\/et_pb_accordion][\/et_pb_column][\/et_pb_row][\/et_pb_section]","protected":false},"excerpt":{"rendered":"<p>RECHTLICHER HINWEIS Der Zugang zu dieser Webseite geschieht aus freiem Willen und weist demjenigen, der ihn wahrnimmt, die Eigenschaft des Nutzers zu, der ab diesem Moment in vollem Umfang und ohne Vorbehalte die in diesem Rechtlichen Hinweis enthaltenen allgemeinen Gesch\u00e4ftsbedingungen annimmt. Der Nutzer erkennt an, wei\u00df und akzeptiert beim Besuch der Seite, dass die Daten [&hellip;]<\/p>\n","protected":false},"author":1,"featured_media":0,"parent":11233,"menu_order":100,"comment_status":"closed","ping_status":"closed","template":"","meta":{"_et_pb_use_builder":"on","_et_pb_old_content":"<h1>Legal information<\/h1>","_et_gb_content_width":"","footnotes":""},"class_list":["post-42979","page","type-page","status-publish","hentry"],"yoast_head":"<!-- This site is optimized with the Yoast SEO plugin v27.3 - https:\/\/yoast.com\/product\/yoast-seo-wordpress\/ -->\n<title>Rechtlicher Hinweis - VisualARQ<\/title>\n<meta name=\"robots\" content=\"noindex, follow, max-snippet:-1, max-image-preview:large, max-video-preview:-1\" \/>\n<meta property=\"og:locale\" content=\"de_DE\" \/>\n<meta property=\"og:type\" content=\"article\" \/>\n<meta property=\"og:title\" content=\"Rechtlicher Hinweis - VisualARQ\" \/>\n<meta property=\"og:description\" content=\"RECHTLICHER HINWEIS Der Zugang zu dieser Webseite geschieht aus freiem Willen und weist demjenigen, der ihn wahrnimmt, die Eigenschaft des Nutzers zu, der ab diesem Moment in vollem Umfang und ohne Vorbehalte die in diesem Rechtlichen Hinweis enthaltenen allgemeinen Gesch\u00e4ftsbedingungen annimmt. Der Nutzer erkennt an, wei\u00df und akzeptiert beim Besuch der Seite, dass die Daten [&hellip;]\" \/>\n<meta property=\"og:url\" content=\"https:\/\/stg.visualarq.com\/de\/legal\/legal-notice\/\" \/>\n<meta property=\"og:site_name\" content=\"VisualARQ\" \/>\n<meta property=\"article:publisher\" content=\"https:\/\/www.facebook.com\/visualarq\" \/>\n<meta property=\"article:modified_time\" content=\"2026-01-14T11:24:43+00:00\" \/>\n<meta name=\"twitter:card\" content=\"summary_large_image\" \/>\n<meta name=\"twitter:site\" content=\"@VisualARQ\" \/>\n<meta name=\"twitter:label1\" content=\"Gesch\u00e4tzte Lesezeit\" \/>\n\t<meta name=\"twitter:data1\" content=\"5\u00a0Minuten\" \/>\n<script type=\"application\/ld+json\" class=\"yoast-schema-graph\">{\"@context\":\"https:\\\/\\\/schema.org\",\"@graph\":[{\"@type\":\"WebPage\",\"@id\":\"https:\\\/\\\/stg.visualarq.com\\\/de\\\/legal\\\/legal-notice\\\/\",\"url\":\"https:\\\/\\\/stg.visualarq.com\\\/de\\\/legal\\\/legal-notice\\\/\",\"name\":\"Rechtlicher Hinweis - VisualARQ\",\"isPartOf\":{\"@id\":\"https:\\\/\\\/stg.visualarq.com\\\/de\\\/#website\"},\"datePublished\":\"2026-01-14T11:17:38+00:00\",\"dateModified\":\"2026-01-14T11:24:43+00:00\",\"breadcrumb\":{\"@id\":\"https:\\\/\\\/stg.visualarq.com\\\/de\\\/legal\\\/legal-notice\\\/#breadcrumb\"},\"inLanguage\":\"de\",\"potentialAction\":[{\"@type\":\"ReadAction\",\"target\":[\"https:\\\/\\\/stg.visualarq.com\\\/de\\\/legal\\\/legal-notice\\\/\"]}]},{\"@type\":\"BreadcrumbList\",\"@id\":\"https:\\\/\\\/stg.visualarq.com\\\/de\\\/legal\\\/legal-notice\\\/#breadcrumb\",\"itemListElement\":[{\"@type\":\"ListItem\",\"position\":1,\"name\":\"Home\",\"item\":\"https:\\\/\\\/stg.visualarq.com\\\/de\\\/home\\\/\"},{\"@type\":\"ListItem\",\"position\":2,\"name\":\"Rechtlicher Hinweis\"}]},{\"@type\":\"WebSite\",\"@id\":\"https:\\\/\\\/stg.visualarq.com\\\/de\\\/#website\",\"url\":\"https:\\\/\\\/stg.visualarq.com\\\/de\\\/\",\"name\":\"VisualARQ\",\"description\":\"Flexible BIM for Rhino\",\"potentialAction\":[{\"@type\":\"SearchAction\",\"target\":{\"@type\":\"EntryPoint\",\"urlTemplate\":\"https:\\\/\\\/stg.visualarq.com\\\/de\\\/?s={search_term_string}\"},\"query-input\":{\"@type\":\"PropertyValueSpecification\",\"valueRequired\":true,\"valueName\":\"search_term_string\"}}],\"inLanguage\":\"de\"}]}<\/script>\n<!-- \/ Yoast SEO plugin. -->","yoast_head_json":{"title":"Rechtlicher Hinweis - VisualARQ","robots":{"index":"noindex","follow":"follow","max-snippet":"max-snippet:-1","max-image-preview":"max-image-preview:large","max-video-preview":"max-video-preview:-1"},"og_locale":"de_DE","og_type":"article","og_title":"Rechtlicher Hinweis - VisualARQ","og_description":"RECHTLICHER HINWEIS Der Zugang zu dieser Webseite geschieht aus freiem Willen und weist demjenigen, der ihn wahrnimmt, die Eigenschaft des Nutzers zu, der ab diesem Moment in vollem Umfang und ohne Vorbehalte die in diesem Rechtlichen Hinweis enthaltenen allgemeinen Gesch\u00e4ftsbedingungen annimmt. Der Nutzer erkennt an, wei\u00df und akzeptiert beim Besuch der Seite, dass die Daten [&hellip;]","og_url":"https:\/\/stg.visualarq.com\/de\/legal\/legal-notice\/","og_site_name":"VisualARQ","article_publisher":"https:\/\/www.facebook.com\/visualarq","article_modified_time":"2026-01-14T11:24:43+00:00","twitter_card":"summary_large_image","twitter_site":"@VisualARQ","twitter_misc":{"Gesch\u00e4tzte Lesezeit":"5\u00a0Minuten"},"schema":{"@context":"https:\/\/schema.org","@graph":[{"@type":"WebPage","@id":"https:\/\/stg.visualarq.com\/de\/legal\/legal-notice\/","url":"https:\/\/stg.visualarq.com\/de\/legal\/legal-notice\/","name":"Rechtlicher Hinweis - VisualARQ","isPartOf":{"@id":"https:\/\/stg.visualarq.com\/de\/#website"},"datePublished":"2026-01-14T11:17:38+00:00","dateModified":"2026-01-14T11:24:43+00:00","breadcrumb":{"@id":"https:\/\/stg.visualarq.com\/de\/legal\/legal-notice\/#breadcrumb"},"inLanguage":"de","potentialAction":[{"@type":"ReadAction","target":["https:\/\/stg.visualarq.com\/de\/legal\/legal-notice\/"]}]},{"@type":"BreadcrumbList","@id":"https:\/\/stg.visualarq.com\/de\/legal\/legal-notice\/#breadcrumb","itemListElement":[{"@type":"ListItem","position":1,"name":"Home","item":"https:\/\/stg.visualarq.com\/de\/home\/"},{"@type":"ListItem","position":2,"name":"Rechtlicher Hinweis"}]},{"@type":"WebSite","@id":"https:\/\/stg.visualarq.com\/de\/#website","url":"https:\/\/stg.visualarq.com\/de\/","name":"VisualARQ","description":"Flexible BIM for Rhino","potentialAction":[{"@type":"SearchAction","target":{"@type":"EntryPoint","urlTemplate":"https:\/\/stg.visualarq.com\/de\/?s={search_term_string}"},"query-input":{"@type":"PropertyValueSpecification","valueRequired":true,"valueName":"search_term_string"}}],"inLanguage":"de"}]}},"_links":{"self":[{"href":"https:\/\/stg.visualarq.com\/de\/wp-json\/wp\/v2\/pages\/42979","targetHints":{"allow":["GET"]}}],"collection":[{"href":"https:\/\/stg.visualarq.com\/de\/wp-json\/wp\/v2\/pages"}],"about":[{"href":"https:\/\/stg.visualarq.com\/de\/wp-json\/wp\/v2\/types\/page"}],"author":[{"embeddable":true,"href":"https:\/\/stg.visualarq.com\/de\/wp-json\/wp\/v2\/users\/1"}],"replies":[{"embeddable":true,"href":"https:\/\/stg.visualarq.com\/de\/wp-json\/wp\/v2\/comments?post=42979"}],"version-history":[{"count":2,"href":"https:\/\/stg.visualarq.com\/de\/wp-json\/wp\/v2\/pages\/42979\/revisions"}],"predecessor-version":[{"id":43004,"href":"https:\/\/stg.visualarq.com\/de\/wp-json\/wp\/v2\/pages\/42979\/revisions\/43004"}],"up":[{"embeddable":true,"href":"https:\/\/stg.visualarq.com\/de\/wp-json\/wp\/v2\/pages\/11233"}],"wp:attachment":[{"href":"https:\/\/stg.visualarq.com\/de\/wp-json\/wp\/v2\/media?parent=42979"}],"curies":[{"name":"wp","href":"https:\/\/api.w.org\/{rel}","templated":true}]}}