{"id":43175,"date":"2026-01-16T09:21:49","date_gmt":"2026-01-16T09:21:49","guid":{"rendered":"https:\/\/stg.visualarq.com\/features\/aktionsplan\/"},"modified":"2026-02-09T10:12:52","modified_gmt":"2026-02-09T10:12:52","slug":"roadmap","status":"publish","type":"page","link":"https:\/\/stg.visualarq.com\/de\/features\/roadmap\/","title":{"rendered":"Aktionsplan"},"content":{"rendered":"\n<h1 class=\"wp-block-heading\">VisualARQ-Aktionsplan<\/h1>\n\n<p>Das VisualARQ-Team arbeitet derzeit an der Version 4 des Programms.<\/p>\n\n<p>Nachfolgend finden Sie eine Liste der neuen Funktionen, die wir gerne in VisualARQ 4 oder in zuk\u00fcnftige Versionen aufnehmen w\u00fcrden.<\/p>\n\n<p><\/p>\n\n<div class=\"wp-block-columns cuadrogris is-layout-flex wp-container-core-columns-is-layout-9d6595d7 wp-block-columns-is-layout-flex\" id=\"Interface\">\n<div class=\"wp-block-column is-layout-flow wp-block-column-is-layout-flow\">\n<h4 class=\"wp-block-heading\"><strong>Benutzeroberfl\u00e4che<\/strong><\/h4>\n\n\n\n<ul>\n<li>Stile nach Ordnern im Dialogfeld Stile gruppieren. <span class=\"tag tag_planned\">Geplant<\/span><\/li>\n<li>Unterst\u00fctzung des Dark Mode. <span class=\"tag tag_planned\">Geplant<\/span><\/li>\n<li>Vektorsymbole in VisualARQ-Werkzeugleisten. <span class=\"tag tag_planned\">Geplant<\/span><\/li>\n<\/ul>\n<\/div>\n<\/div>\n\n<p><\/p>\n\n<p><\/p>\n\n<div class=\"wp-block-columns cuadrogris is-layout-flex wp-container-core-columns-is-layout-9d6595d7 wp-block-columns-is-layout-flex\" id=\"Objects\">\n<div class=\"wp-block-column is-layout-flow wp-block-column-is-layout-flow\">\n<h4 class=\"wp-block-heading\"><strong>Objekte<\/strong><\/h4>\n\n\n\n<ul>\n<li>Interferenzgruppen: Option zum Festlegen, welche Objekte einander nach Gruppen \u00fcberschneiden. <span class=\"tag tag_planned\">Geplant<\/span><\/li>\n<li>Erstellen Sie jegliches VisualARQ-Objekt aus einem Block <span class=\"tag tag_planned\">Geplant<\/span><\/li>\n<li>Erweiterte Objektstilbibliothek in VisualARQ-Vorlagen. <span class=\"tag tag_inprogress\">In Bearbeitung<\/span><\/li>\n<li>Schraffierungsattribute f\u00fcr Objekte in Projektion. <span class=\"tag tag_planned\">Geplant<\/span><\/li>\n<li>Neues Rampenobjekt. <span class=\"tag tag_planned\">Geplant<\/span><\/li>\n<li>H\u00f6he der Objekte nach Level. <span class=\"tag tag_planned\">Geplant<\/span><\/li>\n<li>Aufsicht-Darstellung f\u00fcr Rhino-Geometrie. <span class=\"tag tag_planned\">Geplant<\/span><\/li>\n<li>Silhouette-Attribut f\u00fcr Objektkonturen mit mehreren Schichten. <span class=\"tag tag_planned\">Geplant<\/span><\/li>\n<\/ul>\n<\/div>\n<\/div>\n\n<p><\/p>\n\n<p><\/p>\n\n<div class=\"wp-block-columns cuadrogris is-layout-flex wp-container-core-columns-is-layout-9d6595d7 wp-block-columns-is-layout-flex\" id=\"Walls\">\n<div class=\"wp-block-column is-layout-flow wp-block-column-is-layout-flow\">\n<h4 class=\"wp-block-heading\"><strong>W\u00e4nde<\/strong><\/h4>\n\n\n\n<ul>\n\n<li>W\u00e4nde aus Fl\u00e4chen. <span class=\"tag tag_planned\">Geplant<\/span><\/li>\n<li>Abgeschr\u00e4gte W\u00e4nde. <span class=\"tag tag_planned\">Geplant<\/span><\/li>\n<li>Die Umbr\u00fcche von Wandschichten auf \u00d6ffnungsrahmen enden lassen. <span class=\"tag tag_planned\">Geplant<\/span><\/li>\n<li>Strukturkomponenten. <span class=\"tag tag_planned\">Geplant<\/span><\/li>\n<li>Verbesserungen an den Wand\u00fcberschneidungen. <span class=\"tag tag_instudy\">Wird gepr\u00fcft<\/span><\/li>\n<\/ul>\n<\/div>\n<\/div>\n\n<p><\/p>\n\n<p><\/p>\n\n<div class=\"wp-block-columns cuadrogris is-layout-flex wp-container-core-columns-is-layout-9d6595d7 wp-block-columns-is-layout-flex\" id=\"Openings\">\n<div class=\"wp-block-column is-layout-flow wp-block-column-is-layout-flow\">\n<h4 class=\"wp-block-heading\"><strong>T\u00fcren und Fenster<\/strong><\/h4>\n\n\n\n<ul>\n<li>Volumenk\u00f6rper als \u00d6ffnungsprofil. <span class=\"tag tag_planned\">Geplant<\/span><\/li>\n<li>\u00d6ffnungslinien in Schnitt- und Aufrissansichten anzeigen. <span class=\"tag tag_planned\">Geplant<\/span><\/li>\n<li>Kundenspezifisches Profil f\u00fcr die Rahmenkomponente. <span class=\"tag tag_planned\">Geplant<\/span><\/li>\n<\/ul>\n<\/div>\n<\/div>\n\n<p><\/p>\n\n<p><\/p>\n\n<div class=\"wp-block-columns cuadrogris is-layout-flex wp-container-core-columns-is-layout-9d6595d7 wp-block-columns-is-layout-flex\" id=\"Stairs\">\n<div class=\"wp-block-column is-layout-flow wp-block-column-is-layout-flow\">\n<h4 class=\"wp-block-heading\"><strong>Treppen<\/strong><\/h4>\n\n\n\n<ul>\n<li>Treppen aus Kurven <span class=\"tag tag_planned\">Geplant<\/span><\/li>\n<li>Wangen-Komponente. <span class=\"tag tag_planned\">Geplant<\/span><\/li>\n<li>Mit Treppen verkn\u00fcpfte Gel\u00e4nder. <span class=\"tag tag_instudy\">Wird gepr\u00fcft<\/span><\/li>\n<li>Option, die letzte Stufe einer Treppe nicht zu zeichnen. <span class=\"tag tag_planned\">Geplant<\/span><\/li>\n<\/ul>\n<\/div>\n<\/div>\n\n<p><\/p>\n\n<p><\/p>\n\n<div class=\"wp-block-columns cuadrogris is-layout-flex wp-container-core-columns-is-layout-9d6595d7 wp-block-columns-is-layout-flex\" id=\"IFC\">\n<div class=\"wp-block-column is-layout-flow wp-block-column-is-layout-flow\">\n<h4 class=\"wp-block-heading\"><strong>IFC<\/strong><\/h4>\n\n\n\n<ul>\n<li>IFC-4-Export. (Wird in einer VisualARQ-3.x-Aktualisierung verf\u00fcgbar sein) <span class=\"tag tag_inprogress\">In Arbeit<\/span><\/li>\n<li>Benutzerdefinierte Parameter mit IFC-Eigenschaften verkn\u00fcpfen. <span class=\"tag tag_planned\">Geplant<\/span><\/li>\n<li>IDs beim Importieren oder Exportieren von IFC-Dateien beibehalten. <span class=\"tag tag_instudy\">Wird gepr\u00fcft<\/span><\/li>\n<li>Unterst\u00fctzung f\u00fcr Modell-Basispunkt <span class=\"tag tag_planned\">Geplant<\/span><\/li>\n<li>Zuweisung verschiedener IFC-Typen zu VisualARQ-Objekten <span class=\"tag tag_planned\">Geplant<\/span><\/li>\n<\/ul>\n<\/div>\n<\/div>\n\n<p><\/p>\n\n<p><\/p>\n\n<div class=\"wp-block-columns cuadrogris is-layout-flex wp-container-core-columns-is-layout-9d6595d7 wp-block-columns-is-layout-flex\" id=\"GH-Styles\">\n<div class=\"wp-block-column is-layout-flow wp-block-column-is-layout-flow\">\n<h4 class=\"wp-block-heading\"><strong>Grasshopper-Stile<\/strong><\/h4>\n\n\n\n<ul>\n<li>Mehrere Eingabedaten. <span class=\"tag tag_planned\">Geplant<\/span><\/li>\n<li>M\u00f6bel- und Elementobjekte aus Fl\u00e4chen- oder Pfadkurven als Eingabegeometrie. <span class=\"tag tag_planned\">Geplant<\/span><\/li>\n<li>Eingabekurven f\u00fcr Treppen. <span class=\"tag tag_planned\">Geplant<\/span><\/li>\n<li>VisualARQ-Objekte und -Stile als Eingaben (Objektbaugruppen). <span class=\"tag tag_planned\">Geplant<\/span><\/li>\n<li>VisualARQ-Objekte als Ausgabekomponenten (Objektbaugruppen). <span class=\"tag tag_planned\">Geplant<\/span><\/li>\n<li>Zugang zur Grasshopperdefinition von Grasshopperstilen. <span class=\"tag tag_planned\">Geplant<\/span><\/li>\n<li>Wertekonfiguration in Grasshopperstilen als Voreinstellungen speichern. <span class=\"tag tag_planned\">Geplant<\/span><\/li>\n<\/ul>\n<\/div>\n<\/div>\n\n<p><\/p>\n\n<p><\/p>\n\n<div class=\"wp-block-columns cuadrogris is-layout-flex wp-container-core-columns-is-layout-9d6595d7 wp-block-columns-is-layout-flex\" id=\"GH-Components\">\n<div class=\"wp-block-column is-layout-flow wp-block-column-is-layout-flow\">\n<h4 class=\"wp-block-heading\"><strong>Grasshopper Components<\/strong><\/h4>\n\n\n\n<ul>\n<li>Option zu, Berechnen der \u00dcberschneidungen zwischen VisualARQ-Objekten in Grasshopper hinzuf\u00fcgen. <span class=\"tag tag_planned\">Geplant<\/span><\/li>\n<li>Exportieren aus Grasshopper nach IFC. <span class=\"tag tag_planned\">Geplant<\/span><\/li>\n<li>Attribute an \/ von Objekten und Stilen zuweisen bzw. erhalten. <span class=\"tag tag_planned\">Geplant<\/span><\/li>\n<li>VisualARQ-Objekte und -Stile internalisieren. <span class=\"tag tag_planned\">Geplant<\/span><\/li>\n<li>Texte und Schraffierungen von Bl\u00f6cken und VisualARQ-Objekten erhalten. <span class=\"tag tag_planned\">Geplant<\/span><\/li>\n<li>Beschriftungs-Objektkomponenten <span class=\"tag tag_planned\">Geplant<\/span><\/li>\n<\/ul>\n<\/div>\n<\/div>\n\n<p><\/p>\n\n<p><\/p>\n\n<div class=\"wp-block-columns cuadrogris is-layout-flex wp-container-core-columns-is-layout-9d6595d7 wp-block-columns-is-layout-flex\" id=\"Documentation\">\n<div class=\"wp-block-column is-layout-flow wp-block-column-is-layout-flow\">\n<h4 class=\"wp-block-heading\"><strong>Dokumentation<\/strong><\/h4>\n\n\n\n<ul>\n<li>Show tags in Perspective and Elevation views. <span class=\"tag tag_planned\">Planned<\/span><\/li>\n<li>Tags with leaders <span class=\"tag tag_planned\">Planned<\/span><\/li>\n<li>Section views from curves (&#8222;Unrolled Section views&#8220;). <span class=\"tag tag_planned\">Planned<\/span><\/li>\n<li>Calculated parameters. <span class=\"tag tag_planned\">Planned<\/span><\/li>\n<li>Generate dimensions from walls and openings automatically. <span class=\"tag tag_planned\">Planned<\/span><\/li>\n<li>Dimensions linked to VisualARQ objects. <span class=\"tag tag_planned\">Planned<\/span><\/li>\n<li>Annotation Callout. <span class=\"tag tag_planned\">Planned<\/span><\/li>\n<li>Calculate real volume of spaces. <span class=\"tag tag_planned\">Planned<\/span><\/li>\n<\/ul>\n<\/div>\n<\/div>\n\n<p><\/p>\n\n<p><\/p>\n\n<div class=\"wp-block-columns cuadrogris is-layout-flex wp-container-core-columns-is-layout-9d6595d7 wp-block-columns-is-layout-flex\" id=\"Views\">\n<div class=\"wp-block-column is-layout-flow wp-block-column-is-layout-flow\">\n<h4 class=\"wp-block-heading\"><strong>Ansichten<\/strong><\/h4>\n\n\n\n<ul>\n<li>Ansichtsmanager mit der Liste der Projektansichten (Pl\u00e4ne, Schnitte, Aufrisse, 3D-Ansichten&#8230;) <span class=\"tag tag_planned\">Geplant<\/span><\/li>\n<li>Ansichten in unterschiedlichem Detailliertheitsgrad handhaben. <span class=\"tag tag_planned\">Geplant<\/span><\/li>\n<\/ul>\n<\/div>\n<\/div>\n\n<p><\/p>\n\n<p><\/p>\n\n<div class=\"wp-block-columns cuadrogris is-layout-flex wp-container-core-columns-is-layout-9d6595d7 wp-block-columns-is-layout-flex\" id=\"Hidden-Line-Vector-Output\">\n<div class=\"wp-block-column is-layout-flow wp-block-column-is-layout-flow\">\n<h4 class=\"wp-block-heading\"><strong>Vektorausgabe mit ausgeblendeter Linie<\/strong><\/h4>\n\n\n\n<ul>\n<li>Erneuerte Vektorausgabe-Engine mit Ausblendung von Linien. <span class=\"tag tag_planned\">Geplant<\/span><\/li>\n<li>Ausgeblendete Linien anzeigen <span class=\"tag tag_planned\">Geplant<\/span><\/li>\n<li>Vektor-Schatten. <span class=\"tag tag_planned\">Geplant<\/span><\/li>\n<li>Silhouette-Attribut bei Ausgeblendetem Anzeigemodus <span class=\"tag tag_planned\">Geplant<\/span><\/li>\n<li>Halbtoneffekt in Ansichten. <span class=\"tag tag_planned\">Geplant<\/span><\/li>\n<\/ul>\n<\/div>\n<\/div>\n\n<p><\/p>\n\n<p><\/p>\n\n<div class=\"wp-block-columns cuadrogris is-layout-flex wp-container-core-columns-is-layout-9d6595d7 wp-block-columns-is-layout-flex\" id=\"Tables\">\n<div class=\"wp-block-column is-layout-flow wp-block-column-is-layout-flow\">\n<h4 class=\"wp-block-heading\"><strong>Tabellen<\/strong><\/h4>\n\n\n\n<ul>\n<li>Listeninformation zu Objektstilkomponenten. <span class=\"tag tag_planned\">Geplant<\/span><\/li>\n<li>Formeln in Tabellen. <span class=\"tag tag_planned\">Geplant<\/span><\/li>\n<li>Grundlegende Informationen der Rhino-Geometrie auflisten (L\u00e4nge, Fl\u00e4che und Volumen). <span class=\"tag tag_planned\">Geplant<\/span><\/li>\n<\/ul>\n<\/div>\n<\/div>\n\n<p><\/p>\n\n<p><\/p>\n\n<div class=\"wp-block-columns cuadrogris is-layout-flex wp-container-core-columns-is-layout-9d6595d7 wp-block-columns-is-layout-flex\" id=\"Other\">\n<div class=\"wp-block-column is-layout-flow wp-block-column-is-layout-flow\">\n<h4 class=\"wp-block-heading\"><strong>Sonstiges<\/strong><\/h4>\n\n\n\n<ul>\n<li>Erweiterung der API- \/ SDK-Eigenschaften f\u00fcr VisualARQ erh\u00e4ltlich. <span class=\"tag tag_released\">Ver\u00f6ffentlicht<\/span><span class=\"tag tag_inprogress\">In Arbeit<\/span><\/li>\n<li>Attribute (einschlie\u00dflich der Schnittattribute) nach Material. <span class=\"tag tag_planned\">Geplant<\/span><\/li>\n<li>Projektsichtbarkeit und Attribute nach Bauphase verwalten. <span class=\"tag tag_planned\">Geplant<\/span><\/li>\n<li>Funktionen f\u00fcr VisualARQ-Objekteigenschaften und -attribute anpassen. <span class=\"tag tag_planned\">Geplant<\/span><\/li>\n\n<li>Such- und Auswahlwerkzeug zur Auswahl von Objekten nach ihren Parametern. <span class=\"tag tag_planned\">Geplant<\/span><\/li>\n<li>VisualARQ f\u00fcr Mac. <span class=\"tag tag_instudy\">Wird gepr\u00fcft<\/span><\/li>\n<\/ul>\n<\/div>\n<\/div>\n\n<hr class=\"wp-block-separator has-alpha-channel-opacity\"\/>\n\n<h2 class=\"wp-block-heading\">Eigenschaften-Legende<\/h2>\n\n<figure class=\"wp-block-table is-style-stripes\">\n<table>\n<tbody>\n<tr>\n<td><span class=\"tag tag_instudy\">Wird gepr\u00fcft<\/span><\/td>\n<td>Eine f\u00fcr zuk\u00fcnftige Versionen von VisualARQ in Betracht zu ziehende Funktion<\/td>\n<\/tr>\n<tr>\n<td><span class=\"tag tag_planned\">Geplant<\/span><\/td>\n<td>Eine Funktion, deren Entwicklung f\u00fcr zuk\u00fcnftige VisualARQ-Versionen geplant, aber noch nicht begonnen ist.<\/td>\n<\/tr>\n<tr>\n<td><span class=\"tag tag_inprogress\">In Bearbeitung<\/span><\/td>\n<td>Derzeit in der Entwicklung befindliche Funktion.<\/td>\n<\/tr>\n<tr>\n<td><span class=\"tag tag_intesting\">Wird getestet<\/span><\/td>\n<td>In unsere interne WIP-Version integrierte und derzeit in der Revision befindliche Funktion.<\/td>\n<\/tr>\n<tr>\n<td><span class=\"tag tag_completed\">Abgeschlossen<\/span><\/td>\n<td>In unsere interne WIP-Version integrierte reibungslos verlaufende Funktion.<\/td>\n<\/tr>\n<tr>\n<td><span class=\"tag tag_released\">Ver\u00f6ffentlicht<\/span><\/td>\n<td>In der aktuell ver\u00f6ffentlichten Version verf\u00fcgbare Funktion.<\/td>\n<\/tr>\n<\/tbody>\n<\/table>\n<\/figure>\n","protected":false},"excerpt":{"rendered":"<p>VisualARQ-Aktionsplan Das VisualARQ-Team arbeitet derzeit an der Version 4 des Programms. Nachfolgend finden Sie eine Liste der neuen Funktionen, die wir gerne in VisualARQ 4 oder in zuk\u00fcnftige Versionen aufnehmen w\u00fcrden. Benutzeroberfl\u00e4che Stile nach Ordnern im Dialogfeld Stile gruppieren. Geplant Unterst\u00fctzung des Dark Mode. Geplant Vektorsymbole in VisualARQ-Werkzeugleisten. Geplant Objekte Interferenzgruppen: Option zum Festlegen, welche [&hellip;]<\/p>\n","protected":false},"author":6,"featured_media":0,"parent":39525,"menu_order":0,"comment_status":"closed","ping_status":"closed","template":"","meta":{"_et_pb_use_builder":"off","_et_pb_old_content":"","_et_gb_content_width":"","footnotes":""},"class_list":["post-43175","page","type-page","status-publish","hentry"],"yoast_head":"<!-- This site is optimized with the Yoast SEO plugin v27.3 - https:\/\/yoast.com\/product\/yoast-seo-wordpress\/ -->\n<title>Aktionsplan - VisualARQ<\/title>\n<meta name=\"robots\" content=\"noindex, follow, max-snippet:-1, max-image-preview:large, max-video-preview:-1\" \/>\n<meta property=\"og:locale\" content=\"de_DE\" \/>\n<meta property=\"og:type\" content=\"article\" \/>\n<meta property=\"og:title\" content=\"Aktionsplan - VisualARQ\" \/>\n<meta property=\"og:description\" content=\"VisualARQ-Aktionsplan Das VisualARQ-Team arbeitet derzeit an der Version 4 des Programms. Nachfolgend finden Sie eine Liste der neuen Funktionen, die wir gerne in VisualARQ 4 oder in zuk\u00fcnftige Versionen aufnehmen w\u00fcrden. Benutzeroberfl\u00e4che Stile nach Ordnern im Dialogfeld Stile gruppieren. Geplant Unterst\u00fctzung des Dark Mode. Geplant Vektorsymbole in VisualARQ-Werkzeugleisten. Geplant Objekte Interferenzgruppen: Option zum Festlegen, welche [&hellip;]\" \/>\n<meta property=\"og:url\" content=\"https:\/\/stg.visualarq.com\/de\/features\/roadmap\/\" \/>\n<meta property=\"og:site_name\" content=\"VisualARQ\" \/>\n<meta property=\"article:publisher\" content=\"https:\/\/www.facebook.com\/visualarq\" \/>\n<meta property=\"article:modified_time\" content=\"2026-02-09T10:12:52+00:00\" \/>\n<meta name=\"twitter:card\" content=\"summary_large_image\" \/>\n<meta name=\"twitter:site\" content=\"@VisualARQ\" \/>\n<meta name=\"twitter:label1\" content=\"Gesch\u00e4tzte Lesezeit\" \/>\n\t<meta name=\"twitter:data1\" content=\"3\u00a0Minuten\" \/>\n<script type=\"application\/ld+json\" class=\"yoast-schema-graph\">{\"@context\":\"https:\\\/\\\/schema.org\",\"@graph\":[{\"@type\":\"WebPage\",\"@id\":\"https:\\\/\\\/stg.visualarq.com\\\/de\\\/features\\\/roadmap\\\/\",\"url\":\"https:\\\/\\\/stg.visualarq.com\\\/de\\\/features\\\/roadmap\\\/\",\"name\":\"Aktionsplan - VisualARQ\",\"isPartOf\":{\"@id\":\"https:\\\/\\\/stg.visualarq.com\\\/de\\\/#website\"},\"datePublished\":\"2026-01-16T09:21:49+00:00\",\"dateModified\":\"2026-02-09T10:12:52+00:00\",\"breadcrumb\":{\"@id\":\"https:\\\/\\\/stg.visualarq.com\\\/de\\\/features\\\/roadmap\\\/#breadcrumb\"},\"inLanguage\":\"de\",\"potentialAction\":[{\"@type\":\"ReadAction\",\"target\":[\"https:\\\/\\\/stg.visualarq.com\\\/de\\\/features\\\/roadmap\\\/\"]}]},{\"@type\":\"BreadcrumbList\",\"@id\":\"https:\\\/\\\/stg.visualarq.com\\\/de\\\/features\\\/roadmap\\\/#breadcrumb\",\"itemListElement\":[{\"@type\":\"ListItem\",\"position\":1,\"name\":\"Home\",\"item\":\"https:\\\/\\\/stg.visualarq.com\\\/de\\\/home\\\/\"},{\"@type\":\"ListItem\",\"position\":2,\"name\":\"Aktionsplan\"}]},{\"@type\":\"WebSite\",\"@id\":\"https:\\\/\\\/stg.visualarq.com\\\/de\\\/#website\",\"url\":\"https:\\\/\\\/stg.visualarq.com\\\/de\\\/\",\"name\":\"VisualARQ\",\"description\":\"Flexible BIM for Rhino\",\"potentialAction\":[{\"@type\":\"SearchAction\",\"target\":{\"@type\":\"EntryPoint\",\"urlTemplate\":\"https:\\\/\\\/stg.visualarq.com\\\/de\\\/?s={search_term_string}\"},\"query-input\":{\"@type\":\"PropertyValueSpecification\",\"valueRequired\":true,\"valueName\":\"search_term_string\"}}],\"inLanguage\":\"de\"}]}<\/script>\n<!-- \/ Yoast SEO plugin. -->","yoast_head_json":{"title":"Aktionsplan - VisualARQ","robots":{"index":"noindex","follow":"follow","max-snippet":"max-snippet:-1","max-image-preview":"max-image-preview:large","max-video-preview":"max-video-preview:-1"},"og_locale":"de_DE","og_type":"article","og_title":"Aktionsplan - VisualARQ","og_description":"VisualARQ-Aktionsplan Das VisualARQ-Team arbeitet derzeit an der Version 4 des Programms. Nachfolgend finden Sie eine Liste der neuen Funktionen, die wir gerne in VisualARQ 4 oder in zuk\u00fcnftige Versionen aufnehmen w\u00fcrden. Benutzeroberfl\u00e4che Stile nach Ordnern im Dialogfeld Stile gruppieren. Geplant Unterst\u00fctzung des Dark Mode. Geplant Vektorsymbole in VisualARQ-Werkzeugleisten. Geplant Objekte Interferenzgruppen: Option zum Festlegen, welche [&hellip;]","og_url":"https:\/\/stg.visualarq.com\/de\/features\/roadmap\/","og_site_name":"VisualARQ","article_publisher":"https:\/\/www.facebook.com\/visualarq","article_modified_time":"2026-02-09T10:12:52+00:00","twitter_card":"summary_large_image","twitter_site":"@VisualARQ","twitter_misc":{"Gesch\u00e4tzte Lesezeit":"3\u00a0Minuten"},"schema":{"@context":"https:\/\/schema.org","@graph":[{"@type":"WebPage","@id":"https:\/\/stg.visualarq.com\/de\/features\/roadmap\/","url":"https:\/\/stg.visualarq.com\/de\/features\/roadmap\/","name":"Aktionsplan - VisualARQ","isPartOf":{"@id":"https:\/\/stg.visualarq.com\/de\/#website"},"datePublished":"2026-01-16T09:21:49+00:00","dateModified":"2026-02-09T10:12:52+00:00","breadcrumb":{"@id":"https:\/\/stg.visualarq.com\/de\/features\/roadmap\/#breadcrumb"},"inLanguage":"de","potentialAction":[{"@type":"ReadAction","target":["https:\/\/stg.visualarq.com\/de\/features\/roadmap\/"]}]},{"@type":"BreadcrumbList","@id":"https:\/\/stg.visualarq.com\/de\/features\/roadmap\/#breadcrumb","itemListElement":[{"@type":"ListItem","position":1,"name":"Home","item":"https:\/\/stg.visualarq.com\/de\/home\/"},{"@type":"ListItem","position":2,"name":"Aktionsplan"}]},{"@type":"WebSite","@id":"https:\/\/stg.visualarq.com\/de\/#website","url":"https:\/\/stg.visualarq.com\/de\/","name":"VisualARQ","description":"Flexible BIM for Rhino","potentialAction":[{"@type":"SearchAction","target":{"@type":"EntryPoint","urlTemplate":"https:\/\/stg.visualarq.com\/de\/?s={search_term_string}"},"query-input":{"@type":"PropertyValueSpecification","valueRequired":true,"valueName":"search_term_string"}}],"inLanguage":"de"}]}},"_links":{"self":[{"href":"https:\/\/stg.visualarq.com\/de\/wp-json\/wp\/v2\/pages\/43175","targetHints":{"allow":["GET"]}}],"collection":[{"href":"https:\/\/stg.visualarq.com\/de\/wp-json\/wp\/v2\/pages"}],"about":[{"href":"https:\/\/stg.visualarq.com\/de\/wp-json\/wp\/v2\/types\/page"}],"author":[{"embeddable":true,"href":"https:\/\/stg.visualarq.com\/de\/wp-json\/wp\/v2\/users\/6"}],"replies":[{"embeddable":true,"href":"https:\/\/stg.visualarq.com\/de\/wp-json\/wp\/v2\/comments?post=43175"}],"version-history":[{"count":1,"href":"https:\/\/stg.visualarq.com\/de\/wp-json\/wp\/v2\/pages\/43175\/revisions"}],"predecessor-version":[{"id":43176,"href":"https:\/\/stg.visualarq.com\/de\/wp-json\/wp\/v2\/pages\/43175\/revisions\/43176"}],"up":[{"embeddable":true,"href":"https:\/\/stg.visualarq.com\/de\/wp-json\/wp\/v2\/pages\/39525"}],"wp:attachment":[{"href":"https:\/\/stg.visualarq.com\/de\/wp-json\/wp\/v2\/media?parent=43175"}],"curies":[{"name":"wp","href":"https:\/\/api.w.org\/{rel}","templated":true}]}}