{"id":11565,"date":"2011-01-20T00:00:00","date_gmt":"2011-01-20T00:00:00","guid":{"rendered":"https:\/\/stg.visualarq.com\/support\/"},"modified":"2024-08-28T07:38:27","modified_gmt":"2024-08-28T07:38:27","slug":"support","status":"publish","type":"page","link":"https:\/\/stg.visualarq.com\/es\/support\/","title":{"rendered":"Soporte"},"content":{"rendered":"[et_pb_section fb_built=\u00bb1&#8243; admin_label=\u00bbsection\u00bb _builder_version=\u00bb4.16&#8243; da_disable_devices=\u00bboff|off|off\u00bb global_colors_info=\u00bb{}\u00bb da_is_popup=\u00bboff\u00bb da_exit_intent=\u00bboff\u00bb da_has_close=\u00bbon\u00bb da_alt_close=\u00bboff\u00bb da_dark_close=\u00bboff\u00bb da_not_modal=\u00bbon\u00bb da_is_singular=\u00bboff\u00bb da_with_loader=\u00bboff\u00bb da_has_shadow=\u00bbon\u00bb][et_pb_row padding_mobile=\u00bboff\u00bb column_padding_mobile=\u00bbon\u00bb admin_label=\u00bbrow\u00bb _builder_version=\u00bb4.16&#8243; background_size=\u00bbinitial\u00bb background_position=\u00bbtop_left\u00bb background_repeat=\u00bbrepeat\u00bb custom_padding=\u00bb0px||0px|\u00bb make_fullwidth=\u00bboff\u00bb use_custom_width=\u00bboff\u00bb width_unit=\u00bbon\u00bb global_colors_info=\u00bb{}\u00bb][et_pb_column type=\u00bb4_4&#8243; _builder_version=\u00bb4.16&#8243; custom_padding=\u00bb|||\u00bb global_colors_info=\u00bb{}\u00bb custom_padding__hover=\u00bb|||\u00bb][et_pb_post_title meta=\u00bboff\u00bb featured_image=\u00bboff\u00bb admin_label=\u00bbTitulo de la p\u00e1gina\u00bb _builder_version=\u00bb4.16&#8243; title_font=\u00bb|on|||\u00bb title_font_size=\u00bb30px\u00bb title_all_caps=\u00bboff\u00bb background_color=\u00bbrgba(255,255,255,0)\u00bb parallax=\u00bbon\u00bb parallax_method=\u00bboff\u00bb custom_margin=\u00bb||0px|\u00bb parallax_effect=\u00bbon\u00bb module_bg_color=\u00bbrgba(255,255,255,0)\u00bb use_border_color=\u00bboff\u00bb border_color=\u00bb#ffffff\u00bb border_style=\u00bbsolid\u00bb saved_tabs=\u00bball\u00bb global_colors_info=\u00bb{}\u00bb][\/et_pb_post_title][\/et_pb_column][\/et_pb_row][et_pb_row padding_mobile=\u00bboff\u00bb column_padding_mobile=\u00bbon\u00bb _builder_version=\u00bb4.16&#8243; background_size=\u00bbinitial\u00bb background_position=\u00bbtop_left\u00bb background_repeat=\u00bbrepeat\u00bb custom_padding=\u00bb||0px|\u00bb make_fullwidth=\u00bboff\u00bb use_custom_width=\u00bboff\u00bb width_unit=\u00bbon\u00bb global_colors_info=\u00bb{}\u00bb][et_pb_column type=\u00bb4_4&#8243; _builder_version=\u00bb4.16&#8243; custom_padding=\u00bb|||\u00bb global_colors_info=\u00bb{}\u00bb custom_padding__hover=\u00bb|||\u00bb][et_pb_text _builder_version=\u00bb4.16&#8243; background_size=\u00bbinitial\u00bb background_position=\u00bbtop_left\u00bb background_repeat=\u00bbrepeat\u00bb use_border_color=\u00bboff\u00bb border_color=\u00bb#ffffff\u00bb border_style=\u00bbsolid\u00bb global_colors_info=\u00bb{}\u00bb]Estas son algunas de las opciones de soporte disponibles:[\/et_pb_text][\/et_pb_column][\/et_pb_row][et_pb_row column_structure=\u00bb1_2,1_2&#8243; make_equal=\u00bbon\u00bb admin_label=\u00bbrow\u00bb _builder_version=\u00bb4.27.0&#8243; background_size=\u00bbinitial\u00bb background_position=\u00bbtop_left\u00bb background_repeat=\u00bbrepeat\u00bb global_colors_info=\u00bb{}\u00bb][et_pb_column type=\u00bb1_2&#8243; _builder_version=\u00bb4.16&#8243; custom_padding=\u00bb|||\u00bb global_colors_info=\u00bb{}\u00bb custom_padding__hover=\u00bb|||\u00bb][et_pb_blurb title=\u00bbForo\u00bb url=\u00bbhttps:\/\/discourse.mcneel.com\/c\/visualarq\u00bb url_new_window=\u00bbon\u00bb use_icon=\u00bbon\u00bb font_icon=\u00bb&#x77;||divi||400&#8243; icon_placement=\u00bbleft\u00bb admin_label=\u00bbForo\u00bb _builder_version=\u00bb4.27.0&#8243; min_height=\u00bb100%\u00bb custom_padding=\u00bb20px|20px|20px|20px|false|false\u00bb animation=\u00bboff\u00bb border_radii=\u00bbon|12px|12px|12px|12px\u00bb box_shadow_style=\u00bbpreset1&#8243; box_shadow_blur=\u00bb6px\u00bb border_style=\u00bbsolid\u00bb global_colors_info=\u00bb{}\u00bb box_shadow_blur__hover_enabled=\u00bbon|hover\u00bb box_shadow_blur__hover=\u00bb18px\u00bb]<p>\u00danase a la comunidad de VisualARQ en el foro para encontrar y compartir soluciones a los problemas m\u00e1s comunes.<\/p>[\/et_pb_blurb][\/et_pb_column][et_pb_column type=\u00bb1_2&#8243; _builder_version=\u00bb4.16&#8243; custom_padding=\u00bb|||\u00bb global_colors_info=\u00bb{}\u00bb custom_padding__hover=\u00bb|||\u00bb][et_pb_blurb title=\u00bbGu\u00eda del usuario\u00bb url=\u00bbhttps:\/\/help.visualarq.com\/es-es\/\u00bb url_new_window=\u00bbon\u00bb use_icon=\u00bbon\u00bb font_icon=\u00bb&#x74;||divi||400&#8243; icon_placement=\u00bbleft\u00bb admin_label=\u00bbUser&#8217;s Guide\u00bb _builder_version=\u00bb4.27.0&#8243; min_height=\u00bb100%\u00bb custom_padding=\u00bb20px|20px|20px|20px|false|false\u00bb animation=\u00bboff\u00bb hover_enabled=\u00bb0&#8243; border_radii=\u00bbon|12px|12px|12px|12px\u00bb box_shadow_style=\u00bbpreset1&#8243; box_shadow_blur=\u00bb6px\u00bb border_style=\u00bbsolid\u00bb global_colors_info=\u00bb{}\u00bb box_shadow_blur__hover=\u00bb18px\u00bb box_shadow_blur__hover_enabled=\u00bbon|hover\u00bb sticky_enabled=\u00bb0&#8243;]Gu\u00eda de ayuda con todos los comandos y temas de VisualARQ[\/et_pb_blurb][\/et_pb_column][\/et_pb_row][et_pb_row column_structure=\u00bb1_2,1_2&#8243; make_equal=\u00bbon\u00bb admin_label=\u00bbrow\u00bb _builder_version=\u00bb4.27.0&#8243; background_size=\u00bbinitial\u00bb background_position=\u00bbtop_left\u00bb background_repeat=\u00bbrepeat\u00bb global_colors_info=\u00bb{}\u00bb][et_pb_column type=\u00bb1_2&#8243; _builder_version=\u00bb4.16&#8243; custom_padding=\u00bb|||\u00bb global_colors_info=\u00bb{}\u00bb custom_padding__hover=\u00bb|||\u00bb][et_pb_blurb title=\u00bbFAQ\u00bb url=\u00bbhttps:\/\/stg.visualarq.com\/es\/support\/faqs\/\u00bb url_new_window=\u00bbon\u00bb use_icon=\u00bbon\u00bb font_icon=\u00bb&#x74;||divi||400&#8243; icon_placement=\u00bbleft\u00bb admin_label=\u00bbFAQ\u00bb _builder_version=\u00bb4.27.0&#8243; min_height=\u00bb100%\u00bb custom_padding=\u00bb20px|20px|20px|20px|false|false\u00bb animation=\u00bboff\u00bb border_radii=\u00bbon|12px|12px|12px|12px\u00bb box_shadow_style=\u00bbpreset1&#8243; box_shadow_blur=\u00bb6px\u00bb border_style=\u00bbsolid\u00bb global_colors_info=\u00bb{}\u00bb box_shadow_blur__hover=\u00bb18px\u00bb box_shadow_blur__hover_enabled=\u00bbon|hover\u00bb]<p>FAQ t\u00e9cnicas (preguntas frecuentes)\r\n<\/p>[\/et_pb_blurb][\/et_pb_column][et_pb_column type=\u00bb1_2&#8243; _builder_version=\u00bb4.16&#8243; custom_padding=\u00bb|||\u00bb global_colors_info=\u00bb{}\u00bb custom_padding__hover=\u00bb|||\u00bb][et_pb_blurb title=\u00bbSugerencias y trucos\u00bb url=\u00bbhttps:\/\/stg.visualarq.com\/es\/support\/tips\/\u00bb url_new_window=\u00bbon\u00bb use_icon=\u00bbon\u00bb font_icon=\u00bb&#x74;||divi||400&#8243; icon_placement=\u00bbleft\u00bb admin_label=\u00bbSugerencias y trucos\u00bb _builder_version=\u00bb4.27.0&#8243; min_height=\u00bb100%\u00bb custom_padding=\u00bb20px|20px|20px|20px|false|false\u00bb animation=\u00bboff\u00bb border_radii=\u00bbon|12px|12px|12px|12px\u00bb box_shadow_style=\u00bbpreset1&#8243; box_shadow_blur=\u00bb6px\u00bb border_style=\u00bbsolid\u00bb icon_font_size=\u00bb32px\u00bb global_colors_info=\u00bb{}\u00bb box_shadow_blur__hover=\u00bb18px\u00bb box_shadow_blur__hover_enabled=\u00bbon|hover\u00bb]<p>Sugerencias y trucos para aumentar la productividad con VisualARQ<\/p>[\/et_pb_blurb][\/et_pb_column][\/et_pb_row][et_pb_row _builder_version=\u00bb4.16&#8243; background_size=\u00bbinitial\u00bb background_position=\u00bbtop_left\u00bb background_repeat=\u00bbrepeat\u00bb global_colors_info=\u00bb{}\u00bb][et_pb_column type=\u00bb4_4&#8243; _builder_version=\u00bb4.16&#8243; custom_padding=\u00bb|||\u00bb global_colors_info=\u00bb{}\u00bb custom_padding__hover=\u00bb|||\u00bb][et_pb_text _builder_version=\u00bb4.16&#8243; background_size=\u00bbinitial\u00bb background_position=\u00bbtop_left\u00bb background_repeat=\u00bbrepeat\u00bb use_border_color=\u00bboff\u00bb border_color=\u00bb#ffffff\u00bb border_style=\u00bbsolid\u00bb global_colors_info=\u00bb{}\u00bb]<p><strong>Para soporte t\u00e9cnico\/comercial y servicio en su idioma local, p\u00f3ngase en contacto con su distribuidor. <\/strong><br \/> Siempre puede contactarnos por e-mail o tel\u00e9fono si tiene preguntas sobre VisualARQ o si desea compartir sus ideas y enviarnos comentarios para mejorar el programa. No dude en ponerse en contacto con nosotros.<\/p>[\/et_pb_text][\/et_pb_column][\/et_pb_row][et_pb_row column_structure=\u00bb1_2,1_2&#8243; padding_mobile=\u00bboff\u00bb column_padding_mobile=\u00bbon\u00bb _builder_version=\u00bb4.16&#8243; background_size=\u00bbinitial\u00bb background_position=\u00bbtop_left\u00bb background_repeat=\u00bbrepeat\u00bb max_width=\u00bb600px\u00bb make_fullwidth=\u00bboff\u00bb use_custom_width=\u00bbon\u00bb width_unit=\u00bbon\u00bb custom_width_px=\u00bb600px\u00bb global_colors_info=\u00bb{}\u00bb][et_pb_column type=\u00bb1_2&#8243; _builder_version=\u00bb4.16&#8243; custom_padding=\u00bb|||\u00bb global_colors_info=\u00bb{}\u00bb custom_padding__hover=\u00bb|||\u00bb][et_pb_blurb title=\u00bbCorreo electr\u00f3nico\u00bb use_icon=\u00bbon\u00bb font_icon=\u00bb&#xe010;||divi||400&#8243; icon_placement=\u00bbleft\u00bb _builder_version=\u00bb4.16&#8243; background_size=\u00bbinitial\u00bb background_position=\u00bbtop_left\u00bb background_repeat=\u00bbrepeat\u00bb custom_margin=\u00bb|||0px\u00bb animation=\u00bboff\u00bb border_style=\u00bbsolid\u00bb global_colors_info=\u00bb{}\u00bb]<a href=\"mailto:visualarq@asuni.com\">visualarq@asuni.com<\/a>[\/et_pb_blurb][\/et_pb_column][et_pb_column type=\u00bb1_2&#8243; _builder_version=\u00bb4.16&#8243; custom_padding=\u00bb|||\u00bb global_colors_info=\u00bb{}\u00bb custom_padding__hover=\u00bb|||\u00bb][et_pb_blurb title=\u00bbTel\u00e9fono\u00bb use_icon=\u00bbon\u00bb font_icon=\u00bb&#xe090;||divi||400&#8243; icon_placement=\u00bbleft\u00bb _builder_version=\u00bb4.16&#8243; background_size=\u00bbinitial\u00bb background_position=\u00bbtop_left\u00bb background_repeat=\u00bbrepeat\u00bb animation=\u00bboff\u00bb border_style=\u00bbsolid\u00bb global_colors_info=\u00bb{}\u00bb]+34 933 196 868[\/et_pb_blurb][\/et_pb_column][\/et_pb_row][\/et_pb_section]","protected":false},"excerpt":{"rendered":"<p>Estas son algunas de las opciones de soporte disponibles:\u00danase a la comunidad de VisualARQ en el foro para encontrar y compartir soluciones a los problemas m\u00e1s comunes.Gu\u00eda de ayuda con todos los comandos y temas de VisualARQFAQ t\u00e9cnicas (preguntas frecuentes) Sugerencias y trucos para aumentar la productividad con VisualARQPara soporte t\u00e9cnico\/comercial y servicio en su [&hellip;]<\/p>\n","protected":false},"author":1,"featured_media":0,"parent":0,"menu_order":7,"comment_status":"closed","ping_status":"closed","template":"","meta":{"_et_pb_use_builder":"on","_et_pb_old_content":"","_et_gb_content_width":"","footnotes":""},"class_list":["post-11565","page","type-page","status-publish","hentry"],"yoast_head":"<!-- This site is optimized with the Yoast SEO plugin v27.2 - https:\/\/yoast.com\/product\/yoast-seo-wordpress\/ -->\n<title>Soporte - VisualARQ<\/title>\n<meta name=\"robots\" content=\"noindex, follow, max-snippet:-1, max-image-preview:large, max-video-preview:-1\" \/>\n<meta property=\"og:locale\" content=\"es_ES\" \/>\n<meta property=\"og:type\" content=\"article\" \/>\n<meta property=\"og:title\" content=\"Soporte - VisualARQ\" \/>\n<meta property=\"og:description\" content=\"Estas son algunas de las opciones de soporte disponibles:\u00danase a la comunidad de VisualARQ en el foro para encontrar y compartir soluciones a los problemas m\u00e1s comunes.Gu\u00eda de ayuda con todos los comandos y temas de VisualARQFAQ t\u00e9cnicas (preguntas frecuentes) Sugerencias y trucos para aumentar la productividad con VisualARQPara soporte t\u00e9cnico\/comercial y servicio en su [&hellip;]\" \/>\n<meta property=\"og:url\" content=\"https:\/\/stg.visualarq.com\/es\/support\/\" \/>\n<meta property=\"og:site_name\" content=\"VisualARQ\" \/>\n<meta property=\"article:publisher\" content=\"https:\/\/www.facebook.com\/visualarq\" \/>\n<meta property=\"article:modified_time\" content=\"2024-08-28T07:38:27+00:00\" \/>\n<meta name=\"twitter:card\" content=\"summary_large_image\" \/>\n<meta name=\"twitter:site\" content=\"@VisualARQ\" \/>\n<meta name=\"twitter:label1\" content=\"Tiempo de lectura\" \/>\n\t<meta name=\"twitter:data1\" content=\"5 minutos\" \/>\n<script type=\"application\/ld+json\" class=\"yoast-schema-graph\">{\"@context\":\"https:\/\/schema.org\",\"@graph\":[{\"@type\":\"WebPage\",\"@id\":\"https:\/\/stg.visualarq.com\/es\/support\/\",\"url\":\"https:\/\/stg.visualarq.com\/es\/support\/\",\"name\":\"Soporte - VisualARQ\",\"isPartOf\":{\"@id\":\"https:\/\/stg.visualarq.com\/es\/#website\"},\"datePublished\":\"2011-01-20T00:00:00+00:00\",\"dateModified\":\"2024-08-28T07:38:27+00:00\",\"breadcrumb\":{\"@id\":\"https:\/\/stg.visualarq.com\/es\/support\/#breadcrumb\"},\"inLanguage\":\"es\",\"potentialAction\":[{\"@type\":\"ReadAction\",\"target\":[\"https:\/\/stg.visualarq.com\/es\/support\/\"]}]},{\"@type\":\"BreadcrumbList\",\"@id\":\"https:\/\/stg.visualarq.com\/es\/support\/#breadcrumb\",\"itemListElement\":[{\"@type\":\"ListItem\",\"position\":1,\"name\":\"Home\",\"item\":\"https:\/\/stg.visualarq.com\/es\/home\/\"},{\"@type\":\"ListItem\",\"position\":2,\"name\":\"Soporte\"}]},{\"@type\":\"WebSite\",\"@id\":\"https:\/\/stg.visualarq.com\/es\/#website\",\"url\":\"https:\/\/stg.visualarq.com\/es\/\",\"name\":\"VisualARQ\",\"description\":\"Flexible BIM for Rhino\",\"potentialAction\":[{\"@type\":\"SearchAction\",\"target\":{\"@type\":\"EntryPoint\",\"urlTemplate\":\"https:\/\/stg.visualarq.com\/es\/?s={search_term_string}\"},\"query-input\":{\"@type\":\"PropertyValueSpecification\",\"valueRequired\":true,\"valueName\":\"search_term_string\"}}],\"inLanguage\":\"es\"}]}<\/script>\n<!-- \/ Yoast SEO plugin. -->","yoast_head_json":{"title":"Soporte - VisualARQ","robots":{"index":"noindex","follow":"follow","max-snippet":"max-snippet:-1","max-image-preview":"max-image-preview:large","max-video-preview":"max-video-preview:-1"},"og_locale":"es_ES","og_type":"article","og_title":"Soporte - VisualARQ","og_description":"Estas son algunas de las opciones de soporte disponibles:\u00danase a la comunidad de VisualARQ en el foro para encontrar y compartir soluciones a los problemas m\u00e1s comunes.Gu\u00eda de ayuda con todos los comandos y temas de VisualARQFAQ t\u00e9cnicas (preguntas frecuentes) Sugerencias y trucos para aumentar la productividad con VisualARQPara soporte t\u00e9cnico\/comercial y servicio en su [&hellip;]","og_url":"https:\/\/stg.visualarq.com\/es\/support\/","og_site_name":"VisualARQ","article_publisher":"https:\/\/www.facebook.com\/visualarq","article_modified_time":"2024-08-28T07:38:27+00:00","twitter_card":"summary_large_image","twitter_site":"@VisualARQ","twitter_misc":{"Tiempo de lectura":"5 minutos"},"schema":{"@context":"https:\/\/schema.org","@graph":[{"@type":"WebPage","@id":"https:\/\/stg.visualarq.com\/es\/support\/","url":"https:\/\/stg.visualarq.com\/es\/support\/","name":"Soporte - VisualARQ","isPartOf":{"@id":"https:\/\/stg.visualarq.com\/es\/#website"},"datePublished":"2011-01-20T00:00:00+00:00","dateModified":"2024-08-28T07:38:27+00:00","breadcrumb":{"@id":"https:\/\/stg.visualarq.com\/es\/support\/#breadcrumb"},"inLanguage":"es","potentialAction":[{"@type":"ReadAction","target":["https:\/\/stg.visualarq.com\/es\/support\/"]}]},{"@type":"BreadcrumbList","@id":"https:\/\/stg.visualarq.com\/es\/support\/#breadcrumb","itemListElement":[{"@type":"ListItem","position":1,"name":"Home","item":"https:\/\/stg.visualarq.com\/es\/home\/"},{"@type":"ListItem","position":2,"name":"Soporte"}]},{"@type":"WebSite","@id":"https:\/\/stg.visualarq.com\/es\/#website","url":"https:\/\/stg.visualarq.com\/es\/","name":"VisualARQ","description":"Flexible BIM for Rhino","potentialAction":[{"@type":"SearchAction","target":{"@type":"EntryPoint","urlTemplate":"https:\/\/stg.visualarq.com\/es\/?s={search_term_string}"},"query-input":{"@type":"PropertyValueSpecification","valueRequired":true,"valueName":"search_term_string"}}],"inLanguage":"es"}]}},"_links":{"self":[{"href":"https:\/\/stg.visualarq.com\/es\/wp-json\/wp\/v2\/pages\/11565","targetHints":{"allow":["GET"]}}],"collection":[{"href":"https:\/\/stg.visualarq.com\/es\/wp-json\/wp\/v2\/pages"}],"about":[{"href":"https:\/\/stg.visualarq.com\/es\/wp-json\/wp\/v2\/types\/page"}],"author":[{"embeddable":true,"href":"https:\/\/stg.visualarq.com\/es\/wp-json\/wp\/v2\/users\/1"}],"replies":[{"embeddable":true,"href":"https:\/\/stg.visualarq.com\/es\/wp-json\/wp\/v2\/comments?post=11565"}],"version-history":[{"count":0,"href":"https:\/\/stg.visualarq.com\/es\/wp-json\/wp\/v2\/pages\/11565\/revisions"}],"wp:attachment":[{"href":"https:\/\/stg.visualarq.com\/es\/wp-json\/wp\/v2\/media?parent=11565"}],"curies":[{"name":"wp","href":"https:\/\/api.w.org\/{rel}","templated":true}]}}