{"id":11573,"date":"2011-01-20T00:00:00","date_gmt":"2011-01-20T00:00:00","guid":{"rendered":"https:\/\/stg.visualarq.com\/legal\/"},"modified":"2020-10-18T13:21:25","modified_gmt":"2020-10-18T13:21:25","slug":"legal","status":"publish","type":"page","link":"https:\/\/stg.visualarq.com\/es\/legal\/","title":{"rendered":"Informaci\u00f3n legal"},"content":{"rendered":"[et_pb_section fb_built=\u00bb1&#8243; admin_label=\u00bbsection\u00bb _builder_version=\u00bb3.22&#8243;][et_pb_row admin_label=\u00bbrow\u00bb _builder_version=\u00bb3.25&#8243; background_size=\u00bbinitial\u00bb background_position=\u00bbtop_left\u00bb background_repeat=\u00bbrepeat\u00bb][et_pb_column type=\u00bb4_4&#8243; _builder_version=\u00bb3.25&#8243; custom_padding=\u00bb|||\u00bb custom_padding__hover=\u00bb|||\u00bb][et_pb_post_title meta=\u00bboff\u00bb featured_image=\u00bboff\u00bb admin_label=\u00bbTitulo de la p\u00e1gina\u00bb _builder_version=\u00bb3.0.87&#8243; title_font=\u00bb|on|||\u00bb title_font_size=\u00bb30px\u00bb title_all_caps=\u00bboff\u00bb background_color=\u00bbrgba(255,255,255,0)\u00bb parallax=\u00bbon\u00bb parallax_method=\u00bboff\u00bb parallax_effect=\u00bbon\u00bb module_bg_color=\u00bbrgba(255,255,255,0)\u00bb use_border_color=\u00bboff\u00bb border_color=\u00bb#ffffff\u00bb border_style=\u00bbsolid\u00bb saved_tabs=\u00bball\u00bb][\/et_pb_post_title][et_pb_accordion module_id=\u00bbsection\u00bb _builder_version=\u00bb4.6.5&#8243; hover_enabled=\u00bb0&#8243; border_style=\u00bbsolid\u00bb sticky_enabled=\u00bb0&#8243;][et_pb_accordion_item title=\u00bbAviso legal\u00bb open=\u00bbon\u00bb _builder_version=\u00bb4.6.5&#8243; hover_enabled=\u00bb0&#8243; sticky_enabled=\u00bb0&#8243;]<strong>AVISO LEGAL<\/strong>\r\n\r\nEl acceso a este sitio web es totalmente voluntario y atribuye a quien lo realiza la condici\u00f3n de usuario, aceptando, desde ese mismo momento, plenamente y sin reserva alguna las presentes Condiciones Generales. El usuario asume, conoce y acepta, al visitar la p\u00e1gina, que los datos e informaciones sobre productos o servicios, y cualesquiera otros datos e informaciones contenidos en las mismas, aparecen \u00fanica y exclusivamente a efectos informativos, y en todo momento pueden contener errores, imprecisiones o no estar actualizados. Asuni CAD, S.A. (en adelante Asuni) se reserva el derecho de suspender temporalmente, o anular definitivamente, sin necesidad de previo aviso, la accesibilidad de sus p\u00e1ginas web en funci\u00f3n de la necesidad de efectuar operaciones de mantenimiento, reparaci\u00f3n, actualizaci\u00f3n o mejora. Asimismo, se reserva el derecho unilateral de modificar las condiciones de acceso a las mismas y a sus contenidos.\r\n\r\n<strong>LIMITACI\u00d3N DE RESPONSABILIDAD<\/strong>\r\n\r\nAsuni no garantiza el correcto funcionamiento de la p\u00e1gina, o informaci\u00f3n, software, materiales o productos contenidos en ella en la medida en que lo permita la legislaci\u00f3n. Tanto el acceso como el uso de la p\u00e1gina y de la informaci\u00f3n en ella contenida, es exclusiva responsabilidad de quien lo utiliza. Asuni no se hace responsable de los da\u00f1os y perjuicios, directos o indirectos, que pudieran derivarse de la interrupci\u00f3n o falta de continuidad de la p\u00e1gina web, del acceso y uso de la informaci\u00f3n que contiene, ni de los posibles da\u00f1os que puedan causarse al sistema inform\u00e1tico del usuario, ficheros o documentos almacenados en el mismo, consecuencia de la presencia de virus en el ordenador del usuario utilizado para la conexi\u00f3n, del mal funcionamiento del navegador o del uso de versiones no actualizadas del mismo.\r\n\r\n<strong>PROPIEDAD INTELECTUAL E INDUSTRIAL<\/strong>\r\n\r\nEl usuario se compromete a utilizar la p\u00e1gina web y sus contenidos sin contravenir la legislaci\u00f3n vigente ni el principio de buena fe. Asimismo queda prohibido su uso con fines il\u00edcitos o lesivos contra Asuni o cualquier tercero, o que, de cualquier forma, puedan causar perjuicio o impedir el normal funcionamiento de la p\u00e1gina web. El contenido de la p\u00e1gina web (fichas, textos, gr\u00e1ficos, archivos de sonido, im\u00e1genes, fotograf\u00edas, etc&#8230;), est\u00e1 protegidos por las leyes espa\u00f1olas y tratados internacionales sobre propiedad intelectual e industrial. En ning\u00fan caso el suministro de contenidos o el acceso a dicha p\u00e1gina implica renuncia, transmisi\u00f3n o cesi\u00f3n total o parcial de dichos derechos, ni confiere derecho alguno a la utilizaci\u00f3n, alteraci\u00f3n, explotaci\u00f3n, reproducci\u00f3n, distribuci\u00f3n, transformaci\u00f3n o comunicaci\u00f3n p\u00fablica sobre dichos contenidos sin previa y expresa autorizaci\u00f3n de Asuni. Se permite el derecho de visualizar y obtener una copia privada de seguridad de tales contenidos siempre que: (i) este derecho se ejercite seg\u00fan el principio de la buena fe, (ii) en todo caso, el contenido se mantenga inalterado, (iii) en la eventual copia privada de seguridad aparezca el \u201ccopyright\u201d y dem\u00e1s datos identificativos de los derechos de Asuni, y (iv) se realice sin fines comerciales y exclusivamente para informaci\u00f3n personal del usuario. \u00a9 Asuni CAD, S.A., 2015. Todos los derechos reservados\r\n\r\n<strong>POLITICA DE COOKIES<\/strong>\r\n\r\n<a href=\"\/es\/legal\/cookie-policy\/\">Pol\u00edtica de Cookies<\/a>\r\n\r\n<strong>POLITICA DE PRIVACIDAD<\/strong>\r\n\r\n<a href=\"\/es\/legal\/privacy-policy\/\">Pol\u00edtica de Privacidad<\/a>\n[\/et_pb_accordion_item][et_pb_accordion_item title=\u00bbLicencias de usuario\u00bb _builder_version=\u00bb3.0.47&#8243; open=\u00bboff\u00bb]<h2>CLUF de VisualARQ<\/h2>\r\n\r\n<a href=\"https:\/\/files.asuni.com\/visualarq\/legal\/licenses\/eula.zip\">Descargar el CLUF de VisualARQ<\/a> (Contrato de Licencia de Usuario Final). <hr class=\"separator\">\r\n\r\n<h2>CSTB IFC-SDK<\/h2>\r\n\r\n<a href=\"https:\/\/joinup.ec.europa.eu\/software\/ifc-sdk\/home\">https:\/\/joinup.ec.europa.eu\/software\/ifc-sdk\/home<\/a>\r\n\r\n<h3>Licencia:<\/h3>\r\n\r\n<a href=\"https:\/\/joinup.ec.europa.eu\/svn\/ifc-sdk\/trunk\/Licence.txt\">GNU Lesser General Public License (LGPL)<\/a>\r\n\r\n<h3>Descripci\u00f3n:<\/h3>\r\n\r\nEl proyecto IFC SDK proporciona un kit de desarrollo de software (SDK) para la lectura y la escritura de un modelo de informaci\u00f3n de edificios (BIM) definido en formato IFC (Industry Foundation Classes). La primera versi\u00f3n del IFC SDK se ofrece en el lenguaje de programaci\u00f3n C++ y es compatible con el est\u00e1ndar IFC 2&#215;3 TC1 desarrollado por la IAI (International Alliance for Interoperability, BuildingSmart, consulte <a href=\"https:\/\/www.buildingsmart.com\/\">https:\/\/www.buildingsmart.com\/<\/a>).\r\n\r\n<h3>Funciones:<\/h3>\r\n\r\nLas principales caracter\u00edsticas del proyecto IFC SDK son las siguientes:\r\n\r\n<ol>\r\n\r\n \t<li>lectura y escritura de un modelo BIM definido en formato ISO-10303-21 Step Physical File (SPF) ASCII y compatible con el modelo de datos IFC 2X3 TC1 ISO-103030-11 EXPRESS;<\/li>\r\n\r\n \t<li>funciones de an\u00e1lisis y gesti\u00f3n del conjunto de entidades del est\u00e1ndar IFC 2&#215;3 TC1;<\/li>\r\n\r\n \t<li>an\u00e1lisis y gesti\u00f3n de atributos EXPRESS INVERSE y DERIVED<\/li>\r\n\r\n \t<li>gesti\u00f3n de BIM en la memoria<\/li>\r\n\r\n \t<li>m\u00faltiples modelos<\/li>\r\n\r\n<\/ol>\r\n\r\n<h3>C\u00f3digo fuente<\/h3>\r\n\r\n<a href=\"https:\/\/files.asuni.com\/visualarq\/legal\/licenses\/ifc-sdk-1.0.3.11.zip\">ifc-sdk-1.0.3.11.zip<\/a><hr class=\"separator\">\r\n\r\n<h2>VLD<\/h2>\r\n\r\n<a href=\"https:\/\/vld.codeplex.com\">https:\/\/vld.codeplex.com<\/a>\r\n\r\n<h3>Licencia:<\/h3>\r\n\r\n<a href=\"https:\/\/vld.codeplex.com\/license\">GNU Lesser General Public License (LGPL)<\/a>\r\n\r\n<h3>Descripci\u00f3n del proyecto:<\/h3>\r\n\r\nVisual Leak Detector es potente sistema de detecci\u00f3n de p\u00e9rdidas de memoria gratuito y de c\u00f3digo abierto para Visual C++. Es muy f\u00e1cil de usar. Despu\u00e9s de instalarlo, s\u00f3lo debe indicar a Visual C++ d\u00f3nde se encuentra el archivo de la biblioteca y la cabecera que se incluyen. A continuaci\u00f3n, se puede utilizar con cualquier proyecto de C\/C++ simplemente agregando la siguiente l\u00ednea a su c\u00f3digo: <code>#include &lt;vld.h&gt;<\/code> Cuando se ejecuta el programa con el depurador de Visual Studio, Visual Leak Detector crea un informe p\u00e9rdida de memoria al final de la sesi\u00f3n de depuraci\u00f3n. El informe de p\u00e9rdida incluye la pila completa de llamadas que muestra c\u00f3mo se asignaron los bloques de la memoria perdida. Haga doble clic en una l\u00ednea en la pila de llamadas para ir a ese archivo y l\u00ednea en la ventana del editor. Es una forma muy efectiva de diagnosticar y solucionar r\u00e1pidamente las p\u00e9rdidas de memoria en aplicaciones C\/C++.[\/et_pb_accordion_item][\/et_pb_accordion][\/et_pb_column][\/et_pb_row][\/et_pb_section]","protected":false},"excerpt":{"rendered":"<p>AVISO LEGAL El acceso a este sitio web es totalmente voluntario y atribuye a quien lo realiza la condici\u00f3n de usuario, aceptando, desde ese mismo momento, plenamente y sin reserva alguna las presentes Condiciones Generales. El usuario asume, conoce y acepta, al visitar la p\u00e1gina, que los datos e informaciones sobre productos o servicios, y [&hellip;]<\/p>\n","protected":false},"author":1,"featured_media":0,"parent":0,"menu_order":100,"comment_status":"closed","ping_status":"closed","template":"","meta":{"_et_pb_use_builder":"on","_et_pb_old_content":"","_et_gb_content_width":"","footnotes":""},"class_list":["post-11573","page","type-page","status-publish","hentry"],"yoast_head":"<!-- This site is optimized with the Yoast SEO plugin v27.2 - https:\/\/yoast.com\/product\/yoast-seo-wordpress\/ -->\n<title>Informaci\u00f3n legal - VisualARQ<\/title>\n<meta name=\"robots\" content=\"noindex, follow, max-snippet:-1, max-image-preview:large, max-video-preview:-1\" \/>\n<meta property=\"og:locale\" content=\"es_ES\" \/>\n<meta property=\"og:type\" content=\"article\" \/>\n<meta property=\"og:title\" content=\"Informaci\u00f3n legal - VisualARQ\" \/>\n<meta property=\"og:description\" content=\"AVISO LEGAL El acceso a este sitio web es totalmente voluntario y atribuye a quien lo realiza la condici\u00f3n de usuario, aceptando, desde ese mismo momento, plenamente y sin reserva alguna las presentes Condiciones Generales. El usuario asume, conoce y acepta, al visitar la p\u00e1gina, que los datos e informaciones sobre productos o servicios, y [&hellip;]\" \/>\n<meta property=\"og:url\" content=\"https:\/\/stg.visualarq.com\/es\/legal\/\" \/>\n<meta property=\"og:site_name\" content=\"VisualARQ\" \/>\n<meta property=\"article:publisher\" content=\"https:\/\/www.facebook.com\/visualarq\" \/>\n<meta property=\"article:modified_time\" content=\"2020-10-18T13:21:25+00:00\" \/>\n<meta name=\"twitter:card\" content=\"summary_large_image\" \/>\n<meta name=\"twitter:site\" content=\"@VisualARQ\" \/>\n<meta name=\"twitter:label1\" content=\"Tiempo de lectura\" \/>\n\t<meta name=\"twitter:data1\" content=\"6 minutos\" \/>\n<script type=\"application\/ld+json\" class=\"yoast-schema-graph\">{\"@context\":\"https:\/\/schema.org\",\"@graph\":[{\"@type\":\"WebPage\",\"@id\":\"https:\/\/stg.visualarq.com\/es\/legal\/\",\"url\":\"https:\/\/stg.visualarq.com\/es\/legal\/\",\"name\":\"Informaci\u00f3n legal - VisualARQ\",\"isPartOf\":{\"@id\":\"https:\/\/stg.visualarq.com\/es\/#website\"},\"datePublished\":\"2011-01-20T00:00:00+00:00\",\"dateModified\":\"2020-10-18T13:21:25+00:00\",\"breadcrumb\":{\"@id\":\"https:\/\/stg.visualarq.com\/es\/legal\/#breadcrumb\"},\"inLanguage\":\"es\",\"potentialAction\":[{\"@type\":\"ReadAction\",\"target\":[\"https:\/\/stg.visualarq.com\/es\/legal\/\"]}]},{\"@type\":\"BreadcrumbList\",\"@id\":\"https:\/\/stg.visualarq.com\/es\/legal\/#breadcrumb\",\"itemListElement\":[{\"@type\":\"ListItem\",\"position\":1,\"name\":\"Home\",\"item\":\"https:\/\/stg.visualarq.com\/es\/home\/\"},{\"@type\":\"ListItem\",\"position\":2,\"name\":\"Informaci\u00f3n legal\"}]},{\"@type\":\"WebSite\",\"@id\":\"https:\/\/stg.visualarq.com\/es\/#website\",\"url\":\"https:\/\/stg.visualarq.com\/es\/\",\"name\":\"VisualARQ\",\"description\":\"Flexible BIM for Rhino\",\"potentialAction\":[{\"@type\":\"SearchAction\",\"target\":{\"@type\":\"EntryPoint\",\"urlTemplate\":\"https:\/\/stg.visualarq.com\/es\/?s={search_term_string}\"},\"query-input\":{\"@type\":\"PropertyValueSpecification\",\"valueRequired\":true,\"valueName\":\"search_term_string\"}}],\"inLanguage\":\"es\"}]}<\/script>\n<!-- \/ Yoast SEO plugin. -->","yoast_head_json":{"title":"Informaci\u00f3n legal - VisualARQ","robots":{"index":"noindex","follow":"follow","max-snippet":"max-snippet:-1","max-image-preview":"max-image-preview:large","max-video-preview":"max-video-preview:-1"},"og_locale":"es_ES","og_type":"article","og_title":"Informaci\u00f3n legal - VisualARQ","og_description":"AVISO LEGAL El acceso a este sitio web es totalmente voluntario y atribuye a quien lo realiza la condici\u00f3n de usuario, aceptando, desde ese mismo momento, plenamente y sin reserva alguna las presentes Condiciones Generales. El usuario asume, conoce y acepta, al visitar la p\u00e1gina, que los datos e informaciones sobre productos o servicios, y [&hellip;]","og_url":"https:\/\/stg.visualarq.com\/es\/legal\/","og_site_name":"VisualARQ","article_publisher":"https:\/\/www.facebook.com\/visualarq","article_modified_time":"2020-10-18T13:21:25+00:00","twitter_card":"summary_large_image","twitter_site":"@VisualARQ","twitter_misc":{"Tiempo de lectura":"6 minutos"},"schema":{"@context":"https:\/\/schema.org","@graph":[{"@type":"WebPage","@id":"https:\/\/stg.visualarq.com\/es\/legal\/","url":"https:\/\/stg.visualarq.com\/es\/legal\/","name":"Informaci\u00f3n legal - VisualARQ","isPartOf":{"@id":"https:\/\/stg.visualarq.com\/es\/#website"},"datePublished":"2011-01-20T00:00:00+00:00","dateModified":"2020-10-18T13:21:25+00:00","breadcrumb":{"@id":"https:\/\/stg.visualarq.com\/es\/legal\/#breadcrumb"},"inLanguage":"es","potentialAction":[{"@type":"ReadAction","target":["https:\/\/stg.visualarq.com\/es\/legal\/"]}]},{"@type":"BreadcrumbList","@id":"https:\/\/stg.visualarq.com\/es\/legal\/#breadcrumb","itemListElement":[{"@type":"ListItem","position":1,"name":"Home","item":"https:\/\/stg.visualarq.com\/es\/home\/"},{"@type":"ListItem","position":2,"name":"Informaci\u00f3n legal"}]},{"@type":"WebSite","@id":"https:\/\/stg.visualarq.com\/es\/#website","url":"https:\/\/stg.visualarq.com\/es\/","name":"VisualARQ","description":"Flexible BIM for Rhino","potentialAction":[{"@type":"SearchAction","target":{"@type":"EntryPoint","urlTemplate":"https:\/\/stg.visualarq.com\/es\/?s={search_term_string}"},"query-input":{"@type":"PropertyValueSpecification","valueRequired":true,"valueName":"search_term_string"}}],"inLanguage":"es"}]}},"_links":{"self":[{"href":"https:\/\/stg.visualarq.com\/es\/wp-json\/wp\/v2\/pages\/11573","targetHints":{"allow":["GET"]}}],"collection":[{"href":"https:\/\/stg.visualarq.com\/es\/wp-json\/wp\/v2\/pages"}],"about":[{"href":"https:\/\/stg.visualarq.com\/es\/wp-json\/wp\/v2\/types\/page"}],"author":[{"embeddable":true,"href":"https:\/\/stg.visualarq.com\/es\/wp-json\/wp\/v2\/users\/1"}],"replies":[{"embeddable":true,"href":"https:\/\/stg.visualarq.com\/es\/wp-json\/wp\/v2\/comments?post=11573"}],"version-history":[{"count":0,"href":"https:\/\/stg.visualarq.com\/es\/wp-json\/wp\/v2\/pages\/11573\/revisions"}],"wp:attachment":[{"href":"https:\/\/stg.visualarq.com\/es\/wp-json\/wp\/v2\/media?parent=11573"}],"curies":[{"name":"wp","href":"https:\/\/api.w.org\/{rel}","templated":true}]}}