{"id":11581,"date":"2011-01-08T00:00:00","date_gmt":"2011-01-08T00:00:00","guid":{"rendered":"https:\/\/stg.visualarq.com\/download\/update\/"},"modified":"2024-10-09T10:32:26","modified_gmt":"2024-10-09T10:32:26","slug":"update","status":"publish","type":"page","link":"https:\/\/stg.visualarq.com\/es\/download\/update\/","title":{"rendered":"Actualizaci\u00f3n"},"content":{"rendered":"\n[et_pb_section fb_built=\u00bb1&#8243; admin_label=\u00bbsection\u00bb _builder_version=\u00bb4.16&#8243; da_disable_devices=\u00bboff|off|off\u00bb global_colors_info=\u00bb{}\u00bb da_is_popup=\u00bboff\u00bb da_exit_intent=\u00bboff\u00bb da_has_close=\u00bbon\u00bb da_alt_close=\u00bboff\u00bb da_dark_close=\u00bboff\u00bb da_not_modal=\u00bbon\u00bb da_is_singular=\u00bboff\u00bb da_with_loader=\u00bboff\u00bb da_has_shadow=\u00bbon\u00bb][et_pb_row column_structure=\u00bb1_2,1_2&#8243; padding_mobile=\u00bboff\u00bb column_padding_mobile=\u00bbon\u00bb admin_label=\u00bbfila\u00bb _builder_version=\u00bb4.16&#8243; background_size=\u00bbinitial\u00bb background_position=\u00bbtop_left\u00bb background_repeat=\u00bbrepeat\u00bb custom_padding=\u00bb||0px|\u00bb make_fullwidth=\u00bboff\u00bb use_custom_width=\u00bboff\u00bb width_unit=\u00bbon\u00bb global_colors_info=\u00bb{}\u00bb][et_pb_column type=\u00bb1_2&#8243; _builder_version=\u00bb4.16&#8243; custom_padding=\u00bb|||\u00bb global_colors_info=\u00bb{}\u00bb custom_padding__hover=\u00bb|||\u00bb][et_pb_text admin_label=\u00bbT\u00edtulo (con variable)\u00bb _builder_version=\u00bb4.27.2&#8243; background_size=\u00bbinitial\u00bb background_position=\u00bbtop_left\u00bb background_repeat=\u00bbrepeat\u00bb custom_margin=\u00bb||0px|\u00bb border_style=\u00bbsolid\u00bb global_colors_info=\u00bb{}\u00bb]<h1>Descargar actualizaci\u00f3n VisualARQ 3.9.2<\/h1>[\/et_pb_text][et_pb_text _builder_version=\u00bb4.27.2&#8243; background_size=\u00bbinitial\u00bb background_position=\u00bbtop_left\u00bb background_repeat=\u00bbrepeat\u00bb border_style=\u00bbsolid\u00bb global_colors_info=\u00bb{}\u00bb]<p>Rellene el formulario para descargar VisualARQ 3.9.2.<\/p>\r\n<p>Esta revisi\u00f3n es gratuita para todos los usuarios de VisualARQ 3.<\/p>\r\n<p>Si tiene <strong>VisualARQ 2<\/strong>, puede descargar la \u00faltima versi\u00f3n <strong><a href=\"https:\/\/stg.visualarq.com\/es\/download\/update\/v2\/\">aqu\u00ed<\/a><\/strong><\/p>[\/et_pb_text][et_pb_text admin_label=\u00bbMake a wish\u00bb _builder_version=\u00bb4.16&#8243; background_size=\u00bbinitial\u00bb background_position=\u00bbtop_left\u00bb background_repeat=\u00bbrepeat\u00bb custom_margin=\u00bb||0px|\u00bb border_style=\u00bbsolid\u00bb global_colors_info=\u00bb{}\u00bb]<h2>Solicite una funci\u00f3n<\/h2>[\/et_pb_text][et_pb_text _builder_version=\u00bb4.16&#8243; background_size=\u00bbinitial\u00bb background_position=\u00bbtop_left\u00bb background_repeat=\u00bbrepeat\u00bb border_style=\u00bbsolid\u00bb global_colors_info=\u00bb{}\u00bb]Inf\u00f3rmenos sobre qu\u00e9 le gustar\u00eda mejorar en VisualARQ. C\u00f3mo lo utiliza y qu\u00e9 podemos hacer para que le funcione mejor. Solo tardar\u00e1 1 minuto.[\/et_pb_text][et_pb_button button_url=\u00bbhttps:\/\/fz2.asuni.com\/form\/?fz=66&#8243; button_text=\u00bbRellenar la encuesta\u00bb _builder_version=\u00bb4.16&#8243; _module_preset=\u00bbdefault\u00bb global_colors_info=\u00bb{}\u00bb][\/et_pb_button][\/et_pb_column][et_pb_column type=\u00bb1_2&#8243; _builder_version=\u00bb4.16&#8243; custom_padding=\u00bb|||\u00bb global_colors_info=\u00bb{}\u00bb custom_padding__hover=\u00bb|||\u00bb][et_pb_text _builder_version=\u00bb4.27.2&#8243; _module_preset=\u00bbdefault\u00bb custom_padding=\u00bb20px|36px|20px|40px|false|false\u00bb hover_enabled=\u00bb0&#8243; border_radii=\u00bbon|12px|12px|12px|12px\u00bb border_width_all=\u00bb1px\u00bb border_color_all=\u00bb#d6d6d6&#8243; box_shadow_style=\u00bbpreset1&#8243; global_colors_info=\u00bb{}\u00bb sticky_enabled=\u00bb0&#8243;]<div class=\"frm_forms  with_frm_style frm_style_formidable-style\" id=\"frm_form_6_container\" data-token=\"da178511447593f6f35698f756a0c711\">\n<form enctype=\"multipart\/form-data\" method=\"post\" class=\"frm-show-form  frm_pro_form \" id=\"form_fz78\" data-token=\"da178511447593f6f35698f756a0c711\">\n<div class=\"frm_form_fields \">\n<fieldset>\n<legend class=\"frm_screen_reader\">Fz78 - VisualARQ3 - Download update<\/legend>\r\n\r\n<div class=\"frm_fields_container\">\n<input type=\"hidden\" name=\"frm_action\" value=\"create\" \/>\n<input type=\"hidden\" name=\"form_id\" value=\"6\" \/>\n<input type=\"hidden\" name=\"frm_hide_fields_6\" id=\"frm_hide_fields_6\" value=\"\" \/>\n<input type=\"hidden\" name=\"form_key\" value=\"fz78\" \/>\n<input type=\"hidden\" name=\"item_meta[0]\" value=\"\" \/>\n<input type=\"hidden\" id=\"frm_submit_entry_6\" name=\"frm_submit_entry_6\" value=\"12bf7b3054\" \/><input type=\"hidden\" name=\"_wp_http_referer\" value=\"\/es\/wp-json\/wp\/v2\/pages\/11581\" \/>\t\t<input  type=\"hidden\" name=\"item_meta[41]\" id=\"field_idioma78\" value=\"es\"  data-frmval=\"es\"   \/>\n\t\t<div id=\"frm_field_42_container\" class=\"frm_form_field form-field  frm_required_field frm_top_container\">\r\n\t<label for=\"field_name78\" id=\"field_name78_label\" class=\"frm_primary_label\">Nombre\r\n\t\t<span class=\"frm_required\" aria-hidden=\"true\">*<\/span>\r\n\t<\/label>\r\n\t<input  type=\"text\" id=\"field_name78\" name=\"item_meta[42]\" value=\"\"  style=\"width:300px\" data-reqmsg=\"Nombre no puede estar vac\u00edo\" aria-required=\"true\" data-invmsg=\"El formato de Nombre no es v\u00e1lido\" class=\"auto_width\" aria-invalid=\"false\"   \/>\r\n\t\r\n\t\r\n<\/div>\n<div id=\"frm_field_43_container\" class=\"frm_form_field form-field  frm_required_field frm_top_container\">\r\n\t<label for=\"field_email78\" id=\"field_email78_label\" class=\"frm_primary_label\">E-Mail\r\n\t\t<span class=\"frm_required\" aria-hidden=\"true\">*<\/span>\r\n\t<\/label>\r\n\t<input type=\"email\" id=\"field_email78\" name=\"item_meta[43]\" value=\"\"  autocomplete=\"email\"  style=\"width:300px\" data-reqmsg=\"E-Mail no puede estar vac\u00edo\" aria-required=\"true\" data-invmsg=\"El formato de E-Mail no es v\u00e1lido\" class=\"auto_width\" aria-invalid=\"false\"  \/>\r\n\t\r\n\t\r\n<\/div>\n<div id=\"frm_field_44_container\" class=\"frm_form_field form-field  frm_required_field frm_top_container\">\r\n\t<label for=\"field_country78\" id=\"field_country78_label\" class=\"frm_primary_label\">Pa\u00eds\r\n\t\t<span class=\"frm_required\" aria-hidden=\"true\">*<\/span>\r\n\t<\/label>\r\n\t\t\t<select name=\"item_meta[44]\" id=\"field_country78\"  data-reqmsg=\"Pa\u00eds no puede estar vac\u00edo\" aria-required=\"true\" data-invmsg=\"Pa\u00eds no es v\u00e1lido\" class=\"auto_width\" aria-invalid=\"false\"  >\n\t\t<option  value=\"0\"> <\/option><option  value=\"AF\">Afganist\u00e1n<\/option><option  value=\"AL\">Albania<\/option><option  value=\"DE\">Alemania<\/option><option  value=\"AD\">Andorra<\/option><option  value=\"AO\">Angola<\/option><option  value=\"AI\">Anguilla<\/option><option  value=\"AQ\">Ant\u00e1rtida<\/option><option  value=\"AN\">Antillas Holandesas<\/option><option  value=\"SA\">Arabia Saudita<\/option><option  value=\"DZ\">Argelia<\/option><option  value=\"AR\">Argentina<\/option><option  value=\"AM\">Armenia<\/option><option  value=\"AU\">Australia<\/option><option  value=\"AT\">Austria<\/option><option  value=\"AZ\">Azerbaijan<\/option><option  value=\"BS\">Bahamas<\/option><option  value=\"BH\">Bahrain<\/option><option  value=\"BD\">Bangladesh<\/option><option  value=\"BB\">Barbados<\/option><option  value=\"BE\">B\u00e9lgica<\/option><option  value=\"BZ\">Belize<\/option><option  value=\"BJ\">Benin<\/option><option  value=\"BM\">Bermuda<\/option><option  value=\"BT\">Bhutan<\/option><option  value=\"BY\">Bielorrusia<\/option><option  value=\"BO\">Bolivia<\/option><option  value=\"BA\">Bosnia Herzegovina<\/option><option  value=\"BW\">Botswana<\/option><option  value=\"BR\">Brasil<\/option><option  value=\"BN\">Brunei Darussalam<\/option><option  value=\"BG\">Bulgaria<\/option><option  value=\"BF\">Burkina Faso<\/option><option  value=\"BI\">Burundi<\/option><option  value=\"CV\">Cabo Verde<\/option><option  value=\"KH\">Camboya<\/option><option  value=\"CM\">Camer\u00fan<\/option><option  value=\"CA\">Canad\u00e1<\/option><option  value=\"TD\">Chad<\/option><option  value=\"CZ\">Chequia<\/option><option  value=\"CL\">Chile<\/option><option  value=\"CN\">China<\/option><option  value=\"CY\">Chipre<\/option><option  value=\"CO\">Colombia<\/option><option  value=\"CG\">Congo<\/option><option  value=\"KP\">Corea del Norte<\/option><option  value=\"KR\">Corea del Sur<\/option><option  value=\"CI\">Costa de Marfil<\/option><option  value=\"CR\">Costa Rica<\/option><option  value=\"HR\">Croacia<\/option><option  value=\"CU\">Cuba<\/option><option  value=\"DK\">Dinamarca<\/option><option  value=\"DJ\">Djibouti<\/option><option  value=\"DM\">Dominica<\/option><option  value=\"EC\">Ecuador<\/option><option  value=\"EG\">Egipto<\/option><option  value=\"SV\">El Salvador<\/option><option  value=\"AE\">Emiratos Arabes Unidos<\/option><option  value=\"ER\">Eritrea<\/option><option  value=\"SK\">Eslovaquia<\/option><option  value=\"SI\">Eslovenia<\/option><option  value=\"ES\">Espa\u00f1a<\/option><option  value=\"US\">Estados Unidos<\/option><option  value=\"EE\">Estonia<\/option><option  value=\"ET\">Etiop\u00eda<\/option><option  value=\"FJ\">Fiji<\/option><option  value=\"PH\">Filipinas<\/option><option  value=\"FI\">Finlandia<\/option><option  value=\"FR\">Francia<\/option><option  value=\"GA\">Gab\u00f3n<\/option><option  value=\"GM\">Gambia<\/option><option  value=\"GE\">Georgia<\/option><option  value=\"GH\">Ghana<\/option><option  value=\"GD\">Granada<\/option><option  value=\"GR\">Grecia<\/option><option  value=\"GL\">Groenlandia<\/option><option  value=\"GP\">Guadalupe<\/option><option  value=\"GT\">Guatemala<\/option><option  value=\"GF\">Guayana Francesa<\/option><option  value=\"GN\">Guinea<\/option><option  value=\"GW\">Guinea Bissau<\/option><option  value=\"GQ\">Guinea Ecuatorial<\/option><option  value=\"GY\">Guyana<\/option><option  value=\"HT\">Hait\u00ed<\/option><option  value=\"NL\">Holanda<\/option><option  value=\"HN\">Honduras<\/option><option  value=\"HK\">Hong Kong<\/option><option  value=\"HU\">Hungr\u00eda<\/option><option  value=\"IN\">India<\/option><option  value=\"ID\">Indonesia<\/option><option  value=\"IQ\">Irak<\/option><option  value=\"IR\">Iran<\/option><option  value=\"IE\">Irlanda<\/option><option  value=\"IS\">Islandia<\/option><option  value=\"FO\">Islas Feroe<\/option><option  value=\"IL\">Israel<\/option><option  value=\"IT\">Italia<\/option><option  value=\"JM\">Jamaica<\/option><option  value=\"JP\">Jap\u00f3n<\/option><option  value=\"JO\">Jordania<\/option><option  value=\"KZ\">Kazakhstan<\/option><option  value=\"KE\">Kenia<\/option><option  value=\"KI\">Kiribati<\/option><option  value=\"KW\">Kuwait<\/option><option  value=\"KG\">Kyrgyzstan<\/option><option  value=\"LA\">Laos<\/option><option  value=\"LS\">Lesotho<\/option><option  value=\"LV\">Letonia<\/option><option  value=\"LB\">L\u00edbano<\/option><option  value=\"LR\">Liberia<\/option><option  value=\"LY\">Libia<\/option><option  value=\"LI\">Liechtenstein<\/option><option  value=\"LT\">Lituania<\/option><option  value=\"LU\">Luxemburgo<\/option><option  value=\"MO\">Macao<\/option><option  value=\"MK\">Macedonia<\/option><option  value=\"MG\">Madagascar<\/option><option  value=\"MY\">Malasia<\/option><option  value=\"MW\">Malawi<\/option><option  value=\"MV\">Maldivas<\/option><option  value=\"ML\">Mali<\/option><option  value=\"MT\">Malta<\/option><option  value=\"MA\">Marruecos<\/option><option  value=\"MQ\">Martinica<\/option><option  value=\"MU\">Mauricio<\/option><option  value=\"MR\">Mauritania<\/option><option  value=\"MX\">M\u00e9xico<\/option><option  value=\"FM\">Micronesia<\/option><option  value=\"MD\">Moldavia<\/option><option  value=\"MC\">M\u00f3naco<\/option><option  value=\"MN\">Mongolia<\/option><option  value=\"ME\">Montenegro<\/option><option  value=\"MZ\">Mozambique<\/option><option  value=\"NA\">Namibia<\/option><option  value=\"NR\">Nauru<\/option><option  value=\"NP\">Nepal<\/option><option  value=\"NI\">Nicaragua<\/option><option  value=\"NE\">N\u00edger<\/option><option  value=\"NG\">Nigeria<\/option><option  value=\"NO\">Noruega<\/option><option  value=\"NC\">Nueva Caledonia<\/option><option  value=\"NZ\">Nueva Zelanda<\/option><option  value=\"OM\">Om\u00e1n<\/option><option  value=\"PK\">Pakist\u00e1n<\/option><option  value=\"PA\">Panam\u00e1<\/option><option  value=\"PG\">Papua Nueva Guinea<\/option><option  value=\"PY\">Paraguay<\/option><option  value=\"PE\">Per\u00fa<\/option><option  value=\"PF\">Polinesia Francesa<\/option><option  value=\"PL\">Polonia<\/option><option  value=\"PT\">Portugal<\/option><option  value=\"PR\">Puerto Rico<\/option><option  value=\"QA\">Qatar<\/option><option  value=\"GB\">Reino Unido<\/option><option  value=\"CF\">Rep\u00fablica Centroafricana<\/option><option  value=\"DO\">Rep\u00fablica Dominicana<\/option><option  value=\"RE\">Reuni\u00f3n<\/option><option  value=\"RW\">Ruanda<\/option><option  value=\"RO\">Ruman\u00eda<\/option><option  value=\"RU\">Rusia<\/option><option  value=\"EH\">Sahara Occidental<\/option><option  value=\"WS\">Samoa<\/option><option  value=\"SM\">San Marino<\/option><option  value=\"SH\">Santa Elena<\/option><option  value=\"ST\">Santo Tom\u00e9 y Pr\u00edncipe<\/option><option  value=\"SN\">Senegal<\/option><option  value=\"RS\">Serbia<\/option><option  value=\"SC\">Seychelles<\/option><option  value=\"SL\">Sierra Leona<\/option><option  value=\"SG\">Singapur<\/option><option  value=\"SY\">Siria<\/option><option  value=\"SO\">Somalia<\/option><option  value=\"LK\">Sri Lanka<\/option><option  value=\"SZ\">Suazilandia<\/option><option  value=\"ZA\">Sud\u00e1frica<\/option><option  value=\"SD\">Sud\u00e1n<\/option><option  value=\"SE\">Suecia<\/option><option  value=\"CH\">Suiza<\/option><option  value=\"SR\">Surinam<\/option><option  value=\"TH\">Tailandia<\/option><option  value=\"TW\">Taiw\u00e1n<\/option><option  value=\"TJ\">Tajikist\u00e1n<\/option><option  value=\"TZ\">Tanzania<\/option><option  value=\"TL\">Timor Oriental<\/option><option  value=\"TG\">Togo<\/option><option  value=\"TO\">Tonga<\/option><option  value=\"TT\">Trinidad y Tobago<\/option><option  value=\"TN\">T\u00fanez<\/option><option  value=\"TM\">Turkmenist\u00e1n<\/option><option  value=\"TR\">Turqu\u00eda<\/option><option  value=\"TV\">Tuvalu<\/option><option  value=\"UA\">Ucrania<\/option><option  value=\"UG\">Uganda<\/option><option  value=\"UY\">Uruguay<\/option><option  value=\"UZ\">Uzbekist\u00e1n<\/option><option  value=\"VE\">Venezuela<\/option><option  value=\"VN\">Vietnam<\/option><option  value=\"YE\">Yemen<\/option><option  value=\"CD\">Zaire<\/option><option  value=\"ZM\">Zambia<\/option><option  value=\"ZW\">Zimbabue<\/option>\t<\/select>\n\t\r\n\t\r\n\t\r\n<\/div>\n<div id=\"frm_field_45_container\" class=\"frm_form_field form-field  frm_none_container\">\r\n\t<label for=\"g-recaptcha-response\" id=\"field_vjvzg_label\" class=\"frm_primary_label\">Captcha\r\n\t\t<span class=\"frm_required\" aria-hidden=\"true\"><\/span>\r\n\t<\/label>\r\n\t<div  id=\"field_vjvzg\" class=\"frm-g-recaptcha\" data-sitekey=\"6LcUZkIiAAAAAEnYWQIj19x-tFuRxHJko-AjO_gl\" data-size=\"normal\" data-theme=\"light\"><\/div>\r\n\t\r\n\t\r\n<\/div>\n<div id=\"frm_field_40_container\" class=\"frm_form_field form-field \">\r\n\t<div class=\"frm_submit frm_flex\">\r\n<button class=\"frm_button_submit frm_final_submit\" type=\"submit\"   formnovalidate=\"formnovalidate\">Enviar<\/button>\r\n\r\n\r\n\r\n<\/div>\r\n<\/div>\n\t<input type=\"hidden\" name=\"item_key\" value=\"\" \/>\n\t\t\t<div id=\"frm_field_50_container\">\n\t\t\t<label for=\"field_2rgyy\" >\n\t\t\t\tSi eres humano, deja este campo en blanco.\t\t\t<\/label>\n\t\t\t<input  id=\"field_2rgyy\" type=\"text\" class=\"frm_form_field form-field frm_verify\" name=\"item_meta[50]\" value=\"\"  \/>\n\t\t<\/div>\n\t\t<input name=\"frm_state\" type=\"hidden\" value=\"w9rrrXYSD8GHK5fwi07Iu+F1LBAaBCgurUjjWBUNB9pmtXCar9JeWwqDdrkCKZFo\" \/><\/div>\n<\/fieldset>\n<\/div>\n\n<\/form>\n<\/div>\n[\/et_pb_text][\/et_pb_column][\/et_pb_row][et_pb_row _builder_version=\u00bb4.27.2&#8243; _module_preset=\u00bbdefault\u00bb global_colors_info=\u00bb{}\u00bb][et_pb_column type=\u00bb4_4&#8243; _builder_version=\u00bb4.27.2&#8243; _module_preset=\u00bbdefault\u00bb global_colors_info=\u00bb{}\u00bb][et_pb_accordion _builder_version=\u00bb4.27.2&#8243; _module_preset=\u00bbdefault\u00bb custom_margin=\u00bb||||false|false\u00bb custom_padding=\u00bb||||false|false\u00bb global_colors_info=\u00bb{}\u00bb][et_pb_accordion_item title=\u00bbHidden\u00bb open=\u00bbon\u00bb _builder_version=\u00bb4.27.2&#8243; _module_preset=\u00bbdefault\u00bb custom_css_main_element=\u00bbdisplay: none;\u00bb global_colors_info=\u00bb{}\u00bb]<p>Hidden<\/p>[\/et_pb_accordion_item][et_pb_accordion_item title=\u00bbINFORMACI\u00d3N B\u00c1SICA SOBRE LA PROTECCI\u00d3N DE DATOS\u00bb _builder_version=\u00bb4.27.2&#8243; _module_preset=\u00bbdefault\u00bb global_colors_info=\u00bb{}\u00bb open=\u00bboff\u00bb]\n<p style=\"font-size:12px\">INFORMACI\u00d3N B\u00c1SICA SOBRE PROTECCI\u00d3N DE DATOS: En cumplimiento de la obligaci\u00f3n de informaci\u00f3n establecida por el reglamento de protecci\u00f3n de datos, le facilitamos la siguiente informaci\u00f3n relativa al tratamiento de sus datos personales:<\/p>\n\n<figure class=\"wp-block-table is-style-stripes\" style=\"font-size:12px\"><table><tbody><tr><td>RESPONSABLE DEL TRATAMIENTO<\/td><td>Asuni Soft, SL &#8211; NIF: ESB62897731 &#8211; Direcci\u00f3n: Roger de Flor 32-34, 08018 &#8211; BARCELONA (ESPA\u00d1A)<\/td><\/tr><tr><td>OBJETIVOS<\/td><td>Gesti\u00f3n de su solicitud y dar una respuesta a la misma.<\/td><\/tr><tr><td>BASE LEG\u00cdTIMA<\/td><td>Su consentimiento<\/td><\/tr><tr><td>DESTINATARIOS<\/td><td>Los datos personales no se transmitir\u00e1n a terceros salvo obligaci\u00f3n legal o si es necesario para dar respuesta a su solicitud.<\/td><\/tr><tr><td>DERECHOS<\/td><td>Tiene derecho a ejercer sus derechos de acceso, rectificaci\u00f3n, supresi\u00f3n, limitaci\u00f3n, portabilidad de datos y oposici\u00f3n. Adem\u00e1s, tiene derecho a presentar una reclamaci\u00f3n ante una autoridad de control.<\/td><\/tr><tr><td>INFORMACI\u00d3N ADICIONAL<\/td><td>Puede consultar informaci\u00f3n adicional sobre el tratamiento de sus datos personales aqu\u00ed.<\/td><\/tr><\/tbody><\/table><\/figure>\n[\/et_pb_accordion_item][et_pb_accordion_item title=\u00bbCerrar\u00bb open_toggle_background_color=\u00bbRGBA(255,255,255,0)\u00bb closed_toggle_background_color=\u00bbRGBA(255,255,255,0)\u00bb icon_color=\u00bbRGBA(255,255,255,0)\u00bb _builder_version=\u00bb4.27.2&#8243; _module_preset=\u00bbdefault\u00bb custom_margin=\u00bb0px||||false|false\u00bb custom_padding=\u00bb0px||||false|false\u00bb border_width_all=\u00bb0px\u00bb global_colors_info=\u00bb{}\u00bb toggle_text_color=\u00bb#2191ab\u00bb toggle_level=\u00bbh6&#8243; open=\u00bboff\u00bb][\/et_pb_accordion_item][\/et_pb_accordion][\/et_pb_column][\/et_pb_row][\/et_pb_section]\n","protected":false},"excerpt":{"rendered":"<p>Descargar actualizaci\u00f3n de VisualARQ.<\/p>\n","protected":false},"author":1,"featured_media":0,"parent":11698,"menu_order":2,"comment_status":"closed","ping_status":"closed","template":"","meta":{"_et_pb_use_builder":"on","_et_pb_old_content":"","_et_gb_content_width":"","footnotes":""},"class_list":["post-11581","page","type-page","status-publish","hentry"],"yoast_head":"<!-- This site is optimized with the Yoast SEO plugin v27.5 - https:\/\/yoast.com\/product\/yoast-seo-wordpress\/ -->\n<title>Actualizaci\u00f3n - VisualARQ<\/title>\n<meta name=\"robots\" content=\"noindex, follow, max-snippet:-1, max-image-preview:large, max-video-preview:-1\" \/>\n<meta property=\"og:locale\" content=\"es_ES\" \/>\n<meta property=\"og:type\" content=\"article\" \/>\n<meta property=\"og:title\" content=\"Actualizaci\u00f3n - VisualARQ\" \/>\n<meta property=\"og:description\" content=\"Descargar actualizaci\u00f3n de VisualARQ.\" \/>\n<meta property=\"og:url\" content=\"https:\/\/stg.visualarq.com\/es\/download\/update\/\" \/>\n<meta property=\"og:site_name\" content=\"VisualARQ\" \/>\n<meta property=\"article:publisher\" content=\"https:\/\/www.facebook.com\/visualarq\" \/>\n<meta property=\"article:modified_time\" content=\"2024-10-09T10:32:26+00:00\" \/>\n<meta name=\"twitter:card\" content=\"summary_large_image\" \/>\n<meta name=\"twitter:site\" content=\"@VisualARQ\" \/>\n<meta name=\"twitter:label1\" content=\"Tiempo de lectura\" \/>\n\t<meta name=\"twitter:data1\" content=\"3 minutos\" \/>\n<script type=\"application\/ld+json\" class=\"yoast-schema-graph\">{\"@context\":\"https:\\\/\\\/schema.org\",\"@graph\":[{\"@type\":\"WebPage\",\"@id\":\"https:\\\/\\\/stg.visualarq.com\\\/es\\\/download\\\/update\\\/\",\"url\":\"https:\\\/\\\/stg.visualarq.com\\\/es\\\/download\\\/update\\\/\",\"name\":\"Actualizaci\u00f3n - VisualARQ\",\"isPartOf\":{\"@id\":\"https:\\\/\\\/stg.visualarq.com\\\/es\\\/#website\"},\"datePublished\":\"2011-01-08T00:00:00+00:00\",\"dateModified\":\"2024-10-09T10:32:26+00:00\",\"breadcrumb\":{\"@id\":\"https:\\\/\\\/stg.visualarq.com\\\/es\\\/download\\\/update\\\/#breadcrumb\"},\"inLanguage\":\"es\",\"potentialAction\":[{\"@type\":\"ReadAction\",\"target\":[\"https:\\\/\\\/stg.visualarq.com\\\/es\\\/download\\\/update\\\/\"]}]},{\"@type\":\"BreadcrumbList\",\"@id\":\"https:\\\/\\\/stg.visualarq.com\\\/es\\\/download\\\/update\\\/#breadcrumb\",\"itemListElement\":[{\"@type\":\"ListItem\",\"position\":1,\"name\":\"Home\",\"item\":\"https:\\\/\\\/stg.visualarq.com\\\/es\\\/home\\\/\"},{\"@type\":\"ListItem\",\"position\":2,\"name\":\"Descargar\",\"item\":\"https:\\\/\\\/stg.visualarq.com\\\/es\\\/download\\\/\"},{\"@type\":\"ListItem\",\"position\":3,\"name\":\"Actualizaci\u00f3n\"}]},{\"@type\":\"WebSite\",\"@id\":\"https:\\\/\\\/stg.visualarq.com\\\/es\\\/#website\",\"url\":\"https:\\\/\\\/stg.visualarq.com\\\/es\\\/\",\"name\":\"VisualARQ\",\"description\":\"Flexible BIM for Rhino\",\"potentialAction\":[{\"@type\":\"SearchAction\",\"target\":{\"@type\":\"EntryPoint\",\"urlTemplate\":\"https:\\\/\\\/stg.visualarq.com\\\/es\\\/?s={search_term_string}\"},\"query-input\":{\"@type\":\"PropertyValueSpecification\",\"valueRequired\":true,\"valueName\":\"search_term_string\"}}],\"inLanguage\":\"es\"}]}<\/script>\n<!-- \/ Yoast SEO plugin. -->","yoast_head_json":{"title":"Actualizaci\u00f3n - VisualARQ","robots":{"index":"noindex","follow":"follow","max-snippet":"max-snippet:-1","max-image-preview":"max-image-preview:large","max-video-preview":"max-video-preview:-1"},"og_locale":"es_ES","og_type":"article","og_title":"Actualizaci\u00f3n - VisualARQ","og_description":"Descargar actualizaci\u00f3n de VisualARQ.","og_url":"https:\/\/stg.visualarq.com\/es\/download\/update\/","og_site_name":"VisualARQ","article_publisher":"https:\/\/www.facebook.com\/visualarq","article_modified_time":"2024-10-09T10:32:26+00:00","twitter_card":"summary_large_image","twitter_site":"@VisualARQ","twitter_misc":{"Tiempo de lectura":"3 minutos"},"schema":{"@context":"https:\/\/schema.org","@graph":[{"@type":"WebPage","@id":"https:\/\/stg.visualarq.com\/es\/download\/update\/","url":"https:\/\/stg.visualarq.com\/es\/download\/update\/","name":"Actualizaci\u00f3n - VisualARQ","isPartOf":{"@id":"https:\/\/stg.visualarq.com\/es\/#website"},"datePublished":"2011-01-08T00:00:00+00:00","dateModified":"2024-10-09T10:32:26+00:00","breadcrumb":{"@id":"https:\/\/stg.visualarq.com\/es\/download\/update\/#breadcrumb"},"inLanguage":"es","potentialAction":[{"@type":"ReadAction","target":["https:\/\/stg.visualarq.com\/es\/download\/update\/"]}]},{"@type":"BreadcrumbList","@id":"https:\/\/stg.visualarq.com\/es\/download\/update\/#breadcrumb","itemListElement":[{"@type":"ListItem","position":1,"name":"Home","item":"https:\/\/stg.visualarq.com\/es\/home\/"},{"@type":"ListItem","position":2,"name":"Descargar","item":"https:\/\/stg.visualarq.com\/es\/download\/"},{"@type":"ListItem","position":3,"name":"Actualizaci\u00f3n"}]},{"@type":"WebSite","@id":"https:\/\/stg.visualarq.com\/es\/#website","url":"https:\/\/stg.visualarq.com\/es\/","name":"VisualARQ","description":"Flexible BIM for Rhino","potentialAction":[{"@type":"SearchAction","target":{"@type":"EntryPoint","urlTemplate":"https:\/\/stg.visualarq.com\/es\/?s={search_term_string}"},"query-input":{"@type":"PropertyValueSpecification","valueRequired":true,"valueName":"search_term_string"}}],"inLanguage":"es"}]}},"_links":{"self":[{"href":"https:\/\/stg.visualarq.com\/es\/wp-json\/wp\/v2\/pages\/11581","targetHints":{"allow":["GET"]}}],"collection":[{"href":"https:\/\/stg.visualarq.com\/es\/wp-json\/wp\/v2\/pages"}],"about":[{"href":"https:\/\/stg.visualarq.com\/es\/wp-json\/wp\/v2\/types\/page"}],"author":[{"embeddable":true,"href":"https:\/\/stg.visualarq.com\/es\/wp-json\/wp\/v2\/users\/1"}],"replies":[{"embeddable":true,"href":"https:\/\/stg.visualarq.com\/es\/wp-json\/wp\/v2\/comments?post=11581"}],"version-history":[{"count":12,"href":"https:\/\/stg.visualarq.com\/es\/wp-json\/wp\/v2\/pages\/11581\/revisions"}],"predecessor-version":[{"id":41435,"href":"https:\/\/stg.visualarq.com\/es\/wp-json\/wp\/v2\/pages\/11581\/revisions\/41435"}],"up":[{"embeddable":true,"href":"https:\/\/stg.visualarq.com\/es\/wp-json\/wp\/v2\/pages\/11698"}],"wp:attachment":[{"href":"https:\/\/stg.visualarq.com\/es\/wp-json\/wp\/v2\/media?parent=11581"}],"curies":[{"name":"wp","href":"https:\/\/api.w.org\/{rel}","templated":true}]}}