{"id":11585,"date":"2011-01-20T00:00:00","date_gmt":"2011-01-20T00:00:00","guid":{"rendered":"https:\/\/stg.visualarq.com\/reseller\/"},"modified":"2019-01-02T16:27:52","modified_gmt":"2019-01-02T16:27:52","slug":"reseller","status":"publish","type":"page","link":"https:\/\/stg.visualarq.com\/es\/reseller\/","title":{"rendered":"Distribuidor"},"content":{"rendered":"<h1>Distribuidor<\/h1>\n<h3>Precios y descuentos<\/h3>\n<p>Para m\u00e1s informaci\u00f3n y pedidos, seleccione su regi\u00f3n:<\/p>\n<ul>\n<li><a href=\"\/es\/reseller\/europe\/\">Europa<\/a><\/li>\n<li><a href=\"\/es\/reseller\/africa-asia-australia\/\">\u00c1frica, Asia y Australia<\/a><\/li>\n<li><a href=\"\/es\/reseller\/america\/\">Am\u00e9rica<\/a><\/li>\n<\/ul>\n<p><a href=\"https:\/\/stg.visualarq.com\/wp-content\/uploads\/sites\/2\/2009\/10\/world.gif\"><img loading=\"lazy\" decoding=\"async\" class=\"alignnone size-full wp-image-760\" src=\"https:\/\/stg.visualarq.com\/wp-content\/uploads\/sites\/2\/2009\/10\/world.gif\" usemap=\"#world\" alt=\"\" width=\"490\" height=\"228\"><\/a><\/p>\n<h3>Nuevos distribuidores<\/h3>\n<p>Para ser distribuidor de VisualARQ, rellene el <strong><a href=\"\/es\/reseller\/application-form\/\">formulario para distribuidores<\/a><\/strong> y realice un pedido de un Reseller Starter Kit de VisualARQ (haciendo clic en la regi\u00f3n correspondiente del mapa). Los distribuidores pueden comprar un Reseller Starter Kit de VisualARQ para cada lugar de distribuci\u00f3n.<\/p>\n<h3>Marketing<\/h3>\n<p>Encuentre material de marketing para su p\u00e1gina web, demos y presentaciones: <\/p>\n<ul>\n<li><a href=\"\/es\/reseller\/marketing\/\">Logos, presentaciones, folletos, p\u00f3sters, &#8230;<\/a><\/li>\n<li><a href=\"https:\/\/www.flickr.com\/photos\/28656665@N02\/\" target=\"_blank\">Im\u00e1genes (VisualARQ en Flickr)<\/a><\/li>\n<li><a href=\"https:\/\/www.youtube.com\/user\/VisualARQ\" target=\"_blank\">V\u00eddeos (VisualARQ en YouTube)<\/a><\/li>\n<\/ul>\n<h3>Preguntas?<\/h3>\n<p>Si tiene cualquier duda, p\u00f3ngase en contacto con:<\/p>\n<p><a href=\"mailto:fsalla@asuni.com\">Francesc Salla<\/a><br>Asuni CAD<br>Roger de Flor, 32-34<br>08018 Barcelona (Espa\u00f1a)<br>Tel: +34\u00a093\u00a0319\u00a06868<br>Fax: +34 93 319 5833<\/p>\n<map name=\"world\">\n<area coords=\"59, 112, 90, 115, 102, 121, 120, 122, 146, 127, 196, 152, 166, 227, 100, 227, 104, 153, 62, 129\" shape=\"POLYGON\" href=\"\/es\/reseller\/america\/\" target=\"_parent\" \/>\n<area coords=\"0, 9, 0, 96, 41, 80, 59, 112, 91, 115, 101, 121, 121, 123, 142, 125, 165, 86, 129, 29, 187, 0, 16, 0\" shape=\"POLYGON\" href=\"\/es\/reseller\/america\/\" \/>\n<area coords=\"239, 104, 215, 118, 202, 129, 267, 201, 311, 175, 317, 135, 311, 132, 299, 132, 286, 109, 267, 108, 254, 103, 229, 109, 238, 105\" shape=\"POLYGON\" href=\"\/es\/reseller\/africa-asia-australia\/\" target=\"_parent\" \/>\n<area coords=\"290, 1, 288, 39, 282, 39, 287, 60, 273, 66, 272, 69, 277, 83, 300, 96, 302, 97, 287, 103, 267, 104, 247, 102, 229, 105, 166, 87, 132, 31, 190, 0, 264, 0\" shape=\"POLYGON\" href=\"\/es\/reseller\/europe\/\" target=\"_parent\" \/>\n<area coords=\"317, 136, 325, 118, 321, 109, 321, 103, 308, 103, 294, 99, 290, 102, 286, 109, 296, 132\" shape=\"POLYGON\" href=\"\/es\/reseller\/africa-asia-australia\/\" target=\"_parent\" \/>\n<area coords=\"490, 57, 445, 23, 365, 0, 291, 5, 288, 40, 284, 43, 288, 64, 273, 71, 272, 76, 279, 88, 291, 93, 299, 95, 301, 103, 316, 103, 321, 109, 322, 113, 324, 119, 328, 111, 341, 105, 340, 100, 354, 87, 393, 87, 395, 80, 417, 93, 426, 93, 437, 97\" shape=\"POLYGON\" href=\"\/es\/reseller\/europe\/\" target=\"_parent\" \/>\n<area coords=\"379, 159, 432, 157, 488, 185, 489, 227, 368, 226\" shape=\"POLYGON\" href=\"\/es\/reseller\/africa-asia-australia\/\" \/>\n<area coords=\"381, 161, 316, 135, 332, 110, 346, 102, 355, 87, 396, 86, 396, 80, 420, 92, 430, 93, 439, 98, 490, 128, 490, 185, 434, 154, 378, 160\" shape=\"POLYGON\" href=\"\/es\/reseller\/africa-asia-australia\/\" \/>\n <\/map><\/p>","protected":false},"excerpt":{"rendered":"<p>Distribuidor Precios y descuentos Para m\u00e1s informaci\u00f3n y pedidos, seleccione su regi\u00f3n: Europa \u00c1frica, Asia y Australia Am\u00e9rica Nuevos distribuidores Para ser distribuidor de VisualARQ, rellene el formulario para distribuidores y realice un pedido de un Reseller Starter Kit de VisualARQ (haciendo clic en la regi\u00f3n correspondiente del mapa). Los distribuidores pueden comprar un Reseller [&hellip;]<\/p>\n","protected":false},"author":1,"featured_media":0,"parent":0,"menu_order":999,"comment_status":"closed","ping_status":"closed","template":"","meta":{"_et_pb_use_builder":"","_et_pb_old_content":"","_et_gb_content_width":"","footnotes":""},"class_list":["post-11585","page","type-page","status-publish","hentry"],"yoast_head":"<!-- This site is optimized with the Yoast SEO plugin v27.2 - https:\/\/yoast.com\/product\/yoast-seo-wordpress\/ -->\n<title>Distribuidor - VisualARQ<\/title>\n<meta name=\"robots\" content=\"noindex, follow, max-snippet:-1, max-image-preview:large, max-video-preview:-1\" \/>\n<meta property=\"og:locale\" content=\"es_ES\" \/>\n<meta property=\"og:type\" content=\"article\" \/>\n<meta property=\"og:title\" content=\"Distribuidor - VisualARQ\" \/>\n<meta property=\"og:description\" content=\"Distribuidor Precios y descuentos Para m\u00e1s informaci\u00f3n y pedidos, seleccione su regi\u00f3n: Europa \u00c1frica, Asia y Australia Am\u00e9rica Nuevos distribuidores Para ser distribuidor de VisualARQ, rellene el formulario para distribuidores y realice un pedido de un Reseller Starter Kit de VisualARQ (haciendo clic en la regi\u00f3n correspondiente del mapa). Los distribuidores pueden comprar un Reseller [&hellip;]\" \/>\n<meta property=\"og:url\" content=\"https:\/\/stg.visualarq.com\/es\/reseller\/\" \/>\n<meta property=\"og:site_name\" content=\"VisualARQ\" \/>\n<meta property=\"article:publisher\" content=\"https:\/\/www.facebook.com\/visualarq\" \/>\n<meta property=\"article:modified_time\" content=\"2019-01-02T16:27:52+00:00\" \/>\n<meta property=\"og:image\" content=\"https:\/\/stg.visualarq.com\/wp-content\/uploads\/sites\/2\/2009\/10\/world.gif\" \/>\n<meta name=\"twitter:card\" content=\"summary_large_image\" \/>\n<meta name=\"twitter:site\" content=\"@VisualARQ\" \/>\n<meta name=\"twitter:label1\" content=\"Tiempo de lectura\" \/>\n\t<meta name=\"twitter:data1\" content=\"1 minuto\" \/>\n<script type=\"application\/ld+json\" class=\"yoast-schema-graph\">{\"@context\":\"https:\/\/schema.org\",\"@graph\":[{\"@type\":\"WebPage\",\"@id\":\"https:\/\/stg.visualarq.com\/es\/reseller\/\",\"url\":\"https:\/\/stg.visualarq.com\/es\/reseller\/\",\"name\":\"Distribuidor - VisualARQ\",\"isPartOf\":{\"@id\":\"https:\/\/stg.visualarq.com\/es\/#website\"},\"primaryImageOfPage\":{\"@id\":\"https:\/\/stg.visualarq.com\/es\/reseller\/#primaryimage\"},\"image\":{\"@id\":\"https:\/\/stg.visualarq.com\/es\/reseller\/#primaryimage\"},\"thumbnailUrl\":\"https:\/\/stg.visualarq.com\/wp-content\/uploads\/sites\/2\/2009\/10\/world.gif\",\"datePublished\":\"2011-01-20T00:00:00+00:00\",\"dateModified\":\"2019-01-02T16:27:52+00:00\",\"breadcrumb\":{\"@id\":\"https:\/\/stg.visualarq.com\/es\/reseller\/#breadcrumb\"},\"inLanguage\":\"es\",\"potentialAction\":[{\"@type\":\"ReadAction\",\"target\":[\"https:\/\/stg.visualarq.com\/es\/reseller\/\"]}]},{\"@type\":\"ImageObject\",\"inLanguage\":\"es\",\"@id\":\"https:\/\/stg.visualarq.com\/es\/reseller\/#primaryimage\",\"url\":\"https:\/\/stg.visualarq.com\/wp-content\/uploads\/sites\/2\/2009\/10\/world.gif\",\"contentUrl\":\"https:\/\/stg.visualarq.com\/wp-content\/uploads\/sites\/2\/2009\/10\/world.gif\"},{\"@type\":\"BreadcrumbList\",\"@id\":\"https:\/\/stg.visualarq.com\/es\/reseller\/#breadcrumb\",\"itemListElement\":[{\"@type\":\"ListItem\",\"position\":1,\"name\":\"Home\",\"item\":\"https:\/\/stg.visualarq.com\/es\/home\/\"},{\"@type\":\"ListItem\",\"position\":2,\"name\":\"Distribuidor\"}]},{\"@type\":\"WebSite\",\"@id\":\"https:\/\/stg.visualarq.com\/es\/#website\",\"url\":\"https:\/\/stg.visualarq.com\/es\/\",\"name\":\"VisualARQ\",\"description\":\"Flexible BIM for Rhino\",\"potentialAction\":[{\"@type\":\"SearchAction\",\"target\":{\"@type\":\"EntryPoint\",\"urlTemplate\":\"https:\/\/stg.visualarq.com\/es\/?s={search_term_string}\"},\"query-input\":{\"@type\":\"PropertyValueSpecification\",\"valueRequired\":true,\"valueName\":\"search_term_string\"}}],\"inLanguage\":\"es\"}]}<\/script>\n<!-- \/ Yoast SEO plugin. -->","yoast_head_json":{"title":"Distribuidor - VisualARQ","robots":{"index":"noindex","follow":"follow","max-snippet":"max-snippet:-1","max-image-preview":"max-image-preview:large","max-video-preview":"max-video-preview:-1"},"og_locale":"es_ES","og_type":"article","og_title":"Distribuidor - VisualARQ","og_description":"Distribuidor Precios y descuentos Para m\u00e1s informaci\u00f3n y pedidos, seleccione su regi\u00f3n: Europa \u00c1frica, Asia y Australia Am\u00e9rica Nuevos distribuidores Para ser distribuidor de VisualARQ, rellene el formulario para distribuidores y realice un pedido de un Reseller Starter Kit de VisualARQ (haciendo clic en la regi\u00f3n correspondiente del mapa). Los distribuidores pueden comprar un Reseller [&hellip;]","og_url":"https:\/\/stg.visualarq.com\/es\/reseller\/","og_site_name":"VisualARQ","article_publisher":"https:\/\/www.facebook.com\/visualarq","article_modified_time":"2019-01-02T16:27:52+00:00","og_image":[{"url":"https:\/\/stg.visualarq.com\/wp-content\/uploads\/sites\/2\/2009\/10\/world.gif","type":"","width":"","height":""}],"twitter_card":"summary_large_image","twitter_site":"@VisualARQ","twitter_misc":{"Tiempo de lectura":"1 minuto"},"schema":{"@context":"https:\/\/schema.org","@graph":[{"@type":"WebPage","@id":"https:\/\/stg.visualarq.com\/es\/reseller\/","url":"https:\/\/stg.visualarq.com\/es\/reseller\/","name":"Distribuidor - VisualARQ","isPartOf":{"@id":"https:\/\/stg.visualarq.com\/es\/#website"},"primaryImageOfPage":{"@id":"https:\/\/stg.visualarq.com\/es\/reseller\/#primaryimage"},"image":{"@id":"https:\/\/stg.visualarq.com\/es\/reseller\/#primaryimage"},"thumbnailUrl":"https:\/\/stg.visualarq.com\/wp-content\/uploads\/sites\/2\/2009\/10\/world.gif","datePublished":"2011-01-20T00:00:00+00:00","dateModified":"2019-01-02T16:27:52+00:00","breadcrumb":{"@id":"https:\/\/stg.visualarq.com\/es\/reseller\/#breadcrumb"},"inLanguage":"es","potentialAction":[{"@type":"ReadAction","target":["https:\/\/stg.visualarq.com\/es\/reseller\/"]}]},{"@type":"ImageObject","inLanguage":"es","@id":"https:\/\/stg.visualarq.com\/es\/reseller\/#primaryimage","url":"https:\/\/stg.visualarq.com\/wp-content\/uploads\/sites\/2\/2009\/10\/world.gif","contentUrl":"https:\/\/stg.visualarq.com\/wp-content\/uploads\/sites\/2\/2009\/10\/world.gif"},{"@type":"BreadcrumbList","@id":"https:\/\/stg.visualarq.com\/es\/reseller\/#breadcrumb","itemListElement":[{"@type":"ListItem","position":1,"name":"Home","item":"https:\/\/stg.visualarq.com\/es\/home\/"},{"@type":"ListItem","position":2,"name":"Distribuidor"}]},{"@type":"WebSite","@id":"https:\/\/stg.visualarq.com\/es\/#website","url":"https:\/\/stg.visualarq.com\/es\/","name":"VisualARQ","description":"Flexible BIM for Rhino","potentialAction":[{"@type":"SearchAction","target":{"@type":"EntryPoint","urlTemplate":"https:\/\/stg.visualarq.com\/es\/?s={search_term_string}"},"query-input":{"@type":"PropertyValueSpecification","valueRequired":true,"valueName":"search_term_string"}}],"inLanguage":"es"}]}},"_links":{"self":[{"href":"https:\/\/stg.visualarq.com\/es\/wp-json\/wp\/v2\/pages\/11585","targetHints":{"allow":["GET"]}}],"collection":[{"href":"https:\/\/stg.visualarq.com\/es\/wp-json\/wp\/v2\/pages"}],"about":[{"href":"https:\/\/stg.visualarq.com\/es\/wp-json\/wp\/v2\/types\/page"}],"author":[{"embeddable":true,"href":"https:\/\/stg.visualarq.com\/es\/wp-json\/wp\/v2\/users\/1"}],"replies":[{"embeddable":true,"href":"https:\/\/stg.visualarq.com\/es\/wp-json\/wp\/v2\/comments?post=11585"}],"version-history":[{"count":0,"href":"https:\/\/stg.visualarq.com\/es\/wp-json\/wp\/v2\/pages\/11585\/revisions"}],"wp:attachment":[{"href":"https:\/\/stg.visualarq.com\/es\/wp-json\/wp\/v2\/media?parent=11585"}],"curies":[{"name":"wp","href":"https:\/\/api.w.org\/{rel}","templated":true}]}}