{"id":11597,"date":"2011-01-12T00:00:00","date_gmt":"2011-01-12T00:00:00","guid":{"rendered":"https:\/\/stg.visualarq.com\/support\/tips\/"},"modified":"2019-01-02T16:28:15","modified_gmt":"2019-01-02T16:28:15","slug":"tips","status":"publish","type":"page","link":"https:\/\/stg.visualarq.com\/es\/support\/tips\/","title":{"rendered":"Sugerencias y trucos"},"content":{"rendered":"[et_pb_section bb_built=\u00bb1&#8243; admin_label=\u00bbsection\u00bb][et_pb_row admin_label=\u00bbrow\u00bb background_position=\u00bbtop_left\u00bb background_repeat=\u00bbrepeat\u00bb background_size=\u00bbinitial\u00bb][et_pb_column type=\u00bb4_4&#8243;][et_pb_post_title admin_label=\u00bbTitulo de la p\u00e1gina\u00bb saved_tabs=\u00bball\u00bb title=\u00bbon\u00bb meta=\u00bboff\u00bb author=\u00bbon\u00bb date=\u00bbon\u00bb categories=\u00bbon\u00bb comments=\u00bbon\u00bb featured_image=\u00bboff\u00bb featured_placement=\u00bbbelow\u00bb parallax_effect=\u00bbon\u00bb parallax_method=\u00bbon\u00bb text_orientation=\u00bbleft\u00bb text_color=\u00bbdark\u00bb text_background=\u00bboff\u00bb text_bg_color=\u00bbrgba(255,255,255,0.9)\u00bb module_bg_color=\u00bbrgba(255,255,255,0)\u00bb title_font=\u00bb|on|||\u00bb title_font_size=\u00bb30px\u00bb title_all_caps=\u00bboff\u00bb use_border_color=\u00bboff\u00bb border_color=\u00bb#ffffff\u00bb border_style=\u00bbsolid\u00bb custom_margin=\u00bb||0px|\u00bb \/][et_pb_text background_position=\u00bbtop_left\u00bb background_repeat=\u00bbrepeat\u00bb background_size=\u00bbinitial\u00bb _builder_version=\u00bb3.0.62&#8243; background_layout=\u00bblight\u00bb text_orientation=\u00bbleft\u00bb border_style=\u00bbsolid\u00bb]\n\n<strong>Librer\u00edas de objetos \/ barras de herramientas \/ plantillas<\/strong><ul><li><a href=\"https:\/\/stg.visualarq.com\/es\/support\/tip\/upload-download-visualarq-styles-food4rhino\/\">C\u00f3mo cargar y descargar estilos de VisualARQ en food4Rhino<\/a><\/li><li><a href=\"https:\/\/stg.visualarq.com\/es\/support\/tip\/how-can-i-create-a-custom-visualarq-template\/\">\u00bfC\u00f3mo puedo crear una plantilla personalizada de VisualARQ?<\/a><\/li><li><a href=\"https:\/\/stg.visualarq.com\/es\/support\/tip\/i-cant-see-the-library-of-visualarq-object-styles-why-how-can-i-load-them\/\">No puedo ver las librer\u00edas de estilos de objeto de VisualARQ. \u00bfPor qu\u00e9? \u00bfC\u00f3mo puedo cargarlos?<\/a><\/li><li><a href=\"https:\/\/stg.visualarq.com\/es\/support\/tip\/when-i-open-a-new-drawing-visualarq-toolbars-dont-appear-on-the-screen-how-can-i-load-them\/\">Al abrir un dibujo nuevo, no aparecen las barras de herramientas de VisualARQ en pantalla\u2026 \u00bfC\u00f3mo puedo cargarlos?<\/a><\/li><li><a href=\"https:\/\/stg.visualarq.com\/es\/support\/tip\/when-i-open-a-new-drawing-the-visualarq-templates-are-not-displayed-in-the-templates-dialog-box-how-can-i-make-them-appear\/\">Al abrir un dibujo nuevo, no aparecen las plantillas de VisualARQ en el cuadro de di\u00e1logo de plantillas\u2026 \u00bfc\u00f3mo hago para que aparezcan?<\/a><\/li><\/ul><strong>Interfaz<\/strong><ul><li><a href=\"https:\/\/stg.visualarq.com\/es\/support\/tip\/is-it-possible-to-turn-off-the-scale-icon\/\">\u00bfEs posible desactivar el icono de escala?<\/a><\/li><li><a href=\"https:\/\/stg.visualarq.com\/es\/support\/tip\/is-it-possible-to-turn-off-the-elevation-marks\/\">\u00bfEs posible desactivar las marcas de elevaci\u00f3n?<\/a><\/li><\/ul><strong>Instalaci\u00f3n<\/strong><ul><li><a href=\"https:\/\/stg.visualarq.com\/es\/support\/tip\/installation-issue-unable-to-load-visualarq-rhp-plug-in\/\">Error de instalaci\u00f3n \u00abNo se puede cargar el plug-in VisualARQ.rhp\u00bb<\/a><\/li><li><a href=\"https:\/\/stg.visualarq.com\/es\/support\/tip\/visualarq-2-1-zoo\/\">VisualARQ 2.1 en el Zoo<\/a><\/li><li><a href=\"https:\/\/stg.visualarq.com\/es\/support\/tip\/rhino-not-found-computer-although-can\/\">\u00abRhino no se encuentra en este equipo\u00bb, aunque est\u00e9 instalado. \u00bfQu\u00e9 puedo hacer?<\/a><\/li><li><a href=\"https:\/\/stg.visualarq.com\/es\/support\/tip\/my-anti-virus-software-is-blocking-or-removing-the-installer-file-what-should-i-do\/\">Mi programa antivirus ha bloqueado o eliminado el archivo de instalaci\u00f3n. \u00bfQu\u00e9 debo hacer?<\/a><\/li><li><a href=\"https:\/\/stg.visualarq.com\/es\/support\/tip\/after-upgrading-my-windows-version-visualarq-doesnt-work\/\">Despu\u00e9s de actualizar mi versi\u00f3n de Windows, VisualARQ no funciona<\/a><\/li><li><a href=\"https:\/\/stg.visualarq.com\/es\/support\/tip\/is-it-possible-to-install-visualarq-silently\/\">\u00bfEs posible instalar VisualARQ silenciosamente?<\/a><\/li><li><a href=\"https:\/\/stg.visualarq.com\/es\/support\/tip\/installation-problems\/\">Problemas de instalaci\u00f3n<\/a><\/li><\/ul><strong>Archivos<\/strong><ul><li><a href=\"https:\/\/stg.visualarq.com\/es\/support\/tip\/tips-to-streamline-the-workflow-with-large-files-in-rhino\/\">Consejos para optimizar el flujo de trabajo con archivos grandes en Rhino<\/a><\/li><li><a href=\"https:\/\/stg.visualarq.com\/es\/support\/tip\/how-can-i-reference-external-files\/\">C\u00f3mo referenciar a archivos externos<\/a><\/li><li><a href=\"https:\/\/stg.visualarq.com\/es\/support\/tip\/how-can-i-export-rhino-and-visualarq-documents-into-autocad\/\">C\u00f3mo exportar documentos de Rhino y VisualARQ en AutoCAD<\/a><\/li><\/ul><strong>Objetos<\/strong><ul><li><a href=\"https:\/\/stg.visualarq.com\/es\/support\/tip\/can-i-extract-the-faces-or-edges-of-visualarq-objects\/\">\u00bfPuedo extraer las caras o los bordes de los objetos de VisualARQ?<\/a><\/li><\/ul><strong>Muros<\/strong><ul><li><a href=\"https:\/\/stg.visualarq.com\/es\/support\/tip\/how-can-i-split-a-wall-by-a-surface\/\">\u00bfC\u00f3mo puedo partir un muro mediante una superficie?<\/a><\/li><li><a href=\"https:\/\/stg.visualarq.com\/es\/support\/tip\/why-some-walls-dont-join\/\">\u00bfPor qu\u00e9 algunos muros no se unen?<\/a><\/li><li><a href=\"https:\/\/stg.visualarq.com\/es\/support\/tip\/how-can-i-show-the-tangent-lines-between-walls\/\">\u00bfC\u00f3mo puedo mostrar u ocultar las l\u00edneas entre los muros?<\/a><\/li><li><a href=\"https:\/\/stg.visualarq.com\/es\/support\/tip\/is-it-possible-to-create-irregular-walls-or-walls-from-rhino-geometry\/\">\u00bfEs posible crear muros o muros irregulares a partir de la geometr\u00eda de Rhino?<\/a><\/li><li><a href=\"https:\/\/stg.visualarq.com\/es\/support\/tip\/is-it-possible-to-do-boolean-operations-between-visualarq-walls-and-rhino-solids\/\">\u00bfEs posible realizar operaciones booleanas entre muros de VisualARQ y s\u00f3lidos de Rhino?<\/a><\/li><li><a href=\"https:\/\/stg.visualarq.com\/es\/support\/tip\/how-can-i-create-a-new-wall-style-and-edit-its-2d-representation\/\">\u00bfC\u00f3mo puedo crear un nuevo Estilo de muro y editar su representaci\u00f3n 2D?<\/a><\/li><li><a href=\"https:\/\/stg.visualarq.com\/es\/support\/tip\/how-can-i-create-a-non-straight-wall\/\">\u00bfC\u00f3mo puedo crear un muro que no sea recto?<\/a><\/li><li><a href=\"https:\/\/stg.visualarq.com\/es\/support\/tip\/is-it-possible-to-make-a-wall-from-a-closed-curve\/\">\u00bfEs posible hacer un muro desde una curva cerrada?<\/a><\/li><li><a href=\"https:\/\/stg.visualarq.com\/es\/support\/tip\/when-i-create-a-wall-with-more-than-1-component-which-component-is-inside-and-which-is-outside\/\">Cuando creo un muro con m\u00e1s de 1 componente&#8230; \u00bfqu\u00e9 componente est\u00e1 dentro y cu\u00e1l est\u00e1 fuera?<\/a><\/li><li><a href=\"https:\/\/stg.visualarq.com\/es\/support\/tip\/is-it-possible-to-stretch-a-room-move-the-end-wall-and-extend-the-side-walls-without-deforming-it-nor-moving-windows-and-doors-from-their-original-position\/\">\u00bfEs posible estirar una habitaci\u00f3n sin deformarla?<\/a><\/li><\/ul><strong>Muros cortina<\/strong><ul><li><a href=\"https:\/\/stg.visualarq.com\/es\/support\/tip\/how-can-i-create-sloped-curtain-walls\/\">\u00bfPuedo crear muros cortina inclinados?<\/a><\/li><li><a href=\"https:\/\/stg.visualarq.com\/es\/support\/tip\/is-it-possible-to-create-curved-curtain-walls-with-curved-panels\/\">\u00bfEs posible crear muros cortina curvados con paneles curvados?<\/a><\/li><\/ul><strong>Vigas<\/strong><ul><li><a href=\"https:\/\/stg.visualarq.com\/es\/support\/tip\/trick-to-split-a-beam-in-different-parts\/\">Partir una viga en diferentes partes<\/a><\/li><li><a href=\"https:\/\/stg.visualarq.com\/es\/support\/tip\/is-it-possible-to-create-beams-with-custom-profiles\/\">\u00bfEs posible crear vigas con perfiles personalizados?<\/a><\/li><\/ul><strong>Puertas \/ ventanas \/ huecos<\/strong><ul><li><a href=\"https:\/\/stg.visualarq.com\/es\/support\/tip\/how-can-i-modify-the-aperture-of-an-opening\/\">\u00bfC\u00f3mo puedo modificar la apertura de un hueco?<\/a><\/li><li><a href=\"https:\/\/stg.visualarq.com\/es\/support\/tip\/how-can-i-change-the-opening-side-of-a-door-or-a-window\/\">\u00bfC\u00f3mo puedo cambiar el lado de apertura de una puerta o ventana?<\/a><\/li><li><a href=\"https:\/\/stg.visualarq.com\/es\/support\/tip\/how-can-i-create-and-select-openings\/\">\u00bfC\u00f3mo puedo crear y seleccionar huecos?<\/a><\/li><li><a href=\"https:\/\/stg.visualarq.com\/es\/support\/tip\/how-can-i-create-customized-doors-or-windows\/\">\u00bfC\u00f3mo puedo crear ventanas o puertas personalizadas?<\/a><\/li><\/ul><strong>Escaleras<\/strong><ul><li><a href=\"https:\/\/stg.visualarq.com\/es\/support\/tip\/how-can-i-create-spiral-stairs-can-i-add-landings\/\">\u00bfC\u00f3mo puedo crear escaleras en espiral? \u00bfPuedo agregar descansillos?<\/a><\/li><li><a href=\"https:\/\/stg.visualarq.com\/es\/support\/tip\/how-can-i-create-stairs-with-landings\/\">\u00bfC\u00f3mo puedo crear escaleras con descansillos?<\/a><\/li><li><a href=\"https:\/\/stg.visualarq.com\/es\/support\/tip\/stair-slab-how-to-create-a-stair-slab-and-change-its-thickness\/\">Losa de escalera: C\u00f3mo crear una losa de escalera y cambiar su grosor.<\/a><\/li><\/ul><strong>Cubiertas<\/strong><ul><li><a href=\"https:\/\/stg.visualarq.com\/es\/support\/tip\/what-are-the-steps-to-create-a-roof\/\">\u00bfCu\u00e1les son los pasos para crear una cubierta?<\/a><\/li><\/ul><strong>Perfiles<\/strong><ul><li><a href=\"https:\/\/stg.visualarq.com\/es\/support\/tip\/how-can-i-create-a-custom-profile\/\">\u00bfC\u00f3mo puedo crear un perfil personalizado?<\/a><\/li><\/ul><strong>Niveles<\/strong><ul><li><a href=\"https:\/\/stg.visualarq.com\/es\/support\/tip\/is-it-possible-to-create-multiple-levels-simultaneaously-instead-of-creating-them-one-by-one\/\">\u00bfEs posible crear varios niveles a la vez en lugar de crearlos individualmente?<\/a><\/li><li><a href=\"https:\/\/stg.visualarq.com\/es\/support\/tip\/once-i-have-created-floors-using-the-floor-manager-how-can-i-switch-from-one-floor-to-antother\/\">Una vez creadas las plantas utilizando el Gestor de niveles, \u00bfc\u00f3mo puedo cambiar de una planta a otra?<\/a><\/li><\/ul><strong>Vistas en planta y secci\u00f3n<\/strong><ul><li><a href=\"https:\/\/stg.visualarq.com\/es\/support\/tip\/there-are-some-missing-lines-in-the-plan-and-section-views-why\/\">Faltan algunas l\u00edneas en las vistas en planta y secci\u00f3n. \u00bfPor qu\u00e9?<\/a><\/li><\/ul><strong>Tablas<\/strong><ul><li><a href=\"https:\/\/stg.visualarq.com\/es\/support\/tip\/how-can-i-create-tables-of-object-quantity-take-off-and-export-them-to-excel\/\">\u00bfC\u00f3mo puedo crear tablas de cuantificaci\u00f3n de objetos y exportarlas a Excel?<\/a><\/li><\/ul><strong>Etiquetas<\/strong><ul><li><a href=\"https:\/\/stg.visualarq.com\/es\/support\/tip\/como-gestionar-la-informacion-de-las-etiquetas-en-diferentes-lineas\/\">C\u00f3mo gestionar la informaci\u00f3n de las etiquetas en diferentes l\u00edneas<\/a><\/li><li><a href=\"https:\/\/stg.visualarq.com\/es\/support\/tip\/can-i-put-the-object-dimensions-or-other-information-inside-tags\/\">\u00bfEs posible mostrar las cotas de un objeto u otra informaci\u00f3n dentro de las etiquetas?<\/a><\/li><\/ul><strong>Impresi\u00f3n<\/strong><ul><li><a href=\"https:\/\/stg.visualarq.com\/es\/support\/tip\/crear-dibujos-vectoriales-en-2d-con-iluminacion\/\">Crear dibujos vectoriales en 2D con iluminaci\u00f3n<\/a><\/li><li><a href=\"https:\/\/stg.visualarq.com\/es\/support\/tip\/tips-create-3d-printable-model\/\">Sugerencias para crear un modelo 3D imprimible<\/a><\/li><li><a href=\"https:\/\/stg.visualarq.com\/es\/support\/tip\/how-can-i-print-out-the-height-level-dashed-lines-which-visualarq-shows\/\">\u00bfC\u00f3mo puedo imprimir las l\u00edneas discontinuas de nivel de altura que muestra VisualARQ?<\/a><\/li><\/ul><strong>Renderizado y materiales<\/strong><ul><li><a href=\"https:\/\/stg.visualarq.com\/es\/support\/tip\/how-can-i-apply-texture-mapping-to-visualarq-objects\/\">\u00bfC\u00f3mo puedo aplicar mapeado de texturas a objetos de VisualARQ?<\/a><\/li><li><a href=\"https:\/\/stg.visualarq.com\/es\/support\/tip\/how-can-i-assign-different-materials-to-the-different-components-of-a-door-or-a-window\/\">\u00bfC\u00f3mo puedo asignar diferentes materiales a diferentes componentes de una puerta o una ventana?<\/a><\/li><\/ul><strong>Sugerencias de flujo de trabajo<\/strong><ul><li><a href=\"https:\/\/stg.visualarq.com\/es\/support\/tip\/tips-to-streamline-the-workflow-with-large-files-in-rhino\/\">Consejos para optimizar el flujo de trabajo con archivos grandes en Rhino<\/a><\/li><li><a href=\"https:\/\/stg.visualarq.com\/es\/support\/tip\/how-can-i-make-the-section-line-appear-in-all-drawings\/\">\u00bfC\u00f3mo puedo hacer que la l\u00ednea de secci\u00f3n aparezca en todos los dibujos?<\/a><\/li><li><a href=\"https:\/\/stg.visualarq.com\/es\/support\/tip\/how-can-i-select-objects-of-the-same-style-in-grasshopper\/\">\u00bfC\u00f3mo puedo seleccionar objetos del mismo estilo en Grasshopper?<\/a><\/li><li><a href=\"https:\/\/stg.visualarq.com\/es\/support\/tip\/how-can-i-select-all-objects-of-the-same-type-or-style-at-once\/\">\u00bfC\u00f3mo puedo seleccionar todos los objetos del mismo tipo o estilo a la vez?<\/a><\/li><li><a href=\"https:\/\/stg.visualarq.com\/es\/support\/tip\/shortcut-to-object-properties-and-object-styles-dialog\/\">Acceso directo a los di\u00e1logos de propiedades de objeto y estilos de objeto<\/a><\/li><\/ul><strong>Par\u00e1metros<\/strong><ul><li><a href=\"https:\/\/stg.visualarq.com\/es\/support\/tip\/how-can-i-create-custom-parameters\/\">C\u00f3mo crear par\u00e1metros personalizados<\/a><\/li><li><a href=\"https:\/\/stg.visualarq.com\/es\/support\/tip\/how-can-i-create-calculated-parameters-with-grasshopper\/\">\u00bfC\u00f3mo puedo crear par\u00e1metros calculados con Grasshopper?<\/a><\/li><\/ul><strong>IFC<\/strong><ul><li><a href=\"https:\/\/stg.visualarq.com\/es\/support\/tip\/como-exportar-datos-personalizados-a-ifc\/\">C\u00f3mo exportar datos personalizados a IFC<\/a><\/li><\/ul>\n\n[\/et_pb_text][\/et_pb_column][\/et_pb_row][\/et_pb_section]","protected":false},"excerpt":{"rendered":"<p>Sugerencias y trucos para aumentar la productividad con VisualARQ.<\/p>\n","protected":false},"author":1,"featured_media":0,"parent":11565,"menu_order":10,"comment_status":"closed","ping_status":"closed","template":"","meta":{"_et_pb_use_builder":"on","_et_pb_old_content":"<p><strong>Object Libraries, Toolbars, Templates<\/strong><\/p><ul><li><a href=\"\/?page_id=1890\">I can't see VisualARQ object styles libraries. Why? How can I load them?<\/a><\/li><li><a href=\"\/?page_id=525\">When I open a new drawing, VisualARQ toolbars don't appear on the screen... How can I load them?<\/a><\/li><li><a href=\"\/?page_id=522\">When I open a new drawing, the VisualARQ templates are not displayed in the templates dialog box... How can I make them appear?<\/a><\/li><li><a href=\"\/?page_id=8684\">How can I create a custom VisualARQ Template?<\/a><\/li><\/ul><p><strong>Interface<\/strong><\/p><ul><li><a href=\"\/?page_id=449\">Is it possible to turn off the scale icon?<\/a><\/li><li><a href=\"\/?page_id=452\">Is it possible to turn off the elevation marks?<\/a><\/li><\/ul><p><strong>Installation<\/strong><\/p><ul><li><a href=\"\/?page_id=3991\">Installation problems<\/a><\/li><li><a href=\"\/?page_id=8314\">Installation problems with the \"Windows Installer package. A DLL required for this install could not be run\"<\/a><\/li><li><a href=\"\/?page_id=8312\">After upgrading my Windows version, VisualARQ doesn't work<\/a><\/li><li><a href=\"\/?page_id=12192\">\"Rhino not found on this computer\" although I have it. What can I do?<\/a><\/li><li><a href=\"\/?page_id=5456\">Is it possible to install VisualARQ silently?<\/a><\/li><li><a href=\"\/?page_id=11833\">My anti-virus software is blocking or removing the installer file, what should I do?<\/a><\/li><\/ul><p><strong>Files<\/strong><\/p><ul><li><a href=\"\/?page_id=6318\">How to export Rhino and VisualARQ documents into AutoCAD<\/a><\/li><\/ul><p><strong>Objects<\/strong><\/p><ul><li><a href=\"\/?page_id=10236\">Can I extract the faces or edges of VisualARQ objects?<\/a><\/li><\/ul><p><strong>Walls<\/strong><\/p><ul><li><a href=\"\/?page_id=466\">How can I create a non-straight wall?<\/a><\/li><li><a href=\"\/?page_id=1065\">Is it possible to make a wall from a closed curve?<\/a><\/li><li><a href=\"\/?page_id=5278\">How can I create a new Wall Style and edit its 2D representation?<\/a><\/li><li><a href=\"\/?page_id=6596\">Is it possible to create irregular walls or walls from Rhino geometry?<\/a><\/li><li><a href=\"\/?page_id=6603\">Is it possible to do Boolean operations between VisualARQ walls and Rhino solids?<\/a><\/li><li><a href=\"\/?page_id=375\">When I create a wall with more than 1 component\u2026 which component is inside and which is outside?<\/a><\/li><li><a href=\"\/?page_id=355\">Is it possible to stretch a room without deforming it?<\/a><\/li><li><a href=\"\/?page_id=9979\">How can I show or hide the tangent lines between walls?<\/a><\/li><\/ul><p><strong>Curtain walls<\/strong><\/p><ul><li><a href=\"\/?page_id=11781\">How can I create sloped curtain walls?<\/a><\/li><li><a href=\"\/?page_id=11769\">Is it possible to create curved curtain walls with curved panels?<\/a><\/li><\/ul><p><strong>Beams<\/strong><\/p><ul><li><a href=\"\/?page_id=9915\">Is it possible to create beams with custom profiles?<\/a><\/li><li><a href=\"\/?p=10223\">Trick to split a beam in different parts<\/a><\/li><\/ul><p><strong>Doors, Windows and Openings<\/strong><\/p><ul><li><a href=\"\/?page_id=4671\">How can I create and select openings?<\/a><\/li><li><a href=\"\/?page_id=341\">How can I create customized doors or windows?<\/a><\/li><li><a href=\"\/?page_id=8779\">How can I change the door or window opening side?<\/a><\/li><\/ul><p><strong>Stairs<\/strong><\/p><ul><li><a href=\"\/?page_id=3986\">Stair slab: How to create a stair slab and change its thickness<\/a><\/li><li><a href=\"\/?page_id=5465\">How can I create stairs with landings?<\/a><\/li><li><a href=\"\/?page_id=9897\">How can I create spiral stairs? Can I add landings?<\/a><\/li><\/ul><p><strong>Roofs<\/strong><\/p><ul><li><a href=\"\/?page_id=370\">What are the steps to create a roof?<\/a><\/li><\/ul><p><strong>Profiles<\/strong><\/p><ul><li><a href=\"\/?page_id=454\">How can I create a custom profile?<\/a><\/li><\/ul><p><strong>Levels<\/strong><\/p><ul><li><a href=\"\/?page_id=461\">Once I have created floors using the Level Manager, how can I switch from one floor to another?<\/a><\/li><li><a href=\"\/?page_id=7382\">Is it possible to create multiple levels at the same time instead of creating them individually?<\/a><\/li><\/ul><p><strong>Plan and Section views<\/strong><\/p><ul><li><a href=\"\/?page_id=9969\">There are some missing lines in the Plan and Section views. Why?<\/a><\/li><\/ul><p><strong>Tables<\/strong><\/p><ul><li><a href=\"\/?page_id=8533\">How can I create tables of object quantity takeoffs and export them to Excel?<\/a><\/li><\/ul><p><strong>Tags<\/strong><\/p><ul><li><a href=\"\/?page_id=10071\">Is it possible to display the object dimensions or other information inside tags?<\/a><\/li><\/ul><p><strong>Printing<\/strong><\/p><ul><li><a href=\"\/?page_id=479\">How can I print out the height level dashed lines which VisualARQ shows?<\/a><\/li><li><a href=\"\/?page_id=11944\">Tips to create a 3D printable model<\/a><\/li><\/ul><p><strong>Render and Materials<\/strong><\/p><ul><li><a href=\"\/?page_id=3998\">How can I assign different materials to the different components of a door or a window?<\/a><\/li><\/ul><p><strong>Workflow Tips<\/strong><\/p><ul><li><a href=\"\/?page_id=6284\">Shortcut to object properties and object styles dialog<\/a><\/li><li><a href=\"\/?page_id=7852\">How can I select all objects of the same type or style at once?<\/a><\/li><\/ul>","_et_gb_content_width":"","footnotes":""},"class_list":["post-11597","page","type-page","status-publish","hentry"],"yoast_head":"<!-- This site is optimized with the Yoast SEO plugin v27.2 - https:\/\/yoast.com\/product\/yoast-seo-wordpress\/ -->\n<title>Sugerencias y trucos - VisualARQ<\/title>\n<meta name=\"robots\" content=\"noindex, follow, max-snippet:-1, max-image-preview:large, max-video-preview:-1\" \/>\n<meta property=\"og:locale\" content=\"es_ES\" \/>\n<meta property=\"og:type\" content=\"article\" \/>\n<meta property=\"og:title\" content=\"Sugerencias y trucos - VisualARQ\" \/>\n<meta property=\"og:description\" content=\"Sugerencias y trucos para aumentar la productividad con VisualARQ.\" \/>\n<meta property=\"og:url\" content=\"https:\/\/stg.visualarq.com\/es\/support\/tips\/\" \/>\n<meta property=\"og:site_name\" content=\"VisualARQ\" \/>\n<meta property=\"article:publisher\" content=\"https:\/\/www.facebook.com\/visualarq\" \/>\n<meta property=\"article:modified_time\" content=\"2019-01-02T16:28:15+00:00\" \/>\n<meta name=\"twitter:card\" content=\"summary_large_image\" \/>\n<meta name=\"twitter:site\" content=\"@VisualARQ\" \/>\n<meta name=\"twitter:label1\" content=\"Tiempo de lectura\" \/>\n\t<meta name=\"twitter:data1\" content=\"1 minuto\" \/>\n<script type=\"application\/ld+json\" class=\"yoast-schema-graph\">{\"@context\":\"https:\/\/schema.org\",\"@graph\":[{\"@type\":\"WebPage\",\"@id\":\"https:\/\/stg.visualarq.com\/es\/support\/tips\/\",\"url\":\"https:\/\/stg.visualarq.com\/es\/support\/tips\/\",\"name\":\"Sugerencias y trucos - VisualARQ\",\"isPartOf\":{\"@id\":\"https:\/\/stg.visualarq.com\/es\/#website\"},\"datePublished\":\"2011-01-12T00:00:00+00:00\",\"dateModified\":\"2019-01-02T16:28:15+00:00\",\"breadcrumb\":{\"@id\":\"https:\/\/stg.visualarq.com\/es\/support\/tips\/#breadcrumb\"},\"inLanguage\":\"es\",\"potentialAction\":[{\"@type\":\"ReadAction\",\"target\":[\"https:\/\/stg.visualarq.com\/es\/support\/tips\/\"]}]},{\"@type\":\"BreadcrumbList\",\"@id\":\"https:\/\/stg.visualarq.com\/es\/support\/tips\/#breadcrumb\",\"itemListElement\":[{\"@type\":\"ListItem\",\"position\":1,\"name\":\"Home\",\"item\":\"https:\/\/stg.visualarq.com\/es\/home\/\"},{\"@type\":\"ListItem\",\"position\":2,\"name\":\"Soporte\",\"item\":\"https:\/\/stg.visualarq.com\/es\/support\/\"},{\"@type\":\"ListItem\",\"position\":3,\"name\":\"Sugerencias y trucos\"}]},{\"@type\":\"WebSite\",\"@id\":\"https:\/\/stg.visualarq.com\/es\/#website\",\"url\":\"https:\/\/stg.visualarq.com\/es\/\",\"name\":\"VisualARQ\",\"description\":\"Flexible BIM for Rhino\",\"potentialAction\":[{\"@type\":\"SearchAction\",\"target\":{\"@type\":\"EntryPoint\",\"urlTemplate\":\"https:\/\/stg.visualarq.com\/es\/?s={search_term_string}\"},\"query-input\":{\"@type\":\"PropertyValueSpecification\",\"valueRequired\":true,\"valueName\":\"search_term_string\"}}],\"inLanguage\":\"es\"}]}<\/script>\n<!-- \/ Yoast SEO plugin. -->","yoast_head_json":{"title":"Sugerencias y trucos - VisualARQ","robots":{"index":"noindex","follow":"follow","max-snippet":"max-snippet:-1","max-image-preview":"max-image-preview:large","max-video-preview":"max-video-preview:-1"},"og_locale":"es_ES","og_type":"article","og_title":"Sugerencias y trucos - VisualARQ","og_description":"Sugerencias y trucos para aumentar la productividad con VisualARQ.","og_url":"https:\/\/stg.visualarq.com\/es\/support\/tips\/","og_site_name":"VisualARQ","article_publisher":"https:\/\/www.facebook.com\/visualarq","article_modified_time":"2019-01-02T16:28:15+00:00","twitter_card":"summary_large_image","twitter_site":"@VisualARQ","twitter_misc":{"Tiempo de lectura":"1 minuto"},"schema":{"@context":"https:\/\/schema.org","@graph":[{"@type":"WebPage","@id":"https:\/\/stg.visualarq.com\/es\/support\/tips\/","url":"https:\/\/stg.visualarq.com\/es\/support\/tips\/","name":"Sugerencias y trucos - VisualARQ","isPartOf":{"@id":"https:\/\/stg.visualarq.com\/es\/#website"},"datePublished":"2011-01-12T00:00:00+00:00","dateModified":"2019-01-02T16:28:15+00:00","breadcrumb":{"@id":"https:\/\/stg.visualarq.com\/es\/support\/tips\/#breadcrumb"},"inLanguage":"es","potentialAction":[{"@type":"ReadAction","target":["https:\/\/stg.visualarq.com\/es\/support\/tips\/"]}]},{"@type":"BreadcrumbList","@id":"https:\/\/stg.visualarq.com\/es\/support\/tips\/#breadcrumb","itemListElement":[{"@type":"ListItem","position":1,"name":"Home","item":"https:\/\/stg.visualarq.com\/es\/home\/"},{"@type":"ListItem","position":2,"name":"Soporte","item":"https:\/\/stg.visualarq.com\/es\/support\/"},{"@type":"ListItem","position":3,"name":"Sugerencias y trucos"}]},{"@type":"WebSite","@id":"https:\/\/stg.visualarq.com\/es\/#website","url":"https:\/\/stg.visualarq.com\/es\/","name":"VisualARQ","description":"Flexible BIM for Rhino","potentialAction":[{"@type":"SearchAction","target":{"@type":"EntryPoint","urlTemplate":"https:\/\/stg.visualarq.com\/es\/?s={search_term_string}"},"query-input":{"@type":"PropertyValueSpecification","valueRequired":true,"valueName":"search_term_string"}}],"inLanguage":"es"}]}},"_links":{"self":[{"href":"https:\/\/stg.visualarq.com\/es\/wp-json\/wp\/v2\/pages\/11597","targetHints":{"allow":["GET"]}}],"collection":[{"href":"https:\/\/stg.visualarq.com\/es\/wp-json\/wp\/v2\/pages"}],"about":[{"href":"https:\/\/stg.visualarq.com\/es\/wp-json\/wp\/v2\/types\/page"}],"author":[{"embeddable":true,"href":"https:\/\/stg.visualarq.com\/es\/wp-json\/wp\/v2\/users\/1"}],"replies":[{"embeddable":true,"href":"https:\/\/stg.visualarq.com\/es\/wp-json\/wp\/v2\/comments?post=11597"}],"version-history":[{"count":0,"href":"https:\/\/stg.visualarq.com\/es\/wp-json\/wp\/v2\/pages\/11597\/revisions"}],"up":[{"embeddable":true,"href":"https:\/\/stg.visualarq.com\/es\/wp-json\/wp\/v2\/pages\/11565"}],"wp:attachment":[{"href":"https:\/\/stg.visualarq.com\/es\/wp-json\/wp\/v2\/media?parent=11597"}],"curies":[{"name":"wp","href":"https:\/\/api.w.org\/{rel}","templated":true}]}}