{"id":11612,"date":"2011-09-14T00:00:00","date_gmt":"2011-09-14T00:00:00","guid":{"rendered":"https:\/\/stg.visualarq.com\/legal\/licenses\/"},"modified":"2019-01-02T16:28:56","modified_gmt":"2019-01-02T16:28:56","slug":"licenses","status":"publish","type":"page","link":"https:\/\/stg.visualarq.com\/es\/legal\/licenses\/","title":{"rendered":"Licencias de terceros"},"content":{"rendered":"[et_pb_section bb_built=\u00bb1&#8243;][et_pb_row][et_pb_column type=\u00bb4_4&#8243;][et_pb_post_title _builder_version=\u00bb3.0.62&#8243; title=\u00bbon\u00bb meta=\u00bboff\u00bb author=\u00bbon\u00bb date=\u00bbon\u00bb categories=\u00bbon\u00bb comments=\u00bbon\u00bb featured_image=\u00bboff\u00bb featured_placement=\u00bbbelow\u00bb parallax_method=\u00bbon\u00bb text_orientation=\u00bbleft\u00bb text_color=\u00bbdark\u00bb text_background=\u00bboff\u00bb border_style=\u00bbsolid\u00bb \/][et_pb_text _builder_version=\u00bb3.0.62&#8243;]\n\n<h2>CSTB IFC-SDK<\/h2>\n<p><a href=\"https:\/\/joinup.ec.europa.eu\/software\/ifc-sdk\/home\">https:\/\/joinup.ec.europa.eu\/software\/ifc-sdk\/home<\/a><\/p>\n<h3>Licencia:<\/h3>\n<p><a href=\"https:\/\/joinup.ec.europa.eu\/svn\/ifc-sdk\/trunk\/Licence.txt\">GNU Lesser General Public License (LGPL)<\/a><\/p>\n<h3>Descripci\u00f3n:<\/h3>\n<p>El proyecto IFC SDK proporciona un kit de desarrollo de software (SDK) para la lectura y la escritura de un modelo de informaci\u00f3n de edificios (BIM) definido en formato IFC (Industry Foundation Classes). La primera versi\u00f3n del IFC SDK se ofrece en el lenguaje de programaci\u00f3n C++ y es compatible con el est\u00e1ndar IFC 2&#215;3 TC1 desarrollado por la IAI (International Alliance for Interoperability, BuildingSmart, consulte: <a href=\"https:\/\/www.buildingsmart.com\/\">https:\/\/www.buildingsmart.com\/<\/a>).<\/p>\n<h3>Funciones:<\/h3>\n<p>Las principales caracter\u00edsticas del proyecto IFC SDK son las siguientes:<\/p>\n<ol>\n<li>lectura y escritura de un modelo BIM definido en formato ISO-10303-21 Step Physical File (SPF) ASCII y compatible con el modelo de datos IFC 2X3 TC1 ISO-103030-11 EXPRESS;<\/li>\n<li>funciones de an\u00e1lisis y gesti\u00f3n del conjunto de entidades del est\u00e1ndar IFC 2&#215;3 TC1;<\/li>\n<li>an\u00e1lisis y gesti\u00f3n de atributos EXPRESS INVERSE y DERIVED<\/li>\n<li>gesti\u00f3n de BIM en la memoria<\/li>\n<li>m\u00faltiples modelos<\/li>\n<\/ol>\n<h3>C\u00f3digo fuente<\/h3>\n<p><a href=\"https:\/\/visualarq.s3.amazonaws.com\/download\/licenses\/ifc-sdk-1.0.3.11.zip\">ifc-sdk-1.0.3.11.zip<\/a><\/p>\n<hr class=\"separator\">\n<h2>VLD<\/h2>\n<p><a href=\"https:\/\/vld.codeplex.com\">https:\/\/vld.codeplex.com<\/a><\/p>\n<h3>Licencia:<\/h3>\n<p><a href=\"https:\/\/vld.codeplex.com\/license\">GNU Lesser General Public License (LGPL)<\/a><\/p>\n<h3>Descripci\u00f3n del proyecto:<\/h3>\n<p>Visual Leak Detector es potente sistema de detecci\u00f3n de p\u00e9rdidas de memoria gratuito y de c\u00f3digo abierto para Visual C++.<\/p>\n<p>Es muy f\u00e1cil de usar. Despu\u00e9s de instalarlo, s\u00f3lo debe indicar a Visual C++ d\u00f3nde se encuentra el archivo de la biblioteca y la cabecera que se incluyen.<\/p>\n<p>A continuaci\u00f3n, se puede utilizar con cualquier proyecto de C\/C++ simplemente agregando la siguiente l\u00ednea a su c\u00f3digo:<\/p>\n<p><code>#include &lt;vld.h&gt;<\/code><\/p>\n<p>Cuando se ejecuta el programa con el depurador de Visual Studio, Visual Leak Detector crea un informe p\u00e9rdida de memoria al final de la sesi\u00f3n de depuraci\u00f3n. El informe de p\u00e9rdida incluye la pila completa de llamadas que muestra c\u00f3mo se asignaron los bloques de la memoria perdida. Haga doble clic en una l\u00ednea en la pila de llamadas para ir a ese archivo y l\u00ednea en la ventana del editor.<\/p>\n<p>Es una forma muy efectiva de diagnosticar y solucionar r\u00e1pidamente las p\u00e9rdidas de memoria en aplicaciones C\/C++.<\/p>\n\n[\/et_pb_text][\/et_pb_column][\/et_pb_row][\/et_pb_section]","protected":false},"excerpt":{"rendered":"<p><div class=\"et_pb_row et_pb_row_0 et_pb_row_empty\">\n\t\t\t\t\n\t\t\t\t\n\t\t\t\t\n\t\t\t\t\n\t\t\t\t\n\t\t\t<\/div> CSTB IFC-SDK https:\/\/joinup.ec.europa.eu\/software\/ifc-sdk\/home Licencia: GNU Lesser General Public License (LGPL) Descripci\u00f3n: El proyecto IFC SDK proporciona un kit de desarrollo de software (SDK) para la lectura y la escritura de un modelo de informaci\u00f3n de edificios (BIM) definido en formato IFC (Industry Foundation Classes). La primera versi\u00f3n del IFC SDK se ofrece en el [&hellip;]<\/p>\n","protected":false},"author":8,"featured_media":0,"parent":11573,"menu_order":0,"comment_status":"closed","ping_status":"closed","template":"","meta":{"_et_pb_use_builder":"on","_et_pb_old_content":"<h2>VisualARQ EULA<\/h2>\n<a href=\"https:\/\/files.asuni.com\/visualarq\/legal\/licenses\/eula.zip\">Download the VisualARQ EULA<\/a> (End User License Agreement).\n\n[separator]\n<h2>CSTB IFC-SDK<\/h2>\n<a href=\"https:\/\/joinup.ec.europa.eu\/software\/ifc-sdk\/home\">https:\/\/joinup.ec.europa.eu\/software\/ifc-sdk\/home<\/a>\n<h3>License:<\/h3>\n<a href=\"https:\/\/joinup.ec.europa.eu\/svn\/ifc-sdk\/trunk\/Licence.txt\">GNU Lesser General Public License (LGPL)<\/a>\n<h3>Description:<\/h3>\nThe IFC SDK project provides a Software Development Kit (SDK) for reading and writing a Building Information Model (BIM) defined in Industry Foundation Classes (IFC) format. First version of the IFC SDK is provided in C++ programming language and is compliant with IFC 2X3 TC1 standard developed by the International Alliance for Interoperability (IAI \u2013 BuildingSmart, see: <a href=\"https:\/\/www.buildingsmart.com\/\">https:\/\/www.buildingsmart.com\/<\/a>).\n<h3>Features:<\/h3>\nThe main features of the IFC SDK project are the following:\n<ol>\n\t<li>reading and writing a BIM model defined in ISO-10303-21 Step Physical File (SPF) ASCII format and compliant with IFC 2X3 TC1 ISO-103030-11 EXPRESS data model;<\/li>\n\t<li>capabilities of parsing and managing the full entities set of IFC 2X3 TC1 standard;<\/li>\n\t<li>parsing and managing of EXPRESS INVERSE and DERIVED attributes<\/li>\n\t<li>managing of BIM in memory<\/li>\n\t<li>multi-models<\/li>\n<\/ol>\n<h3>Source code<\/h3>\n<a href=\"https:\/\/files.asuni.com\/visualarq\/legal\/licenses\/ifc-sdk-1.0.3.11.zip\">ifc-sdk-1.0.3.11.zip<\/a>\n\n[separator]\n<h2>VLD<\/h2>\n<a href=\"https:\/\/vld.codeplex.com\">https:\/\/vld.codeplex.com<\/a>\n<h3>License:<\/h3>\n<a href=\"https:\/\/vld.codeplex.com\/license\">GNU Lesser General Public License (LGPL)<\/a>\n<h3>Project Description:<\/h3>\nVisual Leak Detector is a free, robust, open-source memory leak detection system for Visual C++.\n\nIt's pretty easy to use. After installing it, you just need to tell Visual C++ where to find the included header and library file.\n\nThen it can be used with any C\/C++ project simply by adding the following line to your code:\n\n<code>#include <vld.h><\/code>\n\nWhen you run your program under the Visual Studio debugger, Visual Leak Detector will output a memory leak report at the end of your debugging session. The leak report includes the full call stack showing how any leaked memory blocks were allocated. Double-click on a line in the call stack to jump to that file and line in the editor window.\n\nIt's a very effective way to quickly diagnose, and fix, memory leaks in C\/C++ applications.","_et_gb_content_width":"","footnotes":""},"class_list":["post-11612","page","type-page","status-publish","hentry"],"yoast_head":"<!-- This site is optimized with the Yoast SEO plugin v27.3 - https:\/\/yoast.com\/product\/yoast-seo-wordpress\/ -->\n<title>Licencias de terceros - VisualARQ<\/title>\n<meta name=\"robots\" content=\"noindex, follow, max-snippet:-1, max-image-preview:large, max-video-preview:-1\" \/>\n<meta property=\"og:locale\" content=\"es_ES\" \/>\n<meta property=\"og:type\" content=\"article\" \/>\n<meta property=\"og:title\" content=\"Licencias de terceros - VisualARQ\" \/>\n<meta property=\"og:description\" content=\"CSTB IFC-SDK https:\/\/joinup.ec.europa.eu\/software\/ifc-sdk\/home Licencia: GNU Lesser General Public License (LGPL) Descripci\u00f3n: El proyecto IFC SDK proporciona un kit de desarrollo de software (SDK) para la lectura y la escritura de un modelo de informaci\u00f3n de edificios (BIM) definido en formato IFC (Industry Foundation Classes). La primera versi\u00f3n del IFC SDK se ofrece en el [&hellip;]\" \/>\n<meta property=\"og:url\" content=\"https:\/\/stg.visualarq.com\/es\/legal\/licenses\/\" \/>\n<meta property=\"og:site_name\" content=\"VisualARQ\" \/>\n<meta property=\"article:publisher\" content=\"https:\/\/www.facebook.com\/visualarq\" \/>\n<meta property=\"article:modified_time\" content=\"2019-01-02T16:28:56+00:00\" \/>\n<meta name=\"twitter:card\" content=\"summary_large_image\" \/>\n<meta name=\"twitter:site\" content=\"@VisualARQ\" \/>\n<meta name=\"twitter:label1\" content=\"Tiempo de lectura\" \/>\n\t<meta name=\"twitter:data1\" content=\"2 minutos\" \/>\n<script type=\"application\/ld+json\" class=\"yoast-schema-graph\">{\"@context\":\"https:\\\/\\\/schema.org\",\"@graph\":[{\"@type\":\"WebPage\",\"@id\":\"https:\\\/\\\/stg.visualarq.com\\\/es\\\/legal\\\/licenses\\\/\",\"url\":\"https:\\\/\\\/stg.visualarq.com\\\/es\\\/legal\\\/licenses\\\/\",\"name\":\"Licencias de terceros - VisualARQ\",\"isPartOf\":{\"@id\":\"https:\\\/\\\/stg.visualarq.com\\\/es\\\/#website\"},\"datePublished\":\"2011-09-14T00:00:00+00:00\",\"dateModified\":\"2019-01-02T16:28:56+00:00\",\"breadcrumb\":{\"@id\":\"https:\\\/\\\/stg.visualarq.com\\\/es\\\/legal\\\/licenses\\\/#breadcrumb\"},\"inLanguage\":\"es\",\"potentialAction\":[{\"@type\":\"ReadAction\",\"target\":[\"https:\\\/\\\/stg.visualarq.com\\\/es\\\/legal\\\/licenses\\\/\"]}]},{\"@type\":\"BreadcrumbList\",\"@id\":\"https:\\\/\\\/stg.visualarq.com\\\/es\\\/legal\\\/licenses\\\/#breadcrumb\",\"itemListElement\":[{\"@type\":\"ListItem\",\"position\":1,\"name\":\"Home\",\"item\":\"https:\\\/\\\/stg.visualarq.com\\\/es\\\/home\\\/\"},{\"@type\":\"ListItem\",\"position\":2,\"name\":\"Informaci\u00f3n legal\",\"item\":\"https:\\\/\\\/stg.visualarq.com\\\/es\\\/legal\\\/\"},{\"@type\":\"ListItem\",\"position\":3,\"name\":\"Licencias de terceros\"}]},{\"@type\":\"WebSite\",\"@id\":\"https:\\\/\\\/stg.visualarq.com\\\/es\\\/#website\",\"url\":\"https:\\\/\\\/stg.visualarq.com\\\/es\\\/\",\"name\":\"VisualARQ\",\"description\":\"Flexible BIM for Rhino\",\"potentialAction\":[{\"@type\":\"SearchAction\",\"target\":{\"@type\":\"EntryPoint\",\"urlTemplate\":\"https:\\\/\\\/stg.visualarq.com\\\/es\\\/?s={search_term_string}\"},\"query-input\":{\"@type\":\"PropertyValueSpecification\",\"valueRequired\":true,\"valueName\":\"search_term_string\"}}],\"inLanguage\":\"es\"}]}<\/script>\n<!-- \/ Yoast SEO plugin. -->","yoast_head_json":{"title":"Licencias de terceros - VisualARQ","robots":{"index":"noindex","follow":"follow","max-snippet":"max-snippet:-1","max-image-preview":"max-image-preview:large","max-video-preview":"max-video-preview:-1"},"og_locale":"es_ES","og_type":"article","og_title":"Licencias de terceros - VisualARQ","og_description":"CSTB IFC-SDK https:\/\/joinup.ec.europa.eu\/software\/ifc-sdk\/home Licencia: GNU Lesser General Public License (LGPL) Descripci\u00f3n: El proyecto IFC SDK proporciona un kit de desarrollo de software (SDK) para la lectura y la escritura de un modelo de informaci\u00f3n de edificios (BIM) definido en formato IFC (Industry Foundation Classes). La primera versi\u00f3n del IFC SDK se ofrece en el [&hellip;]","og_url":"https:\/\/stg.visualarq.com\/es\/legal\/licenses\/","og_site_name":"VisualARQ","article_publisher":"https:\/\/www.facebook.com\/visualarq","article_modified_time":"2019-01-02T16:28:56+00:00","twitter_card":"summary_large_image","twitter_site":"@VisualARQ","twitter_misc":{"Tiempo de lectura":"2 minutos"},"schema":{"@context":"https:\/\/schema.org","@graph":[{"@type":"WebPage","@id":"https:\/\/stg.visualarq.com\/es\/legal\/licenses\/","url":"https:\/\/stg.visualarq.com\/es\/legal\/licenses\/","name":"Licencias de terceros - VisualARQ","isPartOf":{"@id":"https:\/\/stg.visualarq.com\/es\/#website"},"datePublished":"2011-09-14T00:00:00+00:00","dateModified":"2019-01-02T16:28:56+00:00","breadcrumb":{"@id":"https:\/\/stg.visualarq.com\/es\/legal\/licenses\/#breadcrumb"},"inLanguage":"es","potentialAction":[{"@type":"ReadAction","target":["https:\/\/stg.visualarq.com\/es\/legal\/licenses\/"]}]},{"@type":"BreadcrumbList","@id":"https:\/\/stg.visualarq.com\/es\/legal\/licenses\/#breadcrumb","itemListElement":[{"@type":"ListItem","position":1,"name":"Home","item":"https:\/\/stg.visualarq.com\/es\/home\/"},{"@type":"ListItem","position":2,"name":"Informaci\u00f3n legal","item":"https:\/\/stg.visualarq.com\/es\/legal\/"},{"@type":"ListItem","position":3,"name":"Licencias de terceros"}]},{"@type":"WebSite","@id":"https:\/\/stg.visualarq.com\/es\/#website","url":"https:\/\/stg.visualarq.com\/es\/","name":"VisualARQ","description":"Flexible BIM for Rhino","potentialAction":[{"@type":"SearchAction","target":{"@type":"EntryPoint","urlTemplate":"https:\/\/stg.visualarq.com\/es\/?s={search_term_string}"},"query-input":{"@type":"PropertyValueSpecification","valueRequired":true,"valueName":"search_term_string"}}],"inLanguage":"es"}]}},"_links":{"self":[{"href":"https:\/\/stg.visualarq.com\/es\/wp-json\/wp\/v2\/pages\/11612","targetHints":{"allow":["GET"]}}],"collection":[{"href":"https:\/\/stg.visualarq.com\/es\/wp-json\/wp\/v2\/pages"}],"about":[{"href":"https:\/\/stg.visualarq.com\/es\/wp-json\/wp\/v2\/types\/page"}],"author":[{"embeddable":true,"href":"https:\/\/stg.visualarq.com\/es\/wp-json\/wp\/v2\/users\/8"}],"replies":[{"embeddable":true,"href":"https:\/\/stg.visualarq.com\/es\/wp-json\/wp\/v2\/comments?post=11612"}],"version-history":[{"count":0,"href":"https:\/\/stg.visualarq.com\/es\/wp-json\/wp\/v2\/pages\/11612\/revisions"}],"up":[{"embeddable":true,"href":"https:\/\/stg.visualarq.com\/es\/wp-json\/wp\/v2\/pages\/11573"}],"wp:attachment":[{"href":"https:\/\/stg.visualarq.com\/es\/wp-json\/wp\/v2\/media?parent=11612"}],"curies":[{"name":"wp","href":"https:\/\/api.w.org\/{rel}","templated":true}]}}