{"id":11626,"date":"2012-06-19T00:00:00","date_gmt":"2012-06-19T00:00:00","guid":{"rendered":"https:\/\/stg.visualarq.com\/download\/no-updates\/"},"modified":"2023-04-13T10:11:43","modified_gmt":"2023-04-13T10:11:43","slug":"no-updates","status":"publish","type":"page","link":"https:\/\/stg.visualarq.com\/es\/download\/no-updates\/","title":{"rendered":"No hay actualizaciones"},"content":{"rendered":"[et_pb_section fb_built=\u00bb1&#8243; _builder_version=\u00bb4.16&#8243; global_colors_info=\u00bb{}\u00bb][et_pb_row _builder_version=\u00bb4.16&#8243; background_size=\u00bbinitial\u00bb background_position=\u00bbtop_left\u00bb background_repeat=\u00bbrepeat\u00bb global_colors_info=\u00bb{}\u00bb][et_pb_column type=\u00bb4_4&#8243; _builder_version=\u00bb4.16&#8243; custom_padding=\u00bb|||\u00bb global_colors_info=\u00bb{}\u00bb custom_padding__hover=\u00bb|||\u00bb][et_pb_text _builder_version=\u00bb4.16&#8243; background_size=\u00bbinitial\u00bb background_position=\u00bbtop_left\u00bb background_repeat=\u00bbrepeat\u00bb global_colors_info=\u00bb{}\u00bb]<h1>Tiene la \u00faltima versi\u00f3n.<\/h1>\n<p>Su versi\u00f3n est\u00e1 actualizada.<\/p>\n<p>Si ha llegado a esta p\u00e1gina porque tiene problemas con VisualARQ, p\u00f3ngase en contacto con nostros a trav\u00e9s de:\u00a0<\/p>\n<ul>\n<li>E-mail: <a href=\"mailto:visualarq@asuni.com\">visualarq@asuni.com<\/a><\/li>\n<li>Tel: +34 93 319 6868<\/li>\n<\/ul>[\/et_pb_text][\/et_pb_column][\/et_pb_row][\/et_pb_section]","protected":false},"excerpt":{"rendered":"<p>Tiene la \u00faltima versi\u00f3n. Su versi\u00f3n est\u00e1 actualizada. Si ha llegado a esta p\u00e1gina porque tiene problemas con VisualARQ, p\u00f3ngase en contacto con nostros a trav\u00e9s de:\u00a0 E-mail: visualarq@asuni.com Tel: +34 93 319 6868<\/p>\n","protected":false},"author":8,"featured_media":0,"parent":11698,"menu_order":0,"comment_status":"closed","ping_status":"closed","template":"","meta":{"_et_pb_use_builder":"on","_et_pb_old_content":"<h1>You have the latest version.<\/h1>\r\n<p>Your version is up to date.<\/p>\r\n<p>If you are here because you are experiencing problems with VisualARQ, please contact us at:\u00a0<\/p>\r\n<ul>\r\n<li>E-mail: <a href=\"mailto:visualarq@asuni.com\">visualarq@asuni.com<\/a><\/li>\r\n<li>Phone: +34 93 319 6868<\/li>\r\n<\/ul>","_et_gb_content_width":"","footnotes":""},"class_list":["post-11626","page","type-page","status-publish","hentry"],"yoast_head":"<!-- This site is optimized with the Yoast SEO plugin v27.3 - https:\/\/yoast.com\/product\/yoast-seo-wordpress\/ -->\n<title>No hay actualizaciones - VisualARQ<\/title>\n<meta name=\"robots\" content=\"noindex, follow, max-snippet:-1, max-image-preview:large, max-video-preview:-1\" \/>\n<meta property=\"og:locale\" content=\"es_ES\" \/>\n<meta property=\"og:type\" content=\"article\" \/>\n<meta property=\"og:title\" content=\"No hay actualizaciones - VisualARQ\" \/>\n<meta property=\"og:description\" content=\"Tiene la \u00faltima versi\u00f3n. Su versi\u00f3n est\u00e1 actualizada. Si ha llegado a esta p\u00e1gina porque tiene problemas con VisualARQ, p\u00f3ngase en contacto con nostros a trav\u00e9s de:\u00a0 E-mail: visualarq@asuni.com Tel: +34 93 319 6868\" \/>\n<meta property=\"og:url\" content=\"https:\/\/stg.visualarq.com\/es\/download\/no-updates\/\" \/>\n<meta property=\"og:site_name\" content=\"VisualARQ\" \/>\n<meta property=\"article:publisher\" content=\"https:\/\/www.facebook.com\/visualarq\" \/>\n<meta property=\"article:modified_time\" content=\"2023-04-13T10:11:43+00:00\" \/>\n<meta name=\"twitter:card\" content=\"summary_large_image\" \/>\n<meta name=\"twitter:site\" content=\"@VisualARQ\" \/>\n<meta name=\"twitter:label1\" content=\"Tiempo de lectura\" \/>\n\t<meta name=\"twitter:data1\" content=\"1 minuto\" \/>\n<script type=\"application\/ld+json\" class=\"yoast-schema-graph\">{\"@context\":\"https:\\\/\\\/schema.org\",\"@graph\":[{\"@type\":\"WebPage\",\"@id\":\"https:\\\/\\\/stg.visualarq.com\\\/es\\\/download\\\/no-updates\\\/\",\"url\":\"https:\\\/\\\/stg.visualarq.com\\\/es\\\/download\\\/no-updates\\\/\",\"name\":\"No hay actualizaciones - VisualARQ\",\"isPartOf\":{\"@id\":\"https:\\\/\\\/stg.visualarq.com\\\/es\\\/#website\"},\"datePublished\":\"2012-06-19T00:00:00+00:00\",\"dateModified\":\"2023-04-13T10:11:43+00:00\",\"breadcrumb\":{\"@id\":\"https:\\\/\\\/stg.visualarq.com\\\/es\\\/download\\\/no-updates\\\/#breadcrumb\"},\"inLanguage\":\"es\",\"potentialAction\":[{\"@type\":\"ReadAction\",\"target\":[\"https:\\\/\\\/stg.visualarq.com\\\/es\\\/download\\\/no-updates\\\/\"]}]},{\"@type\":\"BreadcrumbList\",\"@id\":\"https:\\\/\\\/stg.visualarq.com\\\/es\\\/download\\\/no-updates\\\/#breadcrumb\",\"itemListElement\":[{\"@type\":\"ListItem\",\"position\":1,\"name\":\"Home\",\"item\":\"https:\\\/\\\/stg.visualarq.com\\\/es\\\/home\\\/\"},{\"@type\":\"ListItem\",\"position\":2,\"name\":\"Descargar\",\"item\":\"https:\\\/\\\/stg.visualarq.com\\\/es\\\/download\\\/\"},{\"@type\":\"ListItem\",\"position\":3,\"name\":\"No hay actualizaciones\"}]},{\"@type\":\"WebSite\",\"@id\":\"https:\\\/\\\/stg.visualarq.com\\\/es\\\/#website\",\"url\":\"https:\\\/\\\/stg.visualarq.com\\\/es\\\/\",\"name\":\"VisualARQ\",\"description\":\"Flexible BIM for Rhino\",\"potentialAction\":[{\"@type\":\"SearchAction\",\"target\":{\"@type\":\"EntryPoint\",\"urlTemplate\":\"https:\\\/\\\/stg.visualarq.com\\\/es\\\/?s={search_term_string}\"},\"query-input\":{\"@type\":\"PropertyValueSpecification\",\"valueRequired\":true,\"valueName\":\"search_term_string\"}}],\"inLanguage\":\"es\"}]}<\/script>\n<!-- \/ Yoast SEO plugin. -->","yoast_head_json":{"title":"No hay actualizaciones - VisualARQ","robots":{"index":"noindex","follow":"follow","max-snippet":"max-snippet:-1","max-image-preview":"max-image-preview:large","max-video-preview":"max-video-preview:-1"},"og_locale":"es_ES","og_type":"article","og_title":"No hay actualizaciones - VisualARQ","og_description":"Tiene la \u00faltima versi\u00f3n. Su versi\u00f3n est\u00e1 actualizada. Si ha llegado a esta p\u00e1gina porque tiene problemas con VisualARQ, p\u00f3ngase en contacto con nostros a trav\u00e9s de:\u00a0 E-mail: visualarq@asuni.com Tel: +34 93 319 6868","og_url":"https:\/\/stg.visualarq.com\/es\/download\/no-updates\/","og_site_name":"VisualARQ","article_publisher":"https:\/\/www.facebook.com\/visualarq","article_modified_time":"2023-04-13T10:11:43+00:00","twitter_card":"summary_large_image","twitter_site":"@VisualARQ","twitter_misc":{"Tiempo de lectura":"1 minuto"},"schema":{"@context":"https:\/\/schema.org","@graph":[{"@type":"WebPage","@id":"https:\/\/stg.visualarq.com\/es\/download\/no-updates\/","url":"https:\/\/stg.visualarq.com\/es\/download\/no-updates\/","name":"No hay actualizaciones - VisualARQ","isPartOf":{"@id":"https:\/\/stg.visualarq.com\/es\/#website"},"datePublished":"2012-06-19T00:00:00+00:00","dateModified":"2023-04-13T10:11:43+00:00","breadcrumb":{"@id":"https:\/\/stg.visualarq.com\/es\/download\/no-updates\/#breadcrumb"},"inLanguage":"es","potentialAction":[{"@type":"ReadAction","target":["https:\/\/stg.visualarq.com\/es\/download\/no-updates\/"]}]},{"@type":"BreadcrumbList","@id":"https:\/\/stg.visualarq.com\/es\/download\/no-updates\/#breadcrumb","itemListElement":[{"@type":"ListItem","position":1,"name":"Home","item":"https:\/\/stg.visualarq.com\/es\/home\/"},{"@type":"ListItem","position":2,"name":"Descargar","item":"https:\/\/stg.visualarq.com\/es\/download\/"},{"@type":"ListItem","position":3,"name":"No hay actualizaciones"}]},{"@type":"WebSite","@id":"https:\/\/stg.visualarq.com\/es\/#website","url":"https:\/\/stg.visualarq.com\/es\/","name":"VisualARQ","description":"Flexible BIM for Rhino","potentialAction":[{"@type":"SearchAction","target":{"@type":"EntryPoint","urlTemplate":"https:\/\/stg.visualarq.com\/es\/?s={search_term_string}"},"query-input":{"@type":"PropertyValueSpecification","valueRequired":true,"valueName":"search_term_string"}}],"inLanguage":"es"}]}},"_links":{"self":[{"href":"https:\/\/stg.visualarq.com\/es\/wp-json\/wp\/v2\/pages\/11626","targetHints":{"allow":["GET"]}}],"collection":[{"href":"https:\/\/stg.visualarq.com\/es\/wp-json\/wp\/v2\/pages"}],"about":[{"href":"https:\/\/stg.visualarq.com\/es\/wp-json\/wp\/v2\/types\/page"}],"author":[{"embeddable":true,"href":"https:\/\/stg.visualarq.com\/es\/wp-json\/wp\/v2\/users\/8"}],"replies":[{"embeddable":true,"href":"https:\/\/stg.visualarq.com\/es\/wp-json\/wp\/v2\/comments?post=11626"}],"version-history":[{"count":0,"href":"https:\/\/stg.visualarq.com\/es\/wp-json\/wp\/v2\/pages\/11626\/revisions"}],"up":[{"embeddable":true,"href":"https:\/\/stg.visualarq.com\/es\/wp-json\/wp\/v2\/pages\/11698"}],"wp:attachment":[{"href":"https:\/\/stg.visualarq.com\/es\/wp-json\/wp\/v2\/media?parent=11626"}],"curies":[{"name":"wp","href":"https:\/\/api.w.org\/{rel}","templated":true}]}}