{"id":11628,"date":"2012-09-03T00:00:00","date_gmt":"2012-09-03T00:00:00","guid":{"rendered":"https:\/\/stg.visualarq.com\/sales\/what-is-a-lab-license\/"},"modified":"2020-05-27T14:37:20","modified_gmt":"2020-05-27T14:37:20","slug":"what-is-a-lab-license","status":"publish","type":"page","link":"https:\/\/stg.visualarq.com\/es\/sales\/what-is-a-lab-license\/","title":{"rendered":"\u00bfQu\u00e9 es una licencia Lab?"},"content":{"rendered":"<h1><strong>Licencia Lab<\/strong>:<\/h1>\r\n<ul>\r\n<li>es <strong>solo para escuelas<\/strong><strong>\u00a0<\/strong><em> (<a href=\"\/es\/sales\/proof-of-academic-status\/\">se requiere una certificar la condici\u00f3n centro docente o instituci\u00f3n acad\u00e9mica<\/a>).<\/em><\/li>\r\n<\/ul>\r\n<ul>\r\n<li>es una licencia para usar VisualARQ en todos los equipos de <strong>una sola clase<\/strong> o <strong>aula<\/strong> (una sala) y el equipo del profesor. No se necesita una red.<\/li>\r\n<li> &#8230;o bien, es una licencia flotante para usar VisualARQ en <strong>30 equipos<\/strong> online mediante <b><a href=\"https:\/\/stg.visualarq.com\/es\/info\/license-modes\/#Cloud\">Cloud Zoo<\/b><\/a> o dentro de un departmento a trav\u00e9s del <a href=\"https:\/\/stg.visualarq.com\/es\/info\/license-modes\/#Zoo\"><b>servidor en red del Zoo<\/b><\/a>.<\/li>\r\n<\/ul>","protected":false},"excerpt":{"rendered":"<p>Licencia Lab: es solo para escuelas\u00a0 (se requiere una certificar la condici\u00f3n centro docente o instituci\u00f3n acad\u00e9mica). es una licencia para usar VisualARQ en todos los equipos de una sola clase o aula (una sala) y el equipo del profesor. No se necesita una red. &#8230;o bien, es una licencia flotante para usar VisualARQ en [&hellip;]<\/p>\n","protected":false},"author":6,"featured_media":0,"parent":11563,"menu_order":0,"comment_status":"closed","ping_status":"closed","template":"","meta":{"_et_pb_use_builder":"","_et_pb_old_content":"","_et_gb_content_width":"","footnotes":""},"class_list":["post-11628","page","type-page","status-publish","hentry"],"yoast_head":"<!-- This site is optimized with the Yoast SEO plugin v27.3 - https:\/\/yoast.com\/product\/yoast-seo-wordpress\/ -->\n<title>\u00bfQu\u00e9 es una licencia Lab? - VisualARQ<\/title>\n<meta name=\"robots\" content=\"noindex, follow, max-snippet:-1, max-image-preview:large, max-video-preview:-1\" \/>\n<meta property=\"og:locale\" content=\"es_ES\" \/>\n<meta property=\"og:type\" content=\"article\" \/>\n<meta property=\"og:title\" content=\"\u00bfQu\u00e9 es una licencia Lab? - VisualARQ\" \/>\n<meta property=\"og:description\" content=\"Licencia Lab: es solo para escuelas\u00a0 (se requiere una certificar la condici\u00f3n centro docente o instituci\u00f3n acad\u00e9mica). es una licencia para usar VisualARQ en todos los equipos de una sola clase o aula (una sala) y el equipo del profesor. No se necesita una red. &#8230;o bien, es una licencia flotante para usar VisualARQ en [&hellip;]\" \/>\n<meta property=\"og:url\" content=\"https:\/\/stg.visualarq.com\/es\/sales\/what-is-a-lab-license\/\" \/>\n<meta property=\"og:site_name\" content=\"VisualARQ\" \/>\n<meta property=\"article:publisher\" content=\"https:\/\/www.facebook.com\/visualarq\" \/>\n<meta property=\"article:modified_time\" content=\"2020-05-27T14:37:20+00:00\" \/>\n<meta name=\"twitter:card\" content=\"summary_large_image\" \/>\n<meta name=\"twitter:site\" content=\"@VisualARQ\" \/>\n<script type=\"application\/ld+json\" class=\"yoast-schema-graph\">{\"@context\":\"https:\\\/\\\/schema.org\",\"@graph\":[{\"@type\":\"WebPage\",\"@id\":\"https:\\\/\\\/stg.visualarq.com\\\/es\\\/sales\\\/what-is-a-lab-license\\\/\",\"url\":\"https:\\\/\\\/stg.visualarq.com\\\/es\\\/sales\\\/what-is-a-lab-license\\\/\",\"name\":\"\u00bfQu\u00e9 es una licencia Lab? - VisualARQ\",\"isPartOf\":{\"@id\":\"https:\\\/\\\/stg.visualarq.com\\\/es\\\/#website\"},\"datePublished\":\"2012-09-03T00:00:00+00:00\",\"dateModified\":\"2020-05-27T14:37:20+00:00\",\"breadcrumb\":{\"@id\":\"https:\\\/\\\/stg.visualarq.com\\\/es\\\/sales\\\/what-is-a-lab-license\\\/#breadcrumb\"},\"inLanguage\":\"es\",\"potentialAction\":[{\"@type\":\"ReadAction\",\"target\":[\"https:\\\/\\\/stg.visualarq.com\\\/es\\\/sales\\\/what-is-a-lab-license\\\/\"]}]},{\"@type\":\"BreadcrumbList\",\"@id\":\"https:\\\/\\\/stg.visualarq.com\\\/es\\\/sales\\\/what-is-a-lab-license\\\/#breadcrumb\",\"itemListElement\":[{\"@type\":\"ListItem\",\"position\":1,\"name\":\"Home\",\"item\":\"https:\\\/\\\/stg.visualarq.com\\\/es\\\/home\\\/\"},{\"@type\":\"ListItem\",\"position\":2,\"name\":\"Ventas\",\"item\":\"https:\\\/\\\/stg.visualarq.com\\\/es\\\/sales\\\/\"},{\"@type\":\"ListItem\",\"position\":3,\"name\":\"\u00bfQu\u00e9 es una licencia Lab?\"}]},{\"@type\":\"WebSite\",\"@id\":\"https:\\\/\\\/stg.visualarq.com\\\/es\\\/#website\",\"url\":\"https:\\\/\\\/stg.visualarq.com\\\/es\\\/\",\"name\":\"VisualARQ\",\"description\":\"Flexible BIM for Rhino\",\"potentialAction\":[{\"@type\":\"SearchAction\",\"target\":{\"@type\":\"EntryPoint\",\"urlTemplate\":\"https:\\\/\\\/stg.visualarq.com\\\/es\\\/?s={search_term_string}\"},\"query-input\":{\"@type\":\"PropertyValueSpecification\",\"valueRequired\":true,\"valueName\":\"search_term_string\"}}],\"inLanguage\":\"es\"}]}<\/script>\n<!-- \/ Yoast SEO plugin. -->","yoast_head_json":{"title":"\u00bfQu\u00e9 es una licencia Lab? - VisualARQ","robots":{"index":"noindex","follow":"follow","max-snippet":"max-snippet:-1","max-image-preview":"max-image-preview:large","max-video-preview":"max-video-preview:-1"},"og_locale":"es_ES","og_type":"article","og_title":"\u00bfQu\u00e9 es una licencia Lab? - VisualARQ","og_description":"Licencia Lab: es solo para escuelas\u00a0 (se requiere una certificar la condici\u00f3n centro docente o instituci\u00f3n acad\u00e9mica). es una licencia para usar VisualARQ en todos los equipos de una sola clase o aula (una sala) y el equipo del profesor. No se necesita una red. &#8230;o bien, es una licencia flotante para usar VisualARQ en [&hellip;]","og_url":"https:\/\/stg.visualarq.com\/es\/sales\/what-is-a-lab-license\/","og_site_name":"VisualARQ","article_publisher":"https:\/\/www.facebook.com\/visualarq","article_modified_time":"2020-05-27T14:37:20+00:00","twitter_card":"summary_large_image","twitter_site":"@VisualARQ","schema":{"@context":"https:\/\/schema.org","@graph":[{"@type":"WebPage","@id":"https:\/\/stg.visualarq.com\/es\/sales\/what-is-a-lab-license\/","url":"https:\/\/stg.visualarq.com\/es\/sales\/what-is-a-lab-license\/","name":"\u00bfQu\u00e9 es una licencia Lab? - VisualARQ","isPartOf":{"@id":"https:\/\/stg.visualarq.com\/es\/#website"},"datePublished":"2012-09-03T00:00:00+00:00","dateModified":"2020-05-27T14:37:20+00:00","breadcrumb":{"@id":"https:\/\/stg.visualarq.com\/es\/sales\/what-is-a-lab-license\/#breadcrumb"},"inLanguage":"es","potentialAction":[{"@type":"ReadAction","target":["https:\/\/stg.visualarq.com\/es\/sales\/what-is-a-lab-license\/"]}]},{"@type":"BreadcrumbList","@id":"https:\/\/stg.visualarq.com\/es\/sales\/what-is-a-lab-license\/#breadcrumb","itemListElement":[{"@type":"ListItem","position":1,"name":"Home","item":"https:\/\/stg.visualarq.com\/es\/home\/"},{"@type":"ListItem","position":2,"name":"Ventas","item":"https:\/\/stg.visualarq.com\/es\/sales\/"},{"@type":"ListItem","position":3,"name":"\u00bfQu\u00e9 es una licencia Lab?"}]},{"@type":"WebSite","@id":"https:\/\/stg.visualarq.com\/es\/#website","url":"https:\/\/stg.visualarq.com\/es\/","name":"VisualARQ","description":"Flexible BIM for Rhino","potentialAction":[{"@type":"SearchAction","target":{"@type":"EntryPoint","urlTemplate":"https:\/\/stg.visualarq.com\/es\/?s={search_term_string}"},"query-input":{"@type":"PropertyValueSpecification","valueRequired":true,"valueName":"search_term_string"}}],"inLanguage":"es"}]}},"_links":{"self":[{"href":"https:\/\/stg.visualarq.com\/es\/wp-json\/wp\/v2\/pages\/11628","targetHints":{"allow":["GET"]}}],"collection":[{"href":"https:\/\/stg.visualarq.com\/es\/wp-json\/wp\/v2\/pages"}],"about":[{"href":"https:\/\/stg.visualarq.com\/es\/wp-json\/wp\/v2\/types\/page"}],"author":[{"embeddable":true,"href":"https:\/\/stg.visualarq.com\/es\/wp-json\/wp\/v2\/users\/6"}],"replies":[{"embeddable":true,"href":"https:\/\/stg.visualarq.com\/es\/wp-json\/wp\/v2\/comments?post=11628"}],"version-history":[{"count":0,"href":"https:\/\/stg.visualarq.com\/es\/wp-json\/wp\/v2\/pages\/11628\/revisions"}],"up":[{"embeddable":true,"href":"https:\/\/stg.visualarq.com\/es\/wp-json\/wp\/v2\/pages\/11563"}],"wp:attachment":[{"href":"https:\/\/stg.visualarq.com\/es\/wp-json\/wp\/v2\/media?parent=11628"}],"curies":[{"name":"wp","href":"https:\/\/api.w.org\/{rel}","templated":true}]}}