{"id":11636,"date":"2013-06-20T00:00:00","date_gmt":"2013-06-20T00:00:00","guid":{"rendered":"https:\/\/stg.visualarq.com\/download\/savanna\/"},"modified":"2019-05-13T10:13:58","modified_gmt":"2019-05-13T10:13:58","slug":"savanna","status":"publish","type":"page","link":"https:\/\/stg.visualarq.com\/es\/download\/savanna\/","title":{"rendered":"Savanna 3D"},"content":{"rendered":"<h1>Gracias por comprar Savanna 3D<\/h1>\r\n<p>La descarga del instalador de <strong>Savanna 3D<\/strong> empezar\u00e1 en unos segundos. Si la descarga no empieza autom\u00e1ticamente, <a href=\"[download-link]\">haga clic aqu\u00ed<\/a>.<\/p>\r\n<br>\r\n<h2>Requisitos<\/h2>\r\n<ul>\r\n<li>Windows 2000 \/ XP \/ Vista \/ 7 (32 y 64 bits) o posterior<\/li>\r\n<li>Rhinoceros 6<\/li>\r\n<\/ul>\r\n<h2>Instrucciones de instalaci\u00f3n<\/h2>\r\n<ul>\r\n<li>Siga las instrucciones en pantalla para guardar el archivo en el disco duro.<\/li>\r\n<li>Cierre cualquier instancia de Rhinoceros en ejecuci\u00f3n.<\/li>\r\n<li>Si ten\u00eda una versi\u00f3n anterior de Savanna 3D instalada, desinst\u00e1lela primero con la opci\u00f3n \u00abAgregar o eliminar programas\u00bb del panel de control de Windows\u00ae.<\/li>\r\n<li>Ejecute el instalador descargado y siga las instrucciones en pantalla hasta finalizar la instalaci\u00f3n.<\/li>\r\n<li>Si es necesario reiniciar, reinicie el equipo antes de ejecutar Rhinoceros.<\/li>\r\n<\/ul>","protected":false},"excerpt":{"rendered":"<p>Gracias por comprar Savanna 3D La descarga del instalador de Savanna 3D empezar\u00e1 en unos segundos. Si la descarga no empieza autom\u00e1ticamente, haga clic aqu\u00ed. Requisitos Windows 2000 \/ XP \/ Vista \/ 7 (32 y 64 bits) o posterior Rhinoceros 6 Instrucciones de instalaci\u00f3n Siga las instrucciones en pantalla para guardar el archivo en [&hellip;]<\/p>\n","protected":false},"author":4,"featured_media":0,"parent":11698,"menu_order":0,"comment_status":"closed","ping_status":"closed","template":"page-download.php","meta":{"_et_pb_use_builder":"","_et_pb_old_content":"","_et_gb_content_width":"","footnotes":""},"class_list":["post-11636","page","type-page","status-publish","hentry"],"yoast_head":"<!-- This site is optimized with the Yoast SEO plugin v27.2 - https:\/\/yoast.com\/product\/yoast-seo-wordpress\/ -->\n<title>Savanna 3D - VisualARQ<\/title>\n<meta name=\"robots\" content=\"noindex, follow, max-snippet:-1, max-image-preview:large, max-video-preview:-1\" \/>\n<meta property=\"og:locale\" content=\"es_ES\" \/>\n<meta property=\"og:type\" content=\"article\" \/>\n<meta property=\"og:title\" content=\"Savanna 3D - VisualARQ\" \/>\n<meta property=\"og:description\" content=\"Gracias por comprar Savanna 3D La descarga del instalador de Savanna 3D empezar\u00e1 en unos segundos. Si la descarga no empieza autom\u00e1ticamente, haga clic aqu\u00ed. Requisitos Windows 2000 \/ XP \/ Vista \/ 7 (32 y 64 bits) o posterior Rhinoceros 6 Instrucciones de instalaci\u00f3n Siga las instrucciones en pantalla para guardar el archivo en [&hellip;]\" \/>\n<meta property=\"og:url\" content=\"https:\/\/stg.visualarq.com\/es\/download\/savanna\/\" \/>\n<meta property=\"og:site_name\" content=\"VisualARQ\" \/>\n<meta property=\"article:publisher\" content=\"https:\/\/www.facebook.com\/visualarq\" \/>\n<meta property=\"article:modified_time\" content=\"2019-05-13T10:13:58+00:00\" \/>\n<meta name=\"twitter:card\" content=\"summary_large_image\" \/>\n<meta name=\"twitter:site\" content=\"@VisualARQ\" \/>\n<meta name=\"twitter:label1\" content=\"Tiempo de lectura\" \/>\n\t<meta name=\"twitter:data1\" content=\"1 minuto\" \/>\n<script type=\"application\/ld+json\" class=\"yoast-schema-graph\">{\"@context\":\"https:\/\/schema.org\",\"@graph\":[{\"@type\":\"WebPage\",\"@id\":\"https:\/\/stg.visualarq.com\/es\/download\/savanna\/\",\"url\":\"https:\/\/stg.visualarq.com\/es\/download\/savanna\/\",\"name\":\"Savanna 3D - VisualARQ\",\"isPartOf\":{\"@id\":\"https:\/\/stg.visualarq.com\/es\/#website\"},\"datePublished\":\"2013-06-20T00:00:00+00:00\",\"dateModified\":\"2019-05-13T10:13:58+00:00\",\"breadcrumb\":{\"@id\":\"https:\/\/stg.visualarq.com\/es\/download\/savanna\/#breadcrumb\"},\"inLanguage\":\"es\",\"potentialAction\":[{\"@type\":\"ReadAction\",\"target\":[\"https:\/\/stg.visualarq.com\/es\/download\/savanna\/\"]}]},{\"@type\":\"BreadcrumbList\",\"@id\":\"https:\/\/stg.visualarq.com\/es\/download\/savanna\/#breadcrumb\",\"itemListElement\":[{\"@type\":\"ListItem\",\"position\":1,\"name\":\"Home\",\"item\":\"https:\/\/stg.visualarq.com\/es\/home\/\"},{\"@type\":\"ListItem\",\"position\":2,\"name\":\"Descargar\",\"item\":\"https:\/\/stg.visualarq.com\/es\/download\/\"},{\"@type\":\"ListItem\",\"position\":3,\"name\":\"Savanna 3D\"}]},{\"@type\":\"WebSite\",\"@id\":\"https:\/\/stg.visualarq.com\/es\/#website\",\"url\":\"https:\/\/stg.visualarq.com\/es\/\",\"name\":\"VisualARQ\",\"description\":\"Flexible BIM for Rhino\",\"potentialAction\":[{\"@type\":\"SearchAction\",\"target\":{\"@type\":\"EntryPoint\",\"urlTemplate\":\"https:\/\/stg.visualarq.com\/es\/?s={search_term_string}\"},\"query-input\":{\"@type\":\"PropertyValueSpecification\",\"valueRequired\":true,\"valueName\":\"search_term_string\"}}],\"inLanguage\":\"es\"}]}<\/script>\n<!-- \/ Yoast SEO plugin. -->","yoast_head_json":{"title":"Savanna 3D - VisualARQ","robots":{"index":"noindex","follow":"follow","max-snippet":"max-snippet:-1","max-image-preview":"max-image-preview:large","max-video-preview":"max-video-preview:-1"},"og_locale":"es_ES","og_type":"article","og_title":"Savanna 3D - VisualARQ","og_description":"Gracias por comprar Savanna 3D La descarga del instalador de Savanna 3D empezar\u00e1 en unos segundos. Si la descarga no empieza autom\u00e1ticamente, haga clic aqu\u00ed. Requisitos Windows 2000 \/ XP \/ Vista \/ 7 (32 y 64 bits) o posterior Rhinoceros 6 Instrucciones de instalaci\u00f3n Siga las instrucciones en pantalla para guardar el archivo en [&hellip;]","og_url":"https:\/\/stg.visualarq.com\/es\/download\/savanna\/","og_site_name":"VisualARQ","article_publisher":"https:\/\/www.facebook.com\/visualarq","article_modified_time":"2019-05-13T10:13:58+00:00","twitter_card":"summary_large_image","twitter_site":"@VisualARQ","twitter_misc":{"Tiempo de lectura":"1 minuto"},"schema":{"@context":"https:\/\/schema.org","@graph":[{"@type":"WebPage","@id":"https:\/\/stg.visualarq.com\/es\/download\/savanna\/","url":"https:\/\/stg.visualarq.com\/es\/download\/savanna\/","name":"Savanna 3D - VisualARQ","isPartOf":{"@id":"https:\/\/stg.visualarq.com\/es\/#website"},"datePublished":"2013-06-20T00:00:00+00:00","dateModified":"2019-05-13T10:13:58+00:00","breadcrumb":{"@id":"https:\/\/stg.visualarq.com\/es\/download\/savanna\/#breadcrumb"},"inLanguage":"es","potentialAction":[{"@type":"ReadAction","target":["https:\/\/stg.visualarq.com\/es\/download\/savanna\/"]}]},{"@type":"BreadcrumbList","@id":"https:\/\/stg.visualarq.com\/es\/download\/savanna\/#breadcrumb","itemListElement":[{"@type":"ListItem","position":1,"name":"Home","item":"https:\/\/stg.visualarq.com\/es\/home\/"},{"@type":"ListItem","position":2,"name":"Descargar","item":"https:\/\/stg.visualarq.com\/es\/download\/"},{"@type":"ListItem","position":3,"name":"Savanna 3D"}]},{"@type":"WebSite","@id":"https:\/\/stg.visualarq.com\/es\/#website","url":"https:\/\/stg.visualarq.com\/es\/","name":"VisualARQ","description":"Flexible BIM for Rhino","potentialAction":[{"@type":"SearchAction","target":{"@type":"EntryPoint","urlTemplate":"https:\/\/stg.visualarq.com\/es\/?s={search_term_string}"},"query-input":{"@type":"PropertyValueSpecification","valueRequired":true,"valueName":"search_term_string"}}],"inLanguage":"es"}]}},"_links":{"self":[{"href":"https:\/\/stg.visualarq.com\/es\/wp-json\/wp\/v2\/pages\/11636","targetHints":{"allow":["GET"]}}],"collection":[{"href":"https:\/\/stg.visualarq.com\/es\/wp-json\/wp\/v2\/pages"}],"about":[{"href":"https:\/\/stg.visualarq.com\/es\/wp-json\/wp\/v2\/types\/page"}],"author":[{"embeddable":true,"href":"https:\/\/stg.visualarq.com\/es\/wp-json\/wp\/v2\/users\/4"}],"replies":[{"embeddable":true,"href":"https:\/\/stg.visualarq.com\/es\/wp-json\/wp\/v2\/comments?post=11636"}],"version-history":[{"count":0,"href":"https:\/\/stg.visualarq.com\/es\/wp-json\/wp\/v2\/pages\/11636\/revisions"}],"up":[{"embeddable":true,"href":"https:\/\/stg.visualarq.com\/es\/wp-json\/wp\/v2\/pages\/11698"}],"wp:attachment":[{"href":"https:\/\/stg.visualarq.com\/es\/wp-json\/wp\/v2\/media?parent=11636"}],"curies":[{"name":"wp","href":"https:\/\/api.w.org\/{rel}","templated":true}]}}