{"id":11640,"date":"2014-03-25T00:00:00","date_gmt":"2014-03-25T00:00:00","guid":{"rendered":"https:\/\/stg.visualarq.com\/download\/purchase\/"},"modified":"2022-02-24T17:39:28","modified_gmt":"2022-02-24T17:39:28","slug":"purchase","status":"publish","type":"page","link":"https:\/\/stg.visualarq.com\/es\/download\/purchase\/","title":{"rendered":"Comprar"},"content":{"rendered":"[et_pb_section fb_built=\u00bb1&#8243; _builder_version=\u00bb3.22&#8243; global_colors_info=\u00bb{}\u00bb][et_pb_row column_structure=\u00bb1_2,1_2&#8243; _builder_version=\u00bb3.25&#8243; background_size=\u00bbinitial\u00bb background_position=\u00bbtop_left\u00bb background_repeat=\u00bbrepeat\u00bb global_colors_info=\u00bb{}\u00bb][et_pb_column type=\u00bb1_2&#8243; _builder_version=\u00bb3.25&#8243; custom_padding=\u00bb|||\u00bb global_colors_info=\u00bb{}\u00bb custom_padding__hover=\u00bb|||\u00bb][et_pb_text _builder_version=\u00bb3.27.4&#8243; border_style=\u00bbsolid\u00bb global_colors_info=\u00bb{}\u00bb]<h1>\u00a1Gracias por comprar VisualARQ!<\/h1>\n<p>Rellene el formulario para descargar la \u00faltima versi\u00f3n de VisualARQ (<a href=\"https:\/\/stg.visualarq.com\/es\/info\/whats-new\/\">consulte las novedades<\/a>). Utilice el c\u00f3digo de licencia (CDKEY) que recibi\u00f3 junto con su pedido.<\/p>\n<p>Compruebe su correo, incluida la carpeta de SPAM. Incluya la direcci\u00f3n \u00ab<a href=\"mailto:visualarq@asuni.com\">visualarq@asuni.com<\/a>\u00bb en su lista de correos permitidos para recibir mensajes de VisualARQ.<\/p>\n<p>&nbsp;<\/p>\n<h2>Recuerde:<\/h2>\n<ul>\n<li>Utilice el c\u00f3digo de licencia para <a href=\"https:\/\/stg.visualarq.com\/es\/download\/update\/\"><strong>descargar las actualizaciones de VisualARQ <\/strong><\/a>\u00a0cuando haya nuevas versiones disponibles.<\/li>\n<li>Visite el  <a href=\"https:\/\/discourse.mcneel.com\/c\/visualarq\/\"><strong>Foro de VisualARQ<\/strong><\/a> para publicar sus proyectos, resolver sus dudas o compartir ideas con otros usuarios.<\/li>\n<li><a href=\"mailto:visualarq@asuni.com\"><strong>Contacte con nosotros<\/strong><\/a> si tiene cualquier problema, pregunta o solicitud. Estaremos encantados de ayudarle.<\/li>\n<\/ul>\n<h2>Material de aprendizaje:<\/h2>\n<ul>\n<li><strong>Ayuda<\/strong>: el archivo de Ayuda est\u00e1 disponible en el men\u00fa desplegable de Rhino despu\u00e9s de instalar VisualARQ.<\/li>\n<li><strong><a href=\"https:\/\/stg.visualarq.com\/es\/learn\/video-tutorial\/\">Tutorial en v\u00eddeo<\/a><\/strong>: este tutorial paso a paso le guiar\u00e1 por las funciones de VisualARQ con el proyecto de modelado de Ville Savoye.<\/li>\n<li><a href=\"https:\/\/stg.visualarq.com\/es\/learn\/videos\/\"><strong>Galer\u00eda de v\u00eddeos<\/strong><\/a><\/li>\n<li><a href=\"https:\/\/stg.visualarq.com\/es\/support\/tips\/\"><strong>Sugerencias y trucos<\/strong><\/a><\/li>\n<\/ul>[\/et_pb_text][\/et_pb_column][et_pb_column type=\u00bb1_2&#8243; _builder_version=\u00bb3.25&#8243; custom_padding=\u00bb|||\u00bb global_colors_info=\u00bb{}\u00bb custom_padding__hover=\u00bb|||\u00bb][et_pb_text _builder_version=\u00bb3.27.4&#8243; border_style=\u00bbsolid\u00bb global_colors_info=\u00bb{}\u00bb]<div class=\"div-sobre-iframe\"><iframe loading=\"lazy\" onload=\"iFrameResize()\" src=\"https:\/\/fz2.asuni.com\/form\/?fz=53&lang=es\" width=\"100%\" height=\"40px\" frameborder=\"0\">Form<\/iframe><\/div>[\/et_pb_text][\/et_pb_column][\/et_pb_row][\/et_pb_section]","protected":false},"excerpt":{"rendered":"<p>\u00a1Gracias por comprar VisualARQ! Rellene el formulario para descargar la \u00faltima versi\u00f3n de VisualARQ (consulte las novedades). Utilice el c\u00f3digo de licencia (CDKEY) que recibi\u00f3 junto con su pedido. Compruebe su correo, incluida la carpeta de SPAM. Incluya la direcci\u00f3n \u00abvisualarq@asuni.com\u00bb en su lista de correos permitidos para recibir mensajes de VisualARQ. &nbsp; Recuerde: Utilice [&hellip;]<\/p>\n","protected":false},"author":6,"featured_media":0,"parent":11698,"menu_order":0,"comment_status":"closed","ping_status":"closed","template":"","meta":{"_et_pb_use_builder":"on","_et_pb_old_content":"","_et_gb_content_width":"","footnotes":""},"class_list":["post-11640","page","type-page","status-publish","hentry"],"yoast_head":"<!-- This site is optimized with the Yoast SEO plugin v27.3 - https:\/\/yoast.com\/product\/yoast-seo-wordpress\/ -->\n<title>Comprar - VisualARQ<\/title>\n<meta name=\"robots\" content=\"noindex, follow, max-snippet:-1, max-image-preview:large, max-video-preview:-1\" \/>\n<meta property=\"og:locale\" content=\"es_ES\" \/>\n<meta property=\"og:type\" content=\"article\" \/>\n<meta property=\"og:title\" content=\"Comprar - VisualARQ\" \/>\n<meta property=\"og:description\" content=\"\u00a1Gracias por comprar VisualARQ! Rellene el formulario para descargar la \u00faltima versi\u00f3n de VisualARQ (consulte las novedades). Utilice el c\u00f3digo de licencia (CDKEY) que recibi\u00f3 junto con su pedido. Compruebe su correo, incluida la carpeta de SPAM. Incluya la direcci\u00f3n &quot;visualarq@asuni.com&quot; en su lista de correos permitidos para recibir mensajes de VisualARQ. &nbsp; Recuerde: Utilice [&hellip;]\" \/>\n<meta property=\"og:url\" content=\"https:\/\/stg.visualarq.com\/es\/download\/purchase\/\" \/>\n<meta property=\"og:site_name\" content=\"VisualARQ\" \/>\n<meta property=\"article:publisher\" content=\"https:\/\/www.facebook.com\/visualarq\" \/>\n<meta property=\"article:modified_time\" content=\"2022-02-24T17:39:28+00:00\" \/>\n<meta name=\"twitter:card\" content=\"summary_large_image\" \/>\n<meta name=\"twitter:site\" content=\"@VisualARQ\" \/>\n<meta name=\"twitter:label1\" content=\"Tiempo de lectura\" \/>\n\t<meta name=\"twitter:data1\" content=\"1 minuto\" \/>\n<script type=\"application\/ld+json\" class=\"yoast-schema-graph\">{\"@context\":\"https:\\\/\\\/schema.org\",\"@graph\":[{\"@type\":\"WebPage\",\"@id\":\"https:\\\/\\\/stg.visualarq.com\\\/es\\\/download\\\/purchase\\\/\",\"url\":\"https:\\\/\\\/stg.visualarq.com\\\/es\\\/download\\\/purchase\\\/\",\"name\":\"Comprar - VisualARQ\",\"isPartOf\":{\"@id\":\"https:\\\/\\\/stg.visualarq.com\\\/es\\\/#website\"},\"datePublished\":\"2014-03-25T00:00:00+00:00\",\"dateModified\":\"2022-02-24T17:39:28+00:00\",\"breadcrumb\":{\"@id\":\"https:\\\/\\\/stg.visualarq.com\\\/es\\\/download\\\/purchase\\\/#breadcrumb\"},\"inLanguage\":\"es\",\"potentialAction\":[{\"@type\":\"ReadAction\",\"target\":[\"https:\\\/\\\/stg.visualarq.com\\\/es\\\/download\\\/purchase\\\/\"]}]},{\"@type\":\"BreadcrumbList\",\"@id\":\"https:\\\/\\\/stg.visualarq.com\\\/es\\\/download\\\/purchase\\\/#breadcrumb\",\"itemListElement\":[{\"@type\":\"ListItem\",\"position\":1,\"name\":\"Home\",\"item\":\"https:\\\/\\\/stg.visualarq.com\\\/es\\\/home\\\/\"},{\"@type\":\"ListItem\",\"position\":2,\"name\":\"Descargar\",\"item\":\"https:\\\/\\\/stg.visualarq.com\\\/es\\\/download\\\/\"},{\"@type\":\"ListItem\",\"position\":3,\"name\":\"Comprar\"}]},{\"@type\":\"WebSite\",\"@id\":\"https:\\\/\\\/stg.visualarq.com\\\/es\\\/#website\",\"url\":\"https:\\\/\\\/stg.visualarq.com\\\/es\\\/\",\"name\":\"VisualARQ\",\"description\":\"Flexible BIM for Rhino\",\"potentialAction\":[{\"@type\":\"SearchAction\",\"target\":{\"@type\":\"EntryPoint\",\"urlTemplate\":\"https:\\\/\\\/stg.visualarq.com\\\/es\\\/?s={search_term_string}\"},\"query-input\":{\"@type\":\"PropertyValueSpecification\",\"valueRequired\":true,\"valueName\":\"search_term_string\"}}],\"inLanguage\":\"es\"}]}<\/script>\n<!-- \/ Yoast SEO plugin. -->","yoast_head_json":{"title":"Comprar - VisualARQ","robots":{"index":"noindex","follow":"follow","max-snippet":"max-snippet:-1","max-image-preview":"max-image-preview:large","max-video-preview":"max-video-preview:-1"},"og_locale":"es_ES","og_type":"article","og_title":"Comprar - VisualARQ","og_description":"\u00a1Gracias por comprar VisualARQ! Rellene el formulario para descargar la \u00faltima versi\u00f3n de VisualARQ (consulte las novedades). Utilice el c\u00f3digo de licencia (CDKEY) que recibi\u00f3 junto con su pedido. Compruebe su correo, incluida la carpeta de SPAM. Incluya la direcci\u00f3n \"visualarq@asuni.com\" en su lista de correos permitidos para recibir mensajes de VisualARQ. &nbsp; Recuerde: Utilice [&hellip;]","og_url":"https:\/\/stg.visualarq.com\/es\/download\/purchase\/","og_site_name":"VisualARQ","article_publisher":"https:\/\/www.facebook.com\/visualarq","article_modified_time":"2022-02-24T17:39:28+00:00","twitter_card":"summary_large_image","twitter_site":"@VisualARQ","twitter_misc":{"Tiempo de lectura":"1 minuto"},"schema":{"@context":"https:\/\/schema.org","@graph":[{"@type":"WebPage","@id":"https:\/\/stg.visualarq.com\/es\/download\/purchase\/","url":"https:\/\/stg.visualarq.com\/es\/download\/purchase\/","name":"Comprar - VisualARQ","isPartOf":{"@id":"https:\/\/stg.visualarq.com\/es\/#website"},"datePublished":"2014-03-25T00:00:00+00:00","dateModified":"2022-02-24T17:39:28+00:00","breadcrumb":{"@id":"https:\/\/stg.visualarq.com\/es\/download\/purchase\/#breadcrumb"},"inLanguage":"es","potentialAction":[{"@type":"ReadAction","target":["https:\/\/stg.visualarq.com\/es\/download\/purchase\/"]}]},{"@type":"BreadcrumbList","@id":"https:\/\/stg.visualarq.com\/es\/download\/purchase\/#breadcrumb","itemListElement":[{"@type":"ListItem","position":1,"name":"Home","item":"https:\/\/stg.visualarq.com\/es\/home\/"},{"@type":"ListItem","position":2,"name":"Descargar","item":"https:\/\/stg.visualarq.com\/es\/download\/"},{"@type":"ListItem","position":3,"name":"Comprar"}]},{"@type":"WebSite","@id":"https:\/\/stg.visualarq.com\/es\/#website","url":"https:\/\/stg.visualarq.com\/es\/","name":"VisualARQ","description":"Flexible BIM for Rhino","potentialAction":[{"@type":"SearchAction","target":{"@type":"EntryPoint","urlTemplate":"https:\/\/stg.visualarq.com\/es\/?s={search_term_string}"},"query-input":{"@type":"PropertyValueSpecification","valueRequired":true,"valueName":"search_term_string"}}],"inLanguage":"es"}]}},"_links":{"self":[{"href":"https:\/\/stg.visualarq.com\/es\/wp-json\/wp\/v2\/pages\/11640","targetHints":{"allow":["GET"]}}],"collection":[{"href":"https:\/\/stg.visualarq.com\/es\/wp-json\/wp\/v2\/pages"}],"about":[{"href":"https:\/\/stg.visualarq.com\/es\/wp-json\/wp\/v2\/types\/page"}],"author":[{"embeddable":true,"href":"https:\/\/stg.visualarq.com\/es\/wp-json\/wp\/v2\/users\/6"}],"replies":[{"embeddable":true,"href":"https:\/\/stg.visualarq.com\/es\/wp-json\/wp\/v2\/comments?post=11640"}],"version-history":[{"count":0,"href":"https:\/\/stg.visualarq.com\/es\/wp-json\/wp\/v2\/pages\/11640\/revisions"}],"up":[{"embeddable":true,"href":"https:\/\/stg.visualarq.com\/es\/wp-json\/wp\/v2\/pages\/11698"}],"wp:attachment":[{"href":"https:\/\/stg.visualarq.com\/es\/wp-json\/wp\/v2\/media?parent=11640"}],"curies":[{"name":"wp","href":"https:\/\/api.w.org\/{rel}","templated":true}]}}