{"id":11644,"date":"2014-05-12T00:00:00","date_gmt":"2014-05-12T00:00:00","guid":{"rendered":"https:\/\/stg.visualarq.com\/download\/resources\/"},"modified":"2024-10-07T12:48:05","modified_gmt":"2024-10-07T12:48:05","slug":"resources","status":"publish","type":"page","link":"https:\/\/stg.visualarq.com\/es\/download\/resources\/","title":{"rendered":"Recursos"},"content":{"rendered":"[et_pb_section fb_built=\u00bb1&#8243; admin_label=\u00bbsection\u00bb _builder_version=\u00bb4.16&#8243; da_disable_devices=\u00bboff|off|off\u00bb global_colors_info=\u00bb{}\u00bb da_is_popup=\u00bboff\u00bb da_exit_intent=\u00bboff\u00bb da_has_close=\u00bbon\u00bb da_alt_close=\u00bboff\u00bb da_dark_close=\u00bboff\u00bb da_not_modal=\u00bbon\u00bb da_is_singular=\u00bboff\u00bb da_with_loader=\u00bboff\u00bb da_has_shadow=\u00bbon\u00bb][et_pb_row admin_label=\u00bbfila\u00bb _builder_version=\u00bb4.16&#8243; background_size=\u00bbinitial\u00bb background_position=\u00bbtop_left\u00bb background_repeat=\u00bbrepeat\u00bb global_colors_info=\u00bb{}\u00bb][et_pb_column type=\u00bb4_4&#8243; _builder_version=\u00bb4.16&#8243; custom_padding=\u00bb|||\u00bb global_colors_info=\u00bb{}\u00bb custom_padding__hover=\u00bb|||\u00bb][et_pb_text _builder_version=\u00bb4.27.0&#8243; background_size=\u00bbinitial\u00bb background_position=\u00bbtop_left\u00bb background_repeat=\u00bbrepeat\u00bb use_border_color=\u00bboff\u00bb border_color=\u00bb#ffffff\u00bb border_style=\u00bbsolid\u00bb global_colors_info=\u00bb{}\u00bb]<p><a name=\"zoo\"><\/a><\/p>\n<h1>Plug-in VisualARQ Zoo<\/h1>\n<p><a href=\"https:\/\/www.rhino3d.com\/download\/zoo\/6\/latest\"><img loading=\"lazy\" decoding=\"async\" class=\"alignright size-full wp-image-12359\" src=\"https:\/\/stg.visualarq.com\/wp-content\/uploads\/sites\/2\/2016\/04\/zooLogoshort.png\" alt=\"zooLogoshort\" width=\"300\" height=\"128\" \/><\/a>El plug-in VisualARQ Zoo permite compartir licencias de VisualARQ (c\u00f3digos de CD) entre usuarios del mismo grupo de trabajo en red.<\/p>\n<p>El plug-in VisualARQ Zoo est\u00e1 disponible para <strong>Lan Zoo 8:<\/strong><\/p>\n<p>Requisitos:<\/p>\n<ul>\n<li><strong>Lan Zoo 8 &#8211; Administrador de licencias<\/strong>. (<a href=\"https:\/\/www.rhino3d.com\/download\/zoo\/latest\/\">Descargar<\/a>)<\/li>\n<li><strong>VisualARQ 2 o VisualARQ 3<\/strong><\/li>\n<\/ul>[\/et_pb_text][et_pb_button button_url=\u00bbhttps:\/\/visualarq.s3.amazonaws.com\/download\/VisualARQ3-Zoo8.msi\u00bb button_text=\u00bbDescargar el plug-in VisualARQ Zoo para Zoo 8&#8243; button_alignment=\u00bbleft\u00bb admin_label=\u00bbBot\u00f3n download para Zoo 8&#8243; _builder_version=\u00bb4.27.0&#8243; custom_button=\u00bbon\u00bb button_text_color=\u00bb#2191ab\u00bb button_border_color=\u00bb#2191ab\u00bb button_letter_spacing_hover=\u00bb0&#8243; saved_tabs=\u00bball\u00bb global_colors_info=\u00bb{}\u00bb button_text_size__hover_enabled=\u00bboff\u00bb button_one_text_size__hover_enabled=\u00bboff\u00bb button_two_text_size__hover_enabled=\u00bboff\u00bb button_text_color__hover_enabled=\u00bboff\u00bb button_one_text_color__hover_enabled=\u00bboff\u00bb button_two_text_color__hover_enabled=\u00bboff\u00bb button_border_width__hover_enabled=\u00bboff\u00bb button_one_border_width__hover_enabled=\u00bboff\u00bb button_two_border_width__hover_enabled=\u00bboff\u00bb button_border_color__hover_enabled=\u00bboff\u00bb button_one_border_color__hover_enabled=\u00bboff\u00bb button_two_border_color__hover_enabled=\u00bboff\u00bb button_border_radius__hover_enabled=\u00bboff\u00bb button_one_border_radius__hover_enabled=\u00bboff\u00bb button_two_border_radius__hover_enabled=\u00bboff\u00bb button_letter_spacing__hover_enabled=\u00bbon\u00bb button_letter_spacing__hover=\u00bb0&#8243; button_one_letter_spacing__hover_enabled=\u00bboff\u00bb button_two_letter_spacing__hover_enabled=\u00bboff\u00bb button_bg_color__hover_enabled=\u00bboff\u00bb button_one_bg_color__hover_enabled=\u00bboff\u00bb button_two_bg_color__hover_enabled=\u00bboff\u00bb][\/et_pb_button][et_pb_text _builder_version=\u00bb4.16&#8243; background_size=\u00bbinitial\u00bb background_position=\u00bbtop_left\u00bb background_repeat=\u00bbrepeat\u00bb use_border_color=\u00bboff\u00bb border_color=\u00bb#ffffff\u00bb border_style=\u00bbsolid\u00bb global_colors_info=\u00bb{}\u00bb]<h2>\u00bfC\u00f3mo funciona?<\/h2>\nCuando VisualARQ se instala en nodos de grupo de trabajo en lugar de nodos independientes, funciona del modo siguiente:\n<ul>\n \t<li>Cuando se inicia un nodo del grupo de trabajo, se solicita una licencia al Zoo.<\/li>\n \t<li>Una licencia no usada se asigna al nodo.<\/li>\n \t<li>Cuando un nodo se cierra, la licencia se vuelve a a\u00f1adir al total de licencias disponibles del Zoo.<\/li>\n<\/ul>\nPara cambiar al modo de licencia Red, ejecute el comando <kbd>vaLicencia<\/kbd> . (<a href=\"https:\/\/stg.visualarq.com\/es\/info\/license-modes\/\">M\u00e1s informaci\u00f3n sobre los modos de licencia<\/a>).\n\n<strong>Nota<\/strong>: las licencias en red de VisualARQ tambi\u00e9n se pueden gestionar a trav\u00e9s de <a href=\"https:\/\/stg.visualarq.com\/features\/collaboration\/#Zoo\">Cloud Zoo<\/a>.\n\n<h2 class=\"mt-3\"><a href=\"https:\/\/wiki.mcneel.com\/zoo\/home\">\u00bfQu\u00e9 es el Zoo?<\/a><\/h2>\n<iframe loading=\"lazy\" src=\"\/\/player.vimeo.com\/video\/89968285?title=0&amp;byline=0&amp;portrait=0\" width=\"900\" height=\"506\" frameborder=\"0\" allowfullscreen=\"allowfullscreen\"><\/iframe>[\/et_pb_text][et_pb_text admin_label=\u00bbProblems\u00bb _builder_version=\u00bb4.16&#8243; background_size=\u00bbinitial\u00bb background_position=\u00bbtop_left\u00bb background_repeat=\u00bbrepeat\u00bb use_border_color=\u00bboff\u00bb border_color=\u00bb#ffffff\u00bb border_style=\u00bbsolid\u00bb global_colors_info=\u00bb{}\u00bb]<h2>Problemas<\/h2>[\/et_pb_text][et_pb_toggle title=\u00bbNo puedo a\u00f1adir la licencia de VisualARQ al Zoo\u00bb admin_label=\u00bbI can&#8217;t add the license\u00bb _builder_version=\u00bb4.16&#8243; global_colors_info=\u00bb{}\u00bb]Este problema ocurre porque falta una dll de Microsoft en el equipo donde est\u00e1 instalado el Zoo.\nPara proceder correctamente, siga estos pasos:\n<ol>\n<li>Elimine las licencias de VisualARQ del Zoo si hay alguna. (Es necesario activar la opci\u00f3n para retirar las licencias del Zoo (en el men\u00fa Zoo > Tools > Options).<\/li>\n<li>Desinstale el plug-in VisualARQ Zoo.<\/li>\n<li>Descargue e instale este nuevo paquete de Microsoft: <a href=\"https:\/\/download.microsoft.com\/download\/C\/6\/D\/C6D0FD4E-9E53-4897-9B91-836EBA2AACD3\/vcredist_x86.exe\">https:\/\/download.microsoft.com\/download\/C\/6\/D\/C6D0FD4E-9E53-4897-9B91-836EBA2AACD3\/vcredist_x86.exe<\/a><\/li>\n<li>Aseg\u00farese de que no hay ning\u00fan plug-in VisualARQ Zoo (versi\u00f3n 1 o 2) instalado en su equipo.<\/li>\n<li>Instale el plug-in VisualARQ Zoo para el Zoo correspondiente. (La descarga est\u00e1 disponible m\u00e1s arriba en esta p\u00e1gina).<\/li>\n<li>Reinicie el servidor (recomendado).<\/li>\n<li>Ejecute el Zoo y a\u00f1ada una licencia de VisualARQ.<\/li>\n<\/ol>[\/et_pb_toggle][et_pb_toggle title=\u00bbNo puedo eliminar una licencia de VisualARQ del Zoo\u00bb admin_label=\u00bbunable to remove a VisualARQ license from the Zoo\u00bb _builder_version=\u00bb4.16&#8243; global_colors_info=\u00bb{}\u00bb]Se trata de un error del Zoo. No permite eliminar una licencia de un plug-in de terceros si ese plug-in de Zoo de terceros no est\u00e1 instalado en su equipo.\nPara resolver el problema, instale el plug-in VisualARQ Zoo (p\u00f3ngase en contacto con visualarq@asuni.com si necesita una versi\u00f3n anterior del plug-in VisualARQ Zoo) y elimine la licencia de VisualARQ del Zoo.[\/et_pb_toggle][et_pb_toggle title=\u00bbNo puedo ejecutar VisualARQ en modo de red despu\u00e9s actualizar\u00bb admin_label=\u00bbI cannot run VisualARQ in network mode after an update\u00bb _builder_version=\u00bb4.19.0&#8243; global_colors_info=\u00bb{}\u00bb]Si recibe este error: <em>\u00abThis version of VisualARQ only accept Network licenses from a Zoo Server with the VisualAEQ Plugin 2.1 or greater installed.\u00bb<\/em> significa que todav\u00eda tiene instalada una versi\u00f3n anterior del plug-in VisualARQ Zoo, que no es compatible con VisualARQ 2.\n\nDebido a un cambio en VisualARQ 2.1, las licencias de VisualARQ 2 que se hayan agregado a un servidor del Zoo deber\u00e1n eliminarse y volver a agregarse con la versi\u00f3n actual del plug-in VisualARQ Zoo.\nPara solucionar este problema, siga estos pasos.\n<ol>\n<li>Antes de actualizar el plug-in VisualARQ Zoo a la versi\u00f3n actual, elimine todas las licencias de VisualARQ 2 del Zoo.<\/li>\n<li>Desinstale cualquier versi\u00f3n del plug-in VisualARQ Zoo de su equipo.<\/li>\n<li>Instale la versi\u00f3n m\u00e1s reciente del plug-in VisualARQ Zoo. Puede descargarlo desde esta p\u00e1gina.<\/li>\n<li>Vuelva a agregar las licencias de VisualARQ al Zoo.<\/li>\n<li>Ejecute el comando <code>vaLicencia<\/code>  y seleccione el modo de licencia Red.<\/li>\n<\/ol>[\/et_pb_toggle][et_pb_toggle title=\u00bb\u00bfVisualARQ es compatible con Cloud Zoo?\u00bb admin_label=\u00bbDoes VA support Cloud Zoo?\u00bb _builder_version=\u00bb4.16&#8243; global_colors_info=\u00bb{}\u00bb]Desde la versi\u00f3n VisualARQ 2.8, VisualARQ es compatible con Cloud Zoo.\nEsta funci\u00f3n solo est\u00e1 disponible desde la versi\u00f3n de Rhino 6. M\u00e1s informaci\u00f3n <a href=\"https:\/\/stg.visualarq.com\/es\/info\/license-modes\/\">aqu\u00ed<\/a>.[\/et_pb_toggle][et_pb_toggle title=\u00bb\u00bfSe pueden retirar licencias de VisualARQ?\u00bb admin_label=\u00bbcheckout licenses\u00bb _builder_version=\u00bb4.16&#8243; global_colors_info=\u00bb{}\u00bb]S\u00ed. Funciona del mismo modo que cuando se retira una licencia de Rhino del Zoo. Esta opci\u00f3n est\u00e1 disponible en Opciones de Rhino > Licencia > bot\u00f3n <em>Retirar licencia de VisualARQ<\/em>. \nEsta opci\u00f3n solo aparece cuando se utiliza VisualARQ en modo de licencia \u201cRed\u201d. Si aparece el mensaje \u00abNo se puede retirar la licencia del administrador de licencias. P\u00f3ngase en contacto con el administrador del sistema\u201d, es necesario activar la retirada de licencias en las opciones de Zoo.\n\nPS: esta opci\u00f3n funciona desde la versi\u00f3n de VisualARQ 2.2.3 y la \u00faltima versi\u00f3n del Zoo.[\/et_pb_toggle][\/et_pb_column][\/et_pb_row][\/et_pb_section]","protected":false},"excerpt":{"rendered":"<p>Plug-in VisualARQ Zoo El plug-in VisualARQ Zoo permite compartir licencias de VisualARQ (c\u00f3digos de CD) entre usuarios del mismo grupo de trabajo en red. El plug-in VisualARQ Zoo est\u00e1 disponible para Lan Zoo 8: Requisitos: Lan Zoo 8 &#8211; Administrador de licencias. (Descargar) VisualARQ 2 o VisualARQ 3 \u00bfC\u00f3mo funciona? Cuando VisualARQ se instala en [&hellip;]<\/p>\n","protected":false},"author":6,"featured_media":0,"parent":11698,"menu_order":50,"comment_status":"closed","ping_status":"closed","template":"","meta":{"_et_pb_use_builder":"on","_et_pb_old_content":"","_et_gb_content_width":"","footnotes":""},"class_list":["post-11644","page","type-page","status-publish","hentry"],"yoast_head":"<!-- This site is optimized with the Yoast SEO plugin v27.3 - https:\/\/yoast.com\/product\/yoast-seo-wordpress\/ -->\n<title>Recursos - VisualARQ<\/title>\n<meta name=\"robots\" content=\"noindex, follow, max-snippet:-1, max-image-preview:large, max-video-preview:-1\" \/>\n<meta property=\"og:locale\" content=\"es_ES\" \/>\n<meta property=\"og:type\" content=\"article\" \/>\n<meta property=\"og:title\" content=\"Recursos - VisualARQ\" \/>\n<meta property=\"og:description\" content=\"Plug-in VisualARQ Zoo El plug-in VisualARQ Zoo permite compartir licencias de VisualARQ (c\u00f3digos de CD) entre usuarios del mismo grupo de trabajo en red. El plug-in VisualARQ Zoo est\u00e1 disponible para Lan Zoo 8: Requisitos: Lan Zoo 8 - Administrador de licencias. (Descargar) VisualARQ 2 o VisualARQ 3 \u00bfC\u00f3mo funciona? Cuando VisualARQ se instala en [&hellip;]\" \/>\n<meta property=\"og:url\" content=\"https:\/\/stg.visualarq.com\/es\/download\/resources\/\" \/>\n<meta property=\"og:site_name\" content=\"VisualARQ\" \/>\n<meta property=\"article:publisher\" content=\"https:\/\/www.facebook.com\/visualarq\" \/>\n<meta property=\"article:modified_time\" content=\"2024-10-07T12:48:05+00:00\" \/>\n<meta property=\"og:image\" content=\"https:\/\/stg.visualarq.com\/wp-content\/uploads\/sites\/2\/2016\/04\/zooLogoshort.png\" \/>\n<meta name=\"twitter:card\" content=\"summary_large_image\" \/>\n<meta name=\"twitter:site\" content=\"@VisualARQ\" \/>\n<meta name=\"twitter:label1\" content=\"Tiempo de lectura\" \/>\n\t<meta name=\"twitter:data1\" content=\"6 minutos\" \/>\n<script type=\"application\/ld+json\" class=\"yoast-schema-graph\">{\"@context\":\"https:\\\/\\\/schema.org\",\"@graph\":[{\"@type\":\"WebPage\",\"@id\":\"https:\\\/\\\/stg.visualarq.com\\\/es\\\/download\\\/resources\\\/\",\"url\":\"https:\\\/\\\/stg.visualarq.com\\\/es\\\/download\\\/resources\\\/\",\"name\":\"Recursos - VisualARQ\",\"isPartOf\":{\"@id\":\"https:\\\/\\\/stg.visualarq.com\\\/es\\\/#website\"},\"primaryImageOfPage\":{\"@id\":\"https:\\\/\\\/stg.visualarq.com\\\/es\\\/download\\\/resources\\\/#primaryimage\"},\"image\":{\"@id\":\"https:\\\/\\\/stg.visualarq.com\\\/es\\\/download\\\/resources\\\/#primaryimage\"},\"thumbnailUrl\":\"https:\\\/\\\/stg.visualarq.com\\\/wp-content\\\/uploads\\\/sites\\\/2\\\/2016\\\/04\\\/zooLogoshort.png\",\"datePublished\":\"2014-05-12T00:00:00+00:00\",\"dateModified\":\"2024-10-07T12:48:05+00:00\",\"breadcrumb\":{\"@id\":\"https:\\\/\\\/stg.visualarq.com\\\/es\\\/download\\\/resources\\\/#breadcrumb\"},\"inLanguage\":\"es\",\"potentialAction\":[{\"@type\":\"ReadAction\",\"target\":[\"https:\\\/\\\/stg.visualarq.com\\\/es\\\/download\\\/resources\\\/\"]}]},{\"@type\":\"ImageObject\",\"inLanguage\":\"es\",\"@id\":\"https:\\\/\\\/stg.visualarq.com\\\/es\\\/download\\\/resources\\\/#primaryimage\",\"url\":\"https:\\\/\\\/stg.visualarq.com\\\/wp-content\\\/uploads\\\/sites\\\/2\\\/2016\\\/04\\\/zooLogoshort.png\",\"contentUrl\":\"https:\\\/\\\/stg.visualarq.com\\\/wp-content\\\/uploads\\\/sites\\\/2\\\/2016\\\/04\\\/zooLogoshort.png\"},{\"@type\":\"BreadcrumbList\",\"@id\":\"https:\\\/\\\/stg.visualarq.com\\\/es\\\/download\\\/resources\\\/#breadcrumb\",\"itemListElement\":[{\"@type\":\"ListItem\",\"position\":1,\"name\":\"Home\",\"item\":\"https:\\\/\\\/stg.visualarq.com\\\/es\\\/home\\\/\"},{\"@type\":\"ListItem\",\"position\":2,\"name\":\"Descargar\",\"item\":\"https:\\\/\\\/stg.visualarq.com\\\/es\\\/download\\\/\"},{\"@type\":\"ListItem\",\"position\":3,\"name\":\"Recursos\"}]},{\"@type\":\"WebSite\",\"@id\":\"https:\\\/\\\/stg.visualarq.com\\\/es\\\/#website\",\"url\":\"https:\\\/\\\/stg.visualarq.com\\\/es\\\/\",\"name\":\"VisualARQ\",\"description\":\"Flexible BIM for Rhino\",\"potentialAction\":[{\"@type\":\"SearchAction\",\"target\":{\"@type\":\"EntryPoint\",\"urlTemplate\":\"https:\\\/\\\/stg.visualarq.com\\\/es\\\/?s={search_term_string}\"},\"query-input\":{\"@type\":\"PropertyValueSpecification\",\"valueRequired\":true,\"valueName\":\"search_term_string\"}}],\"inLanguage\":\"es\"}]}<\/script>\n<!-- \/ Yoast SEO plugin. -->","yoast_head_json":{"title":"Recursos - VisualARQ","robots":{"index":"noindex","follow":"follow","max-snippet":"max-snippet:-1","max-image-preview":"max-image-preview:large","max-video-preview":"max-video-preview:-1"},"og_locale":"es_ES","og_type":"article","og_title":"Recursos - VisualARQ","og_description":"Plug-in VisualARQ Zoo El plug-in VisualARQ Zoo permite compartir licencias de VisualARQ (c\u00f3digos de CD) entre usuarios del mismo grupo de trabajo en red. El plug-in VisualARQ Zoo est\u00e1 disponible para Lan Zoo 8: Requisitos: Lan Zoo 8 - Administrador de licencias. (Descargar) VisualARQ 2 o VisualARQ 3 \u00bfC\u00f3mo funciona? Cuando VisualARQ se instala en [&hellip;]","og_url":"https:\/\/stg.visualarq.com\/es\/download\/resources\/","og_site_name":"VisualARQ","article_publisher":"https:\/\/www.facebook.com\/visualarq","article_modified_time":"2024-10-07T12:48:05+00:00","og_image":[{"url":"https:\/\/stg.visualarq.com\/wp-content\/uploads\/sites\/2\/2016\/04\/zooLogoshort.png","type":"","width":"","height":""}],"twitter_card":"summary_large_image","twitter_site":"@VisualARQ","twitter_misc":{"Tiempo de lectura":"6 minutos"},"schema":{"@context":"https:\/\/schema.org","@graph":[{"@type":"WebPage","@id":"https:\/\/stg.visualarq.com\/es\/download\/resources\/","url":"https:\/\/stg.visualarq.com\/es\/download\/resources\/","name":"Recursos - VisualARQ","isPartOf":{"@id":"https:\/\/stg.visualarq.com\/es\/#website"},"primaryImageOfPage":{"@id":"https:\/\/stg.visualarq.com\/es\/download\/resources\/#primaryimage"},"image":{"@id":"https:\/\/stg.visualarq.com\/es\/download\/resources\/#primaryimage"},"thumbnailUrl":"https:\/\/stg.visualarq.com\/wp-content\/uploads\/sites\/2\/2016\/04\/zooLogoshort.png","datePublished":"2014-05-12T00:00:00+00:00","dateModified":"2024-10-07T12:48:05+00:00","breadcrumb":{"@id":"https:\/\/stg.visualarq.com\/es\/download\/resources\/#breadcrumb"},"inLanguage":"es","potentialAction":[{"@type":"ReadAction","target":["https:\/\/stg.visualarq.com\/es\/download\/resources\/"]}]},{"@type":"ImageObject","inLanguage":"es","@id":"https:\/\/stg.visualarq.com\/es\/download\/resources\/#primaryimage","url":"https:\/\/stg.visualarq.com\/wp-content\/uploads\/sites\/2\/2016\/04\/zooLogoshort.png","contentUrl":"https:\/\/stg.visualarq.com\/wp-content\/uploads\/sites\/2\/2016\/04\/zooLogoshort.png"},{"@type":"BreadcrumbList","@id":"https:\/\/stg.visualarq.com\/es\/download\/resources\/#breadcrumb","itemListElement":[{"@type":"ListItem","position":1,"name":"Home","item":"https:\/\/stg.visualarq.com\/es\/home\/"},{"@type":"ListItem","position":2,"name":"Descargar","item":"https:\/\/stg.visualarq.com\/es\/download\/"},{"@type":"ListItem","position":3,"name":"Recursos"}]},{"@type":"WebSite","@id":"https:\/\/stg.visualarq.com\/es\/#website","url":"https:\/\/stg.visualarq.com\/es\/","name":"VisualARQ","description":"Flexible BIM for Rhino","potentialAction":[{"@type":"SearchAction","target":{"@type":"EntryPoint","urlTemplate":"https:\/\/stg.visualarq.com\/es\/?s={search_term_string}"},"query-input":{"@type":"PropertyValueSpecification","valueRequired":true,"valueName":"search_term_string"}}],"inLanguage":"es"}]}},"_links":{"self":[{"href":"https:\/\/stg.visualarq.com\/es\/wp-json\/wp\/v2\/pages\/11644","targetHints":{"allow":["GET"]}}],"collection":[{"href":"https:\/\/stg.visualarq.com\/es\/wp-json\/wp\/v2\/pages"}],"about":[{"href":"https:\/\/stg.visualarq.com\/es\/wp-json\/wp\/v2\/types\/page"}],"author":[{"embeddable":true,"href":"https:\/\/stg.visualarq.com\/es\/wp-json\/wp\/v2\/users\/6"}],"replies":[{"embeddable":true,"href":"https:\/\/stg.visualarq.com\/es\/wp-json\/wp\/v2\/comments?post=11644"}],"version-history":[{"count":5,"href":"https:\/\/stg.visualarq.com\/es\/wp-json\/wp\/v2\/pages\/11644\/revisions"}],"predecessor-version":[{"id":41309,"href":"https:\/\/stg.visualarq.com\/es\/wp-json\/wp\/v2\/pages\/11644\/revisions\/41309"}],"up":[{"embeddable":true,"href":"https:\/\/stg.visualarq.com\/es\/wp-json\/wp\/v2\/pages\/11698"}],"wp:attachment":[{"href":"https:\/\/stg.visualarq.com\/es\/wp-json\/wp\/v2\/media?parent=11644"}],"curies":[{"name":"wp","href":"https:\/\/api.w.org\/{rel}","templated":true}]}}