{"id":11649,"date":"2015-09-09T00:00:00","date_gmt":"2015-09-09T00:00:00","guid":{"rendered":"https:\/\/stg.visualarq.com\/learn\/webinars\/"},"modified":"2023-04-23T11:23:20","modified_gmt":"2023-04-23T11:23:20","slug":"webinars","status":"publish","type":"page","link":"https:\/\/stg.visualarq.com\/es\/learn\/webinars\/","title":{"rendered":"Seminarios web"},"content":{"rendered":"\n<figure class=\"wp-block-image alignright\"><img decoding=\"async\" src=\"https:\/\/stg.visualarq.com\/wp-content\/uploads\/sites\/2\/2015\/12\/Webinar-image.png\" alt=\"Imagen de seminario virtual\" class=\"wp-image-11858\"\/><\/figure>\n\n\n\n<h1 class=\"wp-block-heading\">Participe en el pr\u00f3ximo seminario web de VisualARQ<\/h1>\n\n\n\n<p>Haga clic en el bot\u00f3n para ver si hay un nuevo seminario web de VisualARQ pr\u00f3ximamente.<\/p>\n\n\n\n<ul class=\"wp-block-list\">\n<li>No hay pr\u00f3ximos seminarios<\/li>\n<\/ul>\n\n\n\n\n<hr class=\"wp-block-separator has-alpha-channel-opacity\"\/>\n\n\n\n<h1 class=\"wp-block-heading\">Seminarios web grabados<\/h1>\n\n\n\n<ul class=\"wp-block-list\">\n<li><p><a href=\"https:\/\/stg.visualarq.com\/es\/learn\/webinars\/#VisualARQOverview\">Informaci\u00f3n general de VisualARQ 2<\/a><\/p><\/li>\n\n\n\n<li><p><a href=\"https:\/\/stg.visualarq.com\/es\/learn\/webinars\/#GHStyles\">Estilos de Grasshopper de VisualARQ<\/a><\/p><\/li>\n\n\n\n<li><p><a href=\"https:\/\/stg.visualarq.com\/es\/learn\/webinars\/#GHComponents\">VisualARQ Grasshopper Components<\/a><\/p><\/li>\n\n\n\n<li><p><a href=\"https:\/\/www.youtube.com\/playlist?list=PLLfTyZ7LBWcxwYtNjHckeCJNFZuRsbNow\">Seminarios web anteriores en Youtube<\/a><\/p><\/li>\n<\/ul>\n\n\n\n<h2 class=\"wp-block-heading\" id=\"VisualARQOverview\">VisualARQ 2. Flujo de trabajo de Flexible BIM con Rhino, VisualARQ y Grasshopper<\/h2>\n\n\n\n<p>Este seminario web muestra las funciones BIM Flexible que VisualARQ a\u00f1ade a Rhino y su conexi\u00f3n con Grasshopper, que se incluyen en VisualARQ 2.4:<\/p>\n\n\n\n<div class=\"aligncenter my-3\"><div class='youtube-gallery' style='width: 100%;'>\n\t\t\t\t\t\t<a \n\t\t\t\t\t\t\ttitle='Seminarios web' \n\t\t\t\t\t\t\ttarget='_blank' \n\t\t\t\t\t\t\thref='https:\/\/www.youtube.com\/watch?v=u0CajYp3VAk'\n\t\t\t\t\t\t>\n\t\t\t\t\t\t<span><\/span>\n\t\t\t\t\t\t<img \n\t\t\t\t\t\t\tsrc='https:\/\/img.youtube.com\/vi\/u0CajYp3VAk\/hqdefault.jpg' \n\t\t\t\t\t\t\twidth='853' \n\t\t\t\t\t\t\theight='480'>\n\t\t\t\t\t\t<\/a>\n\t\t\t\t\t<\/div><br><\/div>\n\n\n\n<ul class=\"wp-block-list\">\n<li>Descripci\u00f3n general de las funciones Flexible BIM de VisualARQ + casos de usuarios.<\/li>\n\n\n\n<li><p>Introducci\u00f3n a la barra de herramientas <a href=\"https:\/\/youtu.be\/u0CajYp3VAk?t=966\">(16&#8217;06\u00bb)<\/a>.<\/p><\/li>\n\n\n\n<li><p>Administrador de secciones y niveles <a href=\"https:\/\/youtu.be\/u0CajYp3VAk?t=1060\">(17&#8217;40\u00bb)<\/a>.<\/p><\/li>\n\n\n\n<li><p>Atributos de secci\u00f3n para objetos de Rhino <a href=\"https:\/\/youtu.be\/u0CajYp3VAk?t=1320\">(22&#8217;00\u00bb).<\/a><\/p><\/li>\n\n\n\n<li><p>Preparaci\u00f3n de planos vectoriales 2D en tiempo real y hojas de dise\u00f1o <a href=\"https:\/\/youtu.be\/u0CajYp3VAk?t=1416\">(23&#8217;36\u00bb)<\/a>.<\/p><\/li>\n\n\n\n<li><p>Flujo de trabajo b\u00e1sico con objetos de VisualARQ (muros y puertas) <a href=\"https:\/\/youtu.be\/u0CajYp3VAk?t=1733\">(28&#8217;53\u00bb)<\/a><\/p><\/li>\n\n\n\n<li><p>Crear nuevos estilos de objeto de VisualARQ (muros y puertas) <a href=\"https:\/\/youtu.be\/u0CajYp3VAk?t=1997\">(33&#8217;17\u00bb)<\/a><\/p><\/li>\n\n\n\n<li><p>Nuevos estilos de objeto de VisualARQ a partir de definiciones de Grasshopper <a href=\"https:\/\/youtu.be\/u0CajYp3VAk?t=2179\">(36&#8217;19\u00bb)<\/a>.<\/p><\/li>\n\n\n\n<li><p>Nuevos objetos Mueble, Elemento y Anotaci\u00f3n, tambi\u00e9n creados a partir de definiciones de Grasshopper (43&#8217;18\u00bb)<a href=\"https:\/\/youtu.be\/u0CajYp3VAk?t=2598\">.<\/a><\/p><\/li>\n\n\n\n<li><p>Vistas en secci\u00f3n 2D <a href=\"https:\/\/youtu.be\/u0CajYp3VAk?t=2683\"> (44&#8217;43\u00bb)<\/a><\/p><\/li>\n\n\n\n<li><p>Par\u00e1metros personalizados creados por objeto, por estilo, por documento y desde Grasshopper <a href=\"https:\/\/youtu.be\/u0CajYp3VAk?t=2793\">(46&#8217;33\u00bb)<\/a>.<\/p><\/li>\n\n\n\n<li><p>Etiqueta IFC <a href=\"https:\/\/youtu.be\/u0CajYp3VAk?t=2897\">(48&#8217;17\u00bb).<\/a><\/p><\/li>\n\n\n\n<li><p>Introducci\u00f3n a VisualARQ Grasshopper Components WIP3. <a href=\"https:\/\/youtu.be\/u0CajYp3VAk?t=2926\"> (48&#8217;46\u00bb).<\/a><\/p><\/li>\n\n\n\n<li><p>Ejemplo de c\u00f3mo crear un espacio, referenciarlo en Grasshopper y generar las 4 vistas de alzado de una habitaci\u00f3n autom\u00e1ticamente <a href=\"https:\/\/youtu.be\/u0CajYp3VAk?t=3039\">(48&#8217;46\u00bb).<\/a><\/p><\/li>\n\n\n\n<li><p>Ejemplo de c\u00f3mo crear una tabla para cuantificar el volumen de almacenamiento de objetos de muebles en una cocina <a href=\"https:\/\/youtu.be\/u0CajYp3VAk?t=3185\">(53&#8217;05\u00bb).<\/a><\/p>\n<ol class=\"wp-block-list\">\n<li>C\u00f3mo crear un nuevo par\u00e1metro personalizado \u00abStorage Volume\u00bb<\/li>\n\n\n\n<li>Calcular y asignar valores a objetos para este par\u00e1metro desde Grasshopper<\/li>\n\n\n\n<li>Generar un nuevo estilo de tabla para listar esta informaci\u00f3n e insertarla en el modelo<\/li>\n<\/ol>\n<\/li>\n\n\n\n<li><p>Caracter\u00edsticas de importaci\u00f3n y exportaci\u00f3n IFC <a href=\"https:\/\/youtu.be\/u0CajYp3VAk?t=3635\">(1h00&#8217;35\u00bb)<\/a>.<\/p><\/li>\n<\/ul>\n\n\n\n<h2 class=\"wp-block-heading\" id=\"GHStyles\">Estilos de Grasshopper de VisualARQ<\/h2>\n\n\n\n<p>En este seminario web se explica qu\u00e9 son los Estilos de Grasshopper de VisualARQ con algunos ejemplos.<\/p>\n\n\n\n<div class=\"aligncenter my-3\"><div class='youtube-gallery' style='width: 100%;'>\n\t\t\t\t\t\t<a \n\t\t\t\t\t\t\ttitle='Seminarios web' \n\t\t\t\t\t\t\ttarget='_blank' \n\t\t\t\t\t\t\thref='https:\/\/www.youtube.com\/watch?v=6jgzsxPxRyA'\n\t\t\t\t\t\t>\n\t\t\t\t\t\t<span><\/span>\n\t\t\t\t\t\t<img \n\t\t\t\t\t\t\tsrc='https:\/\/img.youtube.com\/vi\/6jgzsxPxRyA\/hqdefault.jpg' \n\t\t\t\t\t\t\twidth='853' \n\t\t\t\t\t\t\theight='480'>\n\t\t\t\t\t\t<\/a>\n\t\t\t\t\t<\/div><br><\/div>\n\n\n\n<h2 class=\"wp-block-heading\" id=\"GHComponents\">VisualARQ Grasshopper Components<\/h2>\n\n\n\n<p>El seminario web muestra c\u00f3mo trabajar con objetos VisualARQ en Grasshopper con Grasshopper Components.<\/p>\n\n\n\n<div class=\"aligncenter my-3\"><div class='youtube-gallery' style='width: 100%;'>\n\t\t\t\t\t\t<a \n\t\t\t\t\t\t\ttitle='Seminarios web' \n\t\t\t\t\t\t\ttarget='_blank' \n\t\t\t\t\t\t\thref='https:\/\/www.youtube.com\/watch?v=kv5MbMToVDE'\n\t\t\t\t\t\t>\n\t\t\t\t\t\t<span><\/span>\n\t\t\t\t\t\t<img \n\t\t\t\t\t\t\tsrc='https:\/\/img.youtube.com\/vi\/kv5MbMToVDE\/hqdefault.jpg' \n\t\t\t\t\t\t\twidth='853' \n\t\t\t\t\t\t\theight='480'>\n\t\t\t\t\t\t<\/a>\n\t\t\t\t\t<\/div><br><\/div>\n","protected":false},"excerpt":{"rendered":"<p>Participe en el pr\u00f3ximo seminario web de VisualARQ Haga clic en el bot\u00f3n para ver si hay un nuevo seminario web de VisualARQ pr\u00f3ximamente. \n<ul class=\"wp-block-list\">\n<li>No hay pr\u00f3ximos seminarios<\/li>\n<\/ul>\n Seminarios web grabados Informaci\u00f3n general de VisualARQ 2 Estilos de Grasshopper de VisualARQ VisualARQ Grasshopper Components Seminarios web anteriores en Youtube VisualARQ 2. Flujo de trabajo de [&hellip;]<\/p>\n","protected":false},"author":6,"featured_media":0,"parent":11653,"menu_order":0,"comment_status":"closed","ping_status":"closed","template":"","meta":{"_et_pb_use_builder":"on","_et_pb_old_content":"","_et_gb_content_width":"","footnotes":""},"class_list":["post-11649","page","type-page","status-publish","hentry"],"yoast_head":"<!-- This site is optimized with the Yoast SEO plugin v27.2 - https:\/\/yoast.com\/product\/yoast-seo-wordpress\/ -->\n<title>Seminarios web - VisualARQ<\/title>\n<meta name=\"robots\" content=\"noindex, follow, max-snippet:-1, max-image-preview:large, max-video-preview:-1\" \/>\n<meta property=\"og:locale\" content=\"es_ES\" \/>\n<meta property=\"og:type\" content=\"article\" \/>\n<meta property=\"og:title\" content=\"Seminarios web - VisualARQ\" \/>\n<meta property=\"og:description\" content=\"Participe en el pr\u00f3ximo seminario web de VisualARQ Haga clic en el bot\u00f3n para ver si hay un nuevo seminario web de VisualARQ pr\u00f3ximamente. Seminarios web grabados Informaci\u00f3n general de VisualARQ 2 Estilos de Grasshopper de VisualARQ VisualARQ Grasshopper Components Seminarios web anteriores en Youtube VisualARQ 2. Flujo de trabajo de [&hellip;]\" \/>\n<meta property=\"og:url\" content=\"https:\/\/stg.visualarq.com\/es\/learn\/webinars\/\" \/>\n<meta property=\"og:site_name\" content=\"VisualARQ\" \/>\n<meta property=\"article:publisher\" content=\"https:\/\/www.facebook.com\/visualarq\" \/>\n<meta property=\"article:modified_time\" content=\"2023-04-23T11:23:20+00:00\" \/>\n<meta property=\"og:image\" content=\"https:\/\/stg.visualarq.com\/wp-content\/uploads\/sites\/2\/2015\/12\/Webinar-image.png\" \/>\n<meta name=\"twitter:card\" content=\"summary_large_image\" \/>\n<meta name=\"twitter:site\" content=\"@VisualARQ\" \/>\n<meta name=\"twitter:label1\" content=\"Tiempo de lectura\" \/>\n\t<meta name=\"twitter:data1\" content=\"2 minutos\" \/>\n<script type=\"application\/ld+json\" class=\"yoast-schema-graph\">{\"@context\":\"https:\/\/schema.org\",\"@graph\":[{\"@type\":\"WebPage\",\"@id\":\"https:\/\/stg.visualarq.com\/es\/learn\/webinars\/\",\"url\":\"https:\/\/stg.visualarq.com\/es\/learn\/webinars\/\",\"name\":\"Seminarios web - VisualARQ\",\"isPartOf\":{\"@id\":\"https:\/\/stg.visualarq.com\/es\/#website\"},\"primaryImageOfPage\":{\"@id\":\"https:\/\/stg.visualarq.com\/es\/learn\/webinars\/#primaryimage\"},\"image\":{\"@id\":\"https:\/\/stg.visualarq.com\/es\/learn\/webinars\/#primaryimage\"},\"thumbnailUrl\":\"https:\/\/stg.visualarq.com\/wp-content\/uploads\/sites\/2\/2015\/12\/Webinar-image.png\",\"datePublished\":\"2015-09-09T00:00:00+00:00\",\"dateModified\":\"2023-04-23T11:23:20+00:00\",\"breadcrumb\":{\"@id\":\"https:\/\/stg.visualarq.com\/es\/learn\/webinars\/#breadcrumb\"},\"inLanguage\":\"es\",\"potentialAction\":[{\"@type\":\"ReadAction\",\"target\":[\"https:\/\/stg.visualarq.com\/es\/learn\/webinars\/\"]}]},{\"@type\":\"ImageObject\",\"inLanguage\":\"es\",\"@id\":\"https:\/\/stg.visualarq.com\/es\/learn\/webinars\/#primaryimage\",\"url\":\"https:\/\/stg.visualarq.com\/wp-content\/uploads\/sites\/2\/2015\/12\/Webinar-image.png\",\"contentUrl\":\"https:\/\/stg.visualarq.com\/wp-content\/uploads\/sites\/2\/2015\/12\/Webinar-image.png\"},{\"@type\":\"BreadcrumbList\",\"@id\":\"https:\/\/stg.visualarq.com\/es\/learn\/webinars\/#breadcrumb\",\"itemListElement\":[{\"@type\":\"ListItem\",\"position\":1,\"name\":\"Home\",\"item\":\"https:\/\/stg.visualarq.com\/es\/home\/\"},{\"@type\":\"ListItem\",\"position\":2,\"name\":\"Formaci\u00f3n\",\"item\":\"https:\/\/stg.visualarq.com\/es\/learn\/\"},{\"@type\":\"ListItem\",\"position\":3,\"name\":\"Seminarios web\"}]},{\"@type\":\"WebSite\",\"@id\":\"https:\/\/stg.visualarq.com\/es\/#website\",\"url\":\"https:\/\/stg.visualarq.com\/es\/\",\"name\":\"VisualARQ\",\"description\":\"Flexible BIM for Rhino\",\"potentialAction\":[{\"@type\":\"SearchAction\",\"target\":{\"@type\":\"EntryPoint\",\"urlTemplate\":\"https:\/\/stg.visualarq.com\/es\/?s={search_term_string}\"},\"query-input\":{\"@type\":\"PropertyValueSpecification\",\"valueRequired\":true,\"valueName\":\"search_term_string\"}}],\"inLanguage\":\"es\"}]}<\/script>\n<!-- \/ Yoast SEO plugin. -->","yoast_head_json":{"title":"Seminarios web - VisualARQ","robots":{"index":"noindex","follow":"follow","max-snippet":"max-snippet:-1","max-image-preview":"max-image-preview:large","max-video-preview":"max-video-preview:-1"},"og_locale":"es_ES","og_type":"article","og_title":"Seminarios web - VisualARQ","og_description":"Participe en el pr\u00f3ximo seminario web de VisualARQ Haga clic en el bot\u00f3n para ver si hay un nuevo seminario web de VisualARQ pr\u00f3ximamente. Seminarios web grabados Informaci\u00f3n general de VisualARQ 2 Estilos de Grasshopper de VisualARQ VisualARQ Grasshopper Components Seminarios web anteriores en Youtube VisualARQ 2. Flujo de trabajo de [&hellip;]","og_url":"https:\/\/stg.visualarq.com\/es\/learn\/webinars\/","og_site_name":"VisualARQ","article_publisher":"https:\/\/www.facebook.com\/visualarq","article_modified_time":"2023-04-23T11:23:20+00:00","og_image":[{"url":"https:\/\/stg.visualarq.com\/wp-content\/uploads\/sites\/2\/2015\/12\/Webinar-image.png","type":"","width":"","height":""}],"twitter_card":"summary_large_image","twitter_site":"@VisualARQ","twitter_misc":{"Tiempo de lectura":"2 minutos"},"schema":{"@context":"https:\/\/schema.org","@graph":[{"@type":"WebPage","@id":"https:\/\/stg.visualarq.com\/es\/learn\/webinars\/","url":"https:\/\/stg.visualarq.com\/es\/learn\/webinars\/","name":"Seminarios web - VisualARQ","isPartOf":{"@id":"https:\/\/stg.visualarq.com\/es\/#website"},"primaryImageOfPage":{"@id":"https:\/\/stg.visualarq.com\/es\/learn\/webinars\/#primaryimage"},"image":{"@id":"https:\/\/stg.visualarq.com\/es\/learn\/webinars\/#primaryimage"},"thumbnailUrl":"https:\/\/stg.visualarq.com\/wp-content\/uploads\/sites\/2\/2015\/12\/Webinar-image.png","datePublished":"2015-09-09T00:00:00+00:00","dateModified":"2023-04-23T11:23:20+00:00","breadcrumb":{"@id":"https:\/\/stg.visualarq.com\/es\/learn\/webinars\/#breadcrumb"},"inLanguage":"es","potentialAction":[{"@type":"ReadAction","target":["https:\/\/stg.visualarq.com\/es\/learn\/webinars\/"]}]},{"@type":"ImageObject","inLanguage":"es","@id":"https:\/\/stg.visualarq.com\/es\/learn\/webinars\/#primaryimage","url":"https:\/\/stg.visualarq.com\/wp-content\/uploads\/sites\/2\/2015\/12\/Webinar-image.png","contentUrl":"https:\/\/stg.visualarq.com\/wp-content\/uploads\/sites\/2\/2015\/12\/Webinar-image.png"},{"@type":"BreadcrumbList","@id":"https:\/\/stg.visualarq.com\/es\/learn\/webinars\/#breadcrumb","itemListElement":[{"@type":"ListItem","position":1,"name":"Home","item":"https:\/\/stg.visualarq.com\/es\/home\/"},{"@type":"ListItem","position":2,"name":"Formaci\u00f3n","item":"https:\/\/stg.visualarq.com\/es\/learn\/"},{"@type":"ListItem","position":3,"name":"Seminarios web"}]},{"@type":"WebSite","@id":"https:\/\/stg.visualarq.com\/es\/#website","url":"https:\/\/stg.visualarq.com\/es\/","name":"VisualARQ","description":"Flexible BIM for Rhino","potentialAction":[{"@type":"SearchAction","target":{"@type":"EntryPoint","urlTemplate":"https:\/\/stg.visualarq.com\/es\/?s={search_term_string}"},"query-input":{"@type":"PropertyValueSpecification","valueRequired":true,"valueName":"search_term_string"}}],"inLanguage":"es"}]}},"_links":{"self":[{"href":"https:\/\/stg.visualarq.com\/es\/wp-json\/wp\/v2\/pages\/11649","targetHints":{"allow":["GET"]}}],"collection":[{"href":"https:\/\/stg.visualarq.com\/es\/wp-json\/wp\/v2\/pages"}],"about":[{"href":"https:\/\/stg.visualarq.com\/es\/wp-json\/wp\/v2\/types\/page"}],"author":[{"embeddable":true,"href":"https:\/\/stg.visualarq.com\/es\/wp-json\/wp\/v2\/users\/6"}],"replies":[{"embeddable":true,"href":"https:\/\/stg.visualarq.com\/es\/wp-json\/wp\/v2\/comments?post=11649"}],"version-history":[{"count":0,"href":"https:\/\/stg.visualarq.com\/es\/wp-json\/wp\/v2\/pages\/11649\/revisions"}],"up":[{"embeddable":true,"href":"https:\/\/stg.visualarq.com\/es\/wp-json\/wp\/v2\/pages\/11653"}],"wp:attachment":[{"href":"https:\/\/stg.visualarq.com\/es\/wp-json\/wp\/v2\/media?parent=11649"}],"curies":[{"name":"wp","href":"https:\/\/api.w.org\/{rel}","templated":true}]}}