{"id":11662,"date":"2014-07-04T00:00:00","date_gmt":"2014-07-04T00:00:00","guid":{"rendered":"https:\/\/stg.visualarq.com\/features\/grasshopper\/exercises\/create-a-stair\/"},"modified":"2019-01-02T16:31:16","modified_gmt":"2019-01-02T16:31:16","slug":"create-a-stair","status":"publish","type":"page","link":"https:\/\/stg.visualarq.com\/es\/learn\/grasshopper-components\/create-a-stair\/","title":{"rendered":"Ejercicio 4. Crear una escalera"},"content":{"rendered":"<h1>Ejercicio 4. Crear una escalera<\/h1>\n\n<h3><img loading=\"lazy\" decoding=\"async\" class=\"aligncenter size-full wp-image-8195\" alt=\"Ejercicio 4 - Escalera\" src=\"https:\/\/stg.visualarq.com\/wp-content\/uploads\/sites\/2\/2013\/11\/Exercise-4-Stair.png\" width=\"920\" height=\"347\" \/><\/h3>\n\n<h3>1. Crear una escalera:<\/h3>\n\n<ul>\n\n<li>1. Arrastre el componente \u00ab<em><strong>Stair<\/strong><\/em>\u00bb de VisualARQ <img loading=\"lazy\" decoding=\"async\" class=\"alignnone size-full wp-image-5117\" alt=\"VA_Stair\" src=\"https:\/\/stg.visualarq.com\/wp-content\/uploads\/sites\/2\/2012\/06\/VA_Stair.jpg\" width=\"26\" height=\"26\" \/>\u00a0al lienzo de Grasshopper. Este componente tiene dos entradas:\n\n<ul>\n\n<li><strong>C:<\/strong>\u00a0Trazo de escalera.<\/li>\n\n<li><strong>O: <\/strong>Opciones para especificar todos los par\u00e1metros de escalera.<\/li>\n\n<\/ul>\n\n<\/li>\n\n<li>2. Asigne una <strong>curva<\/strong> a la entrada <em>C<\/em> de la escalera. La curva definir\u00e1 el trazo de la escalera. Puede designar una o varias curvas siempre que sean L\u00edneas, Polil\u00edneas o Arcos, y se generar\u00e1 un objeto de escalera para cada curva seleccionada. Las escaleras a partir de polil\u00edneas crear\u00e1n un tramo de escalera para cada segmento de la polil\u00ednea.<\/li>\n\n<\/ul>\n\n<p>Las curvas elegidas pueden tomarse de Rhino (referenciadas en Grasshopper con <em>Curve Param<\/em>) o crearse directamente en Grasshopper.<\/p>\n\n<p>Recuerde que en ambos casos las curvas deben ser planas y abiertas; de lo contrario, las escaleras no se generar\u00e1n.<\/p>\n\n<p>(<strong>Nota 1<\/strong>: No se puede editar cada tipo de tramo de escalera (\u00abpelda\u00f1os\u00bb o \u00abdescansillos\u00bb) desde Grasshopper. Necesita modificar la escalera con el comando Bake y hacerlo desde el cuadro de di\u00e1logo de propiedades de objeto de la escalera <img loading=\"lazy\" decoding=\"async\" class=\"alignnone size-full wp-image-5113\" alt=\"VA_Properties\" src=\"https:\/\/stg.visualarq.com\/wp-content\/uploads\/sites\/2\/2012\/06\/VA_Properties.jpg\" width=\"26\" height=\"26\" \/>).<\/p>\n\n<p>(<strong>Nota 2<\/strong>: Las escaleras de VisualARQ en Grasshopper no pueden crearse a desde tipos de curva que no sean l\u00edneas, polil\u00edneas o arcos, ya que as\u00ed es como funciona en Rhino. En pr\u00f3ximas versiones de VisualARQ, las escaleras podr\u00e1n crearse a partir de cualquier tipo de curva.)\u00a0<\/p>\n\n<h3>2. Defina los par\u00e1metros de la escalera:<\/h3>\n\n<ul>\n\n<li>1. Arrastre el componente <em><strong>Stair Options<\/strong><\/em><img loading=\"lazy\" decoding=\"async\" class=\"alignnone size-full wp-image-8159\" alt=\"Stair Options-24\" src=\"https:\/\/stg.visualarq.com\/wp-content\/uploads\/sites\/2\/2013\/11\/Stair-Options-24.png\" width=\"24\" height=\"24\" \/>\u00a0al lienzo de Grasshopper. Este componente tiene diferentes entradas que definen los par\u00e1metros de la escalera.<\/li>\n\n<li>2. Conecte la salida de <em>Stair Options O<\/em> a la entrada <em>O<\/em> del componente <em>Stair<\/em>.<\/li>\n\n<li>3. Defina las diferentes <em>Stair\u00a0Options<\/em>:\n\n<ul>\n\n<li><strong>(<em>S<\/em>)\u00a0<em>Stair Style<\/em>:\u00a0<img loading=\"lazy\" decoding=\"async\" class=\"alignnone size-full wp-image-8172\" alt=\"Stair Style Param-24\" src=\"https:\/\/stg.visualarq.com\/wp-content\/uploads\/sites\/2\/2013\/11\/Stair-Style-Param-24.png\" width=\"24\" height=\"24\" \/><\/strong>\u00a0Puede arrastrar un componente <em>Stair\u00a0Style Param<\/em> al lienzo y conectarlo a la entrada <em>S<\/em> de <em>Stair Options<\/em>. Este componente <em>Stair\u00a0Style<\/em> tiene un estilo de escalera est\u00e1ndar asignado de manera predeterminada. Para asignar un estilo de escalera diferente, haga clic con el bot\u00f3n derecho en este componente y seleccione la opci\u00f3n \u00ab<em>Set one Stair Style<\/em>\u00bb de la lista. Grasshopper estar\u00e1 oculto hasta que seleccione un estilo de escalera de la lista que se muestra en la l\u00ednea de comandos de Rhino. Esta lista muestra los estilos de escalera existentes disponibles en el documento de Rhino en el que est\u00e1 trabajando. Si desea crear nuevos estilos de escalera, puede hacerlo desde el di\u00e1logo de estilos de escalera de VisualARQ en Rhino (comando vaEscaleraEstilos) o directamente en Grasshopper, como se describe en el punto 3 de este tutorial.\u00a0<\/li>\n\n<li><strong>(A) <em>Stair\u00a0Alignment<\/em><\/strong>:\u00a0<img loading=\"lazy\" decoding=\"async\" class=\"alignnone size-full wp-image-8191\" alt=\"Stair Alignment Input 24\" src=\"https:\/\/stg.visualarq.com\/wp-content\/uploads\/sites\/2\/2013\/11\/Stair-Alignment-Input-24.png\" width=\"24\" height=\"24\" \/>\u00a0El <em>Stair\u00a0Alignment<\/em> define la posici\u00f3n de la escalera de acuerdo con la direcci\u00f3n de la curva base. Arrastre y conecte un componente \u00a0<em>Stair Alignment<\/em>\u00a0(situado en la secci\u00f3n <em>Input<\/em>, debajo de la ficha Params en Grasshopper) y haga clic con el bot\u00f3n derecho para seleccionar una de las tres opciones:\u00a0<em>left<\/em>, <em>center<\/em> o<em> right<\/em>. Estas posiciones de alineaci\u00f3n tambi\u00e9n pueden introducirse como n\u00fameros entero (<em>0=left, 1=center<\/em>  y <em>2=right<\/em>) en la entrada <em>A<\/em>.<\/li>\n\n<li><strong>(<em>H<\/em>)\u00a0<em>Stair Height<\/em><\/strong>: La altura de la escalera es la altura total del objeto de escalera. Arrastre un componente <em>Number Slider<\/em> al lienzo y con\u00e9ctelo con la entrada <em>H<\/em> de <em>Stair Options<\/em>. Cuando <em>Stair Options<\/em>\u00a0no tiene ning\u00fan n\u00famero conectado a su entrada <em>H<\/em> o este valor es 0, la escalera toma la altura predeterminada.\u00a0<\/li>\n\n<li><strong>(<em>W<\/em>)\u00a0<strong><em>Stair Width<\/em><\/strong><\/strong>. El valor de anchura de la escalera es regular en todo el trazo de la escalera.<\/li>\n\n<li><strong>(<em>N<\/em>)\u00a0<em>Step Count<\/em><\/strong>: N\u00famero total de pelda\u00f1os de la escalera.<\/li>\n\n<li><strong>(<em>T<\/em>) Tread<em><\/em><\/strong>: Tama\u00f1o de huella.<\/li>\n\n<li><strong>(<em>St<\/em>) Start thickness:<\/strong>\u00a0Este valor define el grosor de la losa de escalera en la parte inferior (inicio) de la escalera. Este valor solo afecta a la escalera cuyo estilo tiene una losa. <\/li>\n\n<li><strong>(E<em>t<\/em>) End thickness:<\/strong>\u00a0Este valor define el grosor de la losa de escalera en la parte superior (final) de la escalera. Este valor solo afecta a la escalera cuyo estilo tiene una losa. <\/li>\n\n<\/ul>\n\n<\/li>\n\n<\/ul>\n\n<h3>3. Crear un nuevo estilo de escalera:<\/h3>\n\n<ul>\n\n<li>1. Arrastre el componente <em><strong>Stair Style<\/strong><\/em><img loading=\"lazy\" decoding=\"async\" class=\"alignnone size-full wp-image-8187\" alt=\"Stair Styles-24\" src=\"https:\/\/stg.visualarq.com\/wp-content\/uploads\/sites\/2\/2013\/11\/Stair-Styles-24.png\" width=\"24\" height=\"24\" \/>\u00a0al lienzo de Grasshopper. Este componente tiene diferentes entradas que definen los par\u00e1metros del estilo de escalera.\n\n<ul>\n\n<li><strong>(<em>N<\/em>) Name<\/strong>: Nombre del estilo de escalera.\u00a0<\/li>\n\n<li><strong>(C) <em>Stair Components: <\/em><\/strong>Las escaleras pueden tener o no tener componentes.\u00a0El \u00fanico componente disponible para las escaleras es <em>Stair Slab<\/em>. Arrastre un componente Stair Slab <em><img loading=\"lazy\" decoding=\"async\" alt=\"Stair Slab-24\" src=\"https:\/\/stg.visualarq.com\/wp-content\/uploads\/sites\/2\/2013\/11\/Stair-Slab-24.png\" width=\"24\" height=\"24\" \/><\/em>\u00a0<span style=\"line-height: 24px\">y con\u00e9ctelo a <\/span>C. Asigne un nombre (entrada <em>N<\/em>) y un grosor (entrada <em>T<\/em>) al componente Stair Slab.<\/li>\n\n<\/ul>\n\n<\/li>\n\n<\/ul>\n\n<h3>4. Crear una escalera de caracol<\/h3>\n\n<p><img loading=\"lazy\" decoding=\"async\" class=\"aligncenter size-full wp-image-8197\" alt=\"Ejercicio 4 -  Escalera de caracol\" src=\"https:\/\/stg.visualarq.com\/wp-content\/uploads\/sites\/2\/2013\/11\/Exercise-4-Spiral-Stair.png\" width=\"920\" height=\"347\" \/><\/p>\n\n<p>El proceso de creaci\u00f3n de una escalera de caracol es el mismo que el de una escalera normal. La \u00fanica diferencia es que tiene que designar un <strong>Arco<\/strong> como trayectoria de la escalera de caracol.<\/p>\n\n<p>(<strong>Nota<\/strong>: Las escaleras de caracol no pueden crearse a partir de una trayectoria con un giro superior a 360\u00ba. T\u00e9ngalo en cuenta cuando defina el n\u00famero de pelda\u00f1os o el tama\u00f1o de huella, ya que estos valores pueden hacer que el giro de escalera sea superior a los 360\u00ba y que la escalera no se genere.)<\/p>\n\n<h3>5. Invertir la direcci\u00f3n de la escalera<\/h3>\n\n<p>La direcci\u00f3n de la escalera est\u00e1 determinada por la direcci\u00f3n de la curva de trayectoria. Si necesita cambiar la direcci\u00f3n de la escalera, invierta solamente la curva de trayectoria utilizando el componente <em>Flip Curve<\/em> <img loading=\"lazy\" decoding=\"async\" class=\"alignnone size-full wp-image-8201\" alt=\"Flip curve\" src=\"https:\/\/stg.visualarq.com\/wp-content\/uploads\/sites\/2\/2013\/11\/Flip-curve.png\" width=\"26\" height=\"26\" \/> (ficha Curve &gt; Util).<\/p>","protected":false},"excerpt":{"rendered":"<p>Ejercicio 4. Crear una escalera 1. Crear una escalera: 1. Arrastre el componente \u00abStair\u00bb de VisualARQ \u00a0al lienzo de Grasshopper. Este componente tiene dos entradas: C:\u00a0Trazo de escalera. O: Opciones para especificar todos los par\u00e1metros de escalera. 2. Asigne una curva a la entrada C de la escalera. La curva definir\u00e1 el trazo de la [&hellip;]<\/p>\n","protected":false},"author":6,"featured_media":0,"parent":11668,"menu_order":4,"comment_status":"closed","ping_status":"closed","template":"","meta":{"_et_pb_use_builder":"","_et_pb_old_content":"","_et_gb_content_width":"","footnotes":""},"class_list":["post-11662","page","type-page","status-publish","hentry"],"yoast_head":"<!-- This site is optimized with the Yoast SEO plugin v27.3 - https:\/\/yoast.com\/product\/yoast-seo-wordpress\/ -->\n<title>Ejercicio 4. Crear una escalera - VisualARQ<\/title>\n<meta name=\"robots\" content=\"noindex, follow, max-snippet:-1, max-image-preview:large, max-video-preview:-1\" \/>\n<meta property=\"og:locale\" content=\"es_ES\" \/>\n<meta property=\"og:type\" content=\"article\" \/>\n<meta property=\"og:title\" content=\"Ejercicio 4. Crear una escalera - VisualARQ\" \/>\n<meta property=\"og:description\" content=\"Ejercicio 4. Crear una escalera 1. Crear una escalera: 1. Arrastre el componente \u00abStair\u00bb de VisualARQ \u00a0al lienzo de Grasshopper. Este componente tiene dos entradas: C:\u00a0Trazo de escalera. O: Opciones para especificar todos los par\u00e1metros de escalera. 2. Asigne una curva a la entrada C de la escalera. La curva definir\u00e1 el trazo de la [&hellip;]\" \/>\n<meta property=\"og:url\" content=\"https:\/\/stg.visualarq.com\/es\/learn\/grasshopper-components\/create-a-stair\/\" \/>\n<meta property=\"og:site_name\" content=\"VisualARQ\" \/>\n<meta property=\"article:publisher\" content=\"https:\/\/www.facebook.com\/visualarq\" \/>\n<meta property=\"article:modified_time\" content=\"2019-01-02T16:31:16+00:00\" \/>\n<meta property=\"og:image\" content=\"https:\/\/stg.visualarq.com\/wp-content\/uploads\/sites\/2\/2013\/11\/Exercise-4-Stair.png\" \/>\n<meta name=\"twitter:card\" content=\"summary_large_image\" \/>\n<meta name=\"twitter:site\" content=\"@VisualARQ\" \/>\n<meta name=\"twitter:label1\" content=\"Tiempo de lectura\" \/>\n\t<meta name=\"twitter:data1\" content=\"4 minutos\" \/>\n<script type=\"application\/ld+json\" class=\"yoast-schema-graph\">{\"@context\":\"https:\\\/\\\/schema.org\",\"@graph\":[{\"@type\":\"WebPage\",\"@id\":\"https:\\\/\\\/stg.visualarq.com\\\/es\\\/learn\\\/grasshopper-components\\\/create-a-stair\\\/\",\"url\":\"https:\\\/\\\/stg.visualarq.com\\\/es\\\/learn\\\/grasshopper-components\\\/create-a-stair\\\/\",\"name\":\"Ejercicio 4. Crear una escalera - VisualARQ\",\"isPartOf\":{\"@id\":\"https:\\\/\\\/stg.visualarq.com\\\/es\\\/#website\"},\"primaryImageOfPage\":{\"@id\":\"https:\\\/\\\/stg.visualarq.com\\\/es\\\/learn\\\/grasshopper-components\\\/create-a-stair\\\/#primaryimage\"},\"image\":{\"@id\":\"https:\\\/\\\/stg.visualarq.com\\\/es\\\/learn\\\/grasshopper-components\\\/create-a-stair\\\/#primaryimage\"},\"thumbnailUrl\":\"https:\\\/\\\/stg.visualarq.com\\\/wp-content\\\/uploads\\\/sites\\\/2\\\/2013\\\/11\\\/Exercise-4-Stair.png\",\"datePublished\":\"2014-07-04T00:00:00+00:00\",\"dateModified\":\"2019-01-02T16:31:16+00:00\",\"breadcrumb\":{\"@id\":\"https:\\\/\\\/stg.visualarq.com\\\/es\\\/learn\\\/grasshopper-components\\\/create-a-stair\\\/#breadcrumb\"},\"inLanguage\":\"es\",\"potentialAction\":[{\"@type\":\"ReadAction\",\"target\":[\"https:\\\/\\\/stg.visualarq.com\\\/es\\\/learn\\\/grasshopper-components\\\/create-a-stair\\\/\"]}]},{\"@type\":\"ImageObject\",\"inLanguage\":\"es\",\"@id\":\"https:\\\/\\\/stg.visualarq.com\\\/es\\\/learn\\\/grasshopper-components\\\/create-a-stair\\\/#primaryimage\",\"url\":\"https:\\\/\\\/stg.visualarq.com\\\/wp-content\\\/uploads\\\/sites\\\/2\\\/2013\\\/11\\\/Exercise-4-Stair.png\",\"contentUrl\":\"https:\\\/\\\/stg.visualarq.com\\\/wp-content\\\/uploads\\\/sites\\\/2\\\/2013\\\/11\\\/Exercise-4-Stair.png\"},{\"@type\":\"BreadcrumbList\",\"@id\":\"https:\\\/\\\/stg.visualarq.com\\\/es\\\/learn\\\/grasshopper-components\\\/create-a-stair\\\/#breadcrumb\",\"itemListElement\":[{\"@type\":\"ListItem\",\"position\":1,\"name\":\"Home\",\"item\":\"https:\\\/\\\/stg.visualarq.com\\\/es\\\/home\\\/\"},{\"@type\":\"ListItem\",\"position\":2,\"name\":\"Formaci\u00f3n\",\"item\":\"https:\\\/\\\/stg.visualarq.com\\\/es\\\/learn\\\/\"},{\"@type\":\"ListItem\",\"position\":3,\"name\":\"Grasshopper Components\",\"item\":\"https:\\\/\\\/stg.visualarq.com\\\/es\\\/learn\\\/grasshopper-components\\\/\"},{\"@type\":\"ListItem\",\"position\":4,\"name\":\"Ejercicio 4. Crear una escalera\"}]},{\"@type\":\"WebSite\",\"@id\":\"https:\\\/\\\/stg.visualarq.com\\\/es\\\/#website\",\"url\":\"https:\\\/\\\/stg.visualarq.com\\\/es\\\/\",\"name\":\"VisualARQ\",\"description\":\"Flexible BIM for Rhino\",\"potentialAction\":[{\"@type\":\"SearchAction\",\"target\":{\"@type\":\"EntryPoint\",\"urlTemplate\":\"https:\\\/\\\/stg.visualarq.com\\\/es\\\/?s={search_term_string}\"},\"query-input\":{\"@type\":\"PropertyValueSpecification\",\"valueRequired\":true,\"valueName\":\"search_term_string\"}}],\"inLanguage\":\"es\"}]}<\/script>\n<!-- \/ Yoast SEO plugin. -->","yoast_head_json":{"title":"Ejercicio 4. Crear una escalera - VisualARQ","robots":{"index":"noindex","follow":"follow","max-snippet":"max-snippet:-1","max-image-preview":"max-image-preview:large","max-video-preview":"max-video-preview:-1"},"og_locale":"es_ES","og_type":"article","og_title":"Ejercicio 4. Crear una escalera - VisualARQ","og_description":"Ejercicio 4. Crear una escalera 1. Crear una escalera: 1. Arrastre el componente \u00abStair\u00bb de VisualARQ \u00a0al lienzo de Grasshopper. Este componente tiene dos entradas: C:\u00a0Trazo de escalera. O: Opciones para especificar todos los par\u00e1metros de escalera. 2. Asigne una curva a la entrada C de la escalera. La curva definir\u00e1 el trazo de la [&hellip;]","og_url":"https:\/\/stg.visualarq.com\/es\/learn\/grasshopper-components\/create-a-stair\/","og_site_name":"VisualARQ","article_publisher":"https:\/\/www.facebook.com\/visualarq","article_modified_time":"2019-01-02T16:31:16+00:00","og_image":[{"url":"https:\/\/stg.visualarq.com\/wp-content\/uploads\/sites\/2\/2013\/11\/Exercise-4-Stair.png","type":"","width":"","height":""}],"twitter_card":"summary_large_image","twitter_site":"@VisualARQ","twitter_misc":{"Tiempo de lectura":"4 minutos"},"schema":{"@context":"https:\/\/schema.org","@graph":[{"@type":"WebPage","@id":"https:\/\/stg.visualarq.com\/es\/learn\/grasshopper-components\/create-a-stair\/","url":"https:\/\/stg.visualarq.com\/es\/learn\/grasshopper-components\/create-a-stair\/","name":"Ejercicio 4. Crear una escalera - VisualARQ","isPartOf":{"@id":"https:\/\/stg.visualarq.com\/es\/#website"},"primaryImageOfPage":{"@id":"https:\/\/stg.visualarq.com\/es\/learn\/grasshopper-components\/create-a-stair\/#primaryimage"},"image":{"@id":"https:\/\/stg.visualarq.com\/es\/learn\/grasshopper-components\/create-a-stair\/#primaryimage"},"thumbnailUrl":"https:\/\/stg.visualarq.com\/wp-content\/uploads\/sites\/2\/2013\/11\/Exercise-4-Stair.png","datePublished":"2014-07-04T00:00:00+00:00","dateModified":"2019-01-02T16:31:16+00:00","breadcrumb":{"@id":"https:\/\/stg.visualarq.com\/es\/learn\/grasshopper-components\/create-a-stair\/#breadcrumb"},"inLanguage":"es","potentialAction":[{"@type":"ReadAction","target":["https:\/\/stg.visualarq.com\/es\/learn\/grasshopper-components\/create-a-stair\/"]}]},{"@type":"ImageObject","inLanguage":"es","@id":"https:\/\/stg.visualarq.com\/es\/learn\/grasshopper-components\/create-a-stair\/#primaryimage","url":"https:\/\/stg.visualarq.com\/wp-content\/uploads\/sites\/2\/2013\/11\/Exercise-4-Stair.png","contentUrl":"https:\/\/stg.visualarq.com\/wp-content\/uploads\/sites\/2\/2013\/11\/Exercise-4-Stair.png"},{"@type":"BreadcrumbList","@id":"https:\/\/stg.visualarq.com\/es\/learn\/grasshopper-components\/create-a-stair\/#breadcrumb","itemListElement":[{"@type":"ListItem","position":1,"name":"Home","item":"https:\/\/stg.visualarq.com\/es\/home\/"},{"@type":"ListItem","position":2,"name":"Formaci\u00f3n","item":"https:\/\/stg.visualarq.com\/es\/learn\/"},{"@type":"ListItem","position":3,"name":"Grasshopper Components","item":"https:\/\/stg.visualarq.com\/es\/learn\/grasshopper-components\/"},{"@type":"ListItem","position":4,"name":"Ejercicio 4. Crear una escalera"}]},{"@type":"WebSite","@id":"https:\/\/stg.visualarq.com\/es\/#website","url":"https:\/\/stg.visualarq.com\/es\/","name":"VisualARQ","description":"Flexible BIM for Rhino","potentialAction":[{"@type":"SearchAction","target":{"@type":"EntryPoint","urlTemplate":"https:\/\/stg.visualarq.com\/es\/?s={search_term_string}"},"query-input":{"@type":"PropertyValueSpecification","valueRequired":true,"valueName":"search_term_string"}}],"inLanguage":"es"}]}},"_links":{"self":[{"href":"https:\/\/stg.visualarq.com\/es\/wp-json\/wp\/v2\/pages\/11662","targetHints":{"allow":["GET"]}}],"collection":[{"href":"https:\/\/stg.visualarq.com\/es\/wp-json\/wp\/v2\/pages"}],"about":[{"href":"https:\/\/stg.visualarq.com\/es\/wp-json\/wp\/v2\/types\/page"}],"author":[{"embeddable":true,"href":"https:\/\/stg.visualarq.com\/es\/wp-json\/wp\/v2\/users\/6"}],"replies":[{"embeddable":true,"href":"https:\/\/stg.visualarq.com\/es\/wp-json\/wp\/v2\/comments?post=11662"}],"version-history":[{"count":0,"href":"https:\/\/stg.visualarq.com\/es\/wp-json\/wp\/v2\/pages\/11662\/revisions"}],"up":[{"embeddable":true,"href":"https:\/\/stg.visualarq.com\/es\/wp-json\/wp\/v2\/pages\/11668"}],"wp:attachment":[{"href":"https:\/\/stg.visualarq.com\/es\/wp-json\/wp\/v2\/media?parent=11662"}],"curies":[{"name":"wp","href":"https:\/\/api.w.org\/{rel}","templated":true}]}}