{"id":11664,"date":"2013-11-19T00:00:00","date_gmt":"2013-11-19T00:00:00","guid":{"rendered":"https:\/\/stg.visualarq.com\/features\/grasshopper\/exercises\/create-slabs\/"},"modified":"2019-01-02T16:31:24","modified_gmt":"2019-01-02T16:31:24","slug":"create-slabs","status":"publish","type":"page","link":"https:\/\/stg.visualarq.com\/es\/learn\/grasshopper-components\/create-slabs\/","title":{"rendered":"Ejercicio 5. Crear una losa"},"content":{"rendered":"<h1>Ejercicio 5. Crear una losa<\/h1>\n\n<h3>1. Crear una losa:<\/h3>\n\n<p><em><img loading=\"lazy\" decoding=\"async\" class=\"aligncenter size-full wp-image-8218\" alt=\"Ejercicio 5 - Losa simple\" src=\"https:\/\/stg.visualarq.com\/wp-content\/uploads\/sites\/2\/2013\/11\/Exercise-5-Simple-slab.png\" width=\"900\" height=\"250\" \/><\/em><\/p>\n\n<p>Para crear una losa de VisualARQ en Grasshopper solo necesita una curva cerrada y plana.<\/p>\n\n<ul>\n\n<li>1. Arrastre el componente <em><strong>Slab<\/strong><\/em> de VisualARQ <img loading=\"lazy\" decoding=\"async\" class=\"alignnone size-full wp-image-8204\" alt=\"Slab-24\" src=\"https:\/\/stg.visualarq.com\/wp-content\/uploads\/sites\/2\/2013\/11\/Slab-24.png\" width=\"24\" height=\"24\" \/>\u00a0al lienzo de Grasshopper. Este componente tiene dos entradas:\n\n<ul>\n\n<li><strong>C:<\/strong>\u00a0Curva de contorno<\/li>\n\n<li><strong>O:\u00a0<\/strong>Opciones para especificar todos los par\u00e1metros de losa.<\/li>\n\n<\/ul>\n\n<\/li>\n\n<li>2. Asigne una <strong>curva<\/strong> a la entrada <em>C<\/em> de la losa. La curva definir\u00e1 el contorno de losa y debe ser plana y cerrada. Puede seleccionar varias curvas para generar varias losas.<\/li>\n\n<\/ul>\n\n<p>Las curvas elegidas pueden tomarse de Rhino (referenciadas en Grasshopper con <em>Curve Param<\/em>) o crearse directamente en Grasshopper.<\/p>\n\n<h3>2. Defina los par\u00e1metros de losa:<\/h3>\n\n<ul>\n\n<li>1. Arrastre el componente <em><strong>Slab Options<\/strong><\/em><img loading=\"lazy\" decoding=\"async\" class=\"alignnone size-full wp-image-8210\" alt=\"Slab Options-24\" src=\"https:\/\/stg.visualarq.com\/wp-content\/uploads\/sites\/2\/2013\/11\/Slab-Options-24.png\" width=\"24\" height=\"24\" \/>\u00a0al lienzo de Grasshopper. Este componente tiene diferentes entradas que definen los par\u00e1metros del losa.<\/li>\n\n<li>2. Conecte la salida de <em>Slab Options O<\/em> a la entrada <em>O<\/em> del componente <em>Slab<\/em>.<\/li>\n\n<li>3. Defina las diferentes <em>Slab Options<\/em>:\n\n<ul>\n\n<li><strong>(<em>S<\/em>)\u00a0<em>Slab Style<\/em>:\u00a0<img loading=\"lazy\" decoding=\"async\" class=\"alignnone size-full wp-image-8170\" alt=\"Slab Styles Param-24\" src=\"https:\/\/stg.visualarq.com\/wp-content\/uploads\/sites\/2\/2013\/11\/Slab-Style-Param-24.png\" width=\"24\" height=\"24\" \/><\/strong>\u00a0Puede arrastrar un  componente <em>Slab Style Param<\/em> al lienzo y conectarlo a la entrada <em>S<\/em> de <em>Slab Options<\/em>. La versi\u00f3n actual de VisualARQ (1.8) solo tiene un estilo est\u00e1ndar disponible asignado <span style=\"line-height: 24px\">de manera predeterminada<\/span>. En futuras versiones, ser\u00e1 posible crear y editar estilos de losa.<\/li>\n\n<li><strong>(A)\u00a0<em>Alignment<\/em><\/strong>:\u00a0<img loading=\"lazy\" decoding=\"async\" class=\"alignnone size-full wp-image-8214\" alt=\"Slabs and Roofs alignment input 24\" src=\"https:\/\/stg.visualarq.com\/wp-content\/uploads\/sites\/2\/2013\/11\/Slabs-and-Roofs-alignment-input-24.png\" width=\"24\" height=\"24\" \/>\u00a0El <em>Slab Alignment (ficha Params &gt; Architectural Inputs)<\/em>\u00a0define la posici\u00f3n de la losa en relaci\u00f3n a la curva de controno. Hay tres opciones disponibles: <em>top<\/em>,\u00a0<em>center<\/em>\u00a0o<em>\u00a0bottom<\/em>. Estas posiciones de alineaci\u00f3n tambi\u00e9n pueden introducirse como n\u00fameros enteros (<em>0=Top, 1=Center<\/em> y <em>2=Bottom<\/em>) en la entrada <em>A<\/em>.<\/li>\n\n<li><strong>(<em>T<\/em>)\u00a0<em>Thickness<\/em><\/strong>: Grosor de losa.\u00a0<\/li>\n\n<\/ul>\n\n<\/li>\n\n<\/ul>\n\n<h3>3. Sustraer un contorno de una losa<\/h3>\n\n<p><em><img loading=\"lazy\" decoding=\"async\" class=\"aligncenter size-full wp-image-8219\" alt=\"Ejercicio 5 - Sustraer losa\" src=\"https:\/\/stg.visualarq.com\/wp-content\/uploads\/sites\/2\/2013\/11\/Exercise-5-slab-subtract.png\" width=\"900\" height=\"229\" \/><\/em><\/p>\n\n<p>Puede sustraer un contorno de curva de una o varias losas.<\/p>\n\n<ol>\n\n<li>Arrastre el componente <em>Slab Subtract Boundary<\/em> <img loading=\"lazy\" decoding=\"async\" class=\"alignnone size-full wp-image-5116\" alt=\"VA_SlabSubtract\" src=\"https:\/\/stg.visualarq.com\/wp-content\/uploads\/sites\/2\/2012\/06\/VA_SlabSubtract.jpg\" width=\"26\" height=\"26\" \/>\u00a0al lienzo de Grasshopper.<\/li>\n\n<li>Conecte la entrada <em>S<\/em> en la losa a la cual desee sustraer un contorno.<\/li>\n\n<li>Conecte la entrada  <em>C<\/em> en la curva que se usar\u00e1 como contorno a sustraer. Esta curva debe ser plana y cerrada.<\/li>\n\n<\/ol>\n\n<p>La sustracci\u00f3n de contornos en losas se realizar\u00e1 teniendo en cuenta el \u00e1rea de la curva de contorno proyectada verticalmente en la losa.<br \/> Si se la curva de contorno se proyecta completamente fuera de los l\u00edmites de la losa, la sustracci\u00f3n no se realizar\u00e1 y no ser\u00e1 visible.<\/p>\n\n<p><strong>Nota<\/strong>: Los contornos no tienen que estar en el plano de losa, pero tienen que ser curvas <strong>planas<\/strong> y <strong>cerradas<\/strong>.<\/p>\n\n<h3>4. Vincular contornos de escalera con agujeros de losa<\/h3>\n\n<p><em style=\"line-height: 24px\"><img loading=\"lazy\" decoding=\"async\" class=\"aligncenter size-full wp-image-8220\" alt=\"Hueco de escalera de losa\" src=\"https:\/\/stg.visualarq.com\/wp-content\/uploads\/sites\/2\/2013\/11\/Slab-stair-clerance.png\" width=\"900\" height=\"260\" \/><\/em><\/p>\n\n<p>Puede sustraer el contorno de una escalera de VisualARQ de un objeto de losa, que mantiene un altura de hueco m\u00ednima especificada entre la trayectoria de escalera y la superficie inferior de la losa.<\/p>\n\n<ol>\n\n<li>Arrastre un componente <em>Slab Subtract Stair Clearance<\/em> <img loading=\"lazy\" decoding=\"async\" class=\"alignnone size-full wp-image-8221\" alt=\"vaSlabSubtractStairClearance 24\" src=\"https:\/\/stg.visualarq.com\/wp-content\/uploads\/sites\/2\/2013\/11\/vaSlabSubtractStairClearance-24.png\" width=\"24\" height=\"24\" \/>\u00a0al lienzo de Grasshopper.<\/li>\n\n<li>Este componente tiene tres entradas. Conecte los componentes y valores\u00a0correspondiente <span style=\"line-height: 24px\">en:<\/span>\n\n<ul>\n\n<li><strong>(S)<\/strong>: Losa de entrada<\/li>\n\n<li><strong>(St)<\/strong>: Escalera para el hueco<\/li>\n\n<li><strong>(H)<\/strong>: Altura de hueco: altura de hueco m\u00ednima entre la trayectoria de escalera y la superficie inferior de la losa<\/li>\n\n<\/ul>\n\n<\/li>\n\n<\/ol>\n\n<h3>5. Crear losas multinivel desde un volumen<\/h3>\n\n<p><img loading=\"lazy\" decoding=\"async\" class=\"alignnone size-full wp-image-8224\" alt=\"Losas desde volumen\" src=\"https:\/\/stg.visualarq.com\/wp-content\/uploads\/sites\/2\/2013\/11\/Slabs-from-volume.jpg\" width=\"900\" height=\"632\" \/><\/p>\n\n<p><strong>Paso 1<\/strong>. Seleccione una Brep referenciada desde el modelo: suelte un componente <em>Brep Param<\/em>, haga clic con el bot\u00f3n derecho y seleccione <em>Set one Brep<\/em> (volumen) desde el modelo (luego oculte la Brep en Rhino para un mejor flujo de trabajo).<\/p>\n\n<p><strong>Paso 2.<\/strong>\u00a0Cree planos de intersecci\u00f3n en la altura del edificio:<\/p>\n\n<ol>\n\n<li>Cree una l\u00ednea vertical de la misma altura que la Brep. Puede utilizar una <strong><em>L\u00ednea SDL<\/em><\/strong> para este fin. La l\u00ednea necesita la siguiente informaci\u00f3n\n\n<ol>\n\n<li><strong>(S)<\/strong>: Punto de inicio de l\u00ednea (aseg\u00farese de que el punto est\u00e1 ubicado en la base del volumen)<\/li>\n\n<li><strong>(D):<\/strong> Direcci\u00f3n de l\u00ednea: (vector de <em>unidad Z <\/em>)<\/li>\n\n<li><strong>(L)<\/strong>: Longitud de l\u00ednea. Inserte la altura del edificio despu\u00e9s de calcularla.<\/li>\n\n<\/ol>\n\n<\/li>\n\n<li>Divida la l\u00ednea en segmentos: cada divisi\u00f3n representar\u00e1 diferentes plantas en el edificio.\n\n<ol>\n\n<li>Arrastre un componente <em>Divide Length<\/em> al lienzo.<\/li>\n\n<li>Conecte el componente <em>Line SDL\u00a0<\/em> a la entrada <em>C<\/em> (Curve to divide) e introduzca un valor num\u00e9rico en la entrada <em>L<\/em> (Length of segments).<\/li>\n\n<\/ol>\n\n<\/li>\n\n<li>Crear los planos: Arrastre un componente Plane y col\u00f3quelo en los puntos de divisi\u00f3n del componente Divide Length.<\/li>\n\n<\/ol>\n\n<p><strong>Paso 3.<\/strong> Busque la intersecci\u00f3n entre los planos horizontal y la Brep<\/p>\n\n<ol>\n\n<li>Arrastre un componente <em>Brep \/ Plane<\/em> y conecte la <em>Base Brep<\/em> en la entrada B y <span style=\"font-size: medium;line-height: 24px\"><em>Section Planes<\/em> en la entrada <em>P<\/em>. Se crear\u00e1n las curvas de nivel de la Brep.<\/span><\/li>\n\n<\/ol>\n\n<p><strong>Paso 4.<\/strong> Crear las losas.<\/p>\n\n<ol>\n\n<li>Como se describe en el punto 1 de este tutorial, arrastre un componente <em>Slab<\/em> <img loading=\"lazy\" decoding=\"async\" alt=\"Slab-24\" src=\"https:\/\/stg.visualarq.com\/wp-content\/uploads\/sites\/2\/2013\/11\/Slab-24.png\" width=\"24\" height=\"24\" \/> en el lienzo y conecte su entrada <em>C<\/em>, las curvas de intersecci\u00f3n creadas en el paso anterior.<\/li>\n\n<li>Arrastre el componente <em>Slab Options<\/em> <img loading=\"lazy\" decoding=\"async\" alt=\"Slab Options-24\" src=\"https:\/\/stg.visualarq.com\/wp-content\/uploads\/sites\/2\/2013\/11\/Slab-Options-24.png\" width=\"24\" height=\"24\" \/> para editar los par\u00e1metros de losa.<\/li>\n\n<\/ol>\n\n<p><strong>Paso 5.<\/strong> Sustraiga una curva de contorno de todas las losas.<\/p>\n\n<ol>\n\n<li>Seleccione <em>Curve Param<\/em> <img loading=\"lazy\" decoding=\"async\" class=\"alignnone size-full wp-image-7365\" alt=\"Curve Param\" src=\"https:\/\/stg.visualarq.com\/wp-content\/uploads\/sites\/2\/2013\/06\/Curve-Param.png\" width=\"60\" height=\"25\" \/> y defina una curva en el modelo como curva de contorno para sustraer de todas las losas.<\/li>\n\n<li>Arrastre un componente <em>Slab Subtract Boundary<\/em><img loading=\"lazy\" decoding=\"async\" alt=\"VA_SlabSubtract\" src=\"https:\/\/stg.visualarq.com\/wp-content\/uploads\/sites\/2\/2012\/06\/VA_SlabSubtract.jpg\" width=\"26\" height=\"26\" \/>\u00a0al lienzo y con\u00e9ctelo con curva de contorno y las losas creadas.<\/li>\n\n<\/ol>","protected":false},"excerpt":{"rendered":"<p>Ejercicio 5. Crear una losa 1. Crear una losa: Para crear una losa de VisualARQ en Grasshopper solo necesita una curva cerrada y plana. 1. Arrastre el componente Slab de VisualARQ \u00a0al lienzo de Grasshopper. Este componente tiene dos entradas: C:\u00a0Curva de contorno O:\u00a0Opciones para especificar todos los par\u00e1metros de losa. 2. Asigne una curva [&hellip;]<\/p>\n","protected":false},"author":6,"featured_media":0,"parent":11668,"menu_order":5,"comment_status":"closed","ping_status":"closed","template":"","meta":{"_et_pb_use_builder":"","_et_pb_old_content":"","_et_gb_content_width":"","footnotes":""},"class_list":["post-11664","page","type-page","status-publish","hentry"],"yoast_head":"<!-- This site is optimized with the Yoast SEO plugin v27.3 - https:\/\/yoast.com\/product\/yoast-seo-wordpress\/ -->\n<title>Ejercicio 5. Crear una losa - VisualARQ<\/title>\n<meta name=\"robots\" content=\"noindex, follow, max-snippet:-1, max-image-preview:large, max-video-preview:-1\" \/>\n<meta property=\"og:locale\" content=\"es_ES\" \/>\n<meta property=\"og:type\" content=\"article\" \/>\n<meta property=\"og:title\" content=\"Ejercicio 5. Crear una losa - VisualARQ\" \/>\n<meta property=\"og:description\" content=\"Ejercicio 5. Crear una losa 1. Crear una losa: Para crear una losa de VisualARQ en Grasshopper solo necesita una curva cerrada y plana. 1. Arrastre el componente Slab de VisualARQ \u00a0al lienzo de Grasshopper. Este componente tiene dos entradas: C:\u00a0Curva de contorno O:\u00a0Opciones para especificar todos los par\u00e1metros de losa. 2. Asigne una curva [&hellip;]\" \/>\n<meta property=\"og:url\" content=\"https:\/\/stg.visualarq.com\/es\/learn\/grasshopper-components\/create-slabs\/\" \/>\n<meta property=\"og:site_name\" content=\"VisualARQ\" \/>\n<meta property=\"article:publisher\" content=\"https:\/\/www.facebook.com\/visualarq\" \/>\n<meta property=\"article:modified_time\" content=\"2019-01-02T16:31:24+00:00\" \/>\n<meta property=\"og:image\" content=\"https:\/\/stg.visualarq.com\/wp-content\/uploads\/sites\/2\/2013\/11\/Exercise-5-Simple-slab.png\" \/>\n<meta name=\"twitter:card\" content=\"summary_large_image\" \/>\n<meta name=\"twitter:site\" content=\"@VisualARQ\" \/>\n<meta name=\"twitter:label1\" content=\"Tiempo de lectura\" \/>\n\t<meta name=\"twitter:data1\" content=\"4 minutos\" \/>\n<script type=\"application\/ld+json\" class=\"yoast-schema-graph\">{\"@context\":\"https:\\\/\\\/schema.org\",\"@graph\":[{\"@type\":\"WebPage\",\"@id\":\"https:\\\/\\\/stg.visualarq.com\\\/es\\\/learn\\\/grasshopper-components\\\/create-slabs\\\/\",\"url\":\"https:\\\/\\\/stg.visualarq.com\\\/es\\\/learn\\\/grasshopper-components\\\/create-slabs\\\/\",\"name\":\"Ejercicio 5. Crear una losa - VisualARQ\",\"isPartOf\":{\"@id\":\"https:\\\/\\\/stg.visualarq.com\\\/es\\\/#website\"},\"primaryImageOfPage\":{\"@id\":\"https:\\\/\\\/stg.visualarq.com\\\/es\\\/learn\\\/grasshopper-components\\\/create-slabs\\\/#primaryimage\"},\"image\":{\"@id\":\"https:\\\/\\\/stg.visualarq.com\\\/es\\\/learn\\\/grasshopper-components\\\/create-slabs\\\/#primaryimage\"},\"thumbnailUrl\":\"https:\\\/\\\/stg.visualarq.com\\\/wp-content\\\/uploads\\\/sites\\\/2\\\/2013\\\/11\\\/Exercise-5-Simple-slab.png\",\"datePublished\":\"2013-11-19T00:00:00+00:00\",\"dateModified\":\"2019-01-02T16:31:24+00:00\",\"breadcrumb\":{\"@id\":\"https:\\\/\\\/stg.visualarq.com\\\/es\\\/learn\\\/grasshopper-components\\\/create-slabs\\\/#breadcrumb\"},\"inLanguage\":\"es\",\"potentialAction\":[{\"@type\":\"ReadAction\",\"target\":[\"https:\\\/\\\/stg.visualarq.com\\\/es\\\/learn\\\/grasshopper-components\\\/create-slabs\\\/\"]}]},{\"@type\":\"ImageObject\",\"inLanguage\":\"es\",\"@id\":\"https:\\\/\\\/stg.visualarq.com\\\/es\\\/learn\\\/grasshopper-components\\\/create-slabs\\\/#primaryimage\",\"url\":\"https:\\\/\\\/stg.visualarq.com\\\/wp-content\\\/uploads\\\/sites\\\/2\\\/2013\\\/11\\\/Exercise-5-Simple-slab.png\",\"contentUrl\":\"https:\\\/\\\/stg.visualarq.com\\\/wp-content\\\/uploads\\\/sites\\\/2\\\/2013\\\/11\\\/Exercise-5-Simple-slab.png\"},{\"@type\":\"BreadcrumbList\",\"@id\":\"https:\\\/\\\/stg.visualarq.com\\\/es\\\/learn\\\/grasshopper-components\\\/create-slabs\\\/#breadcrumb\",\"itemListElement\":[{\"@type\":\"ListItem\",\"position\":1,\"name\":\"Home\",\"item\":\"https:\\\/\\\/stg.visualarq.com\\\/es\\\/home\\\/\"},{\"@type\":\"ListItem\",\"position\":2,\"name\":\"Formaci\u00f3n\",\"item\":\"https:\\\/\\\/stg.visualarq.com\\\/es\\\/learn\\\/\"},{\"@type\":\"ListItem\",\"position\":3,\"name\":\"Grasshopper Components\",\"item\":\"https:\\\/\\\/stg.visualarq.com\\\/es\\\/learn\\\/grasshopper-components\\\/\"},{\"@type\":\"ListItem\",\"position\":4,\"name\":\"Ejercicio 5. Crear una losa\"}]},{\"@type\":\"WebSite\",\"@id\":\"https:\\\/\\\/stg.visualarq.com\\\/es\\\/#website\",\"url\":\"https:\\\/\\\/stg.visualarq.com\\\/es\\\/\",\"name\":\"VisualARQ\",\"description\":\"Flexible BIM for Rhino\",\"potentialAction\":[{\"@type\":\"SearchAction\",\"target\":{\"@type\":\"EntryPoint\",\"urlTemplate\":\"https:\\\/\\\/stg.visualarq.com\\\/es\\\/?s={search_term_string}\"},\"query-input\":{\"@type\":\"PropertyValueSpecification\",\"valueRequired\":true,\"valueName\":\"search_term_string\"}}],\"inLanguage\":\"es\"}]}<\/script>\n<!-- \/ Yoast SEO plugin. -->","yoast_head_json":{"title":"Ejercicio 5. Crear una losa - VisualARQ","robots":{"index":"noindex","follow":"follow","max-snippet":"max-snippet:-1","max-image-preview":"max-image-preview:large","max-video-preview":"max-video-preview:-1"},"og_locale":"es_ES","og_type":"article","og_title":"Ejercicio 5. Crear una losa - VisualARQ","og_description":"Ejercicio 5. Crear una losa 1. Crear una losa: Para crear una losa de VisualARQ en Grasshopper solo necesita una curva cerrada y plana. 1. Arrastre el componente Slab de VisualARQ \u00a0al lienzo de Grasshopper. Este componente tiene dos entradas: C:\u00a0Curva de contorno O:\u00a0Opciones para especificar todos los par\u00e1metros de losa. 2. Asigne una curva [&hellip;]","og_url":"https:\/\/stg.visualarq.com\/es\/learn\/grasshopper-components\/create-slabs\/","og_site_name":"VisualARQ","article_publisher":"https:\/\/www.facebook.com\/visualarq","article_modified_time":"2019-01-02T16:31:24+00:00","og_image":[{"url":"https:\/\/stg.visualarq.com\/wp-content\/uploads\/sites\/2\/2013\/11\/Exercise-5-Simple-slab.png","type":"","width":"","height":""}],"twitter_card":"summary_large_image","twitter_site":"@VisualARQ","twitter_misc":{"Tiempo de lectura":"4 minutos"},"schema":{"@context":"https:\/\/schema.org","@graph":[{"@type":"WebPage","@id":"https:\/\/stg.visualarq.com\/es\/learn\/grasshopper-components\/create-slabs\/","url":"https:\/\/stg.visualarq.com\/es\/learn\/grasshopper-components\/create-slabs\/","name":"Ejercicio 5. Crear una losa - VisualARQ","isPartOf":{"@id":"https:\/\/stg.visualarq.com\/es\/#website"},"primaryImageOfPage":{"@id":"https:\/\/stg.visualarq.com\/es\/learn\/grasshopper-components\/create-slabs\/#primaryimage"},"image":{"@id":"https:\/\/stg.visualarq.com\/es\/learn\/grasshopper-components\/create-slabs\/#primaryimage"},"thumbnailUrl":"https:\/\/stg.visualarq.com\/wp-content\/uploads\/sites\/2\/2013\/11\/Exercise-5-Simple-slab.png","datePublished":"2013-11-19T00:00:00+00:00","dateModified":"2019-01-02T16:31:24+00:00","breadcrumb":{"@id":"https:\/\/stg.visualarq.com\/es\/learn\/grasshopper-components\/create-slabs\/#breadcrumb"},"inLanguage":"es","potentialAction":[{"@type":"ReadAction","target":["https:\/\/stg.visualarq.com\/es\/learn\/grasshopper-components\/create-slabs\/"]}]},{"@type":"ImageObject","inLanguage":"es","@id":"https:\/\/stg.visualarq.com\/es\/learn\/grasshopper-components\/create-slabs\/#primaryimage","url":"https:\/\/stg.visualarq.com\/wp-content\/uploads\/sites\/2\/2013\/11\/Exercise-5-Simple-slab.png","contentUrl":"https:\/\/stg.visualarq.com\/wp-content\/uploads\/sites\/2\/2013\/11\/Exercise-5-Simple-slab.png"},{"@type":"BreadcrumbList","@id":"https:\/\/stg.visualarq.com\/es\/learn\/grasshopper-components\/create-slabs\/#breadcrumb","itemListElement":[{"@type":"ListItem","position":1,"name":"Home","item":"https:\/\/stg.visualarq.com\/es\/home\/"},{"@type":"ListItem","position":2,"name":"Formaci\u00f3n","item":"https:\/\/stg.visualarq.com\/es\/learn\/"},{"@type":"ListItem","position":3,"name":"Grasshopper Components","item":"https:\/\/stg.visualarq.com\/es\/learn\/grasshopper-components\/"},{"@type":"ListItem","position":4,"name":"Ejercicio 5. Crear una losa"}]},{"@type":"WebSite","@id":"https:\/\/stg.visualarq.com\/es\/#website","url":"https:\/\/stg.visualarq.com\/es\/","name":"VisualARQ","description":"Flexible BIM for Rhino","potentialAction":[{"@type":"SearchAction","target":{"@type":"EntryPoint","urlTemplate":"https:\/\/stg.visualarq.com\/es\/?s={search_term_string}"},"query-input":{"@type":"PropertyValueSpecification","valueRequired":true,"valueName":"search_term_string"}}],"inLanguage":"es"}]}},"_links":{"self":[{"href":"https:\/\/stg.visualarq.com\/es\/wp-json\/wp\/v2\/pages\/11664","targetHints":{"allow":["GET"]}}],"collection":[{"href":"https:\/\/stg.visualarq.com\/es\/wp-json\/wp\/v2\/pages"}],"about":[{"href":"https:\/\/stg.visualarq.com\/es\/wp-json\/wp\/v2\/types\/page"}],"author":[{"embeddable":true,"href":"https:\/\/stg.visualarq.com\/es\/wp-json\/wp\/v2\/users\/6"}],"replies":[{"embeddable":true,"href":"https:\/\/stg.visualarq.com\/es\/wp-json\/wp\/v2\/comments?post=11664"}],"version-history":[{"count":0,"href":"https:\/\/stg.visualarq.com\/es\/wp-json\/wp\/v2\/pages\/11664\/revisions"}],"up":[{"embeddable":true,"href":"https:\/\/stg.visualarq.com\/es\/wp-json\/wp\/v2\/pages\/11668"}],"wp:attachment":[{"href":"https:\/\/stg.visualarq.com\/es\/wp-json\/wp\/v2\/media?parent=11664"}],"curies":[{"name":"wp","href":"https:\/\/api.w.org\/{rel}","templated":true}]}}