{"id":11668,"date":"2013-05-17T00:00:00","date_gmt":"2013-05-17T00:00:00","guid":{"rendered":"https:\/\/stg.visualarq.com\/features\/grasshopper\/exercises\/"},"modified":"2021-12-02T12:28:38","modified_gmt":"2021-12-02T12:28:38","slug":"grasshopper-components","status":"publish","type":"page","link":"https:\/\/stg.visualarq.com\/es\/learn\/grasshopper-components\/","title":{"rendered":"Grasshopper Components"},"content":{"rendered":"<h1>VisualARQ Grasshopper Components<\/h1>\n<img loading=\"lazy\" decoding=\"async\" class=\"aligncenter my-3 size-full wp-image-6959\" alt=\"Contenido de la ficha de VisualARQ Grasshopper Components.\" src=\"https:\/\/stg.visualarq.com\/wp-content\/uploads\/2020\/06\/VisualARQ_GH_Components_Tab.png\" width=\"900\" height=\"330\">\n<section class=\"mt-5\">\n<h3>\u00bfQu\u00e9 es VisualARQ Grasshopper Components?<\/h3>\n<p>VisualARQ Grasshopper Components se utiliza para generar los objetos arquitect\u00f3nicos est\u00e1ndar de VisualARQ desde Grasshopper. Estos objetos tienen las mismas funciones y limitaciones que los objetos creados directamente en Rhino con VisualARQ.<\/p>\n<\/section>\n<section class=\"mt-5\">\n<h3>Antes de empezar&#8230;<\/h3>\n<p>Para empezar a trabajar con VisualARQ Grasshopper Components, escriba <em>Grasshopper<\/em> en la l\u00ednea de comandos de Rhino y Grasshopper se ejecutar\u00e1.<\/p>\n<p>VisualARQ Componentes se encuentra en la ficha de VisualARQ de la interfaz de Grasshopper.<\/p>\n<p>Si la ficha de VisualARQ no aparece, cierre Grasshopper y cargue VisualARQ en Rhino simplemente escribiendo cualquier comando de VisualARQ (p. ej. \u00ab<em>vaMuro<\/em>\u00ab) o abra un nuevo documento utilizando una plantilla de VisualARQ.<\/p>\n<\/section>\n\n<section class=\"mt-5\">\n<h3>Ayuda<\/h3>\n<p>Consulte en <a href=\"https:\/\/stg.visualarq.com\/es\/support\/help\/\">esta p\u00e1gina<\/a> la descripci\u00f3n de los diferentes componentes de VisualARQ Grasshopper Components.<\/p>\n<\/section>\n\n<section class=\"mt-5\">\n<h3>Seminario virtual<\/h3>\n<p>Vea el siguiente v\u00eddeo para ver una presentaci\u00f3n general de VisualARQ Grasshopper Components y algunos ejemplos de su uso.<\/p>\n<\/section>\n<div class = \"aligncenter my-3\"><div class='youtube-gallery' style='width: 100%;'>\n\t\t\t\t\t\t<a \n\t\t\t\t\t\t\ttitle='Grasshopper Components' \n\t\t\t\t\t\t\ttarget='_blank' \n\t\t\t\t\t\t\thref='https:\/\/www.youtube.com\/watch?v=kv5MbMToVDE'\n\t\t\t\t\t\t>\n\t\t\t\t\t\t<span><\/span>\n\t\t\t\t\t\t<img \n\t\t\t\t\t\t\tsrc='https:\/\/img.youtube.com\/vi\/kv5MbMToVDE\/hqdefault.jpg' \n\t\t\t\t\t\t\twidth='853' \n\t\t\t\t\t\t\theight='480'>\n\t\t\t\t\t\t<\/a>\n\t\t\t\t\t<\/div><br><\/div>\n\n<hr class=\"separator\">\n<h2>Ejercicios<\/h2>\n<table width=\"100%\">\n<tbody>\n<tr>\n<td width=\"25%\"><a href=\"https:\/\/stg.visualarq.com\/es\/learn\/grasshopper-components\/create-a-wall\/\"><img loading=\"lazy\" decoding=\"async\" src=\"https:\/\/stg.visualarq.com\/wp-content\/uploads\/2019\/06\/Wall.gif\" alt=\"Crear un muro con Grasshopper\" width=\"200\" height=\"100\" class=\"aligncenter size-full wp-image-15807\" \/><\/a><br \/><a href=\"https:\/\/stg.visualarq.com\/es\/learn\/grasshopper-components\/create-a-wall\/\">1. Crear un muro<\/a><\/td>\n<td width=\"25%\"><a href=\"https:\/\/stg.visualarq.com\/es\/learn\/grasshopper-components\/create-a-door\/\"><img loading=\"lazy\" decoding=\"async\" src=\"https:\/\/stg.visualarq.com\/wp-content\/uploads\/2019\/06\/Door.gif\" alt=\"Crear una puerta con Grasshopper\" width=\"200\" height=\"100\" class=\"aligncenter size-full wp-image-15814\" \/><\/a><br \/><a href=\"https:\/\/stg.visualarq.com\/es\/learn\/grasshopper-components\/create-a-door\/\">2.\u00a0Crear una puerta<\/a><\/td>\n<td width=\"25%\"><a href=\"https:\/\/stg.visualarq.com\/es\/learn\/grasshopper-components\/exercise-3-create-a-grid-of-columns\/\"><img loading=\"lazy\" decoding=\"async\" src=\"https:\/\/stg.visualarq.com\/wp-content\/uploads\/2019\/06\/Columns-Array.gif\" alt=\"Crear pilares con Grasshopper\" width=\"200\" height=\"100\" class=\"aligncenter size-full wp-image-15831\" \/><\/a><br \/><a href=\"https:\/\/stg.visualarq.com\/es\/learn\/grasshopper-components\/exercise-3-create-a-grid-of-columns\/\">3.\u00a0Crear una rejilla de pilares<\/a><\/td>\n<td width=\"25%\"><a href=\"https:\/\/stg.visualarq.com\/es\/learn\/grasshopper-components\/create-a-stair\/\"><img loading=\"lazy\" decoding=\"async\" src=\"https:\/\/stg.visualarq.com\/wp-content\/uploads\/2019\/06\/StairGH.gif\" alt=\"Crear una escalera con Grasshopper\" width=\"200\" height=\"100\" class=\"aligncenter size-full wp-image-15839\" \/><\/a><br \/><a href=\"https:\/\/stg.visualarq.com\/es\/learn\/grasshopper-components\/create-a-stair\/\">4.\u00a0Crear una escalera<\/a><\/td>\n<\/tr>\n<tr height=\"20px\"><td width=\"25%\"><\/td><\/tr>\n<tr>\n<td width=\"25%\"><a href=\"https:\/\/stg.visualarq.com\/es\/learn\/grasshopper-components\/create-slabs\/\"><img loading=\"lazy\" decoding=\"async\" class=\"aligncenter size-full wp-image-9849\" alt=\"Ejercicio 5. Crear una losa\" src=\"https:\/\/stg.visualarq.com\/wp-content\/uploads\/sites\/2\/2014\/07\/Exercise-5-Slabs-Preview.jpg\" width=\"200\" height=\"100\" \/><\/a><br \/><a href=\"https:\/\/stg.visualarq.com\/es\/learn\/grasshopper-components\/create-slabs\/\">5. Crear una losa<\/a><\/td>\n<td width=\"25%\">\u00a0<\/td>\n<td width=\"25%\">\u00a0<\/td>\n<td width=\"25%\">\u00a0<\/td>\n<\/tr>\n<\/tbody>\n<\/table>","protected":false},"excerpt":{"rendered":"<p>VisualARQ Grasshopper Components \u00bfQu\u00e9 es VisualARQ Grasshopper Components? VisualARQ Grasshopper Components se utiliza para generar los objetos arquitect\u00f3nicos est\u00e1ndar de VisualARQ desde Grasshopper. Estos objetos tienen las mismas funciones y limitaciones que los objetos creados directamente en Rhino con VisualARQ. Antes de empezar&#8230; Para empezar a trabajar con VisualARQ Grasshopper Components, escriba Grasshopper en la [&hellip;]<\/p>\n","protected":false},"author":6,"featured_media":0,"parent":11653,"menu_order":2,"comment_status":"closed","ping_status":"closed","template":"","meta":{"_et_pb_use_builder":"","_et_pb_old_content":"","_et_gb_content_width":"","footnotes":""},"class_list":["post-11668","page","type-page","status-publish","hentry"],"yoast_head":"<!-- This site is optimized with the Yoast SEO plugin v27.3 - https:\/\/yoast.com\/product\/yoast-seo-wordpress\/ -->\n<title>Grasshopper Components - VisualARQ<\/title>\n<meta name=\"robots\" content=\"noindex, follow, max-snippet:-1, max-image-preview:large, max-video-preview:-1\" \/>\n<meta property=\"og:locale\" content=\"es_ES\" \/>\n<meta property=\"og:type\" content=\"article\" \/>\n<meta property=\"og:title\" content=\"Grasshopper Components - VisualARQ\" \/>\n<meta property=\"og:description\" content=\"VisualARQ Grasshopper Components \u00bfQu\u00e9 es VisualARQ Grasshopper Components? VisualARQ Grasshopper Components se utiliza para generar los objetos arquitect\u00f3nicos est\u00e1ndar de VisualARQ desde Grasshopper. Estos objetos tienen las mismas funciones y limitaciones que los objetos creados directamente en Rhino con VisualARQ. Antes de empezar&#8230; Para empezar a trabajar con VisualARQ Grasshopper Components, escriba Grasshopper en la [&hellip;]\" \/>\n<meta property=\"og:url\" content=\"https:\/\/stg.visualarq.com\/es\/learn\/grasshopper-components\/\" \/>\n<meta property=\"og:site_name\" content=\"VisualARQ\" \/>\n<meta property=\"article:publisher\" content=\"https:\/\/www.facebook.com\/visualarq\" \/>\n<meta property=\"article:modified_time\" content=\"2021-12-02T12:28:38+00:00\" \/>\n<meta property=\"og:image\" content=\"https:\/\/stg.visualarq.com\/wp-content\/uploads\/2020\/06\/VisualARQ_GH_Components_Tab.png\" \/>\n<meta name=\"twitter:card\" content=\"summary_large_image\" \/>\n<meta name=\"twitter:site\" content=\"@VisualARQ\" \/>\n<meta name=\"twitter:label1\" content=\"Tiempo de lectura\" \/>\n\t<meta name=\"twitter:data1\" content=\"1 minuto\" \/>\n<script type=\"application\/ld+json\" class=\"yoast-schema-graph\">{\"@context\":\"https:\\\/\\\/schema.org\",\"@graph\":[{\"@type\":\"WebPage\",\"@id\":\"https:\\\/\\\/stg.visualarq.com\\\/es\\\/learn\\\/grasshopper-components\\\/\",\"url\":\"https:\\\/\\\/stg.visualarq.com\\\/es\\\/learn\\\/grasshopper-components\\\/\",\"name\":\"Grasshopper Components - VisualARQ\",\"isPartOf\":{\"@id\":\"https:\\\/\\\/stg.visualarq.com\\\/es\\\/#website\"},\"primaryImageOfPage\":{\"@id\":\"https:\\\/\\\/stg.visualarq.com\\\/es\\\/learn\\\/grasshopper-components\\\/#primaryimage\"},\"image\":{\"@id\":\"https:\\\/\\\/stg.visualarq.com\\\/es\\\/learn\\\/grasshopper-components\\\/#primaryimage\"},\"thumbnailUrl\":\"https:\\\/\\\/stg.visualarq.com\\\/wp-content\\\/uploads\\\/2020\\\/06\\\/VisualARQ_GH_Components_Tab.png\",\"datePublished\":\"2013-05-17T00:00:00+00:00\",\"dateModified\":\"2021-12-02T12:28:38+00:00\",\"breadcrumb\":{\"@id\":\"https:\\\/\\\/stg.visualarq.com\\\/es\\\/learn\\\/grasshopper-components\\\/#breadcrumb\"},\"inLanguage\":\"es\",\"potentialAction\":[{\"@type\":\"ReadAction\",\"target\":[\"https:\\\/\\\/stg.visualarq.com\\\/es\\\/learn\\\/grasshopper-components\\\/\"]}]},{\"@type\":\"ImageObject\",\"inLanguage\":\"es\",\"@id\":\"https:\\\/\\\/stg.visualarq.com\\\/es\\\/learn\\\/grasshopper-components\\\/#primaryimage\",\"url\":\"https:\\\/\\\/stg.visualarq.com\\\/wp-content\\\/uploads\\\/2020\\\/06\\\/VisualARQ_GH_Components_Tab.png\",\"contentUrl\":\"https:\\\/\\\/stg.visualarq.com\\\/wp-content\\\/uploads\\\/2020\\\/06\\\/VisualARQ_GH_Components_Tab.png\"},{\"@type\":\"BreadcrumbList\",\"@id\":\"https:\\\/\\\/stg.visualarq.com\\\/es\\\/learn\\\/grasshopper-components\\\/#breadcrumb\",\"itemListElement\":[{\"@type\":\"ListItem\",\"position\":1,\"name\":\"Home\",\"item\":\"https:\\\/\\\/stg.visualarq.com\\\/es\\\/home\\\/\"},{\"@type\":\"ListItem\",\"position\":2,\"name\":\"Formaci\u00f3n\",\"item\":\"https:\\\/\\\/stg.visualarq.com\\\/es\\\/learn\\\/\"},{\"@type\":\"ListItem\",\"position\":3,\"name\":\"Grasshopper Components\"}]},{\"@type\":\"WebSite\",\"@id\":\"https:\\\/\\\/stg.visualarq.com\\\/es\\\/#website\",\"url\":\"https:\\\/\\\/stg.visualarq.com\\\/es\\\/\",\"name\":\"VisualARQ\",\"description\":\"Flexible BIM for Rhino\",\"potentialAction\":[{\"@type\":\"SearchAction\",\"target\":{\"@type\":\"EntryPoint\",\"urlTemplate\":\"https:\\\/\\\/stg.visualarq.com\\\/es\\\/?s={search_term_string}\"},\"query-input\":{\"@type\":\"PropertyValueSpecification\",\"valueRequired\":true,\"valueName\":\"search_term_string\"}}],\"inLanguage\":\"es\"}]}<\/script>\n<!-- \/ Yoast SEO plugin. -->","yoast_head_json":{"title":"Grasshopper Components - VisualARQ","robots":{"index":"noindex","follow":"follow","max-snippet":"max-snippet:-1","max-image-preview":"max-image-preview:large","max-video-preview":"max-video-preview:-1"},"og_locale":"es_ES","og_type":"article","og_title":"Grasshopper Components - VisualARQ","og_description":"VisualARQ Grasshopper Components \u00bfQu\u00e9 es VisualARQ Grasshopper Components? VisualARQ Grasshopper Components se utiliza para generar los objetos arquitect\u00f3nicos est\u00e1ndar de VisualARQ desde Grasshopper. Estos objetos tienen las mismas funciones y limitaciones que los objetos creados directamente en Rhino con VisualARQ. Antes de empezar&#8230; Para empezar a trabajar con VisualARQ Grasshopper Components, escriba Grasshopper en la [&hellip;]","og_url":"https:\/\/stg.visualarq.com\/es\/learn\/grasshopper-components\/","og_site_name":"VisualARQ","article_publisher":"https:\/\/www.facebook.com\/visualarq","article_modified_time":"2021-12-02T12:28:38+00:00","og_image":[{"url":"https:\/\/stg.visualarq.com\/wp-content\/uploads\/2020\/06\/VisualARQ_GH_Components_Tab.png","type":"","width":"","height":""}],"twitter_card":"summary_large_image","twitter_site":"@VisualARQ","twitter_misc":{"Tiempo de lectura":"1 minuto"},"schema":{"@context":"https:\/\/schema.org","@graph":[{"@type":"WebPage","@id":"https:\/\/stg.visualarq.com\/es\/learn\/grasshopper-components\/","url":"https:\/\/stg.visualarq.com\/es\/learn\/grasshopper-components\/","name":"Grasshopper Components - VisualARQ","isPartOf":{"@id":"https:\/\/stg.visualarq.com\/es\/#website"},"primaryImageOfPage":{"@id":"https:\/\/stg.visualarq.com\/es\/learn\/grasshopper-components\/#primaryimage"},"image":{"@id":"https:\/\/stg.visualarq.com\/es\/learn\/grasshopper-components\/#primaryimage"},"thumbnailUrl":"https:\/\/stg.visualarq.com\/wp-content\/uploads\/2020\/06\/VisualARQ_GH_Components_Tab.png","datePublished":"2013-05-17T00:00:00+00:00","dateModified":"2021-12-02T12:28:38+00:00","breadcrumb":{"@id":"https:\/\/stg.visualarq.com\/es\/learn\/grasshopper-components\/#breadcrumb"},"inLanguage":"es","potentialAction":[{"@type":"ReadAction","target":["https:\/\/stg.visualarq.com\/es\/learn\/grasshopper-components\/"]}]},{"@type":"ImageObject","inLanguage":"es","@id":"https:\/\/stg.visualarq.com\/es\/learn\/grasshopper-components\/#primaryimage","url":"https:\/\/stg.visualarq.com\/wp-content\/uploads\/2020\/06\/VisualARQ_GH_Components_Tab.png","contentUrl":"https:\/\/stg.visualarq.com\/wp-content\/uploads\/2020\/06\/VisualARQ_GH_Components_Tab.png"},{"@type":"BreadcrumbList","@id":"https:\/\/stg.visualarq.com\/es\/learn\/grasshopper-components\/#breadcrumb","itemListElement":[{"@type":"ListItem","position":1,"name":"Home","item":"https:\/\/stg.visualarq.com\/es\/home\/"},{"@type":"ListItem","position":2,"name":"Formaci\u00f3n","item":"https:\/\/stg.visualarq.com\/es\/learn\/"},{"@type":"ListItem","position":3,"name":"Grasshopper Components"}]},{"@type":"WebSite","@id":"https:\/\/stg.visualarq.com\/es\/#website","url":"https:\/\/stg.visualarq.com\/es\/","name":"VisualARQ","description":"Flexible BIM for Rhino","potentialAction":[{"@type":"SearchAction","target":{"@type":"EntryPoint","urlTemplate":"https:\/\/stg.visualarq.com\/es\/?s={search_term_string}"},"query-input":{"@type":"PropertyValueSpecification","valueRequired":true,"valueName":"search_term_string"}}],"inLanguage":"es"}]}},"_links":{"self":[{"href":"https:\/\/stg.visualarq.com\/es\/wp-json\/wp\/v2\/pages\/11668","targetHints":{"allow":["GET"]}}],"collection":[{"href":"https:\/\/stg.visualarq.com\/es\/wp-json\/wp\/v2\/pages"}],"about":[{"href":"https:\/\/stg.visualarq.com\/es\/wp-json\/wp\/v2\/types\/page"}],"author":[{"embeddable":true,"href":"https:\/\/stg.visualarq.com\/es\/wp-json\/wp\/v2\/users\/6"}],"replies":[{"embeddable":true,"href":"https:\/\/stg.visualarq.com\/es\/wp-json\/wp\/v2\/comments?post=11668"}],"version-history":[{"count":0,"href":"https:\/\/stg.visualarq.com\/es\/wp-json\/wp\/v2\/pages\/11668\/revisions"}],"up":[{"embeddable":true,"href":"https:\/\/stg.visualarq.com\/es\/wp-json\/wp\/v2\/pages\/11653"}],"wp:attachment":[{"href":"https:\/\/stg.visualarq.com\/es\/wp-json\/wp\/v2\/media?parent=11668"}],"curies":[{"name":"wp","href":"https:\/\/api.w.org\/{rel}","templated":true}]}}