{"id":11672,"date":"2013-06-06T00:00:00","date_gmt":"2013-06-06T00:00:00","guid":{"rendered":"https:\/\/stg.visualarq.com\/features\/grasshopper\/exercises\/create-a-door\/"},"modified":"2019-01-02T16:32:04","modified_gmt":"2019-01-02T16:32:04","slug":"create-a-door","status":"publish","type":"page","link":"https:\/\/stg.visualarq.com\/es\/learn\/grasshopper-components\/create-a-door\/","title":{"rendered":"Ejercicio 2. Crear una puerta"},"content":{"rendered":"<h1>Ejercicio 2. Crear una puerta<\/h1>\n\n<p><img loading=\"lazy\" decoding=\"async\" alt=\"Ejercicio 2 Puerta\" src=\"https:\/\/stg.visualarq.com\/wp-content\/uploads\/sites\/2\/2013\/06\/Door-Exercise-2.jpg\" width=\"900\" height=\"340\" \/><\/p>\n\n<h3>1. Crear una puerta:<\/h3>\n\n<ul>\n\n<li>1. Arrastre el componente \u00ab<em><strong>Door<\/strong><\/em>\u00bb de VisualARQ <img loading=\"lazy\" decoding=\"async\" class=\"alignnone size-full wp-image-5108\" alt=\"VA_Door\" src=\"https:\/\/stg.visualarq.com\/wp-content\/uploads\/sites\/2\/2012\/06\/VA_Door.jpg\" width=\"26\" height=\"26\" \/>\u00a0al lienzo de Grasshopper. Este componente de puerta tiene tres entradas:\n\n<ol>\n\n<li><strong>W:<\/strong>\u00a0Muro donde se insertar\u00e1 la puerta.<\/li>\n\n<li><strong>P: <\/strong>Punto de inserci\u00f3n de puerta. Determina la posici\u00f3n<strong>\u00a0<\/strong>\u00a0de una puerta en el modelo. Si ese punto no est\u00e1 ubicado en la curva de trayectoria de muro, la puerta se insertar\u00e1 en el punto m\u00e1s cercano.<\/li>\n\n<li><strong>O:<\/strong>\u00a0Opciones para especificar todos los par\u00e1metros de puerta.<\/li>\n\n<\/ol>\n\n<\/li>\n\n<li>2. Asigne un muro a esta puerta: Conecte la salida <em>W<\/em> de un componente <em>Wall<\/em> previamente creado en la entrada <em>W<\/em> del componente <em>Door<\/em>.<\/li>\n\n<li>3. Seleccione el punto de inserci\u00f3n de la puerta. Hay tres maneras diferentes de hacerlo:\n\n<ul>\n\n<li>Elija un punto existente en el modelo:\u00a0Haga clic con el bot\u00f3n derecho en la entrada <em>P<\/em> del componente <em>Door<\/em> y elija la opci\u00f3n \u00ab<em>Set one curve<\/em>\u00bb o \u00ab<em>Set multiple curves<\/em>\u00bb de la lista. Grasshopper se ocultar\u00e1 hasta que seleccione un punto existente en el modelo (tambi\u00e9n puede poner un <em>Point Param\u00a0<img loading=\"lazy\" decoding=\"async\" class=\"alignnone size-full wp-image-7366\" alt=\"Point Param\" src=\"https:\/\/stg.visualarq.com\/wp-content\/uploads\/sites\/2\/2013\/06\/Point-Param.png\" width=\"60\" height=\"25\" \/><\/em>\u00a0en el modelo lienzo, definir un <em>Punto<\/em> en este componente y conectarlo a la entrada <em>P<\/em> del componente <em>Door<\/em>). Se crear\u00e1 una puerta para cada punto elegido<\/li>\n\n<li>Punto en curva: arrastre un componente <em>Point on Curve<\/em> <img loading=\"lazy\" decoding=\"async\" class=\"alignnone size-full wp-image-7367\" alt=\"Point On Curve\" src=\"https:\/\/stg.visualarq.com\/wp-content\/uploads\/sites\/2\/2013\/06\/Point-On-Curve.png\" width=\"25\" height=\"25\" \/>\u00a0(en la ficha <em>Curve<\/em>) en el lienzo y con\u00e9ctelo a la entrada <em>P<\/em> del componente <em>Door<\/em>. Conecte la curva usada para generar el muro donde la puerta se inserta en el componente <em>Point on Curve<\/em>. \u00a0Este componente encontrar\u00e1 un punto a lo largo de la curva que va de <em>0.00<\/em> (punto inicial) a <em>1.00<\/em> (punto final).<\/li>\n\n<\/ul>\n\n<\/li>\n\n<\/ul>\n\n<h3>2. Defina los par\u00e1metros de la puerta:<\/h3>\n\n<ul>\n\n<li>1. Arrastre el componente <em><strong>Door Options<\/strong><\/em><img loading=\"lazy\" decoding=\"async\" class=\"alignnone size-full wp-image-7318\" alt=\"Door Options-24\" src=\"https:\/\/stg.visualarq.com\/wp-content\/uploads\/sites\/2\/2013\/06\/Door-Options-24.png\" width=\"24\" height=\"24\" \/>\u00a0al lienzo de Grasshopper. Este componente tiene diferentes entradas que definen los par\u00e1metros de puerta.<\/li>\n\n<li>2. Conecte la salida de <em>Door Options O<\/em> a la entrada <em>O<\/em> del componente <em>Wall<\/em>.<\/li>\n\n<li>3. Defina las diferentes <em>Door Options<\/em>:\n\n<ul>\n\n<li><strong>(<em>S<\/em>) <em>Door Style<\/em>:\u00a0<img loading=\"lazy\" decoding=\"async\" class=\"alignnone size-full wp-image-7316\" alt=\"Door Styles-24\" src=\"https:\/\/stg.visualarq.com\/wp-content\/uploads\/sites\/2\/2013\/06\/Door-Styles-24.png\" width=\"24\" height=\"24\" \/><\/strong>\u00a0Puede arrastrar un componente <em>Door<\/em> al lienzo y conectarlo a la entrada <em>S<\/em> de <em>Door Options<\/em>. Este componente <em>Door Style<\/em> tiene un estilo de puerta est\u00e1ndar asignado de manera predeterminada. Para asignar un estilo de  diferente, haga clic en este componente y seleccione la opci\u00f3n \u00ab<em>Set one Door Style<\/em>\u00bb de la lista. Grasshopper estar\u00e1 oculto hasta que seleccione un estilo de puerta de la lista que se muestra en la l\u00ednea de comandos de Rhino. Esta lista muestra los estilos de puerta existentes disponibles en el documento de Rhino en el que est\u00e1 trabajando. (Para editar o crear nuevos estilos de puerta, minimice la ventana de <em>Grasshopper<\/em> y abra el cuadro de di\u00e1logo <em>Door Styles<\/em>\u00a0\u00ab<em>_vaDoorStyles<\/em>\u00ab.)<\/li>\n\n<li><strong>(<em>P<\/em>) <em>Door Profile<\/em><\/strong>: El perfil de puerta determina la forma de la abertura de la puerta dentro del muro. Las puertas toman por defecto el estilo correspondiente del estilo de puerta.<\/li>\n\n<li><strong>(<em>A<\/em>) <em>Door Alignment<\/em><\/strong>: <img loading=\"lazy\" decoding=\"async\" class=\"alignnone size-full wp-image-7315\" alt=\"9 point alignment-24\" src=\"https:\/\/stg.visualarq.com\/wp-content\/uploads\/sites\/2\/2013\/06\/9-point-alignment-24.png\" width=\"24\" height=\"24\" \/> La puerta puede alinearse de acuerdo con tres m\u00e9todos con el ancho del muro: I<em>nterior, Center<\/em> y <em>Exterior<\/em>, y dos posiciones de la altura de la puerta: <em>Top<\/em> y <em>Bottom<\/em>. Arrastre un componente <em>Door Alignment<\/em> al lienzo y con\u00e9ctelo a la entrada <em>A<\/em> de <em>Door Options<\/em>. Haga clic en en el componente <em>Door<\/em>\u00a0<em>\u00a0Alignment<\/em> y seleccione una de las seis opciones: (<em>0=Bottom Interior, 1=Bottom Center, 2=Bottom Exterior, 3=Top Interior, 4=Top Center<\/em> y <em>5=Top Exterior<\/em>).<\/li>\n\n<li><strong>(<em>O<\/em>) <em>Door\u00a0Alignment Offset<\/em><\/strong>: Este valor define la distancia de la puerta al muro.<\/li>\n\n<li><strong><em>(Ap) Aperture<\/em><\/strong>: La apertura de la puerta se calcula como porcentaje que define el nivel de apertura de las hojas de las puertas. Si este valor es = 0.00, la hoja de la puerta estar\u00e1 cerrada. Si este valor es = 1.00 la hoja de la puerta estar\u00e1 abierta al 100%  (180\u00ba en el tipo de puerta <em>Batiente<\/em>). Si inserta un valor negativo (<em>p. ej. -1<\/em>), la puerta se abrir\u00e1 hacia el otro lado del muro.<\/li>\n\n<li><strong><em>(E) Elevation<\/em><\/strong>: La elevaci\u00f3n de la puerta siempre se calcula en relaci\u00f3n a la l\u00ednea base del muro en la que se inserta.<\/li>\n\n<\/ul>\n\n<\/li>\n\n<\/ul>\n\n<h3>3. Editar el perfil de la puerta<\/h3>\n\n<ul>\n\n<li><strong>Cambiar las dimensiones del perfil de puerta existente<\/strong>: Si desea modificar las dimensiones del perfil de puerta actual, busque el perfil de puerta correspondiente (<em>por ejemplo, Rectangular<\/em>) <img loading=\"lazy\" decoding=\"async\" class=\"alignnone size-full wp-image-7313\" alt=\"Rectangular-24\" src=\"https:\/\/stg.visualarq.com\/wp-content\/uploads\/sites\/2\/2013\/06\/Rectangular-24.png\" width=\"24\" height=\"24\" \/>, en la ficha <em>Profiles<\/em>, arr\u00e1strelo al lienzo y con\u00e9ctelo a la entrada <em>P<\/em> del componente <em>Door Options<\/em>. Puede insertar un componente num\u00e9rico (por ejemplo, un componente <em>Slider<\/em>) y conectarlo a las entradas <em>W<\/em> (Width) y <em>H<\/em> (Height) del perfil <em>Rectangular<\/em>.<\/li>\n\n<li><strong>Asignar un perfil personalizado<\/strong>: para asignar un perfil diferente para la puerta, conecte un componente <em>Custom Profile<\/em> <img loading=\"lazy\" decoding=\"async\" class=\"alignnone size-full wp-image-7314\" alt=\"Custom-24\" src=\"https:\/\/stg.visualarq.com\/wp-content\/uploads\/sites\/2\/2013\/06\/Custom-24.png\" width=\"24\" height=\"24\" \/> a la entrada <em><em style=\"line-height: 24px\">Door Options <\/em>P<\/em>. Este <em>Custom Profile<\/em> funciona como convertidor de cualquier tipo de forma en un perfil v\u00e1lido para puertas. La forma se toma de una curva <em>Cerrada<\/em> y <em>Plana<\/em>\u00a0<em><\/em> y puede seleccionarse de una curva existente en el modelo (su alineaci\u00f3n en el muro vendr\u00e1 determinada por las coordenadas XY del plano que contiene la curva) o generarse en Grasshopper. Si la curva no es plana o cerrada, la puerta ignorar\u00e1 este perfil personalizado y se generar\u00e1 con el perfil de estilo de puerta actual.<\/li>\n\n<\/ul>\n\n<p><img loading=\"lazy\" decoding=\"async\" class=\"size-full wp-image-7368 aligncenter\" alt=\"Puerta a partir de perfil personalizado\" src=\"https:\/\/stg.visualarq.com\/wp-content\/uploads\/sites\/2\/2013\/06\/Door-from-custom-profile.png\" width=\"738\" height=\"257\" \/><\/p>\n\n<h3>3. Transformar la puerta en una geometr\u00eda modificable por Rhino con \u00abBake\u00bb: <img loading=\"lazy\" decoding=\"async\" class=\"alignnone size-full wp-image-7375\" alt=\"CombinarTexturas\" src=\"https:\/\/stg.visualarq.com\/wp-content\/uploads\/sites\/2\/2013\/06\/Bake.png\" width=\"22\" height=\"22\" \/><\/h3>\n\n<ul>\n\n<li>Cuando crea que el objeto de puerta est\u00e1 listo para ser un objeto de puerta modificable en Rhino, puede utilizar el comando Bake. Tenga en cuenta que debe aplicar el comando Bake al muro cuando se inserta la puerta; de lo contrario, la puerta quedar\u00e1 flotando en el modelo hasta que encuentre un muro donde insertarse.<\/li>\n\n<\/ul>","protected":false},"excerpt":{"rendered":"<p>Ejercicio 2. Crear una puerta 1. Crear una puerta: 1. Arrastre el componente \u00abDoor\u00bb de VisualARQ \u00a0al lienzo de Grasshopper. Este componente de puerta tiene tres entradas: W:\u00a0Muro donde se insertar\u00e1 la puerta. P: Punto de inserci\u00f3n de puerta. Determina la posici\u00f3n\u00a0\u00a0de una puerta en el modelo. Si ese punto no est\u00e1 ubicado en la [&hellip;]<\/p>\n","protected":false},"author":6,"featured_media":0,"parent":11668,"menu_order":1,"comment_status":"closed","ping_status":"closed","template":"","meta":{"_et_pb_use_builder":"","_et_pb_old_content":"","_et_gb_content_width":"","footnotes":""},"class_list":["post-11672","page","type-page","status-publish","hentry"],"yoast_head":"<!-- This site is optimized with the Yoast SEO plugin v27.3 - https:\/\/yoast.com\/product\/yoast-seo-wordpress\/ -->\n<title>Ejercicio 2. Crear una puerta - VisualARQ<\/title>\n<meta name=\"robots\" content=\"noindex, follow, max-snippet:-1, max-image-preview:large, max-video-preview:-1\" \/>\n<meta property=\"og:locale\" content=\"es_ES\" \/>\n<meta property=\"og:type\" content=\"article\" \/>\n<meta property=\"og:title\" content=\"Ejercicio 2. Crear una puerta - VisualARQ\" \/>\n<meta property=\"og:description\" content=\"Ejercicio 2. Crear una puerta 1. Crear una puerta: 1. Arrastre el componente \u00abDoor\u00bb de VisualARQ \u00a0al lienzo de Grasshopper. Este componente de puerta tiene tres entradas: W:\u00a0Muro donde se insertar\u00e1 la puerta. P: Punto de inserci\u00f3n de puerta. Determina la posici\u00f3n\u00a0\u00a0de una puerta en el modelo. Si ese punto no est\u00e1 ubicado en la [&hellip;]\" \/>\n<meta property=\"og:url\" content=\"https:\/\/stg.visualarq.com\/es\/learn\/grasshopper-components\/create-a-door\/\" \/>\n<meta property=\"og:site_name\" content=\"VisualARQ\" \/>\n<meta property=\"article:publisher\" content=\"https:\/\/www.facebook.com\/visualarq\" \/>\n<meta property=\"article:modified_time\" content=\"2019-01-02T16:32:04+00:00\" \/>\n<meta property=\"og:image\" content=\"https:\/\/stg.visualarq.com\/wp-content\/uploads\/sites\/2\/2013\/06\/Door-Exercise-2.jpg\" \/>\n<meta name=\"twitter:card\" content=\"summary_large_image\" \/>\n<meta name=\"twitter:site\" content=\"@VisualARQ\" \/>\n<meta name=\"twitter:label1\" content=\"Tiempo de lectura\" \/>\n\t<meta name=\"twitter:data1\" content=\"5 minutos\" \/>\n<script type=\"application\/ld+json\" class=\"yoast-schema-graph\">{\"@context\":\"https:\\\/\\\/schema.org\",\"@graph\":[{\"@type\":\"WebPage\",\"@id\":\"https:\\\/\\\/stg.visualarq.com\\\/es\\\/learn\\\/grasshopper-components\\\/create-a-door\\\/\",\"url\":\"https:\\\/\\\/stg.visualarq.com\\\/es\\\/learn\\\/grasshopper-components\\\/create-a-door\\\/\",\"name\":\"Ejercicio 2. Crear una puerta - VisualARQ\",\"isPartOf\":{\"@id\":\"https:\\\/\\\/stg.visualarq.com\\\/es\\\/#website\"},\"primaryImageOfPage\":{\"@id\":\"https:\\\/\\\/stg.visualarq.com\\\/es\\\/learn\\\/grasshopper-components\\\/create-a-door\\\/#primaryimage\"},\"image\":{\"@id\":\"https:\\\/\\\/stg.visualarq.com\\\/es\\\/learn\\\/grasshopper-components\\\/create-a-door\\\/#primaryimage\"},\"thumbnailUrl\":\"https:\\\/\\\/stg.visualarq.com\\\/wp-content\\\/uploads\\\/sites\\\/2\\\/2013\\\/06\\\/Door-Exercise-2.jpg\",\"datePublished\":\"2013-06-06T00:00:00+00:00\",\"dateModified\":\"2019-01-02T16:32:04+00:00\",\"breadcrumb\":{\"@id\":\"https:\\\/\\\/stg.visualarq.com\\\/es\\\/learn\\\/grasshopper-components\\\/create-a-door\\\/#breadcrumb\"},\"inLanguage\":\"es\",\"potentialAction\":[{\"@type\":\"ReadAction\",\"target\":[\"https:\\\/\\\/stg.visualarq.com\\\/es\\\/learn\\\/grasshopper-components\\\/create-a-door\\\/\"]}]},{\"@type\":\"ImageObject\",\"inLanguage\":\"es\",\"@id\":\"https:\\\/\\\/stg.visualarq.com\\\/es\\\/learn\\\/grasshopper-components\\\/create-a-door\\\/#primaryimage\",\"url\":\"https:\\\/\\\/stg.visualarq.com\\\/wp-content\\\/uploads\\\/sites\\\/2\\\/2013\\\/06\\\/Door-Exercise-2.jpg\",\"contentUrl\":\"https:\\\/\\\/stg.visualarq.com\\\/wp-content\\\/uploads\\\/sites\\\/2\\\/2013\\\/06\\\/Door-Exercise-2.jpg\"},{\"@type\":\"BreadcrumbList\",\"@id\":\"https:\\\/\\\/stg.visualarq.com\\\/es\\\/learn\\\/grasshopper-components\\\/create-a-door\\\/#breadcrumb\",\"itemListElement\":[{\"@type\":\"ListItem\",\"position\":1,\"name\":\"Home\",\"item\":\"https:\\\/\\\/stg.visualarq.com\\\/es\\\/home\\\/\"},{\"@type\":\"ListItem\",\"position\":2,\"name\":\"Formaci\u00f3n\",\"item\":\"https:\\\/\\\/stg.visualarq.com\\\/es\\\/learn\\\/\"},{\"@type\":\"ListItem\",\"position\":3,\"name\":\"Grasshopper Components\",\"item\":\"https:\\\/\\\/stg.visualarq.com\\\/es\\\/learn\\\/grasshopper-components\\\/\"},{\"@type\":\"ListItem\",\"position\":4,\"name\":\"Ejercicio 2. Crear una puerta\"}]},{\"@type\":\"WebSite\",\"@id\":\"https:\\\/\\\/stg.visualarq.com\\\/es\\\/#website\",\"url\":\"https:\\\/\\\/stg.visualarq.com\\\/es\\\/\",\"name\":\"VisualARQ\",\"description\":\"Flexible BIM for Rhino\",\"potentialAction\":[{\"@type\":\"SearchAction\",\"target\":{\"@type\":\"EntryPoint\",\"urlTemplate\":\"https:\\\/\\\/stg.visualarq.com\\\/es\\\/?s={search_term_string}\"},\"query-input\":{\"@type\":\"PropertyValueSpecification\",\"valueRequired\":true,\"valueName\":\"search_term_string\"}}],\"inLanguage\":\"es\"}]}<\/script>\n<!-- \/ Yoast SEO plugin. -->","yoast_head_json":{"title":"Ejercicio 2. Crear una puerta - VisualARQ","robots":{"index":"noindex","follow":"follow","max-snippet":"max-snippet:-1","max-image-preview":"max-image-preview:large","max-video-preview":"max-video-preview:-1"},"og_locale":"es_ES","og_type":"article","og_title":"Ejercicio 2. Crear una puerta - VisualARQ","og_description":"Ejercicio 2. Crear una puerta 1. Crear una puerta: 1. Arrastre el componente \u00abDoor\u00bb de VisualARQ \u00a0al lienzo de Grasshopper. Este componente de puerta tiene tres entradas: W:\u00a0Muro donde se insertar\u00e1 la puerta. P: Punto de inserci\u00f3n de puerta. Determina la posici\u00f3n\u00a0\u00a0de una puerta en el modelo. Si ese punto no est\u00e1 ubicado en la [&hellip;]","og_url":"https:\/\/stg.visualarq.com\/es\/learn\/grasshopper-components\/create-a-door\/","og_site_name":"VisualARQ","article_publisher":"https:\/\/www.facebook.com\/visualarq","article_modified_time":"2019-01-02T16:32:04+00:00","og_image":[{"url":"https:\/\/stg.visualarq.com\/wp-content\/uploads\/sites\/2\/2013\/06\/Door-Exercise-2.jpg","type":"","width":"","height":""}],"twitter_card":"summary_large_image","twitter_site":"@VisualARQ","twitter_misc":{"Tiempo de lectura":"5 minutos"},"schema":{"@context":"https:\/\/schema.org","@graph":[{"@type":"WebPage","@id":"https:\/\/stg.visualarq.com\/es\/learn\/grasshopper-components\/create-a-door\/","url":"https:\/\/stg.visualarq.com\/es\/learn\/grasshopper-components\/create-a-door\/","name":"Ejercicio 2. Crear una puerta - VisualARQ","isPartOf":{"@id":"https:\/\/stg.visualarq.com\/es\/#website"},"primaryImageOfPage":{"@id":"https:\/\/stg.visualarq.com\/es\/learn\/grasshopper-components\/create-a-door\/#primaryimage"},"image":{"@id":"https:\/\/stg.visualarq.com\/es\/learn\/grasshopper-components\/create-a-door\/#primaryimage"},"thumbnailUrl":"https:\/\/stg.visualarq.com\/wp-content\/uploads\/sites\/2\/2013\/06\/Door-Exercise-2.jpg","datePublished":"2013-06-06T00:00:00+00:00","dateModified":"2019-01-02T16:32:04+00:00","breadcrumb":{"@id":"https:\/\/stg.visualarq.com\/es\/learn\/grasshopper-components\/create-a-door\/#breadcrumb"},"inLanguage":"es","potentialAction":[{"@type":"ReadAction","target":["https:\/\/stg.visualarq.com\/es\/learn\/grasshopper-components\/create-a-door\/"]}]},{"@type":"ImageObject","inLanguage":"es","@id":"https:\/\/stg.visualarq.com\/es\/learn\/grasshopper-components\/create-a-door\/#primaryimage","url":"https:\/\/stg.visualarq.com\/wp-content\/uploads\/sites\/2\/2013\/06\/Door-Exercise-2.jpg","contentUrl":"https:\/\/stg.visualarq.com\/wp-content\/uploads\/sites\/2\/2013\/06\/Door-Exercise-2.jpg"},{"@type":"BreadcrumbList","@id":"https:\/\/stg.visualarq.com\/es\/learn\/grasshopper-components\/create-a-door\/#breadcrumb","itemListElement":[{"@type":"ListItem","position":1,"name":"Home","item":"https:\/\/stg.visualarq.com\/es\/home\/"},{"@type":"ListItem","position":2,"name":"Formaci\u00f3n","item":"https:\/\/stg.visualarq.com\/es\/learn\/"},{"@type":"ListItem","position":3,"name":"Grasshopper Components","item":"https:\/\/stg.visualarq.com\/es\/learn\/grasshopper-components\/"},{"@type":"ListItem","position":4,"name":"Ejercicio 2. Crear una puerta"}]},{"@type":"WebSite","@id":"https:\/\/stg.visualarq.com\/es\/#website","url":"https:\/\/stg.visualarq.com\/es\/","name":"VisualARQ","description":"Flexible BIM for Rhino","potentialAction":[{"@type":"SearchAction","target":{"@type":"EntryPoint","urlTemplate":"https:\/\/stg.visualarq.com\/es\/?s={search_term_string}"},"query-input":{"@type":"PropertyValueSpecification","valueRequired":true,"valueName":"search_term_string"}}],"inLanguage":"es"}]}},"_links":{"self":[{"href":"https:\/\/stg.visualarq.com\/es\/wp-json\/wp\/v2\/pages\/11672","targetHints":{"allow":["GET"]}}],"collection":[{"href":"https:\/\/stg.visualarq.com\/es\/wp-json\/wp\/v2\/pages"}],"about":[{"href":"https:\/\/stg.visualarq.com\/es\/wp-json\/wp\/v2\/types\/page"}],"author":[{"embeddable":true,"href":"https:\/\/stg.visualarq.com\/es\/wp-json\/wp\/v2\/users\/6"}],"replies":[{"embeddable":true,"href":"https:\/\/stg.visualarq.com\/es\/wp-json\/wp\/v2\/comments?post=11672"}],"version-history":[{"count":0,"href":"https:\/\/stg.visualarq.com\/es\/wp-json\/wp\/v2\/pages\/11672\/revisions"}],"up":[{"embeddable":true,"href":"https:\/\/stg.visualarq.com\/es\/wp-json\/wp\/v2\/pages\/11668"}],"wp:attachment":[{"href":"https:\/\/stg.visualarq.com\/es\/wp-json\/wp\/v2\/media?parent=11672"}],"curies":[{"name":"wp","href":"https:\/\/api.w.org\/{rel}","templated":true}]}}