{"id":11674,"date":"2013-07-18T00:00:00","date_gmt":"2013-07-18T00:00:00","guid":{"rendered":"https:\/\/stg.visualarq.com\/features\/grasshopper\/exercises\/exercise-3-create-a-grid-of-columns\/"},"modified":"2019-01-02T16:32:15","modified_gmt":"2019-01-02T16:32:15","slug":"exercise-3-create-a-grid-of-columns","status":"publish","type":"page","link":"https:\/\/stg.visualarq.com\/es\/learn\/grasshopper-components\/exercise-3-create-a-grid-of-columns\/","title":{"rendered":"Ejercicio 3. Crear una rejilla de pilares"},"content":{"rendered":"<h1>Ejercicio 3. Crear una rejilla de pilares<\/h1>\n\n<p>Este ejercicio muestra c\u00f3mo crear pilares de VisualARQ en un patr\u00f3n de rejilla en Grasshopper.<\/p>\n\n<p>El ejercicio actual utiliza el componente Rectangular Grid, pero se puede utilizar cualquier otro componente de rejilla (<em>Hexagonal<\/em>,\u00a0<em>Radial<\/em>,\u00a0<em>Square<\/em>\u00a0o\u00a0<em>Triangular)<\/em>.<\/p>\n\n<p><img loading=\"lazy\" decoding=\"async\" class=\"aligncenter size-full wp-image-7886\" alt=\"Rejilla de columnas\" src=\"https:\/\/stg.visualarq.com\/wp-content\/uploads\/sites\/2\/2013\/07\/Column-Grid-2.png\" width=\"868\" height=\"288\" \/><\/p>\n\n<h3>1. Crear la rejilla<\/h3>\n\n<ul>\n\n<li>1. Arrastre un componente <strong>Rectangular Grid<\/strong>  (ficha Vector &gt; Grid)\u00a0<img loading=\"lazy\" decoding=\"async\" class=\"alignnone size-full wp-image-7866\" alt=\"Rectangular Grid\" src=\"https:\/\/stg.visualarq.com\/wp-content\/uploads\/sites\/2\/2013\/07\/Rectangular-grid.png\" width=\"23\" height=\"23\" \/>\u00a0al lienzo de Grasshopper. Este componente tiene diferentes entradas que definen el n\u00famero de celdas (<strong><em>Ex, Ey<\/em><\/strong>) y las dimensiones de celda de la rejilla (<strong><em>Sx, Sy<\/em><\/strong>).<\/li>\n\n<li>2. Utilice diferentes componentes <strong>Number Slider<\/strong> para definir los valores de esos par\u00e1metros. La salida <em><strong>C<\/strong><\/em> determina los contornos de celda de la rejilla, mientras que la salida <em><strong>P<\/strong><\/em> determina\u00a0los puntos en las esquinas de la rejilla.<\/li>\n\n<\/ul>\n\n<h3>2. Insertar los pilares<\/h3>\n\n<ol>\n\n<li>Arrastre el componente <strong>Column<\/strong><img loading=\"lazy\" decoding=\"async\" class=\"alignnone size-full wp-image-5107\" alt=\"VA_Column\" src=\"https:\/\/stg.visualarq.com\/wp-content\/uploads\/sites\/2\/2012\/06\/VA_Column.jpg\" width=\"26\" height=\"26\" \/>\u00a0al lienzo de Grasshopper. Este componente tiene dos entradas:\n\n<ul>\n\n<li><strong>P: <\/strong>Punto de inserci\u00f3n de pilar. Determina la posici\u00f3n<strong>\u00a0<\/strong>\u00a0de un pilar en el modelo.\u00a0<\/li>\n\n<li><strong>O:<\/strong>\u00a0Opciones para especificar todos los par\u00e1metros de pilar.<\/li>\n\n<\/ul>\n\n<\/li>\n\n<\/ol>\n\n<ul>\n\n<li>2. Especifique los puntos de inserci\u00f3n de los pilares. Conecte la salida P del componente Rectangular Grid con la entrada punto del componente Column. Se crear\u00e1 un pilar en cada punto de esquina de la rejilla.<\/li>\n\n<\/ul>\n\n<h3>3. Definir los par\u00e1metros del pilar<\/h3>\n\n<ul>\n\n<li>1. Arrastre el componente <strong>Column Options<\/strong><img loading=\"lazy\" decoding=\"async\" class=\"alignnone size-full wp-image-7868\" alt=\"Column Options\" src=\"https:\/\/stg.visualarq.com\/wp-content\/uploads\/sites\/2\/2013\/07\/Column-Options-24.png\" width=\"24\" height=\"24\" \/>\u00a0al lienzo de Grasshopper. Este componente tiene diferentes entradas que definen los par\u00e1metros del pilar.<\/li>\n\n<li>2. Conecte la salida de <em>Column\u00a0Options O<\/em> a la entrada del componente <em>Column O<\/em>.<\/li>\n\n<li>3. Defina las diferentes opciones del pilar<em><\/em>:\n\n<ul>\n\n<li><strong>(<em>S<\/em>) Column<em>\u00a0<\/em><span style=\"color: #000000\">Style<\/span>:\u00a0<img loading=\"lazy\" decoding=\"async\" class=\"alignnone size-full wp-image-7867\" alt=\"Column Style Param\" src=\"https:\/\/stg.visualarq.com\/wp-content\/uploads\/sites\/2\/2013\/07\/Column-Style-Param-24.png\" width=\"24\" height=\"24\" \/><\/strong>\u00a0Puede arrastrar el componente <em>Column\u00a0Style<\/em>\u00a0al lienzo y conectarlo con la entrada <em>S<\/em>\u00a0de <em>Column Options<\/em>. Este componente <em>Column Style<\/em> tiene un estilo est\u00e1ndar asignado de manera predeterminada. Para asignar un estilo diferente, haga clic en este componente y seleccione la opci\u00f3n \u00ab<em>Set one Column Style<\/em>\u00bb de la lista. Grasshopper estar\u00e1 oculto hasta que seleccione un estilo de pilar de la lista que se muestra en la l\u00ednea de comandos de Rhino. Esta lista muestra los estilos de pilar existentes disponibles en el documento de Rhino en el que est\u00e1 trabajando. (Para editar o crear nuevos estilos de pilar, minimice la ventana de <em>Grasshopper<\/em> y abra el cuadro de di\u00e1logo <em>Column Styles<\/em>\u00a0\u00ab<em>_vaColumnStyles<\/em>\u00ab.)<\/li>\n\n<li><em id=\"__mceDel\"><em id=\"__mceDel\"><strong>(<em>P<\/em>) Column<em>\u00a0<span style=\"color: #000000\">Profile<\/span><\/em><\/strong>: <\/em><\/em>El perfil del pilar determina la forma del pilar en secci\u00f3n. Este perfil de forma debe coincidir con el perfil del estilo de pilar actual; de lo contrario, Grasshopper detectar\u00e1 un error y no se crear\u00e1 el pilar.\u00a0<\/li>\n\n<li><em id=\"__mceDel\"><strong>(<em>A<\/em>) Column<em>\u00a0<span style=\"color: #000000\">Align<\/span><\/em><\/strong>:\u00a0<img loading=\"lazy\" decoding=\"async\" alt=\"9 point alignment-24\" src=\"https:\/\/stg.visualarq.com\/wp-content\/uploads\/sites\/2\/2013\/06\/9-point-alignment-24.png\" width=\"24\" height=\"24\" \/>\u00a0<\/em>La alineaci\u00f3n del pilar determina la posici\u00f3n del punto de inserci\u00f3n del pilar seg\u00fan la forma de su perfil. Arrastre un componente <em>Column Alignment<\/em> al lienzo y con\u00e9ctelo con la entrada A de Column Options. Haga clic en el componente <em>Column\u00a0Alignment<\/em> y seleccione una de las tres opciones: (<em>0=Top Left, 1=Top Middle, 2=Top Right, 3=Midlde left, 4=Center,\u00a05=Middle Right, 6=Bottom Left, 7=Bottom Middle y 8=Bottom Right<\/em>).<\/li>\n\n<li><em id=\"__mceDel\"><strong>(<em>O<\/em>)\u00a0<em>Column Alignment Offset<\/em><\/strong>: <\/em>Este valor define la distancia del pilar al punto de inserci\u00f3n.<\/li>\n\n<li><em id=\"__mceDel\"><strong><em>(R) Rotation<\/em><\/strong>: <\/em>Este valor determina la rotaci\u00f3n del perfil del pilar en el plano XY.<\/li>\n\n<li><em id=\"__mceDel\"><strong><em>(H) Height<\/em><\/strong>: <\/em>Altura del pilar.<\/li>\n\n<\/ul>\n\n<\/li>\n\n<\/ul>\n\n<p><img loading=\"lazy\" decoding=\"async\" class=\"aligncenter size-full wp-image-7891\" alt=\"Muestras de rejilla\" src=\"https:\/\/stg.visualarq.com\/wp-content\/uploads\/sites\/2\/2013\/07\/Grid-samples.jpg\" width=\"800\" height=\"200\" \/><\/p>","protected":false},"excerpt":{"rendered":"<p>Ejercicio 3. Crear una rejilla de pilares Este ejercicio muestra c\u00f3mo crear pilares de VisualARQ en un patr\u00f3n de rejilla en Grasshopper. El ejercicio actual utiliza el componente Rectangular Grid, pero se puede utilizar cualquier otro componente de rejilla (Hexagonal,\u00a0Radial,\u00a0Square\u00a0o\u00a0Triangular). 1. Crear la rejilla 1. Arrastre un componente Rectangular Grid (ficha Vector &gt; Grid)\u00a0\u00a0al lienzo [&hellip;]<\/p>\n","protected":false},"author":6,"featured_media":0,"parent":11668,"menu_order":3,"comment_status":"closed","ping_status":"closed","template":"","meta":{"_et_pb_use_builder":"","_et_pb_old_content":"","_et_gb_content_width":"","footnotes":""},"class_list":["post-11674","page","type-page","status-publish","hentry"],"yoast_head":"<!-- This site is optimized with the Yoast SEO plugin v27.3 - https:\/\/yoast.com\/product\/yoast-seo-wordpress\/ -->\n<title>Ejercicio 3. Crear una rejilla de pilares - VisualARQ<\/title>\n<meta name=\"robots\" content=\"noindex, follow, max-snippet:-1, max-image-preview:large, max-video-preview:-1\" \/>\n<meta property=\"og:locale\" content=\"es_ES\" \/>\n<meta property=\"og:type\" content=\"article\" \/>\n<meta property=\"og:title\" content=\"Ejercicio 3. Crear una rejilla de pilares - VisualARQ\" \/>\n<meta property=\"og:description\" content=\"Ejercicio 3. Crear una rejilla de pilares Este ejercicio muestra c\u00f3mo crear pilares de VisualARQ en un patr\u00f3n de rejilla en Grasshopper. El ejercicio actual utiliza el componente Rectangular Grid, pero se puede utilizar cualquier otro componente de rejilla (Hexagonal,\u00a0Radial,\u00a0Square\u00a0o\u00a0Triangular). 1. Crear la rejilla 1. Arrastre un componente Rectangular Grid (ficha Vector &gt; Grid)\u00a0\u00a0al lienzo [&hellip;]\" \/>\n<meta property=\"og:url\" content=\"https:\/\/stg.visualarq.com\/es\/learn\/grasshopper-components\/exercise-3-create-a-grid-of-columns\/\" \/>\n<meta property=\"og:site_name\" content=\"VisualARQ\" \/>\n<meta property=\"article:publisher\" content=\"https:\/\/www.facebook.com\/visualarq\" \/>\n<meta property=\"article:modified_time\" content=\"2019-01-02T16:32:15+00:00\" \/>\n<meta property=\"og:image\" content=\"https:\/\/stg.visualarq.com\/wp-content\/uploads\/sites\/2\/2013\/07\/Column-Grid-2.png\" \/>\n<meta name=\"twitter:card\" content=\"summary_large_image\" \/>\n<meta name=\"twitter:site\" content=\"@VisualARQ\" \/>\n<meta name=\"twitter:label1\" content=\"Tiempo de lectura\" \/>\n\t<meta name=\"twitter:data1\" content=\"3 minutos\" \/>\n<script type=\"application\/ld+json\" class=\"yoast-schema-graph\">{\"@context\":\"https:\\\/\\\/schema.org\",\"@graph\":[{\"@type\":\"WebPage\",\"@id\":\"https:\\\/\\\/stg.visualarq.com\\\/es\\\/learn\\\/grasshopper-components\\\/exercise-3-create-a-grid-of-columns\\\/\",\"url\":\"https:\\\/\\\/stg.visualarq.com\\\/es\\\/learn\\\/grasshopper-components\\\/exercise-3-create-a-grid-of-columns\\\/\",\"name\":\"Ejercicio 3. Crear una rejilla de pilares - VisualARQ\",\"isPartOf\":{\"@id\":\"https:\\\/\\\/stg.visualarq.com\\\/es\\\/#website\"},\"primaryImageOfPage\":{\"@id\":\"https:\\\/\\\/stg.visualarq.com\\\/es\\\/learn\\\/grasshopper-components\\\/exercise-3-create-a-grid-of-columns\\\/#primaryimage\"},\"image\":{\"@id\":\"https:\\\/\\\/stg.visualarq.com\\\/es\\\/learn\\\/grasshopper-components\\\/exercise-3-create-a-grid-of-columns\\\/#primaryimage\"},\"thumbnailUrl\":\"https:\\\/\\\/stg.visualarq.com\\\/wp-content\\\/uploads\\\/sites\\\/2\\\/2013\\\/07\\\/Column-Grid-2.png\",\"datePublished\":\"2013-07-18T00:00:00+00:00\",\"dateModified\":\"2019-01-02T16:32:15+00:00\",\"breadcrumb\":{\"@id\":\"https:\\\/\\\/stg.visualarq.com\\\/es\\\/learn\\\/grasshopper-components\\\/exercise-3-create-a-grid-of-columns\\\/#breadcrumb\"},\"inLanguage\":\"es\",\"potentialAction\":[{\"@type\":\"ReadAction\",\"target\":[\"https:\\\/\\\/stg.visualarq.com\\\/es\\\/learn\\\/grasshopper-components\\\/exercise-3-create-a-grid-of-columns\\\/\"]}]},{\"@type\":\"ImageObject\",\"inLanguage\":\"es\",\"@id\":\"https:\\\/\\\/stg.visualarq.com\\\/es\\\/learn\\\/grasshopper-components\\\/exercise-3-create-a-grid-of-columns\\\/#primaryimage\",\"url\":\"https:\\\/\\\/stg.visualarq.com\\\/wp-content\\\/uploads\\\/sites\\\/2\\\/2013\\\/07\\\/Column-Grid-2.png\",\"contentUrl\":\"https:\\\/\\\/stg.visualarq.com\\\/wp-content\\\/uploads\\\/sites\\\/2\\\/2013\\\/07\\\/Column-Grid-2.png\"},{\"@type\":\"BreadcrumbList\",\"@id\":\"https:\\\/\\\/stg.visualarq.com\\\/es\\\/learn\\\/grasshopper-components\\\/exercise-3-create-a-grid-of-columns\\\/#breadcrumb\",\"itemListElement\":[{\"@type\":\"ListItem\",\"position\":1,\"name\":\"Home\",\"item\":\"https:\\\/\\\/stg.visualarq.com\\\/es\\\/home\\\/\"},{\"@type\":\"ListItem\",\"position\":2,\"name\":\"Formaci\u00f3n\",\"item\":\"https:\\\/\\\/stg.visualarq.com\\\/es\\\/learn\\\/\"},{\"@type\":\"ListItem\",\"position\":3,\"name\":\"Grasshopper Components\",\"item\":\"https:\\\/\\\/stg.visualarq.com\\\/es\\\/learn\\\/grasshopper-components\\\/\"},{\"@type\":\"ListItem\",\"position\":4,\"name\":\"Ejercicio 3. Crear una rejilla de pilares\"}]},{\"@type\":\"WebSite\",\"@id\":\"https:\\\/\\\/stg.visualarq.com\\\/es\\\/#website\",\"url\":\"https:\\\/\\\/stg.visualarq.com\\\/es\\\/\",\"name\":\"VisualARQ\",\"description\":\"Flexible BIM for Rhino\",\"potentialAction\":[{\"@type\":\"SearchAction\",\"target\":{\"@type\":\"EntryPoint\",\"urlTemplate\":\"https:\\\/\\\/stg.visualarq.com\\\/es\\\/?s={search_term_string}\"},\"query-input\":{\"@type\":\"PropertyValueSpecification\",\"valueRequired\":true,\"valueName\":\"search_term_string\"}}],\"inLanguage\":\"es\"}]}<\/script>\n<!-- \/ Yoast SEO plugin. -->","yoast_head_json":{"title":"Ejercicio 3. Crear una rejilla de pilares - VisualARQ","robots":{"index":"noindex","follow":"follow","max-snippet":"max-snippet:-1","max-image-preview":"max-image-preview:large","max-video-preview":"max-video-preview:-1"},"og_locale":"es_ES","og_type":"article","og_title":"Ejercicio 3. Crear una rejilla de pilares - VisualARQ","og_description":"Ejercicio 3. Crear una rejilla de pilares Este ejercicio muestra c\u00f3mo crear pilares de VisualARQ en un patr\u00f3n de rejilla en Grasshopper. El ejercicio actual utiliza el componente Rectangular Grid, pero se puede utilizar cualquier otro componente de rejilla (Hexagonal,\u00a0Radial,\u00a0Square\u00a0o\u00a0Triangular). 1. Crear la rejilla 1. Arrastre un componente Rectangular Grid (ficha Vector &gt; Grid)\u00a0\u00a0al lienzo [&hellip;]","og_url":"https:\/\/stg.visualarq.com\/es\/learn\/grasshopper-components\/exercise-3-create-a-grid-of-columns\/","og_site_name":"VisualARQ","article_publisher":"https:\/\/www.facebook.com\/visualarq","article_modified_time":"2019-01-02T16:32:15+00:00","og_image":[{"url":"https:\/\/stg.visualarq.com\/wp-content\/uploads\/sites\/2\/2013\/07\/Column-Grid-2.png","type":"","width":"","height":""}],"twitter_card":"summary_large_image","twitter_site":"@VisualARQ","twitter_misc":{"Tiempo de lectura":"3 minutos"},"schema":{"@context":"https:\/\/schema.org","@graph":[{"@type":"WebPage","@id":"https:\/\/stg.visualarq.com\/es\/learn\/grasshopper-components\/exercise-3-create-a-grid-of-columns\/","url":"https:\/\/stg.visualarq.com\/es\/learn\/grasshopper-components\/exercise-3-create-a-grid-of-columns\/","name":"Ejercicio 3. Crear una rejilla de pilares - VisualARQ","isPartOf":{"@id":"https:\/\/stg.visualarq.com\/es\/#website"},"primaryImageOfPage":{"@id":"https:\/\/stg.visualarq.com\/es\/learn\/grasshopper-components\/exercise-3-create-a-grid-of-columns\/#primaryimage"},"image":{"@id":"https:\/\/stg.visualarq.com\/es\/learn\/grasshopper-components\/exercise-3-create-a-grid-of-columns\/#primaryimage"},"thumbnailUrl":"https:\/\/stg.visualarq.com\/wp-content\/uploads\/sites\/2\/2013\/07\/Column-Grid-2.png","datePublished":"2013-07-18T00:00:00+00:00","dateModified":"2019-01-02T16:32:15+00:00","breadcrumb":{"@id":"https:\/\/stg.visualarq.com\/es\/learn\/grasshopper-components\/exercise-3-create-a-grid-of-columns\/#breadcrumb"},"inLanguage":"es","potentialAction":[{"@type":"ReadAction","target":["https:\/\/stg.visualarq.com\/es\/learn\/grasshopper-components\/exercise-3-create-a-grid-of-columns\/"]}]},{"@type":"ImageObject","inLanguage":"es","@id":"https:\/\/stg.visualarq.com\/es\/learn\/grasshopper-components\/exercise-3-create-a-grid-of-columns\/#primaryimage","url":"https:\/\/stg.visualarq.com\/wp-content\/uploads\/sites\/2\/2013\/07\/Column-Grid-2.png","contentUrl":"https:\/\/stg.visualarq.com\/wp-content\/uploads\/sites\/2\/2013\/07\/Column-Grid-2.png"},{"@type":"BreadcrumbList","@id":"https:\/\/stg.visualarq.com\/es\/learn\/grasshopper-components\/exercise-3-create-a-grid-of-columns\/#breadcrumb","itemListElement":[{"@type":"ListItem","position":1,"name":"Home","item":"https:\/\/stg.visualarq.com\/es\/home\/"},{"@type":"ListItem","position":2,"name":"Formaci\u00f3n","item":"https:\/\/stg.visualarq.com\/es\/learn\/"},{"@type":"ListItem","position":3,"name":"Grasshopper Components","item":"https:\/\/stg.visualarq.com\/es\/learn\/grasshopper-components\/"},{"@type":"ListItem","position":4,"name":"Ejercicio 3. Crear una rejilla de pilares"}]},{"@type":"WebSite","@id":"https:\/\/stg.visualarq.com\/es\/#website","url":"https:\/\/stg.visualarq.com\/es\/","name":"VisualARQ","description":"Flexible BIM for Rhino","potentialAction":[{"@type":"SearchAction","target":{"@type":"EntryPoint","urlTemplate":"https:\/\/stg.visualarq.com\/es\/?s={search_term_string}"},"query-input":{"@type":"PropertyValueSpecification","valueRequired":true,"valueName":"search_term_string"}}],"inLanguage":"es"}]}},"_links":{"self":[{"href":"https:\/\/stg.visualarq.com\/es\/wp-json\/wp\/v2\/pages\/11674","targetHints":{"allow":["GET"]}}],"collection":[{"href":"https:\/\/stg.visualarq.com\/es\/wp-json\/wp\/v2\/pages"}],"about":[{"href":"https:\/\/stg.visualarq.com\/es\/wp-json\/wp\/v2\/types\/page"}],"author":[{"embeddable":true,"href":"https:\/\/stg.visualarq.com\/es\/wp-json\/wp\/v2\/users\/6"}],"replies":[{"embeddable":true,"href":"https:\/\/stg.visualarq.com\/es\/wp-json\/wp\/v2\/comments?post=11674"}],"version-history":[{"count":0,"href":"https:\/\/stg.visualarq.com\/es\/wp-json\/wp\/v2\/pages\/11674\/revisions"}],"up":[{"embeddable":true,"href":"https:\/\/stg.visualarq.com\/es\/wp-json\/wp\/v2\/pages\/11668"}],"wp:attachment":[{"href":"https:\/\/stg.visualarq.com\/es\/wp-json\/wp\/v2\/media?parent=11674"}],"curies":[{"name":"wp","href":"https:\/\/api.w.org\/{rel}","templated":true}]}}