{"id":11698,"date":"2011-01-20T00:00:00","date_gmt":"2011-01-20T00:00:00","guid":{"rendered":"https:\/\/stg.visualarq.com\/download\/"},"modified":"2025-01-14T11:08:21","modified_gmt":"2025-01-14T11:08:21","slug":"download","status":"publish","type":"page","link":"https:\/\/stg.visualarq.com\/es\/download\/","title":{"rendered":"Descargar"},"content":{"rendered":"[et_pb_section fb_built=\u00bb1&#8243; custom_padding_last_edited=\u00bbon|desktop\u00bb admin_label=\u00bbsection\u00bb _builder_version=\u00bb4.16&#8243; custom_padding_tablet=\u00bb50px|0|50px|0&#8243; custom_padding_phone=\u00bb\u00bb da_disable_devices=\u00bboff|off|off\u00bb transparent_background=\u00bboff\u00bb padding_mobile=\u00bboff\u00bb make_fullwidth=\u00bboff\u00bb use_custom_width=\u00bboff\u00bb width_unit=\u00bbon\u00bb global_colors_info=\u00bb{}\u00bb da_is_popup=\u00bboff\u00bb da_exit_intent=\u00bboff\u00bb da_has_close=\u00bbon\u00bb da_alt_close=\u00bboff\u00bb da_dark_close=\u00bboff\u00bb da_not_modal=\u00bbon\u00bb da_is_singular=\u00bboff\u00bb da_with_loader=\u00bboff\u00bb da_has_shadow=\u00bbon\u00bb][et_pb_row padding_mobile=\u00bboff\u00bb column_padding_mobile=\u00bbon\u00bb admin_label=\u00bbfila\u00bb _builder_version=\u00bb4.16&#8243; background_size=\u00bbinitial\u00bb background_position=\u00bbtop_left\u00bb background_repeat=\u00bbrepeat\u00bb custom_padding=\u00bb||0px|\u00bb make_fullwidth=\u00bboff\u00bb use_custom_width=\u00bboff\u00bb width_unit=\u00bbon\u00bb global_colors_info=\u00bb{}\u00bb][et_pb_column type=\u00bb4_4&#8243; _builder_version=\u00bb4.16&#8243; custom_padding=\u00bb|||\u00bb global_colors_info=\u00bb{}\u00bb custom_padding__hover=\u00bb|||\u00bb][et_pb_post_title meta=\u00bboff\u00bb featured_image=\u00bboff\u00bb admin_label=\u00bbTitulo de la p\u00e1gina\u00bb _builder_version=\u00bb4.16&#8243; title_font=\u00bb|on|||\u00bb title_font_size=\u00bb30px\u00bb title_all_caps=\u00bboff\u00bb background_color=\u00bbrgba(255,255,255,0)\u00bb parallax=\u00bbon\u00bb parallax_method=\u00bboff\u00bb custom_margin=\u00bb||0px|\u00bb parallax_effect=\u00bbon\u00bb module_bg_color=\u00bbrgba(255,255,255,0)\u00bb use_border_color=\u00bboff\u00bb border_color=\u00bb#ffffff\u00bb border_style=\u00bbsolid\u00bb saved_tabs=\u00bball\u00bb global_colors_info=\u00bb{}\u00bb][\/et_pb_post_title][\/et_pb_column][\/et_pb_row][et_pb_row column_structure=\u00bb1_2,1_2&#8243; _builder_version=\u00bb4.16&#8243; background_size=\u00bbinitial\u00bb background_position=\u00bbtop_left\u00bb background_repeat=\u00bbrepeat\u00bb global_colors_info=\u00bb{}\u00bb][et_pb_column type=\u00bb1_2&#8243; _builder_version=\u00bb4.16&#8243; custom_padding=\u00bb|||\u00bb global_colors_info=\u00bb{}\u00bb custom_padding__hover=\u00bb|||\u00bb][et_pb_cta title=\u00bb\u00a1Pruebe VisualARQ 3 gratuitamente!\u00bb button_url=\u00bbhttps:\/\/stg.visualarq.com\/es\/download\/eval\/\u00bb button_text=\u00bbDescargar evaluaci\u00f3n\u00bb admin_label=\u00bbLlamada a la acci\u00f3n: Descargar eval\u00bb _builder_version=\u00bb4.27.2&#8243; header_font=\u00bb|700|||||||\u00bb background_color=\u00bbrgba(214,214,214,0.2)\u00bb background_size=\u00bbinitial\u00bb background_position=\u00bbtop_left\u00bb background_repeat=\u00bbrepeat\u00bb text_orientation=\u00bbleft\u00bb background_layout=\u00bblight\u00bb border_radii=\u00bbon|12px|12px|12px|12px\u00bb border_width_all=\u00bb1px\u00bb border_color_all=\u00bb#d6d6d6&#8243; box_shadow_style=\u00bbpreset1&#8243; box_shadow_blur=\u00bb6px\u00bb use_border_color=\u00bboff\u00bb border_color=\u00bb#ffffff\u00bb border_style=\u00bbsolid\u00bb button_letter_spacing_hover=\u00bb0&#8243; global_colors_info=\u00bb{}\u00bb button_text_size__hover_enabled=\u00bboff\u00bb button_one_text_size__hover_enabled=\u00bboff\u00bb button_two_text_size__hover_enabled=\u00bboff\u00bb button_text_color__hover_enabled=\u00bboff\u00bb button_one_text_color__hover_enabled=\u00bboff\u00bb button_two_text_color__hover_enabled=\u00bboff\u00bb button_border_width__hover_enabled=\u00bboff\u00bb button_one_border_width__hover_enabled=\u00bboff\u00bb button_two_border_width__hover_enabled=\u00bboff\u00bb button_border_color__hover_enabled=\u00bboff\u00bb button_one_border_color__hover_enabled=\u00bboff\u00bb button_two_border_color__hover_enabled=\u00bboff\u00bb button_border_radius__hover_enabled=\u00bboff\u00bb button_one_border_radius__hover_enabled=\u00bboff\u00bb button_two_border_radius__hover_enabled=\u00bboff\u00bb button_letter_spacing__hover_enabled=\u00bbon\u00bb button_letter_spacing__hover=\u00bb0&#8243; button_one_letter_spacing__hover_enabled=\u00bboff\u00bb button_two_letter_spacing__hover_enabled=\u00bboff\u00bb button_bg_color__hover_enabled=\u00bboff\u00bb button_one_bg_color__hover_enabled=\u00bboff\u00bb button_two_bg_color__hover_enabled=\u00bboff\u00bb box_shadow_blur__hover_enabled=\u00bbon|hover\u00bb box_shadow_blur__hover=\u00bb18px\u00bb]<p>La versi\u00f3n de evaluaci\u00f3n de VisualARQ es <strong>totalmente funcional durante 90 d\u00edas<\/strong> despu\u00e9s de su instalaci\u00f3n. Despu\u00e9s de 90 d\u00edas algunas funciones se desactivan.<\/p>[\/et_pb_cta][et_pb_cta title=\u00bbActualizar VisualARQ 3&#8243; button_url=\u00bbhttps:\/\/stg.visualarq.com\/es\/download\/update\/\u00bb button_text=\u00bbDescargar actualizaci\u00f3n\u00bb admin_label=\u00bbLlamada a la acci\u00f3n: Descargar actualizaci\u00f3n\u00bb _builder_version=\u00bb4.27.2&#8243; header_font=\u00bb|700|||||||\u00bb background_color=\u00bbrgba(214,214,214,0.2)\u00bb background_size=\u00bbinitial\u00bb background_position=\u00bbtop_left\u00bb background_repeat=\u00bbrepeat\u00bb text_orientation=\u00bbleft\u00bb background_layout=\u00bblight\u00bb border_radii=\u00bbon|12px|12px|12px|12px\u00bb border_width_all=\u00bb1px\u00bb border_color_all=\u00bb#d6d6d6&#8243; box_shadow_style=\u00bbpreset1&#8243; box_shadow_blur=\u00bb6px\u00bb use_border_color=\u00bboff\u00bb border_color=\u00bb#ffffff\u00bb border_style=\u00bbsolid\u00bb button_letter_spacing_hover=\u00bb0&#8243; global_colors_info=\u00bb{}\u00bb button_text_size__hover_enabled=\u00bboff\u00bb button_one_text_size__hover_enabled=\u00bboff\u00bb button_two_text_size__hover_enabled=\u00bboff\u00bb button_text_color__hover_enabled=\u00bboff\u00bb button_one_text_color__hover_enabled=\u00bboff\u00bb button_two_text_color__hover_enabled=\u00bboff\u00bb button_border_width__hover_enabled=\u00bboff\u00bb button_one_border_width__hover_enabled=\u00bboff\u00bb button_two_border_width__hover_enabled=\u00bboff\u00bb button_border_color__hover_enabled=\u00bboff\u00bb button_one_border_color__hover_enabled=\u00bboff\u00bb button_two_border_color__hover_enabled=\u00bboff\u00bb button_border_radius__hover_enabled=\u00bboff\u00bb button_one_border_radius__hover_enabled=\u00bboff\u00bb button_two_border_radius__hover_enabled=\u00bboff\u00bb button_letter_spacing__hover_enabled=\u00bbon\u00bb button_letter_spacing__hover=\u00bb0&#8243; button_one_letter_spacing__hover_enabled=\u00bboff\u00bb button_two_letter_spacing__hover_enabled=\u00bboff\u00bb button_bg_color__hover_enabled=\u00bboff\u00bb button_one_bg_color__hover_enabled=\u00bboff\u00bb button_two_bg_color__hover_enabled=\u00bboff\u00bb box_shadow_blur__hover=\u00bb18px\u00bb box_shadow_blur__hover_enabled=\u00bbon|hover\u00bb]<p>Si ya tiene una licencia de VisualARQ 3, obtenga la \u00faltima versi\u00f3n desde aqu\u00ed.<\/p>[\/et_pb_cta][et_pb_text _builder_version=\u00bb4.27.2&#8243; _module_preset=\u00bbdefault\u00bb global_colors_info=\u00bb{}\u00bb]<p><span>Si tiene <\/span><strong>VisualARQ 2<\/strong><span>, descargue la \u00faltima versi\u00f3n <\/span><strong><a href=\"https:\/\/stg.visualarq.com\/es\/download\/update\/v2\/\">aqu\u00ed<\/a><\/strong>.<\/p>[\/et_pb_text][\/et_pb_column][et_pb_column type=\u00bb1_2&#8243; _builder_version=\u00bb4.16&#8243; custom_padding=\u00bb|||\u00bb global_colors_info=\u00bb{}\u00bb custom_padding__hover=\u00bb|||\u00bb][et_pb_text admin_label=\u00bbTitle\u00bb _builder_version=\u00bb4.16&#8243; background_size=\u00bbinitial\u00bb background_position=\u00bbtop_left\u00bb background_repeat=\u00bbrepeat\u00bb use_border_color=\u00bboff\u00bb border_color=\u00bb#ffffff\u00bb border_style=\u00bbsolid\u00bb global_colors_info=\u00bb{}\u00bb]<h2>Otras descargas<\/h2>[\/et_pb_text][et_pb_blurb title=\u00bbDescargar Zoo\u00bb url=\u00bbhttps:\/\/stg.visualarq.com\/es\/download\/resources\/\u00bb use_icon=\u00bbon\u00bb font_icon=\u00bb&#xe109;||divi||400&#8243; icon_placement=\u00bbleft\u00bb admin_label=\u00bbDownload Zoo\u00bb _builder_version=\u00bb4.16&#8243; background_size=\u00bbinitial\u00bb background_position=\u00bbtop_left\u00bb background_repeat=\u00bbrepeat\u00bb animation=\u00bboff\u00bb border_style=\u00bbsolid\u00bb global_colors_info=\u00bb{}\u00bb]Administrador de licencias en red gratuito\r[\/et_pb_blurb][et_pb_blurb title=\u00bbDescargar Rhino\u00bb url=\u00bbhttps:\/\/www.rhino3d.com\/download\u00bb image=\u00bbhttps:\/\/stg.visualarq.com\/wp-content\/uploads\/sites\/2\/2011\/01\/AppIcon-RoundedCorners99x98.png\u00bb icon_placement=\u00bbleft\u00bb image_icon_width=\u00bbnone\u00bb admin_label=\u00bbDownload Rhino\u00bb _builder_version=\u00bb4.16&#8243; background_size=\u00bbinitial\u00bb background_position=\u00bbtop_left\u00bb background_repeat=\u00bbrepeat\u00bb animation=\u00bboff\u00bb border_style=\u00bbsolid\u00bb image_max_width=\u00bbnone\u00bb global_colors_info=\u00bb{}\u00bb]Modelador de formas libres para Windows&nbsp;\r[\/et_pb_blurb][et_pb_blurb title=\u00bbDescargar Estilos de VisualARQ\u00bb url=\u00bbhttps:\/\/stg.visualarq.com\/es\/download\/styles-library\/\u00bb url_new_window=\u00bbon\u00bb image=\u00bbhttps:\/\/stg.visualarq.com\/wp-content\/uploads\/sites\/2\/2018\/11\/val-file-VA2.png\u00bb icon_placement=\u00bbleft\u00bb image_icon_width=\u00bbnone\u00bb admin_label=\u00bbDownload VisualARQ Styles\u00bb _builder_version=\u00bb4.27.4&#8243; background_size=\u00bbinitial\u00bb background_position=\u00bbtop_left\u00bb background_repeat=\u00bbrepeat\u00bb animation=\u00bboff\u00bb hover_enabled=\u00bb0&#8243; border_style=\u00bbsolid\u00bb image_max_width=\u00bbnone\u00bb global_colors_info=\u00bb{}\u00bb sticky_enabled=\u00bb0&#8243;]<p>Librer\u00eda gratuita de nuevos estilos de objeto<\/p>[\/et_pb_blurb][et_pb_blurb title=\u00bbUtilidades\u00bb url=\u00bbhttps:\/\/stg.visualarq.com\/es\/download\/utilities\/\u00bb use_icon=\u00bbon\u00bb font_icon=\u00bb&#xe035;||divi||400&#8243; icon_placement=\u00bbleft\u00bb image_icon_width=\u00bbnone\u00bb admin_label=\u00bbUtilities\u00bb _builder_version=\u00bb4.17.4&#8243; background_size=\u00bbinitial\u00bb background_position=\u00bbtop_left\u00bb background_repeat=\u00bbrepeat\u00bb animation=\u00bboff\u00bb border_style=\u00bbsolid\u00bb image_max_width=\u00bbnone\u00bb global_colors_info=\u00bb{}\u00bb]Herramientas \u00fatiles para acelerar el flujo de trabajo con VisualARQ[\/et_pb_blurb][et_pb_blurb title=\u00bbVisualARQ Labs\u00bb url=\u00bbhttps:\/\/stg.visualarq.com\/es\/labs\/\u00bb use_icon=\u00bbon\u00bb font_icon=\u00bb&#xf0c3;||fa||900&#8243; icon_placement=\u00bbleft\u00bb image_icon_width=\u00bbnone\u00bb admin_label=\u00bbVisualARQ Labs\u00bb _builder_version=\u00bb4.20.2&#8243; background_size=\u00bbinitial\u00bb background_position=\u00bbtop_left\u00bb background_repeat=\u00bbrepeat\u00bb animation=\u00bboff\u00bb border_style=\u00bbsolid\u00bb image_max_width=\u00bbnone\u00bb global_colors_info=\u00bb{}\u00bb]Nuevos comandos experimentales que ampl\u00edan las funciones de VisualARQ.[\/et_pb_blurb][et_pb_blurb title=\u00bbModelo de ejemplo\u00bb url=\u00bbhttps:\/\/stg.visualarq.com\/wp-content\/uploads\/2019\/07\/Villa-Savoye-Model.zip\u00bb use_icon=\u00bbon\u00bb font_icon=\u00bb&#xf6d1;||fa||900&#8243; icon_placement=\u00bbleft\u00bb image_icon_width=\u00bbnone\u00bb admin_label=\u00bbSample model\u00bb _builder_version=\u00bb4.20.4&#8243; background_size=\u00bbinitial\u00bb background_position=\u00bbtop_left\u00bb background_repeat=\u00bbrepeat\u00bb animation=\u00bboff\u00bb border_style=\u00bbsolid\u00bb image_max_width=\u00bbnone\u00bb global_colors_info=\u00bb{}\u00bb]<p>Descargue el modelo \u00abVilla Savoye\u00bb creado con VisualARQ.<\/p>[\/et_pb_blurb][\/et_pb_column][\/et_pb_row][et_pb_row _builder_version=\u00bb4.16&#8243; background_size=\u00bbinitial\u00bb background_position=\u00bbtop_left\u00bb background_repeat=\u00bbrepeat\u00bb global_colors_info=\u00bb{}\u00bb][et_pb_column type=\u00bb4_4&#8243; _builder_version=\u00bb4.16&#8243; custom_padding=\u00bb|||\u00bb global_colors_info=\u00bb{}\u00bb custom_padding__hover=\u00bb|||\u00bb][et_pb_text _builder_version=\u00bb4.16&#8243; background_size=\u00bbinitial\u00bb background_position=\u00bbtop_left\u00bb background_repeat=\u00bbrepeat\u00bb use_border_color=\u00bboff\u00bb border_color=\u00bb#ffffff\u00bb border_style=\u00bbsolid\u00bb global_colors_info=\u00bb{}\u00bb]<h2>Despu\u00e9s de descargar&#8230;<\/h2>\r[\/et_pb_text][\/et_pb_column][\/et_pb_row][et_pb_row column_structure=\u00bb1_3,1_3,1_3&#8243; _builder_version=\u00bb4.25.2&#8243; background_color=\u00bbrgba(214,214,214,0.2)\u00bb background_size=\u00bbinitial\u00bb background_position=\u00bbtop_left\u00bb background_repeat=\u00bbrepeat\u00bb custom_padding=\u00bb|||20px|false|false\u00bb border_radii=\u00bbon|12px|12px|12px|12px\u00bb border_width_all=\u00bb1px\u00bb border_color_all=\u00bb#d6d6d6&#8243; global_colors_info=\u00bb{}\u00bb][et_pb_column type=\u00bb1_3&#8243; _builder_version=\u00bb4.16&#8243; custom_padding=\u00bb|||\u00bb global_colors_info=\u00bb{}\u00bb custom_padding__hover=\u00bb|||\u00bb][et_pb_blurb title=\u00bbAprender VisualARQ\u00bb url=\u00bbhttps:\/\/stg.visualarq.com\/es\/learn\/\u00bb use_icon=\u00bbon\u00bb font_icon=\u00bb&#xe04e;||divi||400&#8243; icon_placement=\u00bbleft\u00bb _builder_version=\u00bb4.16&#8243; background_size=\u00bbinitial\u00bb background_position=\u00bbtop_left\u00bb background_repeat=\u00bbrepeat\u00bb animation=\u00bboff\u00bb use_border_color=\u00bboff\u00bb border_color=\u00bb#ffffff\u00bb border_style=\u00bbsolid\u00bb global_colors_info=\u00bb{}\u00bb]Utilice nuestro tutorial en v\u00eddeo para aprender los conceptos b\u00e1sicos del programa.\r[\/et_pb_blurb][\/et_pb_column][et_pb_column type=\u00bb1_3&#8243; _builder_version=\u00bb4.16&#8243; custom_padding=\u00bb|||\u00bb global_colors_info=\u00bb{}\u00bb custom_padding__hover=\u00bb|||\u00bb][et_pb_blurb title=\u00bbEncontrar respuestas\u00bb url=\u00bbhttps:\/\/stg.visualarq.com\/es\/support\/\u00bb use_icon=\u00bbon\u00bb font_icon=\u00bb&#xe007;||divi||400&#8243; icon_placement=\u00bbleft\u00bb _builder_version=\u00bb4.16&#8243; background_size=\u00bbinitial\u00bb background_position=\u00bbtop_left\u00bb background_repeat=\u00bbrepeat\u00bb animation=\u00bboff\u00bb use_border_color=\u00bboff\u00bb border_color=\u00bb#ffffff\u00bb border_style=\u00bbsolid\u00bb global_colors_info=\u00bb{}\u00bb]Resuelva sus dudas en nuestro foro y p\u00e1ginas de sugerencias y trucos, o bien cont\u00e1ctenos directamente.\r[\/et_pb_blurb][\/et_pb_column][et_pb_column type=\u00bb1_3&#8243; _builder_version=\u00bb4.16&#8243; custom_padding=\u00bb|||\u00bb global_colors_info=\u00bb{}\u00bb custom_padding__hover=\u00bb|||\u00bb][et_pb_blurb title=\u00bbComprar VisualARQ\u00bb url=\u00bbhttps:\/\/stg.visualarq.com\/es\/sales\/\u00bb use_icon=\u00bbon\u00bb font_icon=\u00bb&#xe015;||divi||400&#8243; icon_placement=\u00bbleft\u00bb _builder_version=\u00bb4.16&#8243; background_size=\u00bbinitial\u00bb background_position=\u00bbtop_left\u00bb background_repeat=\u00bbrepeat\u00bb animation=\u00bboff\u00bb use_border_color=\u00bboff\u00bb border_color=\u00bb#ffffff\u00bb border_style=\u00bbsolid\u00bb global_colors_info=\u00bb{}\u00bb]Consulte los precios y c\u00f3mo comprar VisualARQ.\r[\/et_pb_blurb][\/et_pb_column][\/et_pb_row][\/et_pb_section]","protected":false},"excerpt":{"rendered":"<p>La versi\u00f3n de evaluaci\u00f3n de VisualARQ es totalmente funcional durante 90 d\u00edas despu\u00e9s de su instalaci\u00f3n. Despu\u00e9s de 90 d\u00edas algunas funciones se desactivan.Si ya tiene una licencia de VisualARQ 3, obtenga la \u00faltima versi\u00f3n desde aqu\u00ed.Si tiene VisualARQ 2, descargue la \u00faltima versi\u00f3n aqu\u00ed.Otras descargasAdministrador de licencias en red gratuito Modelador de formas libres [&hellip;]<\/p>\n","protected":false},"author":5,"featured_media":0,"parent":0,"menu_order":4,"comment_status":"closed","ping_status":"closed","template":"","meta":{"_et_pb_use_builder":"on","_et_pb_old_content":"","_et_gb_content_width":"","footnotes":""},"class_list":["post-11698","page","type-page","status-publish","hentry"],"yoast_head":"<!-- This site is optimized with the Yoast SEO plugin v27.3 - https:\/\/yoast.com\/product\/yoast-seo-wordpress\/ -->\n<title>Descargar - VisualARQ<\/title>\n<meta name=\"description\" content=\"Descargue la \u00faltima versi\u00f3n de VisualARQ. Si no tiene licencia, podr\u00e1 probar todas las funciones gratis durante 90 d\u00edas.\" \/>\n<meta name=\"robots\" content=\"noindex, follow, max-snippet:-1, max-image-preview:large, max-video-preview:-1\" \/>\n<meta property=\"og:locale\" content=\"es_ES\" \/>\n<meta property=\"og:type\" content=\"article\" \/>\n<meta property=\"og:title\" content=\"Descargar - VisualARQ\" \/>\n<meta property=\"og:description\" content=\"Descargue la \u00faltima versi\u00f3n de VisualARQ. Si no tiene licencia, podr\u00e1 probar todas las funciones gratis durante 90 d\u00edas.\" \/>\n<meta property=\"og:url\" content=\"https:\/\/stg.visualarq.com\/es\/download\/\" \/>\n<meta property=\"og:site_name\" content=\"VisualARQ\" \/>\n<meta property=\"article:publisher\" content=\"https:\/\/www.facebook.com\/visualarq\" \/>\n<meta property=\"article:modified_time\" content=\"2025-01-14T11:08:21+00:00\" \/>\n<meta property=\"og:image\" content=\"https:\/\/stg.visualarq.com\/wp-content\/uploads\/2018\/12\/Render-PORTADA-900.jpg\" \/>\n<meta name=\"twitter:card\" content=\"summary_large_image\" \/>\n<meta name=\"twitter:image\" content=\"https:\/\/stg.visualarq.com\/wp-content\/uploads\/2018\/12\/Render-PORTADA-900.jpg\" \/>\n<meta name=\"twitter:site\" content=\"@VisualARQ\" \/>\n<meta name=\"twitter:label1\" content=\"Tiempo de lectura\" \/>\n\t<meta name=\"twitter:data1\" content=\"8 minutos\" \/>\n<script type=\"application\/ld+json\" class=\"yoast-schema-graph\">{\"@context\":\"https:\\\/\\\/schema.org\",\"@graph\":[{\"@type\":\"WebPage\",\"@id\":\"https:\\\/\\\/stg.visualarq.com\\\/es\\\/download\\\/\",\"url\":\"https:\\\/\\\/stg.visualarq.com\\\/es\\\/download\\\/\",\"name\":\"Descargar - VisualARQ\",\"isPartOf\":{\"@id\":\"https:\\\/\\\/stg.visualarq.com\\\/es\\\/#website\"},\"datePublished\":\"2011-01-20T00:00:00+00:00\",\"dateModified\":\"2025-01-14T11:08:21+00:00\",\"description\":\"Descargue la \u00faltima versi\u00f3n de VisualARQ. Si no tiene licencia, podr\u00e1 probar todas las funciones gratis durante 90 d\u00edas.\",\"breadcrumb\":{\"@id\":\"https:\\\/\\\/stg.visualarq.com\\\/es\\\/download\\\/#breadcrumb\"},\"inLanguage\":\"es\",\"potentialAction\":[{\"@type\":\"ReadAction\",\"target\":[\"https:\\\/\\\/stg.visualarq.com\\\/es\\\/download\\\/\"]}]},{\"@type\":\"BreadcrumbList\",\"@id\":\"https:\\\/\\\/stg.visualarq.com\\\/es\\\/download\\\/#breadcrumb\",\"itemListElement\":[{\"@type\":\"ListItem\",\"position\":1,\"name\":\"Home\",\"item\":\"https:\\\/\\\/stg.visualarq.com\\\/es\\\/home\\\/\"},{\"@type\":\"ListItem\",\"position\":2,\"name\":\"Descargar\"}]},{\"@type\":\"WebSite\",\"@id\":\"https:\\\/\\\/stg.visualarq.com\\\/es\\\/#website\",\"url\":\"https:\\\/\\\/stg.visualarq.com\\\/es\\\/\",\"name\":\"VisualARQ\",\"description\":\"Flexible BIM for Rhino\",\"potentialAction\":[{\"@type\":\"SearchAction\",\"target\":{\"@type\":\"EntryPoint\",\"urlTemplate\":\"https:\\\/\\\/stg.visualarq.com\\\/es\\\/?s={search_term_string}\"},\"query-input\":{\"@type\":\"PropertyValueSpecification\",\"valueRequired\":true,\"valueName\":\"search_term_string\"}}],\"inLanguage\":\"es\"}]}<\/script>\n<!-- \/ Yoast SEO plugin. -->","yoast_head_json":{"title":"Descargar - VisualARQ","description":"Descargue la \u00faltima versi\u00f3n de VisualARQ. Si no tiene licencia, podr\u00e1 probar todas las funciones gratis durante 90 d\u00edas.","robots":{"index":"noindex","follow":"follow","max-snippet":"max-snippet:-1","max-image-preview":"max-image-preview:large","max-video-preview":"max-video-preview:-1"},"og_locale":"es_ES","og_type":"article","og_title":"Descargar - VisualARQ","og_description":"Descargue la \u00faltima versi\u00f3n de VisualARQ. Si no tiene licencia, podr\u00e1 probar todas las funciones gratis durante 90 d\u00edas.","og_url":"https:\/\/stg.visualarq.com\/es\/download\/","og_site_name":"VisualARQ","article_publisher":"https:\/\/www.facebook.com\/visualarq","article_modified_time":"2025-01-14T11:08:21+00:00","og_image":[{"url":"https:\/\/stg.visualarq.com\/wp-content\/uploads\/2018\/12\/Render-PORTADA-900.jpg","type":"","width":"","height":""}],"twitter_card":"summary_large_image","twitter_image":"https:\/\/stg.visualarq.com\/wp-content\/uploads\/2018\/12\/Render-PORTADA-900.jpg","twitter_site":"@VisualARQ","twitter_misc":{"Tiempo de lectura":"8 minutos"},"schema":{"@context":"https:\/\/schema.org","@graph":[{"@type":"WebPage","@id":"https:\/\/stg.visualarq.com\/es\/download\/","url":"https:\/\/stg.visualarq.com\/es\/download\/","name":"Descargar - VisualARQ","isPartOf":{"@id":"https:\/\/stg.visualarq.com\/es\/#website"},"datePublished":"2011-01-20T00:00:00+00:00","dateModified":"2025-01-14T11:08:21+00:00","description":"Descargue la \u00faltima versi\u00f3n de VisualARQ. Si no tiene licencia, podr\u00e1 probar todas las funciones gratis durante 90 d\u00edas.","breadcrumb":{"@id":"https:\/\/stg.visualarq.com\/es\/download\/#breadcrumb"},"inLanguage":"es","potentialAction":[{"@type":"ReadAction","target":["https:\/\/stg.visualarq.com\/es\/download\/"]}]},{"@type":"BreadcrumbList","@id":"https:\/\/stg.visualarq.com\/es\/download\/#breadcrumb","itemListElement":[{"@type":"ListItem","position":1,"name":"Home","item":"https:\/\/stg.visualarq.com\/es\/home\/"},{"@type":"ListItem","position":2,"name":"Descargar"}]},{"@type":"WebSite","@id":"https:\/\/stg.visualarq.com\/es\/#website","url":"https:\/\/stg.visualarq.com\/es\/","name":"VisualARQ","description":"Flexible BIM for Rhino","potentialAction":[{"@type":"SearchAction","target":{"@type":"EntryPoint","urlTemplate":"https:\/\/stg.visualarq.com\/es\/?s={search_term_string}"},"query-input":{"@type":"PropertyValueSpecification","valueRequired":true,"valueName":"search_term_string"}}],"inLanguage":"es"}]}},"_links":{"self":[{"href":"https:\/\/stg.visualarq.com\/es\/wp-json\/wp\/v2\/pages\/11698","targetHints":{"allow":["GET"]}}],"collection":[{"href":"https:\/\/stg.visualarq.com\/es\/wp-json\/wp\/v2\/pages"}],"about":[{"href":"https:\/\/stg.visualarq.com\/es\/wp-json\/wp\/v2\/types\/page"}],"author":[{"embeddable":true,"href":"https:\/\/stg.visualarq.com\/es\/wp-json\/wp\/v2\/users\/5"}],"replies":[{"embeddable":true,"href":"https:\/\/stg.visualarq.com\/es\/wp-json\/wp\/v2\/comments?post=11698"}],"version-history":[{"count":11,"href":"https:\/\/stg.visualarq.com\/es\/wp-json\/wp\/v2\/pages\/11698\/revisions"}],"predecessor-version":[{"id":41854,"href":"https:\/\/stg.visualarq.com\/es\/wp-json\/wp\/v2\/pages\/11698\/revisions\/41854"}],"wp:attachment":[{"href":"https:\/\/stg.visualarq.com\/es\/wp-json\/wp\/v2\/media?parent=11698"}],"curies":[{"name":"wp","href":"https:\/\/api.w.org\/{rel}","templated":true}]}}