{"id":11711,"date":"2017-09-27T00:00:00","date_gmt":"2017-09-27T00:00:00","guid":{"rendered":"https:\/\/stg.visualarq.com\/download\/update\/v2\/rhino5x64\/"},"modified":"2019-04-17T12:04:42","modified_gmt":"2019-04-17T12:04:42","slug":"rhino5x64","status":"publish","type":"page","link":"https:\/\/stg.visualarq.com\/es\/download\/update\/v2\/rhino5x64\/","title":{"rendered":"Rhinoceros 5.0 (64 bits)"},"content":{"rendered":"<h1>Gracias por descargar VisualARQ<\/h1>\n<p>La descarga del instalador de <strong>VisualARQ para Rhinoceros 5.0 (64 bits)<\/strong> empezar\u00e1 en unos segundos. Si la descarga no empieza autom\u00e1ticamente, <a href=\"[download-link]\">haga clic aqu\u00ed<\/a>.<\/p>\n<h2>Requisitos<\/h2>\n<ul>\n<li>Windows Vista \/ 7 \/ 8 \/ 10 (64 bits)<\/li>\n<li>Rhino 5 SR11 64 bits (o posterior)<\/li>\n<\/ul>\n<h2>Instrucciones de instalaci\u00f3n<\/h2>\n<ul>\n<li>Siga las instrucciones en pantalla para guardar el archivo en el disco duro.<\/li>\n<li>Cierre cualquier instancia de Rhinoceros en ejecuci\u00f3n.<\/li>\n<li>Si ten\u00eda una versi\u00f3n anterior de VisualARQ instalada, desinst\u00e1lela primero con la opci\u00f3n \u00abAgregar o eliminar programas\u00bb del panel de control de Windows\u00ae.<\/li>\n<li>Ejecute el instalador descargado y siga las instrucciones en pantalla hasta finalizar la instalaci\u00f3n.<\/li>\n<li>Si es necesario reiniciar, reinicie el equipo antes de ejecutar Rhinoceros.<\/li>\n<\/ul>\n<h2>Nuevas funciones<\/h2>\n<p>Consulte la lista completa de mejoras y <a title=\"novedades\" href=\"https:\/\/stg.visualarq.com\/es\/info\/whats-new\/\">novedades<\/a>.<\/p>\n\n\n<!-- Google Code for Descarga Demo Conversion Page --><br \/>\n<script type=\"text\/javascript\">\n\/*  *\/\nvar google_conversion_id = 1068054817;\nvar google_conversion_language = \"en\";\nvar google_conversion_format = \"3\";\nvar google_conversion_color = \"ffffff\";\nvar google_conversion_label = \"CpcYCOO07AgQofKk_QM\";\nvar google_remarketing_only = false;\n\/*  *\/\n<\/script><br \/>\n<script type=\"text\/javascript\" src=\"\/\/www.googleadservices.com\/pagead\/conversion.js\">\n<\/script><\/p>\n<noscript>\n<div style=\"display:inline;\">\n<img loading=\"lazy\" decoding=\"async\" height=\"1\" width=\"1\" style=\"border-style:none;\" alt=\"\" src=\"\/\/www.googleadservices.com\/pagead\/conversion\/1068054817\/?label=CpcYCOO07AgQofKk_QM&amp;guid=ON&amp;script=0\"\/>\n<\/div>\n<\/noscript>","protected":false},"excerpt":{"rendered":"<p>Gracias por descargar VisualARQ La descarga del instalador de VisualARQ para Rhinoceros 5.0 (64 bits) empezar\u00e1 en unos segundos. Si la descarga no empieza autom\u00e1ticamente, haga clic aqu\u00ed. Requisitos Windows Vista \/ 7 \/ 8 \/ 10 (64 bits) Rhino 5 SR11 64 bits (o posterior) Instrucciones de instalaci\u00f3n Siga las instrucciones en pantalla para [&hellip;]<\/p>\n","protected":false},"author":5,"featured_media":0,"parent":11707,"menu_order":0,"comment_status":"closed","ping_status":"closed","template":"page-download.php","meta":{"_et_pb_use_builder":"","_et_pb_old_content":"","_et_gb_content_width":"","footnotes":""},"class_list":["post-11711","page","type-page","status-publish","hentry"],"yoast_head":"<!-- This site is optimized with the Yoast SEO plugin v27.3 - https:\/\/yoast.com\/product\/yoast-seo-wordpress\/ -->\n<title>Rhinoceros 5.0 (64 bits) - VisualARQ<\/title>\n<meta name=\"robots\" content=\"noindex, follow, max-snippet:-1, max-image-preview:large, max-video-preview:-1\" \/>\n<meta property=\"og:locale\" content=\"es_ES\" \/>\n<meta property=\"og:type\" content=\"article\" \/>\n<meta property=\"og:title\" content=\"Rhinoceros 5.0 (64 bits) - VisualARQ\" \/>\n<meta property=\"og:description\" content=\"Gracias por descargar VisualARQ La descarga del instalador de VisualARQ para Rhinoceros 5.0 (64 bits) empezar\u00e1 en unos segundos. Si la descarga no empieza autom\u00e1ticamente, haga clic aqu\u00ed. Requisitos Windows Vista \/ 7 \/ 8 \/ 10 (64 bits) Rhino 5 SR11 64 bits (o posterior) Instrucciones de instalaci\u00f3n Siga las instrucciones en pantalla para [&hellip;]\" \/>\n<meta property=\"og:url\" content=\"https:\/\/stg.visualarq.com\/es\/download\/update\/v2\/rhino5x64\/\" \/>\n<meta property=\"og:site_name\" content=\"VisualARQ\" \/>\n<meta property=\"article:publisher\" content=\"https:\/\/www.facebook.com\/visualarq\" \/>\n<meta property=\"article:modified_time\" content=\"2019-04-17T12:04:42+00:00\" \/>\n<meta name=\"twitter:card\" content=\"summary_large_image\" \/>\n<meta name=\"twitter:site\" content=\"@VisualARQ\" \/>\n<meta name=\"twitter:label1\" content=\"Tiempo de lectura\" \/>\n\t<meta name=\"twitter:data1\" content=\"1 minuto\" \/>\n<script type=\"application\/ld+json\" class=\"yoast-schema-graph\">{\"@context\":\"https:\\\/\\\/schema.org\",\"@graph\":[{\"@type\":\"WebPage\",\"@id\":\"https:\\\/\\\/stg.visualarq.com\\\/es\\\/download\\\/update\\\/v2\\\/rhino5x64\\\/\",\"url\":\"https:\\\/\\\/stg.visualarq.com\\\/es\\\/download\\\/update\\\/v2\\\/rhino5x64\\\/\",\"name\":\"Rhinoceros 5.0 (64 bits) - VisualARQ\",\"isPartOf\":{\"@id\":\"https:\\\/\\\/stg.visualarq.com\\\/es\\\/#website\"},\"datePublished\":\"2017-09-27T00:00:00+00:00\",\"dateModified\":\"2019-04-17T12:04:42+00:00\",\"breadcrumb\":{\"@id\":\"https:\\\/\\\/stg.visualarq.com\\\/es\\\/download\\\/update\\\/v2\\\/rhino5x64\\\/#breadcrumb\"},\"inLanguage\":\"es\",\"potentialAction\":[{\"@type\":\"ReadAction\",\"target\":[\"https:\\\/\\\/stg.visualarq.com\\\/es\\\/download\\\/update\\\/v2\\\/rhino5x64\\\/\"]}]},{\"@type\":\"BreadcrumbList\",\"@id\":\"https:\\\/\\\/stg.visualarq.com\\\/es\\\/download\\\/update\\\/v2\\\/rhino5x64\\\/#breadcrumb\",\"itemListElement\":[{\"@type\":\"ListItem\",\"position\":1,\"name\":\"Home\",\"item\":\"https:\\\/\\\/stg.visualarq.com\\\/es\\\/home\\\/\"},{\"@type\":\"ListItem\",\"position\":2,\"name\":\"Descargar\",\"item\":\"https:\\\/\\\/stg.visualarq.com\\\/es\\\/download\\\/\"},{\"@type\":\"ListItem\",\"position\":3,\"name\":\"Actualizaci\u00f3n\",\"item\":\"https:\\\/\\\/stg.visualarq.com\\\/es\\\/download\\\/update\\\/\"},{\"@type\":\"ListItem\",\"position\":4,\"name\":\"Versi\u00f3n 2\",\"item\":\"https:\\\/\\\/stg.visualarq.com\\\/es\\\/download\\\/update\\\/v2\\\/\"},{\"@type\":\"ListItem\",\"position\":5,\"name\":\"Rhinoceros 5.0 (64 bits)\"}]},{\"@type\":\"WebSite\",\"@id\":\"https:\\\/\\\/stg.visualarq.com\\\/es\\\/#website\",\"url\":\"https:\\\/\\\/stg.visualarq.com\\\/es\\\/\",\"name\":\"VisualARQ\",\"description\":\"Flexible BIM for Rhino\",\"potentialAction\":[{\"@type\":\"SearchAction\",\"target\":{\"@type\":\"EntryPoint\",\"urlTemplate\":\"https:\\\/\\\/stg.visualarq.com\\\/es\\\/?s={search_term_string}\"},\"query-input\":{\"@type\":\"PropertyValueSpecification\",\"valueRequired\":true,\"valueName\":\"search_term_string\"}}],\"inLanguage\":\"es\"}]}<\/script>\n<!-- \/ Yoast SEO plugin. -->","yoast_head_json":{"title":"Rhinoceros 5.0 (64 bits) - VisualARQ","robots":{"index":"noindex","follow":"follow","max-snippet":"max-snippet:-1","max-image-preview":"max-image-preview:large","max-video-preview":"max-video-preview:-1"},"og_locale":"es_ES","og_type":"article","og_title":"Rhinoceros 5.0 (64 bits) - VisualARQ","og_description":"Gracias por descargar VisualARQ La descarga del instalador de VisualARQ para Rhinoceros 5.0 (64 bits) empezar\u00e1 en unos segundos. Si la descarga no empieza autom\u00e1ticamente, haga clic aqu\u00ed. Requisitos Windows Vista \/ 7 \/ 8 \/ 10 (64 bits) Rhino 5 SR11 64 bits (o posterior) Instrucciones de instalaci\u00f3n Siga las instrucciones en pantalla para [&hellip;]","og_url":"https:\/\/stg.visualarq.com\/es\/download\/update\/v2\/rhino5x64\/","og_site_name":"VisualARQ","article_publisher":"https:\/\/www.facebook.com\/visualarq","article_modified_time":"2019-04-17T12:04:42+00:00","twitter_card":"summary_large_image","twitter_site":"@VisualARQ","twitter_misc":{"Tiempo de lectura":"1 minuto"},"schema":{"@context":"https:\/\/schema.org","@graph":[{"@type":"WebPage","@id":"https:\/\/stg.visualarq.com\/es\/download\/update\/v2\/rhino5x64\/","url":"https:\/\/stg.visualarq.com\/es\/download\/update\/v2\/rhino5x64\/","name":"Rhinoceros 5.0 (64 bits) - VisualARQ","isPartOf":{"@id":"https:\/\/stg.visualarq.com\/es\/#website"},"datePublished":"2017-09-27T00:00:00+00:00","dateModified":"2019-04-17T12:04:42+00:00","breadcrumb":{"@id":"https:\/\/stg.visualarq.com\/es\/download\/update\/v2\/rhino5x64\/#breadcrumb"},"inLanguage":"es","potentialAction":[{"@type":"ReadAction","target":["https:\/\/stg.visualarq.com\/es\/download\/update\/v2\/rhino5x64\/"]}]},{"@type":"BreadcrumbList","@id":"https:\/\/stg.visualarq.com\/es\/download\/update\/v2\/rhino5x64\/#breadcrumb","itemListElement":[{"@type":"ListItem","position":1,"name":"Home","item":"https:\/\/stg.visualarq.com\/es\/home\/"},{"@type":"ListItem","position":2,"name":"Descargar","item":"https:\/\/stg.visualarq.com\/es\/download\/"},{"@type":"ListItem","position":3,"name":"Actualizaci\u00f3n","item":"https:\/\/stg.visualarq.com\/es\/download\/update\/"},{"@type":"ListItem","position":4,"name":"Versi\u00f3n 2","item":"https:\/\/stg.visualarq.com\/es\/download\/update\/v2\/"},{"@type":"ListItem","position":5,"name":"Rhinoceros 5.0 (64 bits)"}]},{"@type":"WebSite","@id":"https:\/\/stg.visualarq.com\/es\/#website","url":"https:\/\/stg.visualarq.com\/es\/","name":"VisualARQ","description":"Flexible BIM for Rhino","potentialAction":[{"@type":"SearchAction","target":{"@type":"EntryPoint","urlTemplate":"https:\/\/stg.visualarq.com\/es\/?s={search_term_string}"},"query-input":{"@type":"PropertyValueSpecification","valueRequired":true,"valueName":"search_term_string"}}],"inLanguage":"es"}]}},"_links":{"self":[{"href":"https:\/\/stg.visualarq.com\/es\/wp-json\/wp\/v2\/pages\/11711","targetHints":{"allow":["GET"]}}],"collection":[{"href":"https:\/\/stg.visualarq.com\/es\/wp-json\/wp\/v2\/pages"}],"about":[{"href":"https:\/\/stg.visualarq.com\/es\/wp-json\/wp\/v2\/types\/page"}],"author":[{"embeddable":true,"href":"https:\/\/stg.visualarq.com\/es\/wp-json\/wp\/v2\/users\/5"}],"replies":[{"embeddable":true,"href":"https:\/\/stg.visualarq.com\/es\/wp-json\/wp\/v2\/comments?post=11711"}],"version-history":[{"count":0,"href":"https:\/\/stg.visualarq.com\/es\/wp-json\/wp\/v2\/pages\/11711\/revisions"}],"up":[{"embeddable":true,"href":"https:\/\/stg.visualarq.com\/es\/wp-json\/wp\/v2\/pages\/11707"}],"wp:attachment":[{"href":"https:\/\/stg.visualarq.com\/es\/wp-json\/wp\/v2\/media?parent=11711"}],"curies":[{"name":"wp","href":"https:\/\/api.w.org\/{rel}","templated":true}]}}