{"id":11723,"date":"2018-04-18T00:00:00","date_gmt":"2018-04-18T00:00:00","guid":{"rendered":"https:\/\/stg.visualarq.com\/download\/update\/v2\/rhino6-2\/"},"modified":"2023-04-23T11:40:42","modified_gmt":"2023-04-23T11:40:42","slug":"rhino6","status":"publish","type":"page","link":"https:\/\/stg.visualarq.com\/es\/download\/update\/v2\/rhino6\/","title":{"rendered":"Rhinoceros 6"},"content":{"rendered":"\n<h1 class=\"wp-block-heading\">Gracias por descargar VisualARQ<\/h1>\n\n\n\n<p>La descarga del instalador de <strong>VisualARQ para Rhinoceros 6<\/strong> empezar\u00e1 en unos segundos. Si la descarga no empieza autom\u00e1ticamente, <a href=\"[download-link]\">haga clic aqu\u00ed<\/a>.<\/p>\n\n\n\n<h2 class=\"wp-block-heading\">Requisitos<\/h2>\n\n\n\n<ul class=\"wp-block-list\">\n<li>Windows 8 \/ 10 \/ 11 (64 bits)<\/li>\n\n\n\n<li>Rhino 6 SR35 \u00a0(<a href=\"https:\/\/www.rhino3d.com\/download\/rhino-for-windows\/7\/latest\">o posterior<\/a>)<\/li>\n<\/ul>\n\n\n\n\n<h2 class=\"wp-block-heading\">Instrucciones de instalaci\u00f3n<\/h2>\n\n\n\n<ul class=\"wp-block-list\">\n<li>Siga las instrucciones en pantalla para guardar el archivo en el disco duro.<\/li>\n\n\n\n<li>Cierre cualquier instancia de Rhinoceros en ejecuci\u00f3n.<\/li>\n\n\n\n<li>Si ten\u00eda una versi\u00f3n anterior de VisualARQ instalada, desinst\u00e1lela primero con la opci\u00f3n \u00abAgregar o eliminar programas\u00bb del panel de control de Windows\u00ae.<\/li>\n\n\n\n<li>Ejecute el instalador descargado y siga las instrucciones en pantalla hasta finalizar la instalaci\u00f3n.<\/li>\n\n\n\n<li>Si es necesario reiniciar, reinicie el equipo antes de ejecutar Rhinoceros.<\/li>\n<\/ul>\n\n\n\n<h2 class=\"wp-block-heading\">Nuevas funciones<\/h2>\n\n\n\n<p>Consulte la lista completa de mejoras y <a title=\"novedades\" href=\"https:\/\/stg.visualarq.com\/es\/info\/whats-new\/\">novedades<\/a>.<\/p>\n","protected":false},"excerpt":{"rendered":"<p>Gracias por descargar VisualARQ La descarga del instalador de VisualARQ para Rhinoceros 6 empezar\u00e1 en unos segundos. Si la descarga no empieza autom\u00e1ticamente, haga clic aqu\u00ed. Requisitos Instrucciones de instalaci\u00f3n Nuevas funciones Consulte la lista completa de mejoras y novedades.<\/p>\n","protected":false},"author":6,"featured_media":0,"parent":11707,"menu_order":0,"comment_status":"closed","ping_status":"closed","template":"page-download.php","meta":{"_et_pb_use_builder":"","_et_pb_old_content":"","_et_gb_content_width":"","footnotes":""},"class_list":["post-11723","page","type-page","status-publish","hentry"],"yoast_head":"<!-- This site is optimized with the Yoast SEO plugin v27.3 - https:\/\/yoast.com\/product\/yoast-seo-wordpress\/ -->\n<title>Rhinoceros 6 - VisualARQ<\/title>\n<meta name=\"robots\" content=\"noindex, follow, max-snippet:-1, max-image-preview:large, max-video-preview:-1\" \/>\n<meta property=\"og:locale\" content=\"es_ES\" \/>\n<meta property=\"og:type\" content=\"article\" \/>\n<meta property=\"og:title\" content=\"Rhinoceros 6 - VisualARQ\" \/>\n<meta property=\"og:description\" content=\"Gracias por descargar VisualARQ La descarga del instalador de VisualARQ para Rhinoceros 6 empezar\u00e1 en unos segundos. Si la descarga no empieza autom\u00e1ticamente, haga clic aqu\u00ed. Requisitos Instrucciones de instalaci\u00f3n Nuevas funciones Consulte la lista completa de mejoras y novedades.\" \/>\n<meta property=\"og:url\" content=\"https:\/\/stg.visualarq.com\/es\/download\/update\/v2\/rhino6\/\" \/>\n<meta property=\"og:site_name\" content=\"VisualARQ\" \/>\n<meta property=\"article:publisher\" content=\"https:\/\/www.facebook.com\/visualarq\" \/>\n<meta property=\"article:modified_time\" content=\"2023-04-23T11:40:42+00:00\" \/>\n<meta name=\"twitter:card\" content=\"summary_large_image\" \/>\n<meta name=\"twitter:site\" content=\"@VisualARQ\" \/>\n<meta name=\"twitter:label1\" content=\"Tiempo de lectura\" \/>\n\t<meta name=\"twitter:data1\" content=\"1 minuto\" \/>\n<script type=\"application\/ld+json\" class=\"yoast-schema-graph\">{\"@context\":\"https:\\\/\\\/schema.org\",\"@graph\":[{\"@type\":\"WebPage\",\"@id\":\"https:\\\/\\\/stg.visualarq.com\\\/es\\\/download\\\/update\\\/v2\\\/rhino6\\\/\",\"url\":\"https:\\\/\\\/stg.visualarq.com\\\/es\\\/download\\\/update\\\/v2\\\/rhino6\\\/\",\"name\":\"Rhinoceros 6 - VisualARQ\",\"isPartOf\":{\"@id\":\"https:\\\/\\\/stg.visualarq.com\\\/es\\\/#website\"},\"datePublished\":\"2018-04-18T00:00:00+00:00\",\"dateModified\":\"2023-04-23T11:40:42+00:00\",\"breadcrumb\":{\"@id\":\"https:\\\/\\\/stg.visualarq.com\\\/es\\\/download\\\/update\\\/v2\\\/rhino6\\\/#breadcrumb\"},\"inLanguage\":\"es\",\"potentialAction\":[{\"@type\":\"ReadAction\",\"target\":[\"https:\\\/\\\/stg.visualarq.com\\\/es\\\/download\\\/update\\\/v2\\\/rhino6\\\/\"]}]},{\"@type\":\"BreadcrumbList\",\"@id\":\"https:\\\/\\\/stg.visualarq.com\\\/es\\\/download\\\/update\\\/v2\\\/rhino6\\\/#breadcrumb\",\"itemListElement\":[{\"@type\":\"ListItem\",\"position\":1,\"name\":\"Home\",\"item\":\"https:\\\/\\\/stg.visualarq.com\\\/es\\\/home\\\/\"},{\"@type\":\"ListItem\",\"position\":2,\"name\":\"Descargar\",\"item\":\"https:\\\/\\\/stg.visualarq.com\\\/es\\\/download\\\/\"},{\"@type\":\"ListItem\",\"position\":3,\"name\":\"Actualizaci\u00f3n\",\"item\":\"https:\\\/\\\/stg.visualarq.com\\\/es\\\/download\\\/update\\\/\"},{\"@type\":\"ListItem\",\"position\":4,\"name\":\"Versi\u00f3n 2\",\"item\":\"https:\\\/\\\/stg.visualarq.com\\\/es\\\/download\\\/update\\\/v2\\\/\"},{\"@type\":\"ListItem\",\"position\":5,\"name\":\"Rhinoceros 6\"}]},{\"@type\":\"WebSite\",\"@id\":\"https:\\\/\\\/stg.visualarq.com\\\/es\\\/#website\",\"url\":\"https:\\\/\\\/stg.visualarq.com\\\/es\\\/\",\"name\":\"VisualARQ\",\"description\":\"Flexible BIM for Rhino\",\"potentialAction\":[{\"@type\":\"SearchAction\",\"target\":{\"@type\":\"EntryPoint\",\"urlTemplate\":\"https:\\\/\\\/stg.visualarq.com\\\/es\\\/?s={search_term_string}\"},\"query-input\":{\"@type\":\"PropertyValueSpecification\",\"valueRequired\":true,\"valueName\":\"search_term_string\"}}],\"inLanguage\":\"es\"}]}<\/script>\n<!-- \/ Yoast SEO plugin. -->","yoast_head_json":{"title":"Rhinoceros 6 - VisualARQ","robots":{"index":"noindex","follow":"follow","max-snippet":"max-snippet:-1","max-image-preview":"max-image-preview:large","max-video-preview":"max-video-preview:-1"},"og_locale":"es_ES","og_type":"article","og_title":"Rhinoceros 6 - VisualARQ","og_description":"Gracias por descargar VisualARQ La descarga del instalador de VisualARQ para Rhinoceros 6 empezar\u00e1 en unos segundos. Si la descarga no empieza autom\u00e1ticamente, haga clic aqu\u00ed. Requisitos Instrucciones de instalaci\u00f3n Nuevas funciones Consulte la lista completa de mejoras y novedades.","og_url":"https:\/\/stg.visualarq.com\/es\/download\/update\/v2\/rhino6\/","og_site_name":"VisualARQ","article_publisher":"https:\/\/www.facebook.com\/visualarq","article_modified_time":"2023-04-23T11:40:42+00:00","twitter_card":"summary_large_image","twitter_site":"@VisualARQ","twitter_misc":{"Tiempo de lectura":"1 minuto"},"schema":{"@context":"https:\/\/schema.org","@graph":[{"@type":"WebPage","@id":"https:\/\/stg.visualarq.com\/es\/download\/update\/v2\/rhino6\/","url":"https:\/\/stg.visualarq.com\/es\/download\/update\/v2\/rhino6\/","name":"Rhinoceros 6 - VisualARQ","isPartOf":{"@id":"https:\/\/stg.visualarq.com\/es\/#website"},"datePublished":"2018-04-18T00:00:00+00:00","dateModified":"2023-04-23T11:40:42+00:00","breadcrumb":{"@id":"https:\/\/stg.visualarq.com\/es\/download\/update\/v2\/rhino6\/#breadcrumb"},"inLanguage":"es","potentialAction":[{"@type":"ReadAction","target":["https:\/\/stg.visualarq.com\/es\/download\/update\/v2\/rhino6\/"]}]},{"@type":"BreadcrumbList","@id":"https:\/\/stg.visualarq.com\/es\/download\/update\/v2\/rhino6\/#breadcrumb","itemListElement":[{"@type":"ListItem","position":1,"name":"Home","item":"https:\/\/stg.visualarq.com\/es\/home\/"},{"@type":"ListItem","position":2,"name":"Descargar","item":"https:\/\/stg.visualarq.com\/es\/download\/"},{"@type":"ListItem","position":3,"name":"Actualizaci\u00f3n","item":"https:\/\/stg.visualarq.com\/es\/download\/update\/"},{"@type":"ListItem","position":4,"name":"Versi\u00f3n 2","item":"https:\/\/stg.visualarq.com\/es\/download\/update\/v2\/"},{"@type":"ListItem","position":5,"name":"Rhinoceros 6"}]},{"@type":"WebSite","@id":"https:\/\/stg.visualarq.com\/es\/#website","url":"https:\/\/stg.visualarq.com\/es\/","name":"VisualARQ","description":"Flexible BIM for Rhino","potentialAction":[{"@type":"SearchAction","target":{"@type":"EntryPoint","urlTemplate":"https:\/\/stg.visualarq.com\/es\/?s={search_term_string}"},"query-input":{"@type":"PropertyValueSpecification","valueRequired":true,"valueName":"search_term_string"}}],"inLanguage":"es"}]}},"_links":{"self":[{"href":"https:\/\/stg.visualarq.com\/es\/wp-json\/wp\/v2\/pages\/11723","targetHints":{"allow":["GET"]}}],"collection":[{"href":"https:\/\/stg.visualarq.com\/es\/wp-json\/wp\/v2\/pages"}],"about":[{"href":"https:\/\/stg.visualarq.com\/es\/wp-json\/wp\/v2\/types\/page"}],"author":[{"embeddable":true,"href":"https:\/\/stg.visualarq.com\/es\/wp-json\/wp\/v2\/users\/6"}],"replies":[{"embeddable":true,"href":"https:\/\/stg.visualarq.com\/es\/wp-json\/wp\/v2\/comments?post=11723"}],"version-history":[{"count":0,"href":"https:\/\/stg.visualarq.com\/es\/wp-json\/wp\/v2\/pages\/11723\/revisions"}],"up":[{"embeddable":true,"href":"https:\/\/stg.visualarq.com\/es\/wp-json\/wp\/v2\/pages\/11707"}],"wp:attachment":[{"href":"https:\/\/stg.visualarq.com\/es\/wp-json\/wp\/v2\/media?parent=11723"}],"curies":[{"name":"wp","href":"https:\/\/api.w.org\/{rel}","templated":true}]}}